{"id":94726,"date":"2022-11-28T18:28:38","date_gmt":"2022-11-28T17:28:40","guid":{"rendered":"https:\/\/www.versiegelung24.com\/?post_type=product&#038;p=94726"},"modified":"2023-06-19T16:40:27","modified_gmt":"2023-06-19T14:40:27","slug":"bacoban-pikaajaline-pindade-desinfitseerimine-veepohine-kasutusvalmis-lahendus-kopie","status":"publish","type":"product","link":"https:\/\/www.versiegelung24.com\/et\/product\/bacoban-pikaajaline-pindade-desinfitseerimine-veepohine-kasutusvalmis-lahendus-kopie\/","title":{"rendered":"Bacoban\u00ae-pikaajaline pindade desinfitseerimine, veep\u00f5hine-kasutusvalmis lahendus"},"content":{"rendered":"<div class=\"wp-block-image\">\n<figure class=\"alignright\"><img fetchpriority=\"high\" decoding=\"async\" width=\"300\" height=\"180\" src=\"https:\/\/www.versiegelung24.com\/wp-content\/uploads\/2020\/04\/Bacoban-stamp-300x180.png\" alt=\"\" class=\"wp-image-7393\" srcset=\"https:\/\/www.versiegelung24.com\/wp-content\/uploads\/2020\/04\/Bacoban-stamp-300x180.png 300w, https:\/\/www.versiegelung24.com\/wp-content\/uploads\/2020\/04\/Bacoban-stamp-16x10.png 16w, https:\/\/www.versiegelung24.com\/wp-content\/uploads\/2020\/04\/Bacoban-stamp.png 472w\" sizes=\"(max-width: 300px) 100vw, 300px\" \/><\/figure><\/div><p><strong>Kergesti puhastatav pind. <\/strong>Nano-tihendi m\u00f5ju toob kaasa ka kergesti puhastatava pinna-puhastusj\u00f5ud v\u00e4heneb \u00fcle 50%!<\/p>\n<p><strong>Lisaks v\u00e4hendab Bacoban\u00ae ka bakterite p\u00f5hjustatud l\u00f5hnu.<\/strong>&nbsp; Bacoban\u00ae on VAH-nimekirjas ja CE-sertifikaadiga ning seda on testinud tuntud instituudid. &nbsp;<\/p>\n<p><strong>T\u00e4htis!<\/strong>&nbsp;<strong>Bacobani pikaajaline antimikroobne toime ei tohi n\u00e4htava ja \/ v\u00f5i k\u00fcsitava saastumise korral kaasa tuua vajalike desinfitseerimismeetmete \u00e4raj\u00e4tmist.<\/strong><\/p><\/p>\n\n<hr\/>\n<h4 class=\"wp-block-heading\" id=\"properties\">toote omadused<\/h4>\n\n<div class=\"wp-block-columns is-layout-flex wp-container-core-columns-is-layout-9d6595d7 wp-block-columns-is-layout-flex\">\n<div class=\"wp-block-column is-layout-flow wp-block-column-is-layout-flow\">\n<p><strong>Meditsiinilise inventari ja muude pindade alkoholivaba desinfitseerimine ja puhastamine<br\/><\/strong> (vastavalt direktiivile 93\/42 \/ EM\u00dc; MDD)<\/p>\n\n\n\n<p>100 g lahust sisaldab:<br\/>Bensalkooniumkloriid 0,26 g, naatriump\u00fcritioon 0,025 g, pol\u00fckondensaadid, l\u00f5hnaained, puhastatud vesi.<br\/>UBA nr: 57040031<br\/>Biocide Reg.Nr: N-34071<\/p>\n\n\n\n<p><\/p>\n\n\n\n<p><strong>Toote t\u00fc\u00fcp<br\/><\/strong> Kasutusvalmis lahus desinfitseerimiseks, pikaajaline antimikroobne toime. Formaldeh\u00fc\u00fcdivaba, fenoolivaba.<\/p>\n\n\n\n<p>Bacoban\u00ae veep\u00f5hine &#8211; kasutusvalmis &#8211;<br\/>1.000l IBC konteiner<br\/>Kauba nr. BAC-IBC1000DL<\/p>\n\n\n\n<p>Tarne ulatus:<br\/>1.000l IBC konteiner<br\/><\/p>\n<\/div>\n\n\n\n<div class=\"wp-block-column is-layout-flow wp-block-column-is-layout-flow\">\n<p><strong>Mikrobioloogiline efektiivsus<br\/><\/strong> Bacoban\u00ae on efektiivne:<\/p>\n\n\n\n<p>\u2713 bakterid<\/p>\n\n\n\n<p>\u2713 seened<\/p>\n\n\n\n<p>\u2713 spetsiaalsed viirused<\/p>\n\n\n\n<p>\u2713 B- ja C -hepatiidi viirused<\/p>\n\n\n\n<p>\u2713 Gripiviirus, sealhulgas H5N1 ja H1N1<\/p>\n\n\n\n<p>\u2713 Koroonaviirused<\/p>\n\n\n\n<p>\u2713 Rotaviirus<\/p>\n\n\n\n<p>\u2713 adenoviirus<\/p>\n\n\n\n<p><strong>t\u00f5husust<\/strong><br\/>DIN EN 1040 5 min.<br\/>DIN EN 1275 5 min.<br\/>DIN EN 1276 5 min.<br\/>DIN EN 1650 5 min.<br\/>DIN EN 13697 5 min.<\/p>\n\n\n\n<p>J\u00e4tkusuutlikku antimikroobset toimet testiti kuni 10 p\u00e4eva ASTM E 2180 alusel<\/p>\n<\/div>\n<\/div>\n\n<hr\/>\n<h4 class=\"wp-block-heading\" id=\"application\">kasutada<\/h4>\n\n<div class=\"wp-block-columns is-layout-flex wp-container-core-columns-is-layout-9d6595d7 wp-block-columns-is-layout-flex\">\n<div class=\"wp-block-column is-layout-flow wp-block-column-is-layout-flow\">\n<p>Meditsiiniliste pindade desinfitseerimine ja puhastamine vastavalt direktiivile 93\/42 \/ EM\u00dc (meditsiinitooted) ja igasugused pinnad:<\/p>\n\n\n\n<p> \u2713 kliinikus<\/p>\n\n\n\n<p>\u2713 Arstide kabinetid<\/p>\n\n\n\n<p>\u2713 Taastusraviosakonnad ja vanadekodud<\/p>\n\n\n\n<p><br\/>Eriti piirkondades, kus on vaja t\u00f5husat ja pikaajalist h\u00fcgieeni.<\/p>\n<\/div>\n\n\n\n<div class=\"wp-block-column is-layout-flow wp-block-column-is-layout-flow\">\n<p>Sobib eriti h\u00e4sti piirkondadesse, kus tekivad mikroorganismidest ebameeldivad l\u00f5hnad, n\u00e4iteks:<\/p>\n\n\n\n<p>\u2713 WC<\/p>\n\n\n\n<p>\u2713 Sanitaarruumid<\/p>\n\n\n\n<p>Bacoban\u00ae -i saab kasutada farmaatsia- ja kosmeetikat\u00f6\u00f6stuse kriitilistes ja tundlikes piirkondades.<\/p>\n<\/div>\n<\/div>\n\n<hr\/>\n<h4 class=\"wp-block-heading\" id=\"advisor\">n\u00f5ustaja<\/h4>\n\n<p><strong>Tavalised desinfektsioonivahendid on t\u00f5husad kohe, kuid ainult l\u00fchikest aega<\/strong> &#8211; Kokkupuute ajal tapavad nad spetsiaalseid viirusi ja baktereid. P\u00e4rast seda aga puutub pind nendega uuesti kokku ilma kaitseta. <strong>Kuni j\u00e4rgmise desinfitseerimiseni on h\u00fcgieenil\u00fcnk, kus mikroorganismid v\u00f5ivad asustada.<\/strong><strong> Nanotehnoloogia abil v\u00e4lja t\u00f6\u00f6tatud multifunktsionaalne desinfektsioonivahend Bacoban\u00ae suudab rohkem:<\/strong> see \u00fchendab desinfektsioonivahendi ja nanotihendi omadused. <strong>Nii t\u00f6\u00f6tab Bacoban\u00ae<br class=\"avia-permanent-lb\"\/><\/strong>  <strong>Lisaks t\u00f5estatud otsesele bakteritsiidsele ja viirust tapvale toimele<\/strong> (sh koroonaviirus, HIV, HBV, HCV, herpes, gripp, ebolaviirus, &#8230;) sisaldab Bacoban\u00ae <strong>veel kaks v\u00e4ga t\u00f5husat mehhanismi<\/strong> : <\/p>\n\n<p><strong>Antimikroobne ja viirust mitteaktiivne toime (teatud viirused) kuni 10 p\u00e4eva<\/strong> P\u00e4rast desinfitseerimisvahendi aurustumist moodustab Bacoban\u00ae nano-k\u00e4sna. See sisaldab biotsiide, mis saastumise \/ koloniseerimise korral hajuvad pinnale ning tapavad baktereid ja seeni &#8211; kuni 10 p\u00e4eva.<br class=\"avia-permanent-lb\"\/>D.<strong> Bacobani p\u00fcsiv toime sulgeb h\u00fcgieenil\u00fcnga!<\/strong><strong><br class=\"avia-permanent-lb\"\/><\/strong><\/p>\n<div class=\"wp-block-image\">\n<figure class=\"aligncenter size-full\"><a href=\"https:\/\/www.versiegelung24.com\/wp-content\/uploads\/2021\/08\/bacoban-hygieneluecke-600x275-1.jpeg\"><img decoding=\"async\" width=\"600\" height=\"275\" src=\"https:\/\/www.versiegelung24.com\/wp-content\/uploads\/2021\/08\/bacoban-hygieneluecke-600x275-1.jpeg\" alt=\"\" class=\"wp-image-30433\" srcset=\"https:\/\/www.versiegelung24.com\/wp-content\/uploads\/2021\/08\/bacoban-hygieneluecke-600x275-1.jpeg 600w, https:\/\/www.versiegelung24.com\/wp-content\/uploads\/2021\/08\/bacoban-hygieneluecke-600x275-1-300x138.jpeg 300w\" sizes=\"(max-width: 600px) 100vw, 600px\" \/><\/a><\/figure><\/div>\n<p><strong>Kergesti puhastatav pind. <\/strong>Nano-tihendi m\u00f5ju toob kaasa ka kergesti puhastatava pinna-puhastusj\u00f5ud v\u00e4heneb \u00fcle 50%!<\/p>\n\n<p><strong>Bacoban\u00ae v\u00e4hendab ka bakterite p\u00f5hjustatud l\u00f5hnu.<\/strong> Bacoban\u00ae on VAH-nimekirjas ja CE-sertifikaadiga ning seda on testinud tuntud instituudid. <\/p>\n\n<p><strong>T\u00e4htis!<\/strong> <strong>Bacobani pikaajaline antimikroobne toime ei tohi n\u00e4htava ja \/ v\u00f5i k\u00fcsitava saastumise korral kaasa tuua vajalike desinfitseerimismeetmete \u00e4raj\u00e4tmist.<\/strong><\/p>\n\n<p><strong>Turvan\u00f5uanne:<\/strong><br\/>Ameti\u00fching n\u00e4eb ette desinfitseerimisvahendite k\u00e4sitsemisel kinnaste kandmise. Allaneelamisel kahjulik. P\u00f5hjustab t\u00f5sist naha\u00e4rritust ja t\u00f5siseid silmakahjustusi. V\u00e4ga m\u00fcrgine veeorganismidele. M\u00fcrgine veeorganismidele, pikaajalise toimega. Kasutamise ajal mitte s\u00fc\u00fca, juua ega suitsetada. Allaneelamisel: loputage suud. \u00c4RGE kutsuge esile oksendamist. NAHALE (v\u00f5i juustele) SATTUMISEL: V\u00f5tta koheselt \u00e4ra k\u00f5ik saastunud riided. Pese nahka veega \/ du\u0161iga. SILMA SATTUMISE KORRAL: loputada mitme minuti jooksul ettevaatlikult veega. V\u00f5imalusel eemaldage kontaktl\u00e4\u00e4tsed. J\u00e4tkake loputamist. V\u00f5tke viivitamatult \u00fchendust M\u00dcRGISTUSTEABEKESKUSE v\u00f5i arstiga. Kui on vaja arstiabi, hoidke pakend v\u00f5i etikett valmis. Hoida lastele k\u00e4ttesaamatus kohas.<br\/>Kasutage ainult veega ja vastavalt segamistabelile. \u00c4rge kasutage koos teiste puhastus- v\u00f5i desinfektsioonivahenditega.<\/p>\n\n<p>V\u00f5ib kasutada k\u00f5igil pindadel. Kahtlaste tundlike pindade korral soovitame vastupanu katsetada silmapaistmatus kohas. S\u00e4ilitamine ainult suletud anumas. Hoida jahedas ja kuivas kohas.<\/p>\n\n<p>Mahutit saab ringlusse v\u00f5tta alles siis, kui see on t\u00e4iesti t\u00fchi. \u00c4rge kasutage p\u00e4rast k\u00f5lblikkusaja l\u00f5ppu. H\u00e4vitage see kindlasti kohalike ja ametlike eeskirjade kohaselt.<\/p>\n\n<p>Biocide Reg.Nr: N-28795 (D). 263\/17 \/ L (Lu)<\/p>\n<div class=\"wp-block-image\">\n<figure class=\"aligncenter size-full\"><a href=\"https:\/\/www.versiegelung24.com\/wp-content\/uploads\/2021\/08\/bacoban-wirkweise-Sol-Gel-Schwamm.jpeg\"><img decoding=\"async\" width=\"592\" height=\"462\" src=\"https:\/\/www.versiegelung24.com\/wp-content\/uploads\/2021\/08\/bacoban-wirkweise-Sol-Gel-Schwamm.jpeg\" alt=\"\" class=\"wp-image-30460\" srcset=\"https:\/\/www.versiegelung24.com\/wp-content\/uploads\/2021\/08\/bacoban-wirkweise-Sol-Gel-Schwamm.jpeg 592w, https:\/\/www.versiegelung24.com\/wp-content\/uploads\/2021\/08\/bacoban-wirkweise-Sol-Gel-Schwamm-300x234.jpeg 300w\" sizes=\"(max-width: 592px) 100vw, 592px\" \/><\/a><\/figure><\/div>\n<h2 class=\"wp-block-heading\" id=\"so-funktioniert-bacoban-1\">Nii t\u00f6\u00f6tab Bacoban\u00ae<\/h2>\n\n<p><strong>Lisaks t\u00f5estatud otsesele bakteritsiidsele ja viiruseid h\u00e4vitavale toimele<\/strong> (sh koroonaviirus, HIV, HBV, HCV, herpes, gripp, Ebola viirus jne), on Bacoban\u00ae-il veel kaks v\u00e4ga t\u00f5husat mehhanismi:<\/p>\n\n<p><strong>Antimikroobne ja viiruseid inaktiveeriv toime (teatud viirused) kuni 10 p\u00e4eva jooksul<\/strong> . Bacoban\u00ae moodustab p\u00e4rast desinfektsioonivahendi aurustumist &#8220;nanok\u00e4sna&#8221;. See sisaldab biotsiide, mis saastumise \/ koloniseerimise korral hajuvad pinnale ning tapavad baktereid ja seeni &#8211; kuni 10 p\u00e4eva.<\/p>\n\n<p>D.<strong> Bacobani p\u00fcsiv toime sulgeb h\u00fcgieenil\u00fcnga!<\/strong><\/p>\n\n<p><strong>Kergesti puhastatav pind<\/strong> Nano-tihendi m\u00f5ju toob kaasa ka kergesti puhastatava pinna \u2013 puhastuskulu v\u00e4heneb \u00fcle 50%!<\/p>\n\n<p><strong>Bacoban\u00ae v\u00e4hendab ka bakterite p\u00f5hjustatud l\u00f5hnu.<\/strong> Bacoban\u00ae on VAH-nimekirjas ja CE-sertifikaadiga ning seda on testinud tuntud instituudid.<\/p>\n\n<p><strong>T\u00e4htis!<\/strong><br\/><strong>Bacobani pikaajaline antimikroobne toime ei tohi n\u00e4htava ja \/ v\u00f5i k\u00fcsitava saastumise korral kaasa tuua vajalike desinfitseerimismeetmete \u00e4raj\u00e4tmist.<\/strong><\/p>\n\n<h2 class=\"wp-block-heading\" id=\"h-warum-ein-desinfektionsmittel-mit-nachhaltiger-wirkung-warum-bacoban\">Milleks p\u00fcsiva toimega desinfektsioonivahend? Miks just Bacoban\u00ae?<\/h2>\n\n<p>Esmane eesm\u00e4rk oli luua pinna desinfitseerimisvahend Bacoban\u00ae -iga, mis mitte ainult ei desinfitseeri, vaid tagab ka p\u00fcsiva efekti kuni j\u00e4rgmise desinfitseerimiseni. Asjaolu, et projekt on n\u00fc\u00fcd kestnud kuni 10 p\u00e4eva, pole \u00fcllatanud mitte ainult meid, vaid ka s\u00f5ltumatuid katselaboreid ja Bacobani\u00ae testivaid tervishoiuasutusi.<br\/>Nende ainulaadsete tulemuste tagaj\u00e4rjeks ei ole h\u00fcgieeniplaanide automaatne muutmine ja desinfitseerimine ainult iga 5 v\u00f5i 10 p\u00e4eva tagant, vaid pigem selle suure eelise kasutamine patsientide, personali ja infektsioonide kontrolli parandamiseks. Kehtestatud desinfitseerimiskavasse integreeritud selline desinfektsioonivahend pakub suuremat kaitset mikroobide ja viiruste leviku eest ning v\u00e4hendab seega uusi nakkusi. See sulgeb h\u00fcgieenivahe!<\/p>\n\n<p>Ja just selle jaoks t\u00f6\u00f6tati v\u00e4lja Bacoban\u00ae: et tagada suurem ohutus desinfitseerimisetappide vahel ning anda kasutajale uus vahend mikroobide ja viiruste vastu v\u00f5itlemiseks.<\/p>\n","protected":false},"excerpt":{"rendered":"<p><strong>Bacoban pikaajaline pindade desinfitseerimine, veep\u00f5hine kasutusvalmis lahus, 1.000l IBC mahuti<\/strong> <\/p>\n<p>\u2713 T\u00f5estatud otsene mikroobe ja viirusi h\u00e4vitav toime<\/p>\n<p>\u2713 V\u00e4hendab bakterite p\u00f5hjustatud l\u00f5hnu<\/p>\n<p>\u2713 Kergesti puhastatav pind<\/p>\n<p>\u2713 Antimikroobne ja viiruseid inaktiveeriv toime (teatud viirused) kuni 10 p\u00e4eva <!-- \/wp:paragraph --><\/p>\n","protected":false},"featured_media":14457,"template":"","meta":{"_acf_changed":false,"neve_meta_sidebar":"","neve_meta_container":"","neve_meta_enable_content_width":"","neve_meta_content_width":0,"neve_meta_title_alignment":"","neve_meta_author_avatar":"","neve_post_elements_order":"","neve_meta_disable_header":"","neve_meta_disable_footer":"","neve_meta_disable_title":"","neve_meta_reading_time":"","_surfaces":[],"_ver_product_tabs":[],"footnotes":""},"product_brand":[],"product_cat":[2254,2363],"product_tag":[],"class_list":{"0":"post-94726","1":"product","2":"type-product","3":"status-publish","4":"has-post-thumbnail","6":"product_cat-desinfektsioonivahendid","7":"product_cat-pindade-desinfitseerimisvahendid","9":"first","10":"instock","11":"taxable","12":"shipping-taxable","13":"purchasable","14":"product-type-simple"},"acf":[],"yoast_head":"<!-- This site is optimized with the Yoast SEO Premium plugin v22.8 (Yoast SEO v27.5) - https:\/\/yoast.com\/product\/yoast-seo-premium-wordpress\/ -->\n<title>Bacoban\u00ae-pikaajaline pindade desinfitseerimine, veep\u00f5hine-kasutusvalmis lahendus - versiegelung24.com<\/title>\n<meta name=\"robots\" content=\"index, follow, max-snippet:-1, max-image-preview:large, max-video-preview:-1\" \/>\n<link rel=\"canonical\" href=\"https:\/\/www.versiegelung24.com\/et\/product\/bacoban-pikaajaline-pindade-desinfitseerimine-veepohine-kasutusvalmis-lahendus-kopie\/\" \/>\n<meta property=\"og:locale\" content=\"et_EE\" \/>\n<meta property=\"og:type\" content=\"article\" \/>\n<meta property=\"og:title\" content=\"Bacoban\u00ae-pikaajaline pindade desinfitseerimine, veep\u00f5hine-kasutusvalmis lahendus\" \/>\n<meta property=\"og:description\" content=\"Bacoban pikaajaline pindade desinfitseerimine, veep\u00f5hine kasutusvalmis lahus, 1.000l IBC mahuti \u2713 T\u00f5estatud otsene mikroobe ja viirusi h\u00e4vitav toime \u2713 V\u00e4hendab bakterite p\u00f5hjustatud l\u00f5hnu \u2713 Kergesti puhastatav pind \u2713 Antimikroobne ja viiruseid inaktiveeriv toime (teatud viirused) kuni 10 p\u00e4eva\" \/>\n<meta property=\"og:url\" content=\"https:\/\/www.versiegelung24.com\/et\/product\/bacoban-pikaajaline-pindade-desinfitseerimine-veepohine-kasutusvalmis-lahendus-kopie\/\" \/>\n<meta property=\"og:site_name\" content=\"versiegelung24.com\" \/>\n<meta property=\"article:modified_time\" content=\"2023-06-19T14:40:27+00:00\" \/>\n<meta property=\"og:image\" content=\"https:\/\/www.versiegelung24.com\/wp-content\/uploads\/2020\/04\/bacoban-wasserbasiert-500-ml-scaled.jpg\" \/>\n\t<meta property=\"og:image:width\" content=\"2560\" \/>\n\t<meta property=\"og:image:height\" content=\"2560\" \/>\n\t<meta property=\"og:image:type\" content=\"image\/jpeg\" \/>\n<meta name=\"twitter:card\" content=\"summary_large_image\" \/>\n<meta name=\"twitter:label1\" content=\"Price\" \/>\n\t<meta name=\"twitter:data1\" content=\"3.690,00&euro;\" \/>\n\t<meta name=\"twitter:label2\" content=\"Availability\" \/>\n\t<meta name=\"twitter:data2\" content=\"In stock\" \/>\n<script type=\"application\/ld+json\" class=\"yoast-schema-graph\">{\"@context\":\"https:\\\/\\\/schema.org\",\"@graph\":[{\"@type\":\"WebPage\",\"@id\":\"https:\\\/\\\/www.versiegelung24.com\\\/et\\\/product\\\/bacoban-pikaajaline-pindade-desinfitseerimine-veepohine-kasutusvalmis-lahendus-kopie\\\/\",\"url\":\"https:\\\/\\\/www.versiegelung24.com\\\/et\\\/product\\\/bacoban-pikaajaline-pindade-desinfitseerimine-veepohine-kasutusvalmis-lahendus-kopie\\\/\",\"name\":\"Bacoban\u00ae-pikaajaline pindade desinfitseerimine, veep\u00f5hine-kasutusvalmis lahendus - versiegelung24.com\",\"isPartOf\":{\"@id\":\"https:\\\/\\\/www.versiegelung24.com\\\/et\\\/#website\"},\"primaryImageOfPage\":{\"@id\":\"https:\\\/\\\/www.versiegelung24.com\\\/et\\\/product\\\/bacoban-pikaajaline-pindade-desinfitseerimine-veepohine-kasutusvalmis-lahendus-kopie\\\/#primaryimage\"},\"image\":{\"@id\":\"https:\\\/\\\/www.versiegelung24.com\\\/et\\\/product\\\/bacoban-pikaajaline-pindade-desinfitseerimine-veepohine-kasutusvalmis-lahendus-kopie\\\/#primaryimage\"},\"thumbnailUrl\":\"https:\\\/\\\/www.versiegelung24.com\\\/wp-content\\\/uploads\\\/2020\\\/04\\\/bacoban-wasserbasiert-500-ml-scaled.jpg\",\"datePublished\":\"2022-11-28T17:28:40+00:00\",\"dateModified\":\"2023-06-19T14:40:27+00:00\",\"breadcrumb\":{\"@id\":\"https:\\\/\\\/www.versiegelung24.com\\\/et\\\/product\\\/bacoban-pikaajaline-pindade-desinfitseerimine-veepohine-kasutusvalmis-lahendus-kopie\\\/#breadcrumb\"},\"inLanguage\":\"et\",\"potentialAction\":[{\"@type\":\"ReadAction\",\"target\":[\"https:\\\/\\\/www.versiegelung24.com\\\/et\\\/product\\\/bacoban-pikaajaline-pindade-desinfitseerimine-veepohine-kasutusvalmis-lahendus-kopie\\\/\"]}]},{\"@type\":\"ImageObject\",\"inLanguage\":\"et\",\"@id\":\"https:\\\/\\\/www.versiegelung24.com\\\/et\\\/product\\\/bacoban-pikaajaline-pindade-desinfitseerimine-veepohine-kasutusvalmis-lahendus-kopie\\\/#primaryimage\",\"url\":\"https:\\\/\\\/www.versiegelung24.com\\\/wp-content\\\/uploads\\\/2020\\\/04\\\/bacoban-wasserbasiert-500-ml-scaled.jpg\",\"contentUrl\":\"https:\\\/\\\/www.versiegelung24.com\\\/wp-content\\\/uploads\\\/2020\\\/04\\\/bacoban-wasserbasiert-500-ml-scaled.jpg\",\"width\":2560,\"height\":2560},{\"@type\":\"BreadcrumbList\",\"@id\":\"https:\\\/\\\/www.versiegelung24.com\\\/et\\\/product\\\/bacoban-pikaajaline-pindade-desinfitseerimine-veepohine-kasutusvalmis-lahendus-kopie\\\/#breadcrumb\",\"itemListElement\":[{\"@type\":\"ListItem\",\"position\":1,\"name\":\"Koduleht\",\"item\":\"https:\\\/\\\/www.versiegelung24.com\\\/et\\\/ees\\\/\"},{\"@type\":\"ListItem\",\"position\":2,\"name\":\"Pood\",\"item\":\"https:\\\/\\\/www.versiegelung24.com\\\/et\\\/pood\\\/\"},{\"@type\":\"ListItem\",\"position\":3,\"name\":\"Bacoban\u00ae-pikaajaline pindade desinfitseerimine, veep\u00f5hine-kasutusvalmis lahendus\"}]},{\"@type\":\"WebSite\",\"@id\":\"https:\\\/\\\/www.versiegelung24.com\\\/et\\\/#website\",\"url\":\"https:\\\/\\\/www.versiegelung24.com\\\/et\\\/\",\"name\":\"versiegelung24.com\",\"description\":\"Fl\u00fcssigglas-Versiegelung - Made in Germany\",\"publisher\":{\"@id\":\"https:\\\/\\\/www.versiegelung24.com\\\/et\\\/#organization\"},\"potentialAction\":[{\"@type\":\"SearchAction\",\"target\":{\"@type\":\"EntryPoint\",\"urlTemplate\":\"https:\\\/\\\/www.versiegelung24.com\\\/et\\\/?s={search_term_string}\"},\"query-input\":{\"@type\":\"PropertyValueSpecification\",\"valueRequired\":true,\"valueName\":\"search_term_string\"}}],\"inLanguage\":\"et\"},{\"@type\":\"Organization\",\"@id\":\"https:\\\/\\\/www.versiegelung24.com\\\/et\\\/#organization\",\"name\":\"versiegelung24\",\"url\":\"https:\\\/\\\/www.versiegelung24.com\\\/et\\\/\",\"logo\":{\"@type\":\"ImageObject\",\"inLanguage\":\"et\",\"@id\":\"https:\\\/\\\/www.versiegelung24.com\\\/et\\\/#\\\/schema\\\/logo\\\/image\\\/\",\"url\":\"https:\\\/\\\/www.versiegelung24.com\\\/wp-content\\\/uploads\\\/2020\\\/04\\\/versiegelung24.png\",\"contentUrl\":\"https:\\\/\\\/www.versiegelung24.com\\\/wp-content\\\/uploads\\\/2020\\\/04\\\/versiegelung24.png\",\"width\":470,\"height\":102,\"caption\":\"versiegelung24\"},\"image\":{\"@id\":\"https:\\\/\\\/www.versiegelung24.com\\\/et\\\/#\\\/schema\\\/logo\\\/image\\\/\"}}]}<\/script>\n<meta property=\"product:price:amount\" content=\"3690.00\" \/>\n<meta property=\"product:price:currency\" content=\"EUR\" \/>\n<meta property=\"og:availability\" content=\"instock\" \/>\n<meta property=\"product:availability\" content=\"instock\" \/>\n<meta property=\"product:retailer_item_id\" content=\"BAC-IBC1000DL\" \/>\n<meta property=\"product:condition\" content=\"new\" \/>\n<!-- \/ Yoast SEO Premium plugin. -->","yoast_head_json":{"title":"Bacoban\u00ae-pikaajaline pindade desinfitseerimine, veep\u00f5hine-kasutusvalmis lahendus - versiegelung24.com","robots":{"index":"index","follow":"follow","max-snippet":"max-snippet:-1","max-image-preview":"max-image-preview:large","max-video-preview":"max-video-preview:-1"},"canonical":"https:\/\/www.versiegelung24.com\/et\/product\/bacoban-pikaajaline-pindade-desinfitseerimine-veepohine-kasutusvalmis-lahendus-kopie\/","og_locale":"et_EE","og_type":"article","og_title":"Bacoban\u00ae-pikaajaline pindade desinfitseerimine, veep\u00f5hine-kasutusvalmis lahendus","og_description":"Bacoban pikaajaline pindade desinfitseerimine, veep\u00f5hine kasutusvalmis lahus, 1.000l IBC mahuti \u2713 T\u00f5estatud otsene mikroobe ja viirusi h\u00e4vitav toime \u2713 V\u00e4hendab bakterite p\u00f5hjustatud l\u00f5hnu \u2713 Kergesti puhastatav pind \u2713 Antimikroobne ja viiruseid inaktiveeriv toime (teatud viirused) kuni 10 p\u00e4eva","og_url":"https:\/\/www.versiegelung24.com\/et\/product\/bacoban-pikaajaline-pindade-desinfitseerimine-veepohine-kasutusvalmis-lahendus-kopie\/","og_site_name":"versiegelung24.com","article_modified_time":"2023-06-19T14:40:27+00:00","og_image":[{"width":2560,"height":2560,"url":"https:\/\/www.versiegelung24.com\/wp-content\/uploads\/2020\/04\/bacoban-wasserbasiert-500-ml-scaled.jpg","type":"image\/jpeg"}],"twitter_card":"summary_large_image","twitter_misc":{"Price":"3.690,00&euro;","Availability":"In stock"},"schema":{"@context":"https:\/\/schema.org","@graph":[{"@type":"WebPage","@id":"https:\/\/www.versiegelung24.com\/et\/product\/bacoban-pikaajaline-pindade-desinfitseerimine-veepohine-kasutusvalmis-lahendus-kopie\/","url":"https:\/\/www.versiegelung24.com\/et\/product\/bacoban-pikaajaline-pindade-desinfitseerimine-veepohine-kasutusvalmis-lahendus-kopie\/","name":"Bacoban\u00ae-pikaajaline pindade desinfitseerimine, veep\u00f5hine-kasutusvalmis lahendus - versiegelung24.com","isPartOf":{"@id":"https:\/\/www.versiegelung24.com\/et\/#website"},"primaryImageOfPage":{"@id":"https:\/\/www.versiegelung24.com\/et\/product\/bacoban-pikaajaline-pindade-desinfitseerimine-veepohine-kasutusvalmis-lahendus-kopie\/#primaryimage"},"image":{"@id":"https:\/\/www.versiegelung24.com\/et\/product\/bacoban-pikaajaline-pindade-desinfitseerimine-veepohine-kasutusvalmis-lahendus-kopie\/#primaryimage"},"thumbnailUrl":"https:\/\/www.versiegelung24.com\/wp-content\/uploads\/2020\/04\/bacoban-wasserbasiert-500-ml-scaled.jpg","datePublished":"2022-11-28T17:28:40+00:00","dateModified":"2023-06-19T14:40:27+00:00","breadcrumb":{"@id":"https:\/\/www.versiegelung24.com\/et\/product\/bacoban-pikaajaline-pindade-desinfitseerimine-veepohine-kasutusvalmis-lahendus-kopie\/#breadcrumb"},"inLanguage":"et","potentialAction":[{"@type":"ReadAction","target":["https:\/\/www.versiegelung24.com\/et\/product\/bacoban-pikaajaline-pindade-desinfitseerimine-veepohine-kasutusvalmis-lahendus-kopie\/"]}]},{"@type":"ImageObject","inLanguage":"et","@id":"https:\/\/www.versiegelung24.com\/et\/product\/bacoban-pikaajaline-pindade-desinfitseerimine-veepohine-kasutusvalmis-lahendus-kopie\/#primaryimage","url":"https:\/\/www.versiegelung24.com\/wp-content\/uploads\/2020\/04\/bacoban-wasserbasiert-500-ml-scaled.jpg","contentUrl":"https:\/\/www.versiegelung24.com\/wp-content\/uploads\/2020\/04\/bacoban-wasserbasiert-500-ml-scaled.jpg","width":2560,"height":2560},{"@type":"BreadcrumbList","@id":"https:\/\/www.versiegelung24.com\/et\/product\/bacoban-pikaajaline-pindade-desinfitseerimine-veepohine-kasutusvalmis-lahendus-kopie\/#breadcrumb","itemListElement":[{"@type":"ListItem","position":1,"name":"Koduleht","item":"https:\/\/www.versiegelung24.com\/et\/ees\/"},{"@type":"ListItem","position":2,"name":"Pood","item":"https:\/\/www.versiegelung24.com\/et\/pood\/"},{"@type":"ListItem","position":3,"name":"Bacoban\u00ae-pikaajaline pindade desinfitseerimine, veep\u00f5hine-kasutusvalmis lahendus"}]},{"@type":"WebSite","@id":"https:\/\/www.versiegelung24.com\/et\/#website","url":"https:\/\/www.versiegelung24.com\/et\/","name":"versiegelung24.com","description":"Fl\u00fcssigglas-Versiegelung - Made in Germany","publisher":{"@id":"https:\/\/www.versiegelung24.com\/et\/#organization"},"potentialAction":[{"@type":"SearchAction","target":{"@type":"EntryPoint","urlTemplate":"https:\/\/www.versiegelung24.com\/et\/?s={search_term_string}"},"query-input":{"@type":"PropertyValueSpecification","valueRequired":true,"valueName":"search_term_string"}}],"inLanguage":"et"},{"@type":"Organization","@id":"https:\/\/www.versiegelung24.com\/et\/#organization","name":"versiegelung24","url":"https:\/\/www.versiegelung24.com\/et\/","logo":{"@type":"ImageObject","inLanguage":"et","@id":"https:\/\/www.versiegelung24.com\/et\/#\/schema\/logo\/image\/","url":"https:\/\/www.versiegelung24.com\/wp-content\/uploads\/2020\/04\/versiegelung24.png","contentUrl":"https:\/\/www.versiegelung24.com\/wp-content\/uploads\/2020\/04\/versiegelung24.png","width":470,"height":102,"caption":"versiegelung24"},"image":{"@id":"https:\/\/www.versiegelung24.com\/et\/#\/schema\/logo\/image\/"}}]},"product_price_amount":"3690.00","product_price_currency":"EUR","og_availability":"instock","product_availability":"instock","product_retailer_item_id":"BAC-IBC1000DL","product_condition":"new"},"_links":{"self":[{"href":"https:\/\/www.versiegelung24.com\/et\/wp-json\/wp\/v2\/product\/94726","targetHints":{"allow":["GET"]}}],"collection":[{"href":"https:\/\/www.versiegelung24.com\/et\/wp-json\/wp\/v2\/product"}],"about":[{"href":"https:\/\/www.versiegelung24.com\/et\/wp-json\/wp\/v2\/types\/product"}],"version-history":[{"count":3,"href":"https:\/\/www.versiegelung24.com\/et\/wp-json\/wp\/v2\/product\/94726\/revisions"}],"predecessor-version":[{"id":94814,"href":"https:\/\/www.versiegelung24.com\/et\/wp-json\/wp\/v2\/product\/94726\/revisions\/94814"}],"wp:featuredmedia":[{"embeddable":true,"href":"https:\/\/www.versiegelung24.com\/et\/wp-json\/wp\/v2\/media\/14457"}],"wp:attachment":[{"href":"https:\/\/www.versiegelung24.com\/et\/wp-json\/wp\/v2\/media?parent=94726"}],"wp:term":[{"taxonomy":"product_brand","embeddable":true,"href":"https:\/\/www.versiegelung24.com\/et\/wp-json\/wp\/v2\/product_brand?post=94726"},{"taxonomy":"product_cat","embeddable":true,"href":"https:\/\/www.versiegelung24.com\/et\/wp-json\/wp\/v2\/product_cat?post=94726"},{"taxonomy":"product_tag","embeddable":true,"href":"https:\/\/www.versiegelung24.com\/et\/wp-json\/wp\/v2\/product_tag?post=94726"}],"curies":[{"name":"wp","href":"https:\/\/api.w.org\/{rel}","templated":true}]}}