{"id":94869,"date":"2022-11-29T14:50:43","date_gmt":"2022-11-29T13:50:45","guid":{"rendered":"https:\/\/www.versiegelung24.com\/?post_type=product&#038;p=94869"},"modified":"2025-01-05T17:42:25","modified_gmt":"2025-01-05T16:42:25","slug":"percent-c2-percent","status":"publish","type":"product","link":"https:\/\/www.versiegelung24.com\/et\/product\/percent-c2-percent\/","title":{"rendered":"TiOSEPT\u00ae SG-55 Pikaajaline pinnakaitse, 20 komplekti 1m\u00b2 kohta iga\u00fchele"},"content":{"rendered":"\n<p><strong>Antimikroobne vedel klaasihermeetik<\/strong>, mis on <strong>t\u00f5hus kuni 18 kuud<\/strong> &#8211; 20 kasutusvalmis kotikomplekti 1m\u00b2 pinnale.  <\/p>\n\n<p><strong>Pikaajaline pinnakaitse, mis sobib siledatele pindadele<\/strong>: Klaas, roostevaba teras, alumiinium ja t\u00f6\u00f6deldud puit<\/p>\n\n<hr\/>\n\n<h4 class=\"wp-block-heading\" id=\"properties\">Toote omadused<\/h4>\n\n<div class=\"wp-block-columns is-layout-flex wp-container-core-columns-is-layout-9d6595d7 wp-block-columns-is-layout-flex\">\n<div class=\"wp-block-column is-layout-flow wp-block-column-is-layout-flow\">\n<ul class=\"wp-block-list\">\n<li>Eemaldab bakterid (E.coli, S. aureus) ja \u00fcmbritsetud viirused (Corona, Ebola, Rota viirus) kuni 99,99%.<\/li>\n\n\n\n<li>Takistab p\u00e4rmi- ja hallitusseente koloniseerimist.<\/li>\n\n\n\n<li>Dermatoloogiliselt testitud &#8220;v\u00e4ga hea<\/li>\n\n\n\n<li>Pindu on lihtsam ja kiirem puhastada (&#8220;easy-to-clean&#8221;).<\/li>\n\n\n\n<li>Sise- ja v\u00e4listingimustes<\/li>\n\n\n\n<li>Abrasiivne (k\u00f5rgendatud kriimustuskindlus)<\/li>\n\n\n\n<li>Lihtne ja kiire taotlus<\/li>\n\n\n\n<li>Klaasi pinnakaredus 9H (T\u00dcV-katse vastavalt MSZ EN ISO 15184:2013).<\/li>\n\n\n\n<li>Kraapimiskindlus klaasil 10N (T\u00dcV-katse vastavalt MSZ 9640\/41:1983).<\/li>\n\n\n\n<li>Kontaktnurk 95\u00b0 klaasil ja 91\u00b0 roostevabast terasest, p\u00e4rast 10 000 puhastusts\u00fcklit 92\u00b0 + 85\u00b0 (T\u00dcV testitud veega).<\/li>\n<\/ul>\n<\/div>\n\n\n\n<div class=\"wp-block-column is-layout-flow wp-block-column-is-layout-flow\">\n<ul class=\"wp-block-list\">\n<li>Kihi paksus umbes 20 nm (nanomeetrit)<\/li>\n\n\n\n<li>Karedus: 6 nm pinnal<\/li>\n\n\n\n<li>kotikesed (\u00fcksikult pakendatud niisked salvr\u00e4tikud)<\/li>\n\n\n\n<li>Pakend 1: eelpuhastuslapp, mis on immutatud IPA (isopropanool) 99%.<\/li>\n\n\n\n<li>Kotike 2: TiOSEPT\u00ae SG-55-ga immutatud tihenduslapp.<\/li>\n\n\n\n<li>Viskoosist fliis, plastivaba, 60 g\/m\u00b2.<\/li>\n\n\n\n<li>Kanga suurus 100 x 140 mm<\/li>\n\n\n\n<li>\u00dchest lapist piisab umbes 1 m\u00b2 jaoks.<\/li>\n\n\n\n<li>BAUA-Reg.nr. N-104947<\/li>\n<\/ul>\n<\/div>\n<\/div>\n\n<hr\/>\n\n<h4 class=\"wp-block-heading\" id=\"application\">Taotlus<\/h4>\n\n<p><strong>TiOSEPT\u00ae SG-55 <\/strong>kasutusvalmis kotikomplekt siledate pindade jaoks klaas, roostevaba teras, teras, alumiiniumplastik ja t\u00f6\u00f6deldud puit<\/p>\n\n<h5 class=\"wp-block-heading\">Eelpuhastus<\/h5>\n\n<p>Soovitatav on kanda \u00fchekordselt kasutatavaid kaitsekindaid. Kasutustemperatuur 5 &#8211; 35\u00b0C.<\/p>\n\n<ol class=\"wp-block-list\">\n<li>Puhastage pind eriti hoolikalt kaubanduses saadaolevate puhastusvahenditega. Mida paremini puhastatakse, seda kauem kestab tihend. Seej\u00e4rel kuivatage pind.<\/li>\n\n\n\n<li>V\u00f5tke alkoholi eelpuhastuslapp kotikesest v\u00e4lja ja puhastage sellega pind p\u00f5hjalikult.<\/li>\n\n\n\n<li>Pind min. Laske kuivada 1 minut.<\/li>\n<\/ol>\n\n<h5 class=\"wp-block-heading\">Tihendamine<\/h5>\n\n<p>Soovitatav on kanda \u00fchekordselt kasutatavaid kaitsekindaid. Kasutustemperatuur 5 &#8211; 35\u00b0C.<\/p>\n\n<ol class=\"wp-block-list\">\n<li>V\u00f5tke tihenduslapp kotist v\u00e4lja ja p\u00fchkige pind \u00fcks kord vertikaalselt ja \u00fcks kord horisontaalselt. Riidest piisab umbes 1m\u00b2 jaoks. Oluline on t\u00f6\u00f6tada kiiresti, sest lapp on umbes 90 sekundi p\u00e4rast kuivanud.<\/li>\n\n\n\n<li>Laske pinnal kuivada v\u00e4hemalt 2 minutit (alla 15 \u00b0C = 10 minutit), \u00e4rge puudutage 10 minutit. T\u00e4ielik k\u00f5venemine 10 tunni p\u00e4rast. Vajaduse korral korrata pealekandmist. Kui esineb kerget halli kroomi, saab selle mikrokiudlapiga ettevaatlikult \u00e4ra poleerida.<\/li>\n<\/ol>\n\n<p>Plastikpinnad muutuvad antimikroobseks ja saavad suurema h\u00fcdrofoobsuse, kriimustuskindlus ei muutu. Pol\u00fckarbonaadil ja pleksiklaasil\u00ae ei ole soovitatav kasutada.<\/p>\n\n<h5 class=\"wp-block-heading\" id=\"gebrauch\">ladustamine<\/h5>\n\n<p>S\u00e4ilitage <strong>TiOSEPT\u00ae SG-55<\/strong> temperatuuril +5 kuni +25 \u00b0C. Kaitsta k\u00fclma ja otsese p\u00e4ikesevalguse eest.<\/p>\n","protected":false},"excerpt":{"rendered":"<p><strong>Antimikroobne pikaajaline kaitse kuni 18 kuud.<\/strong> <strong>siledate pindade puhul<\/strong><\/p>\n<p>\u2713 L\u00e4bipaistev ja n\u00e4htamatu<\/p>\n<p>\u2713 Vett h\u00fclgav<\/p>\n<p>Testitud s\u00f5ltumatute testimisasutuste poolt<\/p>\n<p>\u2713 Kasutusvalmis kotikomplektid eelpuhastamiseks ja sulgemiseks<\/p>\n","protected":false},"featured_media":94922,"template":"","meta":{"_acf_changed":false,"neve_meta_sidebar":"","neve_meta_container":"","neve_meta_enable_content_width":"","neve_meta_content_width":0,"neve_meta_title_alignment":"","neve_meta_author_avatar":"","neve_post_elements_order":"","neve_meta_disable_header":"","neve_meta_disable_footer":"","neve_meta_disable_title":"","neve_meta_reading_time":"","_surfaces":[],"_ver_product_tabs":[],"footnotes":""},"product_brand":[],"product_cat":[2200,2254,2332,2363,2493,3014],"product_tag":[],"class_list":{"0":"post-94869","1":"product","2":"type-product","3":"status-publish","4":"has-post-thumbnail","6":"product_cat-tihend-klaasi-ja-keraamika-jaoks","7":"product_cat-desinfektsioonivahendid","8":"product_cat-metallist-ja-plastist-tihendus","9":"product_cat-pindade-desinfitseerimisvahendid","10":"product_cat-universaalne-tihend","11":"product_cat-mobiiltelefonide-desinfitseerimisvahend","13":"first","14":"onbackorder","15":"taxable","16":"shipping-taxable","17":"purchasable","18":"product-type-simple"},"acf":[],"yoast_head":"<!-- This site is optimized with the Yoast SEO Premium plugin v22.8 (Yoast SEO v27.5) - https:\/\/yoast.com\/product\/yoast-seo-premium-wordpress\/ -->\n<title>TiOSEPT\u00ae SG-55 Pikaajaline pinnakaitse, 20 komplekti 1m\u00b2 kohta iga\u00fchele - versiegelung24.com<\/title>\n<meta name=\"robots\" content=\"index, follow, max-snippet:-1, max-image-preview:large, max-video-preview:-1\" \/>\n<link rel=\"canonical\" href=\"https:\/\/www.versiegelung24.com\/et\/product\/percent-c2-percent\/\" \/>\n<meta property=\"og:locale\" content=\"et_EE\" \/>\n<meta property=\"og:type\" content=\"article\" \/>\n<meta property=\"og:title\" content=\"TiOSEPT\u00ae SG-55 Pikaajaline pinnakaitse, 20 komplekti 1m\u00b2 kohta iga\u00fchele\" \/>\n<meta property=\"og:description\" content=\"Antimikroobne pikaajaline kaitse kuni 18 kuud. siledate pindade puhul \u2713 L\u00e4bipaistev ja n\u00e4htamatu \u2713 Vett h\u00fclgav Testitud s\u00f5ltumatute testimisasutuste poolt \u2713 Kasutusvalmis kotikomplektid eelpuhastamiseks ja sulgemiseks\" \/>\n<meta property=\"og:url\" content=\"https:\/\/www.versiegelung24.com\/et\/product\/percent-c2-percent\/\" \/>\n<meta property=\"og:site_name\" content=\"versiegelung24.com\" \/>\n<meta property=\"article:modified_time\" content=\"2025-01-05T16:42:25+00:00\" \/>\n<meta property=\"og:image\" content=\"https:\/\/www.versiegelung24.com\/wp-content\/uploads\/2022\/11\/Tiosept-Schachtel-rechts.jpg\" \/>\n\t<meta property=\"og:image:width\" content=\"1668\" \/>\n\t<meta property=\"og:image:height\" content=\"1568\" \/>\n\t<meta property=\"og:image:type\" content=\"image\/jpeg\" \/>\n<meta name=\"twitter:card\" content=\"summary_large_image\" \/>\n<meta name=\"twitter:label1\" content=\"Price\" \/>\n\t<meta name=\"twitter:data1\" content=\"79,99&euro;\" \/>\n\t<meta name=\"twitter:label2\" content=\"Availability\" \/>\n\t<meta name=\"twitter:data2\" content=\"On backorder\" \/>\n<script type=\"application\/ld+json\" class=\"yoast-schema-graph\">{\"@context\":\"https:\\\/\\\/schema.org\",\"@graph\":[{\"@type\":\"WebPage\",\"@id\":\"https:\\\/\\\/www.versiegelung24.com\\\/et\\\/product\\\/percent-c2-percent\\\/\",\"url\":\"https:\\\/\\\/www.versiegelung24.com\\\/et\\\/product\\\/percent-c2-percent\\\/\",\"name\":\"TiOSEPT\u00ae SG-55 Pikaajaline pinnakaitse, 20 komplekti 1m\u00b2 kohta iga\u00fchele - versiegelung24.com\",\"isPartOf\":{\"@id\":\"https:\\\/\\\/www.versiegelung24.com\\\/et\\\/#website\"},\"primaryImageOfPage\":{\"@id\":\"https:\\\/\\\/www.versiegelung24.com\\\/et\\\/product\\\/percent-c2-percent\\\/#primaryimage\"},\"image\":{\"@id\":\"https:\\\/\\\/www.versiegelung24.com\\\/et\\\/product\\\/percent-c2-percent\\\/#primaryimage\"},\"thumbnailUrl\":\"https:\\\/\\\/www.versiegelung24.com\\\/wp-content\\\/uploads\\\/2022\\\/11\\\/Tiosept-Schachtel-rechts.jpg\",\"datePublished\":\"2022-11-29T13:50:45+00:00\",\"dateModified\":\"2025-01-05T16:42:25+00:00\",\"breadcrumb\":{\"@id\":\"https:\\\/\\\/www.versiegelung24.com\\\/et\\\/product\\\/percent-c2-percent\\\/#breadcrumb\"},\"inLanguage\":\"et\",\"potentialAction\":[{\"@type\":\"ReadAction\",\"target\":[\"https:\\\/\\\/www.versiegelung24.com\\\/et\\\/product\\\/percent-c2-percent\\\/\"]}]},{\"@type\":\"ImageObject\",\"inLanguage\":\"et\",\"@id\":\"https:\\\/\\\/www.versiegelung24.com\\\/et\\\/product\\\/percent-c2-percent\\\/#primaryimage\",\"url\":\"https:\\\/\\\/www.versiegelung24.com\\\/wp-content\\\/uploads\\\/2022\\\/11\\\/Tiosept-Schachtel-rechts.jpg\",\"contentUrl\":\"https:\\\/\\\/www.versiegelung24.com\\\/wp-content\\\/uploads\\\/2022\\\/11\\\/Tiosept-Schachtel-rechts.jpg\",\"width\":1668,\"height\":1568},{\"@type\":\"BreadcrumbList\",\"@id\":\"https:\\\/\\\/www.versiegelung24.com\\\/et\\\/product\\\/percent-c2-percent\\\/#breadcrumb\",\"itemListElement\":[{\"@type\":\"ListItem\",\"position\":1,\"name\":\"Koduleht\",\"item\":\"https:\\\/\\\/www.versiegelung24.com\\\/et\\\/ees\\\/\"},{\"@type\":\"ListItem\",\"position\":2,\"name\":\"Pood\",\"item\":\"https:\\\/\\\/www.versiegelung24.com\\\/et\\\/pood\\\/\"},{\"@type\":\"ListItem\",\"position\":3,\"name\":\"TiOSEPT\u00ae SG-55 Pikaajaline pinnakaitse, 20 komplekti 1m\u00b2 kohta iga\u00fchele\"}]},{\"@type\":\"WebSite\",\"@id\":\"https:\\\/\\\/www.versiegelung24.com\\\/et\\\/#website\",\"url\":\"https:\\\/\\\/www.versiegelung24.com\\\/et\\\/\",\"name\":\"versiegelung24.com\",\"description\":\"Fl\u00fcssigglas-Versiegelung - Made in Germany\",\"publisher\":{\"@id\":\"https:\\\/\\\/www.versiegelung24.com\\\/et\\\/#organization\"},\"potentialAction\":[{\"@type\":\"SearchAction\",\"target\":{\"@type\":\"EntryPoint\",\"urlTemplate\":\"https:\\\/\\\/www.versiegelung24.com\\\/et\\\/?s={search_term_string}\"},\"query-input\":{\"@type\":\"PropertyValueSpecification\",\"valueRequired\":true,\"valueName\":\"search_term_string\"}}],\"inLanguage\":\"et\"},{\"@type\":\"Organization\",\"@id\":\"https:\\\/\\\/www.versiegelung24.com\\\/et\\\/#organization\",\"name\":\"versiegelung24\",\"url\":\"https:\\\/\\\/www.versiegelung24.com\\\/et\\\/\",\"logo\":{\"@type\":\"ImageObject\",\"inLanguage\":\"et\",\"@id\":\"https:\\\/\\\/www.versiegelung24.com\\\/et\\\/#\\\/schema\\\/logo\\\/image\\\/\",\"url\":\"https:\\\/\\\/www.versiegelung24.com\\\/wp-content\\\/uploads\\\/2020\\\/04\\\/versiegelung24.png\",\"contentUrl\":\"https:\\\/\\\/www.versiegelung24.com\\\/wp-content\\\/uploads\\\/2020\\\/04\\\/versiegelung24.png\",\"width\":470,\"height\":102,\"caption\":\"versiegelung24\"},\"image\":{\"@id\":\"https:\\\/\\\/www.versiegelung24.com\\\/et\\\/#\\\/schema\\\/logo\\\/image\\\/\"}}]}<\/script>\n<meta property=\"product:price:amount\" content=\"79.99\" \/>\n<meta property=\"product:price:currency\" content=\"EUR\" \/>\n<meta property=\"og:availability\" content=\"backorder\" \/>\n<meta property=\"product:availability\" content=\"available for order\" \/>\n<meta property=\"product:retailer_item_id\" content=\"TiOS-SG55-SA1-20\" \/>\n<meta property=\"product:condition\" content=\"new\" \/>\n<!-- \/ Yoast SEO Premium plugin. -->","yoast_head_json":{"title":"TiOSEPT\u00ae SG-55 Pikaajaline pinnakaitse, 20 komplekti 1m\u00b2 kohta iga\u00fchele - versiegelung24.com","robots":{"index":"index","follow":"follow","max-snippet":"max-snippet:-1","max-image-preview":"max-image-preview:large","max-video-preview":"max-video-preview:-1"},"canonical":"https:\/\/www.versiegelung24.com\/et\/product\/percent-c2-percent\/","og_locale":"et_EE","og_type":"article","og_title":"TiOSEPT\u00ae SG-55 Pikaajaline pinnakaitse, 20 komplekti 1m\u00b2 kohta iga\u00fchele","og_description":"Antimikroobne pikaajaline kaitse kuni 18 kuud. siledate pindade puhul \u2713 L\u00e4bipaistev ja n\u00e4htamatu \u2713 Vett h\u00fclgav Testitud s\u00f5ltumatute testimisasutuste poolt \u2713 Kasutusvalmis kotikomplektid eelpuhastamiseks ja sulgemiseks","og_url":"https:\/\/www.versiegelung24.com\/et\/product\/percent-c2-percent\/","og_site_name":"versiegelung24.com","article_modified_time":"2025-01-05T16:42:25+00:00","og_image":[{"width":1668,"height":1568,"url":"https:\/\/www.versiegelung24.com\/wp-content\/uploads\/2022\/11\/Tiosept-Schachtel-rechts.jpg","type":"image\/jpeg"}],"twitter_card":"summary_large_image","twitter_misc":{"Price":"79,99&euro;","Availability":"On backorder"},"schema":{"@context":"https:\/\/schema.org","@graph":[{"@type":"WebPage","@id":"https:\/\/www.versiegelung24.com\/et\/product\/percent-c2-percent\/","url":"https:\/\/www.versiegelung24.com\/et\/product\/percent-c2-percent\/","name":"TiOSEPT\u00ae SG-55 Pikaajaline pinnakaitse, 20 komplekti 1m\u00b2 kohta iga\u00fchele - versiegelung24.com","isPartOf":{"@id":"https:\/\/www.versiegelung24.com\/et\/#website"},"primaryImageOfPage":{"@id":"https:\/\/www.versiegelung24.com\/et\/product\/percent-c2-percent\/#primaryimage"},"image":{"@id":"https:\/\/www.versiegelung24.com\/et\/product\/percent-c2-percent\/#primaryimage"},"thumbnailUrl":"https:\/\/www.versiegelung24.com\/wp-content\/uploads\/2022\/11\/Tiosept-Schachtel-rechts.jpg","datePublished":"2022-11-29T13:50:45+00:00","dateModified":"2025-01-05T16:42:25+00:00","breadcrumb":{"@id":"https:\/\/www.versiegelung24.com\/et\/product\/percent-c2-percent\/#breadcrumb"},"inLanguage":"et","potentialAction":[{"@type":"ReadAction","target":["https:\/\/www.versiegelung24.com\/et\/product\/percent-c2-percent\/"]}]},{"@type":"ImageObject","inLanguage":"et","@id":"https:\/\/www.versiegelung24.com\/et\/product\/percent-c2-percent\/#primaryimage","url":"https:\/\/www.versiegelung24.com\/wp-content\/uploads\/2022\/11\/Tiosept-Schachtel-rechts.jpg","contentUrl":"https:\/\/www.versiegelung24.com\/wp-content\/uploads\/2022\/11\/Tiosept-Schachtel-rechts.jpg","width":1668,"height":1568},{"@type":"BreadcrumbList","@id":"https:\/\/www.versiegelung24.com\/et\/product\/percent-c2-percent\/#breadcrumb","itemListElement":[{"@type":"ListItem","position":1,"name":"Koduleht","item":"https:\/\/www.versiegelung24.com\/et\/ees\/"},{"@type":"ListItem","position":2,"name":"Pood","item":"https:\/\/www.versiegelung24.com\/et\/pood\/"},{"@type":"ListItem","position":3,"name":"TiOSEPT\u00ae SG-55 Pikaajaline pinnakaitse, 20 komplekti 1m\u00b2 kohta iga\u00fchele"}]},{"@type":"WebSite","@id":"https:\/\/www.versiegelung24.com\/et\/#website","url":"https:\/\/www.versiegelung24.com\/et\/","name":"versiegelung24.com","description":"Fl\u00fcssigglas-Versiegelung - Made in Germany","publisher":{"@id":"https:\/\/www.versiegelung24.com\/et\/#organization"},"potentialAction":[{"@type":"SearchAction","target":{"@type":"EntryPoint","urlTemplate":"https:\/\/www.versiegelung24.com\/et\/?s={search_term_string}"},"query-input":{"@type":"PropertyValueSpecification","valueRequired":true,"valueName":"search_term_string"}}],"inLanguage":"et"},{"@type":"Organization","@id":"https:\/\/www.versiegelung24.com\/et\/#organization","name":"versiegelung24","url":"https:\/\/www.versiegelung24.com\/et\/","logo":{"@type":"ImageObject","inLanguage":"et","@id":"https:\/\/www.versiegelung24.com\/et\/#\/schema\/logo\/image\/","url":"https:\/\/www.versiegelung24.com\/wp-content\/uploads\/2020\/04\/versiegelung24.png","contentUrl":"https:\/\/www.versiegelung24.com\/wp-content\/uploads\/2020\/04\/versiegelung24.png","width":470,"height":102,"caption":"versiegelung24"},"image":{"@id":"https:\/\/www.versiegelung24.com\/et\/#\/schema\/logo\/image\/"}}]},"product_price_amount":"79.99","product_price_currency":"EUR","og_availability":"backorder","product_availability":"available for order","product_retailer_item_id":"TiOS-SG55-SA1-20","product_condition":"new"},"_links":{"self":[{"href":"https:\/\/www.versiegelung24.com\/et\/wp-json\/wp\/v2\/product\/94869","targetHints":{"allow":["GET"]}}],"collection":[{"href":"https:\/\/www.versiegelung24.com\/et\/wp-json\/wp\/v2\/product"}],"about":[{"href":"https:\/\/www.versiegelung24.com\/et\/wp-json\/wp\/v2\/types\/product"}],"version-history":[{"count":13,"href":"https:\/\/www.versiegelung24.com\/et\/wp-json\/wp\/v2\/product\/94869\/revisions"}],"predecessor-version":[{"id":171381,"href":"https:\/\/www.versiegelung24.com\/et\/wp-json\/wp\/v2\/product\/94869\/revisions\/171381"}],"wp:featuredmedia":[{"embeddable":true,"href":"https:\/\/www.versiegelung24.com\/et\/wp-json\/wp\/v2\/media\/94922"}],"wp:attachment":[{"href":"https:\/\/www.versiegelung24.com\/et\/wp-json\/wp\/v2\/media?parent=94869"}],"wp:term":[{"taxonomy":"product_brand","embeddable":true,"href":"https:\/\/www.versiegelung24.com\/et\/wp-json\/wp\/v2\/product_brand?post=94869"},{"taxonomy":"product_cat","embeddable":true,"href":"https:\/\/www.versiegelung24.com\/et\/wp-json\/wp\/v2\/product_cat?post=94869"},{"taxonomy":"product_tag","embeddable":true,"href":"https:\/\/www.versiegelung24.com\/et\/wp-json\/wp\/v2\/product_tag?post=94869"}],"curies":[{"name":"wp","href":"https:\/\/api.w.org\/{rel}","templated":true}]}}