{"id":25675,"date":"2021-08-03T11:15:40","date_gmt":"2021-08-03T09:15:40","guid":{"rendered":"https:\/\/www.versiegelung24.com\/yleiset-ehdot-ja-asiakastiedot"},"modified":"2024-06-25T20:50:52","modified_gmt":"2024-06-25T18:50:52","slug":"yleiset-ehdot","status":"publish","type":"page","link":"https:\/\/www.versiegelung24.com\/fi\/yleiset-ehdot-ja-asiakastiedot\/","title":{"rendered":"Yleiset ehdot ja asiakastiedot"},"content":{"rendered":"<h2>Sis\u00e4llysluettelo<\/h2>\n<ol>\n<li>soveltamisala<\/li>\n<li>Sopimuksen tekeminen<\/li>\n<li>Peruuttamisoikeus<\/li>\n<li>Hinnat ja maksuehdot<\/li>\n<li>Toimitus- ja toimitusehdot<\/li>\n<li>Omistusoikeuden s\u00e4ilytt\u00e4minen<\/li>\n<li>Vastuu virheist\u00e4 (takuu)<\/li>\n<li>Kampanjakuponkien lunastaminen<\/li>\n<li>Sovellettava laki<\/li>\n<li>Vaihtoehtoinen riidanratkaisu<\/li>\n<\/ol>\n<h2>1) Soveltamisala<\/h2>\n<p><strong>1.1<\/strong> N\u00e4m\u00e4 &#8220;versiegelung24.com&#8221; -sivustolla kauppaa k\u00e4yv\u00e4n Holger K\u00e4dingin (j\u00e4ljemp\u00e4n\u00e4 &#8220;Myyj\u00e4&#8221;) yleiset sopimusehdot (j\u00e4ljemp\u00e4n\u00e4 &#8220;GTC&#8221;) koskevat kaikkia kuluttajan tai yritt\u00e4j\u00e4n (j\u00e4ljemp\u00e4n\u00e4 &#8220;Asiakas&#8221;) tavarantoimitussopimuksia. myyj\u00e4n kanssa myyj\u00e4n verkkokaupassa esitt\u00e4mien tavaroiden osalta. Asiakkaan omien ehtojen sis\u00e4llytt\u00e4minen t\u00e4lle on ristiriidassa, ellei toisin ole sovittu.<\/p>\n<p><strong>1.2<\/strong>&nbsp; Kuluttaja n\u00e4iss\u00e4 yleisiss\u00e4 ehdoissa on jokainen luonnollinen henkil\u00f6, joka tekee oikeustoimen tarkoitukseen, joka ei p\u00e4\u00e4osin ole kaupallista tai itsen\u00e4ist\u00e4 ammatinharjoittajaa. N\u00e4iss\u00e4 ehdoissa tarkoitettu yritt\u00e4j\u00e4 on luonnollinen henkil\u00f6 tai oikeushenkil\u00f6 tai oikeusyhteis\u00f6, joka oikeudellisen liiketoimen tekemisen yhteydess\u00e4 harjoittaa kaupallista tai itsen\u00e4ist\u00e4 ammattitoimintaansa.<\/p>\n<h2>2) Sopimuksen tekeminen<\/h2>\n<p><strong>2.1<\/strong>&nbsp; Myyj\u00e4n verkkokaupassa olevat tuotekuvaukset eiv\u00e4t edusta myyj\u00e4n sitovia tarjouksia, vaan niiden avulla asiakas voi tehd\u00e4 sitovan tarjouksen.<\/p>\n<p><strong>2.2<\/strong>&nbsp; Asiakas voi j\u00e4tt\u00e4\u00e4 tarjouksen myyj\u00e4n verkkokauppaan integroidun verkkotilauslomakkeen kautta. Kun asiakas on asettanut valitut tavarat virtuaaliseen ostoskoriin ja k\u00e4ynyt l\u00e4pi s\u00e4hk\u00f6isen tilausprosessin, asiakas l\u00e4hett\u00e4\u00e4 oikeudellisesti sitovan sopimustarjouksen ostoskorissa olevista tuotteista napsauttamalla tilausprosessin p\u00e4\u00e4tt\u00e4v\u00e4\u00e4 painiketta. Lis\u00e4ksi asiakas voi l\u00e4hett\u00e4\u00e4 tarjouksen myyj\u00e4lle my\u00f6s puhelimitse tai s\u00e4hk\u00f6postitse.<\/p>\n<p><strong>2.3<\/strong>&nbsp; Myyj\u00e4 voi hyv\u00e4ksy\u00e4 asiakkaan tarjouksen viiden p\u00e4iv\u00e4n kuluessa,<\/p>\n<ul>\n<li>l\u00e4hett\u00e4m\u00e4ll\u00e4 asiakkaalle kirjallinen tilausvahvistus tai tilausvahvistus tekstimuodossa (faksi tai s\u00e4hk\u00f6posti), jolloin asiakkaan vastaanottama tilausvahvistus on ratkaiseva, tai<\/li>\n<li>toimittamalla tilatut tavarat asiakkaalle, jolloin asiakkaan vastaanottama tavara on ratkaiseva, tai<\/li>\n<li>pyyt\u00e4m\u00e4ll\u00e4 asiakasta maksamaan tilauksensa j\u00e4lkeen.<\/li>\n<\/ul>\n<p>Jos edell\u00e4 mainittuja vaihtoehtoja on useita, sopimus tehd\u00e4\u00e4n ajankohtana, jolloin jokin edell\u00e4 mainituista vaihtoehdoista esiintyy ensimm\u00e4isen\u00e4. Tarjouksen hyv\u00e4ksymisaika alkaa seuraavana p\u00e4iv\u00e4n\u00e4 sen j\u00e4lkeen, kun asiakas on l\u00e4hett\u00e4nyt tarjouksen, ja p\u00e4\u00e4ttyy viidennen p\u00e4iv\u00e4n lopussa tarjouksen l\u00e4hett\u00e4misest\u00e4. Jos myyj\u00e4 ei hyv\u00e4ksy asiakkaan tarjousta edell\u00e4 mainitun ajan kuluessa, katsotaan t\u00e4m\u00e4 tarjouksen hylk\u00e4\u00e4miseksi, mink\u00e4 seurauksena h\u00e4nen aikomuksensa eiv\u00e4t en\u00e4\u00e4 sido asiakasta.<\/p>\n<p><strong>2.4<\/strong>&nbsp; Kun tarjous j\u00e4tet\u00e4\u00e4n myyj\u00e4n verkkotilauslomakkeen kautta, myyj\u00e4 tallentaa sopimuksen tekstin ja l\u00e4hett\u00e4\u00e4 sen asiakkaalle tekstimuodossa (esim. s\u00e4hk\u00f6posti, faksi tai kirje) yhdess\u00e4 n\u00e4iden yleisten ehtojen kanssa tilauksen l\u00e4hett\u00e4misen j\u00e4lkeen. . Lis\u00e4ksi sopimuksen teksti on arkistoitu myyj\u00e4n verkkosivustolle, ja asiakas voi hakea sen maksutta salasanalla suojatun asiakastilins\u00e4 kautta sy\u00f6tt\u00e4m\u00e4ll\u00e4 vastaavat kirjautumistiedot edellytt\u00e4en, ett\u00e4 asiakas on luonut asiakastilin myyj\u00e4n verkkokaupasta ennen tilauksen l\u00e4hett\u00e4mist\u00e4.<\/p>\n<p><strong>2.5<\/strong>&nbsp; Ennen sitovan tilauksen j\u00e4tt\u00e4mist\u00e4 myyj\u00e4n verkkotilauslomakkeen kautta asiakas voi tunnistaa mahdolliset sy\u00f6tt\u00f6virheet lukemalla huolellisesti n\u00e4yt\u00f6ll\u00e4 n\u00e4kyv\u00e4t tiedot. Tehokas tekninen keino sy\u00f6tt\u00f6virheiden tunnistamiseksi voi olla selaimen suurennustoiminto, jonka avulla esityst\u00e4 n\u00e4yt\u00f6ll\u00e4 suurennetaan. Asiakas voi korjata sy\u00f6tteens\u00e4 osana s\u00e4hk\u00f6ist\u00e4 tilausprosessia tavallisilla n\u00e4pp\u00e4imist\u00f6- ja hiiritoiminnoilla, kunnes h\u00e4n napsauttaa tilausprosessin p\u00e4\u00e4tt\u00e4v\u00e4\u00e4 painiketta.<\/p>\n<p><strong>2.6<\/strong>&nbsp; Vain saksan kieli on k\u00e4ytett\u00e4viss\u00e4 sopimuksen tekemiseen.<\/p>\n<p><strong>2.7<\/strong>&nbsp; Tilauksen k\u00e4sittely ja yhteydenotto tapahtuu yleens\u00e4 s\u00e4hk\u00f6postin ja automaattisen tilauksenk\u00e4sittelyn kautta. Asiakkaan on varmistettava, ett\u00e4 h\u00e4nen antamansa tilauksen k\u00e4sittelemiseksi antama s\u00e4hk\u00f6postiosoite on oikea, jotta myyj\u00e4n l\u00e4hett\u00e4m\u00e4t s\u00e4hk\u00f6postit voidaan vastaanottaa t\u00e4h\u00e4n osoitteeseen. Erityisesti SPAM-suodattimia k\u00e4ytett\u00e4ess\u00e4 asiakkaan on varmistettava, ett\u00e4 kaikki myyj\u00e4n tai myyj\u00e4n tilaamien kolmansien osapuolten l\u00e4hett\u00e4m\u00e4t s\u00e4hk\u00f6postit voidaan toimittaa.<\/p>\n<h2>3) peruuttamisoikeus<\/h2>\n<p><strong>3.1<\/strong>&nbsp; Kuluttajilla on yleens\u00e4 oikeus peruuttamiseen.<\/p>\n<p><strong>3.2<\/strong>&nbsp; Tarkemmat tiedot peruuttamisoikeudesta l\u00f6yd\u00e4t myyj\u00e4n peruutusehdoista.<\/p>\n<h2>4) Hinnat ja maksuehdot<\/h2>\n<p><strong>4.1<\/strong>&nbsp; Ellei myyj\u00e4n tuotekuvauksessa toisin mainita, ilmoitetut hinnat ovat kokonaishintoja, jotka sis\u00e4lt\u00e4v\u00e4t lakis\u00e4\u00e4teisen arvonlis\u00e4veron. Mahdolliset ylim\u00e4\u00e4r\u00e4iset toimitus- ja toimituskulut m\u00e4\u00e4ritet\u00e4\u00e4n erikseen tuotteen kuvauksessa.<\/p>\n<p><strong>4.2<\/strong>&nbsp; Maksuvaihtoehdot ilmoitetaan asiakkaalle myyj\u00e4n verkkokaupassa.<\/p>\n<p><strong>4.3<\/strong>&nbsp; Mik\u00e4li ennakkomaksusta on sovittu tilisiirrolla, on maksu suoritettava v\u00e4litt\u00f6m\u00e4sti sopimuksen tekemisen j\u00e4lkeen, elleiv\u00e4t osapuolet ole sopineet my\u00f6hemp\u00e4\u00e4 er\u00e4p\u00e4iv\u00e4\u00e4.<\/p>\n<p><strong>4.4<\/strong>&nbsp; Kun maksat k\u00e4ytt\u00e4m\u00e4ll\u00e4 PayPalin tarjoamaa maksutapaa, maksu k\u00e4sitell\u00e4\u00e4n maksupalveluntarjoajan PayPal (Europe) S.\u00e0 rl et Cie, SCA, 22-24 Boulevard Royal, L-2449 Luxembourg (j\u00e4ljemp\u00e4n\u00e4 &#8220;PayPal&#8221;) kautta, PayPal-k\u00e4ytt\u00f6ehtojen voimassaoloaikana, saatavilla osoitteessa&nbsp;<a href=\"https:\/\/www.paypal.com\/de\/webapps\/mpp\/ua\/useragreement-full\" target=\"_blank\" rel=\"noopener noreferrer\">https:\/\/www.paypal.com\/de\/webapps\/mpp\/ua\/useragreement-full<\/a>&nbsp; tai &#8211; jos asiakkaalla ei ole PayPal-tili\u00e4 &#8211; ilman PayPal-tili\u00e4 suoritettavia maksuja koskevia ehtoja, jotka ovat n\u00e4ht\u00e4viss\u00e4 osoitteessa&nbsp;<a href=\"https:\/\/www.paypal.com\/de\/webapps\/mpp\/ua\/privacywax-full\">https:\/\/www.paypal.com\/de\/webapps\/mpp\/ua\/privacywax-full<\/a> .<\/p>\n<h2>5) Toimitus- ja toimitusehdot<\/h2>\n<p><strong>5.1<\/strong>&nbsp; Tavarat toimitetaan asiakkaan ilmoittamaan toimitusosoitteeseen, ellei toisin ole sovittu. Tapahtumaa k\u00e4sitelt\u00e4ess\u00e4 myyj\u00e4n tilauksen k\u00e4sittelyss\u00e4 annettu toimitusosoite on ratkaiseva. Poiketen t\u00e4st\u00e4, kun valitset PayPal -maksutavan, ratkaiseva on toimitusosoite, jonka asiakas on tallentanut PayPaliin maksun yhteydess\u00e4.<\/p>\n<p><strong>5.2<\/strong>&nbsp; Jos kuljetusyritys l\u00e4hett\u00e4\u00e4 l\u00e4hetetyn tavaran takaisin myyj\u00e4lle, koska toimitus asiakkaalle ei ollut mahdollista, asiakas vastaa ep\u00e4onnistuneesta l\u00e4hetyksest\u00e4 aiheutuneet kulut. T\u00e4m\u00e4 ei p\u00e4de, jos asiakas k\u00e4ytt\u00e4\u00e4 tosiasiallisesti peruuttamisoikeuttaan, jos h\u00e4n ei ole vastuussa tilanteesta, joka johti toimituksen mahdottomuuteen, tai jos h\u00e4nt\u00e4 estettiin v\u00e4liaikaisesti hyv\u00e4ksym\u00e4st\u00e4 tarjottava palvelu, ellei myyj\u00e4 ole antanut h\u00e4nelle mahdollisuutta ilmoittaa esitys kohtuullisesti etuk\u00e4teen.<\/p>\n<p><strong>5.3<\/strong>&nbsp; Nouto ei ole mahdollista logistisista syist\u00e4.<\/p>\n<h2>6) Omistusoikeuden s\u00e4ilytt\u00e4minen<\/h2>\n<p>Jos myyj\u00e4 maksaa ennakkomaksun, h\u00e4nell\u00e4 on omistukseensa toimitetut tavarat, kunnes velka on maksettu kokonaisuudessaan.<\/p>\n<h2>7) Vastuu virheist\u00e4 (takuu)<\/h2>\n<p><strong>7.1<\/strong>&nbsp; Jos ostettu tuote on viallinen, voimassa on lakis\u00e4\u00e4teinen virhevastuu.<\/p>\n<p><strong>7.2<\/strong>&nbsp; Asiakasta pyydet\u00e4\u00e4n reklamoimaan toimitetusta tavarasta, jossa on ilmeisi\u00e4 kuljetusvaurioita, toimittajalle ja ilmoittamaan t\u00e4st\u00e4 myyj\u00e4lle. Jos asiakas ei noudata vaatimuksia, t\u00e4ll\u00e4 ei ole vaikutusta h\u00e4nen lakis\u00e4\u00e4teisiin tai sopimukseen perustuviin vikavaatimuksiinsa.<\/p>\n<h2>8) Kampanjakuponkien lunastaminen<\/h2>\n<p><strong>8.1<\/strong>&nbsp; Myyj\u00e4n veloituksetta my\u00f6nt\u00e4m\u00e4t lahjakortit osana tietyn voimassaoloaikaa ja joita asiakas ei voi ostaa (j\u00e4ljemp\u00e4n\u00e4 &#8220;tarjoussetelit&#8221;) voidaan lunastaa vain myyj\u00e4n verkkokaupassa ja vain m\u00e4\u00e4r\u00e4ttyn\u00e4 ajanjaksona. .<\/p>\n<p><strong>8.2<\/strong>&nbsp; Yksitt\u00e4iset tuotteet voidaan sulkea pois setelikampanjasta, jos kampanjasetelin sis\u00e4ll\u00f6st\u00e4 johtuu vastaava rajoitus.<\/p>\n<p><strong>8.3<\/strong>&nbsp; Kampanjasetelit voidaan lunastaa vain ennen tilausprosessin suorittamista. My\u00f6hempi laskutus ei ole mahdollista.<\/p>\n<p><strong>8.4<\/strong>&nbsp; Vain yksi kampanjaseteli voidaan lunastaa per tilaus.<\/p>\n<p><strong>8.5<\/strong>&nbsp; Tavaran arvon tulee vastata v\u00e4hint\u00e4\u00e4n kampanjasetelin m\u00e4\u00e4r\u00e4\u00e4. Myyj\u00e4 ei hyvit\u00e4 j\u00e4ljell\u00e4 olevaa luottoa.<\/p>\n<p><strong>8.6<\/strong>&nbsp; Mik\u00e4li tarjoussetelin arvo ei riit\u00e4 kattamaan tilausta, voidaan erotuksen kattamiseksi valita jokin muu myyj\u00e4n tarjoamista maksutavoista.<\/p>\n<p><strong>8.7<\/strong>&nbsp; Kampanjasetelin loppuosuutta ei makseta k\u00e4teisell\u00e4 eik\u00e4 se kerry korkoa.<\/p>\n<p><strong>8.8<\/strong>&nbsp; Kampanjaseteli\u00e4 ei palauteta, jos asiakas palauttaa kampanjaseteill\u00e4 kokonaan tai osittain maksamansa tavarat lakis\u00e4\u00e4teisen peruuttamisoikeutensa puitteissa.<\/p>\n<p><strong>8.9<\/strong>&nbsp; Kampanjaseteli on siirrett\u00e4viss\u00e4. Myyj\u00e4 voi purkautumisella suorittaa maksuja omistajalle, joka lunastaa tarjouskupongin myyj\u00e4n verkkokaupassa. T\u00e4m\u00e4 ei p\u00e4de, jos myyj\u00e4 tiet\u00e4\u00e4 tai on eritt\u00e4in huolimattomasti tiet\u00e4m\u00e4t\u00f6n valtuutuksesta, oikeustoimikyvytt\u00f6myydest\u00e4 tai omistajan valtuutuksen puutteesta.<\/p>\n<h2>9) Sovellettava laki<\/h2>\n<p>Saksan liittotasavallan lakia sovelletaan kaikkiin osapuolten v\u00e4lisiin oikeussuhteisiin, lukuun ottamatta irtaimen tavaran kansainv\u00e4list\u00e4 ostamista koskevia lakeja. Kuluttajien osalta t\u00e4m\u00e4 lainvalinta koskee vain silt\u00e4 osin kuin kuluttajan asuinpaikan valtion pakottavien s\u00e4\u00e4nn\u00f6sten antamaa suojaa ei ole peruutettu.<\/p>\n<h2>10) Vaihtoehtoinen riidanratkaisu<\/h2>\n<p><strong>10.1<\/strong>&nbsp; EU:n komissio tarjoaa foorumin online-riitojen ratkaisemiseen Internetiss\u00e4 seuraavan linkin kautta:&nbsp;<a href=\"http:\/\/ec.europa.eu\/consumers\/odr\">http:\/\/ec.europa.eu\/consumers\/odr<\/a><\/p>\n<p>T\u00e4m\u00e4 foorumi toimii yhteyspisteen\u00e4 tuomioistuimen ulkopuolisessa ratkaisussa riita-asioissa, jotka johtuvat verkko-osto- tai palvelusopimuksista, joissa kuluttaja on mukana.<\/p>\n<p><strong>10.2<\/strong>&nbsp; Myyj\u00e4 ei ole velvollinen eik\u00e4 halukas osallistumaan riidanratkaisumenettelyyn kuluttajan v\u00e4limieslautakunnassa.<\/p>\n","protected":false},"excerpt":{"rendered":"<p>Sis\u00e4llysluettelo soveltamisala Sopimuksen tekeminen Peruuttamisoikeus Hinnat ja maksuehdot Toimitus- ja toimitusehdot Omistusoikeuden s\u00e4ilytt\u00e4minen Vastuu virheist\u00e4 (takuu) Kampanjakuponkien lunastaminen Sovellettava laki Vaihtoehtoinen riidanratkaisu 1) Soveltamisala 1.1 N\u00e4m\u00e4 &#8220;versiegelung24.com&#8221; -sivustolla kauppaa k\u00e4yv\u00e4n Holger K\u00e4dingin (j\u00e4ljemp\u00e4n\u00e4 &#8220;Myyj\u00e4&#8221;) yleiset sopimusehdot (j\u00e4ljemp\u00e4n\u00e4 &#8220;GTC&#8221;) koskevat kaikkia kuluttajan tai yritt\u00e4j\u00e4n (j\u00e4ljemp\u00e4n\u00e4 &#8220;Asiakas&#8221;) tavarantoimitussopimuksia. myyj\u00e4n kanssa myyj\u00e4n verkkokaupassa esitt\u00e4mien tavaroiden osalta. Asiakkaan omien&hellip;&nbsp;<a href=\"https:\/\/www.versiegelung24.com\/fi\/yleiset-ehdot-ja-asiakastiedot\/\" rel=\"bookmark\">Read More &raquo;<span class=\"screen-reader-text\">Yleiset ehdot ja asiakastiedot<\/span><\/a><\/p>\n","protected":false},"author":932,"featured_media":70712,"parent":0,"menu_order":0,"comment_status":"closed","ping_status":"closed","template":"","meta":{"_acf_changed":false,"neve_meta_sidebar":"","neve_meta_container":"","neve_meta_enable_content_width":"","neve_meta_content_width":0,"neve_meta_title_alignment":"","neve_meta_author_avatar":"","neve_post_elements_order":"","neve_meta_disable_header":"","neve_meta_disable_footer":"","neve_meta_disable_title":"","neve_meta_reading_time":"","footnotes":""},"categories":[],"seiten_kategorie":[],"class_list":["post-25675","page","type-page","status-publish","has-post-thumbnail","hentry"],"acf":[],"yoast_head":"<!-- This site is optimized with the Yoast SEO Premium plugin v22.8 (Yoast SEO v27.5) - https:\/\/yoast.com\/product\/yoast-seo-premium-wordpress\/ -->\n<title>Yleiset ehdot ja asiakastiedot - versiegelung24.com<\/title>\n<meta name=\"robots\" content=\"index, follow, max-snippet:-1, max-image-preview:large, max-video-preview:-1\" \/>\n<link rel=\"canonical\" href=\"https:\/\/www.versiegelung24.com\/fi\/yleiset-ehdot-ja-asiakastiedot\/\" \/>\n<meta property=\"og:locale\" content=\"fi_FI\" \/>\n<meta property=\"og:type\" content=\"article\" \/>\n<meta property=\"og:title\" content=\"Yleiset ehdot ja asiakastiedot\" \/>\n<meta property=\"og:description\" content=\"Sis\u00e4llysluettelo soveltamisala Sopimuksen tekeminen Peruuttamisoikeus Hinnat ja maksuehdot Toimitus- ja toimitusehdot Omistusoikeuden s\u00e4ilytt\u00e4minen Vastuu virheist\u00e4 (takuu) Kampanjakuponkien lunastaminen Sovellettava laki Vaihtoehtoinen riidanratkaisu 1) Soveltamisala 1.1 N\u00e4m\u00e4 &#8220;versiegelung24.com&#8221; -sivustolla kauppaa k\u00e4yv\u00e4n Holger K\u00e4dingin (j\u00e4ljemp\u00e4n\u00e4 &#8220;Myyj\u00e4&#8221;) yleiset sopimusehdot (j\u00e4ljemp\u00e4n\u00e4 &#8220;GTC&#8221;) koskevat kaikkia kuluttajan tai yritt\u00e4j\u00e4n (j\u00e4ljemp\u00e4n\u00e4 &#8220;Asiakas&#8221;) tavarantoimitussopimuksia. myyj\u00e4n kanssa myyj\u00e4n verkkokaupassa esitt\u00e4mien tavaroiden osalta. Asiakkaan omien&hellip;&nbsp;Read More &raquo;Yleiset ehdot ja asiakastiedot\" \/>\n<meta property=\"og:url\" content=\"https:\/\/www.versiegelung24.com\/fi\/yleiset-ehdot-ja-asiakastiedot\/\" \/>\n<meta property=\"og:site_name\" content=\"versiegelung24.com\" \/>\n<meta property=\"article:modified_time\" content=\"2024-06-25T18:50:52+00:00\" \/>\n<meta property=\"og:image\" content=\"https:\/\/www.versiegelung24.com\/wp-content\/uploads\/2022\/02\/Impressum.png\" \/>\n\t<meta property=\"og:image:width\" content=\"2000\" \/>\n\t<meta property=\"og:image:height\" content=\"2000\" \/>\n\t<meta property=\"og:image:type\" content=\"image\/png\" \/>\n<meta name=\"twitter:card\" content=\"summary_large_image\" \/>\n<meta name=\"twitter:label1\" content=\"Arvioitu lukuaika\" \/>\n\t<meta name=\"twitter:data1\" content=\"6 minuuttia\" \/>\n<script type=\"application\/ld+json\" class=\"yoast-schema-graph\">{\"@context\":\"https:\\\/\\\/schema.org\",\"@graph\":[{\"@type\":\"WebPage\",\"@id\":\"https:\\\/\\\/www.versiegelung24.com\\\/fi\\\/yleiset-ehdot-ja-asiakastiedot\\\/\",\"url\":\"https:\\\/\\\/www.versiegelung24.com\\\/fi\\\/yleiset-ehdot-ja-asiakastiedot\\\/\",\"name\":\"Yleiset ehdot ja asiakastiedot - versiegelung24.com\",\"isPartOf\":{\"@id\":\"https:\\\/\\\/www.versiegelung24.com\\\/fi\\\/#website\"},\"primaryImageOfPage\":{\"@id\":\"https:\\\/\\\/www.versiegelung24.com\\\/fi\\\/yleiset-ehdot-ja-asiakastiedot\\\/#primaryimage\"},\"image\":{\"@id\":\"https:\\\/\\\/www.versiegelung24.com\\\/fi\\\/yleiset-ehdot-ja-asiakastiedot\\\/#primaryimage\"},\"thumbnailUrl\":\"https:\\\/\\\/www.versiegelung24.com\\\/wp-content\\\/uploads\\\/2022\\\/02\\\/Impressum.png\",\"datePublished\":\"2021-08-03T09:15:40+00:00\",\"dateModified\":\"2024-06-25T18:50:52+00:00\",\"breadcrumb\":{\"@id\":\"https:\\\/\\\/www.versiegelung24.com\\\/fi\\\/yleiset-ehdot-ja-asiakastiedot\\\/#breadcrumb\"},\"inLanguage\":\"fi\",\"potentialAction\":[{\"@type\":\"ReadAction\",\"target\":[\"https:\\\/\\\/www.versiegelung24.com\\\/fi\\\/yleiset-ehdot-ja-asiakastiedot\\\/\"]}]},{\"@type\":\"ImageObject\",\"inLanguage\":\"fi\",\"@id\":\"https:\\\/\\\/www.versiegelung24.com\\\/fi\\\/yleiset-ehdot-ja-asiakastiedot\\\/#primaryimage\",\"url\":\"https:\\\/\\\/www.versiegelung24.com\\\/wp-content\\\/uploads\\\/2022\\\/02\\\/Impressum.png\",\"contentUrl\":\"https:\\\/\\\/www.versiegelung24.com\\\/wp-content\\\/uploads\\\/2022\\\/02\\\/Impressum.png\",\"width\":2000,\"height\":2000},{\"@type\":\"BreadcrumbList\",\"@id\":\"https:\\\/\\\/www.versiegelung24.com\\\/fi\\\/yleiset-ehdot-ja-asiakastiedot\\\/#breadcrumb\",\"itemListElement\":[{\"@type\":\"ListItem\",\"position\":1,\"name\":\"Kotisivu\",\"item\":\"https:\\\/\\\/www.versiegelung24.com\\\/fi\\\/etupuolella\\\/\"},{\"@type\":\"ListItem\",\"position\":2,\"name\":\"Yleiset ehdot ja asiakastiedot\"}]},{\"@type\":\"WebSite\",\"@id\":\"https:\\\/\\\/www.versiegelung24.com\\\/fi\\\/#website\",\"url\":\"https:\\\/\\\/www.versiegelung24.com\\\/fi\\\/\",\"name\":\"versiegelung24.com\",\"description\":\"Fl\u00fcssigglas-Versiegelung - Made in Germany\",\"publisher\":{\"@id\":\"https:\\\/\\\/www.versiegelung24.com\\\/fi\\\/#organization\"},\"potentialAction\":[{\"@type\":\"SearchAction\",\"target\":{\"@type\":\"EntryPoint\",\"urlTemplate\":\"https:\\\/\\\/www.versiegelung24.com\\\/fi\\\/?s={search_term_string}\"},\"query-input\":{\"@type\":\"PropertyValueSpecification\",\"valueRequired\":true,\"valueName\":\"search_term_string\"}}],\"inLanguage\":\"fi\"},{\"@type\":\"Organization\",\"@id\":\"https:\\\/\\\/www.versiegelung24.com\\\/fi\\\/#organization\",\"name\":\"versiegelung24\",\"url\":\"https:\\\/\\\/www.versiegelung24.com\\\/fi\\\/\",\"logo\":{\"@type\":\"ImageObject\",\"inLanguage\":\"fi\",\"@id\":\"https:\\\/\\\/www.versiegelung24.com\\\/fi\\\/#\\\/schema\\\/logo\\\/image\\\/\",\"url\":\"https:\\\/\\\/www.versiegelung24.com\\\/wp-content\\\/uploads\\\/2020\\\/04\\\/versiegelung24.png\",\"contentUrl\":\"https:\\\/\\\/www.versiegelung24.com\\\/wp-content\\\/uploads\\\/2020\\\/04\\\/versiegelung24.png\",\"width\":470,\"height\":102,\"caption\":\"versiegelung24\"},\"image\":{\"@id\":\"https:\\\/\\\/www.versiegelung24.com\\\/fi\\\/#\\\/schema\\\/logo\\\/image\\\/\"}}]}<\/script>\n<!-- \/ Yoast SEO Premium plugin. -->","yoast_head_json":{"title":"Yleiset ehdot ja asiakastiedot - versiegelung24.com","robots":{"index":"index","follow":"follow","max-snippet":"max-snippet:-1","max-image-preview":"max-image-preview:large","max-video-preview":"max-video-preview:-1"},"canonical":"https:\/\/www.versiegelung24.com\/fi\/yleiset-ehdot-ja-asiakastiedot\/","og_locale":"fi_FI","og_type":"article","og_title":"Yleiset ehdot ja asiakastiedot","og_description":"Sis\u00e4llysluettelo soveltamisala Sopimuksen tekeminen Peruuttamisoikeus Hinnat ja maksuehdot Toimitus- ja toimitusehdot Omistusoikeuden s\u00e4ilytt\u00e4minen Vastuu virheist\u00e4 (takuu) Kampanjakuponkien lunastaminen Sovellettava laki Vaihtoehtoinen riidanratkaisu 1) Soveltamisala 1.1 N\u00e4m\u00e4 &#8220;versiegelung24.com&#8221; -sivustolla kauppaa k\u00e4yv\u00e4n Holger K\u00e4dingin (j\u00e4ljemp\u00e4n\u00e4 &#8220;Myyj\u00e4&#8221;) yleiset sopimusehdot (j\u00e4ljemp\u00e4n\u00e4 &#8220;GTC&#8221;) koskevat kaikkia kuluttajan tai yritt\u00e4j\u00e4n (j\u00e4ljemp\u00e4n\u00e4 &#8220;Asiakas&#8221;) tavarantoimitussopimuksia. myyj\u00e4n kanssa myyj\u00e4n verkkokaupassa esitt\u00e4mien tavaroiden osalta. Asiakkaan omien&hellip;&nbsp;Read More &raquo;Yleiset ehdot ja asiakastiedot","og_url":"https:\/\/www.versiegelung24.com\/fi\/yleiset-ehdot-ja-asiakastiedot\/","og_site_name":"versiegelung24.com","article_modified_time":"2024-06-25T18:50:52+00:00","og_image":[{"width":2000,"height":2000,"url":"https:\/\/www.versiegelung24.com\/wp-content\/uploads\/2022\/02\/Impressum.png","type":"image\/png"}],"twitter_card":"summary_large_image","twitter_misc":{"Arvioitu lukuaika":"6 minuuttia"},"schema":{"@context":"https:\/\/schema.org","@graph":[{"@type":"WebPage","@id":"https:\/\/www.versiegelung24.com\/fi\/yleiset-ehdot-ja-asiakastiedot\/","url":"https:\/\/www.versiegelung24.com\/fi\/yleiset-ehdot-ja-asiakastiedot\/","name":"Yleiset ehdot ja asiakastiedot - versiegelung24.com","isPartOf":{"@id":"https:\/\/www.versiegelung24.com\/fi\/#website"},"primaryImageOfPage":{"@id":"https:\/\/www.versiegelung24.com\/fi\/yleiset-ehdot-ja-asiakastiedot\/#primaryimage"},"image":{"@id":"https:\/\/www.versiegelung24.com\/fi\/yleiset-ehdot-ja-asiakastiedot\/#primaryimage"},"thumbnailUrl":"https:\/\/www.versiegelung24.com\/wp-content\/uploads\/2022\/02\/Impressum.png","datePublished":"2021-08-03T09:15:40+00:00","dateModified":"2024-06-25T18:50:52+00:00","breadcrumb":{"@id":"https:\/\/www.versiegelung24.com\/fi\/yleiset-ehdot-ja-asiakastiedot\/#breadcrumb"},"inLanguage":"fi","potentialAction":[{"@type":"ReadAction","target":["https:\/\/www.versiegelung24.com\/fi\/yleiset-ehdot-ja-asiakastiedot\/"]}]},{"@type":"ImageObject","inLanguage":"fi","@id":"https:\/\/www.versiegelung24.com\/fi\/yleiset-ehdot-ja-asiakastiedot\/#primaryimage","url":"https:\/\/www.versiegelung24.com\/wp-content\/uploads\/2022\/02\/Impressum.png","contentUrl":"https:\/\/www.versiegelung24.com\/wp-content\/uploads\/2022\/02\/Impressum.png","width":2000,"height":2000},{"@type":"BreadcrumbList","@id":"https:\/\/www.versiegelung24.com\/fi\/yleiset-ehdot-ja-asiakastiedot\/#breadcrumb","itemListElement":[{"@type":"ListItem","position":1,"name":"Kotisivu","item":"https:\/\/www.versiegelung24.com\/fi\/etupuolella\/"},{"@type":"ListItem","position":2,"name":"Yleiset ehdot ja asiakastiedot"}]},{"@type":"WebSite","@id":"https:\/\/www.versiegelung24.com\/fi\/#website","url":"https:\/\/www.versiegelung24.com\/fi\/","name":"versiegelung24.com","description":"Fl\u00fcssigglas-Versiegelung - Made in Germany","publisher":{"@id":"https:\/\/www.versiegelung24.com\/fi\/#organization"},"potentialAction":[{"@type":"SearchAction","target":{"@type":"EntryPoint","urlTemplate":"https:\/\/www.versiegelung24.com\/fi\/?s={search_term_string}"},"query-input":{"@type":"PropertyValueSpecification","valueRequired":true,"valueName":"search_term_string"}}],"inLanguage":"fi"},{"@type":"Organization","@id":"https:\/\/www.versiegelung24.com\/fi\/#organization","name":"versiegelung24","url":"https:\/\/www.versiegelung24.com\/fi\/","logo":{"@type":"ImageObject","inLanguage":"fi","@id":"https:\/\/www.versiegelung24.com\/fi\/#\/schema\/logo\/image\/","url":"https:\/\/www.versiegelung24.com\/wp-content\/uploads\/2020\/04\/versiegelung24.png","contentUrl":"https:\/\/www.versiegelung24.com\/wp-content\/uploads\/2020\/04\/versiegelung24.png","width":470,"height":102,"caption":"versiegelung24"},"image":{"@id":"https:\/\/www.versiegelung24.com\/fi\/#\/schema\/logo\/image\/"}}]}},"_links":{"self":[{"href":"https:\/\/www.versiegelung24.com\/fi\/wp-json\/wp\/v2\/pages\/25675","targetHints":{"allow":["GET"]}}],"collection":[{"href":"https:\/\/www.versiegelung24.com\/fi\/wp-json\/wp\/v2\/pages"}],"about":[{"href":"https:\/\/www.versiegelung24.com\/fi\/wp-json\/wp\/v2\/types\/page"}],"author":[{"embeddable":true,"href":"https:\/\/www.versiegelung24.com\/fi\/wp-json\/wp\/v2\/users\/932"}],"replies":[{"embeddable":true,"href":"https:\/\/www.versiegelung24.com\/fi\/wp-json\/wp\/v2\/comments?post=25675"}],"version-history":[{"count":2,"href":"https:\/\/www.versiegelung24.com\/fi\/wp-json\/wp\/v2\/pages\/25675\/revisions"}],"predecessor-version":[{"id":70990,"href":"https:\/\/www.versiegelung24.com\/fi\/wp-json\/wp\/v2\/pages\/25675\/revisions\/70990"}],"wp:featuredmedia":[{"embeddable":true,"href":"https:\/\/www.versiegelung24.com\/fi\/wp-json\/wp\/v2\/media\/70712"}],"wp:attachment":[{"href":"https:\/\/www.versiegelung24.com\/fi\/wp-json\/wp\/v2\/media?parent=25675"}],"wp:term":[{"taxonomy":"category","embeddable":true,"href":"https:\/\/www.versiegelung24.com\/fi\/wp-json\/wp\/v2\/categories?post=25675"},{"taxonomy":"seiten_kategorie","embeddable":true,"href":"https:\/\/www.versiegelung24.com\/fi\/wp-json\/wp\/v2\/seiten_kategorie?post=25675"}],"curies":[{"name":"wp","href":"https:\/\/api.w.org\/{rel}","templated":true}]}}