{"id":25918,"date":"2021-08-03T12:03:58","date_gmt":"2021-08-03T10:03:58","guid":{"rendered":"https:\/\/www.versiegelung24.com\/peruutusehdot-ja-peruutuslomake"},"modified":"2024-06-25T20:51:16","modified_gmt":"2024-06-25T18:51:16","slug":"peruutusehdot","status":"publish","type":"page","link":"https:\/\/www.versiegelung24.com\/fi\/peruutusehdot\/","title":{"rendered":"Peruutusehdot ja peruutuslomake"},"content":{"rendered":"<div class=\"main-container col1-layout\">\n<div class=\"main container\">\n<div class=\"inner-container\">\n<div class=\"col-main\">\n<div class=\"std\">\n<p>Kuluttajilla on oikeus peruuttamisoikeuteen seuraavien s\u00e4\u00e4nn\u00f6sten mukaisesti, jolloin kuluttaja on luonnollinen henkil\u00f6, joka tekee oikeustoimen tarkoituksiin, jotka eiv\u00e4t ole p\u00e4\u00e4asiassa kaupallisia tai itsen\u00e4isi\u00e4 ammatinharjoittajia:<\/p>\n<p><strong>A. Peruutusk\u00e4yt\u00e4nt\u00f6<\/strong><\/p>\n<p><strong>Peruuttamisoikeus<br \/>\n<\/strong> Sinulla on oikeus peruuttaa t\u00e4m\u00e4 sopimus 14 p\u00e4iv\u00e4n kuluessa ilman syyt\u00e4.<\/p>\n<p>Peruutusaika on 14 p\u00e4iv\u00e4\u00e4 siit\u00e4 p\u00e4iv\u00e4st\u00e4, jona sin\u00e4 tai sinun nime\u00e4m\u00e4si kolmas osapuoli, joka ei ole kuljettaja, ovat ottaneet haltuunsa viimeiset tavarat.<\/p>\n<p>Peruuttamisoikeuden k\u00e4ytt\u00e4miseksi sinun on ilmoitettava meille (Holger K\u00e4ding, An den Ellmen 14, 53773 Hennef, puh. 02242-9695650, s\u00e4hk\u00f6posti info@versiegelung24.com) selke\u00e4ll\u00e4 ilmoituksella (esim. postitse l\u00e4hetetyll\u00e4 kirjeell\u00e4 tai s\u00e4hk\u00f6postilla) p\u00e4\u00e4t\u00f6ksest\u00e4si peruuttaa t\u00e4m\u00e4 sopimus. Voit k\u00e4ytt\u00e4\u00e4 t\u00e4h\u00e4n liitteen\u00e4 olevaa peruutuslomakemallia, mutta t\u00e4m\u00e4 ei ole pakollista.<\/p>\n<p>Peruutusajan t\u00e4ytt\u00e4miseksi riitt\u00e4\u00e4, ett\u00e4 l\u00e4het\u00e4t ilmoituksen peruutusoikeutesi k\u00e4ytt\u00e4misest\u00e4 ennen peruutusajan p\u00e4\u00e4ttymist\u00e4.<\/p>\n<p><strong><br \/>\nPeruutuksen seuraukset<\/strong>Jos peruutat t\u00e4m\u00e4n sopimuksen, palautamme sinulle kaikki sinulta saamasi maksut, mukaan lukien toimituskustannukset (lukuun ottamatta lis\u00e4kustannuksia, jotka johtuvat siit\u00e4, ett\u00e4 olet valinnut muun toimitustyypin kuin edullisimman tarjoamamme vakiotoimitustyypin), ilman aiheetonta viivytyst\u00e4 ja joka tapauksessa viimeist\u00e4\u00e4n 14 p\u00e4iv\u00e4n kuluessa siit\u00e4 p\u00e4iv\u00e4st\u00e4, jona saamme tiedon p\u00e4\u00e4t\u00f6ksest\u00e4si peruuttaa t\u00e4m\u00e4 sopimus.<strong><\/strong> K\u00e4yt\u00e4mme t\u00e4h\u00e4n takaisinmaksuun samaa maksutapaa, jota k\u00e4ytit alkuper\u00e4isess\u00e4 tapahtumassa, ellei kanssasi ole nimenomaisesti sovittu jostain muusta; t\u00e4st\u00e4 takaisinmaksusta ei perit\u00e4 miss\u00e4\u00e4n olosuhteissa maksuja. Voimme ev\u00e4t\u00e4 takaisinmaksun, kunnes olemme vastaanottaneet tavarat takaisin tai kunnes olet toimittanut todisteet siit\u00e4, ett\u00e4 olet l\u00e4hett\u00e4nyt tavarat takaisin, sen mukaan, kumpi on aikaisempi.<\/p>\n<p>Sinun on palautettava tai luovutettava tavarat meille v\u00e4litt\u00f6m\u00e4sti ja joka tapauksessa viimeist\u00e4\u00e4n nelj\u00e4ntoista p\u00e4iv\u00e4n kuluttua siit\u00e4 p\u00e4iv\u00e4st\u00e4, jona ilmoitit meille t\u00e4m\u00e4n sopimuksen peruuttamisesta. M\u00e4\u00e4r\u00e4aikaa noudatetaan, jos l\u00e4het\u00e4t tavarat ennen 14 p\u00e4iv\u00e4n m\u00e4\u00e4r\u00e4ajan p\u00e4\u00e4ttymist\u00e4.<\/p>\n<p>Sin\u00e4 vastaat tavaroiden palauttamisesta aiheutuvista v\u00e4litt\u00f6mist\u00e4 kuluista.<\/p>\n<p>Sinun on maksettava tavaroiden arvon alenemisesta vain, jos t\u00e4m\u00e4 arvon menetys johtuu tavaroiden k\u00e4sittelyst\u00e4, joka ei ole tarpeen tavaroiden luonteen, ominaisuuksien ja toimivuuden tarkistamiseksi.<\/p>\n<p>Peruuttamisoikeuden poissulkeminen tai ennenaikainen p\u00e4\u00e4ttyminen<\/p>\n<p>Peruutusoikeus vanhenee ennenaikaisesti, jos kyseess\u00e4 on \u00e4\u00e4ni- tai videotallenteiden tai tietokoneohjelmistojen toimitussopimus suljetussa pakkauksessa, jos sinetti on poistettu toimituksen j\u00e4lkeen.<\/p>\n<p><strong>B. Nostolomake<\/strong><\/p>\n<p>Jos haluat peruuttaa sopimuksen, t\u00e4yt\u00e4 t\u00e4m\u00e4 lomake ja l\u00e4het\u00e4 se takaisin.<\/p>\n<p>P\u00e4\u00e4ll\u00e4<\/p>\n<p>samstore.de<\/p>\n<p>Holger K\u00e4ding<br \/>\nEllmeniss\u00e4 14<br \/>\n53773 Hennef<br \/>\nSaksa<br \/>\nS\u00e4hk\u00f6posti: info@versiegelung24.com<\/p>\n<p>Min\u00e4 \/ me (*) peruutat t\u00e4ten minun \/ meid\u00e4n (*) tekem\u00e4n sopimuksen seuraavien tavaroiden ostamisesta (*) \/ seuraavan palvelun tarjoamisesta (*)<\/p>\n<p>_______________________________________________________<\/p>\n<p>_______________________________________________________<\/p>\n<p>Tilattu (*) ____________ \/ vastaanotettu (*) __________________<\/p>\n<p>________________________________________________________<\/p>\n<p>Kuluttajan \/ kuluttajien nimi<\/p>\n<p>________________________________________________________<\/p>\n<p>Kuluttajan \/ kuluttajien osoite<\/p>\n<p>________________________________________________________<\/p>\n<p>Kuluttajan (kuluttajien) allekirjoitus (vain jos t\u00e4m\u00e4 ilmoitetaan paperilla)<\/p>\n<p>_________________________<\/p>\n<p>P\u00e4iv\u00e4m\u00e4\u00e4r\u00e4<\/p>\n<p>(*) Tarpeeton poistetaan<\/p>\n<\/div>\n<\/div>\n<div class=\"postscript\"><\/div>\n<\/div>\n<\/div>\n<div class=\"main-bottom-container\"><\/div>\n<\/div>\n<div class=\"footer-container\">\n<div class=\"footer-container2\">\n<div class=\"footer-container3\">\n<div class=\"footer-primary-container section-container\">\n<div class=\"footer-primary footer container\">\n<div class=\"inner-container\">\n<div class=\"clearer\">\n<div class=\"grid12-3\">\n<div class=\"std\">\n<div class=\"collapsible mobile-collapsible\"><\/div>\n<\/div>\n<\/div>\n<\/div>\n<\/div>\n<\/div>\n<\/div>\n<\/div>\n<\/div>\n<\/div>\n","protected":false},"excerpt":{"rendered":"<p>Kuluttajilla on oikeus peruuttamisoikeuteen seuraavien s\u00e4\u00e4nn\u00f6sten mukaisesti, jolloin kuluttaja on luonnollinen henkil\u00f6, joka tekee oikeustoimen tarkoituksiin, jotka eiv\u00e4t ole p\u00e4\u00e4asiassa kaupallisia tai itsen\u00e4isi\u00e4 ammatinharjoittajia: A. Peruutusk\u00e4yt\u00e4nt\u00f6 Peruuttamisoikeus Sinulla on oikeus peruuttaa t\u00e4m\u00e4 sopimus 14 p\u00e4iv\u00e4n kuluessa ilman syyt\u00e4. Peruutusaika on 14 p\u00e4iv\u00e4\u00e4 siit\u00e4 p\u00e4iv\u00e4st\u00e4, jona sin\u00e4 tai sinun nime\u00e4m\u00e4si kolmas osapuoli, joka ei ole kuljettaja,&hellip;&nbsp;<a href=\"https:\/\/www.versiegelung24.com\/fi\/peruutusehdot\/\" rel=\"bookmark\">Read More &raquo;<span class=\"screen-reader-text\">Peruutusehdot ja peruutuslomake<\/span><\/a><\/p>\n","protected":false},"author":932,"featured_media":71022,"parent":0,"menu_order":0,"comment_status":"closed","ping_status":"closed","template":"","meta":{"_acf_changed":false,"neve_meta_sidebar":"","neve_meta_container":"","neve_meta_enable_content_width":"","neve_meta_content_width":0,"neve_meta_title_alignment":"","neve_meta_author_avatar":"","neve_post_elements_order":"","neve_meta_disable_header":"","neve_meta_disable_footer":"","neve_meta_disable_title":"","neve_meta_reading_time":"","footnotes":""},"categories":[],"seiten_kategorie":[],"class_list":["post-25918","page","type-page","status-publish","has-post-thumbnail","hentry"],"acf":[],"yoast_head":"<!-- This site is optimized with the Yoast SEO Premium plugin v22.8 (Yoast SEO v27.5) - https:\/\/yoast.com\/product\/yoast-seo-premium-wordpress\/ -->\n<title>Peruutusehdot ja peruutuslomake - versiegelung24.com<\/title>\n<meta name=\"robots\" content=\"index, follow, max-snippet:-1, max-image-preview:large, max-video-preview:-1\" \/>\n<link rel=\"canonical\" href=\"https:\/\/www.versiegelung24.com\/fi\/peruutusehdot\/\" \/>\n<meta property=\"og:locale\" content=\"fi_FI\" \/>\n<meta property=\"og:type\" content=\"article\" \/>\n<meta property=\"og:title\" content=\"Peruutusehdot ja peruutuslomake\" \/>\n<meta property=\"og:description\" content=\"Kuluttajilla on oikeus peruuttamisoikeuteen seuraavien s\u00e4\u00e4nn\u00f6sten mukaisesti, jolloin kuluttaja on luonnollinen henkil\u00f6, joka tekee oikeustoimen tarkoituksiin, jotka eiv\u00e4t ole p\u00e4\u00e4asiassa kaupallisia tai itsen\u00e4isi\u00e4 ammatinharjoittajia: A. Peruutusk\u00e4yt\u00e4nt\u00f6 Peruuttamisoikeus Sinulla on oikeus peruuttaa t\u00e4m\u00e4 sopimus 14 p\u00e4iv\u00e4n kuluessa ilman syyt\u00e4. Peruutusaika on 14 p\u00e4iv\u00e4\u00e4 siit\u00e4 p\u00e4iv\u00e4st\u00e4, jona sin\u00e4 tai sinun nime\u00e4m\u00e4si kolmas osapuoli, joka ei ole kuljettaja,&hellip;&nbsp;Read More &raquo;Peruutusehdot ja peruutuslomake\" \/>\n<meta property=\"og:url\" content=\"https:\/\/www.versiegelung24.com\/fi\/peruutusehdot\/\" \/>\n<meta property=\"og:site_name\" content=\"versiegelung24.com\" \/>\n<meta property=\"article:modified_time\" content=\"2024-06-25T18:51:16+00:00\" \/>\n<meta property=\"og:image\" content=\"https:\/\/www.versiegelung24.com\/wp-content\/uploads\/2022\/02\/Widerruf.png\" \/>\n\t<meta property=\"og:image:width\" content=\"2000\" \/>\n\t<meta property=\"og:image:height\" content=\"2000\" \/>\n\t<meta property=\"og:image:type\" content=\"image\/png\" \/>\n<meta name=\"twitter:card\" content=\"summary_large_image\" \/>\n<meta name=\"twitter:label1\" content=\"Arvioitu lukuaika\" \/>\n\t<meta name=\"twitter:data1\" content=\"2 minuuttia\" \/>\n<script type=\"application\/ld+json\" class=\"yoast-schema-graph\">{\"@context\":\"https:\\\/\\\/schema.org\",\"@graph\":[{\"@type\":\"WebPage\",\"@id\":\"https:\\\/\\\/www.versiegelung24.com\\\/fi\\\/peruutusehdot\\\/\",\"url\":\"https:\\\/\\\/www.versiegelung24.com\\\/fi\\\/peruutusehdot\\\/\",\"name\":\"Peruutusehdot ja peruutuslomake - versiegelung24.com\",\"isPartOf\":{\"@id\":\"https:\\\/\\\/www.versiegelung24.com\\\/fi\\\/#website\"},\"primaryImageOfPage\":{\"@id\":\"https:\\\/\\\/www.versiegelung24.com\\\/fi\\\/peruutusehdot\\\/#primaryimage\"},\"image\":{\"@id\":\"https:\\\/\\\/www.versiegelung24.com\\\/fi\\\/peruutusehdot\\\/#primaryimage\"},\"thumbnailUrl\":\"https:\\\/\\\/www.versiegelung24.com\\\/wp-content\\\/uploads\\\/2022\\\/02\\\/Widerruf.png\",\"datePublished\":\"2021-08-03T10:03:58+00:00\",\"dateModified\":\"2024-06-25T18:51:16+00:00\",\"breadcrumb\":{\"@id\":\"https:\\\/\\\/www.versiegelung24.com\\\/fi\\\/peruutusehdot\\\/#breadcrumb\"},\"inLanguage\":\"fi\",\"potentialAction\":[{\"@type\":\"ReadAction\",\"target\":[\"https:\\\/\\\/www.versiegelung24.com\\\/fi\\\/peruutusehdot\\\/\"]}]},{\"@type\":\"ImageObject\",\"inLanguage\":\"fi\",\"@id\":\"https:\\\/\\\/www.versiegelung24.com\\\/fi\\\/peruutusehdot\\\/#primaryimage\",\"url\":\"https:\\\/\\\/www.versiegelung24.com\\\/wp-content\\\/uploads\\\/2022\\\/02\\\/Widerruf.png\",\"contentUrl\":\"https:\\\/\\\/www.versiegelung24.com\\\/wp-content\\\/uploads\\\/2022\\\/02\\\/Widerruf.png\",\"width\":2000,\"height\":2000},{\"@type\":\"BreadcrumbList\",\"@id\":\"https:\\\/\\\/www.versiegelung24.com\\\/fi\\\/peruutusehdot\\\/#breadcrumb\",\"itemListElement\":[{\"@type\":\"ListItem\",\"position\":1,\"name\":\"Kotisivu\",\"item\":\"https:\\\/\\\/www.versiegelung24.com\\\/fi\\\/etupuolella\\\/\"},{\"@type\":\"ListItem\",\"position\":2,\"name\":\"Peruutusehdot ja peruutuslomake\"}]},{\"@type\":\"WebSite\",\"@id\":\"https:\\\/\\\/www.versiegelung24.com\\\/fi\\\/#website\",\"url\":\"https:\\\/\\\/www.versiegelung24.com\\\/fi\\\/\",\"name\":\"versiegelung24.com\",\"description\":\"Fl\u00fcssigglas-Versiegelung - Made in Germany\",\"publisher\":{\"@id\":\"https:\\\/\\\/www.versiegelung24.com\\\/fi\\\/#organization\"},\"potentialAction\":[{\"@type\":\"SearchAction\",\"target\":{\"@type\":\"EntryPoint\",\"urlTemplate\":\"https:\\\/\\\/www.versiegelung24.com\\\/fi\\\/?s={search_term_string}\"},\"query-input\":{\"@type\":\"PropertyValueSpecification\",\"valueRequired\":true,\"valueName\":\"search_term_string\"}}],\"inLanguage\":\"fi\"},{\"@type\":\"Organization\",\"@id\":\"https:\\\/\\\/www.versiegelung24.com\\\/fi\\\/#organization\",\"name\":\"versiegelung24\",\"url\":\"https:\\\/\\\/www.versiegelung24.com\\\/fi\\\/\",\"logo\":{\"@type\":\"ImageObject\",\"inLanguage\":\"fi\",\"@id\":\"https:\\\/\\\/www.versiegelung24.com\\\/fi\\\/#\\\/schema\\\/logo\\\/image\\\/\",\"url\":\"https:\\\/\\\/www.versiegelung24.com\\\/wp-content\\\/uploads\\\/2020\\\/04\\\/versiegelung24.png\",\"contentUrl\":\"https:\\\/\\\/www.versiegelung24.com\\\/wp-content\\\/uploads\\\/2020\\\/04\\\/versiegelung24.png\",\"width\":470,\"height\":102,\"caption\":\"versiegelung24\"},\"image\":{\"@id\":\"https:\\\/\\\/www.versiegelung24.com\\\/fi\\\/#\\\/schema\\\/logo\\\/image\\\/\"}}]}<\/script>\n<!-- \/ Yoast SEO Premium plugin. -->","yoast_head_json":{"title":"Peruutusehdot ja peruutuslomake - versiegelung24.com","robots":{"index":"index","follow":"follow","max-snippet":"max-snippet:-1","max-image-preview":"max-image-preview:large","max-video-preview":"max-video-preview:-1"},"canonical":"https:\/\/www.versiegelung24.com\/fi\/peruutusehdot\/","og_locale":"fi_FI","og_type":"article","og_title":"Peruutusehdot ja peruutuslomake","og_description":"Kuluttajilla on oikeus peruuttamisoikeuteen seuraavien s\u00e4\u00e4nn\u00f6sten mukaisesti, jolloin kuluttaja on luonnollinen henkil\u00f6, joka tekee oikeustoimen tarkoituksiin, jotka eiv\u00e4t ole p\u00e4\u00e4asiassa kaupallisia tai itsen\u00e4isi\u00e4 ammatinharjoittajia: A. Peruutusk\u00e4yt\u00e4nt\u00f6 Peruuttamisoikeus Sinulla on oikeus peruuttaa t\u00e4m\u00e4 sopimus 14 p\u00e4iv\u00e4n kuluessa ilman syyt\u00e4. Peruutusaika on 14 p\u00e4iv\u00e4\u00e4 siit\u00e4 p\u00e4iv\u00e4st\u00e4, jona sin\u00e4 tai sinun nime\u00e4m\u00e4si kolmas osapuoli, joka ei ole kuljettaja,&hellip;&nbsp;Read More &raquo;Peruutusehdot ja peruutuslomake","og_url":"https:\/\/www.versiegelung24.com\/fi\/peruutusehdot\/","og_site_name":"versiegelung24.com","article_modified_time":"2024-06-25T18:51:16+00:00","og_image":[{"width":2000,"height":2000,"url":"https:\/\/www.versiegelung24.com\/wp-content\/uploads\/2022\/02\/Widerruf.png","type":"image\/png"}],"twitter_card":"summary_large_image","twitter_misc":{"Arvioitu lukuaika":"2 minuuttia"},"schema":{"@context":"https:\/\/schema.org","@graph":[{"@type":"WebPage","@id":"https:\/\/www.versiegelung24.com\/fi\/peruutusehdot\/","url":"https:\/\/www.versiegelung24.com\/fi\/peruutusehdot\/","name":"Peruutusehdot ja peruutuslomake - versiegelung24.com","isPartOf":{"@id":"https:\/\/www.versiegelung24.com\/fi\/#website"},"primaryImageOfPage":{"@id":"https:\/\/www.versiegelung24.com\/fi\/peruutusehdot\/#primaryimage"},"image":{"@id":"https:\/\/www.versiegelung24.com\/fi\/peruutusehdot\/#primaryimage"},"thumbnailUrl":"https:\/\/www.versiegelung24.com\/wp-content\/uploads\/2022\/02\/Widerruf.png","datePublished":"2021-08-03T10:03:58+00:00","dateModified":"2024-06-25T18:51:16+00:00","breadcrumb":{"@id":"https:\/\/www.versiegelung24.com\/fi\/peruutusehdot\/#breadcrumb"},"inLanguage":"fi","potentialAction":[{"@type":"ReadAction","target":["https:\/\/www.versiegelung24.com\/fi\/peruutusehdot\/"]}]},{"@type":"ImageObject","inLanguage":"fi","@id":"https:\/\/www.versiegelung24.com\/fi\/peruutusehdot\/#primaryimage","url":"https:\/\/www.versiegelung24.com\/wp-content\/uploads\/2022\/02\/Widerruf.png","contentUrl":"https:\/\/www.versiegelung24.com\/wp-content\/uploads\/2022\/02\/Widerruf.png","width":2000,"height":2000},{"@type":"BreadcrumbList","@id":"https:\/\/www.versiegelung24.com\/fi\/peruutusehdot\/#breadcrumb","itemListElement":[{"@type":"ListItem","position":1,"name":"Kotisivu","item":"https:\/\/www.versiegelung24.com\/fi\/etupuolella\/"},{"@type":"ListItem","position":2,"name":"Peruutusehdot ja peruutuslomake"}]},{"@type":"WebSite","@id":"https:\/\/www.versiegelung24.com\/fi\/#website","url":"https:\/\/www.versiegelung24.com\/fi\/","name":"versiegelung24.com","description":"Fl\u00fcssigglas-Versiegelung - Made in Germany","publisher":{"@id":"https:\/\/www.versiegelung24.com\/fi\/#organization"},"potentialAction":[{"@type":"SearchAction","target":{"@type":"EntryPoint","urlTemplate":"https:\/\/www.versiegelung24.com\/fi\/?s={search_term_string}"},"query-input":{"@type":"PropertyValueSpecification","valueRequired":true,"valueName":"search_term_string"}}],"inLanguage":"fi"},{"@type":"Organization","@id":"https:\/\/www.versiegelung24.com\/fi\/#organization","name":"versiegelung24","url":"https:\/\/www.versiegelung24.com\/fi\/","logo":{"@type":"ImageObject","inLanguage":"fi","@id":"https:\/\/www.versiegelung24.com\/fi\/#\/schema\/logo\/image\/","url":"https:\/\/www.versiegelung24.com\/wp-content\/uploads\/2020\/04\/versiegelung24.png","contentUrl":"https:\/\/www.versiegelung24.com\/wp-content\/uploads\/2020\/04\/versiegelung24.png","width":470,"height":102,"caption":"versiegelung24"},"image":{"@id":"https:\/\/www.versiegelung24.com\/fi\/#\/schema\/logo\/image\/"}}]}},"_links":{"self":[{"href":"https:\/\/www.versiegelung24.com\/fi\/wp-json\/wp\/v2\/pages\/25918","targetHints":{"allow":["GET"]}}],"collection":[{"href":"https:\/\/www.versiegelung24.com\/fi\/wp-json\/wp\/v2\/pages"}],"about":[{"href":"https:\/\/www.versiegelung24.com\/fi\/wp-json\/wp\/v2\/types\/page"}],"author":[{"embeddable":true,"href":"https:\/\/www.versiegelung24.com\/fi\/wp-json\/wp\/v2\/users\/932"}],"replies":[{"embeddable":true,"href":"https:\/\/www.versiegelung24.com\/fi\/wp-json\/wp\/v2\/comments?post=25918"}],"version-history":[{"count":3,"href":"https:\/\/www.versiegelung24.com\/fi\/wp-json\/wp\/v2\/pages\/25918\/revisions"}],"predecessor-version":[{"id":167650,"href":"https:\/\/www.versiegelung24.com\/fi\/wp-json\/wp\/v2\/pages\/25918\/revisions\/167650"}],"wp:featuredmedia":[{"embeddable":true,"href":"https:\/\/www.versiegelung24.com\/fi\/wp-json\/wp\/v2\/media\/71022"}],"wp:attachment":[{"href":"https:\/\/www.versiegelung24.com\/fi\/wp-json\/wp\/v2\/media?parent=25918"}],"wp:term":[{"taxonomy":"category","embeddable":true,"href":"https:\/\/www.versiegelung24.com\/fi\/wp-json\/wp\/v2\/categories?post=25918"},{"taxonomy":"seiten_kategorie","embeddable":true,"href":"https:\/\/www.versiegelung24.com\/fi\/wp-json\/wp\/v2\/seiten_kategorie?post=25918"}],"curies":[{"name":"wp","href":"https:\/\/api.w.org\/{rel}","templated":true}]}}