{"id":41025,"date":"2021-12-14T14:15:26","date_gmt":"2021-12-14T13:15:26","guid":{"rendered":"https:\/\/www.versiegelung24.com\/neuvoja-versiegelung24-n-tuotteista\/tietotaito\/alypuhelin"},"modified":"2024-09-01T22:43:17","modified_gmt":"2024-09-01T20:43:17","slug":"alypuhelinten-nestelasitiivistys","status":"publish","type":"page","link":"https:\/\/www.versiegelung24.com\/fi\/neuvoja-versiegelung24-n-tuotteista\/tietotaito\/alypuhelinten-nestelasitiivistys\/","title":{"rendered":"\u00c4lypuhelinten ja tablettien nestem\u00e4inen lasitiiviste &#8211; suojaa n\u00e4ytt\u00f6j\u00e4 ja lis\u00e4\u00e4 niiden k\u00e4ytt\u00f6ik\u00e4\u00e4"},"content":{"rendered":"\n<h1 class=\"wp-block-heading\" id=\"h-smartphone-flussigglas-versiegelung\">\u00c4lypuhelimen nestelasitiiviste<\/h1>\n\n<p>L\u00e4hes jokaisella on nyky\u00e4\u00e4n \u00e4lypuhelin. Valitettavasti n\u00e4m\u00e4 pienet ihmekoneet ovat eritt\u00e4in herkki\u00e4. P\u00e4ivitt\u00e4isess\u00e4 k\u00e4yt\u00f6ss\u00e4 n\u00e4kyy kulumisen merkkej\u00e4, kuten naarmuja tai sormenj\u00e4lki\u00e4, jotka j\u00e4\u00e4v\u00e4t itsepintaisesti n\u00e4yt\u00f6lle. Seuraava video k\u00e4sittelee t\u00e4t\u00e4 ongelmaa ja n\u00e4ytt\u00e4\u00e4, kuinka voit est\u00e4\u00e4 n\u00e4m\u00e4 k\u00e4yt\u00f6n merkit. <\/p>\n\n<figure class=\"wp-block-embed aligncenter is-type-video is-provider-youtube wp-block-embed-youtube wp-embed-aspect-16-9 wp-has-aspect-ratio\"><div class=\"wp-block-embed__wrapper\"> \n<div class=\"nv-iframe-embed\"><iframe title=\"901 LiquiGlas Mobile Phone Coating   Preparation + application process\" width=\"1200\" height=\"675\" src=\"https:\/\/www.youtube.com\/embed\/8JLSZ1KA-yU?feature=oembed\" frameborder=\"0\" allow=\"accelerometer; autoplay; clipboard-write; encrypted-media; gyroscope; picture-in-picture\" allowfullscreen><\/iframe><\/div>\n <\/div><\/figure>\n\n<br\/>\n<br\/>\n\n<div class=\"wp-block-columns is-layout-flex wp-container-core-columns-is-layout-9d6595d7 wp-block-columns-is-layout-flex\">\n<div class=\"wp-block-column is-layout-flow wp-block-column-is-layout-flow\" style=\"flex-basis:33.33%\">\n<h2 class=\"wp-block-heading\" id=\"h-anleitung-smartphone-display-einfach-versiegeln\">Ohjeet &#8211; Yksinkertaisesti sinet\u00f6i \u00e4lypuhelimen n\u00e4ytt\u00f6<\/h2>\n\n\n\n<ul class=\"wp-block-list\">\n<li>Heti videon alussa n\u00e4et, ett\u00e4 kaikki <a href=\"https:\/\/www.versiegelung24.com\/fi\/neste-lasi-matkapuhelin-tiiviste-neste-naeytoen-suoja.html\" target=\"_blank\" rel=\"noreferrer noopener\">matkapuhelimesi<\/a> sinet\u00f6imiseen tarvittava on koottu k\u00e4yt\u00e4nn\u00f6lliseksi setiksi. T\u00e4m\u00e4 sis\u00e4lt\u00e4\u00e4:<\/li>\n\n\n\n<li><strong>K\u00e4sine<\/strong> v\u00e4ltt\u00e4\u00e4ksesi sormenj\u00e4lki\u00e4<\/li>\n\n\n\n<li><strong><a href=\"https:\/\/www.versiegelung24.com\/reinigung\/bioethanol\/\">Etanoliin liotettu<\/a> puhdistusliina<\/strong><\/li>\n\n\n\n<li><strong>Kiillotusliina<\/strong><\/li>\n\n\n\n<li>A <strong><a href=\"https:\/\/www.versiegelung24.com\/fi\/mikrokuituliina-10x10cm-ammattikaeyttoeoen-tarkoitettu-nestelasisovellus.html\" target=\"_blank\" rel=\"noreferrer noopener\">nestem\u00e4inen lasikangas<\/a><\/strong> tiivist\u00e4miseen<\/li>\n<\/ul>\n\n\n\n<p><\/p>\n\n\n\n<p>K\u00e4yt\u00f6n aikana \u00e4lypuhelinta pidet\u00e4\u00e4n vain k\u00e4dess\u00e4, jolla k\u00e4sine sijaitsee, jotta v\u00e4ltet\u00e4\u00e4n uudet sormenj\u00e4ljet &#8211; ne ovat paksumpia kuin nestem\u00e4inen lasipinnoite ja est\u00e4v\u00e4t oikean tiivistyksen.<\/p>\n<\/div>\n\n\n\n<div class=\"wp-block-column is-layout-flow wp-block-column-is-layout-flow\" style=\"flex-basis:66.66%\">\n<figure class=\"wp-block-image size-large\"><img fetchpriority=\"high\" decoding=\"async\" width=\"1300\" height=\"867\" src=\"https:\/\/www.versiegelung24.com\/wp-content\/uploads\/2021\/12\/smart_liq-1300x867.jpg\" alt=\"\" class=\"wp-image-40898\" srcset=\"https:\/\/www.versiegelung24.com\/wp-content\/uploads\/2021\/12\/smart_liq-1300x867.jpg 1300w, https:\/\/www.versiegelung24.com\/wp-content\/uploads\/2021\/12\/smart_liq-scaled-600x400.jpg 600w, https:\/\/www.versiegelung24.com\/wp-content\/uploads\/2021\/12\/smart_liq-300x200.jpg 300w, https:\/\/www.versiegelung24.com\/wp-content\/uploads\/2021\/12\/smart_liq-768x512.jpg 768w, https:\/\/www.versiegelung24.com\/wp-content\/uploads\/2021\/12\/smart_liq-1536x1024.jpg 1536w, https:\/\/www.versiegelung24.com\/wp-content\/uploads\/2021\/12\/smart_liq-2048x1366.jpg 2048w, https:\/\/www.versiegelung24.com\/wp-content\/uploads\/2021\/12\/smart_liq-930x620.jpg 930w\" sizes=\"(max-width: 1300px) 100vw, 1300px\" \/><\/figure>\n<\/div>\n<\/div>\n\n<p>Esipuhdistuksen j\u00e4lkeen n\u00e4ytt\u00f6 hierotaan kuivaksi ja t\u00e4ll\u00e4 tavalla mahdolliset j\u00e4ljet tai rasva poistetaan. <strong>T\u00e4ss\u00e4 tulee k\u00e4ytt\u00e4\u00e4 vain toista mikrokuituliinan puolta<\/strong> \u2013 <strong>toista puolta tarvitaan my\u00f6hemmin<\/strong> tiivisteen kiillottamiseen. Seuraavassa vaiheessa nestem\u00e4iseen lasiin kasteltu liina puretaan ja &#8211; kuten esipuhdistuksessa &#8211; koko \u00e4lypuhelin hierotaan sill\u00e4. Se voidaan tiivist\u00e4\u00e4 ymp\u00e4ri nestem\u00e4isell\u00e4 lasilla. Matkapuhelimien takaosat ovat usein nyky\u00e4\u00e4n lasia.<\/p>\n\n<p>Ainakin sen j\u00e4lkeen \u00c4lypuhelimen pinta on kiillotettu 30 minuutin ajan &#8211; tiivistys on tehty. Videolta n\u00e4et neuvon, ett\u00e4 nestem\u00e4isen lasin on hyv\u00e4 antaa kovettua y\u00f6n yli &#8211; noudata t\u00e4t\u00e4 suositusta, koska sit\u00e4 kest\u00e4v\u00e4mpi suojakerros on j\u00e4lkeenp\u00e4in. Suojan s\u00e4ilytt\u00e4miseksi on suositeltavaa levitt\u00e4\u00e4 tiiviste s\u00e4\u00e4nn\u00f6llisin v\u00e4liajoin uudelleen.<\/p>\n\n","protected":false},"excerpt":{"rendered":"<p>\u00c4lypuhelimesi maksimaalinen suojaus innovatiivisella nestem\u00e4isell\u00e4 lasitiivisteell\u00e4.<\/p>\n","protected":false},"author":932,"featured_media":41491,"parent":34625,"menu_order":0,"comment_status":"closed","ping_status":"closed","template":"","meta":{"_acf_changed":false,"neve_meta_sidebar":"full-width","neve_meta_container":"","neve_meta_enable_content_width":"on","neve_meta_content_width":100,"neve_meta_title_alignment":"","neve_meta_author_avatar":"","neve_post_elements_order":"","neve_meta_disable_header":"","neve_meta_disable_footer":"","neve_meta_disable_title":"","neve_meta_reading_time":"","footnotes":""},"categories":[3590,3496],"seiten_kategorie":[3830],"class_list":["post-41025","page","type-page","status-publish","has-post-thumbnail","hentry","category-elaemaentapa","category-neuvoja-artikkeli-lehti"],"acf":[],"yoast_head":"<!-- This site is optimized with the Yoast SEO Premium plugin v22.8 (Yoast SEO v27.5) - https:\/\/yoast.com\/product\/yoast-seo-premium-wordpress\/ -->\n<title>Suojaa \u00e4lypuhelimesi ja tablettisi nestem\u00e4isell\u00e4 lasitiivisteell\u00e4!<\/title>\n<meta name=\"description\" content=\"Suojaa \u00e4lypuhelimesi ja tablettisi tiivisteell\u00e4mme! Nestem\u00e4inen lasitiiviste \u00e4lypuhelimen n\u00e4yt\u00f6n optimaaliseen suojaamiseen!\" \/>\n<meta name=\"robots\" content=\"index, follow, max-snippet:-1, max-image-preview:large, max-video-preview:-1\" \/>\n<link rel=\"canonical\" href=\"https:\/\/www.versiegelung24.com\/fi\/neuvoja-versiegelung24-n-tuotteista\/tietotaito\/alypuhelinten-nestelasitiivistys\/\" \/>\n<meta property=\"og:locale\" content=\"fi_FI\" \/>\n<meta property=\"og:type\" content=\"article\" \/>\n<meta property=\"og:title\" content=\"\u00c4lypuhelinten ja tablettien nestem\u00e4inen lasitiiviste - suojaa n\u00e4ytt\u00f6j\u00e4 ja lis\u00e4\u00e4 niiden k\u00e4ytt\u00f6ik\u00e4\u00e4\" \/>\n<meta property=\"og:description\" content=\"Suojaa \u00e4lypuhelimesi ja tablettisi tiivisteell\u00e4mme! Nestem\u00e4inen lasitiiviste \u00e4lypuhelimen n\u00e4yt\u00f6n optimaaliseen suojaamiseen!\" \/>\n<meta property=\"og:url\" content=\"https:\/\/www.versiegelung24.com\/fi\/neuvoja-versiegelung24-n-tuotteista\/tietotaito\/alypuhelinten-nestelasitiivistys\/\" \/>\n<meta property=\"og:site_name\" content=\"versiegelung24.com\" \/>\n<meta property=\"article:modified_time\" content=\"2024-09-01T20:43:17+00:00\" \/>\n<meta property=\"og:image\" content=\"https:\/\/www.versiegelung24.com\/wp-content\/uploads\/2021\/12\/smart_liq-1-scaled.jpg\" \/>\n\t<meta property=\"og:image:width\" content=\"2560\" \/>\n\t<meta property=\"og:image:height\" content=\"2560\" \/>\n\t<meta property=\"og:image:type\" content=\"image\/jpeg\" \/>\n<meta name=\"twitter:card\" content=\"summary_large_image\" \/>\n<meta name=\"twitter:label1\" content=\"Arvioitu lukuaika\" \/>\n\t<meta name=\"twitter:data1\" content=\"1 minuutti\" \/>\n<script type=\"application\/ld+json\" class=\"yoast-schema-graph\">{\"@context\":\"https:\\\/\\\/schema.org\",\"@graph\":[{\"@type\":\"WebPage\",\"@id\":\"https:\\\/\\\/www.versiegelung24.com\\\/fi\\\/neuvoja-versiegelung24-n-tuotteista\\\/tietotaito\\\/alypuhelinten-nestelasitiivistys\\\/\",\"url\":\"https:\\\/\\\/www.versiegelung24.com\\\/fi\\\/neuvoja-versiegelung24-n-tuotteista\\\/tietotaito\\\/alypuhelinten-nestelasitiivistys\\\/\",\"name\":\"Suojaa \u00e4lypuhelimesi ja tablettisi nestem\u00e4isell\u00e4 lasitiivisteell\u00e4!\",\"isPartOf\":{\"@id\":\"https:\\\/\\\/www.versiegelung24.com\\\/fi\\\/#website\"},\"primaryImageOfPage\":{\"@id\":\"https:\\\/\\\/www.versiegelung24.com\\\/fi\\\/neuvoja-versiegelung24-n-tuotteista\\\/tietotaito\\\/alypuhelinten-nestelasitiivistys\\\/#primaryimage\"},\"image\":{\"@id\":\"https:\\\/\\\/www.versiegelung24.com\\\/fi\\\/neuvoja-versiegelung24-n-tuotteista\\\/tietotaito\\\/alypuhelinten-nestelasitiivistys\\\/#primaryimage\"},\"thumbnailUrl\":\"https:\\\/\\\/www.versiegelung24.com\\\/wp-content\\\/uploads\\\/2021\\\/12\\\/smart_liq-1-scaled.jpg\",\"datePublished\":\"2021-12-14T13:15:26+00:00\",\"dateModified\":\"2024-09-01T20:43:17+00:00\",\"description\":\"Suojaa \u00e4lypuhelimesi ja tablettisi tiivisteell\u00e4mme! Nestem\u00e4inen lasitiiviste \u00e4lypuhelimen n\u00e4yt\u00f6n optimaaliseen suojaamiseen!\",\"breadcrumb\":{\"@id\":\"https:\\\/\\\/www.versiegelung24.com\\\/fi\\\/neuvoja-versiegelung24-n-tuotteista\\\/tietotaito\\\/alypuhelinten-nestelasitiivistys\\\/#breadcrumb\"},\"inLanguage\":\"fi\",\"potentialAction\":[{\"@type\":\"ReadAction\",\"target\":[\"https:\\\/\\\/www.versiegelung24.com\\\/fi\\\/neuvoja-versiegelung24-n-tuotteista\\\/tietotaito\\\/alypuhelinten-nestelasitiivistys\\\/\"]}]},{\"@type\":\"ImageObject\",\"inLanguage\":\"fi\",\"@id\":\"https:\\\/\\\/www.versiegelung24.com\\\/fi\\\/neuvoja-versiegelung24-n-tuotteista\\\/tietotaito\\\/alypuhelinten-nestelasitiivistys\\\/#primaryimage\",\"url\":\"https:\\\/\\\/www.versiegelung24.com\\\/wp-content\\\/uploads\\\/2021\\\/12\\\/smart_liq-1-scaled.jpg\",\"contentUrl\":\"https:\\\/\\\/www.versiegelung24.com\\\/wp-content\\\/uploads\\\/2021\\\/12\\\/smart_liq-1-scaled.jpg\",\"width\":2560,\"height\":2560},{\"@type\":\"BreadcrumbList\",\"@id\":\"https:\\\/\\\/www.versiegelung24.com\\\/fi\\\/neuvoja-versiegelung24-n-tuotteista\\\/tietotaito\\\/alypuhelinten-nestelasitiivistys\\\/#breadcrumb\",\"itemListElement\":[{\"@type\":\"ListItem\",\"position\":1,\"name\":\"Kotisivu\",\"item\":\"https:\\\/\\\/www.versiegelung24.com\\\/fi\\\/etupuolella\\\/\"},{\"@type\":\"ListItem\",\"position\":2,\"name\":\"Neuvonantaja\",\"item\":\"https:\\\/\\\/www.versiegelung24.com\\\/fi\\\/ratgeber\\\/\"},{\"@type\":\"ListItem\",\"position\":3,\"name\":\"-lehte\u00e4\",\"item\":\"https:\\\/\\\/www.versiegelung24.com\\\/fi\\\/ratgeber\\\/magazin\\\/\"},{\"@type\":\"ListItem\",\"position\":4,\"name\":\"\u00c4lypuhelinten ja tablettien nestem\u00e4inen lasitiiviste &#8211; suojaa n\u00e4ytt\u00f6j\u00e4 ja lis\u00e4\u00e4 niiden k\u00e4ytt\u00f6ik\u00e4\u00e4\"}]},{\"@type\":\"WebSite\",\"@id\":\"https:\\\/\\\/www.versiegelung24.com\\\/fi\\\/#website\",\"url\":\"https:\\\/\\\/www.versiegelung24.com\\\/fi\\\/\",\"name\":\"versiegelung24.com\",\"description\":\"Fl\u00fcssigglas-Versiegelung - Made in Germany\",\"publisher\":{\"@id\":\"https:\\\/\\\/www.versiegelung24.com\\\/fi\\\/#organization\"},\"potentialAction\":[{\"@type\":\"SearchAction\",\"target\":{\"@type\":\"EntryPoint\",\"urlTemplate\":\"https:\\\/\\\/www.versiegelung24.com\\\/fi\\\/?s={search_term_string}\"},\"query-input\":{\"@type\":\"PropertyValueSpecification\",\"valueRequired\":true,\"valueName\":\"search_term_string\"}}],\"inLanguage\":\"fi\"},{\"@type\":\"Organization\",\"@id\":\"https:\\\/\\\/www.versiegelung24.com\\\/fi\\\/#organization\",\"name\":\"versiegelung24\",\"url\":\"https:\\\/\\\/www.versiegelung24.com\\\/fi\\\/\",\"logo\":{\"@type\":\"ImageObject\",\"inLanguage\":\"fi\",\"@id\":\"https:\\\/\\\/www.versiegelung24.com\\\/fi\\\/#\\\/schema\\\/logo\\\/image\\\/\",\"url\":\"https:\\\/\\\/www.versiegelung24.com\\\/wp-content\\\/uploads\\\/2020\\\/04\\\/versiegelung24.png\",\"contentUrl\":\"https:\\\/\\\/www.versiegelung24.com\\\/wp-content\\\/uploads\\\/2020\\\/04\\\/versiegelung24.png\",\"width\":470,\"height\":102,\"caption\":\"versiegelung24\"},\"image\":{\"@id\":\"https:\\\/\\\/www.versiegelung24.com\\\/fi\\\/#\\\/schema\\\/logo\\\/image\\\/\"}}]}<\/script>\n<!-- \/ Yoast SEO Premium plugin. -->","yoast_head_json":{"title":"Suojaa \u00e4lypuhelimesi ja tablettisi nestem\u00e4isell\u00e4 lasitiivisteell\u00e4!","description":"Suojaa \u00e4lypuhelimesi ja tablettisi tiivisteell\u00e4mme! Nestem\u00e4inen lasitiiviste \u00e4lypuhelimen n\u00e4yt\u00f6n optimaaliseen suojaamiseen!","robots":{"index":"index","follow":"follow","max-snippet":"max-snippet:-1","max-image-preview":"max-image-preview:large","max-video-preview":"max-video-preview:-1"},"canonical":"https:\/\/www.versiegelung24.com\/fi\/neuvoja-versiegelung24-n-tuotteista\/tietotaito\/alypuhelinten-nestelasitiivistys\/","og_locale":"fi_FI","og_type":"article","og_title":"\u00c4lypuhelinten ja tablettien nestem\u00e4inen lasitiiviste - suojaa n\u00e4ytt\u00f6j\u00e4 ja lis\u00e4\u00e4 niiden k\u00e4ytt\u00f6ik\u00e4\u00e4","og_description":"Suojaa \u00e4lypuhelimesi ja tablettisi tiivisteell\u00e4mme! Nestem\u00e4inen lasitiiviste \u00e4lypuhelimen n\u00e4yt\u00f6n optimaaliseen suojaamiseen!","og_url":"https:\/\/www.versiegelung24.com\/fi\/neuvoja-versiegelung24-n-tuotteista\/tietotaito\/alypuhelinten-nestelasitiivistys\/","og_site_name":"versiegelung24.com","article_modified_time":"2024-09-01T20:43:17+00:00","og_image":[{"width":2560,"height":2560,"url":"https:\/\/www.versiegelung24.com\/wp-content\/uploads\/2021\/12\/smart_liq-1-scaled.jpg","type":"image\/jpeg"}],"twitter_card":"summary_large_image","twitter_misc":{"Arvioitu lukuaika":"1 minuutti"},"schema":{"@context":"https:\/\/schema.org","@graph":[{"@type":"WebPage","@id":"https:\/\/www.versiegelung24.com\/fi\/neuvoja-versiegelung24-n-tuotteista\/tietotaito\/alypuhelinten-nestelasitiivistys\/","url":"https:\/\/www.versiegelung24.com\/fi\/neuvoja-versiegelung24-n-tuotteista\/tietotaito\/alypuhelinten-nestelasitiivistys\/","name":"Suojaa \u00e4lypuhelimesi ja tablettisi nestem\u00e4isell\u00e4 lasitiivisteell\u00e4!","isPartOf":{"@id":"https:\/\/www.versiegelung24.com\/fi\/#website"},"primaryImageOfPage":{"@id":"https:\/\/www.versiegelung24.com\/fi\/neuvoja-versiegelung24-n-tuotteista\/tietotaito\/alypuhelinten-nestelasitiivistys\/#primaryimage"},"image":{"@id":"https:\/\/www.versiegelung24.com\/fi\/neuvoja-versiegelung24-n-tuotteista\/tietotaito\/alypuhelinten-nestelasitiivistys\/#primaryimage"},"thumbnailUrl":"https:\/\/www.versiegelung24.com\/wp-content\/uploads\/2021\/12\/smart_liq-1-scaled.jpg","datePublished":"2021-12-14T13:15:26+00:00","dateModified":"2024-09-01T20:43:17+00:00","description":"Suojaa \u00e4lypuhelimesi ja tablettisi tiivisteell\u00e4mme! Nestem\u00e4inen lasitiiviste \u00e4lypuhelimen n\u00e4yt\u00f6n optimaaliseen suojaamiseen!","breadcrumb":{"@id":"https:\/\/www.versiegelung24.com\/fi\/neuvoja-versiegelung24-n-tuotteista\/tietotaito\/alypuhelinten-nestelasitiivistys\/#breadcrumb"},"inLanguage":"fi","potentialAction":[{"@type":"ReadAction","target":["https:\/\/www.versiegelung24.com\/fi\/neuvoja-versiegelung24-n-tuotteista\/tietotaito\/alypuhelinten-nestelasitiivistys\/"]}]},{"@type":"ImageObject","inLanguage":"fi","@id":"https:\/\/www.versiegelung24.com\/fi\/neuvoja-versiegelung24-n-tuotteista\/tietotaito\/alypuhelinten-nestelasitiivistys\/#primaryimage","url":"https:\/\/www.versiegelung24.com\/wp-content\/uploads\/2021\/12\/smart_liq-1-scaled.jpg","contentUrl":"https:\/\/www.versiegelung24.com\/wp-content\/uploads\/2021\/12\/smart_liq-1-scaled.jpg","width":2560,"height":2560},{"@type":"BreadcrumbList","@id":"https:\/\/www.versiegelung24.com\/fi\/neuvoja-versiegelung24-n-tuotteista\/tietotaito\/alypuhelinten-nestelasitiivistys\/#breadcrumb","itemListElement":[{"@type":"ListItem","position":1,"name":"Kotisivu","item":"https:\/\/www.versiegelung24.com\/fi\/etupuolella\/"},{"@type":"ListItem","position":2,"name":"Neuvonantaja","item":"https:\/\/www.versiegelung24.com\/fi\/ratgeber\/"},{"@type":"ListItem","position":3,"name":"-lehte\u00e4","item":"https:\/\/www.versiegelung24.com\/fi\/ratgeber\/magazin\/"},{"@type":"ListItem","position":4,"name":"\u00c4lypuhelinten ja tablettien nestem\u00e4inen lasitiiviste &#8211; suojaa n\u00e4ytt\u00f6j\u00e4 ja lis\u00e4\u00e4 niiden k\u00e4ytt\u00f6ik\u00e4\u00e4"}]},{"@type":"WebSite","@id":"https:\/\/www.versiegelung24.com\/fi\/#website","url":"https:\/\/www.versiegelung24.com\/fi\/","name":"versiegelung24.com","description":"Fl\u00fcssigglas-Versiegelung - Made in Germany","publisher":{"@id":"https:\/\/www.versiegelung24.com\/fi\/#organization"},"potentialAction":[{"@type":"SearchAction","target":{"@type":"EntryPoint","urlTemplate":"https:\/\/www.versiegelung24.com\/fi\/?s={search_term_string}"},"query-input":{"@type":"PropertyValueSpecification","valueRequired":true,"valueName":"search_term_string"}}],"inLanguage":"fi"},{"@type":"Organization","@id":"https:\/\/www.versiegelung24.com\/fi\/#organization","name":"versiegelung24","url":"https:\/\/www.versiegelung24.com\/fi\/","logo":{"@type":"ImageObject","inLanguage":"fi","@id":"https:\/\/www.versiegelung24.com\/fi\/#\/schema\/logo\/image\/","url":"https:\/\/www.versiegelung24.com\/wp-content\/uploads\/2020\/04\/versiegelung24.png","contentUrl":"https:\/\/www.versiegelung24.com\/wp-content\/uploads\/2020\/04\/versiegelung24.png","width":470,"height":102,"caption":"versiegelung24"},"image":{"@id":"https:\/\/www.versiegelung24.com\/fi\/#\/schema\/logo\/image\/"}}]}},"_links":{"self":[{"href":"https:\/\/www.versiegelung24.com\/fi\/wp-json\/wp\/v2\/pages\/41025","targetHints":{"allow":["GET"]}}],"collection":[{"href":"https:\/\/www.versiegelung24.com\/fi\/wp-json\/wp\/v2\/pages"}],"about":[{"href":"https:\/\/www.versiegelung24.com\/fi\/wp-json\/wp\/v2\/types\/page"}],"author":[{"embeddable":true,"href":"https:\/\/www.versiegelung24.com\/fi\/wp-json\/wp\/v2\/users\/932"}],"replies":[{"embeddable":true,"href":"https:\/\/www.versiegelung24.com\/fi\/wp-json\/wp\/v2\/comments?post=41025"}],"version-history":[{"count":15,"href":"https:\/\/www.versiegelung24.com\/fi\/wp-json\/wp\/v2\/pages\/41025\/revisions"}],"predecessor-version":[{"id":173420,"href":"https:\/\/www.versiegelung24.com\/fi\/wp-json\/wp\/v2\/pages\/41025\/revisions\/173420"}],"up":[{"embeddable":true,"href":"https:\/\/www.versiegelung24.com\/fi\/wp-json\/wp\/v2\/pages\/34625"}],"wp:featuredmedia":[{"embeddable":true,"href":"https:\/\/www.versiegelung24.com\/fi\/wp-json\/wp\/v2\/media\/41491"}],"wp:attachment":[{"href":"https:\/\/www.versiegelung24.com\/fi\/wp-json\/wp\/v2\/media?parent=41025"}],"wp:term":[{"taxonomy":"category","embeddable":true,"href":"https:\/\/www.versiegelung24.com\/fi\/wp-json\/wp\/v2\/categories?post=41025"},{"taxonomy":"seiten_kategorie","embeddable":true,"href":"https:\/\/www.versiegelung24.com\/fi\/wp-json\/wp\/v2\/seiten_kategorie?post=41025"}],"curies":[{"name":"wp","href":"https:\/\/api.w.org\/{rel}","templated":true}]}}