{"id":41067,"date":"2021-12-14T14:15:38","date_gmt":"2021-12-14T13:15:38","guid":{"rendered":"https:\/\/www.versiegelung24.com\/neuvoja-versiegelung24-n-tuotteista\/tietotaito\/graffiti-suoja"},"modified":"2024-09-01T18:17:17","modified_gmt":"2024-09-01T16:17:17","slug":"graffitisuojaus-nestemaisella-lasilla","status":"publish","type":"page","link":"https:\/\/www.versiegelung24.com\/fi\/neuvoja-versiegelung24-n-tuotteista\/tietotaito\/graffitisuojaus-nestemaisella-lasilla\/","title":{"rendered":"Julkisivun graffitisuojaus"},"content":{"rendered":"\n<h1 class=\"wp-block-heading\" id=\"h-graffiti-schutz-mit-flussigglas\">Graffiti -suoja nestelasilla<\/h1>\n\n<p>T\u00e4m\u00e4n videon pit\u00e4isi olla erityisen mielenkiintoinen kaupungeille ja kunnille tai vaurioituneille kiinteist\u00f6nomistajille, joilla on jo kokemusta graffitiruiskujen aiheuttamasta saastumisesta. &#8220;Taiteilijoiden&#8221; v\u00e4rit ovat pysyvi\u00e4 ja tunkeutuvat betoniin tai kiveen ruiskutettaessa. T\u00e4m\u00e4n seurauksena graffitin poistaminen on eritt\u00e4in kallista ja aikaa viev\u00e4\u00e4, mik\u00e4 on yleens\u00e4 teht\u00e4v\u00e4 ammattimaisesti.<\/p>\n\n<figure class=\"wp-block-embed aligncenter is-type-video is-provider-youtube wp-block-embed-youtube wp-embed-aspect-16-9 wp-has-aspect-ratio\"><div class=\"wp-block-embed__wrapper\"> \n<div class=\"nv-iframe-embed\"><iframe title=\"Graffiti Protection Pro 626 - How does it work?\" width=\"1200\" height=\"675\" src=\"https:\/\/www.youtube.com\/embed\/dP9jGmUvoek?feature=oembed\" frameborder=\"0\" allow=\"accelerometer; autoplay; clipboard-write; encrypted-media; gyroscope; picture-in-picture\" allowfullscreen><\/iframe><\/div>\n <\/div><\/figure>\n\n<div class=\"wp-block-columns is-layout-flex wp-container-core-columns-is-layout-9d6595d7 wp-block-columns-is-layout-flex\">\n<div class=\"wp-block-column is-layout-flow wp-block-column-is-layout-flow\" style=\"flex-basis:66.66%\">\n<p>Video n\u00e4ytt\u00e4\u00e4 vertailun kahteen betonitiiliin:<\/p>\n\n\n\n<p><a href=\"https:\/\/www.versiegelung24.com\/fi\/anti-graffiti-suojaava-pinnoite-erittaein-tehokas-julkisivutiiviste.html\">Yksi kivi on t\u00e4ysin suljettu nestem\u00e4isell\u00e4 lasilla<\/a> , toinen ei. Nyt, vastineena v\u00e4risuihkulle, ristille on maalattu vastaavalle kivelle merkkikyn\u00e4ll\u00e4. T\u00e4ss\u00e4kin n\u00e4et heti &#8211; k\u00e4sittelem\u00e4tt\u00f6m\u00e4n kiven tapauksessa musta v\u00e4ri vedet\u00e4\u00e4n heti sis\u00e4\u00e4n, risti on selv\u00e4sti n\u00e4kyviss\u00e4. Kun kivi on tiivistetty, v\u00e4ri ei p\u00e4\u00e4se tunkeutumaan <a href=\"https:\/\/www.versiegelung24.com\/fi\/anti-graffiti-suojaava-pinnoite-erittaein-tehokas-julkisivutiiviste.html\" target=\"_blank\" rel=\"noreferrer noopener\">nestem\u00e4isen<\/a> lasin l\u00e4pi, mik\u00e4 tarkoittaa, ett\u00e4 kiinnityst\u00e4 ei ole. Risti on siksi vain heikosti n\u00e4kyviss\u00e4 ja voidaan poistaa vain vedell\u00e4 j\u00e4tt\u00e4m\u00e4tt\u00e4 j\u00e4lki\u00e4. Yrit\u00e4t turhaan tehd\u00e4 t\u00e4m\u00e4n videon k\u00e4sittelem\u00e4tt\u00f6m\u00e4ll\u00e4 tiilell\u00e4. Monissa tapauksissa puhdistus voidaan tehd\u00e4 pelk\u00e4ll\u00e4 vedell\u00e4, mutta teho voi vaihdella graffitin tyypin mukaan.<\/p>\n\n\n\n<p>Nestem\u00e4ist\u00e4 lasipinnoitetta voidaan k\u00e4ytt\u00e4\u00e4 suojaamaan pintaa graffiteilta.\nOikein k\u00e4ytettyn\u00e4 ja suotuisissa olosuhteissa suojaava vaikutus voi kest\u00e4\u00e4 jopa 20 vuotta. <\/p>\n\n\n\n<p>Katso videolta, kuinka helppoa betonin tiivist\u00e4minen on: Ennen nestem\u00e4isen lasipinnoitteen levitt\u00e4mist\u00e4 pinta on puhdistettava ja kuivattava huolellisesti, jotta tiiviste tarttuu optimaalisesti ja jakautuu tasaisesti.<\/p>\n<\/div>\n\n\n\n<div class=\"wp-block-column is-layout-flow wp-block-column-is-layout-flow\" style=\"flex-basis:33.33%\"><div class=\"wp-block-image\">\n<figure class=\"alignright size-full is-resized\"><img fetchpriority=\"high\" decoding=\"async\" width=\"1000\" height=\"1000\" src=\"https:\/\/www.versiegelung24.com\/wp-content\/uploads\/2021\/12\/graf-1.jpg\" alt=\"\" class=\"wp-image-40868\" style=\"width:313px;height:313px\" srcset=\"https:\/\/www.versiegelung24.com\/wp-content\/uploads\/2021\/12\/graf-1.jpg 1000w, https:\/\/www.versiegelung24.com\/wp-content\/uploads\/2021\/12\/graf-1-400x400.jpg 400w, https:\/\/www.versiegelung24.com\/wp-content\/uploads\/2021\/12\/graf-1-100x100.jpg 100w, https:\/\/www.versiegelung24.com\/wp-content\/uploads\/2021\/12\/graf-1-600x600.jpg 600w, https:\/\/www.versiegelung24.com\/wp-content\/uploads\/2021\/12\/graf-1-300x300.jpg 300w, https:\/\/www.versiegelung24.com\/wp-content\/uploads\/2021\/12\/graf-1-80x80.jpg 80w, https:\/\/www.versiegelung24.com\/wp-content\/uploads\/2021\/12\/graf-1-768x768.jpg 768w\" sizes=\"(max-width: 1000px) 100vw, 1000px\" \/><\/figure>\n<\/div><\/div>\n<\/div>\n<div class=\"woocommerce columns-4 \"><ul class=\"products columns-4\">\n<li class=\"product type-product post-23957 status-publish first instock product_cat-kiven-ja-betonin-tiivistys has-post-thumbnail taxable shipping-taxable purchasable product-type-variable has-default-attributes\">\n\t<div class=\"nv-card-content-wrapper\"><a href=\"https:\/\/www.versiegelung24.com\/fi\/anti-graffiti-suojaava-pinnoite-erittaein-tehokas-julkisivutiiviste.html\" class=\"woocommerce-LoopProduct-link woocommerce-loop-product__link\"><div class=\"sp-product-image \"><div class=\"img-wrap\"><img decoding=\"async\" width=\"400\" height=\"400\" src=\"https:\/\/www.versiegelung24.com\/wp-content\/uploads\/2020\/04\/7626-anti-graffiti-400x400.webp\" class=\"attachment-woocommerce_thumbnail size-woocommerce_thumbnail\" alt=\"Graffitisuojapinnoite - Anti graffiti-pinnoite\" srcset=\"https:\/\/www.versiegelung24.com\/wp-content\/uploads\/2020\/04\/7626-anti-graffiti-400x400.webp 400w, https:\/\/www.versiegelung24.com\/wp-content\/uploads\/2020\/04\/7626-anti-graffiti-300x300.webp 300w, https:\/\/www.versiegelung24.com\/wp-content\/uploads\/2020\/04\/7626-anti-graffiti-1300x1300.webp 1300w, https:\/\/www.versiegelung24.com\/wp-content\/uploads\/2020\/04\/7626-anti-graffiti-80x80.webp 80w, https:\/\/www.versiegelung24.com\/wp-content\/uploads\/2020\/04\/7626-anti-graffiti-768x768.webp 768w, https:\/\/www.versiegelung24.com\/wp-content\/uploads\/2020\/04\/7626-anti-graffiti-1536x1536.webp 1536w, https:\/\/www.versiegelung24.com\/wp-content\/uploads\/2020\/04\/7626-anti-graffiti-2048x2048.webp 2048w, https:\/\/www.versiegelung24.com\/wp-content\/uploads\/2020\/04\/7626-anti-graffiti-70x70.webp 70w, https:\/\/www.versiegelung24.com\/wp-content\/uploads\/2020\/04\/7626-anti-graffiti-600x600.webp 600w, https:\/\/www.versiegelung24.com\/wp-content\/uploads\/2020\/04\/7626-anti-graffiti-100x100.webp 100w\" sizes=\"(max-width: 400px) 100vw, 400px\" \/><\/div><\/div><h2 class=\"woocommerce-loop-product__title\">Graffitisuojapinnoite &#8211; Anti graffiti-pinnoite<\/h2>\n\t<span class=\"price\"><span class=\"woocommerce-Price-amount amount\"><bdi>359,00<span class=\"woocommerce-Price-currencySymbol\">&euro;<\/span><\/bdi><\/span><\/span>\n\n\n\t<p class=\"price price-unit smaller wc-gzd-additional-info wc-gzd-additional-info-loop\">(<span class=\"woocommerce-Price-amount amount\">71,80<span class=\"woocommerce-Price-currencySymbol\">&euro;<\/span><\/span> \/ <span class=\"unit\">l<\/span>)<\/p>\n\n<\/a>\t\t<p class=\"artikelnummer wc-gzd-additional-info\">\n\t\t\tTuotetunnus (SKU): 9201-7626-5000\t\t<\/p>\n\t\t\n\t<p class=\"wc-gzd-additional-info wc-gzd-additional-info-loop product-units-wrapper product-units\">Sis\u00e4lt\u00f6: 5 <span class=\"unit\">l<\/span><\/p>\n\t\t<p class=\"lagerbestand wc-gzd-additional-info\">\n\t\t\t<strong>\n\t\t\t\tVarasto\t\t\t\t:\n\t\t\t<\/strong>\n\t\t\tVarastossa\t\t<\/p>\n\t\t\n\t<p class=\"wc-gzd-additional-info delivery-time-info wc-gzd-additional-info-loop\"><span class=\"delivery-time-inner delivery-time-7-typiv\">Toimitusaika:  <span class=\"delivery-time-data\">7 ty\u00f6p\u00e4iv\u00e4\u00e4<\/span><\/span><\/p>\n\n\t<p class=\"wc-gzd-additional-info wc-gzd-additional-info-loop tax-info\">incl. VAT<\/p>\n\n\t<p class=\"wc-gzd-additional-info wc-gzd-additional-info-loop shipping-costs-info\">sek\u00e4  <a href=\"https:\/\/www.versiegelung24.com\/fi\/laivaus\/\" target=\"_blank\">laivaus<\/a><\/p>\n<a href=\"https:\/\/www.versiegelung24.com\/fi\/anti-graffiti-suojaava-pinnoite-erittaein-tehokas-julkisivutiiviste.html\" aria-describedby=\"woocommerce_loop_add_to_cart_link_describedby_23957\" data-quantity=\"1\" class=\"button product_type_variable add_to_cart_button\" data-product_id=\"23957\" data-product_sku=\"9201-7626-5000\" aria-label=\"Valitse valinnat &ldquo;Graffitisuojapinnoite - Anti graffiti-pinnoite&rdquo;\" rel=\"nofollow\">Valitse vaihtoehdoista<\/a>\t<span id=\"woocommerce_loop_add_to_cart_link_describedby_23957\" class=\"screen-reader-text\">\n\t\tT\u00e4ll\u00e4 tuotteella on useampi muunnelma. Voit tehd\u00e4 valinnat tuotteen sivulla.\t<\/span>\n<\/div><\/li>\n<\/ul>\n<\/div>\n\n","protected":false},"excerpt":{"rendered":"<p>Julista sota graffiteille &#8211; suojaa julkisivusi tehokkaasti nestem\u00e4isell\u00e4 lasilla.<\/p>\n","protected":false},"author":932,"featured_media":40878,"parent":34625,"menu_order":0,"comment_status":"closed","ping_status":"closed","template":"","meta":{"_acf_changed":false,"neve_meta_sidebar":"full-width","neve_meta_container":"","neve_meta_enable_content_width":"on","neve_meta_content_width":100,"neve_meta_title_alignment":"","neve_meta_author_avatar":"","neve_post_elements_order":"","neve_meta_disable_header":"","neve_meta_disable_footer":"","neve_meta_disable_title":"","neve_meta_reading_time":"","footnotes":""},"categories":[3496,3560],"seiten_kategorie":[3830],"class_list":["post-41067","page","type-page","status-publish","has-post-thumbnail","hentry","category-neuvoja-artikkeli-lehti","category-talo-ja-puutarha"],"acf":[],"yoast_head":"<!-- This site is optimized with the Yoast SEO Premium plugin v22.8 (Yoast SEO v27.5) - https:\/\/yoast.com\/product\/yoast-seo-premium-wordpress\/ -->\n<title>Nestem\u00e4inen gals versiegelung24.com - Julkisivun graffitisuojaus -<\/title>\n<meta name=\"description\" content=\"Nestem\u00e4inen tiivisteaine suojaa graffiteilta. Katso meilt\u00e4, kuinka voit suojata omaisuuttasi.\" \/>\n<meta name=\"robots\" content=\"index, follow, max-snippet:-1, max-image-preview:large, max-video-preview:-1\" \/>\n<link rel=\"canonical\" href=\"https:\/\/www.versiegelung24.com\/fi\/neuvoja-versiegelung24-n-tuotteista\/tietotaito\/graffitisuojaus-nestemaisella-lasilla\/\" \/>\n<meta property=\"og:locale\" content=\"fi_FI\" \/>\n<meta property=\"og:type\" content=\"article\" \/>\n<meta property=\"og:title\" content=\"Julkisivun graffitisuojaus\" \/>\n<meta property=\"og:description\" content=\"Nestem\u00e4inen tiivisteaine suojaa graffiteilta. Katso meilt\u00e4, kuinka voit suojata omaisuuttasi.\" \/>\n<meta property=\"og:url\" content=\"https:\/\/www.versiegelung24.com\/fi\/neuvoja-versiegelung24-n-tuotteista\/tietotaito\/graffitisuojaus-nestemaisella-lasilla\/\" \/>\n<meta property=\"og:site_name\" content=\"versiegelung24.com\" \/>\n<meta property=\"article:modified_time\" content=\"2024-09-01T16:17:17+00:00\" \/>\n<meta property=\"og:image\" content=\"https:\/\/www.versiegelung24.com\/wp-content\/uploads\/2021\/12\/graf-1.jpg\" \/>\n\t<meta property=\"og:image:width\" content=\"1000\" \/>\n\t<meta property=\"og:image:height\" content=\"1000\" \/>\n\t<meta property=\"og:image:type\" content=\"image\/jpeg\" \/>\n<meta name=\"twitter:card\" content=\"summary_large_image\" \/>\n<meta name=\"twitter:label1\" content=\"Arvioitu lukuaika\" \/>\n\t<meta name=\"twitter:data1\" content=\"1 minuutti\" \/>\n<script type=\"application\/ld+json\" class=\"yoast-schema-graph\">{\"@context\":\"https:\\\/\\\/schema.org\",\"@graph\":[{\"@type\":\"WebPage\",\"@id\":\"https:\\\/\\\/www.versiegelung24.com\\\/fi\\\/neuvoja-versiegelung24-n-tuotteista\\\/tietotaito\\\/graffitisuojaus-nestemaisella-lasilla\\\/\",\"url\":\"https:\\\/\\\/www.versiegelung24.com\\\/fi\\\/neuvoja-versiegelung24-n-tuotteista\\\/tietotaito\\\/graffitisuojaus-nestemaisella-lasilla\\\/\",\"name\":\"Nestem\u00e4inen gals versiegelung24.com - Julkisivun graffitisuojaus -\",\"isPartOf\":{\"@id\":\"https:\\\/\\\/www.versiegelung24.com\\\/fi\\\/#website\"},\"primaryImageOfPage\":{\"@id\":\"https:\\\/\\\/www.versiegelung24.com\\\/fi\\\/neuvoja-versiegelung24-n-tuotteista\\\/tietotaito\\\/graffitisuojaus-nestemaisella-lasilla\\\/#primaryimage\"},\"image\":{\"@id\":\"https:\\\/\\\/www.versiegelung24.com\\\/fi\\\/neuvoja-versiegelung24-n-tuotteista\\\/tietotaito\\\/graffitisuojaus-nestemaisella-lasilla\\\/#primaryimage\"},\"thumbnailUrl\":\"https:\\\/\\\/www.versiegelung24.com\\\/wp-content\\\/uploads\\\/2021\\\/12\\\/graf-1.jpg\",\"datePublished\":\"2021-12-14T13:15:38+00:00\",\"dateModified\":\"2024-09-01T16:17:17+00:00\",\"description\":\"Nestem\u00e4inen tiivisteaine suojaa graffiteilta. Katso meilt\u00e4, kuinka voit suojata omaisuuttasi.\",\"breadcrumb\":{\"@id\":\"https:\\\/\\\/www.versiegelung24.com\\\/fi\\\/neuvoja-versiegelung24-n-tuotteista\\\/tietotaito\\\/graffitisuojaus-nestemaisella-lasilla\\\/#breadcrumb\"},\"inLanguage\":\"fi\",\"potentialAction\":[{\"@type\":\"ReadAction\",\"target\":[\"https:\\\/\\\/www.versiegelung24.com\\\/fi\\\/neuvoja-versiegelung24-n-tuotteista\\\/tietotaito\\\/graffitisuojaus-nestemaisella-lasilla\\\/\"]}]},{\"@type\":\"ImageObject\",\"inLanguage\":\"fi\",\"@id\":\"https:\\\/\\\/www.versiegelung24.com\\\/fi\\\/neuvoja-versiegelung24-n-tuotteista\\\/tietotaito\\\/graffitisuojaus-nestemaisella-lasilla\\\/#primaryimage\",\"url\":\"https:\\\/\\\/www.versiegelung24.com\\\/wp-content\\\/uploads\\\/2021\\\/12\\\/graf-1.jpg\",\"contentUrl\":\"https:\\\/\\\/www.versiegelung24.com\\\/wp-content\\\/uploads\\\/2021\\\/12\\\/graf-1.jpg\",\"width\":1000,\"height\":1000},{\"@type\":\"BreadcrumbList\",\"@id\":\"https:\\\/\\\/www.versiegelung24.com\\\/fi\\\/neuvoja-versiegelung24-n-tuotteista\\\/tietotaito\\\/graffitisuojaus-nestemaisella-lasilla\\\/#breadcrumb\",\"itemListElement\":[{\"@type\":\"ListItem\",\"position\":1,\"name\":\"Kotisivu\",\"item\":\"https:\\\/\\\/www.versiegelung24.com\\\/fi\\\/etupuolella\\\/\"},{\"@type\":\"ListItem\",\"position\":2,\"name\":\"Neuvonantaja\",\"item\":\"https:\\\/\\\/www.versiegelung24.com\\\/fi\\\/ratgeber\\\/\"},{\"@type\":\"ListItem\",\"position\":3,\"name\":\"-lehte\u00e4\",\"item\":\"https:\\\/\\\/www.versiegelung24.com\\\/fi\\\/ratgeber\\\/magazin\\\/\"},{\"@type\":\"ListItem\",\"position\":4,\"name\":\"Julkisivun graffitisuojaus\"}]},{\"@type\":\"WebSite\",\"@id\":\"https:\\\/\\\/www.versiegelung24.com\\\/fi\\\/#website\",\"url\":\"https:\\\/\\\/www.versiegelung24.com\\\/fi\\\/\",\"name\":\"versiegelung24.com\",\"description\":\"Fl\u00fcssigglas-Versiegelung - Made in Germany\",\"publisher\":{\"@id\":\"https:\\\/\\\/www.versiegelung24.com\\\/fi\\\/#organization\"},\"potentialAction\":[{\"@type\":\"SearchAction\",\"target\":{\"@type\":\"EntryPoint\",\"urlTemplate\":\"https:\\\/\\\/www.versiegelung24.com\\\/fi\\\/?s={search_term_string}\"},\"query-input\":{\"@type\":\"PropertyValueSpecification\",\"valueRequired\":true,\"valueName\":\"search_term_string\"}}],\"inLanguage\":\"fi\"},{\"@type\":\"Organization\",\"@id\":\"https:\\\/\\\/www.versiegelung24.com\\\/fi\\\/#organization\",\"name\":\"versiegelung24\",\"url\":\"https:\\\/\\\/www.versiegelung24.com\\\/fi\\\/\",\"logo\":{\"@type\":\"ImageObject\",\"inLanguage\":\"fi\",\"@id\":\"https:\\\/\\\/www.versiegelung24.com\\\/fi\\\/#\\\/schema\\\/logo\\\/image\\\/\",\"url\":\"https:\\\/\\\/www.versiegelung24.com\\\/wp-content\\\/uploads\\\/2020\\\/04\\\/versiegelung24.png\",\"contentUrl\":\"https:\\\/\\\/www.versiegelung24.com\\\/wp-content\\\/uploads\\\/2020\\\/04\\\/versiegelung24.png\",\"width\":470,\"height\":102,\"caption\":\"versiegelung24\"},\"image\":{\"@id\":\"https:\\\/\\\/www.versiegelung24.com\\\/fi\\\/#\\\/schema\\\/logo\\\/image\\\/\"}}]}<\/script>\n<!-- \/ Yoast SEO Premium plugin. -->","yoast_head_json":{"title":"Nestem\u00e4inen gals versiegelung24.com - Julkisivun graffitisuojaus -","description":"Nestem\u00e4inen tiivisteaine suojaa graffiteilta. Katso meilt\u00e4, kuinka voit suojata omaisuuttasi.","robots":{"index":"index","follow":"follow","max-snippet":"max-snippet:-1","max-image-preview":"max-image-preview:large","max-video-preview":"max-video-preview:-1"},"canonical":"https:\/\/www.versiegelung24.com\/fi\/neuvoja-versiegelung24-n-tuotteista\/tietotaito\/graffitisuojaus-nestemaisella-lasilla\/","og_locale":"fi_FI","og_type":"article","og_title":"Julkisivun graffitisuojaus","og_description":"Nestem\u00e4inen tiivisteaine suojaa graffiteilta. Katso meilt\u00e4, kuinka voit suojata omaisuuttasi.","og_url":"https:\/\/www.versiegelung24.com\/fi\/neuvoja-versiegelung24-n-tuotteista\/tietotaito\/graffitisuojaus-nestemaisella-lasilla\/","og_site_name":"versiegelung24.com","article_modified_time":"2024-09-01T16:17:17+00:00","og_image":[{"width":1000,"height":1000,"url":"https:\/\/www.versiegelung24.com\/wp-content\/uploads\/2021\/12\/graf-1.jpg","type":"image\/jpeg"}],"twitter_card":"summary_large_image","twitter_misc":{"Arvioitu lukuaika":"1 minuutti"},"schema":{"@context":"https:\/\/schema.org","@graph":[{"@type":"WebPage","@id":"https:\/\/www.versiegelung24.com\/fi\/neuvoja-versiegelung24-n-tuotteista\/tietotaito\/graffitisuojaus-nestemaisella-lasilla\/","url":"https:\/\/www.versiegelung24.com\/fi\/neuvoja-versiegelung24-n-tuotteista\/tietotaito\/graffitisuojaus-nestemaisella-lasilla\/","name":"Nestem\u00e4inen gals versiegelung24.com - Julkisivun graffitisuojaus -","isPartOf":{"@id":"https:\/\/www.versiegelung24.com\/fi\/#website"},"primaryImageOfPage":{"@id":"https:\/\/www.versiegelung24.com\/fi\/neuvoja-versiegelung24-n-tuotteista\/tietotaito\/graffitisuojaus-nestemaisella-lasilla\/#primaryimage"},"image":{"@id":"https:\/\/www.versiegelung24.com\/fi\/neuvoja-versiegelung24-n-tuotteista\/tietotaito\/graffitisuojaus-nestemaisella-lasilla\/#primaryimage"},"thumbnailUrl":"https:\/\/www.versiegelung24.com\/wp-content\/uploads\/2021\/12\/graf-1.jpg","datePublished":"2021-12-14T13:15:38+00:00","dateModified":"2024-09-01T16:17:17+00:00","description":"Nestem\u00e4inen tiivisteaine suojaa graffiteilta. Katso meilt\u00e4, kuinka voit suojata omaisuuttasi.","breadcrumb":{"@id":"https:\/\/www.versiegelung24.com\/fi\/neuvoja-versiegelung24-n-tuotteista\/tietotaito\/graffitisuojaus-nestemaisella-lasilla\/#breadcrumb"},"inLanguage":"fi","potentialAction":[{"@type":"ReadAction","target":["https:\/\/www.versiegelung24.com\/fi\/neuvoja-versiegelung24-n-tuotteista\/tietotaito\/graffitisuojaus-nestemaisella-lasilla\/"]}]},{"@type":"ImageObject","inLanguage":"fi","@id":"https:\/\/www.versiegelung24.com\/fi\/neuvoja-versiegelung24-n-tuotteista\/tietotaito\/graffitisuojaus-nestemaisella-lasilla\/#primaryimage","url":"https:\/\/www.versiegelung24.com\/wp-content\/uploads\/2021\/12\/graf-1.jpg","contentUrl":"https:\/\/www.versiegelung24.com\/wp-content\/uploads\/2021\/12\/graf-1.jpg","width":1000,"height":1000},{"@type":"BreadcrumbList","@id":"https:\/\/www.versiegelung24.com\/fi\/neuvoja-versiegelung24-n-tuotteista\/tietotaito\/graffitisuojaus-nestemaisella-lasilla\/#breadcrumb","itemListElement":[{"@type":"ListItem","position":1,"name":"Kotisivu","item":"https:\/\/www.versiegelung24.com\/fi\/etupuolella\/"},{"@type":"ListItem","position":2,"name":"Neuvonantaja","item":"https:\/\/www.versiegelung24.com\/fi\/ratgeber\/"},{"@type":"ListItem","position":3,"name":"-lehte\u00e4","item":"https:\/\/www.versiegelung24.com\/fi\/ratgeber\/magazin\/"},{"@type":"ListItem","position":4,"name":"Julkisivun graffitisuojaus"}]},{"@type":"WebSite","@id":"https:\/\/www.versiegelung24.com\/fi\/#website","url":"https:\/\/www.versiegelung24.com\/fi\/","name":"versiegelung24.com","description":"Fl\u00fcssigglas-Versiegelung - Made in Germany","publisher":{"@id":"https:\/\/www.versiegelung24.com\/fi\/#organization"},"potentialAction":[{"@type":"SearchAction","target":{"@type":"EntryPoint","urlTemplate":"https:\/\/www.versiegelung24.com\/fi\/?s={search_term_string}"},"query-input":{"@type":"PropertyValueSpecification","valueRequired":true,"valueName":"search_term_string"}}],"inLanguage":"fi"},{"@type":"Organization","@id":"https:\/\/www.versiegelung24.com\/fi\/#organization","name":"versiegelung24","url":"https:\/\/www.versiegelung24.com\/fi\/","logo":{"@type":"ImageObject","inLanguage":"fi","@id":"https:\/\/www.versiegelung24.com\/fi\/#\/schema\/logo\/image\/","url":"https:\/\/www.versiegelung24.com\/wp-content\/uploads\/2020\/04\/versiegelung24.png","contentUrl":"https:\/\/www.versiegelung24.com\/wp-content\/uploads\/2020\/04\/versiegelung24.png","width":470,"height":102,"caption":"versiegelung24"},"image":{"@id":"https:\/\/www.versiegelung24.com\/fi\/#\/schema\/logo\/image\/"}}]}},"_links":{"self":[{"href":"https:\/\/www.versiegelung24.com\/fi\/wp-json\/wp\/v2\/pages\/41067","targetHints":{"allow":["GET"]}}],"collection":[{"href":"https:\/\/www.versiegelung24.com\/fi\/wp-json\/wp\/v2\/pages"}],"about":[{"href":"https:\/\/www.versiegelung24.com\/fi\/wp-json\/wp\/v2\/types\/page"}],"author":[{"embeddable":true,"href":"https:\/\/www.versiegelung24.com\/fi\/wp-json\/wp\/v2\/users\/932"}],"replies":[{"embeddable":true,"href":"https:\/\/www.versiegelung24.com\/fi\/wp-json\/wp\/v2\/comments?post=41067"}],"version-history":[{"count":17,"href":"https:\/\/www.versiegelung24.com\/fi\/wp-json\/wp\/v2\/pages\/41067\/revisions"}],"predecessor-version":[{"id":172663,"href":"https:\/\/www.versiegelung24.com\/fi\/wp-json\/wp\/v2\/pages\/41067\/revisions\/172663"}],"up":[{"embeddable":true,"href":"https:\/\/www.versiegelung24.com\/fi\/wp-json\/wp\/v2\/pages\/34625"}],"wp:featuredmedia":[{"embeddable":true,"href":"https:\/\/www.versiegelung24.com\/fi\/wp-json\/wp\/v2\/media\/40878"}],"wp:attachment":[{"href":"https:\/\/www.versiegelung24.com\/fi\/wp-json\/wp\/v2\/media?parent=41067"}],"wp:term":[{"taxonomy":"category","embeddable":true,"href":"https:\/\/www.versiegelung24.com\/fi\/wp-json\/wp\/v2\/categories?post=41067"},{"taxonomy":"seiten_kategorie","embeddable":true,"href":"https:\/\/www.versiegelung24.com\/fi\/wp-json\/wp\/v2\/seiten_kategorie?post=41067"}],"curies":[{"name":"wp","href":"https:\/\/api.w.org\/{rel}","templated":true}]}}