{"id":126070,"date":"2023-09-01T15:04:03","date_gmt":"2023-09-01T13:04:38","guid":{"rendered":"https:\/\/www.versiegelung24.com\/product\/tuulilasin-tiiviste-406\/"},"modified":"2025-01-05T17:36:44","modified_gmt":"2025-01-05T16:36:44","slug":"tuulilasin-tiiviste-406","status":"publish","type":"product","link":"https:\/\/www.versiegelung24.com\/fi\/tuulilasin-tiiviste-406.html","title":{"rendered":"Tuulilasin tiivistys"},"content":{"rendered":"\n<p><strong>Astu ajoturvallisuuden ja -mukavuuden uuteen aikakauteen T\u00dcV-hyv\u00e4ksytyn tuulilasin tiivistysaineemme<\/strong> avulla. Kehittynyt koostumuksemme ei ole vain uskomattoman kest\u00e4v\u00e4, vaan my\u00f6s monipuolinen &#8211; henkil\u00f6autoista kuorma-autoihin, veneisiin ja asuntovaunuihin. Koe jopa 20 000 km huolettoman ajokilometrin ero jo yhdell\u00e4 k\u00e4ytt\u00f6kerralla. Levit\u00e4 se uudelleen kuuden kuukauden v\u00e4lein, ja voit nauttia koko vuoden verran vertaansa vailla olevasta n\u00e4k\u00f6kyvyst\u00e4.<\/p>\n\n<p>Mutta siin\u00e4 ei ole viel\u00e4 kaikki. Tiivisteaineemme varmistaa, ett\u00e4 vesi valuu pois yli 60 km\/h nopeudella, joten tuulilasinpyyhkimet s\u00e4\u00e4styv\u00e4t ja n\u00e4kyvyys s\u00e4ilyy kirkkaana my\u00f6s huonolla s\u00e4\u00e4ll\u00e4. Ajatko usein y\u00f6ll\u00e4? Tiivisteemme v\u00e4hent\u00e4\u00e4 h\u00e4ik\u00e4isy\u00e4 ja valon v\u00e4\u00e4ristymist\u00e4, jotta voit olla turvallisesti ja luottavaisesti liikenteess\u00e4.<\/p>\n\n<h2 class=\"wp-block-heading\" id=\"video\">Video<\/h2>\n\n<figure class=\"wp-block-embed is-type-video is-provider-youtube wp-block-embed-youtube wp-embed-aspect-16-9 wp-has-aspect-ratio\"><div class=\"wp-block-embed__wrapper\">\n<div class=\"nv-iframe-embed\"><iframe title=\"Windschutzscheiben Versiegelung - Versiegelung24.com\" width=\"1200\" height=\"675\" src=\"https:\/\/www.youtube.com\/embed\/5cu8smLIMD0?feature=oembed\" frameborder=\"0\" allow=\"accelerometer; autoplay; clipboard-write; encrypted-media; gyroscope; picture-in-picture; web-share\" allowfullscreen><\/iframe><\/div>\n<\/div><\/figure>\n\n<hr class=\"wp-block-separator has-alpha-channel-opacity\"\/>\n\n<h2 class=\"wp-block-heading\" id=\"properties\">ominaisuudet<\/h2>\n\n<p><\/p>\n\n<p>Sis\u00e4lt\u00f6: 2 esipuhdistusliinaa, 2 tiivistysliinaa (kukin 2 m\u00b2:lle), 1 mikrokuituliina, 2 kertak\u00e4ytt\u00f6k\u00e4sinett\u00e4.<\/p>\n\n<ul class=\"wp-block-list\">\n<li>Pitk\u00e4 kest\u00e4vyys &#8211; jopa 20 000 km:iin asti.<\/li>\n\n\n\n<li>V\u00e4hent\u00e4\u00e4 h\u00e4ik\u00e4isy\u00e4 ja valon v\u00e4\u00e4ristymist\u00e4 y\u00f6ll\u00e4<\/li>\n\n\n\n<li>Vesi helmi\u00e4 pois (60+ km\/h), eli selke\u00e4 n\u00e4kyvyys my\u00f6s ilman tuulilasinpyyhkimi\u00e4.<\/li>\n\n\n\n<li>Suojaa tuulilasinpyyhkimi\u00e4<\/li>\n\n\n\n<li>Yksinkertainen sovellus<\/li>\n\n\n\n<li>Vahvat tarttumisenesto-ominaisuudet ja v\u00e4hemm\u00e4n hy\u00f6nteisten tarttumista.<\/li>\n\n\n\n<li>V\u00e4hent\u00e4\u00e4 mikronaarmuja<\/li>\n\n\n\n<li>Ikkuna helpompi puhdistaa ja j\u00e4\u00e4 helpompi poistaa<\/li>\n\n\n\n<li>N\u00e4kym\u00e4t\u00f6n suojakerros &#8211; 500 kertaa ohuempi kuin ihmisen hius.<\/li>\n\n\n\n<li>UV-stabiili ja eritt\u00e4in kulutuskest\u00e4v\u00e4<\/li>\n\n\n\n<li>Kest\u00e4\u00e4 l\u00e4mp\u00f6tilan vaihteluita<\/li>\n\n\n\n<li>Kemiallisesti kest\u00e4v\u00e4 (ph 2-13)<\/li>\n\n\n\n<li>Kest\u00e4\u00e4 pesukonetta ja korkeapainepesuria.<\/li>\n\n\n\n<li>Henkil\u00f6autojen, pakettiautojen, kuorma-autojen, veneiden ja asuntovaunujen etu- ja sivuikkunoihin.<\/li>\n\n\n\n<li>Levitet\u00e4\u00e4n tuulilasille ja toistetaan 6 kuukauden kuluttua = kest\u00e4\u00e4 jopa 1 vuoden ajan.<\/li>\n\n\n\n<li>T\u00dcV-testattu<\/li>\n<\/ul>\n","protected":false},"excerpt":{"rendered":"<p>\u2713 Pitk\u00e4 kest\u00e4vyys &#8211; jopa 20 000 km<\/p>\n<p>\u2713 Vesi helmi\u00e4 pois (60+ km\/h), eli selke\u00e4 n\u00e4kyvyys my\u00f6s ilman tuulilasinpyyhkimi\u00e4.<\/p>\n<p>\u2713 Vahvat tarttumisenesto-ominaisuudet ja v\u00e4hemm\u00e4n hy\u00f6nteisten tarttuvuus<\/p>\n","protected":false},"featured_media":132064,"template":"","meta":{"_acf_changed":false,"neve_meta_sidebar":"","neve_meta_container":"","neve_meta_enable_content_width":"","neve_meta_content_width":0,"neve_meta_title_alignment":"","neve_meta_author_avatar":"","neve_post_elements_order":"","neve_meta_disable_header":"","neve_meta_disable_footer":"","neve_meta_disable_title":"","neve_meta_reading_time":"","_surfaces":[],"_ver_product_tabs":[],"footnotes":""},"product_brand":[],"product_cat":[2191,2207,2991],"product_tag":[],"class_list":{"0":"post-126070","1":"product","2":"type-product","3":"status-publish","4":"has-post-thumbnail","6":"product_cat-lasin-ja-keramiikan-tiiviste","7":"product_cat-auton-tiivistys","8":"product_cat-nestemaeisen-lasin-tiiviste","10":"first","11":"instock","12":"taxable","13":"shipping-taxable","14":"purchasable","15":"product-type-simple"},"acf":[],"yoast_head":"<!-- This site is optimized with the Yoast SEO Premium plugin v22.8 (Yoast SEO v27.5) - https:\/\/yoast.com\/product\/yoast-seo-premium-wordpress\/ -->\n<title>Tuulilasin tiivistys - versiegelung24.com<\/title>\n<meta name=\"robots\" content=\"index, follow, max-snippet:-1, max-image-preview:large, max-video-preview:-1\" \/>\n<link rel=\"canonical\" href=\"https:\/\/www.versiegelung24.com\/fi\/tuulilasin-tiiviste-406.html\" \/>\n<meta property=\"og:locale\" content=\"fi_FI\" \/>\n<meta property=\"og:type\" content=\"article\" \/>\n<meta property=\"og:title\" content=\"Tuulilasin tiivistys\" \/>\n<meta property=\"og:description\" content=\"\u2713 Pitk\u00e4 kest\u00e4vyys - jopa 20 000 km \u2713 Vesi helmi\u00e4 pois (60+ km\/h), eli selke\u00e4 n\u00e4kyvyys my\u00f6s ilman tuulilasinpyyhkimi\u00e4. \u2713 Vahvat tarttumisenesto-ominaisuudet ja v\u00e4hemm\u00e4n hy\u00f6nteisten tarttuvuus\" \/>\n<meta property=\"og:url\" content=\"https:\/\/www.versiegelung24.com\/fi\/tuulilasin-tiiviste-406.html\" \/>\n<meta property=\"og:site_name\" content=\"versiegelung24.com\" \/>\n<meta property=\"article:modified_time\" content=\"2025-01-05T16:36:44+00:00\" \/>\n<meta property=\"og:image\" content=\"https:\/\/www.versiegelung24.com\/wp-content\/uploads\/2023\/09\/windschutz-1-1.webp\" \/>\n\t<meta property=\"og:image:width\" content=\"2560\" \/>\n\t<meta property=\"og:image:height\" content=\"2560\" \/>\n\t<meta property=\"og:image:type\" content=\"image\/webp\" \/>\n<meta name=\"twitter:card\" content=\"summary_large_image\" \/>\n<meta name=\"twitter:label1\" content=\"Hinta\" \/>\n\t<meta name=\"twitter:data1\" content=\"17,99&euro;\" \/>\n\t<meta name=\"twitter:label2\" content=\"Saatavuus\" \/>\n\t<meta name=\"twitter:data2\" content=\"Varastossa\" \/>\n<script type=\"application\/ld+json\" class=\"yoast-schema-graph\">{\"@context\":\"https:\\\/\\\/schema.org\",\"@graph\":[{\"@type\":\"WebPage\",\"@id\":\"https:\\\/\\\/www.versiegelung24.com\\\/fi\\\/tuulilasin-tiiviste-406.html\",\"url\":\"https:\\\/\\\/www.versiegelung24.com\\\/fi\\\/tuulilasin-tiiviste-406.html\",\"name\":\"Tuulilasin tiivistys - versiegelung24.com\",\"isPartOf\":{\"@id\":\"https:\\\/\\\/www.versiegelung24.com\\\/fi\\\/#website\"},\"primaryImageOfPage\":{\"@id\":\"https:\\\/\\\/www.versiegelung24.com\\\/fi\\\/tuulilasin-tiiviste-406.html#primaryimage\"},\"image\":{\"@id\":\"https:\\\/\\\/www.versiegelung24.com\\\/fi\\\/tuulilasin-tiiviste-406.html#primaryimage\"},\"thumbnailUrl\":\"https:\\\/\\\/www.versiegelung24.com\\\/wp-content\\\/uploads\\\/2023\\\/09\\\/windschutz-1-1.webp\",\"datePublished\":\"2023-09-01T13:04:38+00:00\",\"dateModified\":\"2025-01-05T16:36:44+00:00\",\"breadcrumb\":{\"@id\":\"https:\\\/\\\/www.versiegelung24.com\\\/fi\\\/tuulilasin-tiiviste-406.html#breadcrumb\"},\"inLanguage\":\"fi\",\"potentialAction\":[{\"@type\":\"ReadAction\",\"target\":[\"https:\\\/\\\/www.versiegelung24.com\\\/fi\\\/tuulilasin-tiiviste-406.html\"]}]},{\"@type\":\"ImageObject\",\"inLanguage\":\"fi\",\"@id\":\"https:\\\/\\\/www.versiegelung24.com\\\/fi\\\/tuulilasin-tiiviste-406.html#primaryimage\",\"url\":\"https:\\\/\\\/www.versiegelung24.com\\\/wp-content\\\/uploads\\\/2023\\\/09\\\/windschutz-1-1.webp\",\"contentUrl\":\"https:\\\/\\\/www.versiegelung24.com\\\/wp-content\\\/uploads\\\/2023\\\/09\\\/windschutz-1-1.webp\",\"width\":2560,\"height\":2560},{\"@type\":\"BreadcrumbList\",\"@id\":\"https:\\\/\\\/www.versiegelung24.com\\\/fi\\\/tuulilasin-tiiviste-406.html#breadcrumb\",\"itemListElement\":[{\"@type\":\"ListItem\",\"position\":1,\"name\":\"Kotisivu\",\"item\":\"https:\\\/\\\/www.versiegelung24.com\\\/fi\\\/etupuolella\\\/\"},{\"@type\":\"ListItem\",\"position\":2,\"name\":\"Myym\u00e4l\u00e4\",\"item\":\"https:\\\/\\\/www.versiegelung24.com\\\/fi\\\/myymala-2\\\/\"},{\"@type\":\"ListItem\",\"position\":3,\"name\":\"Tuulilasin tiivistys\"}]},{\"@type\":\"WebSite\",\"@id\":\"https:\\\/\\\/www.versiegelung24.com\\\/fi\\\/#website\",\"url\":\"https:\\\/\\\/www.versiegelung24.com\\\/fi\\\/\",\"name\":\"versiegelung24.com\",\"description\":\"Fl\u00fcssigglas-Versiegelung - Made in Germany\",\"publisher\":{\"@id\":\"https:\\\/\\\/www.versiegelung24.com\\\/fi\\\/#organization\"},\"potentialAction\":[{\"@type\":\"SearchAction\",\"target\":{\"@type\":\"EntryPoint\",\"urlTemplate\":\"https:\\\/\\\/www.versiegelung24.com\\\/fi\\\/?s={search_term_string}\"},\"query-input\":{\"@type\":\"PropertyValueSpecification\",\"valueRequired\":true,\"valueName\":\"search_term_string\"}}],\"inLanguage\":\"fi\"},{\"@type\":\"Organization\",\"@id\":\"https:\\\/\\\/www.versiegelung24.com\\\/fi\\\/#organization\",\"name\":\"versiegelung24\",\"url\":\"https:\\\/\\\/www.versiegelung24.com\\\/fi\\\/\",\"logo\":{\"@type\":\"ImageObject\",\"inLanguage\":\"fi\",\"@id\":\"https:\\\/\\\/www.versiegelung24.com\\\/fi\\\/#\\\/schema\\\/logo\\\/image\\\/\",\"url\":\"https:\\\/\\\/www.versiegelung24.com\\\/wp-content\\\/uploads\\\/2020\\\/04\\\/versiegelung24.png\",\"contentUrl\":\"https:\\\/\\\/www.versiegelung24.com\\\/wp-content\\\/uploads\\\/2020\\\/04\\\/versiegelung24.png\",\"width\":470,\"height\":102,\"caption\":\"versiegelung24\"},\"image\":{\"@id\":\"https:\\\/\\\/www.versiegelung24.com\\\/fi\\\/#\\\/schema\\\/logo\\\/image\\\/\"}}]}<\/script>\n<meta property=\"product:price:amount\" content=\"17.99\" \/>\n<meta property=\"product:price:currency\" content=\"EUR\" \/>\n<meta property=\"og:availability\" content=\"instock\" \/>\n<meta property=\"product:availability\" content=\"instock\" \/>\n<meta property=\"product:retailer_item_id\" content=\"4040-406\" \/>\n<meta property=\"product:condition\" content=\"new\" \/>\n<!-- \/ Yoast SEO Premium plugin. -->","yoast_head_json":{"title":"Tuulilasin tiivistys - versiegelung24.com","robots":{"index":"index","follow":"follow","max-snippet":"max-snippet:-1","max-image-preview":"max-image-preview:large","max-video-preview":"max-video-preview:-1"},"canonical":"https:\/\/www.versiegelung24.com\/fi\/tuulilasin-tiiviste-406.html","og_locale":"fi_FI","og_type":"article","og_title":"Tuulilasin tiivistys","og_description":"\u2713 Pitk\u00e4 kest\u00e4vyys - jopa 20 000 km \u2713 Vesi helmi\u00e4 pois (60+ km\/h), eli selke\u00e4 n\u00e4kyvyys my\u00f6s ilman tuulilasinpyyhkimi\u00e4. \u2713 Vahvat tarttumisenesto-ominaisuudet ja v\u00e4hemm\u00e4n hy\u00f6nteisten tarttuvuus","og_url":"https:\/\/www.versiegelung24.com\/fi\/tuulilasin-tiiviste-406.html","og_site_name":"versiegelung24.com","article_modified_time":"2025-01-05T16:36:44+00:00","og_image":[{"width":2560,"height":2560,"url":"https:\/\/www.versiegelung24.com\/wp-content\/uploads\/2023\/09\/windschutz-1-1.webp","type":"image\/webp"}],"twitter_card":"summary_large_image","twitter_misc":{"Hinta":"17,99&euro;","Saatavuus":"Varastossa"},"schema":{"@context":"https:\/\/schema.org","@graph":[{"@type":"WebPage","@id":"https:\/\/www.versiegelung24.com\/fi\/tuulilasin-tiiviste-406.html","url":"https:\/\/www.versiegelung24.com\/fi\/tuulilasin-tiiviste-406.html","name":"Tuulilasin tiivistys - versiegelung24.com","isPartOf":{"@id":"https:\/\/www.versiegelung24.com\/fi\/#website"},"primaryImageOfPage":{"@id":"https:\/\/www.versiegelung24.com\/fi\/tuulilasin-tiiviste-406.html#primaryimage"},"image":{"@id":"https:\/\/www.versiegelung24.com\/fi\/tuulilasin-tiiviste-406.html#primaryimage"},"thumbnailUrl":"https:\/\/www.versiegelung24.com\/wp-content\/uploads\/2023\/09\/windschutz-1-1.webp","datePublished":"2023-09-01T13:04:38+00:00","dateModified":"2025-01-05T16:36:44+00:00","breadcrumb":{"@id":"https:\/\/www.versiegelung24.com\/fi\/tuulilasin-tiiviste-406.html#breadcrumb"},"inLanguage":"fi","potentialAction":[{"@type":"ReadAction","target":["https:\/\/www.versiegelung24.com\/fi\/tuulilasin-tiiviste-406.html"]}]},{"@type":"ImageObject","inLanguage":"fi","@id":"https:\/\/www.versiegelung24.com\/fi\/tuulilasin-tiiviste-406.html#primaryimage","url":"https:\/\/www.versiegelung24.com\/wp-content\/uploads\/2023\/09\/windschutz-1-1.webp","contentUrl":"https:\/\/www.versiegelung24.com\/wp-content\/uploads\/2023\/09\/windschutz-1-1.webp","width":2560,"height":2560},{"@type":"BreadcrumbList","@id":"https:\/\/www.versiegelung24.com\/fi\/tuulilasin-tiiviste-406.html#breadcrumb","itemListElement":[{"@type":"ListItem","position":1,"name":"Kotisivu","item":"https:\/\/www.versiegelung24.com\/fi\/etupuolella\/"},{"@type":"ListItem","position":2,"name":"Myym\u00e4l\u00e4","item":"https:\/\/www.versiegelung24.com\/fi\/myymala-2\/"},{"@type":"ListItem","position":3,"name":"Tuulilasin tiivistys"}]},{"@type":"WebSite","@id":"https:\/\/www.versiegelung24.com\/fi\/#website","url":"https:\/\/www.versiegelung24.com\/fi\/","name":"versiegelung24.com","description":"Fl\u00fcssigglas-Versiegelung - Made in Germany","publisher":{"@id":"https:\/\/www.versiegelung24.com\/fi\/#organization"},"potentialAction":[{"@type":"SearchAction","target":{"@type":"EntryPoint","urlTemplate":"https:\/\/www.versiegelung24.com\/fi\/?s={search_term_string}"},"query-input":{"@type":"PropertyValueSpecification","valueRequired":true,"valueName":"search_term_string"}}],"inLanguage":"fi"},{"@type":"Organization","@id":"https:\/\/www.versiegelung24.com\/fi\/#organization","name":"versiegelung24","url":"https:\/\/www.versiegelung24.com\/fi\/","logo":{"@type":"ImageObject","inLanguage":"fi","@id":"https:\/\/www.versiegelung24.com\/fi\/#\/schema\/logo\/image\/","url":"https:\/\/www.versiegelung24.com\/wp-content\/uploads\/2020\/04\/versiegelung24.png","contentUrl":"https:\/\/www.versiegelung24.com\/wp-content\/uploads\/2020\/04\/versiegelung24.png","width":470,"height":102,"caption":"versiegelung24"},"image":{"@id":"https:\/\/www.versiegelung24.com\/fi\/#\/schema\/logo\/image\/"}}]},"product_price_amount":"17.99","product_price_currency":"EUR","og_availability":"instock","product_availability":"instock","product_retailer_item_id":"4040-406","product_condition":"new"},"_links":{"self":[{"href":"https:\/\/www.versiegelung24.com\/fi\/wp-json\/wp\/v2\/product\/126070","targetHints":{"allow":["GET"]}}],"collection":[{"href":"https:\/\/www.versiegelung24.com\/fi\/wp-json\/wp\/v2\/product"}],"about":[{"href":"https:\/\/www.versiegelung24.com\/fi\/wp-json\/wp\/v2\/types\/product"}],"version-history":[{"count":8,"href":"https:\/\/www.versiegelung24.com\/fi\/wp-json\/wp\/v2\/product\/126070\/revisions"}],"predecessor-version":[{"id":178339,"href":"https:\/\/www.versiegelung24.com\/fi\/wp-json\/wp\/v2\/product\/126070\/revisions\/178339"}],"wp:featuredmedia":[{"embeddable":true,"href":"https:\/\/www.versiegelung24.com\/fi\/wp-json\/wp\/v2\/media\/132064"}],"wp:attachment":[{"href":"https:\/\/www.versiegelung24.com\/fi\/wp-json\/wp\/v2\/media?parent=126070"}],"wp:term":[{"taxonomy":"product_brand","embeddable":true,"href":"https:\/\/www.versiegelung24.com\/fi\/wp-json\/wp\/v2\/product_brand?post=126070"},{"taxonomy":"product_cat","embeddable":true,"href":"https:\/\/www.versiegelung24.com\/fi\/wp-json\/wp\/v2\/product_cat?post=126070"},{"taxonomy":"product_tag","embeddable":true,"href":"https:\/\/www.versiegelung24.com\/fi\/wp-json\/wp\/v2\/product_tag?post=126070"}],"curies":[{"name":"wp","href":"https:\/\/api.w.org\/{rel}","templated":true}]}}