{"id":145301,"date":"2024-01-07T15:15:48","date_gmt":"2024-01-13T10:22:08","guid":{"rendered":"https:\/\/www.versiegelung24.com\/product\/v24-likapyyhe-100x70x30mm\/"},"modified":"2025-01-05T15:43:55","modified_gmt":"2025-01-05T14:43:55","slug":"v24-schmutzradierer-100x70x30mm","status":"publish","type":"product","link":"https:\/\/www.versiegelung24.com\/fi\/product\/v24-schmutzradierer-100x70x30mm\/","title":{"rendered":"V24 Likapyyhe 100x70x30mm"},"content":{"rendered":"\n<h1 class=\"wp-block-heading\" id=\"h-v24-schmutzradierer-gegen-hartnackige-flecken-online-kaufen\">Osta V24 tahranpoistoaine itsep\u00e4isi\u00e4 tahroja vastaan verkossa<\/h1>\n\n<h2 class=\"wp-block-heading\" id=\"h-muhelos-hartnackige-flecken-beseitigen-mit-dem-versiegelung24-com-schmutzradierer\">Poista vaivattomasti sitke\u00e4t tahrat Versiegelung24.com-tahranpoistoaineella.<\/h2>\n\n<p>Vain puhtaat pinnat voidaan tiivist\u00e4\u00e4 <a href=\"https:\/\/www.versiegelung24.com\/fluessigglas-versiegelung\/\">tiivisteill\u00e4mme<\/a>, mink\u00e4 vuoksi on t\u00e4rke\u00e4\u00e4 poistaa kevyet ja sitke\u00e4t tahrat. Likapyyhkimemme on huipputekninen melamiinisieni, joka sopii t\u00e4ydellisesti pintojen puhdistamiseen. Erityisen sitkeisiin tahroihin suosittelemme 100-prosenttisesti biohajoavan orgaanisen <a href=\"https:\/\/www.versiegelung24.com\/fi\/biosativa-biologinen-esipuhdistin.html\">BIOSATIVA\u00ae-puhdistusaineemme<\/a> lis\u00e4k\u00e4ytt\u00f6\u00e4, mutta kemiallisia puhdistusaineita ei tarvita.<\/p>\n\n<div class=\"wp-block-columns is-layout-flex wp-container-core-columns-is-layout-9d6595d7 wp-block-columns-is-layout-flex\">\n<div class=\"wp-block-column is-layout-flow wp-block-column-is-layout-flow\">\n<h2 class=\"wp-block-heading\" id=\"properties\">Tuotteen ominaisuudet<\/h2>\n\n\n\n<ul class=\"wp-block-list\">\n<li>Korkean teknologian melamiinisieni<\/li>\n\n\n\n<li>Mitat: 100x70x30mm<\/li>\n\n\n\n<li>ilman kemiallisia ainesosia<\/li>\n\n\n\n<li>myrkyt\u00f6n<\/li>\n<\/ul>\n\n\n\n<h2 class=\"wp-block-heading\" id=\"application\">Kuinka poistaa lika luotettavasti pyyhekumi-sienell\u00e4si<\/h2>\n\n\n\n<ol class=\"wp-block-list\">\n<li>Kostuta ja purista sieni ulos.<\/li>\n\n\n\n<li>Hiero likaa kevyesti<\/li>\n\n\n\n<li>Huuhtele sieni ja k\u00e4yt\u00e4 sit\u00e4 uudelleen.<\/li>\n<\/ol>\n<\/div>\n\n\n\n<div class=\"wp-block-column is-layout-flow wp-block-column-is-layout-flow\">\n<figure class=\"wp-block-image size-full\"><img fetchpriority=\"high\" decoding=\"async\" width=\"1105\" height=\"1105\" src=\"https:\/\/www.versiegelung24.com\/wp-content\/uploads\/2024\/01\/v24-9020-content-1.webp\" alt=\"\" class=\"wp-image-138069\" srcset=\"https:\/\/www.versiegelung24.com\/wp-content\/uploads\/2024\/01\/v24-9020-content-1.webp 1105w, https:\/\/www.versiegelung24.com\/wp-content\/uploads\/2024\/01\/v24-9020-content-1-300x300.webp 300w, https:\/\/www.versiegelung24.com\/wp-content\/uploads\/2024\/01\/v24-9020-content-1-80x80.webp 80w, https:\/\/www.versiegelung24.com\/wp-content\/uploads\/2024\/01\/v24-9020-content-1-768x768.webp 768w, https:\/\/www.versiegelung24.com\/wp-content\/uploads\/2024\/01\/v24-9020-content-1-70x70.webp 70w, https:\/\/www.versiegelung24.com\/wp-content\/uploads\/2024\/01\/v24-9020-content-1-400x400.webp 400w, https:\/\/www.versiegelung24.com\/wp-content\/uploads\/2024\/01\/v24-9020-content-1-600x600.webp 600w, https:\/\/www.versiegelung24.com\/wp-content\/uploads\/2024\/01\/v24-9020-content-1-100x100.webp 100w\" sizes=\"(max-width: 1105px) 100vw, 1105px\" \/><\/figure>\n<\/div>\n<\/div>\n\n<h2 class=\"wp-block-heading\" id=\"h-vielfaltige-einsatzmoglichkeiten-des-schmutzradierers\"><strong>Laaja valikoima pyyhekumin k\u00e4ytt\u00f6kohteita<\/strong><\/h2>\n\n<p>Versiegelung24.comin likapyyhe on todellinen monitoimimies, kun on kyse itsep\u00e4isten tahrojen ja lian poistamisesta. Sen moninaiset k\u00e4ytt\u00f6mahdollisuudet tekev\u00e4t siit\u00e4 kotitalouden v\u00e4ltt\u00e4m\u00e4tt\u00f6m\u00e4n apulaisen. T\u00e4ss\u00e4 on muutamia esimerkkej\u00e4 siit\u00e4, mihin voit k\u00e4ytt\u00e4\u00e4 pyyhekumiamme:<\/p>\n\n<ol class=\"wp-block-list\">\n<li><strong>Poista sein\u00e4tahrat:<\/strong> Ihanteellinen seinien j\u00e4lkien ja tahrojen, kuten sormenj\u00e4lkien tai likajuovien, poistamiseen.<\/li>\n\n\n\n<li><strong>Keitti\u00f6koneiden puhdistus:<\/strong> Poistaa tehokkaasti rasvan ja ruoanj\u00e4\u00e4m\u00e4t keitti\u00f6n pinnoilta, liesist\u00e4 ja uuneista.<\/li>\n\n\n\n<li><strong>Kylpyhuoneen siivous:<\/strong> Poistaa kalkki- ja vesitahrat kalusteista, kaakeleista ja suihkukaapeista.<\/li>\n\n\n\n<li><strong>Keng\u00e4npuhdistusaine:<\/strong> Poistaa itsepintaiset tahrat ja hankaumat tossuista ja muista kenk\u00e4materiaaleista.<\/li>\n\n\n\n<li><strong>Huonekalujen hoito:<\/strong> Ihanteellinen muovi- tai puuhuonekalujen pintojen puhdistukseen, poistaa sormenj\u00e4ljet ja tahrat.<\/li>\n\n\n\n<li><strong>Tekstiilien tahrat:<\/strong> Poistaa tahrat turvallisesti sohvilta, tuoleilta tai muilta kangaspinnoilta.<\/li>\n\n\n\n<li><strong>Auton sis\u00e4tilojen puhdistus:<\/strong> T\u00e4ydellinen kojelautojen, ovipaneelien ja muiden auton muoviosien puhdistukseen.<\/li>\n\n\n\n<li><strong>Tietokoneet ja elektroniikka:<\/strong> Turvallinen n\u00e4pp\u00e4imist\u00f6jen ja muiden herkkien elektroniikkalaitteiden puhdistukseen.<\/li>\n\n\n\n<li><strong>Lelujen puhdistusaine:<\/strong> Poistaa lian ja tahrat muovileluista ilman haitallisia kemikaaleja.<\/li>\n\n\n\n<li><strong>Ovet ja kahvat:<\/strong> Poistaa tehokkaasti sormenj\u00e4ljet ja lian ovenkahvoista ja karmeista.<\/li>\n<\/ol>\n\n<h2 class=\"wp-block-heading\" id=\"h-was-sie-vor-dem-kauf-des-radierschwamms-beachten-sollten\">Mit\u00e4 sinun tulisi ottaa huomioon ennen kuin ostat pyyhekumin sienen<\/h2>\n\n<h3 class=\"wp-block-heading\" id=\"h-geeignete-oberflachen-fur-den-wunderschwamm\">Ihmesienelle sopivat pinnat<\/h3>\n\n<p>Ihmesieni on monipuolinen puhdistusv\u00e4line, jota voidaan k\u00e4ytt\u00e4\u00e4 eri pinnoilla. Ihmesienelle sopivat pinnat ovat <strong>muovi, ruostumaton ter\u00e4s, lasi, keramiikka, tapetit, laatat ja paljon muuta<\/strong>. Sienell\u00e4 voidaan tehokkaasti poistaa lika, rasva ja j\u00e4\u00e4m\u00e4t n\u00e4ist\u00e4 materiaaleista. Ihmesieni sopii my\u00f6s herkille pinnoille, kuten puulle, sill\u00e4 se ei naarmuta eik\u00e4 j\u00e4t\u00e4 rumia j\u00e4lki\u00e4. Sit\u00e4 voidaan k\u00e4ytt\u00e4\u00e4 pintojen hell\u00e4varaiseen puhdistamiseen niit\u00e4 vahingoittamatta.  <\/p>\n\n<p><\/p><h3>Mit\u00e4 pit\u00e4\u00e4 varoa<\/h3>Sieni voidaan leikata sopivan kokoiseksi, jotta se ylt\u00e4\u00e4 erityisen vaikeisiin kohtiin.  <strong>Erityisen herkkien<\/strong>, <strong>kiilt\u00e4vien<\/strong>, <strong>maalattujen<\/strong> ja <strong>kiillotettujen<\/strong> <strong>pintojen<\/strong><strong>kanssa on noudatettava varovaisuutta<\/strong>! On suositeltavaa tehd\u00e4 testi huomaamattomalle alueelle etuk\u00e4teen ja huomioida, ett\u00e4 tuote kuluu pois, erityisesti karkeilla pinnoilla. Levityksen j\u00e4lkeen pinnat on puhdistettava kirkkaalla vedell\u00e4 j\u00e4\u00e4mien poistamiseksi.\n","protected":false},"excerpt":{"rendered":"<p class=\"MsoNormal\"><strong>Melamiinisieni pintojen esipuhdistukseen<\/strong><\/p>\n<p>\u2713 Uudelleenk\u00e4ytett\u00e4v\u00e4<\/p>\n<p>\u2713 Ymp\u00e4rist\u00f6yst\u00e4v\u00e4llinen<\/p>\n<p>\u2713 K\u00e4tev\u00e4<\/p>\n<p>\u2713 Yleisesti sovellettavissa<\/p>\n<p>\u2713 100x70x30mm<\/p>\n<p>&nbsp;<\/p>\n","protected":false},"featured_media":138040,"template":"","meta":{"_acf_changed":false,"neve_meta_sidebar":"","neve_meta_container":"","neve_meta_enable_content_width":"","neve_meta_content_width":0,"neve_meta_title_alignment":"","neve_meta_author_avatar":"","neve_post_elements_order":"","neve_meta_disable_header":"","neve_meta_disable_footer":"","neve_meta_disable_title":"","neve_meta_reading_time":"","_surfaces":[],"_ver_product_tabs":[],"footnotes":""},"product_brand":[],"product_cat":[2207,2465,2468,2488,3072,2191],"product_tag":[],"class_list":{"0":"post-145301","1":"product","2":"type-product","3":"status-publish","4":"has-post-thumbnail","6":"product_cat-auton-tiivistys","7":"product_cat-metalli-ja-muovitiiviste","8":"product_cat-siivoustarvikkeet","9":"product_cat-yleinen-tiiviste","10":"product_cat-laitteet","11":"product_cat-lasin-ja-keramiikan-tiiviste","13":"first","14":"instock","15":"taxable","16":"shipping-taxable","17":"purchasable","18":"product-type-simple"},"acf":[],"yoast_head":"<!-- This site is optimized with the Yoast SEO Premium plugin v22.8 (Yoast SEO v27.4) - https:\/\/yoast.com\/product\/yoast-seo-premium-wordpress\/ -->\n<title>Osta likaisia pyyhekumeja halvalla netist\u00e4 - Versiegelung24.com<\/title>\n<meta name=\"description\" content=\"Osta likapyyhe halvalla netist\u00e4 Versiegelung24.comista ja poista pinttynyt lika vaivattomasti eri pinnoilta.\" \/>\n<meta name=\"robots\" content=\"index, follow, max-snippet:-1, max-image-preview:large, max-video-preview:-1\" \/>\n<link rel=\"canonical\" href=\"https:\/\/www.versiegelung24.com\/fi\/product\/v24-schmutzradierer-100x70x30mm\/\" \/>\n<meta property=\"og:locale\" content=\"fi_FI\" \/>\n<meta property=\"og:type\" content=\"article\" \/>\n<meta property=\"og:title\" content=\"V24 Likapyyhe 100x70x30mm\" \/>\n<meta property=\"og:description\" content=\"Osta likapyyhe halvalla netist\u00e4 Versiegelung24.comista ja poista pinttynyt lika vaivattomasti eri pinnoilta.\" \/>\n<meta property=\"og:url\" content=\"https:\/\/www.versiegelung24.com\/fi\/product\/v24-schmutzradierer-100x70x30mm\/\" \/>\n<meta property=\"og:site_name\" content=\"versiegelung24.com\" \/>\n<meta property=\"article:modified_time\" content=\"2025-01-05T14:43:55+00:00\" \/>\n<meta property=\"og:image\" content=\"https:\/\/www.versiegelung24.com\/wp-content\/uploads\/2024\/01\/V24-9020-3.webp\" \/>\n\t<meta property=\"og:image:width\" content=\"600\" \/>\n\t<meta property=\"og:image:height\" content=\"600\" \/>\n\t<meta property=\"og:image:type\" content=\"image\/webp\" \/>\n<meta name=\"twitter:card\" content=\"summary_large_image\" \/>\n<meta name=\"twitter:label1\" content=\"Hinta\" \/>\n\t<meta name=\"twitter:data1\" content=\"0,99&euro;\" \/>\n\t<meta name=\"twitter:label2\" content=\"Saatavuus\" \/>\n\t<meta name=\"twitter:data2\" content=\"Varastossa\" \/>\n<script type=\"application\/ld+json\" class=\"yoast-schema-graph\">{\"@context\":\"https:\\\/\\\/schema.org\",\"@graph\":[{\"@type\":\"WebPage\",\"@id\":\"https:\\\/\\\/www.versiegelung24.com\\\/fi\\\/product\\\/v24-schmutzradierer-100x70x30mm\\\/\",\"url\":\"https:\\\/\\\/www.versiegelung24.com\\\/fi\\\/product\\\/v24-schmutzradierer-100x70x30mm\\\/\",\"name\":\"Osta likaisia pyyhekumeja halvalla netist\u00e4 - Versiegelung24.com\",\"isPartOf\":{\"@id\":\"https:\\\/\\\/www.versiegelung24.com\\\/fi\\\/#website\"},\"primaryImageOfPage\":{\"@id\":\"https:\\\/\\\/www.versiegelung24.com\\\/fi\\\/product\\\/v24-schmutzradierer-100x70x30mm\\\/#primaryimage\"},\"image\":{\"@id\":\"https:\\\/\\\/www.versiegelung24.com\\\/fi\\\/product\\\/v24-schmutzradierer-100x70x30mm\\\/#primaryimage\"},\"thumbnailUrl\":\"https:\\\/\\\/www.versiegelung24.com\\\/wp-content\\\/uploads\\\/2024\\\/01\\\/V24-9020-3.webp\",\"datePublished\":\"2024-01-13T10:22:08+00:00\",\"dateModified\":\"2025-01-05T14:43:55+00:00\",\"description\":\"Osta likapyyhe halvalla netist\u00e4 Versiegelung24.comista ja poista pinttynyt lika vaivattomasti eri pinnoilta.\",\"breadcrumb\":{\"@id\":\"https:\\\/\\\/www.versiegelung24.com\\\/fi\\\/product\\\/v24-schmutzradierer-100x70x30mm\\\/#breadcrumb\"},\"inLanguage\":\"fi\",\"potentialAction\":[{\"@type\":\"ReadAction\",\"target\":[\"https:\\\/\\\/www.versiegelung24.com\\\/fi\\\/product\\\/v24-schmutzradierer-100x70x30mm\\\/\"]}]},{\"@type\":\"ImageObject\",\"inLanguage\":\"fi\",\"@id\":\"https:\\\/\\\/www.versiegelung24.com\\\/fi\\\/product\\\/v24-schmutzradierer-100x70x30mm\\\/#primaryimage\",\"url\":\"https:\\\/\\\/www.versiegelung24.com\\\/wp-content\\\/uploads\\\/2024\\\/01\\\/V24-9020-3.webp\",\"contentUrl\":\"https:\\\/\\\/www.versiegelung24.com\\\/wp-content\\\/uploads\\\/2024\\\/01\\\/V24-9020-3.webp\",\"width\":600,\"height\":600},{\"@type\":\"BreadcrumbList\",\"@id\":\"https:\\\/\\\/www.versiegelung24.com\\\/fi\\\/product\\\/v24-schmutzradierer-100x70x30mm\\\/#breadcrumb\",\"itemListElement\":[{\"@type\":\"ListItem\",\"position\":1,\"name\":\"Kotisivu\",\"item\":\"https:\\\/\\\/www.versiegelung24.com\\\/fi\\\/etupuolella\\\/\"},{\"@type\":\"ListItem\",\"position\":2,\"name\":\"Myym\u00e4l\u00e4\",\"item\":\"https:\\\/\\\/www.versiegelung24.com\\\/fi\\\/myymala-2\\\/\"},{\"@type\":\"ListItem\",\"position\":3,\"name\":\"V24 Likapyyhe 100x70x30mm\"}]},{\"@type\":\"WebSite\",\"@id\":\"https:\\\/\\\/www.versiegelung24.com\\\/fi\\\/#website\",\"url\":\"https:\\\/\\\/www.versiegelung24.com\\\/fi\\\/\",\"name\":\"versiegelung24.com\",\"description\":\"Fl\u00fcssigglas-Versiegelung - Made in Germany\",\"publisher\":{\"@id\":\"https:\\\/\\\/www.versiegelung24.com\\\/fi\\\/#organization\"},\"potentialAction\":[{\"@type\":\"SearchAction\",\"target\":{\"@type\":\"EntryPoint\",\"urlTemplate\":\"https:\\\/\\\/www.versiegelung24.com\\\/fi\\\/?s={search_term_string}\"},\"query-input\":{\"@type\":\"PropertyValueSpecification\",\"valueRequired\":true,\"valueName\":\"search_term_string\"}}],\"inLanguage\":\"fi\"},{\"@type\":\"Organization\",\"@id\":\"https:\\\/\\\/www.versiegelung24.com\\\/fi\\\/#organization\",\"name\":\"versiegelung24\",\"url\":\"https:\\\/\\\/www.versiegelung24.com\\\/fi\\\/\",\"logo\":{\"@type\":\"ImageObject\",\"inLanguage\":\"fi\",\"@id\":\"https:\\\/\\\/www.versiegelung24.com\\\/fi\\\/#\\\/schema\\\/logo\\\/image\\\/\",\"url\":\"https:\\\/\\\/www.versiegelung24.com\\\/wp-content\\\/uploads\\\/2020\\\/04\\\/versiegelung24.png\",\"contentUrl\":\"https:\\\/\\\/www.versiegelung24.com\\\/wp-content\\\/uploads\\\/2020\\\/04\\\/versiegelung24.png\",\"width\":470,\"height\":102,\"caption\":\"versiegelung24\"},\"image\":{\"@id\":\"https:\\\/\\\/www.versiegelung24.com\\\/fi\\\/#\\\/schema\\\/logo\\\/image\\\/\"}}]}<\/script>\n<meta property=\"product:price:amount\" content=\"0.99\" \/>\n<meta property=\"product:price:currency\" content=\"EUR\" \/>\n<meta property=\"og:availability\" content=\"instock\" \/>\n<meta property=\"product:availability\" content=\"instock\" \/>\n<meta property=\"product:retailer_item_id\" content=\"V24-9020-1\" \/>\n<meta property=\"product:condition\" content=\"new\" \/>\n<!-- \/ Yoast SEO Premium plugin. -->","yoast_head_json":{"title":"Osta likaisia pyyhekumeja halvalla netist\u00e4 - Versiegelung24.com","description":"Osta likapyyhe halvalla netist\u00e4 Versiegelung24.comista ja poista pinttynyt lika vaivattomasti eri pinnoilta.","robots":{"index":"index","follow":"follow","max-snippet":"max-snippet:-1","max-image-preview":"max-image-preview:large","max-video-preview":"max-video-preview:-1"},"canonical":"https:\/\/www.versiegelung24.com\/fi\/product\/v24-schmutzradierer-100x70x30mm\/","og_locale":"fi_FI","og_type":"article","og_title":"V24 Likapyyhe 100x70x30mm","og_description":"Osta likapyyhe halvalla netist\u00e4 Versiegelung24.comista ja poista pinttynyt lika vaivattomasti eri pinnoilta.","og_url":"https:\/\/www.versiegelung24.com\/fi\/product\/v24-schmutzradierer-100x70x30mm\/","og_site_name":"versiegelung24.com","article_modified_time":"2025-01-05T14:43:55+00:00","og_image":[{"width":600,"height":600,"url":"https:\/\/www.versiegelung24.com\/wp-content\/uploads\/2024\/01\/V24-9020-3.webp","type":"image\/webp"}],"twitter_card":"summary_large_image","twitter_misc":{"Hinta":"0,99&euro;","Saatavuus":"Varastossa"},"schema":{"@context":"https:\/\/schema.org","@graph":[{"@type":"WebPage","@id":"https:\/\/www.versiegelung24.com\/fi\/product\/v24-schmutzradierer-100x70x30mm\/","url":"https:\/\/www.versiegelung24.com\/fi\/product\/v24-schmutzradierer-100x70x30mm\/","name":"Osta likaisia pyyhekumeja halvalla netist\u00e4 - Versiegelung24.com","isPartOf":{"@id":"https:\/\/www.versiegelung24.com\/fi\/#website"},"primaryImageOfPage":{"@id":"https:\/\/www.versiegelung24.com\/fi\/product\/v24-schmutzradierer-100x70x30mm\/#primaryimage"},"image":{"@id":"https:\/\/www.versiegelung24.com\/fi\/product\/v24-schmutzradierer-100x70x30mm\/#primaryimage"},"thumbnailUrl":"https:\/\/www.versiegelung24.com\/wp-content\/uploads\/2024\/01\/V24-9020-3.webp","datePublished":"2024-01-13T10:22:08+00:00","dateModified":"2025-01-05T14:43:55+00:00","description":"Osta likapyyhe halvalla netist\u00e4 Versiegelung24.comista ja poista pinttynyt lika vaivattomasti eri pinnoilta.","breadcrumb":{"@id":"https:\/\/www.versiegelung24.com\/fi\/product\/v24-schmutzradierer-100x70x30mm\/#breadcrumb"},"inLanguage":"fi","potentialAction":[{"@type":"ReadAction","target":["https:\/\/www.versiegelung24.com\/fi\/product\/v24-schmutzradierer-100x70x30mm\/"]}]},{"@type":"ImageObject","inLanguage":"fi","@id":"https:\/\/www.versiegelung24.com\/fi\/product\/v24-schmutzradierer-100x70x30mm\/#primaryimage","url":"https:\/\/www.versiegelung24.com\/wp-content\/uploads\/2024\/01\/V24-9020-3.webp","contentUrl":"https:\/\/www.versiegelung24.com\/wp-content\/uploads\/2024\/01\/V24-9020-3.webp","width":600,"height":600},{"@type":"BreadcrumbList","@id":"https:\/\/www.versiegelung24.com\/fi\/product\/v24-schmutzradierer-100x70x30mm\/#breadcrumb","itemListElement":[{"@type":"ListItem","position":1,"name":"Kotisivu","item":"https:\/\/www.versiegelung24.com\/fi\/etupuolella\/"},{"@type":"ListItem","position":2,"name":"Myym\u00e4l\u00e4","item":"https:\/\/www.versiegelung24.com\/fi\/myymala-2\/"},{"@type":"ListItem","position":3,"name":"V24 Likapyyhe 100x70x30mm"}]},{"@type":"WebSite","@id":"https:\/\/www.versiegelung24.com\/fi\/#website","url":"https:\/\/www.versiegelung24.com\/fi\/","name":"versiegelung24.com","description":"Fl\u00fcssigglas-Versiegelung - Made in Germany","publisher":{"@id":"https:\/\/www.versiegelung24.com\/fi\/#organization"},"potentialAction":[{"@type":"SearchAction","target":{"@type":"EntryPoint","urlTemplate":"https:\/\/www.versiegelung24.com\/fi\/?s={search_term_string}"},"query-input":{"@type":"PropertyValueSpecification","valueRequired":true,"valueName":"search_term_string"}}],"inLanguage":"fi"},{"@type":"Organization","@id":"https:\/\/www.versiegelung24.com\/fi\/#organization","name":"versiegelung24","url":"https:\/\/www.versiegelung24.com\/fi\/","logo":{"@type":"ImageObject","inLanguage":"fi","@id":"https:\/\/www.versiegelung24.com\/fi\/#\/schema\/logo\/image\/","url":"https:\/\/www.versiegelung24.com\/wp-content\/uploads\/2020\/04\/versiegelung24.png","contentUrl":"https:\/\/www.versiegelung24.com\/wp-content\/uploads\/2020\/04\/versiegelung24.png","width":470,"height":102,"caption":"versiegelung24"},"image":{"@id":"https:\/\/www.versiegelung24.com\/fi\/#\/schema\/logo\/image\/"}}]},"product_price_amount":"0.99","product_price_currency":"EUR","og_availability":"instock","product_availability":"instock","product_retailer_item_id":"V24-9020-1","product_condition":"new"},"_links":{"self":[{"href":"https:\/\/www.versiegelung24.com\/fi\/wp-json\/wp\/v2\/product\/145301","targetHints":{"allow":["GET"]}}],"collection":[{"href":"https:\/\/www.versiegelung24.com\/fi\/wp-json\/wp\/v2\/product"}],"about":[{"href":"https:\/\/www.versiegelung24.com\/fi\/wp-json\/wp\/v2\/types\/product"}],"version-history":[{"count":1,"href":"https:\/\/www.versiegelung24.com\/fi\/wp-json\/wp\/v2\/product\/145301\/revisions"}],"predecessor-version":[{"id":145307,"href":"https:\/\/www.versiegelung24.com\/fi\/wp-json\/wp\/v2\/product\/145301\/revisions\/145307"}],"wp:featuredmedia":[{"embeddable":true,"href":"https:\/\/www.versiegelung24.com\/fi\/wp-json\/wp\/v2\/media\/138040"}],"wp:attachment":[{"href":"https:\/\/www.versiegelung24.com\/fi\/wp-json\/wp\/v2\/media?parent=145301"}],"wp:term":[{"taxonomy":"product_brand","embeddable":true,"href":"https:\/\/www.versiegelung24.com\/fi\/wp-json\/wp\/v2\/product_brand?post=145301"},{"taxonomy":"product_cat","embeddable":true,"href":"https:\/\/www.versiegelung24.com\/fi\/wp-json\/wp\/v2\/product_cat?post=145301"},{"taxonomy":"product_tag","embeddable":true,"href":"https:\/\/www.versiegelung24.com\/fi\/wp-json\/wp\/v2\/product_tag?post=145301"}],"curies":[{"name":"wp","href":"https:\/\/api.w.org\/{rel}","templated":true}]}}