{"id":149466,"date":"2022-02-11T08:49:15","date_gmt":"2024-01-29T19:42:35","guid":{"rendered":"https:\/\/www.versiegelung24.com\/product\/mikrokuituliina-40x40cm-esipuhdistukseen-tai-kiillotukseen-keltainen\/"},"modified":"2025-04-23T13:25:49","modified_gmt":"2025-04-23T11:25:49","slug":"mikrokuituliina-40x40cm-esipuhdistukseen-tai-kiillotukseen-keltainen","status":"publish","type":"product","link":"https:\/\/www.versiegelung24.com\/fi\/mikrokuituliina-40x40cm-esipuhdistukseen-tai-kiillotukseen-keltainen.html","title":{"rendered":"Mikrokuituliina 40x40cm esipuhdistukseen tai kiillotukseen keltainen"},"content":{"rendered":"\n<p>Mikrokuituliina esipuhdistukseen tai loppukiillotukseen.<\/p>\n\n<p>Suuren imukyvyn vuoksi suosittelemme my\u00f6s t\u00e4t\u00e4<a href=\"https:\/\/www.versiegelung24.com\/applikationstuch-20x20cm.html\"> Mikrokuituliina nestem\u00e4isten lasitiivisteiden levitt\u00e4miseen<\/a><\/p>\n\n<p>Suosittelemme k\u00e4ytt\u00e4m\u00e4\u00e4n erillist\u00e4 mikrokuituliinaa pintatiivisteidemme ja kyll\u00e4stysaineiden levitysvaiheita varten.<\/p>\n\n<p>Jos liinaan j\u00e4\u00e4 likaa puhdistuksen j\u00e4lkeen, pintaa ei ole viel\u00e4 puhdistettu t\u00e4ydellisesti ja optimaalisesti. Hyv\u00e4 tiivistys saadaan aikaan vain, jos pinnalla ei ole en\u00e4\u00e4 likaa.<\/p>\n\n<hr\/>\n\n<h4 class=\"wp-block-heading\" id=\"properties\">Tuotteen ominaisuudet<\/h4>\n\n<div class=\"wp-block-columns is-layout-flex wp-container-core-columns-is-layout-9d6595d7 wp-block-columns-is-layout-flex\">\n<div class=\"wp-block-column is-layout-flow wp-block-column-is-layout-flow\">\n<p><br\/>Koostumus: 80% polyesteri, 20% polyamidi Koko: 40x40cm.<\/p>\n<\/div>\n\n\n\n<div class=\"wp-block-column is-layout-flow wp-block-column-is-layout-flow\">\n<p>Korkealaatuinen, kuivapaino 280 g\/m2 .<\/p>\n<\/div>\n<\/div>\n\n<hr\/>\n\n<h4 class=\"wp-block-heading\" id=\"application\">Hakemus<\/h4>\n\n<p>Voidaan k\u00e4ytt\u00e4\u00e4 yleisesti sis\u00e4ll\u00e4 ja ulkona. Ihanteellinen koko lasin, keramiikan, veneiden, autojen ja matkailuautojen puhdistukseen.<\/p>\n\n<p>P\u00f6ly\u00e4m\u00e4t\u00f6n, naarmuton ja nopeasti kuivuva puhdistus. Lika- ja p\u00f6lyhiukkaset imeytyv\u00e4t l\u00e4hes ilman j\u00e4\u00e4mi\u00e4.<\/p>\n\n<p>Materiaali on uudelleenk\u00e4ytett\u00e4v\u00e4\u00e4 ja siten eritt\u00e4in ymp\u00e4rist\u00f6yst\u00e4v\u00e4llist\u00e4. Helppo pest\u00e4 pesukoneessa ilman pesuainetta.<\/p>\n","protected":false},"excerpt":{"rendered":"<p><strong>Mikrokuituliina esipuhdistukseen tai loppukiillotukseen:<\/strong><\/p>\n<p>\u2713 Uudelleenk\u00e4ytett\u00e4v\u00e4<\/p>\n<p>\u2713 Ymp\u00e4rist\u00f6yst\u00e4v\u00e4llinen<\/p>\n<p>\u2713 Eritt\u00e4in imukykyinen<\/p>\n<p>\u2713 Nopeasti kuivuva<\/p>\n<p>\u2713 Nukkaamaton<\/p>\n<p>\u2713 Naarmuuntumaton<\/p>\n<p>\u2713 80% polyesteri \/ 20% polyamidi<\/p>\n<p>\u2713 Kuivapaino 280g\/ neli\u00f6metri<\/p>\n","protected":false},"featured_media":64791,"template":"","meta":{"_acf_changed":false,"neve_meta_sidebar":"","neve_meta_container":"","neve_meta_enable_content_width":"","neve_meta_content_width":0,"neve_meta_title_alignment":"","neve_meta_author_avatar":"","neve_post_elements_order":"","neve_meta_disable_header":"","neve_meta_disable_footer":"","neve_meta_disable_title":"","neve_meta_reading_time":"","_surfaces":[],"_ver_product_tabs":[],"footnotes":""},"product_brand":[],"product_cat":[2281,2282,2465,2468,2488,2719,2191,3072,2207,2278],"product_tag":[],"class_list":{"0":"post-149466","1":"product","2":"type-product","3":"status-publish","4":"has-post-thumbnail","6":"product_cat-pintojen-desinfiointiaineet","7":"product_cat-desinfiointiainetiivisteet","8":"product_cat-metalli-ja-muovitiiviste","9":"product_cat-siivoustarvikkeet","10":"product_cat-yleinen-tiiviste","11":"product_cat-kaesien-desinfiointiaine","12":"product_cat-lasin-ja-keramiikan-tiiviste","13":"product_cat-laitteet","14":"product_cat-auton-tiivistys","15":"product_cat-desinfiointiaineet","16":"pa_farbe-sininen","17":"pa_farbe-valkoinen","19":"first","20":"instock","21":"taxable","22":"shipping-taxable","23":"purchasable","24":"product-type-simple"},"acf":[],"yoast_head":"<!-- This site is optimized with the Yoast SEO Premium plugin v22.8 (Yoast SEO v27.5) - https:\/\/yoast.com\/product\/yoast-seo-premium-wordpress\/ -->\n<title>Mikrokuituliina 40x40cm esipuhdistukseen tai kiillotukseen keltainen - versiegelung24.com<\/title>\n<meta name=\"description\" content=\"Mikrokuituliina &quot; Eritt\u00e4in imukykyinen &quot; Nopeasti kuivuva &quot; Nukkaamaton &quot; Naarmuuntumaton &quot; 80 % polyesteri \/ 20 % polyamidi &quot; Kuivapaino 280 g\/ neli\u00f6metri\" \/>\n<meta name=\"robots\" content=\"index, follow, max-snippet:-1, max-image-preview:large, max-video-preview:-1\" \/>\n<link rel=\"canonical\" href=\"https:\/\/www.versiegelung24.com\/fi\/mikrokuituliina-40x40cm-esipuhdistukseen-tai-kiillotukseen-keltainen.html\" \/>\n<meta property=\"og:locale\" content=\"fi_FI\" \/>\n<meta property=\"og:type\" content=\"article\" \/>\n<meta property=\"og:title\" content=\"Mikrokuituliina 40x40cm esipuhdistukseen tai kiillotukseen keltainen\" \/>\n<meta property=\"og:description\" content=\"Mikrokuituliina &quot; Eritt\u00e4in imukykyinen &quot; Nopeasti kuivuva &quot; Nukkaamaton &quot; Naarmuuntumaton &quot; 80 % polyesteri \/ 20 % polyamidi &quot; Kuivapaino 280 g\/ neli\u00f6metri\" \/>\n<meta property=\"og:url\" content=\"https:\/\/www.versiegelung24.com\/fi\/mikrokuituliina-40x40cm-esipuhdistukseen-tai-kiillotukseen-keltainen.html\" \/>\n<meta property=\"og:site_name\" content=\"versiegelung24.com\" \/>\n<meta property=\"article:modified_time\" content=\"2025-04-23T11:25:49+00:00\" \/>\n<meta property=\"og:image\" content=\"https:\/\/www.versiegelung24.com\/wp-content\/uploads\/2022\/02\/V24-9004-1-Mikrofaser-gelb-40x40cm-Custom.jpg\" \/>\n\t<meta property=\"og:image:width\" content=\"1024\" \/>\n\t<meta property=\"og:image:height\" content=\"1024\" \/>\n\t<meta property=\"og:image:type\" content=\"image\/jpeg\" \/>\n<meta name=\"twitter:card\" content=\"summary_large_image\" \/>\n<meta name=\"twitter:label1\" content=\"Hinta\" \/>\n\t<meta name=\"twitter:data1\" content=\"1,25&euro;\" \/>\n\t<meta name=\"twitter:label2\" content=\"Saatavuus\" \/>\n\t<meta name=\"twitter:data2\" content=\"Varastossa\" \/>\n<script type=\"application\/ld+json\" class=\"yoast-schema-graph\">{\"@context\":\"https:\\\/\\\/schema.org\",\"@graph\":[{\"@type\":\"WebPage\",\"@id\":\"https:\\\/\\\/www.versiegelung24.com\\\/fi\\\/mikrokuituliina-40x40cm-esipuhdistukseen-tai-kiillotukseen-keltainen.html\",\"url\":\"https:\\\/\\\/www.versiegelung24.com\\\/fi\\\/mikrokuituliina-40x40cm-esipuhdistukseen-tai-kiillotukseen-keltainen.html\",\"name\":\"Mikrokuituliina 40x40cm esipuhdistukseen tai kiillotukseen keltainen - versiegelung24.com\",\"isPartOf\":{\"@id\":\"https:\\\/\\\/www.versiegelung24.com\\\/fi\\\/#website\"},\"primaryImageOfPage\":{\"@id\":\"https:\\\/\\\/www.versiegelung24.com\\\/fi\\\/mikrokuituliina-40x40cm-esipuhdistukseen-tai-kiillotukseen-keltainen.html#primaryimage\"},\"image\":{\"@id\":\"https:\\\/\\\/www.versiegelung24.com\\\/fi\\\/mikrokuituliina-40x40cm-esipuhdistukseen-tai-kiillotukseen-keltainen.html#primaryimage\"},\"thumbnailUrl\":\"https:\\\/\\\/www.versiegelung24.com\\\/wp-content\\\/uploads\\\/2022\\\/02\\\/V24-9004-1-Mikrofaser-gelb-40x40cm-Custom.jpg\",\"datePublished\":\"2024-01-29T19:42:35+00:00\",\"dateModified\":\"2025-04-23T11:25:49+00:00\",\"description\":\"Mikrokuituliina \\\" Eritt\u00e4in imukykyinen \\\" Nopeasti kuivuva \\\" Nukkaamaton \\\" Naarmuuntumaton \\\" 80 % polyesteri \\\/ 20 % polyamidi \\\" Kuivapaino 280 g\\\/ neli\u00f6metri\",\"breadcrumb\":{\"@id\":\"https:\\\/\\\/www.versiegelung24.com\\\/fi\\\/mikrokuituliina-40x40cm-esipuhdistukseen-tai-kiillotukseen-keltainen.html#breadcrumb\"},\"inLanguage\":\"fi\",\"potentialAction\":[{\"@type\":\"ReadAction\",\"target\":[\"https:\\\/\\\/www.versiegelung24.com\\\/fi\\\/mikrokuituliina-40x40cm-esipuhdistukseen-tai-kiillotukseen-keltainen.html\"]}]},{\"@type\":\"ImageObject\",\"inLanguage\":\"fi\",\"@id\":\"https:\\\/\\\/www.versiegelung24.com\\\/fi\\\/mikrokuituliina-40x40cm-esipuhdistukseen-tai-kiillotukseen-keltainen.html#primaryimage\",\"url\":\"https:\\\/\\\/www.versiegelung24.com\\\/wp-content\\\/uploads\\\/2022\\\/02\\\/V24-9004-1-Mikrofaser-gelb-40x40cm-Custom.jpg\",\"contentUrl\":\"https:\\\/\\\/www.versiegelung24.com\\\/wp-content\\\/uploads\\\/2022\\\/02\\\/V24-9004-1-Mikrofaser-gelb-40x40cm-Custom.jpg\",\"width\":1024,\"height\":1024},{\"@type\":\"BreadcrumbList\",\"@id\":\"https:\\\/\\\/www.versiegelung24.com\\\/fi\\\/mikrokuituliina-40x40cm-esipuhdistukseen-tai-kiillotukseen-keltainen.html#breadcrumb\",\"itemListElement\":[{\"@type\":\"ListItem\",\"position\":1,\"name\":\"Kotisivu\",\"item\":\"https:\\\/\\\/www.versiegelung24.com\\\/fi\\\/etupuolella\\\/\"},{\"@type\":\"ListItem\",\"position\":2,\"name\":\"Myym\u00e4l\u00e4\",\"item\":\"https:\\\/\\\/www.versiegelung24.com\\\/fi\\\/myymala-2\\\/\"},{\"@type\":\"ListItem\",\"position\":3,\"name\":\"Mikrokuituliina 40x40cm esipuhdistukseen tai kiillotukseen keltainen\"}]},{\"@type\":\"WebSite\",\"@id\":\"https:\\\/\\\/www.versiegelung24.com\\\/fi\\\/#website\",\"url\":\"https:\\\/\\\/www.versiegelung24.com\\\/fi\\\/\",\"name\":\"versiegelung24.com\",\"description\":\"Fl\u00fcssigglas-Versiegelung - Made in Germany\",\"publisher\":{\"@id\":\"https:\\\/\\\/www.versiegelung24.com\\\/fi\\\/#organization\"},\"potentialAction\":[{\"@type\":\"SearchAction\",\"target\":{\"@type\":\"EntryPoint\",\"urlTemplate\":\"https:\\\/\\\/www.versiegelung24.com\\\/fi\\\/?s={search_term_string}\"},\"query-input\":{\"@type\":\"PropertyValueSpecification\",\"valueRequired\":true,\"valueName\":\"search_term_string\"}}],\"inLanguage\":\"fi\"},{\"@type\":\"Organization\",\"@id\":\"https:\\\/\\\/www.versiegelung24.com\\\/fi\\\/#organization\",\"name\":\"versiegelung24\",\"url\":\"https:\\\/\\\/www.versiegelung24.com\\\/fi\\\/\",\"logo\":{\"@type\":\"ImageObject\",\"inLanguage\":\"fi\",\"@id\":\"https:\\\/\\\/www.versiegelung24.com\\\/fi\\\/#\\\/schema\\\/logo\\\/image\\\/\",\"url\":\"https:\\\/\\\/www.versiegelung24.com\\\/wp-content\\\/uploads\\\/2020\\\/04\\\/versiegelung24.png\",\"contentUrl\":\"https:\\\/\\\/www.versiegelung24.com\\\/wp-content\\\/uploads\\\/2020\\\/04\\\/versiegelung24.png\",\"width\":470,\"height\":102,\"caption\":\"versiegelung24\"},\"image\":{\"@id\":\"https:\\\/\\\/www.versiegelung24.com\\\/fi\\\/#\\\/schema\\\/logo\\\/image\\\/\"}}]}<\/script>\n<meta property=\"product:price:amount\" content=\"1.25\" \/>\n<meta property=\"product:price:currency\" content=\"EUR\" \/>\n<meta property=\"og:availability\" content=\"instock\" \/>\n<meta property=\"product:availability\" content=\"instock\" \/>\n<meta property=\"product:retailer_item_id\" content=\"V24-9004\" \/>\n<meta property=\"product:condition\" content=\"new\" \/>\n<!-- \/ Yoast SEO Premium plugin. -->","yoast_head_json":{"title":"Mikrokuituliina 40x40cm esipuhdistukseen tai kiillotukseen keltainen - versiegelung24.com","description":"Mikrokuituliina \" Eritt\u00e4in imukykyinen \" Nopeasti kuivuva \" Nukkaamaton \" Naarmuuntumaton \" 80 % polyesteri \/ 20 % polyamidi \" Kuivapaino 280 g\/ neli\u00f6metri","robots":{"index":"index","follow":"follow","max-snippet":"max-snippet:-1","max-image-preview":"max-image-preview:large","max-video-preview":"max-video-preview:-1"},"canonical":"https:\/\/www.versiegelung24.com\/fi\/mikrokuituliina-40x40cm-esipuhdistukseen-tai-kiillotukseen-keltainen.html","og_locale":"fi_FI","og_type":"article","og_title":"Mikrokuituliina 40x40cm esipuhdistukseen tai kiillotukseen keltainen","og_description":"Mikrokuituliina \" Eritt\u00e4in imukykyinen \" Nopeasti kuivuva \" Nukkaamaton \" Naarmuuntumaton \" 80 % polyesteri \/ 20 % polyamidi \" Kuivapaino 280 g\/ neli\u00f6metri","og_url":"https:\/\/www.versiegelung24.com\/fi\/mikrokuituliina-40x40cm-esipuhdistukseen-tai-kiillotukseen-keltainen.html","og_site_name":"versiegelung24.com","article_modified_time":"2025-04-23T11:25:49+00:00","og_image":[{"width":1024,"height":1024,"url":"https:\/\/www.versiegelung24.com\/wp-content\/uploads\/2022\/02\/V24-9004-1-Mikrofaser-gelb-40x40cm-Custom.jpg","type":"image\/jpeg"}],"twitter_card":"summary_large_image","twitter_misc":{"Hinta":"1,25&euro;","Saatavuus":"Varastossa"},"schema":{"@context":"https:\/\/schema.org","@graph":[{"@type":"WebPage","@id":"https:\/\/www.versiegelung24.com\/fi\/mikrokuituliina-40x40cm-esipuhdistukseen-tai-kiillotukseen-keltainen.html","url":"https:\/\/www.versiegelung24.com\/fi\/mikrokuituliina-40x40cm-esipuhdistukseen-tai-kiillotukseen-keltainen.html","name":"Mikrokuituliina 40x40cm esipuhdistukseen tai kiillotukseen keltainen - versiegelung24.com","isPartOf":{"@id":"https:\/\/www.versiegelung24.com\/fi\/#website"},"primaryImageOfPage":{"@id":"https:\/\/www.versiegelung24.com\/fi\/mikrokuituliina-40x40cm-esipuhdistukseen-tai-kiillotukseen-keltainen.html#primaryimage"},"image":{"@id":"https:\/\/www.versiegelung24.com\/fi\/mikrokuituliina-40x40cm-esipuhdistukseen-tai-kiillotukseen-keltainen.html#primaryimage"},"thumbnailUrl":"https:\/\/www.versiegelung24.com\/wp-content\/uploads\/2022\/02\/V24-9004-1-Mikrofaser-gelb-40x40cm-Custom.jpg","datePublished":"2024-01-29T19:42:35+00:00","dateModified":"2025-04-23T11:25:49+00:00","description":"Mikrokuituliina \" Eritt\u00e4in imukykyinen \" Nopeasti kuivuva \" Nukkaamaton \" Naarmuuntumaton \" 80 % polyesteri \/ 20 % polyamidi \" Kuivapaino 280 g\/ neli\u00f6metri","breadcrumb":{"@id":"https:\/\/www.versiegelung24.com\/fi\/mikrokuituliina-40x40cm-esipuhdistukseen-tai-kiillotukseen-keltainen.html#breadcrumb"},"inLanguage":"fi","potentialAction":[{"@type":"ReadAction","target":["https:\/\/www.versiegelung24.com\/fi\/mikrokuituliina-40x40cm-esipuhdistukseen-tai-kiillotukseen-keltainen.html"]}]},{"@type":"ImageObject","inLanguage":"fi","@id":"https:\/\/www.versiegelung24.com\/fi\/mikrokuituliina-40x40cm-esipuhdistukseen-tai-kiillotukseen-keltainen.html#primaryimage","url":"https:\/\/www.versiegelung24.com\/wp-content\/uploads\/2022\/02\/V24-9004-1-Mikrofaser-gelb-40x40cm-Custom.jpg","contentUrl":"https:\/\/www.versiegelung24.com\/wp-content\/uploads\/2022\/02\/V24-9004-1-Mikrofaser-gelb-40x40cm-Custom.jpg","width":1024,"height":1024},{"@type":"BreadcrumbList","@id":"https:\/\/www.versiegelung24.com\/fi\/mikrokuituliina-40x40cm-esipuhdistukseen-tai-kiillotukseen-keltainen.html#breadcrumb","itemListElement":[{"@type":"ListItem","position":1,"name":"Kotisivu","item":"https:\/\/www.versiegelung24.com\/fi\/etupuolella\/"},{"@type":"ListItem","position":2,"name":"Myym\u00e4l\u00e4","item":"https:\/\/www.versiegelung24.com\/fi\/myymala-2\/"},{"@type":"ListItem","position":3,"name":"Mikrokuituliina 40x40cm esipuhdistukseen tai kiillotukseen keltainen"}]},{"@type":"WebSite","@id":"https:\/\/www.versiegelung24.com\/fi\/#website","url":"https:\/\/www.versiegelung24.com\/fi\/","name":"versiegelung24.com","description":"Fl\u00fcssigglas-Versiegelung - Made in Germany","publisher":{"@id":"https:\/\/www.versiegelung24.com\/fi\/#organization"},"potentialAction":[{"@type":"SearchAction","target":{"@type":"EntryPoint","urlTemplate":"https:\/\/www.versiegelung24.com\/fi\/?s={search_term_string}"},"query-input":{"@type":"PropertyValueSpecification","valueRequired":true,"valueName":"search_term_string"}}],"inLanguage":"fi"},{"@type":"Organization","@id":"https:\/\/www.versiegelung24.com\/fi\/#organization","name":"versiegelung24","url":"https:\/\/www.versiegelung24.com\/fi\/","logo":{"@type":"ImageObject","inLanguage":"fi","@id":"https:\/\/www.versiegelung24.com\/fi\/#\/schema\/logo\/image\/","url":"https:\/\/www.versiegelung24.com\/wp-content\/uploads\/2020\/04\/versiegelung24.png","contentUrl":"https:\/\/www.versiegelung24.com\/wp-content\/uploads\/2020\/04\/versiegelung24.png","width":470,"height":102,"caption":"versiegelung24"},"image":{"@id":"https:\/\/www.versiegelung24.com\/fi\/#\/schema\/logo\/image\/"}}]},"product_price_amount":"1.25","product_price_currency":"EUR","og_availability":"instock","product_availability":"instock","product_retailer_item_id":"V24-9004","product_condition":"new"},"_links":{"self":[{"href":"https:\/\/www.versiegelung24.com\/fi\/wp-json\/wp\/v2\/product\/149466","targetHints":{"allow":["GET"]}}],"collection":[{"href":"https:\/\/www.versiegelung24.com\/fi\/wp-json\/wp\/v2\/product"}],"about":[{"href":"https:\/\/www.versiegelung24.com\/fi\/wp-json\/wp\/v2\/types\/product"}],"version-history":[{"count":9,"href":"https:\/\/www.versiegelung24.com\/fi\/wp-json\/wp\/v2\/product\/149466\/revisions"}],"predecessor-version":[{"id":178232,"href":"https:\/\/www.versiegelung24.com\/fi\/wp-json\/wp\/v2\/product\/149466\/revisions\/178232"}],"wp:featuredmedia":[{"embeddable":true,"href":"https:\/\/www.versiegelung24.com\/fi\/wp-json\/wp\/v2\/media\/64791"}],"wp:attachment":[{"href":"https:\/\/www.versiegelung24.com\/fi\/wp-json\/wp\/v2\/media?parent=149466"}],"wp:term":[{"taxonomy":"product_brand","embeddable":true,"href":"https:\/\/www.versiegelung24.com\/fi\/wp-json\/wp\/v2\/product_brand?post=149466"},{"taxonomy":"product_cat","embeddable":true,"href":"https:\/\/www.versiegelung24.com\/fi\/wp-json\/wp\/v2\/product_cat?post=149466"},{"taxonomy":"product_tag","embeddable":true,"href":"https:\/\/www.versiegelung24.com\/fi\/wp-json\/wp\/v2\/product_tag?post=149466"}],"curies":[{"name":"wp","href":"https:\/\/api.w.org\/{rel}","templated":true}]}}