{"id":157667,"date":"2024-04-04T12:30:43","date_gmt":"2024-04-04T10:30:43","guid":{"rendered":"https:\/\/www.versiegelung24.com\/?post_type=product&#038;p=157667"},"modified":"2026-04-01T11:54:56","modified_gmt":"2026-04-01T09:54:56","slug":"isopropanol","status":"publish","type":"product","link":"https:\/\/www.versiegelung24.com\/fi\/100-erittaein-puhdasta-bioetanolia-ammattimaiseen-esipuhdistukseen-kopie.html","title":{"rendered":"Isopropanoli 99,9 % eritt\u00e4in puhdasta esipuhdistusta varten."},"content":{"rendered":"\n<h4 class=\"wp-block-heading\" id=\"h-beschreibung\">Kuvaus  <\/h4>\n\n<p>Isopropanoli, joka tunnetaan my\u00f6s nimell\u00e4 IPA, 2-propanoli tai isopropyylialkoholi, on v\u00e4rit\u00f6n, kirkas neste, jolla on ominainen haju ja jolle on ominaista sen monipuolinen k\u00e4ytt\u00f6 kotitalouksissa, harrastusalalla ja teollisuudessa. Korkean 99,9 %:n puhtautensa ansiosta isopropanolimme on ihanteellinen esipuhdistusaine erilaisille pinnoille ja jatkok\u00e4sittelyvaiheiden valmisteluun.<\/p>\n\n<p>Voidaan k\u00e4ytt\u00e4\u00e4 eritt\u00e4in hyvin yhdess\u00e4 biologisen, j\u00e4\u00e4m\u00e4t\u00f6n esipuhdistusaineemme kanssa. <strong><a href=\"https:\/\/www.versiegelung24.com\/fi\/biosativa-biologinen-esipuhdistin.html\">BIOSATIVA\u00ae<\/a><\/strong><br\/>esim. <a href=\"https:\/\/www.versiegelung24.com\/versiegelung-glas-keramik\/\">lasin<\/a>, <a href=\"https:\/\/www.versiegelung24.com\/versiegelung-glas-keramik\/\">keramiikan<\/a> ja maalattujen <a href=\"https:\/\/www.versiegelung24.com\/oberflaechen\/\">pintojen<\/a> valmisteluun pintatiivisteidemme levitt\u00e4mist\u00e4 varten.<\/p>\n\n<hr\/>\n\n<h4 class=\"wp-block-heading\" id=\"properties\">Tuotteen ominaisuudet<\/h4>\n\n<p>\u2713 <strong>Rasvanpoisto-ominaisuudet<\/strong>: Poistaa tehokkaasti rasvaa, \u00f6ljyj\u00e4 ja joitakin liimoja.<\/p>\n\n<p>\u2713 <strong>Desinfiointimahdollisuudet<\/strong>: Voi auttaa v\u00e4hent\u00e4m\u00e4\u00e4n bakteereja ja poistamaan hajuja alkoholipohjansa ansiosta.<\/p>\n\n<p>\u2713 <strong>Nopea haihtuminen<\/strong>: Haihtuu nopeasti j\u00e4tt\u00e4m\u00e4tt\u00e4 j\u00e4\u00e4mi\u00e4, ihanteellinen puhdistusprosesseihin.<\/p>\n\n<p><strong>\u2713 Liukoisuus<\/strong>: Erinomainen liukoisuus veteen, joten se soveltuu erilaisiin laimennoksiin ja sovelluksiin.<\/p>\n\n<p>\u2713 <strong>Puhtaus<\/strong>: 99,9 % isopropanolipitoisuus takaa korkeimmat puhtaus- ja tehokkuusstandardit.\u2713 Alueellinen tuotanto eurooppalaisilla ainesosilla.<\/p>\n\n<p>\u2713 <strong>Fysikaalinen olomuoto<\/strong>: Kirkas, v\u00e4rit\u00f6n neste, jolla on ominainen pist\u00e4v\u00e4 haju.<\/p>\n\n<p><strong>Helposti syttyv\u00e4\u00e4<\/strong>: On k\u00e4sitelt\u00e4v\u00e4 ja varastoitava varovasti ja et\u00e4\u00e4ll\u00e4 syttymisl\u00e4hteist\u00e4.<\/p>\n\n<p>\u2713 S <strong>y\u00f6vytt\u00e4m\u00e4t\u00f6n<\/strong>: Turvallinen k\u00e4ytett\u00e4v\u00e4ksi useimmille metalleille ja muoveille, kun se on laimennettu oikein.<\/p>\n\n<p>\u2713 <strong>Monipuolinen k\u00e4ytett\u00e4vyys<\/strong>: Soveltuu teknisiin, kosmeettisiin ja laboratoriosovelluksiin korkean puhtautensa ansiosta.<\/p>\n\n<p><strong>\u2713 Turvallisuusprofiili<\/strong>: Vaatii suojaustoimenpiteit\u00e4 k\u00e4yt\u00f6n aikana hengityksen tai ihokosketuksen v\u00e4ltt\u00e4miseksi.<\/p>\n\n<hr\/>\n\n<h4 class=\"wp-block-heading\" id=\"application\">Hakemus<\/h4>\n\n<ul class=\"wp-block-list\">\n<li><strong>Lasin puhdistus<\/strong>: Ihanteellinen lasipintojen raidattomaan puhdistukseen. Optimaalisten tulosten saavuttamiseksi suosittelemme laimentamista 30 % tislatulla vedell\u00e4.<\/li>\n\n\n\n<li><strong>Rasvanpoisto<\/strong>: Rasvan, maalin, musteen ja liimaj\u00e4\u00e4mien tehokas poisto erilaisilta pinnoilta.<\/li>\n\n\n\n<li><strong>Autoteollisuus<\/strong>: V\u00e4ltt\u00e4m\u00e4t\u00f6n lian ja liimaj\u00e4\u00e4mien poistoon ennen maalin kiillotusta.<\/li>\n\n\n\n<li><strong>3D-tulostus<\/strong>: T\u00e4ydellinen 3D-tulostimien tulostusalustojen ja muiden osien puhdistukseen ilman j\u00e4\u00e4mi\u00e4.<\/li>\n\n\n\n<li><strong>H\u00f6yrystimen puhdistus<\/strong>: Bakteerien muodostumisen est\u00e4miseksi.<\/li>\n\n\n\n<li><strong>Levyjen hoito<\/strong>: Musiikin yst\u00e4v\u00e4t arvostavat hell\u00e4varaista puhdistusvaikutusta vinyyliaarteilleen.<\/li>\n\n\n\n<li><strong>Hajunpoisto<\/strong>: Poistaa ep\u00e4miellytt\u00e4v\u00e4t hajut kengist\u00e4 tai muista tekstiileist\u00e4.<\/li>\n\n\n\n<li><strong>Tuhoel\u00e4inten torjunta<\/strong>: Auttaa torjumaan luteita ja puumatoisia.<\/li>\n<\/ul>\n\n<p>T\u00e4rkeimpien k\u00e4ytt\u00f6alueiden lis\u00e4ksi isopropanoli sopii my\u00f6s ovilukkojen j\u00e4\u00e4npoistoon, kaapeleiden puhdistukseen ja moniin muihin sovelluksiin, jotka vaativat perusteellista esipuhdistusta.<\/p>\n\n<hr\/>\n\n<h4 class=\"wp-block-heading\" id=\"faq\">FAQ<\/h4>\n\n<div class=\"schema-faq wp-block-yoast-faq-block\"><div class=\"schema-faq-section\" id=\"faq-question-1645793617330\"><strong class=\"schema-faq-question\"><strong>Voiko 99,9-prosenttista isopropanolia k\u00e4ytt\u00e4\u00e4 l\u00e4\u00e4ketieteellisiin tai desinfiointitarkoituksiin<\/strong>?<\/strong> <p class=\"schema-faq-answer\">99,9-prosenttista isopropanolia voidaan k\u00e4ytt\u00e4\u00e4 pintojen desinfiointiin, koska sill\u00e4 on korkean alkoholipitoisuutensa ansiosta bakteereja tuhoavia ominaisuuksia. Suoraan iholle levitett\u00e4ess\u00e4 tai l\u00e4\u00e4ketieteellisiin tarkoituksiin se on kuitenkin laimennettava vastaavasti.  <strong>Emme suosittele k\u00e4ytt\u00f6\u00e4 l\u00e4\u00e4ketieteellisiin tai desinfiointitarkoituksiin!<\/strong><\/p> <\/div> <div class=\"schema-faq-section\" id=\"faq-question-1645793819353\"><strong class=\"schema-faq-question\"><strong>Onko 99,9-prosenttinen isopropanoli turvallinen elektronisten laitteiden puhdistuksessa?<\/strong><\/strong> <p class=\"schema-faq-answer\">Kyll\u00e4, 99,9-prosenttinen isopropanoli on ihanteellinen elektronisten laitteiden puhdistukseen, koska se haihtuu nopeasti eik\u00e4 j\u00e4t\u00e4 j\u00e4\u00e4mi\u00e4. On t\u00e4rke\u00e4\u00e4, ett\u00e4 elektroniset laitteet kytket\u00e4\u00e4n pois p\u00e4\u00e4lt\u00e4 ja irrotetaan ennen k\u00e4ytt\u00f6\u00e4, eik\u00e4 alkoholia saa suihkuttaa suoraan laitteisiin, vaan on k\u00e4ytett\u00e4v\u00e4 isopropanoliin kasteltua liinaa.<br><\/p> <\/div> <div class=\"schema-faq-section\" id=\"faq-question-1645794918526\"><strong class=\"schema-faq-question\"><strong>Miten 99,9-prosenttista isopropanolia on s\u00e4ilytett\u00e4v\u00e4?<\/strong><\/strong> <p class=\"schema-faq-answer\">Isopropanoli 99,9 % on s\u00e4ilytett\u00e4v\u00e4 tiiviisti suljetussa astiassa viile\u00e4ss\u00e4, hyvin ilmastoidussa paikassa. Se on helposti syttyv\u00e4\u00e4, joten se on s\u00e4ilytett\u00e4v\u00e4 kaukana l\u00e4mm\u00f6nl\u00e4hteist\u00e4, kipin\u00f6ist\u00e4, avotulesta ja muista syttymisl\u00e4hteist\u00e4. Lis\u00e4ksi s\u00e4ilytystila on valittava siten, ett\u00e4 lapset ja lemmikkiel\u00e4imet eiv\u00e4t p\u00e4\u00e4se sinne vahingossa altistumisen v\u00e4ltt\u00e4miseksi.<\/p> <\/div> <\/div>\n","protected":false},"excerpt":{"rendered":"<p>\u2713 S <strong>uuri puhdistusteho<\/strong>: liimaj\u00e4\u00e4mien poisto<\/p>\n<p>\u2713 <strong>Rasvanpoisto<\/strong>: rasvan ja \u00f6ljyn raidaton poisto.<\/p>\n<p><strong>\u2713 Liukoisuus<\/strong>: Erinomainen liukoisuus veteen.<\/p>\n<p>\u2713 <strong>Nopea haihtuminen<\/strong>: Haihtuu nopeasti j\u00e4tt\u00e4m\u00e4tt\u00e4 j\u00e4\u00e4mi\u00e4.<\/p>\n","protected":false},"featured_media":157716,"template":"","meta":{"_acf_changed":false,"neve_meta_sidebar":"","neve_meta_container":"","neve_meta_enable_content_width":"","neve_meta_content_width":0,"neve_meta_title_alignment":"","neve_meta_author_avatar":"","neve_post_elements_order":"","neve_meta_disable_header":"","neve_meta_disable_footer":"","neve_meta_disable_title":"","neve_meta_reading_time":"","_surfaces":[],"_ver_product_tabs":[],"footnotes":""},"product_brand":[],"product_cat":[2191,2207,2465,2468,2601],"product_tag":[],"class_list":{"0":"post-157667","1":"product","2":"type-product","3":"status-publish","4":"has-post-thumbnail","6":"product_cat-lasin-ja-keramiikan-tiiviste","7":"product_cat-auton-tiivistys","8":"product_cat-metalli-ja-muovitiiviste","9":"product_cat-siivoustarvikkeet","10":"product_cat-bioetanoli","12":"first","13":"instock","14":"taxable","15":"shipping-taxable","16":"purchasable","17":"product-type-simple"},"acf":[],"yoast_head":"<!-- This site is optimized with the Yoast SEO Premium plugin v22.8 (Yoast SEO v27.5) - https:\/\/yoast.com\/product\/yoast-seo-premium-wordpress\/ -->\n<title>Isopropanoli 99,9 % eritt\u00e4in puhdasta esipuhdistusta varten. - versiegelung24.com<\/title>\n<meta name=\"robots\" content=\"index, follow, max-snippet:-1, max-image-preview:large, max-video-preview:-1\" \/>\n<link rel=\"canonical\" href=\"https:\/\/www.versiegelung24.com\/fi\/100-erittaein-puhdasta-bioetanolia-ammattimaiseen-esipuhdistukseen-kopie.html\" \/>\n<meta property=\"og:locale\" content=\"fi_FI\" \/>\n<meta property=\"og:type\" content=\"article\" \/>\n<meta property=\"og:title\" content=\"Isopropanoli 99,9 % eritt\u00e4in puhdasta esipuhdistusta varten.\" \/>\n<meta property=\"og:description\" content=\"\u2713 S uuri puhdistusteho: liimaj\u00e4\u00e4mien poisto \u2713 Rasvanpoisto: rasvan ja \u00f6ljyn raidaton poisto. \u2713 Liukoisuus: Erinomainen liukoisuus veteen. \u2713 Nopea haihtuminen: Haihtuu nopeasti j\u00e4tt\u00e4m\u00e4tt\u00e4 j\u00e4\u00e4mi\u00e4.\" \/>\n<meta property=\"og:url\" content=\"https:\/\/www.versiegelung24.com\/fi\/100-erittaein-puhdasta-bioetanolia-ammattimaiseen-esipuhdistukseen-kopie.html\" \/>\n<meta property=\"og:site_name\" content=\"versiegelung24.com\" \/>\n<meta property=\"article:modified_time\" content=\"2026-04-01T09:54:56+00:00\" \/>\n<meta property=\"og:image\" content=\"https:\/\/www.versiegelung24.com\/wp-content\/uploads\/2024\/04\/isopropanol-999.webp\" \/>\n\t<meta property=\"og:image:width\" content=\"2560\" \/>\n\t<meta property=\"og:image:height\" content=\"2560\" \/>\n\t<meta property=\"og:image:type\" content=\"image\/webp\" \/>\n<meta name=\"twitter:card\" content=\"summary_large_image\" \/>\n<meta name=\"twitter:label1\" content=\"Hinta\" \/>\n\t<meta name=\"twitter:data1\" content=\"11,99&euro;\" \/>\n\t<meta name=\"twitter:label2\" content=\"Saatavuus\" \/>\n\t<meta name=\"twitter:data2\" content=\"Varastossa\" \/>\n<script type=\"application\/ld+json\" class=\"yoast-schema-graph\">{\"@context\":\"https:\\\/\\\/schema.org\",\"@graph\":[{\"@type\":[\"WebPage\",\"FAQPage\"],\"@id\":\"https:\\\/\\\/www.versiegelung24.com\\\/fi\\\/100-erittaein-puhdasta-bioetanolia-ammattimaiseen-esipuhdistukseen-kopie.html\",\"url\":\"https:\\\/\\\/www.versiegelung24.com\\\/fi\\\/100-erittaein-puhdasta-bioetanolia-ammattimaiseen-esipuhdistukseen-kopie.html\",\"name\":\"Isopropanoli 99,9 % eritt\u00e4in puhdasta esipuhdistusta varten. - versiegelung24.com\",\"isPartOf\":{\"@id\":\"https:\\\/\\\/www.versiegelung24.com\\\/fi\\\/#website\"},\"primaryImageOfPage\":{\"@id\":\"https:\\\/\\\/www.versiegelung24.com\\\/fi\\\/100-erittaein-puhdasta-bioetanolia-ammattimaiseen-esipuhdistukseen-kopie.html#primaryimage\"},\"image\":{\"@id\":\"https:\\\/\\\/www.versiegelung24.com\\\/fi\\\/100-erittaein-puhdasta-bioetanolia-ammattimaiseen-esipuhdistukseen-kopie.html#primaryimage\"},\"thumbnailUrl\":\"https:\\\/\\\/www.versiegelung24.com\\\/wp-content\\\/uploads\\\/2024\\\/04\\\/isopropanol-999.webp\",\"datePublished\":\"2024-04-04T10:30:43+00:00\",\"dateModified\":\"2026-04-01T09:54:56+00:00\",\"breadcrumb\":{\"@id\":\"https:\\\/\\\/www.versiegelung24.com\\\/fi\\\/100-erittaein-puhdasta-bioetanolia-ammattimaiseen-esipuhdistukseen-kopie.html#breadcrumb\"},\"mainEntity\":[{\"@id\":\"https:\\\/\\\/www.versiegelung24.com\\\/fi\\\/100-erittaein-puhdasta-bioetanolia-ammattimaiseen-esipuhdistukseen-kopie.html#faq-question-1645793617330\"},{\"@id\":\"https:\\\/\\\/www.versiegelung24.com\\\/fi\\\/100-erittaein-puhdasta-bioetanolia-ammattimaiseen-esipuhdistukseen-kopie.html#faq-question-1645793819353\"},{\"@id\":\"https:\\\/\\\/www.versiegelung24.com\\\/fi\\\/100-erittaein-puhdasta-bioetanolia-ammattimaiseen-esipuhdistukseen-kopie.html#faq-question-1645794918526\"}],\"inLanguage\":\"fi\",\"potentialAction\":[{\"@type\":\"ReadAction\",\"target\":[\"https:\\\/\\\/www.versiegelung24.com\\\/fi\\\/100-erittaein-puhdasta-bioetanolia-ammattimaiseen-esipuhdistukseen-kopie.html\"]}]},{\"@type\":\"ImageObject\",\"inLanguage\":\"fi\",\"@id\":\"https:\\\/\\\/www.versiegelung24.com\\\/fi\\\/100-erittaein-puhdasta-bioetanolia-ammattimaiseen-esipuhdistukseen-kopie.html#primaryimage\",\"url\":\"https:\\\/\\\/www.versiegelung24.com\\\/wp-content\\\/uploads\\\/2024\\\/04\\\/isopropanol-999.webp\",\"contentUrl\":\"https:\\\/\\\/www.versiegelung24.com\\\/wp-content\\\/uploads\\\/2024\\\/04\\\/isopropanol-999.webp\",\"width\":2560,\"height\":2560},{\"@type\":\"BreadcrumbList\",\"@id\":\"https:\\\/\\\/www.versiegelung24.com\\\/fi\\\/100-erittaein-puhdasta-bioetanolia-ammattimaiseen-esipuhdistukseen-kopie.html#breadcrumb\",\"itemListElement\":[{\"@type\":\"ListItem\",\"position\":1,\"name\":\"Kotisivu\",\"item\":\"https:\\\/\\\/www.versiegelung24.com\\\/fi\\\/etupuolella\\\/\"},{\"@type\":\"ListItem\",\"position\":2,\"name\":\"Myym\u00e4l\u00e4\",\"item\":\"https:\\\/\\\/www.versiegelung24.com\\\/fi\\\/myymala-2\\\/\"},{\"@type\":\"ListItem\",\"position\":3,\"name\":\"Isopropanoli 99,9 % eritt\u00e4in puhdasta esipuhdistusta varten.\"}]},{\"@type\":\"WebSite\",\"@id\":\"https:\\\/\\\/www.versiegelung24.com\\\/fi\\\/#website\",\"url\":\"https:\\\/\\\/www.versiegelung24.com\\\/fi\\\/\",\"name\":\"versiegelung24.com\",\"description\":\"Fl\u00fcssigglas-Versiegelung - Made in Germany\",\"publisher\":{\"@id\":\"https:\\\/\\\/www.versiegelung24.com\\\/fi\\\/#organization\"},\"potentialAction\":[{\"@type\":\"SearchAction\",\"target\":{\"@type\":\"EntryPoint\",\"urlTemplate\":\"https:\\\/\\\/www.versiegelung24.com\\\/fi\\\/?s={search_term_string}\"},\"query-input\":{\"@type\":\"PropertyValueSpecification\",\"valueRequired\":true,\"valueName\":\"search_term_string\"}}],\"inLanguage\":\"fi\"},{\"@type\":\"Organization\",\"@id\":\"https:\\\/\\\/www.versiegelung24.com\\\/fi\\\/#organization\",\"name\":\"versiegelung24\",\"url\":\"https:\\\/\\\/www.versiegelung24.com\\\/fi\\\/\",\"logo\":{\"@type\":\"ImageObject\",\"inLanguage\":\"fi\",\"@id\":\"https:\\\/\\\/www.versiegelung24.com\\\/fi\\\/#\\\/schema\\\/logo\\\/image\\\/\",\"url\":\"https:\\\/\\\/www.versiegelung24.com\\\/wp-content\\\/uploads\\\/2020\\\/04\\\/versiegelung24.png\",\"contentUrl\":\"https:\\\/\\\/www.versiegelung24.com\\\/wp-content\\\/uploads\\\/2020\\\/04\\\/versiegelung24.png\",\"width\":470,\"height\":102,\"caption\":\"versiegelung24\"},\"image\":{\"@id\":\"https:\\\/\\\/www.versiegelung24.com\\\/fi\\\/#\\\/schema\\\/logo\\\/image\\\/\"}},{\"@type\":\"Question\",\"@id\":\"https:\\\/\\\/www.versiegelung24.com\\\/fi\\\/100-erittaein-puhdasta-bioetanolia-ammattimaiseen-esipuhdistukseen-kopie.html#faq-question-1645793617330\",\"position\":1,\"url\":\"https:\\\/\\\/www.versiegelung24.com\\\/fi\\\/100-erittaein-puhdasta-bioetanolia-ammattimaiseen-esipuhdistukseen-kopie.html#faq-question-1645793617330\",\"name\":\"Kann Isopropanol 99,9% f\u00fcr medizinische oder desinfizierende Zwecke verwendet werden?\",\"answerCount\":1,\"acceptedAnswer\":{\"@type\":\"Answer\",\"text\":\"Isopropanol 99,9% kann f\u00fcr die Desinfektion von Oberfl\u00e4chen verwendet werden, da es aufgrund seiner hohen Alkoholkonzentration bakterizide Eigenschaften besitzt. F\u00fcr die direkte Anwendung auf der Haut oder f\u00fcr medizinische Zwecke sollte es jedoch entsprechend verd\u00fcnnt werden. <strong>Wir empfehlen die Verwendung f\u00fcr medizinische oder desinfizierende Zwecke nicht!<\\\/strong>\",\"inLanguage\":\"fi\"},\"inLanguage\":\"fi\"},{\"@type\":\"Question\",\"@id\":\"https:\\\/\\\/www.versiegelung24.com\\\/fi\\\/100-erittaein-puhdasta-bioetanolia-ammattimaiseen-esipuhdistukseen-kopie.html#faq-question-1645793819353\",\"position\":2,\"url\":\"https:\\\/\\\/www.versiegelung24.com\\\/fi\\\/100-erittaein-puhdasta-bioetanolia-ammattimaiseen-esipuhdistukseen-kopie.html#faq-question-1645793819353\",\"name\":\"Ist Isopropanol 99,9% sicher f\u00fcr die Reinigung von elektronischen Ger\u00e4ten?\",\"answerCount\":1,\"acceptedAnswer\":{\"@type\":\"Answer\",\"text\":\"Ja, Isopropanol 99,9% eignet sich hervorragend f\u00fcr die Reinigung von elektronischen Ger\u00e4ten, da es schnell verdunstet und keine R\u00fcckst\u00e4nde hinterl\u00e4sst. Es ist wichtig, elektronische Ger\u00e4te vor der Anwendung auszuschalten und zu entkoppeln und den Alkohol nicht direkt auf die Ger\u00e4te zu spr\u00fchen, sondern ein mit Isopropanol getr\u00e4nktes Tuch zu verwenden.<br\\\/>\",\"inLanguage\":\"fi\"},\"inLanguage\":\"fi\"},{\"@type\":\"Question\",\"@id\":\"https:\\\/\\\/www.versiegelung24.com\\\/fi\\\/100-erittaein-puhdasta-bioetanolia-ammattimaiseen-esipuhdistukseen-kopie.html#faq-question-1645794918526\",\"position\":3,\"url\":\"https:\\\/\\\/www.versiegelung24.com\\\/fi\\\/100-erittaein-puhdasta-bioetanolia-ammattimaiseen-esipuhdistukseen-kopie.html#faq-question-1645794918526\",\"name\":\"Wie sollte Isopropanol 99,9% gelagert werden?\",\"answerCount\":1,\"acceptedAnswer\":{\"@type\":\"Answer\",\"text\":\"Isopropanol 99,9% sollte in einem gut verschlossenen Beh\u00e4lter an einem k\u00fchlen, gut bel\u00fcfteten Ort gelagert werden. Es ist leicht entz\u00fcndlich, daher sollte es fern von Hitzequellen, Funken, offenen Flammen und anderen Z\u00fcndquellen aufbewahrt werden. Zudem sollte der Lagerbereich so gew\u00e4hlt werden, dass er f\u00fcr Kinder und Haustiere unzug\u00e4nglich ist, um unbeabsichtigte Exposition zu vermeiden.\",\"inLanguage\":\"fi\"},\"inLanguage\":\"fi\"}]}<\/script>\n<meta property=\"product:price:amount\" content=\"11.99\" \/>\n<meta property=\"product:price:currency\" content=\"EUR\" \/>\n<meta property=\"og:availability\" content=\"instock\" \/>\n<meta property=\"product:availability\" content=\"instock\" \/>\n<meta property=\"product:retailer_item_id\" content=\"9110-ISO99\" \/>\n<meta property=\"product:condition\" content=\"new\" \/>\n<!-- \/ Yoast SEO Premium plugin. -->","yoast_head_json":{"title":"Isopropanoli 99,9 % eritt\u00e4in puhdasta esipuhdistusta varten. - versiegelung24.com","robots":{"index":"index","follow":"follow","max-snippet":"max-snippet:-1","max-image-preview":"max-image-preview:large","max-video-preview":"max-video-preview:-1"},"canonical":"https:\/\/www.versiegelung24.com\/fi\/100-erittaein-puhdasta-bioetanolia-ammattimaiseen-esipuhdistukseen-kopie.html","og_locale":"fi_FI","og_type":"article","og_title":"Isopropanoli 99,9 % eritt\u00e4in puhdasta esipuhdistusta varten.","og_description":"\u2713 S uuri puhdistusteho: liimaj\u00e4\u00e4mien poisto \u2713 Rasvanpoisto: rasvan ja \u00f6ljyn raidaton poisto. \u2713 Liukoisuus: Erinomainen liukoisuus veteen. \u2713 Nopea haihtuminen: Haihtuu nopeasti j\u00e4tt\u00e4m\u00e4tt\u00e4 j\u00e4\u00e4mi\u00e4.","og_url":"https:\/\/www.versiegelung24.com\/fi\/100-erittaein-puhdasta-bioetanolia-ammattimaiseen-esipuhdistukseen-kopie.html","og_site_name":"versiegelung24.com","article_modified_time":"2026-04-01T09:54:56+00:00","og_image":[{"width":2560,"height":2560,"url":"https:\/\/www.versiegelung24.com\/wp-content\/uploads\/2024\/04\/isopropanol-999.webp","type":"image\/webp"}],"twitter_card":"summary_large_image","twitter_misc":{"Hinta":"11,99&euro;","Saatavuus":"Varastossa"},"schema":{"@context":"https:\/\/schema.org","@graph":[{"@type":["WebPage","FAQPage"],"@id":"https:\/\/www.versiegelung24.com\/fi\/100-erittaein-puhdasta-bioetanolia-ammattimaiseen-esipuhdistukseen-kopie.html","url":"https:\/\/www.versiegelung24.com\/fi\/100-erittaein-puhdasta-bioetanolia-ammattimaiseen-esipuhdistukseen-kopie.html","name":"Isopropanoli 99,9 % eritt\u00e4in puhdasta esipuhdistusta varten. - versiegelung24.com","isPartOf":{"@id":"https:\/\/www.versiegelung24.com\/fi\/#website"},"primaryImageOfPage":{"@id":"https:\/\/www.versiegelung24.com\/fi\/100-erittaein-puhdasta-bioetanolia-ammattimaiseen-esipuhdistukseen-kopie.html#primaryimage"},"image":{"@id":"https:\/\/www.versiegelung24.com\/fi\/100-erittaein-puhdasta-bioetanolia-ammattimaiseen-esipuhdistukseen-kopie.html#primaryimage"},"thumbnailUrl":"https:\/\/www.versiegelung24.com\/wp-content\/uploads\/2024\/04\/isopropanol-999.webp","datePublished":"2024-04-04T10:30:43+00:00","dateModified":"2026-04-01T09:54:56+00:00","breadcrumb":{"@id":"https:\/\/www.versiegelung24.com\/fi\/100-erittaein-puhdasta-bioetanolia-ammattimaiseen-esipuhdistukseen-kopie.html#breadcrumb"},"mainEntity":[{"@id":"https:\/\/www.versiegelung24.com\/fi\/100-erittaein-puhdasta-bioetanolia-ammattimaiseen-esipuhdistukseen-kopie.html#faq-question-1645793617330"},{"@id":"https:\/\/www.versiegelung24.com\/fi\/100-erittaein-puhdasta-bioetanolia-ammattimaiseen-esipuhdistukseen-kopie.html#faq-question-1645793819353"},{"@id":"https:\/\/www.versiegelung24.com\/fi\/100-erittaein-puhdasta-bioetanolia-ammattimaiseen-esipuhdistukseen-kopie.html#faq-question-1645794918526"}],"inLanguage":"fi","potentialAction":[{"@type":"ReadAction","target":["https:\/\/www.versiegelung24.com\/fi\/100-erittaein-puhdasta-bioetanolia-ammattimaiseen-esipuhdistukseen-kopie.html"]}]},{"@type":"ImageObject","inLanguage":"fi","@id":"https:\/\/www.versiegelung24.com\/fi\/100-erittaein-puhdasta-bioetanolia-ammattimaiseen-esipuhdistukseen-kopie.html#primaryimage","url":"https:\/\/www.versiegelung24.com\/wp-content\/uploads\/2024\/04\/isopropanol-999.webp","contentUrl":"https:\/\/www.versiegelung24.com\/wp-content\/uploads\/2024\/04\/isopropanol-999.webp","width":2560,"height":2560},{"@type":"BreadcrumbList","@id":"https:\/\/www.versiegelung24.com\/fi\/100-erittaein-puhdasta-bioetanolia-ammattimaiseen-esipuhdistukseen-kopie.html#breadcrumb","itemListElement":[{"@type":"ListItem","position":1,"name":"Kotisivu","item":"https:\/\/www.versiegelung24.com\/fi\/etupuolella\/"},{"@type":"ListItem","position":2,"name":"Myym\u00e4l\u00e4","item":"https:\/\/www.versiegelung24.com\/fi\/myymala-2\/"},{"@type":"ListItem","position":3,"name":"Isopropanoli 99,9 % eritt\u00e4in puhdasta esipuhdistusta varten."}]},{"@type":"WebSite","@id":"https:\/\/www.versiegelung24.com\/fi\/#website","url":"https:\/\/www.versiegelung24.com\/fi\/","name":"versiegelung24.com","description":"Fl\u00fcssigglas-Versiegelung - Made in Germany","publisher":{"@id":"https:\/\/www.versiegelung24.com\/fi\/#organization"},"potentialAction":[{"@type":"SearchAction","target":{"@type":"EntryPoint","urlTemplate":"https:\/\/www.versiegelung24.com\/fi\/?s={search_term_string}"},"query-input":{"@type":"PropertyValueSpecification","valueRequired":true,"valueName":"search_term_string"}}],"inLanguage":"fi"},{"@type":"Organization","@id":"https:\/\/www.versiegelung24.com\/fi\/#organization","name":"versiegelung24","url":"https:\/\/www.versiegelung24.com\/fi\/","logo":{"@type":"ImageObject","inLanguage":"fi","@id":"https:\/\/www.versiegelung24.com\/fi\/#\/schema\/logo\/image\/","url":"https:\/\/www.versiegelung24.com\/wp-content\/uploads\/2020\/04\/versiegelung24.png","contentUrl":"https:\/\/www.versiegelung24.com\/wp-content\/uploads\/2020\/04\/versiegelung24.png","width":470,"height":102,"caption":"versiegelung24"},"image":{"@id":"https:\/\/www.versiegelung24.com\/fi\/#\/schema\/logo\/image\/"}},{"@type":"Question","@id":"https:\/\/www.versiegelung24.com\/fi\/100-erittaein-puhdasta-bioetanolia-ammattimaiseen-esipuhdistukseen-kopie.html#faq-question-1645793617330","position":1,"url":"https:\/\/www.versiegelung24.com\/fi\/100-erittaein-puhdasta-bioetanolia-ammattimaiseen-esipuhdistukseen-kopie.html#faq-question-1645793617330","name":"Kann Isopropanol 99,9% f\u00fcr medizinische oder desinfizierende Zwecke verwendet werden?","answerCount":1,"acceptedAnswer":{"@type":"Answer","text":"Isopropanol 99,9% kann f\u00fcr die Desinfektion von Oberfl\u00e4chen verwendet werden, da es aufgrund seiner hohen Alkoholkonzentration bakterizide Eigenschaften besitzt. F\u00fcr die direkte Anwendung auf der Haut oder f\u00fcr medizinische Zwecke sollte es jedoch entsprechend verd\u00fcnnt werden. <strong>Wir empfehlen die Verwendung f\u00fcr medizinische oder desinfizierende Zwecke nicht!<\/strong>","inLanguage":"fi"},"inLanguage":"fi"},{"@type":"Question","@id":"https:\/\/www.versiegelung24.com\/fi\/100-erittaein-puhdasta-bioetanolia-ammattimaiseen-esipuhdistukseen-kopie.html#faq-question-1645793819353","position":2,"url":"https:\/\/www.versiegelung24.com\/fi\/100-erittaein-puhdasta-bioetanolia-ammattimaiseen-esipuhdistukseen-kopie.html#faq-question-1645793819353","name":"Ist Isopropanol 99,9% sicher f\u00fcr die Reinigung von elektronischen Ger\u00e4ten?","answerCount":1,"acceptedAnswer":{"@type":"Answer","text":"Ja, Isopropanol 99,9% eignet sich hervorragend f\u00fcr die Reinigung von elektronischen Ger\u00e4ten, da es schnell verdunstet und keine R\u00fcckst\u00e4nde hinterl\u00e4sst. Es ist wichtig, elektronische Ger\u00e4te vor der Anwendung auszuschalten und zu entkoppeln und den Alkohol nicht direkt auf die Ger\u00e4te zu spr\u00fchen, sondern ein mit Isopropanol getr\u00e4nktes Tuch zu verwenden.<br\/>","inLanguage":"fi"},"inLanguage":"fi"},{"@type":"Question","@id":"https:\/\/www.versiegelung24.com\/fi\/100-erittaein-puhdasta-bioetanolia-ammattimaiseen-esipuhdistukseen-kopie.html#faq-question-1645794918526","position":3,"url":"https:\/\/www.versiegelung24.com\/fi\/100-erittaein-puhdasta-bioetanolia-ammattimaiseen-esipuhdistukseen-kopie.html#faq-question-1645794918526","name":"Wie sollte Isopropanol 99,9% gelagert werden?","answerCount":1,"acceptedAnswer":{"@type":"Answer","text":"Isopropanol 99,9% sollte in einem gut verschlossenen Beh\u00e4lter an einem k\u00fchlen, gut bel\u00fcfteten Ort gelagert werden. Es ist leicht entz\u00fcndlich, daher sollte es fern von Hitzequellen, Funken, offenen Flammen und anderen Z\u00fcndquellen aufbewahrt werden. Zudem sollte der Lagerbereich so gew\u00e4hlt werden, dass er f\u00fcr Kinder und Haustiere unzug\u00e4nglich ist, um unbeabsichtigte Exposition zu vermeiden.","inLanguage":"fi"},"inLanguage":"fi"}]},"product_price_amount":"11.99","product_price_currency":"EUR","og_availability":"instock","product_availability":"instock","product_retailer_item_id":"9110-ISO99","product_condition":"new"},"_links":{"self":[{"href":"https:\/\/www.versiegelung24.com\/fi\/wp-json\/wp\/v2\/product\/157667","targetHints":{"allow":["GET"]}}],"collection":[{"href":"https:\/\/www.versiegelung24.com\/fi\/wp-json\/wp\/v2\/product"}],"about":[{"href":"https:\/\/www.versiegelung24.com\/fi\/wp-json\/wp\/v2\/types\/product"}],"version-history":[{"count":8,"href":"https:\/\/www.versiegelung24.com\/fi\/wp-json\/wp\/v2\/product\/157667\/revisions"}],"predecessor-version":[{"id":178481,"href":"https:\/\/www.versiegelung24.com\/fi\/wp-json\/wp\/v2\/product\/157667\/revisions\/178481"}],"wp:featuredmedia":[{"embeddable":true,"href":"https:\/\/www.versiegelung24.com\/fi\/wp-json\/wp\/v2\/media\/157716"}],"wp:attachment":[{"href":"https:\/\/www.versiegelung24.com\/fi\/wp-json\/wp\/v2\/media?parent=157667"}],"wp:term":[{"taxonomy":"product_brand","embeddable":true,"href":"https:\/\/www.versiegelung24.com\/fi\/wp-json\/wp\/v2\/product_brand?post=157667"},{"taxonomy":"product_cat","embeddable":true,"href":"https:\/\/www.versiegelung24.com\/fi\/wp-json\/wp\/v2\/product_cat?post=157667"},{"taxonomy":"product_tag","embeddable":true,"href":"https:\/\/www.versiegelung24.com\/fi\/wp-json\/wp\/v2\/product_tag?post=157667"}],"curies":[{"name":"wp","href":"https:\/\/api.w.org\/{rel}","templated":true}]}}