{"id":160923,"date":"2024-05-06T17:28:31","date_gmt":"2024-05-06T15:28:32","guid":{"rendered":"https:\/\/www.versiegelung24.com\/?post_type=product&#038;p=160923"},"modified":"2025-01-13T17:08:30","modified_gmt":"2025-01-13T16:08:30","slug":"arbeitshandschuhe-nylon-schwarz-groesse-9","status":"publish","type":"product","link":"https:\/\/www.versiegelung24.com\/fi\/keltaiset-nitriilityoekaesineet-joissa-neulotut-hihansuut-kopie-2.html","title":{"rendered":"Ty\u00f6k\u00e4sineet nylon musta koko 9"},"content":{"rendered":"\n<h4 class=\"wp-block-heading\" id=\"h-beschreibung\">Kuvaus<\/h4>\n\n<p>Yleisk\u00e4ytt\u00f6\u00f6n tarkoitetut nailonk\u00e4sineet, joissa on erityinen liuku- ja hankauskest\u00e4vyys. Nailonk\u00e4sineet on neulottu saumattomasti ilman \u00e4rsytt\u00e4vi\u00e4 saumoja, mik\u00e4 est\u00e4\u00e4 iho\u00e4rsytyst\u00e4. T\u00e4ydellisen istuvuutensa ansiosta ne tarjoavat erityisen korkean mukavuustason. K\u00e4sineet ovat pest\u00e4vi\u00e4 ja uudelleenk\u00e4ytett\u00e4vi\u00e4, ja ne soveltuvat erityisesti autoteollisuuteen, puutarhanhoitoon, kotity\u00f6h\u00f6n jne.<\/p>\n\n<hr \/>\n\n<h4 class=\"wp-block-heading\" id=\"properties\">Tuotteen ominaisuudet<\/h4>\n\n<div class=\"wp-block-columns is-layout-flex wp-container-core-columns-is-layout-9d6595d7 wp-block-columns-is-layout-flex\">\n<div class=\"wp-block-column is-layout-flow wp-block-column-is-layout-flow\">\n<p>\u2713 Ensiluokkainen, ohut polyuretaanipinnoite k\u00e4mmeness\u00e4 ja sormissa.<\/p>\n\n\n\n<p>\u2713 Saumattomasti neulottu ilman \u00e4rsytt\u00e4vi\u00e4 saumoja iho\u00e4rsytyksen est\u00e4miseksi.<\/p>\n\n\n\n<p>\u2713 Eritt\u00e4in mukava t\u00e4ydellisen istuvuuden ansiosta<\/p>\n\n\n\n<p>\u2713 Valmistettu EN 388 -standardin mukaisesti.<\/p>\n\n\n\n<p>\u2713 Ihanteellinen l\u00e4hes kaikkiin kokoonpanot\u00f6ihin hienomekaniikassa ja kaikkialla, miss\u00e4 vaaditaan tarkkuutta.<\/p>\n\n\n\n<p>\u2713 K\u00e4sien v\u00e4symys ei johdu k\u00e4sineiden k\u00e4ytt\u00e4misest\u00e4.<\/p>\n\n\n\n<p>\u2713 K\u00e4mmenselk\u00e4 on p\u00e4\u00e4llyst\u00e4m\u00e4t\u00f6n ja eritt\u00e4in hengitt\u00e4v\u00e4.<\/p>\n\n\n\n<p>\u2713 Pest\u00e4v\u00e4<\/p>\n\n\n\n<p>\u2713 Koko: 9<\/p>\n<\/div>\n<\/div>\n","protected":false},"excerpt":{"rendered":"<div class=\"product_text_extra\">\n<p>\u2713 Erityisen luiston- ja kulutuksenkest\u00e4v\u00e4<\/p>\n<p>\u2713 K\u00e4mmenselk\u00e4 p\u00e4\u00e4llyst\u00e4m\u00e4t\u00f6n ja eritt\u00e4in hengitt\u00e4v\u00e4<\/p>\n<p>\u2713 Eritt\u00e4in mukava t\u00e4ydellisen istuvuuden ansiosta<\/p>\n<p>\u2713 Pest\u00e4v\u00e4 ja uudelleenk\u00e4ytett\u00e4v\u00e4<\/p>\n<p>\u2713 Valmistettu EN388:n mukaisesti.<\/p>\n<\/div>\n","protected":false},"featured_media":161005,"template":"","meta":{"_acf_changed":false,"neve_meta_sidebar":"","neve_meta_container":"","neve_meta_enable_content_width":"","neve_meta_content_width":0,"neve_meta_title_alignment":"","neve_meta_author_avatar":"","neve_post_elements_order":"","neve_meta_disable_header":"","neve_meta_disable_footer":"","neve_meta_disable_title":"","neve_meta_reading_time":"","_surfaces":[],"_ver_product_tabs":[],"footnotes":""},"product_brand":[],"product_cat":[3072],"product_tag":[],"class_list":{"0":"post-160923","1":"product","2":"type-product","3":"status-publish","4":"has-post-thumbnail","6":"product_cat-laitteet","8":"first","9":"instock","10":"taxable","11":"shipping-taxable","12":"purchasable","13":"product-type-simple"},"acf":[],"yoast_head":"<!-- This site is optimized with the Yoast SEO Premium plugin v22.8 (Yoast SEO v27.4) - https:\/\/yoast.com\/product\/yoast-seo-premium-wordpress\/ -->\n<title>Ty\u00f6k\u00e4sineet nylon musta koko 9 - versiegelung24.com<\/title>\n<meta name=\"robots\" content=\"index, follow, max-snippet:-1, max-image-preview:large, max-video-preview:-1\" \/>\n<link rel=\"canonical\" href=\"https:\/\/www.versiegelung24.com\/fi\/keltaiset-nitriilityoekaesineet-joissa-neulotut-hihansuut-kopie-2.html\" \/>\n<meta property=\"og:locale\" content=\"fi_FI\" \/>\n<meta property=\"og:type\" content=\"article\" \/>\n<meta property=\"og:title\" content=\"Ty\u00f6k\u00e4sineet nylon musta koko 9\" \/>\n<meta property=\"og:description\" content=\"\u2713 Erityisen luiston- ja kulutuksenkest\u00e4v\u00e4 \u2713 K\u00e4mmenselk\u00e4 p\u00e4\u00e4llyst\u00e4m\u00e4t\u00f6n ja eritt\u00e4in hengitt\u00e4v\u00e4 \u2713 Eritt\u00e4in mukava t\u00e4ydellisen istuvuuden ansiosta \u2713 Pest\u00e4v\u00e4 ja uudelleenk\u00e4ytett\u00e4v\u00e4 \u2713 Valmistettu EN388:n mukaisesti.\" \/>\n<meta property=\"og:url\" content=\"https:\/\/www.versiegelung24.com\/fi\/keltaiset-nitriilityoekaesineet-joissa-neulotut-hihansuut-kopie-2.html\" \/>\n<meta property=\"og:site_name\" content=\"versiegelung24.com\" \/>\n<meta property=\"article:modified_time\" content=\"2025-01-13T16:08:30+00:00\" \/>\n<meta name=\"twitter:card\" content=\"summary_large_image\" \/>\n<meta name=\"twitter:label1\" content=\"Hinta\" \/>\n\t<meta name=\"twitter:data1\" content=\"2,49&euro;\" \/>\n\t<meta name=\"twitter:label2\" content=\"Saatavuus\" \/>\n\t<meta name=\"twitter:data2\" content=\"Varastossa\" \/>\n<script type=\"application\/ld+json\" class=\"yoast-schema-graph\">{\"@context\":\"https:\\\/\\\/schema.org\",\"@graph\":[{\"@type\":\"WebPage\",\"@id\":\"https:\\\/\\\/www.versiegelung24.com\\\/fi\\\/keltaiset-nitriilityoekaesineet-joissa-neulotut-hihansuut-kopie-2.html\",\"url\":\"https:\\\/\\\/www.versiegelung24.com\\\/fi\\\/keltaiset-nitriilityoekaesineet-joissa-neulotut-hihansuut-kopie-2.html\",\"name\":\"Ty\u00f6k\u00e4sineet nylon musta koko 9 - versiegelung24.com\",\"isPartOf\":{\"@id\":\"https:\\\/\\\/www.versiegelung24.com\\\/fi\\\/#website\"},\"primaryImageOfPage\":{\"@id\":\"https:\\\/\\\/www.versiegelung24.com\\\/fi\\\/keltaiset-nitriilityoekaesineet-joissa-neulotut-hihansuut-kopie-2.html#primaryimage\"},\"image\":{\"@id\":\"https:\\\/\\\/www.versiegelung24.com\\\/fi\\\/keltaiset-nitriilityoekaesineet-joissa-neulotut-hihansuut-kopie-2.html#primaryimage\"},\"thumbnailUrl\":\"https:\\\/\\\/www.versiegelung24.com\\\/wp-content\\\/uploads\\\/2024\\\/05\\\/nitril-oben.webp\",\"datePublished\":\"2024-05-06T15:28:32+00:00\",\"dateModified\":\"2025-01-13T16:08:30+00:00\",\"breadcrumb\":{\"@id\":\"https:\\\/\\\/www.versiegelung24.com\\\/fi\\\/keltaiset-nitriilityoekaesineet-joissa-neulotut-hihansuut-kopie-2.html#breadcrumb\"},\"inLanguage\":\"fi\",\"potentialAction\":[{\"@type\":\"ReadAction\",\"target\":[\"https:\\\/\\\/www.versiegelung24.com\\\/fi\\\/keltaiset-nitriilityoekaesineet-joissa-neulotut-hihansuut-kopie-2.html\"]}]},{\"@type\":\"ImageObject\",\"inLanguage\":\"fi\",\"@id\":\"https:\\\/\\\/www.versiegelung24.com\\\/fi\\\/keltaiset-nitriilityoekaesineet-joissa-neulotut-hihansuut-kopie-2.html#primaryimage\",\"url\":\"https:\\\/\\\/www.versiegelung24.com\\\/wp-content\\\/uploads\\\/2024\\\/05\\\/nitril-oben.webp\",\"contentUrl\":\"https:\\\/\\\/www.versiegelung24.com\\\/wp-content\\\/uploads\\\/2024\\\/05\\\/nitril-oben.webp\",\"width\":2000,\"height\":2000},{\"@type\":\"BreadcrumbList\",\"@id\":\"https:\\\/\\\/www.versiegelung24.com\\\/fi\\\/keltaiset-nitriilityoekaesineet-joissa-neulotut-hihansuut-kopie-2.html#breadcrumb\",\"itemListElement\":[{\"@type\":\"ListItem\",\"position\":1,\"name\":\"Kotisivu\",\"item\":\"https:\\\/\\\/www.versiegelung24.com\\\/fi\\\/etupuolella\\\/\"},{\"@type\":\"ListItem\",\"position\":2,\"name\":\"Myym\u00e4l\u00e4\",\"item\":\"https:\\\/\\\/www.versiegelung24.com\\\/fi\\\/myymala-2\\\/\"},{\"@type\":\"ListItem\",\"position\":3,\"name\":\"Ty\u00f6k\u00e4sineet nylon musta koko 9\"}]},{\"@type\":\"WebSite\",\"@id\":\"https:\\\/\\\/www.versiegelung24.com\\\/fi\\\/#website\",\"url\":\"https:\\\/\\\/www.versiegelung24.com\\\/fi\\\/\",\"name\":\"versiegelung24.com\",\"description\":\"Fl\u00fcssigglas-Versiegelung - Made in Germany\",\"publisher\":{\"@id\":\"https:\\\/\\\/www.versiegelung24.com\\\/fi\\\/#organization\"},\"potentialAction\":[{\"@type\":\"SearchAction\",\"target\":{\"@type\":\"EntryPoint\",\"urlTemplate\":\"https:\\\/\\\/www.versiegelung24.com\\\/fi\\\/?s={search_term_string}\"},\"query-input\":{\"@type\":\"PropertyValueSpecification\",\"valueRequired\":true,\"valueName\":\"search_term_string\"}}],\"inLanguage\":\"fi\"},{\"@type\":\"Organization\",\"@id\":\"https:\\\/\\\/www.versiegelung24.com\\\/fi\\\/#organization\",\"name\":\"versiegelung24\",\"url\":\"https:\\\/\\\/www.versiegelung24.com\\\/fi\\\/\",\"logo\":{\"@type\":\"ImageObject\",\"inLanguage\":\"fi\",\"@id\":\"https:\\\/\\\/www.versiegelung24.com\\\/fi\\\/#\\\/schema\\\/logo\\\/image\\\/\",\"url\":\"https:\\\/\\\/www.versiegelung24.com\\\/wp-content\\\/uploads\\\/2020\\\/04\\\/versiegelung24.png\",\"contentUrl\":\"https:\\\/\\\/www.versiegelung24.com\\\/wp-content\\\/uploads\\\/2020\\\/04\\\/versiegelung24.png\",\"width\":470,\"height\":102,\"caption\":\"versiegelung24\"},\"image\":{\"@id\":\"https:\\\/\\\/www.versiegelung24.com\\\/fi\\\/#\\\/schema\\\/logo\\\/image\\\/\"}}]}<\/script>\n<meta property=\"product:price:amount\" content=\"2.49\" \/>\n<meta property=\"product:price:currency\" content=\"EUR\" \/>\n<meta property=\"og:availability\" content=\"instock\" \/>\n<meta property=\"product:availability\" content=\"instock\" \/>\n<meta property=\"product:retailer_item_id\" content=\"V24-SB340-9\" \/>\n<meta property=\"product:condition\" content=\"new\" \/>\n<!-- \/ Yoast SEO Premium plugin. -->","yoast_head_json":{"title":"Ty\u00f6k\u00e4sineet nylon musta koko 9 - versiegelung24.com","robots":{"index":"index","follow":"follow","max-snippet":"max-snippet:-1","max-image-preview":"max-image-preview:large","max-video-preview":"max-video-preview:-1"},"canonical":"https:\/\/www.versiegelung24.com\/fi\/keltaiset-nitriilityoekaesineet-joissa-neulotut-hihansuut-kopie-2.html","og_locale":"fi_FI","og_type":"article","og_title":"Ty\u00f6k\u00e4sineet nylon musta koko 9","og_description":"\u2713 Erityisen luiston- ja kulutuksenkest\u00e4v\u00e4 \u2713 K\u00e4mmenselk\u00e4 p\u00e4\u00e4llyst\u00e4m\u00e4t\u00f6n ja eritt\u00e4in hengitt\u00e4v\u00e4 \u2713 Eritt\u00e4in mukava t\u00e4ydellisen istuvuuden ansiosta \u2713 Pest\u00e4v\u00e4 ja uudelleenk\u00e4ytett\u00e4v\u00e4 \u2713 Valmistettu EN388:n mukaisesti.","og_url":"https:\/\/www.versiegelung24.com\/fi\/keltaiset-nitriilityoekaesineet-joissa-neulotut-hihansuut-kopie-2.html","og_site_name":"versiegelung24.com","article_modified_time":"2025-01-13T16:08:30+00:00","twitter_card":"summary_large_image","twitter_misc":{"Hinta":"2,49&euro;","Saatavuus":"Varastossa"},"schema":{"@context":"https:\/\/schema.org","@graph":[{"@type":"WebPage","@id":"https:\/\/www.versiegelung24.com\/fi\/keltaiset-nitriilityoekaesineet-joissa-neulotut-hihansuut-kopie-2.html","url":"https:\/\/www.versiegelung24.com\/fi\/keltaiset-nitriilityoekaesineet-joissa-neulotut-hihansuut-kopie-2.html","name":"Ty\u00f6k\u00e4sineet nylon musta koko 9 - versiegelung24.com","isPartOf":{"@id":"https:\/\/www.versiegelung24.com\/fi\/#website"},"primaryImageOfPage":{"@id":"https:\/\/www.versiegelung24.com\/fi\/keltaiset-nitriilityoekaesineet-joissa-neulotut-hihansuut-kopie-2.html#primaryimage"},"image":{"@id":"https:\/\/www.versiegelung24.com\/fi\/keltaiset-nitriilityoekaesineet-joissa-neulotut-hihansuut-kopie-2.html#primaryimage"},"thumbnailUrl":"https:\/\/www.versiegelung24.com\/wp-content\/uploads\/2024\/05\/nitril-oben.webp","datePublished":"2024-05-06T15:28:32+00:00","dateModified":"2025-01-13T16:08:30+00:00","breadcrumb":{"@id":"https:\/\/www.versiegelung24.com\/fi\/keltaiset-nitriilityoekaesineet-joissa-neulotut-hihansuut-kopie-2.html#breadcrumb"},"inLanguage":"fi","potentialAction":[{"@type":"ReadAction","target":["https:\/\/www.versiegelung24.com\/fi\/keltaiset-nitriilityoekaesineet-joissa-neulotut-hihansuut-kopie-2.html"]}]},{"@type":"ImageObject","inLanguage":"fi","@id":"https:\/\/www.versiegelung24.com\/fi\/keltaiset-nitriilityoekaesineet-joissa-neulotut-hihansuut-kopie-2.html#primaryimage","url":"https:\/\/www.versiegelung24.com\/wp-content\/uploads\/2024\/05\/nitril-oben.webp","contentUrl":"https:\/\/www.versiegelung24.com\/wp-content\/uploads\/2024\/05\/nitril-oben.webp","width":2000,"height":2000},{"@type":"BreadcrumbList","@id":"https:\/\/www.versiegelung24.com\/fi\/keltaiset-nitriilityoekaesineet-joissa-neulotut-hihansuut-kopie-2.html#breadcrumb","itemListElement":[{"@type":"ListItem","position":1,"name":"Kotisivu","item":"https:\/\/www.versiegelung24.com\/fi\/etupuolella\/"},{"@type":"ListItem","position":2,"name":"Myym\u00e4l\u00e4","item":"https:\/\/www.versiegelung24.com\/fi\/myymala-2\/"},{"@type":"ListItem","position":3,"name":"Ty\u00f6k\u00e4sineet nylon musta koko 9"}]},{"@type":"WebSite","@id":"https:\/\/www.versiegelung24.com\/fi\/#website","url":"https:\/\/www.versiegelung24.com\/fi\/","name":"versiegelung24.com","description":"Fl\u00fcssigglas-Versiegelung - Made in Germany","publisher":{"@id":"https:\/\/www.versiegelung24.com\/fi\/#organization"},"potentialAction":[{"@type":"SearchAction","target":{"@type":"EntryPoint","urlTemplate":"https:\/\/www.versiegelung24.com\/fi\/?s={search_term_string}"},"query-input":{"@type":"PropertyValueSpecification","valueRequired":true,"valueName":"search_term_string"}}],"inLanguage":"fi"},{"@type":"Organization","@id":"https:\/\/www.versiegelung24.com\/fi\/#organization","name":"versiegelung24","url":"https:\/\/www.versiegelung24.com\/fi\/","logo":{"@type":"ImageObject","inLanguage":"fi","@id":"https:\/\/www.versiegelung24.com\/fi\/#\/schema\/logo\/image\/","url":"https:\/\/www.versiegelung24.com\/wp-content\/uploads\/2020\/04\/versiegelung24.png","contentUrl":"https:\/\/www.versiegelung24.com\/wp-content\/uploads\/2020\/04\/versiegelung24.png","width":470,"height":102,"caption":"versiegelung24"},"image":{"@id":"https:\/\/www.versiegelung24.com\/fi\/#\/schema\/logo\/image\/"}}]},"product_price_amount":"2.49","product_price_currency":"EUR","og_availability":"instock","product_availability":"instock","product_retailer_item_id":"V24-SB340-9","product_condition":"new"},"_links":{"self":[{"href":"https:\/\/www.versiegelung24.com\/fi\/wp-json\/wp\/v2\/product\/160923","targetHints":{"allow":["GET"]}}],"collection":[{"href":"https:\/\/www.versiegelung24.com\/fi\/wp-json\/wp\/v2\/product"}],"about":[{"href":"https:\/\/www.versiegelung24.com\/fi\/wp-json\/wp\/v2\/types\/product"}],"version-history":[{"count":4,"href":"https:\/\/www.versiegelung24.com\/fi\/wp-json\/wp\/v2\/product\/160923\/revisions"}],"predecessor-version":[{"id":180722,"href":"https:\/\/www.versiegelung24.com\/fi\/wp-json\/wp\/v2\/product\/160923\/revisions\/180722"}],"wp:featuredmedia":[{"embeddable":true,"href":"https:\/\/www.versiegelung24.com\/fi\/wp-json\/wp\/v2\/media\/161005"}],"wp:attachment":[{"href":"https:\/\/www.versiegelung24.com\/fi\/wp-json\/wp\/v2\/media?parent=160923"}],"wp:term":[{"taxonomy":"product_brand","embeddable":true,"href":"https:\/\/www.versiegelung24.com\/fi\/wp-json\/wp\/v2\/product_brand?post=160923"},{"taxonomy":"product_cat","embeddable":true,"href":"https:\/\/www.versiegelung24.com\/fi\/wp-json\/wp\/v2\/product_cat?post=160923"},{"taxonomy":"product_tag","embeddable":true,"href":"https:\/\/www.versiegelung24.com\/fi\/wp-json\/wp\/v2\/product_tag?post=160923"}],"curies":[{"name":"wp","href":"https:\/\/api.w.org\/{rel}","templated":true}]}}