{"id":175295,"date":"2024-09-24T07:29:11","date_gmt":"2024-09-24T05:29:11","guid":{"rendered":"https:\/\/www.versiegelung24.com\/product\/graffiti-suojapinnoite-anti-graffiti-pinnoite-7626-nayte\/"},"modified":"2025-10-25T21:30:26","modified_gmt":"2025-10-25T19:30:26","slug":"graffiti-suojapinnoite-anti-graffiti-pinnoite-7626-nayte","status":"publish","type":"product","link":"https:\/\/www.versiegelung24.com\/fi\/graffiti-suojapinnoite-anti-graffiti-pinnoite-7626-nayte.html","title":{"rendered":"N\u00e4yte: Graffiteilta suojaava pinnoite &#8211; Anti graffiti-pinnoite &#8211; 7626 &#8211; N\u00e4yte"},"content":{"rendered":"\n<p><a href=\"https:\/\/www.versiegelung24.com\/fi\/anti-graffiti-suojaava-pinnoite-erittaein-tehokas-julkisivutiiviste.html\">T\u00e4\u00e4lt\u00e4 l\u00f6yd\u00e4t tuotetiedot<\/a><\/p>\n","protected":false},"excerpt":{"rendered":"<p style=\"box-sizing: border-box; margin: 0px 0px 5px; padding: 0px; color: #000000; font-family: Helvetica, HelveticaNeue, 'Helvetica Neue', Arial, sans-serif;\">\u2713 Helppok\u00e4ytt\u00f6inen: ei tarvita sekoittamista jne<\/p>\n<p style=\"box-sizing: border-box; margin: 0px 0px 5px; padding: 0px; color: #000000; font-family: Helvetica, HelveticaNeue, 'Helvetica Neue', Arial, sans-serif;\">\u2713 Pitk\u00e4kestoinen suoja ja satiinipinta<\/p>\n<p style=\"box-sizing: border-box; margin: 0px 0px 5px; padding: 0px; color: #000000; font-family: Helvetica, HelveticaNeue, 'Helvetica Neue', Arial, sans-serif;\">\u2713 T\u00e4ysi peitto: Ei varjoja<\/p>\n<p style=\"box-sizing: border-box; margin: 0px 0px 5px; padding: 0px; color: #000000; font-family: Helvetica, HelveticaNeue, 'Helvetica Neue', Arial, sans-serif;\">\u2713 Maalauksen j\u00e4lkeen graffitit voidaan helposti poistaa vedell\u00e4<\/p>\n<p style=\"box-sizing: border-box; margin: 0px 0px 5px; padding: 0px; color: #000000; font-family: Helvetica, HelveticaNeue, 'Helvetica Neue', Arial, sans-serif;\">\u2713 Kosketuskuivaus 3-4 tunnin kuluttua<\/p>\n","protected":false},"featured_media":14608,"template":"","meta":{"_acf_changed":false,"neve_meta_sidebar":"","neve_meta_container":"","neve_meta_enable_content_width":"","neve_meta_content_width":0,"neve_meta_title_alignment":"","neve_meta_author_avatar":"","neve_post_elements_order":"","neve_meta_disable_header":"","neve_meta_disable_footer":"","neve_meta_disable_title":"","neve_meta_reading_time":"","_surfaces":[],"_ver_product_tabs":[],"footnotes":""},"product_brand":[],"product_cat":[2637],"product_tag":[],"class_list":{"0":"post-175295","1":"product","2":"type-product","3":"status-publish","4":"has-post-thumbnail","6":"product_cat-sapluuna","8":"first","9":"instock","10":"sold-individually","11":"taxable","12":"shipping-taxable","13":"purchasable","14":"product-type-simple"},"acf":[],"yoast_head":"<!-- This site is optimized with the Yoast SEO Premium plugin v22.8 (Yoast SEO v27.3) - https:\/\/yoast.com\/product\/yoast-seo-premium-wordpress\/ -->\n<title>N\u00e4yte: Graffiteilta suojaava pinnoite - Anti graffiti-pinnoite - 7626 - N\u00e4yte - versiegelung24.com<\/title>\n<meta name=\"robots\" content=\"index, follow, max-snippet:-1, max-image-preview:large, max-video-preview:-1\" \/>\n<link rel=\"canonical\" href=\"https:\/\/www.versiegelung24.com\/fi\/graffiti-suojapinnoite-anti-graffiti-pinnoite-7626-nayte.html\" \/>\n<meta property=\"og:locale\" content=\"fi_FI\" \/>\n<meta property=\"og:type\" content=\"article\" \/>\n<meta property=\"og:title\" content=\"N\u00e4yte: Graffiteilta suojaava pinnoite - Anti graffiti-pinnoite - 7626 - N\u00e4yte\" \/>\n<meta property=\"og:description\" content=\"\u2713 Helppok\u00e4ytt\u00f6inen: ei tarvita sekoittamista jne \u2713 Pitk\u00e4kestoinen suoja ja satiinipinta \u2713 T\u00e4ysi peitto: Ei varjoja \u2713 Maalauksen j\u00e4lkeen graffitit voidaan helposti poistaa vedell\u00e4 \u2713 Kosketuskuivaus 3-4 tunnin kuluttua\" \/>\n<meta property=\"og:url\" content=\"https:\/\/www.versiegelung24.com\/fi\/graffiti-suojapinnoite-anti-graffiti-pinnoite-7626-nayte.html\" \/>\n<meta property=\"og:site_name\" content=\"versiegelung24.com\" \/>\n<meta property=\"article:modified_time\" content=\"2025-10-25T19:30:26+00:00\" \/>\n<meta property=\"og:image\" content=\"https:\/\/www.versiegelung24.com\/wp-content\/uploads\/2020\/04\/versiegelung-muster.png\" \/>\n\t<meta property=\"og:image:width\" content=\"1000\" \/>\n\t<meta property=\"og:image:height\" content=\"1000\" \/>\n\t<meta property=\"og:image:type\" content=\"image\/png\" \/>\n<meta name=\"twitter:card\" content=\"summary_large_image\" \/>\n<meta name=\"twitter:label1\" content=\"Hinta\" \/>\n\t<meta name=\"twitter:data1\" content=\"9,99&euro;\" \/>\n\t<meta name=\"twitter:label2\" content=\"Saatavuus\" \/>\n\t<meta name=\"twitter:data2\" content=\"Varastossa\" \/>\n<script type=\"application\/ld+json\" class=\"yoast-schema-graph\">{\"@context\":\"https:\\\/\\\/schema.org\",\"@graph\":[{\"@type\":\"WebPage\",\"@id\":\"https:\\\/\\\/www.versiegelung24.com\\\/fi\\\/graffiti-suojapinnoite-anti-graffiti-pinnoite-7626-nayte.html\",\"url\":\"https:\\\/\\\/www.versiegelung24.com\\\/fi\\\/graffiti-suojapinnoite-anti-graffiti-pinnoite-7626-nayte.html\",\"name\":\"N\u00e4yte: Graffiteilta suojaava pinnoite - Anti graffiti-pinnoite - 7626 - N\u00e4yte - versiegelung24.com\",\"isPartOf\":{\"@id\":\"https:\\\/\\\/www.versiegelung24.com\\\/fi\\\/#website\"},\"primaryImageOfPage\":{\"@id\":\"https:\\\/\\\/www.versiegelung24.com\\\/fi\\\/graffiti-suojapinnoite-anti-graffiti-pinnoite-7626-nayte.html#primaryimage\"},\"image\":{\"@id\":\"https:\\\/\\\/www.versiegelung24.com\\\/fi\\\/graffiti-suojapinnoite-anti-graffiti-pinnoite-7626-nayte.html#primaryimage\"},\"thumbnailUrl\":\"https:\\\/\\\/www.versiegelung24.com\\\/wp-content\\\/uploads\\\/2020\\\/04\\\/versiegelung-muster.png\",\"datePublished\":\"2024-09-24T05:29:11+00:00\",\"dateModified\":\"2025-10-25T19:30:26+00:00\",\"breadcrumb\":{\"@id\":\"https:\\\/\\\/www.versiegelung24.com\\\/fi\\\/graffiti-suojapinnoite-anti-graffiti-pinnoite-7626-nayte.html#breadcrumb\"},\"inLanguage\":\"fi\",\"potentialAction\":[{\"@type\":\"ReadAction\",\"target\":[\"https:\\\/\\\/www.versiegelung24.com\\\/fi\\\/graffiti-suojapinnoite-anti-graffiti-pinnoite-7626-nayte.html\"]}]},{\"@type\":\"ImageObject\",\"inLanguage\":\"fi\",\"@id\":\"https:\\\/\\\/www.versiegelung24.com\\\/fi\\\/graffiti-suojapinnoite-anti-graffiti-pinnoite-7626-nayte.html#primaryimage\",\"url\":\"https:\\\/\\\/www.versiegelung24.com\\\/wp-content\\\/uploads\\\/2020\\\/04\\\/versiegelung-muster.png\",\"contentUrl\":\"https:\\\/\\\/www.versiegelung24.com\\\/wp-content\\\/uploads\\\/2020\\\/04\\\/versiegelung-muster.png\",\"width\":1000,\"height\":1000},{\"@type\":\"BreadcrumbList\",\"@id\":\"https:\\\/\\\/www.versiegelung24.com\\\/fi\\\/graffiti-suojapinnoite-anti-graffiti-pinnoite-7626-nayte.html#breadcrumb\",\"itemListElement\":[{\"@type\":\"ListItem\",\"position\":1,\"name\":\"Kotisivu\",\"item\":\"https:\\\/\\\/www.versiegelung24.com\\\/fi\\\/etupuolella\\\/\"},{\"@type\":\"ListItem\",\"position\":2,\"name\":\"Myym\u00e4l\u00e4\",\"item\":\"https:\\\/\\\/www.versiegelung24.com\\\/fi\\\/myymala-2\\\/\"},{\"@type\":\"ListItem\",\"position\":3,\"name\":\"N\u00e4yte: Graffiteilta suojaava pinnoite &#8211; Anti graffiti-pinnoite &#8211; 7626 &#8211; N\u00e4yte\"}]},{\"@type\":\"WebSite\",\"@id\":\"https:\\\/\\\/www.versiegelung24.com\\\/fi\\\/#website\",\"url\":\"https:\\\/\\\/www.versiegelung24.com\\\/fi\\\/\",\"name\":\"versiegelung24.com\",\"description\":\"Fl\u00fcssigglas-Versiegelung - Made in Germany\",\"publisher\":{\"@id\":\"https:\\\/\\\/www.versiegelung24.com\\\/fi\\\/#organization\"},\"potentialAction\":[{\"@type\":\"SearchAction\",\"target\":{\"@type\":\"EntryPoint\",\"urlTemplate\":\"https:\\\/\\\/www.versiegelung24.com\\\/fi\\\/?s={search_term_string}\"},\"query-input\":{\"@type\":\"PropertyValueSpecification\",\"valueRequired\":true,\"valueName\":\"search_term_string\"}}],\"inLanguage\":\"fi\"},{\"@type\":\"Organization\",\"@id\":\"https:\\\/\\\/www.versiegelung24.com\\\/fi\\\/#organization\",\"name\":\"versiegelung24\",\"url\":\"https:\\\/\\\/www.versiegelung24.com\\\/fi\\\/\",\"logo\":{\"@type\":\"ImageObject\",\"inLanguage\":\"fi\",\"@id\":\"https:\\\/\\\/www.versiegelung24.com\\\/fi\\\/#\\\/schema\\\/logo\\\/image\\\/\",\"url\":\"https:\\\/\\\/www.versiegelung24.com\\\/wp-content\\\/uploads\\\/2020\\\/04\\\/versiegelung24.png\",\"contentUrl\":\"https:\\\/\\\/www.versiegelung24.com\\\/wp-content\\\/uploads\\\/2020\\\/04\\\/versiegelung24.png\",\"width\":470,\"height\":102,\"caption\":\"versiegelung24\"},\"image\":{\"@id\":\"https:\\\/\\\/www.versiegelung24.com\\\/fi\\\/#\\\/schema\\\/logo\\\/image\\\/\"}}]}<\/script>\n<meta property=\"product:price:amount\" content=\"9.99\" \/>\n<meta property=\"product:price:currency\" content=\"EUR\" \/>\n<meta property=\"og:availability\" content=\"instock\" \/>\n<meta property=\"product:availability\" content=\"instock\" \/>\n<meta property=\"product:retailer_item_id\" content=\"7626-Muster\" \/>\n<meta property=\"product:condition\" content=\"new\" \/>\n<!-- \/ Yoast SEO Premium plugin. -->","yoast_head_json":{"title":"N\u00e4yte: Graffiteilta suojaava pinnoite - Anti graffiti-pinnoite - 7626 - N\u00e4yte - versiegelung24.com","robots":{"index":"index","follow":"follow","max-snippet":"max-snippet:-1","max-image-preview":"max-image-preview:large","max-video-preview":"max-video-preview:-1"},"canonical":"https:\/\/www.versiegelung24.com\/fi\/graffiti-suojapinnoite-anti-graffiti-pinnoite-7626-nayte.html","og_locale":"fi_FI","og_type":"article","og_title":"N\u00e4yte: Graffiteilta suojaava pinnoite - Anti graffiti-pinnoite - 7626 - N\u00e4yte","og_description":"\u2713 Helppok\u00e4ytt\u00f6inen: ei tarvita sekoittamista jne \u2713 Pitk\u00e4kestoinen suoja ja satiinipinta \u2713 T\u00e4ysi peitto: Ei varjoja \u2713 Maalauksen j\u00e4lkeen graffitit voidaan helposti poistaa vedell\u00e4 \u2713 Kosketuskuivaus 3-4 tunnin kuluttua","og_url":"https:\/\/www.versiegelung24.com\/fi\/graffiti-suojapinnoite-anti-graffiti-pinnoite-7626-nayte.html","og_site_name":"versiegelung24.com","article_modified_time":"2025-10-25T19:30:26+00:00","og_image":[{"width":1000,"height":1000,"url":"https:\/\/www.versiegelung24.com\/wp-content\/uploads\/2020\/04\/versiegelung-muster.png","type":"image\/png"}],"twitter_card":"summary_large_image","twitter_misc":{"Hinta":"9,99&euro;","Saatavuus":"Varastossa"},"schema":{"@context":"https:\/\/schema.org","@graph":[{"@type":"WebPage","@id":"https:\/\/www.versiegelung24.com\/fi\/graffiti-suojapinnoite-anti-graffiti-pinnoite-7626-nayte.html","url":"https:\/\/www.versiegelung24.com\/fi\/graffiti-suojapinnoite-anti-graffiti-pinnoite-7626-nayte.html","name":"N\u00e4yte: Graffiteilta suojaava pinnoite - Anti graffiti-pinnoite - 7626 - N\u00e4yte - versiegelung24.com","isPartOf":{"@id":"https:\/\/www.versiegelung24.com\/fi\/#website"},"primaryImageOfPage":{"@id":"https:\/\/www.versiegelung24.com\/fi\/graffiti-suojapinnoite-anti-graffiti-pinnoite-7626-nayte.html#primaryimage"},"image":{"@id":"https:\/\/www.versiegelung24.com\/fi\/graffiti-suojapinnoite-anti-graffiti-pinnoite-7626-nayte.html#primaryimage"},"thumbnailUrl":"https:\/\/www.versiegelung24.com\/wp-content\/uploads\/2020\/04\/versiegelung-muster.png","datePublished":"2024-09-24T05:29:11+00:00","dateModified":"2025-10-25T19:30:26+00:00","breadcrumb":{"@id":"https:\/\/www.versiegelung24.com\/fi\/graffiti-suojapinnoite-anti-graffiti-pinnoite-7626-nayte.html#breadcrumb"},"inLanguage":"fi","potentialAction":[{"@type":"ReadAction","target":["https:\/\/www.versiegelung24.com\/fi\/graffiti-suojapinnoite-anti-graffiti-pinnoite-7626-nayte.html"]}]},{"@type":"ImageObject","inLanguage":"fi","@id":"https:\/\/www.versiegelung24.com\/fi\/graffiti-suojapinnoite-anti-graffiti-pinnoite-7626-nayte.html#primaryimage","url":"https:\/\/www.versiegelung24.com\/wp-content\/uploads\/2020\/04\/versiegelung-muster.png","contentUrl":"https:\/\/www.versiegelung24.com\/wp-content\/uploads\/2020\/04\/versiegelung-muster.png","width":1000,"height":1000},{"@type":"BreadcrumbList","@id":"https:\/\/www.versiegelung24.com\/fi\/graffiti-suojapinnoite-anti-graffiti-pinnoite-7626-nayte.html#breadcrumb","itemListElement":[{"@type":"ListItem","position":1,"name":"Kotisivu","item":"https:\/\/www.versiegelung24.com\/fi\/etupuolella\/"},{"@type":"ListItem","position":2,"name":"Myym\u00e4l\u00e4","item":"https:\/\/www.versiegelung24.com\/fi\/myymala-2\/"},{"@type":"ListItem","position":3,"name":"N\u00e4yte: Graffiteilta suojaava pinnoite &#8211; Anti graffiti-pinnoite &#8211; 7626 &#8211; N\u00e4yte"}]},{"@type":"WebSite","@id":"https:\/\/www.versiegelung24.com\/fi\/#website","url":"https:\/\/www.versiegelung24.com\/fi\/","name":"versiegelung24.com","description":"Fl\u00fcssigglas-Versiegelung - Made in Germany","publisher":{"@id":"https:\/\/www.versiegelung24.com\/fi\/#organization"},"potentialAction":[{"@type":"SearchAction","target":{"@type":"EntryPoint","urlTemplate":"https:\/\/www.versiegelung24.com\/fi\/?s={search_term_string}"},"query-input":{"@type":"PropertyValueSpecification","valueRequired":true,"valueName":"search_term_string"}}],"inLanguage":"fi"},{"@type":"Organization","@id":"https:\/\/www.versiegelung24.com\/fi\/#organization","name":"versiegelung24","url":"https:\/\/www.versiegelung24.com\/fi\/","logo":{"@type":"ImageObject","inLanguage":"fi","@id":"https:\/\/www.versiegelung24.com\/fi\/#\/schema\/logo\/image\/","url":"https:\/\/www.versiegelung24.com\/wp-content\/uploads\/2020\/04\/versiegelung24.png","contentUrl":"https:\/\/www.versiegelung24.com\/wp-content\/uploads\/2020\/04\/versiegelung24.png","width":470,"height":102,"caption":"versiegelung24"},"image":{"@id":"https:\/\/www.versiegelung24.com\/fi\/#\/schema\/logo\/image\/"}}]},"product_price_amount":"9.99","product_price_currency":"EUR","og_availability":"instock","product_availability":"instock","product_retailer_item_id":"7626-Muster","product_condition":"new"},"_links":{"self":[{"href":"https:\/\/www.versiegelung24.com\/fi\/wp-json\/wp\/v2\/product\/175295","targetHints":{"allow":["GET"]}}],"collection":[{"href":"https:\/\/www.versiegelung24.com\/fi\/wp-json\/wp\/v2\/product"}],"about":[{"href":"https:\/\/www.versiegelung24.com\/fi\/wp-json\/wp\/v2\/types\/product"}],"version-history":[{"count":1,"href":"https:\/\/www.versiegelung24.com\/fi\/wp-json\/wp\/v2\/product\/175295\/revisions"}],"predecessor-version":[{"id":175300,"href":"https:\/\/www.versiegelung24.com\/fi\/wp-json\/wp\/v2\/product\/175295\/revisions\/175300"}],"wp:featuredmedia":[{"embeddable":true,"href":"https:\/\/www.versiegelung24.com\/fi\/wp-json\/wp\/v2\/media\/14608"}],"wp:attachment":[{"href":"https:\/\/www.versiegelung24.com\/fi\/wp-json\/wp\/v2\/media?parent=175295"}],"wp:term":[{"taxonomy":"product_brand","embeddable":true,"href":"https:\/\/www.versiegelung24.com\/fi\/wp-json\/wp\/v2\/product_brand?post=175295"},{"taxonomy":"product_cat","embeddable":true,"href":"https:\/\/www.versiegelung24.com\/fi\/wp-json\/wp\/v2\/product_cat?post=175295"},{"taxonomy":"product_tag","embeddable":true,"href":"https:\/\/www.versiegelung24.com\/fi\/wp-json\/wp\/v2\/product_tag?post=175295"}],"curies":[{"name":"wp","href":"https:\/\/api.w.org\/{rel}","templated":true}]}}