{"id":181834,"date":"2025-07-31T12:51:03","date_gmt":"2025-07-31T10:51:09","guid":{"rendered":"https:\/\/www.versiegelung24.com\/?post_type=product&#038;p=181834"},"modified":"2025-09-05T13:34:49","modified_gmt":"2025-09-05T11:34:49","slug":"holzimpragnierung-silanbasis","status":"publish","type":"product","link":"https:\/\/www.versiegelung24.com\/fi\/holzimpragnierung-silanbasis.html","title":{"rendered":"Puun kyll\u00e4stys &#8211; silaaniin perustuva luonnollinen puunsuojaus"},"content":{"rendered":"\n<h2 class=\"wp-block-heading\" id=\"h-holzschutz-naturimpragnierung-auf-silanbasis-wasserbasierend\"><strong>Puunsuojaus: silaanipohjainen luonnollinen kyll\u00e4stys (vesipohjainen).<\/strong><\/h2>\n\n<p>Korkealaatuinen Valmistettu Saksassa.<\/p>\n\n<hr\/>\n\n<div class=\"wp-block-columns is-layout-flex wp-container-core-columns-is-layout-9d6595d7 wp-block-columns-is-layout-flex\">\n<div class=\"wp-block-column is-layout-flow wp-block-column-is-layout-flow\">\n<p>Puun kyll\u00e4stysaineemme on k\u00e4ytt\u00f6valmis silaanipohjainen kyll\u00e4stysj\u00e4rjestelm\u00e4. Se stabiloi ligniini\u00e4 ja suojaa siten puuta merkitt\u00e4v\u00e4sti harmaantumiselta. Sen hydrofobiset ominaisuudet est\u00e4v\u00e4t ei-toivotun kosteuden ja lian tunkeutumisen puuhun.  <\/p>\n\n\n\n<p><strong>Sopii:<\/strong> Puu, kulkuv\u00e4yl\u00e4t, autokatokset, ikkunalaudat, puutarhavajat, puutarhakalusteet, rakennuspuut, julkisivut, istutusastiat, terassit, aidat ja paljon muuta.<\/p>\n<\/div>\n\n\n\n<div class=\"wp-block-column is-layout-flow wp-block-column-is-layout-flow\">\n<figure class=\"wp-block-image size-large\"><img fetchpriority=\"high\" decoding=\"async\" width=\"1300\" height=\"851\" src=\"https:\/\/www.versiegelung24.com\/wp-content\/uploads\/2025\/07\/image-1300x851.png\" alt=\"\" class=\"wp-image-181965\" srcset=\"https:\/\/www.versiegelung24.com\/wp-content\/uploads\/2025\/07\/image-1300x851.png 1300w, https:\/\/www.versiegelung24.com\/wp-content\/uploads\/2025\/07\/image-300x196.png 300w, https:\/\/www.versiegelung24.com\/wp-content\/uploads\/2025\/07\/image-768x503.png 768w, https:\/\/www.versiegelung24.com\/wp-content\/uploads\/2025\/07\/image-1536x1006.png 1536w, https:\/\/www.versiegelung24.com\/wp-content\/uploads\/2025\/07\/image-600x393.png 600w, https:\/\/www.versiegelung24.com\/wp-content\/uploads\/2025\/07\/image.png 1784w\" sizes=\"(max-width: 1300px) 100vw, 1300px\" \/><\/figure>\n<\/div>\n<\/div>\n\n<h4 class=\"wp-block-heading\" id=\"properties\">Tuotteen ominaisuudet<\/h4>\n\n<div class=\"wp-block-columns is-layout-flex wp-container-core-columns-is-layout-9d6595d7 wp-block-columns-is-layout-flex\">\n<div class=\"wp-block-column is-layout-flow wp-block-column-is-layout-flow\">\n<ul class=\"wp-block-list\">\n<li><strong>V\u00e4rinkest\u00e4v\u00e4<\/strong> &#8211; L\u00e4pin\u00e4kyv\u00e4 suoja s\u00e4ilytt\u00e4\u00e4 puun v\u00e4rin.  <\/li>\n\n\n\n<li><strong>Vapaa \u00f6ljytuotteista<\/strong> &#8211; Ymp\u00e4rist\u00f6yst\u00e4v\u00e4llinen koostumus.  <\/li>\n\n\n\n<li><strong>Pohjustus ja suojaava toiminto yhdess\u00e4 vaiheessa<\/strong> &#8211; Helppo levitys.  <\/li>\n\n\n\n<li><strong>Eritt\u00e4in nopea kuivuminen<\/strong> &#8211; aikaa s\u00e4\u00e4st\u00e4v\u00e4 k\u00e4sittely  <\/li>\n\n\n\n<li><strong>Kest\u00e4vyys<\/strong> &#8211; 2-5 vuotta (huomattavasti pidempi, jos k\u00e4ytet\u00e4\u00e4n sis\u00e4tiloissa).<\/li>\n\n\n\n<li><strong>Ligniinisuojaus<\/strong> <strong>viiv\u00e4stytt\u00e4\u00e4<\/strong> <strong>harmaantumisprosessia<\/strong> merkitt\u00e4v\u00e4sti <strong>useilla kuukausilla<\/strong>.<\/li>\n<\/ul>\n<\/div>\n\n\n\n<div class=\"wp-block-column is-layout-flow wp-block-column-is-layout-flow\">\n<ul class=\"wp-block-list\">\n<li><strong>PFAS-, PFOA- ja PFOS-vapaa<\/strong><\/li>\n\n\n\n<li><strong>Suojaa auringonvalon aiheuttamalta harmaantumiselta<\/strong> &#8211; UV-suojaus  <\/li>\n\n\n\n<li><strong>Vett\u00e4 ja likaa hylkiv\u00e4<\/strong> &#8211; Hydrofobiset ominaisuudet  <\/li>\n\n\n\n<li><strong>Est\u00e4\u00e4 lev\u00e4n, sammaleen ja j\u00e4k\u00e4l\u00e4n kasvua<\/strong> &#8211; Pitk\u00e4aikainen suojaus  <\/li>\n\n\n\n<li><strong>Kulutus: 1 litra riitt\u00e4\u00e4 noin 30 &#8211; 40 m\u00b2:lle<\/strong> (alustasta riippuen).<\/li>\n\n\n\n<li>Sovellusta <strong>suositaan pystysuorille pu<\/strong> upinnoille yl\u00e4puolella (puuaidat, &#8230; ) ja alapuolella turvetta (puupylv\u00e4\u00e4t).<\/li>\n<\/ul>\n<\/div>\n<\/div>\n\n<p>Toimituksen laajuus: 1 x litran pullo, 1 x pumppusumutinp\u00e4\u00e4<br\/><\/p>\n\n<hr\/>\n\n<h4 class=\"wp-block-heading\" id=\"application\">Hakemus<\/h4>\n\n<div class=\"wp-block-columns is-layout-flex wp-container-core-columns-is-layout-9d6595d7 wp-block-columns-is-layout-flex\">\n<div class=\"wp-block-column is-layout-flow wp-block-column-is-layout-flow\">\n<p><strong>Valmistelu:<\/strong><\/p>\n\n\n\n<ul class=\"wp-block-list\">\n<li>Ravista voimakkaasti 1 minuutin ajan ennen k\u00e4ytt\u00f6\u00e4.<\/li>\n\n\n\n<li>K\u00e4sitelt\u00e4vien pintojen on oltava puhtaita, t\u00e4ysin kuivia ja p\u00f6lytt\u00f6mi\u00e4, eik\u00e4 niit\u00e4 saa olla esik\u00e4sitelty muilla pinnoitteilla.<\/li>\n\n\n\n<li>Maalin, rasvan, \u00f6ljyn tai orgaanisen kasvuston (lev\u00e4, j\u00e4k\u00e4l\u00e4, sammal) aiheuttama likaantuminen on poistettava etuk\u00e4teen.<\/li>\n<\/ul>\n\n\n\n<p><strong>Sovellus:<\/strong><\/p>\n\n\n\n<ul class=\"wp-block-list\">\n<li><strong>Suositeltu menetelm\u00e4:<\/strong> Tuote ruiskutetaan mieluiten sumuttimella\/matalapainepumppuruiskulla.<\/li>\n\n\n\n<li>S\u00e4\u00e4d\u00e4 et\u00e4isyys pinnasta ruiskun voimakkuuden mukaan.<\/li>\n\n\n\n<li>Pinnan pit\u00e4isi antaa tasainen, kostean ja m\u00e4r\u00e4n vaikutelma.<\/li>\n\n\n\n<li><strong>Vaihtoehto:<\/strong> Levitys siveltimell\u00e4 tai telalla on mahdollista, mutta sit\u00e4 on testattava etuk\u00e4teen pienell\u00e4 alueella. V\u00e4lt\u00e4 l\u00e4t\u00e4k\u00f6iden muodostumista! <\/li>\n<\/ul>\n\n\n\n<p><strong>K\u00e4sittely:<\/strong><\/p>\n\n\n\n<ul class=\"wp-block-list\">\n<li>Suihkuta v\u00e4hint\u00e4\u00e4n kaksi kertaa k\u00e4sitelt\u00e4v\u00e4lle pinnalle optimaalisen peitt\u00e4vyyden saavuttamiseksi.<\/li>\n\n\n\n<li>Alustan imukyvyst\u00e4 ja vaatimuksista riippuen t\u00e4m\u00e4 prosessi voidaan toistaa ensimm\u00e4isen kerroksen kuivuttua.<\/li>\n\n\n\n<li>Jos pinnalle on levitetty liikaa tuotetta, se voidaan poistaa kostealla liinalla, kun se on viel\u00e4 m\u00e4rk\u00e4.<\/li>\n\n\n\n<li>K\u00e4ytetyt ty\u00f6kalut on puhdistettava runsaalla vedell\u00e4 k\u00e4yt\u00f6n j\u00e4lkeen.<\/li>\n<\/ul>\n\n\n\n<p><strong>Kuivumisaika:<\/strong><\/p>\n\n\n\n<ul class=\"wp-block-list\">\n<li>Anna tuotteen vaikuttaa v\u00e4hint\u00e4\u00e4n 30 minuuttia.<\/li>\n\n\n\n<li>T\u00e4ydellinen kovettumisaika on noin 6-12 tuntia.<\/li>\n\n\n\n<li>T\u00e4n\u00e4 aikana pinnan on pysytt\u00e4v\u00e4 kuivana eik\u00e4 siihen saa kohdistua rasitusta.<\/li>\n<\/ul>\n\n\n\n<p><strong>Kyll\u00e4stetyn pinnan hoito ja puhdistus:<\/strong><\/p>\n\n\n\n<ul class=\"wp-block-list\">\n<li>Puhdista pinnat vain vedell\u00e4 tai kevyell\u00e4 orgaanisella puhdistusaineella, esim. <a href=\"https:\/\/www.versiegelung24.com\/fi\/biosativa-biologinen-esipuhdistin.html\">BIOSATIVA\u00ae-luomupuhdistusaineella &#8211; 100 % luonnollista &#8211; 100 % orgaanista.<\/a> <\/li>\n\n\n\n<li>Aggressiivisia puhdistusaineita (kemiallisia puhdistusaineita, hankaustyynyj\u00e4 jne.) ei tarvita, sill\u00e4 ne heikent\u00e4isiv\u00e4t suojaustoimintaa.<\/li>\n\n\n\n<li>S\u00e4\u00e4nn\u00f6llinen hell\u00e4varainen puhdistus ja hoito lis\u00e4\u00e4v\u00e4t kest\u00e4vyytt\u00e4 ja kaunista ulkon\u00e4k\u00f6\u00e4.<\/li>\n<\/ul>\n\n\n\n<p><strong>Varastointi:<\/strong><\/p>\n\n\n\n<ul class=\"wp-block-list\">\n<li>S\u00e4ilyt\u00e4 kuivassa ja pakkasesta vapaassa paikassa 5-25 \u00b0C:ssa.<\/li>\n\n\n\n<li>S\u00e4ilyy avaamattomassa alkuper\u00e4ispakkauksessa v\u00e4hint\u00e4\u00e4n 24 kuukautta, jos sit\u00e4 s\u00e4ilytet\u00e4\u00e4n oikein.<\/li>\n<\/ul>\n<\/div>\n<\/div>\n\n<h2 class=\"wp-block-heading\" id=\"h-galerie\">Galleria<\/h2>\n\n<div class=\"wp-block-getwid-images-slider gallery-wood has-arrows-inside has-dots-inside has-images-center has-fitted-images has-fixed-height\"><div class=\"wp-block-getwid-images-slider__wrapper\" data-effect=\"slide\" data-slides-show=\"1\" data-slides-show-laptop=\"1\" data-slides-show-tablet=\"1\" data-slides-show-mobile=\"1\" data-slides-scroll=\"1\" data-autoplay=\"true\" data-pause-hover=\"true\" data-autoplay-speed=\"3000\" data-infinite=\"true\" data-animation-speed=\"800\" data-center-mode=\"false\" data-variable-width=\"false\" data-arrows=\"inside\" data-dots=\"inside\" data-spacing=\"none\"><div class=\"wp-block-getwid-images-slider__item\" style=\"height:500px\"><figure><img decoding=\"async\" width=\"1634\" height=\"1620\" src=\"https:\/\/www.versiegelung24.com\/wp-content\/uploads\/2025\/07\/Holzimpraegnierung-pfloecke.png\" data-id=\"181994\" data-link=\"https:\/\/www.versiegelung24.com\/holzversiegelung-in-profi-qualitaet-kopie.html\/attachment\/holzimpraegnierung-pfloecke\/\" data-original-link=\"https:\/\/www.versiegelung24.com\/wp-content\/uploads\/2025\/07\/Holzimpraegnierung-pfloecke.png\" class=\"wp-block-getwid-images-slider__image wp-image-181994\" srcset=\"https:\/\/www.versiegelung24.com\/wp-content\/uploads\/2025\/07\/Holzimpraegnierung-pfloecke.png 1634w, https:\/\/www.versiegelung24.com\/wp-content\/uploads\/2025\/07\/Holzimpraegnierung-pfloecke-300x297.png 300w, https:\/\/www.versiegelung24.com\/wp-content\/uploads\/2025\/07\/Holzimpraegnierung-pfloecke-1300x1289.png 1300w, https:\/\/www.versiegelung24.com\/wp-content\/uploads\/2025\/07\/Holzimpraegnierung-pfloecke-80x80.png 80w, https:\/\/www.versiegelung24.com\/wp-content\/uploads\/2025\/07\/Holzimpraegnierung-pfloecke-768x761.png 768w, https:\/\/www.versiegelung24.com\/wp-content\/uploads\/2025\/07\/Holzimpraegnierung-pfloecke-1536x1523.png 1536w, https:\/\/www.versiegelung24.com\/wp-content\/uploads\/2025\/07\/Holzimpraegnierung-pfloecke-70x70.png 70w, https:\/\/www.versiegelung24.com\/wp-content\/uploads\/2025\/07\/Holzimpraegnierung-pfloecke-600x595.png 600w, https:\/\/www.versiegelung24.com\/wp-content\/uploads\/2025\/07\/Holzimpraegnierung-pfloecke-100x100.png 100w\" sizes=\"(max-width: 1634px) 100vw, 1634px\" \/><\/figure><\/div><div class=\"wp-block-getwid-images-slider__item\" style=\"height:500px\"><figure><img decoding=\"async\" width=\"1726\" height=\"1252\" src=\"https:\/\/www.versiegelung24.com\/wp-content\/uploads\/2025\/07\/Holzimpraegnierung-bank.png\" data-id=\"182022\" data-link=\"https:\/\/www.versiegelung24.com\/holzversiegelung-in-profi-qualitaet-kopie.html\/attachment\/holzimpraegnierung-bank\/\" data-original-link=\"https:\/\/www.versiegelung24.com\/wp-content\/uploads\/2025\/07\/Holzimpraegnierung-bank.png\" class=\"wp-block-getwid-images-slider__image wp-image-182022\" srcset=\"https:\/\/www.versiegelung24.com\/wp-content\/uploads\/2025\/07\/Holzimpraegnierung-bank.png 1726w, https:\/\/www.versiegelung24.com\/wp-content\/uploads\/2025\/07\/Holzimpraegnierung-bank-300x218.png 300w, https:\/\/www.versiegelung24.com\/wp-content\/uploads\/2025\/07\/Holzimpraegnierung-bank-1300x943.png 1300w, https:\/\/www.versiegelung24.com\/wp-content\/uploads\/2025\/07\/Holzimpraegnierung-bank-768x557.png 768w, https:\/\/www.versiegelung24.com\/wp-content\/uploads\/2025\/07\/Holzimpraegnierung-bank-1536x1114.png 1536w, https:\/\/www.versiegelung24.com\/wp-content\/uploads\/2025\/07\/Holzimpraegnierung-bank-600x435.png 600w\" sizes=\"(max-width: 1726px) 100vw, 1726px\" \/><\/figure><\/div><div class=\"wp-block-getwid-images-slider__item\" style=\"height:500px\"><figure><img loading=\"lazy\" decoding=\"async\" width=\"1982\" height=\"1274\" src=\"https:\/\/www.versiegelung24.com\/wp-content\/uploads\/2025\/07\/Holzimpraegnierung-eigenschaften.png\" data-id=\"182050\" data-link=\"https:\/\/www.versiegelung24.com\/holzversiegelung-in-profi-qualitaet-kopie.html\/attachment\/holzimpraegnierung-eigenschaften\/\" data-original-link=\"https:\/\/www.versiegelung24.com\/wp-content\/uploads\/2025\/07\/Holzimpraegnierung-eigenschaften.png\" class=\"wp-block-getwid-images-slider__image wp-image-182050\" srcset=\"https:\/\/www.versiegelung24.com\/wp-content\/uploads\/2025\/07\/Holzimpraegnierung-eigenschaften.png 1982w, https:\/\/www.versiegelung24.com\/wp-content\/uploads\/2025\/07\/Holzimpraegnierung-eigenschaften-300x193.png 300w, https:\/\/www.versiegelung24.com\/wp-content\/uploads\/2025\/07\/Holzimpraegnierung-eigenschaften-1300x836.png 1300w, https:\/\/www.versiegelung24.com\/wp-content\/uploads\/2025\/07\/Holzimpraegnierung-eigenschaften-768x494.png 768w, https:\/\/www.versiegelung24.com\/wp-content\/uploads\/2025\/07\/Holzimpraegnierung-eigenschaften-1536x987.png 1536w, https:\/\/www.versiegelung24.com\/wp-content\/uploads\/2025\/07\/Holzimpraegnierung-eigenschaften-600x386.png 600w\" sizes=\"(max-width: 1982px) 100vw, 1982px\" \/><\/figure><\/div><\/div><\/div>\n\n<p><\/p>\n","protected":false},"excerpt":{"rendered":"<p><strong>Eritt\u00e4in tehokas tiiviste puupintojen sis\u00e4- ja ulkopinnoille.<\/strong><\/p>\n<p>\u2713 V\u00e4rinpit\u00e4vyys ja suojaus harmaantumista vastaan<\/p>\n<p>\u2713 Vett\u00e4 ja likaa hylkiv\u00e4 materiaali<\/p>\n<p>\u2713 Pohjustus ja suojaus yhdess\u00e4 vaiheessa<\/p>\n<p>\u2713 PFAS-, PFOA- ja PFOS-vapaa<\/p>\n<p>&nbsp;<\/p>\n","protected":false},"featured_media":183264,"template":"","meta":{"_acf_changed":false,"neve_meta_sidebar":"","neve_meta_container":"","neve_meta_enable_content_width":"","neve_meta_content_width":0,"neve_meta_title_alignment":"","neve_meta_author_avatar":"","neve_post_elements_order":"","neve_meta_disable_header":"","neve_meta_disable_footer":"","neve_meta_disable_title":"","neve_meta_reading_time":"","_surfaces":[],"_ver_product_tabs":null,"footnotes":""},"product_brand":[],"product_cat":[2466],"product_tag":[],"class_list":{"0":"post-181834","1":"product","2":"type-product","3":"status-publish","4":"has-post-thumbnail","6":"product_cat-puun-tiivistys","7":"pa_gebinde-20l-kanisteri","8":"pa_gebinde-10l-kanisteri","9":"pa_gebinde-toimintasarja-100ml-pullolla","10":"pa_gebinde-50-ml-pullo","11":"pa_gebinde-toimintasarja-50ml-pullolla","12":"pa_gebinde-100-ml-pullo","13":"pa_gebinde-150ml-pullo","14":"pa_gebinde-500-ml-pullo","15":"pa_gebinde-200ml-pullo","16":"pa_gebinde-1000-ml-pullo","17":"pa_gebinde-5l-kanisteri","18":"pa_gebinde-10-ml-pullo","19":"pa_gebinde-5-ml-pullo","20":"pa_gebinde-125-ml-n-pumppusuihkepullo","21":"pa_gebinde-1000-ml-taeyttoepullo","23":"first","24":"instock","25":"taxable","26":"shipping-taxable","27":"purchasable","28":"product-type-variable","29":"has-default-attributes"},"acf":[],"yoast_head":"<!-- This site is optimized with the Yoast SEO Premium plugin v22.8 (Yoast SEO v27.5) - https:\/\/yoast.com\/product\/yoast-seo-premium-wordpress\/ -->\n<title>Puun kyll\u00e4stys - silaaniin perustuva luonnollinen puunsuojaus - versiegelung24.com<\/title>\n<meta name=\"robots\" content=\"index, follow, max-snippet:-1, max-image-preview:large, max-video-preview:-1\" \/>\n<link rel=\"canonical\" href=\"https:\/\/www.versiegelung24.com\/fi\/holzimpragnierung-silanbasis.html\" \/>\n<meta property=\"og:locale\" content=\"fi_FI\" \/>\n<meta property=\"og:type\" content=\"article\" \/>\n<meta property=\"og:title\" content=\"Puun kyll\u00e4stys - silaaniin perustuva luonnollinen puunsuojaus\" \/>\n<meta property=\"og:description\" content=\"Eritt\u00e4in tehokas tiiviste puupintojen sis\u00e4- ja ulkopinnoille. \u2713 V\u00e4rinpit\u00e4vyys ja suojaus harmaantumista vastaan \u2713 Vett\u00e4 ja likaa hylkiv\u00e4 materiaali \u2713 Pohjustus ja suojaus yhdess\u00e4 vaiheessa \u2713 PFAS-, PFOA- ja PFOS-vapaa &nbsp;\" \/>\n<meta property=\"og:url\" content=\"https:\/\/www.versiegelung24.com\/fi\/holzimpragnierung-silanbasis.html\" \/>\n<meta property=\"og:site_name\" content=\"versiegelung24.com\" \/>\n<meta property=\"article:modified_time\" content=\"2025-09-05T11:34:49+00:00\" \/>\n<meta property=\"og:image\" content=\"https:\/\/www.versiegelung24.com\/wp-content\/uploads\/2025\/07\/V24-Holzimpraegnierung-4008-693.jpg\" \/>\n\t<meta property=\"og:image:width\" content=\"2560\" \/>\n\t<meta property=\"og:image:height\" content=\"2560\" \/>\n\t<meta property=\"og:image:type\" content=\"image\/jpeg\" \/>\n<meta name=\"twitter:card\" content=\"summary_large_image\" \/>\n<meta name=\"twitter:label1\" content=\"Saatavuus\" \/>\n\t<meta name=\"twitter:data1\" content=\"Varastossa\" \/>\n<script type=\"application\/ld+json\" class=\"yoast-schema-graph\">{\"@context\":\"https:\\\/\\\/schema.org\",\"@graph\":[{\"@type\":\"WebPage\",\"@id\":\"https:\\\/\\\/www.versiegelung24.com\\\/fi\\\/holzimpragnierung-silanbasis.html\",\"url\":\"https:\\\/\\\/www.versiegelung24.com\\\/fi\\\/holzimpragnierung-silanbasis.html\",\"name\":\"Puun kyll\u00e4stys - silaaniin perustuva luonnollinen puunsuojaus - versiegelung24.com\",\"isPartOf\":{\"@id\":\"https:\\\/\\\/www.versiegelung24.com\\\/fi\\\/#website\"},\"primaryImageOfPage\":{\"@id\":\"https:\\\/\\\/www.versiegelung24.com\\\/fi\\\/holzimpragnierung-silanbasis.html#primaryimage\"},\"image\":{\"@id\":\"https:\\\/\\\/www.versiegelung24.com\\\/fi\\\/holzimpragnierung-silanbasis.html#primaryimage\"},\"thumbnailUrl\":\"https:\\\/\\\/www.versiegelung24.com\\\/wp-content\\\/uploads\\\/2025\\\/07\\\/V24-Holzimpraegnierung-4008-693.jpg\",\"datePublished\":\"2025-07-31T10:51:09+00:00\",\"dateModified\":\"2025-09-05T11:34:49+00:00\",\"breadcrumb\":{\"@id\":\"https:\\\/\\\/www.versiegelung24.com\\\/fi\\\/holzimpragnierung-silanbasis.html#breadcrumb\"},\"inLanguage\":\"fi\",\"potentialAction\":[{\"@type\":\"ReadAction\",\"target\":[\"https:\\\/\\\/www.versiegelung24.com\\\/fi\\\/holzimpragnierung-silanbasis.html\"]}]},{\"@type\":\"ImageObject\",\"inLanguage\":\"fi\",\"@id\":\"https:\\\/\\\/www.versiegelung24.com\\\/fi\\\/holzimpragnierung-silanbasis.html#primaryimage\",\"url\":\"https:\\\/\\\/www.versiegelung24.com\\\/wp-content\\\/uploads\\\/2025\\\/07\\\/V24-Holzimpraegnierung-4008-693.jpg\",\"contentUrl\":\"https:\\\/\\\/www.versiegelung24.com\\\/wp-content\\\/uploads\\\/2025\\\/07\\\/V24-Holzimpraegnierung-4008-693.jpg\",\"width\":2560,\"height\":2560},{\"@type\":\"BreadcrumbList\",\"@id\":\"https:\\\/\\\/www.versiegelung24.com\\\/fi\\\/holzimpragnierung-silanbasis.html#breadcrumb\",\"itemListElement\":[{\"@type\":\"ListItem\",\"position\":1,\"name\":\"Kotisivu\",\"item\":\"https:\\\/\\\/www.versiegelung24.com\\\/fi\\\/etupuolella\\\/\"},{\"@type\":\"ListItem\",\"position\":2,\"name\":\"Myym\u00e4l\u00e4\",\"item\":\"https:\\\/\\\/www.versiegelung24.com\\\/fi\\\/myymala-2\\\/\"},{\"@type\":\"ListItem\",\"position\":3,\"name\":\"Puun kyll\u00e4stys &#8211; silaaniin perustuva luonnollinen puunsuojaus\"}]},{\"@type\":\"WebSite\",\"@id\":\"https:\\\/\\\/www.versiegelung24.com\\\/fi\\\/#website\",\"url\":\"https:\\\/\\\/www.versiegelung24.com\\\/fi\\\/\",\"name\":\"versiegelung24.com\",\"description\":\"Fl\u00fcssigglas-Versiegelung - Made in Germany\",\"publisher\":{\"@id\":\"https:\\\/\\\/www.versiegelung24.com\\\/fi\\\/#organization\"},\"potentialAction\":[{\"@type\":\"SearchAction\",\"target\":{\"@type\":\"EntryPoint\",\"urlTemplate\":\"https:\\\/\\\/www.versiegelung24.com\\\/fi\\\/?s={search_term_string}\"},\"query-input\":{\"@type\":\"PropertyValueSpecification\",\"valueRequired\":true,\"valueName\":\"search_term_string\"}}],\"inLanguage\":\"fi\"},{\"@type\":\"Organization\",\"@id\":\"https:\\\/\\\/www.versiegelung24.com\\\/fi\\\/#organization\",\"name\":\"versiegelung24\",\"url\":\"https:\\\/\\\/www.versiegelung24.com\\\/fi\\\/\",\"logo\":{\"@type\":\"ImageObject\",\"inLanguage\":\"fi\",\"@id\":\"https:\\\/\\\/www.versiegelung24.com\\\/fi\\\/#\\\/schema\\\/logo\\\/image\\\/\",\"url\":\"https:\\\/\\\/www.versiegelung24.com\\\/wp-content\\\/uploads\\\/2020\\\/04\\\/versiegelung24.png\",\"contentUrl\":\"https:\\\/\\\/www.versiegelung24.com\\\/wp-content\\\/uploads\\\/2020\\\/04\\\/versiegelung24.png\",\"width\":470,\"height\":102,\"caption\":\"versiegelung24\"},\"image\":{\"@id\":\"https:\\\/\\\/www.versiegelung24.com\\\/fi\\\/#\\\/schema\\\/logo\\\/image\\\/\"}}]}<\/script>\n<meta property=\"og:availability\" content=\"instock\" \/>\n<meta property=\"product:availability\" content=\"instock\" \/>\n<meta property=\"product:retailer_item_id\" content=\"4008-693\" \/>\n<meta property=\"product:condition\" content=\"new\" \/>\n<!-- \/ Yoast SEO Premium plugin. -->","yoast_head_json":{"title":"Puun kyll\u00e4stys - silaaniin perustuva luonnollinen puunsuojaus - versiegelung24.com","robots":{"index":"index","follow":"follow","max-snippet":"max-snippet:-1","max-image-preview":"max-image-preview:large","max-video-preview":"max-video-preview:-1"},"canonical":"https:\/\/www.versiegelung24.com\/fi\/holzimpragnierung-silanbasis.html","og_locale":"fi_FI","og_type":"article","og_title":"Puun kyll\u00e4stys - silaaniin perustuva luonnollinen puunsuojaus","og_description":"Eritt\u00e4in tehokas tiiviste puupintojen sis\u00e4- ja ulkopinnoille. \u2713 V\u00e4rinpit\u00e4vyys ja suojaus harmaantumista vastaan \u2713 Vett\u00e4 ja likaa hylkiv\u00e4 materiaali \u2713 Pohjustus ja suojaus yhdess\u00e4 vaiheessa \u2713 PFAS-, PFOA- ja PFOS-vapaa &nbsp;","og_url":"https:\/\/www.versiegelung24.com\/fi\/holzimpragnierung-silanbasis.html","og_site_name":"versiegelung24.com","article_modified_time":"2025-09-05T11:34:49+00:00","og_image":[{"width":2560,"height":2560,"url":"https:\/\/www.versiegelung24.com\/wp-content\/uploads\/2025\/07\/V24-Holzimpraegnierung-4008-693.jpg","type":"image\/jpeg"}],"twitter_card":"summary_large_image","twitter_misc":{"Saatavuus":"Varastossa"},"schema":{"@context":"https:\/\/schema.org","@graph":[{"@type":"WebPage","@id":"https:\/\/www.versiegelung24.com\/fi\/holzimpragnierung-silanbasis.html","url":"https:\/\/www.versiegelung24.com\/fi\/holzimpragnierung-silanbasis.html","name":"Puun kyll\u00e4stys - silaaniin perustuva luonnollinen puunsuojaus - versiegelung24.com","isPartOf":{"@id":"https:\/\/www.versiegelung24.com\/fi\/#website"},"primaryImageOfPage":{"@id":"https:\/\/www.versiegelung24.com\/fi\/holzimpragnierung-silanbasis.html#primaryimage"},"image":{"@id":"https:\/\/www.versiegelung24.com\/fi\/holzimpragnierung-silanbasis.html#primaryimage"},"thumbnailUrl":"https:\/\/www.versiegelung24.com\/wp-content\/uploads\/2025\/07\/V24-Holzimpraegnierung-4008-693.jpg","datePublished":"2025-07-31T10:51:09+00:00","dateModified":"2025-09-05T11:34:49+00:00","breadcrumb":{"@id":"https:\/\/www.versiegelung24.com\/fi\/holzimpragnierung-silanbasis.html#breadcrumb"},"inLanguage":"fi","potentialAction":[{"@type":"ReadAction","target":["https:\/\/www.versiegelung24.com\/fi\/holzimpragnierung-silanbasis.html"]}]},{"@type":"ImageObject","inLanguage":"fi","@id":"https:\/\/www.versiegelung24.com\/fi\/holzimpragnierung-silanbasis.html#primaryimage","url":"https:\/\/www.versiegelung24.com\/wp-content\/uploads\/2025\/07\/V24-Holzimpraegnierung-4008-693.jpg","contentUrl":"https:\/\/www.versiegelung24.com\/wp-content\/uploads\/2025\/07\/V24-Holzimpraegnierung-4008-693.jpg","width":2560,"height":2560},{"@type":"BreadcrumbList","@id":"https:\/\/www.versiegelung24.com\/fi\/holzimpragnierung-silanbasis.html#breadcrumb","itemListElement":[{"@type":"ListItem","position":1,"name":"Kotisivu","item":"https:\/\/www.versiegelung24.com\/fi\/etupuolella\/"},{"@type":"ListItem","position":2,"name":"Myym\u00e4l\u00e4","item":"https:\/\/www.versiegelung24.com\/fi\/myymala-2\/"},{"@type":"ListItem","position":3,"name":"Puun kyll\u00e4stys &#8211; silaaniin perustuva luonnollinen puunsuojaus"}]},{"@type":"WebSite","@id":"https:\/\/www.versiegelung24.com\/fi\/#website","url":"https:\/\/www.versiegelung24.com\/fi\/","name":"versiegelung24.com","description":"Fl\u00fcssigglas-Versiegelung - Made in Germany","publisher":{"@id":"https:\/\/www.versiegelung24.com\/fi\/#organization"},"potentialAction":[{"@type":"SearchAction","target":{"@type":"EntryPoint","urlTemplate":"https:\/\/www.versiegelung24.com\/fi\/?s={search_term_string}"},"query-input":{"@type":"PropertyValueSpecification","valueRequired":true,"valueName":"search_term_string"}}],"inLanguage":"fi"},{"@type":"Organization","@id":"https:\/\/www.versiegelung24.com\/fi\/#organization","name":"versiegelung24","url":"https:\/\/www.versiegelung24.com\/fi\/","logo":{"@type":"ImageObject","inLanguage":"fi","@id":"https:\/\/www.versiegelung24.com\/fi\/#\/schema\/logo\/image\/","url":"https:\/\/www.versiegelung24.com\/wp-content\/uploads\/2020\/04\/versiegelung24.png","contentUrl":"https:\/\/www.versiegelung24.com\/wp-content\/uploads\/2020\/04\/versiegelung24.png","width":470,"height":102,"caption":"versiegelung24"},"image":{"@id":"https:\/\/www.versiegelung24.com\/fi\/#\/schema\/logo\/image\/"}}]},"og_availability":"instock","product_availability":"instock","product_retailer_item_id":"4008-693","product_condition":"new"},"_links":{"self":[{"href":"https:\/\/www.versiegelung24.com\/fi\/wp-json\/wp\/v2\/product\/181834","targetHints":{"allow":["GET"]}}],"collection":[{"href":"https:\/\/www.versiegelung24.com\/fi\/wp-json\/wp\/v2\/product"}],"about":[{"href":"https:\/\/www.versiegelung24.com\/fi\/wp-json\/wp\/v2\/types\/product"}],"version-history":[{"count":4,"href":"https:\/\/www.versiegelung24.com\/fi\/wp-json\/wp\/v2\/product\/181834\/revisions"}],"predecessor-version":[{"id":182839,"href":"https:\/\/www.versiegelung24.com\/fi\/wp-json\/wp\/v2\/product\/181834\/revisions\/182839"}],"wp:featuredmedia":[{"embeddable":true,"href":"https:\/\/www.versiegelung24.com\/fi\/wp-json\/wp\/v2\/media\/183264"}],"wp:attachment":[{"href":"https:\/\/www.versiegelung24.com\/fi\/wp-json\/wp\/v2\/media?parent=181834"}],"wp:term":[{"taxonomy":"product_brand","embeddable":true,"href":"https:\/\/www.versiegelung24.com\/fi\/wp-json\/wp\/v2\/product_brand?post=181834"},{"taxonomy":"product_cat","embeddable":true,"href":"https:\/\/www.versiegelung24.com\/fi\/wp-json\/wp\/v2\/product_cat?post=181834"},{"taxonomy":"product_tag","embeddable":true,"href":"https:\/\/www.versiegelung24.com\/fi\/wp-json\/wp\/v2\/product_tag?post=181834"}],"curies":[{"name":"wp","href":"https:\/\/api.w.org\/{rel}","templated":true}]}}