{"id":182953,"date":"2025-08-28T14:07:51","date_gmt":"2025-08-28T12:07:51","guid":{"rendered":"https:\/\/www.versiegelung24.com\/?post_type=product&#038;p=182953"},"modified":"2025-09-08T16:04:07","modified_gmt":"2025-09-08T14:04:07","slug":"permanent-protector-646","status":"publish","type":"product","link":"https:\/\/www.versiegelung24.com\/fi\/permanent-protector-646.html","title":{"rendered":"Pysyv\u00e4 suojaus 646 5M"},"content":{"rendered":"\n<p>Permanent Protect 646 Ultra Thin on korkealaatuinen keraaminen tiivistysaine sileiden pintojen, kuten metallin, lasin, muovin tai maalattujen materiaalien, pysyv\u00e4\u00e4n pinnoittamiseen. Eritt\u00e4in ohut, l\u00e4pin\u00e4kyv\u00e4 suojakerros kest\u00e4\u00e4 poikkeuksellisen hyvin likaa, kemikaaleja, UV-s\u00e4teily\u00e4 ja mekaanisia vaikutuksia. Hydrofobisten ja oleofobisten ominaisuuksiensa ansiosta tiivistysaine tarjoaa pitk\u00e4aikaisen helposti puhdistettavan vaikutuksen.  <\/p>\n\n<p>Permanent Protect 646 Ultra Thin on ihanteellinen auto- ja merenkulkualan sovelluksiin, anti-graffiti-pinnoitteeksi tai korkealaatuisten maalattujen pintojen viimeistelyyn &#8211; se asettaa uudet standardit pintojen suojauksen ja kest\u00e4vyyden suhteen.<\/p>\n\n<hr class=\"wp-block-separator has-text-color has-css-opacity has-background is-style-wide\" style=\"background-color:#e1e1e1;color:#e1e1e1\"\/>\n\n<h2 class=\"wp-block-heading\" id=\"properties\">Tuotteen ominaisuudet<\/h2>\n\n<div class=\"wp-block-columns is-layout-flex wp-container-core-columns-is-layout-9d6595d7 wp-block-columns-is-layout-flex\">\n<div class=\"wp-block-column is-layout-flow wp-block-column-is-layout-flow\">\n<ul id=\"block-5ec6b591-a82a-45bd-aa1b-599082db3ae8\" class=\"wp-block-list\">\n<li><strong>Voimakkaasti hydrofobinen ja oleofobinen vaikutus<\/strong> &#8211; vett\u00e4 ja \u00f6ljy\u00e4 hylkiv\u00e4 <strong>vaikutus<\/strong> <\/li>\n\n\n\n<li><strong>Helposti puhdistettava vaikutus<\/strong> &#8211; lika on helppo poistaa.<\/li>\n\n\n\n<li><strong>Korkea kulutuskest\u00e4vyys<\/strong> &#8211; pysyv\u00e4 kemiallinen sitoutuminen alustaansa<\/li>\n\n\n\n<li><strong>L\u00e4mp\u00f6tilan ja UV-s\u00e4teilyn kest\u00e4v\u00e4<\/strong> &#8211; sopii ulkok\u00e4ytt\u00f6\u00f6n.<\/li>\n\n\n\n<li><strong>Hengitt\u00e4v\u00e4<\/strong> &#8211; avoin diffuusiolle<\/li>\n\n\n\n<li><strong>Kest\u00e4vyys <\/strong>&#8211; 2-5 vuotta ulkok\u00e4yt\u00f6ss\u00e4, huomattavasti pidempi sis\u00e4k\u00e4yt\u00f6ss\u00e4  <\/li>\n\n\n\n<li><strong>Kulutus <\/strong>&#8211; 5-10 ml\/m\u00b2 (=&gt; jopa 200 m\u00b2 litraa kohti).<\/li>\n\n\n\n<li><strong>Kest\u00e4\u00e4 monia yleisi\u00e4 kotitalouksien puhdistusaineita<\/strong> (paitsi v\u00e4kevi\u00e4 em\u00e4ksisi\u00e4 liuoksia).<\/li>\n\n\n\n<li><strong>Liuotinpohjainen<\/strong> (noin 60 % tehoainepitoisuus)<\/li>\n<\/ul>\n<\/div>\n\n\n\n<div class=\"wp-block-column is-layout-flow wp-block-column-is-layout-flow\">\n<ul id=\"block-6091e271-3752-4132-9f5b-206019bd2d6b\" class=\"wp-block-list\">\n<li><strong>Eritt\u00e4in hyv\u00e4t anti-graffitiominaisuudet<\/strong> ei-huokoisilla pinnoilla.<\/li>\n\n\n\n<li><strong>Keraaminen kerrosrakenne<\/strong> &#8211; l\u00e4mm\u00f6nkest\u00e4vyys 600 \u00b0C:seen asti (kalvon eheys), 300 \u00b0C:seen asti ilman v\u00e4rimuutoksia.<\/li>\n\n\n\n<li><strong>Ohuen kerroksen paksuus<\/strong>: noin 0,5-2 \u03bcm.<\/li>\n\n\n\n<li><strong>Sis\u00e4lt\u00e4\u00e4 haihtuvia orgaanisia yhdisteit\u00e4<\/strong> (butyylipropionaatti)<\/li>\n\n\n\n<li><strong>Biostaattinen vaikutus<\/strong> &#8211; est\u00e4\u00e4 mikro-organismien kasvua eritt\u00e4in paljon.  <\/li>\n\n\n\n<li><strong>V\u00e4ri<\/strong> &#8211; V\u00e4ritt\u00f6m\u00e4st\u00e4 hieman kellert\u00e4v\u00e4\u00e4n<\/li>\n\n\n\n<li><strong>PFAS-huomautus <\/strong>&#8211; PFOA- ja PFOS-vapaa. Fluoripitoisuus on alle EU:n asetuksen 2024\/2462 mukaisten lakis\u00e4\u00e4teisten raja-arvojen. K\u00e4ytetyt fluoratut lis\u00e4aineet toimivat yksinomaan likaa hylkivyyden optimoimiseksi.  <\/li>\n<\/ul>\n<\/div>\n<\/div>\n\n<hr class=\"wp-block-separator has-text-color has-background is-style-wide\" style=\"background-color:#e1e1e1;color:#e1e1e1\"\/>\n\n<h2 class=\"wp-block-heading\" id=\"application\">K\u00e4ytt\u00f6alueet<\/h2>\n\n<div class=\"wp-block-columns is-layout-flex wp-container-core-columns-is-layout-9d6595d7 wp-block-columns-is-layout-flex\">\n<div class=\"wp-block-column is-layout-flow wp-block-column-is-layout-flow\">\n<ul id=\"block-6091e271-3752-4132-9f5b-206019bd2d6b\" class=\"wp-block-list\">\n<li>Ajoneuvojen pintak\u00e4sittely (esim. auton korit, vanteet)<\/li>\n\n\n\n<li>Helposti puhdistettavat pinnoitteet sis\u00e4- ja ulkotiloihin<\/li>\n\n\n\n<li>Kest\u00e4v\u00e4t suojapinnoitteet merenkulkualalla<\/li>\n<\/ul>\n<\/div>\n\n\n\n<div class=\"wp-block-column is-layout-flow wp-block-column-is-layout-flow\">\n<ul class=\"wp-block-list\">\n<li>Jahti- ja venemaalien jalostaminen<\/li>\n\n\n\n<li>Autojen j\u00e4lkik\u00e4sittely (keraaminen tiiviste)n<\/li>\n\n\n\n<li>Anti-graffiti-pinnoitteet ei-huokoisilla pinnoilla<\/li>\n<\/ul>\n<\/div>\n<\/div>\n\n<h2 class=\"wp-block-heading\" id=\"h-anwendung\">Hakemus<\/h2>\n\n<p><strong>Yleist\u00e4  <\/strong><\/p>\n\n<ol class=\"wp-block-list\">\n<li><a href=\"https:\/\/www.versiegelung24.com\/fi\/biosativa-biologinen-esipuhdistin.html\">Puhdista<\/a> pinta perusteellisesti ja poista siit\u00e4 rasva (esim. <a href=\"https:\/\/www.versiegelung24.com\/fi\/100-erittaein-puhdasta-bioetanolia-ammattimaiseen-esipuhdistukseen-kopie.html\">isopropanolilla<\/a>, etyyliasetaatilla tai bensiinill\u00e4). <\/li>\n\n\n\n<li>Pinnan on oltava t\u00e4ysin kuiva ja rasvaton.<\/li>\n\n\n\n<li>K\u00e4sittelyl\u00e4mp\u00f6tila: 15-30 \u00b0C, suhteellinen kosteus: 50-80 %. <\/li>\n\n\n\n<li>V\u00e4lt\u00e4 suoraa auringonvaloa.<\/li>\n<\/ol>\n\n<p><strong>Sovellus pyyhk\u00e4isem\u00e4ll\u00e4  <\/strong><\/p>\n\n<ol class=\"wp-block-list\">\n<li>Levit\u00e4 muutama tippa (5-10\/ml m\u00b2) mikrokuituliinaan.<\/li>\n\n\n\n<li>Levit\u00e4 tasaisesti kevyell\u00e4 paineella lineaarisin liikkein.<\/li>\n\n\n\n<li>Kiillota pehme\u00e4ll\u00e4 liinalla enint\u00e4\u00e4n 30 minuutin kuluttua. <\/li>\n\n\n\n<li>Toista prosessi tarvittaessa.<\/li>\n<\/ol>\n\n<p><strong>Levitys ruiskuttamalla  <\/strong><\/p>\n\n<ol class=\"wp-block-list\">\n<li>Suuttimen koko: 0,8-1,0 mm \/ paine: 0,6-1,0 bar \/ et\u00e4isyys: n. 20 cm.<\/li>\n\n\n\n<li>Kerroksen paksuus (kuiva): 2,5-25 \u03bcm (kulkuv\u00e4ylist\u00e4 riippuen).<\/li>\n\n\n\n<li>Vaihtoehto: Py\u00f6riv\u00e4 kellopurkki (30 000 rpm, 2 bar, 0,2-0,4 m\/s, 50-150 ml\/min).  <\/li>\n<\/ol>\n\n<h2 class=\"wp-block-heading\" id=\"h-reinigung-amp-pflege\">Puhdistus ja hoito<\/h2>\n\n<p>Pinnan puhdistamiseen riitt\u00e4\u00e4 mieto puhdistusaine, kuten <a href=\"https:\/\/www.versiegelung24.com\/fi\/biosativa-biologinen-esipuhdistin.html\">V24 Biosativa\u00ae<\/a> -puhdistusaineemme. Aggressiivisia puhdistusaineita ei tarvita eik\u00e4 suositella. <\/p>\n\n<hr class=\"wp-block-separator has-text-color has-css-opacity has-background is-style-wide\" style=\"background-color:#e1e1e1;color:#e1e1e1\"\/>\n\n<h2 class=\"wp-block-heading\" id=\"h-produktsicherheit-amp-lagerung\">Tuoteturvallisuus ja varastointi<\/h2>\n\n<p>Tiedot tuotteen luokituksesta vaarallisista aineista annetun asetuksen mukaisesti, turvallisuustiedot sek\u00e4 toksikologiset ja varastointia koskevat tiedot l\u00f6ytyv\u00e4t <a href=\"https:\/\/www.versiegelung24.com\/fi\/ottaa-yhteytta\/\">pyydett\u00e4ess\u00e4<\/a> k\u00e4ytt\u00f6turvallisuustiedotteesta.<\/p>\n\n<ul class=\"wp-block-list\">\n<li>Permanent Protect 646 ei saa joutua kosketuksiin kosteuden kanssa.<\/li>\n\n\n\n<li>Materiaalin s\u00e4ilytysl\u00e4mp\u00f6tila: +5\u00b0C &#8211; +20\u00b0C.<\/li>\n\n\n\n<li>Henkil\u00f6kohtaiset suojavarusteet: K\u00e4sineet, suojalasit, sopiva suojavaatetus.<\/li>\n\n\n\n<li>Ensiapu: Jos ainetta joutuu silmiin tai iholle, huuhtele v\u00e4litt\u00f6m\u00e4sti vedell\u00e4 ja ota yhteys l\u00e4\u00e4k\u00e4riin.<\/li>\n\n\n\n<li>Varastointi: Viile\u00e4ss\u00e4, kuivassa ja hyvin ilmastoidussa tilassa. Avaa s\u00e4ili\u00f6 kerran kuukaudessa ilmanvaihdon avulla paineen poistamiseksi. <\/li>\n\n\n\n<li>T\u00e4ytt\u00f6\u00e4 varten suositellaan typen esipuhdistusta.<\/li>\n<\/ul>\n\n<p><strong>Permanent Protect 646 <\/strong>:n s\u00e4ilyvyysaika on 12 kuukautta, jos sit\u00e4 s\u00e4ilytet\u00e4\u00e4n avaamattomana suljetuissa alkuper\u00e4ispakkauksissa.<\/p>\n\n<hr class=\"wp-block-separator has-text-color has-css-opacity has-background is-style-wide\" style=\"background-color:#e1e1e1;color:#e1e1e1\"\/>\n\n<h2 class=\"wp-block-heading\">S\u00e4\u00e4nkest\u00e4vyystesti<\/h2>\n\n<figure class=\"wp-block-table aligncenter\"><table class=\"has-fixed-layout\"><thead><tr><th class=\"has-text-align-left\" data-align=\"left\">\u00a0<\/th><th class=\"has-text-align-left\" data-align=\"left\">Suolasumutesti NSS<\/th><th>Kondensaatioilmapiiri,<br\/>vakiokosteus<\/th><th>Keinotekoinen s\u00e4\u00e4nkest\u00e4vyys<br\/>ksenonkaarella.<\/th><\/tr><\/thead><tbody><tr><td class=\"has-text-align-left\" data-align=\"left\">DIN<\/td><td class=\"has-text-align-left\" data-align=\"left\">EN ISO 9227<\/td><td>EN ISO 6270-2<\/td><td>EN ISO 16474-2<\/td><\/tr><tr><td class=\"has-text-align-left\" data-align=\"left\">\u00a0<\/td><td class=\"has-text-align-left\" data-align=\"left\" colspan=\"3\"><strong>Suolasumutesti ruostumaton ter\u00e4s 2,5 \u03bcm, pinnoitettu.<\/strong><\/td><\/tr><tr><td class=\"has-text-align-left\" data-align=\"left\">Kesto<\/td><td class=\"has-text-align-left\" data-align=\"left\">1.500 h<\/td><td>1.400 h<\/td><td>1.400 h<\/td><\/tr><tr><td class=\"has-text-align-left\" data-align=\"left\">Tulos<\/td><td class=\"has-text-align-left\" data-align=\"left\">Rakkuloita: ei<br\/>Ruostetta: ei<br\/>Korroosio kaiverruksessa &lt; 0,5 mm.<\/td><td>Rakkuloita: ei<br\/>Ruoste: ei.<\/td><td>Kiiltoh\u00e4vi\u00f6: 5 %<br\/>Halkeilu: ei<br\/>V\u00e4riero \u0394E* = 0.40<\/td><\/tr><tr><td class=\"has-text-align-left\" data-align=\"left\">\u00a0<\/td><td class=\"has-text-align-left\" data-align=\"left\" colspan=\"3\"><strong>Suolasumutesti alumiini 2,5 \u03bcm, p\u00e4\u00e4llystetty.<\/strong><\/td><\/tr><tr><td class=\"has-text-align-left\" data-align=\"left\">Kesto<\/td><td class=\"has-text-align-left\" data-align=\"left\">1.500 h<\/td><td>1.400 h<\/td><td>1.400 h<\/td><\/tr><tr><td class=\"has-text-align-left\" data-align=\"left\">Tulos<\/td><td class=\"has-text-align-left\" data-align=\"left\">Rakkuloita: ei<br\/>Ruostetta: ei<br\/>Korroosio kaiverruksessa &lt; 0,5 mm.<\/td><td>Rakkuloita: ei<br\/>Ruoste: ei.<\/td><td>Kiiltoh\u00e4vi\u00f6: 5 %<br\/>Halkeilu: ei<br\/>V\u00e4riero \u0394E* = 0.17<\/td><\/tr><tr><td class=\"has-text-align-left\" data-align=\"left\">\u00a0<\/td><td class=\"has-text-align-left\" data-align=\"left\" colspan=\"3\"><strong>Hiekkapuhallettu ter\u00e4s 2,5 \u03bcm, p\u00e4\u00e4llystetty.<\/strong><\/td><\/tr><tr><td class=\"has-text-align-left\" data-align=\"left\">Kesto<\/td><td class=\"has-text-align-left\" data-align=\"left\">1.000 h<\/td><td>1.000 h<\/td><td>1.400 h<\/td><\/tr><tr><td class=\"has-text-align-left\" data-align=\"left\">Tulos<\/td><td class=\"has-text-align-left\" data-align=\"left\">Rakkuloita: ei<br\/>Ruostetta: ei<br\/>Korroosio kaiverruksessa &lt; 0,5 mm.<\/td><td>Rakkuloita: ei<br\/>Ruoste: ei.<\/td><td>Kiiltoh\u00e4vi\u00f6: 12 %<br\/>Halkeilu: ei<br\/>V\u00e4riero \u0394E* = 0.51<\/td><\/tr><\/tbody><\/table><\/figure>\n\n<hr class=\"wp-block-separator has-text-color has-css-opacity has-background is-style-wide\" style=\"background-color:#e1e1e1;color:#e1e1e1\"\/>\n","protected":false},"excerpt":{"rendered":"<p><strong>Korkealaatuinen kest\u00e4v\u00e4 keraaminen pinnoite sileit\u00e4 pintoja varten<\/strong><\/p>\n<p>\u2713 Eritt\u00e4in ohut kerrospaksuus<\/p>\n<p>\u2713 S\u00e4ilyvyys 2-5 vuotta<\/p>\n<p>\u2713 Korkea kulutuskest\u00e4vyys<\/p>\n<p>\u2713 Biostaattinen vaikutus<\/p>\n","protected":false},"featured_media":183058,"template":"","meta":{"_acf_changed":false,"neve_meta_sidebar":"","neve_meta_container":"","neve_meta_enable_content_width":"","neve_meta_content_width":0,"neve_meta_title_alignment":"","neve_meta_author_avatar":"","neve_post_elements_order":"","neve_meta_disable_header":"","neve_meta_disable_footer":"","neve_meta_disable_title":"","neve_meta_reading_time":"","_surfaces":[],"_ver_product_tabs":[],"footnotes":""},"product_brand":[],"product_cat":[2465,2488,2991,2207],"product_tag":[],"class_list":{"0":"post-182953","1":"product","2":"type-product","3":"status-publish","4":"has-post-thumbnail","6":"product_cat-metalli-ja-muovitiiviste","7":"product_cat-yleinen-tiiviste","8":"product_cat-nestemaeisen-lasin-tiiviste","9":"product_cat-auton-tiivistys","10":"pa_gebinde-100-ml-pullo","11":"pa_gebinde-1000-ml-pullo","13":"first","14":"instock","15":"taxable","16":"shipping-taxable","17":"purchasable","18":"product-type-variable","19":"has-default-attributes"},"acf":[],"yoast_head":"<!-- This site is optimized with the Yoast SEO Premium plugin v22.8 (Yoast SEO v27.5) - https:\/\/yoast.com\/product\/yoast-seo-premium-wordpress\/ -->\n<title>Permanent Protector 646 Ultra Thin - 9H keraaminen tiivistysaine<\/title>\n<meta name=\"description\" content=\"Helppok\u00e4ytt\u00f6inen, vahva suojaus. Uusi Permanent Protector 646 Ultra Thin - 9H keraaminen tiiviste suojaa luotettavasti ulkoisilta vaikutuksilta.\" \/>\n<meta name=\"robots\" content=\"index, follow, max-snippet:-1, max-image-preview:large, max-video-preview:-1\" \/>\n<link rel=\"canonical\" href=\"https:\/\/www.versiegelung24.com\/fi\/permanent-protector-646.html\" \/>\n<meta property=\"og:locale\" content=\"fi_FI\" \/>\n<meta property=\"og:type\" content=\"article\" \/>\n<meta property=\"og:title\" content=\"Pysyv\u00e4 suojaus 646 5M\" \/>\n<meta property=\"og:description\" content=\"Helppok\u00e4ytt\u00f6inen, vahva suojaus. Uusi Permanent Protector 646 Ultra Thin - 9H keraaminen tiiviste suojaa luotettavasti ulkoisilta vaikutuksilta.\" \/>\n<meta property=\"og:url\" content=\"https:\/\/www.versiegelung24.com\/fi\/permanent-protector-646.html\" \/>\n<meta property=\"og:site_name\" content=\"versiegelung24.com\" \/>\n<meta property=\"article:modified_time\" content=\"2025-09-08T14:04:07+00:00\" \/>\n<meta property=\"og:image\" content=\"https:\/\/www.versiegelung24.com\/wp-content\/uploads\/2025\/08\/V24-Permanent-Protector-646-Keramikversiegelung-scaled-1.jpg\" \/>\n\t<meta property=\"og:image:width\" content=\"2560\" \/>\n\t<meta property=\"og:image:height\" content=\"2560\" \/>\n\t<meta property=\"og:image:type\" content=\"image\/jpeg\" \/>\n<meta name=\"twitter:card\" content=\"summary_large_image\" \/>\n<meta name=\"twitter:label1\" content=\"Saatavuus\" \/>\n\t<meta name=\"twitter:data1\" content=\"Varastossa\" \/>\n<script type=\"application\/ld+json\" class=\"yoast-schema-graph\">{\"@context\":\"https:\\\/\\\/schema.org\",\"@graph\":[{\"@type\":\"WebPage\",\"@id\":\"https:\\\/\\\/www.versiegelung24.com\\\/fi\\\/permanent-protector-646.html\",\"url\":\"https:\\\/\\\/www.versiegelung24.com\\\/fi\\\/permanent-protector-646.html\",\"name\":\"Permanent Protector 646 Ultra Thin - 9H keraaminen tiivistysaine\",\"isPartOf\":{\"@id\":\"https:\\\/\\\/www.versiegelung24.com\\\/fi\\\/#website\"},\"primaryImageOfPage\":{\"@id\":\"https:\\\/\\\/www.versiegelung24.com\\\/fi\\\/permanent-protector-646.html#primaryimage\"},\"image\":{\"@id\":\"https:\\\/\\\/www.versiegelung24.com\\\/fi\\\/permanent-protector-646.html#primaryimage\"},\"thumbnailUrl\":\"https:\\\/\\\/www.versiegelung24.com\\\/wp-content\\\/uploads\\\/2025\\\/08\\\/V24-Permanent-Protector-646-Keramikversiegelung-scaled-1.jpg\",\"datePublished\":\"2025-08-28T12:07:51+00:00\",\"dateModified\":\"2025-09-08T14:04:07+00:00\",\"description\":\"Helppok\u00e4ytt\u00f6inen, vahva suojaus. Uusi Permanent Protector 646 Ultra Thin - 9H keraaminen tiiviste suojaa luotettavasti ulkoisilta vaikutuksilta.\",\"breadcrumb\":{\"@id\":\"https:\\\/\\\/www.versiegelung24.com\\\/fi\\\/permanent-protector-646.html#breadcrumb\"},\"inLanguage\":\"fi\",\"potentialAction\":[{\"@type\":\"ReadAction\",\"target\":[\"https:\\\/\\\/www.versiegelung24.com\\\/fi\\\/permanent-protector-646.html\"]}]},{\"@type\":\"ImageObject\",\"inLanguage\":\"fi\",\"@id\":\"https:\\\/\\\/www.versiegelung24.com\\\/fi\\\/permanent-protector-646.html#primaryimage\",\"url\":\"https:\\\/\\\/www.versiegelung24.com\\\/wp-content\\\/uploads\\\/2025\\\/08\\\/V24-Permanent-Protector-646-Keramikversiegelung-scaled-1.jpg\",\"contentUrl\":\"https:\\\/\\\/www.versiegelung24.com\\\/wp-content\\\/uploads\\\/2025\\\/08\\\/V24-Permanent-Protector-646-Keramikversiegelung-scaled-1.jpg\",\"width\":2560,\"height\":2560},{\"@type\":\"BreadcrumbList\",\"@id\":\"https:\\\/\\\/www.versiegelung24.com\\\/fi\\\/permanent-protector-646.html#breadcrumb\",\"itemListElement\":[{\"@type\":\"ListItem\",\"position\":1,\"name\":\"Kotisivu\",\"item\":\"https:\\\/\\\/www.versiegelung24.com\\\/fi\\\/etupuolella\\\/\"},{\"@type\":\"ListItem\",\"position\":2,\"name\":\"Myym\u00e4l\u00e4\",\"item\":\"https:\\\/\\\/www.versiegelung24.com\\\/fi\\\/myymala-2\\\/\"},{\"@type\":\"ListItem\",\"position\":3,\"name\":\"Pysyv\u00e4 suojaus 646 5M\"}]},{\"@type\":\"WebSite\",\"@id\":\"https:\\\/\\\/www.versiegelung24.com\\\/fi\\\/#website\",\"url\":\"https:\\\/\\\/www.versiegelung24.com\\\/fi\\\/\",\"name\":\"versiegelung24.com\",\"description\":\"Fl\u00fcssigglas-Versiegelung - Made in Germany\",\"publisher\":{\"@id\":\"https:\\\/\\\/www.versiegelung24.com\\\/fi\\\/#organization\"},\"potentialAction\":[{\"@type\":\"SearchAction\",\"target\":{\"@type\":\"EntryPoint\",\"urlTemplate\":\"https:\\\/\\\/www.versiegelung24.com\\\/fi\\\/?s={search_term_string}\"},\"query-input\":{\"@type\":\"PropertyValueSpecification\",\"valueRequired\":true,\"valueName\":\"search_term_string\"}}],\"inLanguage\":\"fi\"},{\"@type\":\"Organization\",\"@id\":\"https:\\\/\\\/www.versiegelung24.com\\\/fi\\\/#organization\",\"name\":\"versiegelung24\",\"url\":\"https:\\\/\\\/www.versiegelung24.com\\\/fi\\\/\",\"logo\":{\"@type\":\"ImageObject\",\"inLanguage\":\"fi\",\"@id\":\"https:\\\/\\\/www.versiegelung24.com\\\/fi\\\/#\\\/schema\\\/logo\\\/image\\\/\",\"url\":\"https:\\\/\\\/www.versiegelung24.com\\\/wp-content\\\/uploads\\\/2020\\\/04\\\/versiegelung24.png\",\"contentUrl\":\"https:\\\/\\\/www.versiegelung24.com\\\/wp-content\\\/uploads\\\/2020\\\/04\\\/versiegelung24.png\",\"width\":470,\"height\":102,\"caption\":\"versiegelung24\"},\"image\":{\"@id\":\"https:\\\/\\\/www.versiegelung24.com\\\/fi\\\/#\\\/schema\\\/logo\\\/image\\\/\"}}]}<\/script>\n<meta property=\"og:availability\" content=\"instock\" \/>\n<meta property=\"product:availability\" content=\"instock\" \/>\n<meta property=\"product:retailer_item_id\" content=\"8056-646\" \/>\n<meta property=\"product:condition\" content=\"new\" \/>\n<!-- \/ Yoast SEO Premium plugin. -->","yoast_head_json":{"title":"Permanent Protector 646 Ultra Thin - 9H keraaminen tiivistysaine","description":"Helppok\u00e4ytt\u00f6inen, vahva suojaus. Uusi Permanent Protector 646 Ultra Thin - 9H keraaminen tiiviste suojaa luotettavasti ulkoisilta vaikutuksilta.","robots":{"index":"index","follow":"follow","max-snippet":"max-snippet:-1","max-image-preview":"max-image-preview:large","max-video-preview":"max-video-preview:-1"},"canonical":"https:\/\/www.versiegelung24.com\/fi\/permanent-protector-646.html","og_locale":"fi_FI","og_type":"article","og_title":"Pysyv\u00e4 suojaus 646 5M","og_description":"Helppok\u00e4ytt\u00f6inen, vahva suojaus. Uusi Permanent Protector 646 Ultra Thin - 9H keraaminen tiiviste suojaa luotettavasti ulkoisilta vaikutuksilta.","og_url":"https:\/\/www.versiegelung24.com\/fi\/permanent-protector-646.html","og_site_name":"versiegelung24.com","article_modified_time":"2025-09-08T14:04:07+00:00","og_image":[{"width":2560,"height":2560,"url":"https:\/\/www.versiegelung24.com\/wp-content\/uploads\/2025\/08\/V24-Permanent-Protector-646-Keramikversiegelung-scaled-1.jpg","type":"image\/jpeg"}],"twitter_card":"summary_large_image","twitter_misc":{"Saatavuus":"Varastossa"},"schema":{"@context":"https:\/\/schema.org","@graph":[{"@type":"WebPage","@id":"https:\/\/www.versiegelung24.com\/fi\/permanent-protector-646.html","url":"https:\/\/www.versiegelung24.com\/fi\/permanent-protector-646.html","name":"Permanent Protector 646 Ultra Thin - 9H keraaminen tiivistysaine","isPartOf":{"@id":"https:\/\/www.versiegelung24.com\/fi\/#website"},"primaryImageOfPage":{"@id":"https:\/\/www.versiegelung24.com\/fi\/permanent-protector-646.html#primaryimage"},"image":{"@id":"https:\/\/www.versiegelung24.com\/fi\/permanent-protector-646.html#primaryimage"},"thumbnailUrl":"https:\/\/www.versiegelung24.com\/wp-content\/uploads\/2025\/08\/V24-Permanent-Protector-646-Keramikversiegelung-scaled-1.jpg","datePublished":"2025-08-28T12:07:51+00:00","dateModified":"2025-09-08T14:04:07+00:00","description":"Helppok\u00e4ytt\u00f6inen, vahva suojaus. Uusi Permanent Protector 646 Ultra Thin - 9H keraaminen tiiviste suojaa luotettavasti ulkoisilta vaikutuksilta.","breadcrumb":{"@id":"https:\/\/www.versiegelung24.com\/fi\/permanent-protector-646.html#breadcrumb"},"inLanguage":"fi","potentialAction":[{"@type":"ReadAction","target":["https:\/\/www.versiegelung24.com\/fi\/permanent-protector-646.html"]}]},{"@type":"ImageObject","inLanguage":"fi","@id":"https:\/\/www.versiegelung24.com\/fi\/permanent-protector-646.html#primaryimage","url":"https:\/\/www.versiegelung24.com\/wp-content\/uploads\/2025\/08\/V24-Permanent-Protector-646-Keramikversiegelung-scaled-1.jpg","contentUrl":"https:\/\/www.versiegelung24.com\/wp-content\/uploads\/2025\/08\/V24-Permanent-Protector-646-Keramikversiegelung-scaled-1.jpg","width":2560,"height":2560},{"@type":"BreadcrumbList","@id":"https:\/\/www.versiegelung24.com\/fi\/permanent-protector-646.html#breadcrumb","itemListElement":[{"@type":"ListItem","position":1,"name":"Kotisivu","item":"https:\/\/www.versiegelung24.com\/fi\/etupuolella\/"},{"@type":"ListItem","position":2,"name":"Myym\u00e4l\u00e4","item":"https:\/\/www.versiegelung24.com\/fi\/myymala-2\/"},{"@type":"ListItem","position":3,"name":"Pysyv\u00e4 suojaus 646 5M"}]},{"@type":"WebSite","@id":"https:\/\/www.versiegelung24.com\/fi\/#website","url":"https:\/\/www.versiegelung24.com\/fi\/","name":"versiegelung24.com","description":"Fl\u00fcssigglas-Versiegelung - Made in Germany","publisher":{"@id":"https:\/\/www.versiegelung24.com\/fi\/#organization"},"potentialAction":[{"@type":"SearchAction","target":{"@type":"EntryPoint","urlTemplate":"https:\/\/www.versiegelung24.com\/fi\/?s={search_term_string}"},"query-input":{"@type":"PropertyValueSpecification","valueRequired":true,"valueName":"search_term_string"}}],"inLanguage":"fi"},{"@type":"Organization","@id":"https:\/\/www.versiegelung24.com\/fi\/#organization","name":"versiegelung24","url":"https:\/\/www.versiegelung24.com\/fi\/","logo":{"@type":"ImageObject","inLanguage":"fi","@id":"https:\/\/www.versiegelung24.com\/fi\/#\/schema\/logo\/image\/","url":"https:\/\/www.versiegelung24.com\/wp-content\/uploads\/2020\/04\/versiegelung24.png","contentUrl":"https:\/\/www.versiegelung24.com\/wp-content\/uploads\/2020\/04\/versiegelung24.png","width":470,"height":102,"caption":"versiegelung24"},"image":{"@id":"https:\/\/www.versiegelung24.com\/fi\/#\/schema\/logo\/image\/"}}]},"og_availability":"instock","product_availability":"instock","product_retailer_item_id":"8056-646","product_condition":"new"},"_links":{"self":[{"href":"https:\/\/www.versiegelung24.com\/fi\/wp-json\/wp\/v2\/product\/182953","targetHints":{"allow":["GET"]}}],"collection":[{"href":"https:\/\/www.versiegelung24.com\/fi\/wp-json\/wp\/v2\/product"}],"about":[{"href":"https:\/\/www.versiegelung24.com\/fi\/wp-json\/wp\/v2\/types\/product"}],"version-history":[{"count":3,"href":"https:\/\/www.versiegelung24.com\/fi\/wp-json\/wp\/v2\/product\/182953\/revisions"}],"predecessor-version":[{"id":183571,"href":"https:\/\/www.versiegelung24.com\/fi\/wp-json\/wp\/v2\/product\/182953\/revisions\/183571"}],"wp:featuredmedia":[{"embeddable":true,"href":"https:\/\/www.versiegelung24.com\/fi\/wp-json\/wp\/v2\/media\/183058"}],"wp:attachment":[{"href":"https:\/\/www.versiegelung24.com\/fi\/wp-json\/wp\/v2\/media?parent=182953"}],"wp:term":[{"taxonomy":"product_brand","embeddable":true,"href":"https:\/\/www.versiegelung24.com\/fi\/wp-json\/wp\/v2\/product_brand?post=182953"},{"taxonomy":"product_cat","embeddable":true,"href":"https:\/\/www.versiegelung24.com\/fi\/wp-json\/wp\/v2\/product_cat?post=182953"},{"taxonomy":"product_tag","embeddable":true,"href":"https:\/\/www.versiegelung24.com\/fi\/wp-json\/wp\/v2\/product_tag?post=182953"}],"curies":[{"name":"wp","href":"https:\/\/api.w.org\/{rel}","templated":true}]}}