{"id":22808,"date":"2020-04-04T18:53:13","date_gmt":"2020-04-04T16:53:13","guid":{"rendered":"https:\/\/www.versiegelung24.com\/produkt\/auton-lasin-tiiviste-ammattimaista-laatua"},"modified":"2025-01-03T23:40:28","modified_gmt":"2025-01-03T22:40:28","slug":"auton-lasin-tiiviste-ammattimaista-laatua","status":"publish","type":"product","link":"https:\/\/www.versiegelung24.com\/fi\/auton-lasin-tiiviste-ammattimaista-laatua.html","title":{"rendered":"Auton lasin tiiviste ammattimaista laatua"},"content":{"rendered":"\n<p><strong>Eritt\u00e4in tehokas tiiviste auton lasille ja asuntovaunuille, ammattimainen laatu, UUSI, talven l\u00e4pi l\u00e4hes naarmuuntumaton, huomattavasti parempi n\u00e4kyvyys huonolla s\u00e4\u00e4ll\u00e4<\/strong><\/p>\n\n<p>Korkealaatuinen Valmistettu Saksassa.<\/p>\n\n<hr\/>\n\n<h4 class=\"wp-block-heading\" id=\"properties\">Tuotteen ominaisuudet<\/h4>\n\n<div class=\"wp-block-columns is-layout-flex wp-container-core-columns-is-layout-9d6595d7 wp-block-columns-is-layout-flex\">\n<div class=\"wp-block-column is-layout-flow wp-block-column-is-layout-flow\">\n<ul class=\"wp-block-list\">\n<li>Kirkas, v\u00e4rit\u00f6n neste, n\u00e4kym\u00e4t\u00f6n ja huomaamaton<\/li>\n\n\n\n<li>Erinomainen helposti puhdistettava vaikutus lian tarttumiseen<\/li>\n\n\n\n<li>Vett\u00e4, \u00f6ljy\u00e4 ja likaa hylkiv\u00e4, sade ja lumi vieritt\u00e4v\u00e4t pois ikkunasta, lika, lintujen ulosteet, hy\u00f6nteiset ja j\u00e4\u00e4 eiv\u00e4t en\u00e4\u00e4 tartu tiukasti kiinni<\/li>\n\n\n\n<li>Helpottaa j\u00e4\u00e4n kaapimista paljon talvella<\/li>\n\n\n\n<li>Noin 70 km \/ h alkaen sade valuu pois ajon aikana, jopa ilman tuulilasinpyyhint\u00e4, ja takaa hyv\u00e4n n\u00e4kyvyyden<\/li>\n\n\n\n<li>Kest\u00e4\u00e4 noin 25 000 km tai jopa vuoden<\/li>\n\n\n\n<li>V\u00e4hent\u00e4\u00e4 mikro -organismien ja bakteerien kasvua, parantaa hygieniaa<\/li>\n\n\n\n<li>Kest\u00e4\u00e4 pakkasta, \u00e4\u00e4rimm\u00e4ist\u00e4 kuumuutta, UV -s\u00e4teily\u00e4, suolavett\u00e4 ja suolaista ilmaa, mineraaleja kovasta vedest\u00e4 ja em\u00e4ksist\u00e4, tiesuolan kest\u00e4v\u00e4<\/li>\n\n\n\n<li>Fysiologisesti vaaraton<\/li>\n<\/ul>\n<\/div>\n\n\n\n<div class=\"wp-block-column is-layout-flow wp-block-column-is-layout-flow\">\n<ul class=\"wp-block-list\" id=\"block-4d08488f-e4e2-46e9-af9b-8ca16197df33\">\n<li>Pinnat pysyv\u00e4t puhtaina pidemp\u00e4\u00e4n, mik\u00e4 pident\u00e4\u00e4 puhdistusjaksoja ja v\u00e4hent\u00e4\u00e4 merkitt\u00e4v\u00e4sti puhdistukseen ja huoltoon liittyvi\u00e4 kustannuksia, aikaa ja energiaa<\/li>\n\n\n\n<li>Kemiallisia puhdistusaineita ei en\u00e4\u00e4 tarvita (tiivistys, mutta my\u00f6s kemikaalinkest\u00e4v\u00e4 puhdistusaineille, pH-arvoon 12 asti)<\/li>\n\n\n\n<li>UV-kest\u00e4v\u00e4 \/ pakkasenkest\u00e4v\u00e4 \/ suolavedenkest\u00e4v\u00e4 \/ n\u00e4kym\u00e4t\u00f6n (kerroksen paksuus: 100-150nm)<\/li>\n\n\n\n<li>Voidaan helposti k\u00e4ytt\u00e4\u00e4 uudelleen, kun vaikutus h\u00e4vi\u00e4\u00e4<\/li>\n<\/ul>\n\n\n\n<p><br\/><br\/>Toimituksen sis\u00e4lt\u00f6: 1 x litran pullo 1 x pumppusumutin 1 x pumppusumutin<br\/><\/p>\n<\/div>\n<\/div>\n\n<hr\/>\n\n<h4 class=\"wp-block-heading\" id=\"application\">Hakemus<\/h4>\n\n<ul class=\"wp-block-list\">\n<li>Kaikki ikkunat ja peilit autoissa, asuntovaunuissa, moottoripy\u00f6riss\u00e4 jne.<\/li>\n<\/ul>\n\n<p>Kulutus riippuu pinnan rakenteesta noin 100-200m\u00b2\/litra.<\/p>\n\n<p>S\u00e4ilyvyys: Noin 12 kuukautta<\/p>\n","protected":false},"excerpt":{"rendered":"<p><strong>Eritt\u00e4in tehokas autolasien ja asuntovaunujen tiivistys:<\/strong><\/p>\n<p>\u2713 Ammattimainen laatu <\/p>\n<p>\u2713 Selvit\u00e4 talvi l\u00e4hes naarmuuntumatta<\/p>\n<p>\u2713 Huomattavasti parantunut n\u00e4kyvyys huonolla s\u00e4\u00e4ll\u00e4<\/p>\n<p>\u2713 Noin 70 km\/h alkaen sade valuu pois ajon aikana my\u00f6s ilman tuulilasinpyyhkimi\u00e4 ja takaa selke\u00e4n n\u00e4kyvyyden<\/p>\n","protected":false},"featured_media":17603,"template":"","meta":{"_acf_changed":false,"neve_meta_sidebar":"","neve_meta_container":"","neve_meta_enable_content_width":"","neve_meta_content_width":0,"neve_meta_title_alignment":"","neve_meta_author_avatar":"","neve_post_elements_order":"","neve_meta_disable_header":"","neve_meta_disable_footer":"","neve_meta_disable_title":"","neve_meta_reading_time":"","_surfaces":[],"_ver_product_tabs":[],"footnotes":""},"product_brand":[],"product_cat":[2207],"product_tag":[],"class_list":{"0":"post-22808","1":"product","2":"type-product","3":"status-publish","4":"has-post-thumbnail","6":"product_cat-auton-tiivistys","7":"pa_gebinde-1000-ml-pullo","8":"pa_gebinde-20l-kanisteri","10":"first","11":"instock","12":"taxable","13":"shipping-taxable","14":"purchasable","15":"product-type-variable","16":"has-default-attributes"},"acf":[],"yoast_head":"<!-- This site is optimized with the Yoast SEO Premium plugin v22.8 (Yoast SEO v27.5) - https:\/\/yoast.com\/product\/yoast-seo-premium-wordpress\/ -->\n<title>Auton lasin tiiviste ammattimaista laatua - versiegelung24.com<\/title>\n<meta name=\"robots\" content=\"index, follow, max-snippet:-1, max-image-preview:large, max-video-preview:-1\" \/>\n<link rel=\"canonical\" href=\"https:\/\/www.versiegelung24.com\/fi\/auton-lasin-tiiviste-ammattimaista-laatua.html\" \/>\n<meta property=\"og:locale\" content=\"fi_FI\" \/>\n<meta property=\"og:type\" content=\"article\" \/>\n<meta property=\"og:title\" content=\"Auton lasin tiiviste ammattimaista laatua\" \/>\n<meta property=\"og:description\" content=\"Eritt\u00e4in tehokas autolasien ja asuntovaunujen tiivistys: \u2713 Ammattimainen laatu \u2713 Selvit\u00e4 talvi l\u00e4hes naarmuuntumatta \u2713 Huomattavasti parantunut n\u00e4kyvyys huonolla s\u00e4\u00e4ll\u00e4 \u2713 Noin 70 km\/h alkaen sade valuu pois ajon aikana my\u00f6s ilman tuulilasinpyyhkimi\u00e4 ja takaa selke\u00e4n n\u00e4kyvyyden\" \/>\n<meta property=\"og:url\" content=\"https:\/\/www.versiegelung24.com\/fi\/auton-lasin-tiiviste-ammattimaista-laatua.html\" \/>\n<meta property=\"og:site_name\" content=\"versiegelung24.com\" \/>\n<meta property=\"article:modified_time\" content=\"2025-01-03T22:40:28+00:00\" \/>\n<meta property=\"og:image\" content=\"https:\/\/www.versiegelung24.com\/wp-content\/uploads\/2020\/06\/produkt-1002-7601-1000-Autoglasversiegelung-scaled.jpg\" \/>\n\t<meta property=\"og:image:width\" content=\"2560\" \/>\n\t<meta property=\"og:image:height\" content=\"2560\" \/>\n\t<meta property=\"og:image:type\" content=\"image\/jpeg\" \/>\n<meta name=\"twitter:card\" content=\"summary_large_image\" \/>\n<meta name=\"twitter:label1\" content=\"Saatavuus\" \/>\n\t<meta name=\"twitter:data1\" content=\"Varastossa\" \/>\n<script type=\"application\/ld+json\" class=\"yoast-schema-graph\">{\"@context\":\"https:\\\/\\\/schema.org\",\"@graph\":[{\"@type\":\"WebPage\",\"@id\":\"https:\\\/\\\/www.versiegelung24.com\\\/fi\\\/auton-lasin-tiiviste-ammattimaista-laatua.html\",\"url\":\"https:\\\/\\\/www.versiegelung24.com\\\/fi\\\/auton-lasin-tiiviste-ammattimaista-laatua.html\",\"name\":\"Auton lasin tiiviste ammattimaista laatua - versiegelung24.com\",\"isPartOf\":{\"@id\":\"https:\\\/\\\/www.versiegelung24.com\\\/fi\\\/#website\"},\"primaryImageOfPage\":{\"@id\":\"https:\\\/\\\/www.versiegelung24.com\\\/fi\\\/auton-lasin-tiiviste-ammattimaista-laatua.html#primaryimage\"},\"image\":{\"@id\":\"https:\\\/\\\/www.versiegelung24.com\\\/fi\\\/auton-lasin-tiiviste-ammattimaista-laatua.html#primaryimage\"},\"thumbnailUrl\":\"https:\\\/\\\/www.versiegelung24.com\\\/wp-content\\\/uploads\\\/2020\\\/06\\\/produkt-1002-7601-1000-Autoglasversiegelung-scaled.jpg\",\"datePublished\":\"2020-04-04T16:53:13+00:00\",\"dateModified\":\"2025-01-03T22:40:28+00:00\",\"breadcrumb\":{\"@id\":\"https:\\\/\\\/www.versiegelung24.com\\\/fi\\\/auton-lasin-tiiviste-ammattimaista-laatua.html#breadcrumb\"},\"inLanguage\":\"fi\",\"potentialAction\":[{\"@type\":\"ReadAction\",\"target\":[\"https:\\\/\\\/www.versiegelung24.com\\\/fi\\\/auton-lasin-tiiviste-ammattimaista-laatua.html\"]}]},{\"@type\":\"ImageObject\",\"inLanguage\":\"fi\",\"@id\":\"https:\\\/\\\/www.versiegelung24.com\\\/fi\\\/auton-lasin-tiiviste-ammattimaista-laatua.html#primaryimage\",\"url\":\"https:\\\/\\\/www.versiegelung24.com\\\/wp-content\\\/uploads\\\/2020\\\/06\\\/produkt-1002-7601-1000-Autoglasversiegelung-scaled.jpg\",\"contentUrl\":\"https:\\\/\\\/www.versiegelung24.com\\\/wp-content\\\/uploads\\\/2020\\\/06\\\/produkt-1002-7601-1000-Autoglasversiegelung-scaled.jpg\",\"width\":2560,\"height\":2560},{\"@type\":\"BreadcrumbList\",\"@id\":\"https:\\\/\\\/www.versiegelung24.com\\\/fi\\\/auton-lasin-tiiviste-ammattimaista-laatua.html#breadcrumb\",\"itemListElement\":[{\"@type\":\"ListItem\",\"position\":1,\"name\":\"Kotisivu\",\"item\":\"https:\\\/\\\/www.versiegelung24.com\\\/fi\\\/etupuolella\\\/\"},{\"@type\":\"ListItem\",\"position\":2,\"name\":\"Myym\u00e4l\u00e4\",\"item\":\"https:\\\/\\\/www.versiegelung24.com\\\/fi\\\/myymala-2\\\/\"},{\"@type\":\"ListItem\",\"position\":3,\"name\":\"Auton lasin tiiviste ammattimaista laatua\"}]},{\"@type\":\"WebSite\",\"@id\":\"https:\\\/\\\/www.versiegelung24.com\\\/fi\\\/#website\",\"url\":\"https:\\\/\\\/www.versiegelung24.com\\\/fi\\\/\",\"name\":\"versiegelung24.com\",\"description\":\"Fl\u00fcssigglas-Versiegelung - Made in Germany\",\"publisher\":{\"@id\":\"https:\\\/\\\/www.versiegelung24.com\\\/fi\\\/#organization\"},\"potentialAction\":[{\"@type\":\"SearchAction\",\"target\":{\"@type\":\"EntryPoint\",\"urlTemplate\":\"https:\\\/\\\/www.versiegelung24.com\\\/fi\\\/?s={search_term_string}\"},\"query-input\":{\"@type\":\"PropertyValueSpecification\",\"valueRequired\":true,\"valueName\":\"search_term_string\"}}],\"inLanguage\":\"fi\"},{\"@type\":\"Organization\",\"@id\":\"https:\\\/\\\/www.versiegelung24.com\\\/fi\\\/#organization\",\"name\":\"versiegelung24\",\"url\":\"https:\\\/\\\/www.versiegelung24.com\\\/fi\\\/\",\"logo\":{\"@type\":\"ImageObject\",\"inLanguage\":\"fi\",\"@id\":\"https:\\\/\\\/www.versiegelung24.com\\\/fi\\\/#\\\/schema\\\/logo\\\/image\\\/\",\"url\":\"https:\\\/\\\/www.versiegelung24.com\\\/wp-content\\\/uploads\\\/2020\\\/04\\\/versiegelung24.png\",\"contentUrl\":\"https:\\\/\\\/www.versiegelung24.com\\\/wp-content\\\/uploads\\\/2020\\\/04\\\/versiegelung24.png\",\"width\":470,\"height\":102,\"caption\":\"versiegelung24\"},\"image\":{\"@id\":\"https:\\\/\\\/www.versiegelung24.com\\\/fi\\\/#\\\/schema\\\/logo\\\/image\\\/\"}}]}<\/script>\n<meta property=\"og:availability\" content=\"instock\" \/>\n<meta property=\"product:availability\" content=\"instock\" \/>\n<meta property=\"product:retailer_item_id\" content=\"1002-7601\" \/>\n<meta property=\"product:condition\" content=\"new\" \/>\n<!-- \/ Yoast SEO Premium plugin. -->","yoast_head_json":{"title":"Auton lasin tiiviste ammattimaista laatua - versiegelung24.com","robots":{"index":"index","follow":"follow","max-snippet":"max-snippet:-1","max-image-preview":"max-image-preview:large","max-video-preview":"max-video-preview:-1"},"canonical":"https:\/\/www.versiegelung24.com\/fi\/auton-lasin-tiiviste-ammattimaista-laatua.html","og_locale":"fi_FI","og_type":"article","og_title":"Auton lasin tiiviste ammattimaista laatua","og_description":"Eritt\u00e4in tehokas autolasien ja asuntovaunujen tiivistys: \u2713 Ammattimainen laatu \u2713 Selvit\u00e4 talvi l\u00e4hes naarmuuntumatta \u2713 Huomattavasti parantunut n\u00e4kyvyys huonolla s\u00e4\u00e4ll\u00e4 \u2713 Noin 70 km\/h alkaen sade valuu pois ajon aikana my\u00f6s ilman tuulilasinpyyhkimi\u00e4 ja takaa selke\u00e4n n\u00e4kyvyyden","og_url":"https:\/\/www.versiegelung24.com\/fi\/auton-lasin-tiiviste-ammattimaista-laatua.html","og_site_name":"versiegelung24.com","article_modified_time":"2025-01-03T22:40:28+00:00","og_image":[{"width":2560,"height":2560,"url":"https:\/\/www.versiegelung24.com\/wp-content\/uploads\/2020\/06\/produkt-1002-7601-1000-Autoglasversiegelung-scaled.jpg","type":"image\/jpeg"}],"twitter_card":"summary_large_image","twitter_misc":{"Saatavuus":"Varastossa"},"schema":{"@context":"https:\/\/schema.org","@graph":[{"@type":"WebPage","@id":"https:\/\/www.versiegelung24.com\/fi\/auton-lasin-tiiviste-ammattimaista-laatua.html","url":"https:\/\/www.versiegelung24.com\/fi\/auton-lasin-tiiviste-ammattimaista-laatua.html","name":"Auton lasin tiiviste ammattimaista laatua - versiegelung24.com","isPartOf":{"@id":"https:\/\/www.versiegelung24.com\/fi\/#website"},"primaryImageOfPage":{"@id":"https:\/\/www.versiegelung24.com\/fi\/auton-lasin-tiiviste-ammattimaista-laatua.html#primaryimage"},"image":{"@id":"https:\/\/www.versiegelung24.com\/fi\/auton-lasin-tiiviste-ammattimaista-laatua.html#primaryimage"},"thumbnailUrl":"https:\/\/www.versiegelung24.com\/wp-content\/uploads\/2020\/06\/produkt-1002-7601-1000-Autoglasversiegelung-scaled.jpg","datePublished":"2020-04-04T16:53:13+00:00","dateModified":"2025-01-03T22:40:28+00:00","breadcrumb":{"@id":"https:\/\/www.versiegelung24.com\/fi\/auton-lasin-tiiviste-ammattimaista-laatua.html#breadcrumb"},"inLanguage":"fi","potentialAction":[{"@type":"ReadAction","target":["https:\/\/www.versiegelung24.com\/fi\/auton-lasin-tiiviste-ammattimaista-laatua.html"]}]},{"@type":"ImageObject","inLanguage":"fi","@id":"https:\/\/www.versiegelung24.com\/fi\/auton-lasin-tiiviste-ammattimaista-laatua.html#primaryimage","url":"https:\/\/www.versiegelung24.com\/wp-content\/uploads\/2020\/06\/produkt-1002-7601-1000-Autoglasversiegelung-scaled.jpg","contentUrl":"https:\/\/www.versiegelung24.com\/wp-content\/uploads\/2020\/06\/produkt-1002-7601-1000-Autoglasversiegelung-scaled.jpg","width":2560,"height":2560},{"@type":"BreadcrumbList","@id":"https:\/\/www.versiegelung24.com\/fi\/auton-lasin-tiiviste-ammattimaista-laatua.html#breadcrumb","itemListElement":[{"@type":"ListItem","position":1,"name":"Kotisivu","item":"https:\/\/www.versiegelung24.com\/fi\/etupuolella\/"},{"@type":"ListItem","position":2,"name":"Myym\u00e4l\u00e4","item":"https:\/\/www.versiegelung24.com\/fi\/myymala-2\/"},{"@type":"ListItem","position":3,"name":"Auton lasin tiiviste ammattimaista laatua"}]},{"@type":"WebSite","@id":"https:\/\/www.versiegelung24.com\/fi\/#website","url":"https:\/\/www.versiegelung24.com\/fi\/","name":"versiegelung24.com","description":"Fl\u00fcssigglas-Versiegelung - Made in Germany","publisher":{"@id":"https:\/\/www.versiegelung24.com\/fi\/#organization"},"potentialAction":[{"@type":"SearchAction","target":{"@type":"EntryPoint","urlTemplate":"https:\/\/www.versiegelung24.com\/fi\/?s={search_term_string}"},"query-input":{"@type":"PropertyValueSpecification","valueRequired":true,"valueName":"search_term_string"}}],"inLanguage":"fi"},{"@type":"Organization","@id":"https:\/\/www.versiegelung24.com\/fi\/#organization","name":"versiegelung24","url":"https:\/\/www.versiegelung24.com\/fi\/","logo":{"@type":"ImageObject","inLanguage":"fi","@id":"https:\/\/www.versiegelung24.com\/fi\/#\/schema\/logo\/image\/","url":"https:\/\/www.versiegelung24.com\/wp-content\/uploads\/2020\/04\/versiegelung24.png","contentUrl":"https:\/\/www.versiegelung24.com\/wp-content\/uploads\/2020\/04\/versiegelung24.png","width":470,"height":102,"caption":"versiegelung24"},"image":{"@id":"https:\/\/www.versiegelung24.com\/fi\/#\/schema\/logo\/image\/"}}]},"og_availability":"instock","product_availability":"instock","product_retailer_item_id":"1002-7601","product_condition":"new"},"_links":{"self":[{"href":"https:\/\/www.versiegelung24.com\/fi\/wp-json\/wp\/v2\/product\/22808","targetHints":{"allow":["GET"]}}],"collection":[{"href":"https:\/\/www.versiegelung24.com\/fi\/wp-json\/wp\/v2\/product"}],"about":[{"href":"https:\/\/www.versiegelung24.com\/fi\/wp-json\/wp\/v2\/types\/product"}],"version-history":[{"count":14,"href":"https:\/\/www.versiegelung24.com\/fi\/wp-json\/wp\/v2\/product\/22808\/revisions"}],"predecessor-version":[{"id":177547,"href":"https:\/\/www.versiegelung24.com\/fi\/wp-json\/wp\/v2\/product\/22808\/revisions\/177547"}],"wp:featuredmedia":[{"embeddable":true,"href":"https:\/\/www.versiegelung24.com\/fi\/wp-json\/wp\/v2\/media\/17603"}],"wp:attachment":[{"href":"https:\/\/www.versiegelung24.com\/fi\/wp-json\/wp\/v2\/media?parent=22808"}],"wp:term":[{"taxonomy":"product_brand","embeddable":true,"href":"https:\/\/www.versiegelung24.com\/fi\/wp-json\/wp\/v2\/product_brand?post=22808"},{"taxonomy":"product_cat","embeddable":true,"href":"https:\/\/www.versiegelung24.com\/fi\/wp-json\/wp\/v2\/product_cat?post=22808"},{"taxonomy":"product_tag","embeddable":true,"href":"https:\/\/www.versiegelung24.com\/fi\/wp-json\/wp\/v2\/product_tag?post=22808"}],"curies":[{"name":"wp","href":"https:\/\/api.w.org\/{rel}","templated":true}]}}