{"id":22821,"date":"2020-04-04T18:53:13","date_gmt":"2021-08-02T19:03:09","guid":{"rendered":"https:\/\/www.versiegelung24.com\/produkt\/ammattimaista-lasin-tiivistysta"},"modified":"2025-01-03T23:36:54","modified_gmt":"2025-01-03T22:36:54","slug":"lasitiiviste-ammattimaista-laatua","status":"publish","type":"product","link":"https:\/\/www.versiegelung24.com\/fi\/lasitiiviste-ammattimaista-laatua.html","title":{"rendered":"Ammattimainen lasitiiviste &#8211; helppohoitoinen"},"content":{"rendered":"\n<p><strong>Eritt\u00e4in tehokas lasitiiviste ikkunoille, lasijulkisivuille, sis\u00e4\u00e4nk\u00e4yntioville jne.<\/strong><\/p>\n\n<p>Korkealaatuinen Valmistettu Saksassa.<\/p>\n\n<div class=\"wp-block-columns is-layout-flex wp-container-core-columns-is-layout-9d6595d7 wp-block-columns-is-layout-flex\">\n<div class=\"wp-block-column is-layout-flow wp-block-column-is-layout-flow\">\n<figure class=\"wp-block-embed is-type-video is-provider-youtube wp-block-embed-youtube wp-embed-aspect-16-9 wp-has-aspect-ratio\"><div class=\"wp-block-embed__wrapper\"> \n<div class=\"nv-iframe-embed\"><iframe title=\"(Nano-)Versiegelungen f\u00fcrs Badezimmer, die wirklich halten! Versiegelung24.com\" width=\"1200\" height=\"675\" src=\"https:\/\/www.youtube.com\/embed\/l6YldCwuye0?feature=oembed\" frameborder=\"0\" allow=\"accelerometer; autoplay; clipboard-write; encrypted-media; gyroscope; picture-in-picture; web-share\" referrerpolicy=\"strict-origin-when-cross-origin\" allowfullscreen><\/iframe><\/div>\n <\/div><\/figure>\n<\/div>\n\n\n\n<div class=\"wp-block-column is-layout-flow wp-block-column-is-layout-flow\">\n<figure class=\"wp-block-embed is-type-video is-provider-youtube wp-block-embed-youtube wp-embed-aspect-16-9 wp-has-aspect-ratio\"><div class=\"wp-block-embed__wrapper\"> \n<div class=\"nv-iframe-embed\"><iframe title=\"Kalk in der Dusche entfernen und mit einer Glasversiegelung vorbeugen!\" width=\"1200\" height=\"675\" src=\"https:\/\/www.youtube.com\/embed\/vnJHIGeb_7I?feature=oembed\" frameborder=\"0\" allow=\"accelerometer; autoplay; clipboard-write; encrypted-media; gyroscope; picture-in-picture; web-share\" referrerpolicy=\"strict-origin-when-cross-origin\" allowfullscreen><\/iframe><\/div>\n <\/div><\/figure>\n<\/div>\n<\/div>\n\n<h3 class=\"wp-block-heading\" id=\"eine-versiegelung-ihrer-fenster-spart-frust-und-zeit-wer-putzt-schon-gerne-fenster\">Ikkunoiden tiivist\u00e4minen s\u00e4\u00e4st\u00e4\u00e4 aikaa ja turhautumista &#8211; kuka tykk\u00e4\u00e4 pest\u00e4 ikkunat?<\/h3>\n\n<p>Sateisen ja pime\u00e4n talven j\u00e4lkeen kev\u00e4\u00e4n ensimm\u00e4iset voimakkaat auringons\u00e4teet ovat usein ilmaisevia. Katsot ikkunasta ulos ja huomaat yht\u00e4kki\u00e4, ett\u00e4 sinun on kiireesti puhdistettava se, koska se on t\u00e4ynn\u00e4 vesitahroja, likaa ja raitoja. Mutta kuka todella pit\u00e4\u00e4 ikkunoiden puhdistamisesta? <br\/>Ty\u00f6 on aikaa viev\u00e4\u00e4 ja usein hyvin turhauttavaa, koska raidaton lasi tuntuu todella olevan saavutus. Mit\u00e4 et ole kokeillut sen takia. Hierominen sanomalehdell\u00e4, h\u00f6yrypuhdistin, kalliit ikkunanpesuaineet &#8211; j\u00e4lkik\u00e4teen ruutu ei useinkaan ole niin selke\u00e4 kuin haluat.<\/p>\n<div class=\"wp-block-image\">\n<figure class=\"aligncenter size-large is-resized\"><img fetchpriority=\"high\" decoding=\"async\" width=\"1300\" height=\"260\" src=\"https:\/\/www.versiegelung24.com\/wp-content\/uploads\/2022\/01\/Glas_Himmel-1300x260.jpg\" alt=\"\" class=\"wp-image-59446\" style=\"width:1500px\" srcset=\"https:\/\/www.versiegelung24.com\/wp-content\/uploads\/2022\/01\/Glas_Himmel-1300x260.jpg 1300w, https:\/\/www.versiegelung24.com\/wp-content\/uploads\/2022\/01\/Glas_Himmel-300x60.jpg 300w, https:\/\/www.versiegelung24.com\/wp-content\/uploads\/2022\/01\/Glas_Himmel-768x154.jpg 768w, https:\/\/www.versiegelung24.com\/wp-content\/uploads\/2022\/01\/Glas_Himmel-600x120.jpg 600w, https:\/\/www.versiegelung24.com\/wp-content\/uploads\/2022\/01\/Glas_Himmel.jpg 1500w\" sizes=\"(max-width: 1300px) 100vw, 1300px\" \/><\/figure>\n<\/div>\n<hr\/>\n\n<h4 class=\"wp-block-heading\" id=\"properties\">Tuotteen ominaisuudet<\/h4>\n\n<div class=\"wp-block-columns is-layout-flex wp-container-core-columns-is-layout-9d6595d7 wp-block-columns-is-layout-flex\">\n<div class=\"wp-block-column is-layout-flow wp-block-column-is-layout-flow\">\n<ul class=\"wp-block-list\" id=\"block-1ae73cec-dd86-455b-95e1-db08f69d1f05\">\n<li>Helposti puhdistettava vaikutus lian ja kalkin poistamiseen<\/li>\n\n\n\n<li>Korkea kulutuskest\u00e4vyys SiO\u00b2 -nanotekniikan ansiosta<\/li>\n\n\n\n<li>Kest\u00e4\u00e4 kemikaaleja puhdistusaineita (pH-arvoon 12 asti).<\/li>\n\n\n\n<li>Voimakas hydrofobinen ja oleofobinen vaikutus (vett\u00e4 ja \u00f6ljy\u00e4 hylkiv\u00e4)<\/li>\n\n\n\n<li>Kustannus-, ajan- ja energians\u00e4\u00e4st\u00f6 pidennetyill\u00e4 puhdistusjaksoilla<\/li>\n<\/ul>\n<\/div>\n\n\n\n<div class=\"wp-block-column is-layout-flow wp-block-column-is-layout-flow\">\n<ul class=\"wp-block-list\" id=\"block-1ae73cec-dd86-455b-95e1-db08f69d1f05\">\n<li>V\u00e4hent\u00e4\u00e4 mikro -organismien ja bakteerien kasvua ja parantaa siten hygieniaa<\/li>\n\n\n\n<li>UV-kest\u00e4v\u00e4 \/ pakkasenkest\u00e4v\u00e4 \/ suolavedenkest\u00e4v\u00e4 \/ n\u00e4kym\u00e4t\u00f6n<\/li>\n\n\n\n<li>Itsepuhdistuva vaikutus pystysuoriin lasipintoihin sateessa<\/li>\n\n\n\n<li>Helppo levitt\u00e4\u00e4 (p\u00e4\u00e4llystys mahdollista milloin tahansa)<\/li>\n\n\n\n<li>Kestoaika: jopa 3-5 vuotta (k\u00e4yt\u00f6st\u00e4 riippuen)<\/li>\n<\/ul>\n<\/div>\n<\/div>\n\n<p><br\/>Toimituksen sis\u00e4lt\u00f6: 1 x litran pullo, 1 x pumppusuihkup\u00e4\u00e4, 1 x tuoteseloste.<\/p>\n<div class=\"wp-block-image\">\n<figure class=\"aligncenter size-large is-resized\"><img decoding=\"async\" width=\"1300\" height=\"260\" src=\"https:\/\/www.versiegelung24.com\/wp-content\/uploads\/2022\/01\/bad_glas-1300x260.jpg\" alt=\"\" class=\"wp-image-59538\" style=\"width:1500px\" srcset=\"https:\/\/www.versiegelung24.com\/wp-content\/uploads\/2022\/01\/bad_glas-1300x260.jpg 1300w, https:\/\/www.versiegelung24.com\/wp-content\/uploads\/2022\/01\/bad_glas-300x60.jpg 300w, https:\/\/www.versiegelung24.com\/wp-content\/uploads\/2022\/01\/bad_glas-768x154.jpg 768w, https:\/\/www.versiegelung24.com\/wp-content\/uploads\/2022\/01\/bad_glas-600x120.jpg 600w, https:\/\/www.versiegelung24.com\/wp-content\/uploads\/2022\/01\/bad_glas.jpg 1500w\" sizes=\"(max-width: 1300px) 100vw, 1300px\" \/><figcaption class=\"wp-element-caption\">Sovellusesimerkki kylpyhuone<\/figcaption><\/figure>\n<\/div>\n<h4 class=\"wp-block-heading\" id=\"application\">Hakemus<\/h4>\n\n<div class=\"wp-block-columns is-layout-flex wp-container-core-columns-is-layout-9d6595d7 wp-block-columns-is-layout-flex\">\n<div class=\"wp-block-column is-layout-flow wp-block-column-is-layout-flow\">\n<ul class=\"wp-block-list\" id=\"block-d9c56046-ec66-4f80-bc70-c000e96a1e51\">\n<li>Ikkunalasi (sis\u00e4ll\u00e4 ja ulkona)<\/li>\n\n\n\n<li>Saniteettitilan lasipinnat (peilit, suihkukaapit)<\/li>\n\n\n\n<li>Rakennuslasi (talvipuutarhat, kasvihuoneet, katokset, sein\u00e4lasit)<\/li>\n\n\n\n<li><a href=\"https:\/\/www.versiegelung24.com\/fi\/auton-lasin-tiiviste-ammattimaista-laatua.html\">Auton lasi<\/a> (sivu- ja sis\u00e4ikkunat &#8211; etuikkuna katso erikoistuote)<\/li>\n<\/ul>\n<\/div>\n\n\n\n<div class=\"wp-block-column is-layout-flow wp-block-column-is-layout-flow\">\n<p>Kulutus riippuu pinnan rakenteesta: noin 50-200m\u00b2 \/ litra.<\/p>\n\n\n\n<p><br\/><br\/><br\/>Helppo levitt\u00e4\u00e4: 1. Puhdista pinta hyvin (mit\u00e4 puhtaampi se on, sit\u00e4 kauemmin tiiviste kest\u00e4\u00e4) 2. Suihkuta tiivisteainetta ja hiero se sis\u00e4\u00e4n. 3. Levit\u00e4 tiivistysainetta. Anna kovettua 12 tuntia &#8211; valmis<\/p>\n<\/div>\n<\/div>\n\n<h4 class=\"wp-block-heading\" id=\"advisor\">Neuvonantaja<\/h4>\n\n<div class=\"wp-block-columns is-layout-flex wp-container-core-columns-is-layout-9d6595d7 wp-block-columns-is-layout-flex\">\n<div class=\"wp-block-column is-layout-flow wp-block-column-is-layout-flow\">\n<figure class=\"wp-block-image size-full\"><img decoding=\"async\" width=\"500\" height=\"500\" src=\"https:\/\/www.versiegelung24.com\/wp-content\/uploads\/2022\/01\/dachfenster_content_500-1.jpg\" alt=\"\" class=\"wp-image-59686\" srcset=\"https:\/\/www.versiegelung24.com\/wp-content\/uploads\/2022\/01\/dachfenster_content_500-1.jpg 500w, https:\/\/www.versiegelung24.com\/wp-content\/uploads\/2022\/01\/dachfenster_content_500-1-300x300.jpg 300w, https:\/\/www.versiegelung24.com\/wp-content\/uploads\/2022\/01\/dachfenster_content_500-1-80x80.jpg 80w, https:\/\/www.versiegelung24.com\/wp-content\/uploads\/2022\/01\/dachfenster_content_500-1-400x400.jpg 400w, https:\/\/www.versiegelung24.com\/wp-content\/uploads\/2022\/01\/dachfenster_content_500-1-100x100.jpg 100w\" sizes=\"(max-width: 500px) 100vw, 500px\" \/><\/figure>\n<\/div>\n\n\n\n<div class=\"wp-block-column is-layout-flow wp-block-column-is-layout-flow\">\n<h3 class=\"wp-block-heading\" id=\"h-welche-vorteile-bringt-ihnen-die-fensterversiegelung\">Mitk\u00e4 ovat ikkunoiden tiivistyksen edut?<\/h3>\n\n\n\n<p>Kerromme sinulle, kuinka voit hallita ikkunoitasi seuraavien 2\u20133 vuoden ajan ja v\u00e4hent\u00e4\u00e4 siivousta mahdollisimman v\u00e4h\u00e4n:<\/p>\n\n\n\n<p>Yll\u00e4 oleva tuotteemme on ns. Nano-tiiviste. <br\/>Sis\u00e4lt\u00e4m\u00e4t piidioksidihiukkaset (nestem\u00e4inen lasi) yhdistyv\u00e4t levitett\u00e4ess\u00e4 ja muodostavat lasin p\u00e4\u00e4lle noin 100-150 nanometrin ohuen kerroksen, joka on t\u00e4ysin kirkas eik\u00e4 aiheuta sameutta. T\u00e4m\u00e4 n\u00e4kym\u00e4t\u00f6n kalvo pinnalla suojaa ikkunoita tunnetulla lootuksen vaikutuksella. Vesi valuu kokonaan pois, \u00e4rsytt\u00e4v\u00e4t vesitahrat &#8211; etenkin sadesuihkun j\u00e4lkeen &#8211; ovat menneisyytt\u00e4. Lika, p\u00f6ly, lintujen ulosteet jne. eiv\u00e4t en\u00e4\u00e4 tartu, ja ne voidaan helposti poistaa.<\/p>\n\n\n\n<p>T\u00e4m\u00e4n seurauksena sinun on puhdistettava talon ikkunat paljon harvemmin kuin ennen kuin ne suljettiin. T\u00e4m\u00e4 on erityisen havaittavissa kattoikkunoiden tapauksessa, koska niiden kalteva asento tekee niist\u00e4 jopa alttiimpia lialle kuin pystysuoraan asennetut ikkunat.<\/p>\n<\/div>\n<\/div>\n\n<h3 class=\"wp-block-heading\" id=\"h-wie-gross-ist-der-arbeitsaufwand-fur-das-versiegeln-der-fensterscheiben\">Kuinka paljon ty\u00f6t\u00e4 ikkunoiden tiivist\u00e4minen vaatii?<\/h3>\n\n<p>Tiivistysaineen levitt\u00e4miseen kuluva aika on hyvin lyhyt ja luultavasti jopa nopeampi kuin itse ikkunoiden puhdistus.<\/p>\n\n<p>Ensinn\u00e4kin ikkuna on puhdistettava perusteellisesti. Meid\u00e4n<a href=\"https:\/\/www.versiegelung24.com\/biosativa-biologischer-vorreiniger\/\"> BIOSATIVA esipuhdistin<\/a> ja<a href=\"https:\/\/www.versiegelung24.com\/bioethanol\/\"> Bioetanoli 96,6%<\/a> t\u00e4m\u00e4 on vaivaton prosessi. N\u00e4m\u00e4 myym\u00e4l\u00e4mme tuotteet poistavat kaikki lasij\u00e4\u00e4m\u00e4t tehokkaasti ja nopeasti. <br\/>T\u00e4m\u00e4 on ratkaisevan t\u00e4rke\u00e4\u00e4 tiivisteen laadun ja kest\u00e4vyyden kannalta. Kun valmistelevat ty\u00f6t on tehty, varsinainen tiivistys alkaa. Nestem\u00e4inen lasi ruiskutetaan kankaalle ja levitet\u00e4\u00e4n sitten lasille. Noin 5 min kuluttua. kiillota pehme\u00e4ll\u00e4 mikrokuituliinalla.<\/p>\n\n<p>12 tunnin kovettumisajan j\u00e4lkeen pinta on t\u00e4ysin tiivis. Sateeton p\u00e4iv\u00e4 on siksi ihanteellinen ulkona, joten pinnoite voi kuivua h\u00e4iri\u00f6tt\u00f6m\u00e4sti ja nestelasin nanohiukkaset voivat yhdisty\u00e4 kokonaan.<\/p>\n\n<h3 class=\"wp-block-heading\" id=\"h-ist-eine-versiegelung-der-fenster-aussen-und-innen-sinnvoll\">Onko ikkunoiden sulkemisessa ulkona ja sis\u00e4ll\u00e4 j\u00e4rke\u00e4?<\/h3>\n\n<p>Joka tapauksessa suosittelemme tiivist\u00e4m\u00e4\u00e4n ikkunan molemmat puolet. Sis\u00e4puolen lika on varmasti huomattavasti pienempi kuin ulkopuolella. Mutta my\u00f6s t\u00e4\u00e4ll\u00e4 p\u00f6ly ja rasva muodostavat lasille kalvon, joka on poistettava aika ajoin. Jokainen, jolla on esimerkiksi lapsia, tuntee my\u00f6s s\u00f6p\u00f6t pienet nen\u00e4- ja k\u00e4denj\u00e4ljet tuulilasissa, jotka tehd\u00e4\u00e4n, kun nuoret ovat l\u00f6yt\u00e4neet jotain j\u00e4nnitt\u00e4v\u00e4\u00e4 ulkona. Ikkunatiivisteell\u00e4mme n\u00e4m\u00e4 j\u00e4\u00e4m\u00e4t voidaan poistaa nopeasti ja helposti. S\u00e4\u00e4st\u00e4t aikaa ja hermoja t\u00e4rke\u00e4mpiin asioihin.<\/p>\n\n<div class=\"wp-block-columns is-layout-flex wp-container-core-columns-is-layout-9d6595d7 wp-block-columns-is-layout-flex\">\n<div class=\"wp-block-column is-layout-flow wp-block-column-is-layout-flow\">\n<h3 class=\"wp-block-heading\" id=\"h-schutzen-sie-ihre-fenster-vor-kratzern\">Suojaa ikkunasi naarmuilta<\/h3>\n\n\n\n<p>Vuosien mittaan ikkunoita puhdistettaessa irronnut lika voi aiheuttaa hienoimpia naarmuja lasiin. T\u00e4ss\u00e4kin lasin tiivisteell\u00e4 on eritt\u00e4in positiivinen vaikutus. Se muodostaa pinnalle suojakerroksen, joka toisaalta est\u00e4\u00e4 naarmuja lujuutensa vuoksi ja toisaalta est\u00e4\u00e4 p\u00f6lyn tarttumisen alusta alkaen.<\/p>\n\n\n\n<h3 class=\"wp-block-heading\" id=\"h-nutzen-sie-die-zeit-fur-die-wirklich-wichtigen-dinge-im-leben\">K\u00e4yt\u00e4 aika todella t\u00e4rkeisiin asioihin el\u00e4m\u00e4ss\u00e4<\/h3>\n\n\n\n<p>Nauti kev\u00e4\u00e4st\u00e4 sen sijaan, ett\u00e4 viett\u00e4isit aikaa ikkunanpuhdistusmaratonin kanssa. Ammattimaisen lasitiivistyksemme ansiosta s\u00e4\u00e4st\u00e4t paljon ty\u00f6t\u00e4 jopa 3 vuoden ajan. Sinun pit\u00e4isi olla sen arvoista!<\/p>\n<\/div>\n\n\n\n<div class=\"wp-block-column is-layout-flow wp-block-column-is-layout-flow\"><div class=\"wp-block-image\">\n<figure class=\"alignright size-full\"><img loading=\"lazy\" decoding=\"async\" width=\"500\" height=\"500\" src=\"https:\/\/www.versiegelung24.com\/wp-content\/uploads\/2022\/01\/fenster_content_500.jpg\" alt=\"\" class=\"wp-image-59505\" srcset=\"https:\/\/www.versiegelung24.com\/wp-content\/uploads\/2022\/01\/fenster_content_500.jpg 500w, https:\/\/www.versiegelung24.com\/wp-content\/uploads\/2022\/01\/fenster_content_500-300x300.jpg 300w, https:\/\/www.versiegelung24.com\/wp-content\/uploads\/2022\/01\/fenster_content_500-80x80.jpg 80w, https:\/\/www.versiegelung24.com\/wp-content\/uploads\/2022\/01\/fenster_content_500-400x400.jpg 400w, https:\/\/www.versiegelung24.com\/wp-content\/uploads\/2022\/01\/fenster_content_500-100x100.jpg 100w\" sizes=\"(max-width: 500px) 100vw, 500px\" \/><\/figure>\n<\/div><\/div>\n<\/div>\n","protected":false},"excerpt":{"rendered":"<p><strong>**UUSI** Eritt\u00e4in tehokas lasitiiviste:<\/strong><\/p>\n<p>\u2713 Ikkunaikkunat<\/p>\n<p>\u2713 Lasi julkisivut<\/p>\n<p>\u2713 ulko-ovet jne.<\/p>\n<p>\u2713 Lootusvaikutelma (vett\u00e4 hylkiv\u00e4)<\/p>\n<p>\u2713 Sis\u00e4- ja ulkok\u00e4ytt\u00f6\u00f6n<\/p>\n<p>&nbsp;<\/p>\n","protected":false},"featured_media":17716,"template":"","meta":{"_acf_changed":false,"neve_meta_sidebar":"","neve_meta_container":"","neve_meta_enable_content_width":"","neve_meta_content_width":0,"neve_meta_title_alignment":"","neve_meta_author_avatar":"","neve_post_elements_order":"","neve_meta_disable_header":"","neve_meta_disable_footer":"","neve_meta_disable_title":"","neve_meta_reading_time":"","_surfaces":[],"_ver_product_tabs":[],"footnotes":""},"product_brand":[],"product_cat":[2191],"product_tag":[],"class_list":{"0":"post-22821","1":"product","2":"type-product","3":"status-publish","4":"has-post-thumbnail","6":"product_cat-lasin-ja-keramiikan-tiiviste","7":"pa_gebinde-1000-ml-pullo","8":"pa_gebinde-20l-kanisteri","10":"first","11":"instock","12":"taxable","13":"shipping-taxable","14":"purchasable","15":"product-type-variable","16":"has-default-attributes"},"acf":[],"yoast_head":"<!-- This site is optimized with the Yoast SEO Premium plugin v22.8 (Yoast SEO v27.5) - https:\/\/yoast.com\/product\/yoast-seo-premium-wordpress\/ -->\n<title>Ammattimainen lasitiiviste - helppohoitoinen - versiegelung24.com<\/title>\n<meta name=\"robots\" content=\"index, follow, max-snippet:-1, max-image-preview:large, max-video-preview:-1\" \/>\n<link rel=\"canonical\" href=\"https:\/\/www.versiegelung24.com\/fi\/lasitiiviste-ammattimaista-laatua.html\" \/>\n<meta property=\"og:locale\" content=\"fi_FI\" \/>\n<meta property=\"og:type\" content=\"article\" \/>\n<meta property=\"og:title\" content=\"Ammattimainen lasitiiviste - helppohoitoinen\" \/>\n<meta property=\"og:description\" content=\"**UUSI** Eritt\u00e4in tehokas lasitiiviste: \u2713 Ikkunaikkunat \u2713 Lasi julkisivut \u2713 ulko-ovet jne. \u2713 Lootusvaikutelma (vett\u00e4 hylkiv\u00e4) \u2713 Sis\u00e4- ja ulkok\u00e4ytt\u00f6\u00f6n &nbsp;\" \/>\n<meta property=\"og:url\" content=\"https:\/\/www.versiegelung24.com\/fi\/lasitiiviste-ammattimaista-laatua.html\" \/>\n<meta property=\"og:site_name\" content=\"versiegelung24.com\" \/>\n<meta property=\"article:modified_time\" content=\"2025-01-03T22:36:54+00:00\" \/>\n<meta property=\"og:image\" content=\"https:\/\/www.versiegelung24.com\/wp-content\/uploads\/2020\/06\/produkt-1000-601-1000-Glasversiegelung-scaled.jpg\" \/>\n\t<meta property=\"og:image:width\" content=\"2560\" \/>\n\t<meta property=\"og:image:height\" content=\"2560\" \/>\n\t<meta property=\"og:image:type\" content=\"image\/jpeg\" \/>\n<meta name=\"twitter:card\" content=\"summary_large_image\" \/>\n<meta name=\"twitter:label1\" content=\"Saatavuus\" \/>\n\t<meta name=\"twitter:data1\" content=\"Varastossa\" \/>\n<script type=\"application\/ld+json\" class=\"yoast-schema-graph\">{\"@context\":\"https:\\\/\\\/schema.org\",\"@graph\":[{\"@type\":\"WebPage\",\"@id\":\"https:\\\/\\\/www.versiegelung24.com\\\/fi\\\/lasitiiviste-ammattimaista-laatua.html\",\"url\":\"https:\\\/\\\/www.versiegelung24.com\\\/fi\\\/lasitiiviste-ammattimaista-laatua.html\",\"name\":\"Ammattimainen lasitiiviste - helppohoitoinen - versiegelung24.com\",\"isPartOf\":{\"@id\":\"https:\\\/\\\/www.versiegelung24.com\\\/fi\\\/#website\"},\"primaryImageOfPage\":{\"@id\":\"https:\\\/\\\/www.versiegelung24.com\\\/fi\\\/lasitiiviste-ammattimaista-laatua.html#primaryimage\"},\"image\":{\"@id\":\"https:\\\/\\\/www.versiegelung24.com\\\/fi\\\/lasitiiviste-ammattimaista-laatua.html#primaryimage\"},\"thumbnailUrl\":\"https:\\\/\\\/www.versiegelung24.com\\\/wp-content\\\/uploads\\\/2020\\\/06\\\/produkt-1000-601-1000-Glasversiegelung-scaled.jpg\",\"datePublished\":\"2021-08-02T19:03:09+00:00\",\"dateModified\":\"2025-01-03T22:36:54+00:00\",\"breadcrumb\":{\"@id\":\"https:\\\/\\\/www.versiegelung24.com\\\/fi\\\/lasitiiviste-ammattimaista-laatua.html#breadcrumb\"},\"inLanguage\":\"fi\",\"potentialAction\":[{\"@type\":\"ReadAction\",\"target\":[\"https:\\\/\\\/www.versiegelung24.com\\\/fi\\\/lasitiiviste-ammattimaista-laatua.html\"]}]},{\"@type\":\"ImageObject\",\"inLanguage\":\"fi\",\"@id\":\"https:\\\/\\\/www.versiegelung24.com\\\/fi\\\/lasitiiviste-ammattimaista-laatua.html#primaryimage\",\"url\":\"https:\\\/\\\/www.versiegelung24.com\\\/wp-content\\\/uploads\\\/2020\\\/06\\\/produkt-1000-601-1000-Glasversiegelung-scaled.jpg\",\"contentUrl\":\"https:\\\/\\\/www.versiegelung24.com\\\/wp-content\\\/uploads\\\/2020\\\/06\\\/produkt-1000-601-1000-Glasversiegelung-scaled.jpg\",\"width\":2560,\"height\":2560},{\"@type\":\"BreadcrumbList\",\"@id\":\"https:\\\/\\\/www.versiegelung24.com\\\/fi\\\/lasitiiviste-ammattimaista-laatua.html#breadcrumb\",\"itemListElement\":[{\"@type\":\"ListItem\",\"position\":1,\"name\":\"Kotisivu\",\"item\":\"https:\\\/\\\/www.versiegelung24.com\\\/fi\\\/etupuolella\\\/\"},{\"@type\":\"ListItem\",\"position\":2,\"name\":\"Myym\u00e4l\u00e4\",\"item\":\"https:\\\/\\\/www.versiegelung24.com\\\/fi\\\/myymala-2\\\/\"},{\"@type\":\"ListItem\",\"position\":3,\"name\":\"Ammattimainen lasitiiviste &#8211; helppohoitoinen\"}]},{\"@type\":\"WebSite\",\"@id\":\"https:\\\/\\\/www.versiegelung24.com\\\/fi\\\/#website\",\"url\":\"https:\\\/\\\/www.versiegelung24.com\\\/fi\\\/\",\"name\":\"versiegelung24.com\",\"description\":\"Fl\u00fcssigglas-Versiegelung - Made in Germany\",\"publisher\":{\"@id\":\"https:\\\/\\\/www.versiegelung24.com\\\/fi\\\/#organization\"},\"potentialAction\":[{\"@type\":\"SearchAction\",\"target\":{\"@type\":\"EntryPoint\",\"urlTemplate\":\"https:\\\/\\\/www.versiegelung24.com\\\/fi\\\/?s={search_term_string}\"},\"query-input\":{\"@type\":\"PropertyValueSpecification\",\"valueRequired\":true,\"valueName\":\"search_term_string\"}}],\"inLanguage\":\"fi\"},{\"@type\":\"Organization\",\"@id\":\"https:\\\/\\\/www.versiegelung24.com\\\/fi\\\/#organization\",\"name\":\"versiegelung24\",\"url\":\"https:\\\/\\\/www.versiegelung24.com\\\/fi\\\/\",\"logo\":{\"@type\":\"ImageObject\",\"inLanguage\":\"fi\",\"@id\":\"https:\\\/\\\/www.versiegelung24.com\\\/fi\\\/#\\\/schema\\\/logo\\\/image\\\/\",\"url\":\"https:\\\/\\\/www.versiegelung24.com\\\/wp-content\\\/uploads\\\/2020\\\/04\\\/versiegelung24.png\",\"contentUrl\":\"https:\\\/\\\/www.versiegelung24.com\\\/wp-content\\\/uploads\\\/2020\\\/04\\\/versiegelung24.png\",\"width\":470,\"height\":102,\"caption\":\"versiegelung24\"},\"image\":{\"@id\":\"https:\\\/\\\/www.versiegelung24.com\\\/fi\\\/#\\\/schema\\\/logo\\\/image\\\/\"}}]}<\/script>\n<meta property=\"og:availability\" content=\"instock\" \/>\n<meta property=\"product:availability\" content=\"instock\" \/>\n<meta property=\"product:retailer_item_id\" content=\"1000-6601\" \/>\n<meta property=\"product:condition\" content=\"new\" \/>\n<!-- \/ Yoast SEO Premium plugin. -->","yoast_head_json":{"title":"Ammattimainen lasitiiviste - helppohoitoinen - versiegelung24.com","robots":{"index":"index","follow":"follow","max-snippet":"max-snippet:-1","max-image-preview":"max-image-preview:large","max-video-preview":"max-video-preview:-1"},"canonical":"https:\/\/www.versiegelung24.com\/fi\/lasitiiviste-ammattimaista-laatua.html","og_locale":"fi_FI","og_type":"article","og_title":"Ammattimainen lasitiiviste - helppohoitoinen","og_description":"**UUSI** Eritt\u00e4in tehokas lasitiiviste: \u2713 Ikkunaikkunat \u2713 Lasi julkisivut \u2713 ulko-ovet jne. \u2713 Lootusvaikutelma (vett\u00e4 hylkiv\u00e4) \u2713 Sis\u00e4- ja ulkok\u00e4ytt\u00f6\u00f6n &nbsp;","og_url":"https:\/\/www.versiegelung24.com\/fi\/lasitiiviste-ammattimaista-laatua.html","og_site_name":"versiegelung24.com","article_modified_time":"2025-01-03T22:36:54+00:00","og_image":[{"width":2560,"height":2560,"url":"https:\/\/www.versiegelung24.com\/wp-content\/uploads\/2020\/06\/produkt-1000-601-1000-Glasversiegelung-scaled.jpg","type":"image\/jpeg"}],"twitter_card":"summary_large_image","twitter_misc":{"Saatavuus":"Varastossa"},"schema":{"@context":"https:\/\/schema.org","@graph":[{"@type":"WebPage","@id":"https:\/\/www.versiegelung24.com\/fi\/lasitiiviste-ammattimaista-laatua.html","url":"https:\/\/www.versiegelung24.com\/fi\/lasitiiviste-ammattimaista-laatua.html","name":"Ammattimainen lasitiiviste - helppohoitoinen - versiegelung24.com","isPartOf":{"@id":"https:\/\/www.versiegelung24.com\/fi\/#website"},"primaryImageOfPage":{"@id":"https:\/\/www.versiegelung24.com\/fi\/lasitiiviste-ammattimaista-laatua.html#primaryimage"},"image":{"@id":"https:\/\/www.versiegelung24.com\/fi\/lasitiiviste-ammattimaista-laatua.html#primaryimage"},"thumbnailUrl":"https:\/\/www.versiegelung24.com\/wp-content\/uploads\/2020\/06\/produkt-1000-601-1000-Glasversiegelung-scaled.jpg","datePublished":"2021-08-02T19:03:09+00:00","dateModified":"2025-01-03T22:36:54+00:00","breadcrumb":{"@id":"https:\/\/www.versiegelung24.com\/fi\/lasitiiviste-ammattimaista-laatua.html#breadcrumb"},"inLanguage":"fi","potentialAction":[{"@type":"ReadAction","target":["https:\/\/www.versiegelung24.com\/fi\/lasitiiviste-ammattimaista-laatua.html"]}]},{"@type":"ImageObject","inLanguage":"fi","@id":"https:\/\/www.versiegelung24.com\/fi\/lasitiiviste-ammattimaista-laatua.html#primaryimage","url":"https:\/\/www.versiegelung24.com\/wp-content\/uploads\/2020\/06\/produkt-1000-601-1000-Glasversiegelung-scaled.jpg","contentUrl":"https:\/\/www.versiegelung24.com\/wp-content\/uploads\/2020\/06\/produkt-1000-601-1000-Glasversiegelung-scaled.jpg","width":2560,"height":2560},{"@type":"BreadcrumbList","@id":"https:\/\/www.versiegelung24.com\/fi\/lasitiiviste-ammattimaista-laatua.html#breadcrumb","itemListElement":[{"@type":"ListItem","position":1,"name":"Kotisivu","item":"https:\/\/www.versiegelung24.com\/fi\/etupuolella\/"},{"@type":"ListItem","position":2,"name":"Myym\u00e4l\u00e4","item":"https:\/\/www.versiegelung24.com\/fi\/myymala-2\/"},{"@type":"ListItem","position":3,"name":"Ammattimainen lasitiiviste &#8211; helppohoitoinen"}]},{"@type":"WebSite","@id":"https:\/\/www.versiegelung24.com\/fi\/#website","url":"https:\/\/www.versiegelung24.com\/fi\/","name":"versiegelung24.com","description":"Fl\u00fcssigglas-Versiegelung - Made in Germany","publisher":{"@id":"https:\/\/www.versiegelung24.com\/fi\/#organization"},"potentialAction":[{"@type":"SearchAction","target":{"@type":"EntryPoint","urlTemplate":"https:\/\/www.versiegelung24.com\/fi\/?s={search_term_string}"},"query-input":{"@type":"PropertyValueSpecification","valueRequired":true,"valueName":"search_term_string"}}],"inLanguage":"fi"},{"@type":"Organization","@id":"https:\/\/www.versiegelung24.com\/fi\/#organization","name":"versiegelung24","url":"https:\/\/www.versiegelung24.com\/fi\/","logo":{"@type":"ImageObject","inLanguage":"fi","@id":"https:\/\/www.versiegelung24.com\/fi\/#\/schema\/logo\/image\/","url":"https:\/\/www.versiegelung24.com\/wp-content\/uploads\/2020\/04\/versiegelung24.png","contentUrl":"https:\/\/www.versiegelung24.com\/wp-content\/uploads\/2020\/04\/versiegelung24.png","width":470,"height":102,"caption":"versiegelung24"},"image":{"@id":"https:\/\/www.versiegelung24.com\/fi\/#\/schema\/logo\/image\/"}}]},"og_availability":"instock","product_availability":"instock","product_retailer_item_id":"1000-6601","product_condition":"new"},"_links":{"self":[{"href":"https:\/\/www.versiegelung24.com\/fi\/wp-json\/wp\/v2\/product\/22821","targetHints":{"allow":["GET"]}}],"collection":[{"href":"https:\/\/www.versiegelung24.com\/fi\/wp-json\/wp\/v2\/product"}],"about":[{"href":"https:\/\/www.versiegelung24.com\/fi\/wp-json\/wp\/v2\/types\/product"}],"version-history":[{"count":32,"href":"https:\/\/www.versiegelung24.com\/fi\/wp-json\/wp\/v2\/product\/22821\/revisions"}],"predecessor-version":[{"id":177493,"href":"https:\/\/www.versiegelung24.com\/fi\/wp-json\/wp\/v2\/product\/22821\/revisions\/177493"}],"wp:featuredmedia":[{"embeddable":true,"href":"https:\/\/www.versiegelung24.com\/fi\/wp-json\/wp\/v2\/media\/17716"}],"wp:attachment":[{"href":"https:\/\/www.versiegelung24.com\/fi\/wp-json\/wp\/v2\/media?parent=22821"}],"wp:term":[{"taxonomy":"product_brand","embeddable":true,"href":"https:\/\/www.versiegelung24.com\/fi\/wp-json\/wp\/v2\/product_brand?post=22821"},{"taxonomy":"product_cat","embeddable":true,"href":"https:\/\/www.versiegelung24.com\/fi\/wp-json\/wp\/v2\/product_cat?post=22821"},{"taxonomy":"product_tag","embeddable":true,"href":"https:\/\/www.versiegelung24.com\/fi\/wp-json\/wp\/v2\/product_tag?post=22821"}],"curies":[{"name":"wp","href":"https:\/\/api.w.org\/{rel}","templated":true}]}}