{"id":22842,"date":"2020-04-04T18:53:16","date_gmt":"2021-08-02T19:04:16","guid":{"rendered":"https:\/\/www.versiegelung24.com\/produkt\/1-litra-bacoban-tiivistetta-100-litraan-pitkaaikaista-pinnan-desinfiointia"},"modified":"2025-01-13T16:35:54","modified_gmt":"2025-01-13T15:35:54","slug":"bacobanin-pitkaaikainen-pinnan-desinfiointitiiviste","status":"publish","type":"product","link":"https:\/\/www.versiegelung24.com\/fi\/bacobanin-pitkaeaikainen-pinnan-desinfiointitiiviste.html","title":{"rendered":"1 litra BACOBAN\u00ae-tiivistett\u00e4 100 litraan pitk\u00e4aikaista pinnan desinfiointia"},"content":{"rendered":"\n<h2 class=\"wp-block-heading\" id=\"1-liter-flasche-bacoban-langzeit-flachendesinfektion-konzentrat\">1 litran pullo BACOBAN\u00ae-pitk\u00e4aikaista pinnan desinfiointitiivistett\u00e4<\/h2>\n\n<p><strong>Riitt\u00e4\u00e4 100 litraan desinfiointiainetta (laimennettuna vedell\u00e4 1: 100)<\/strong><\/p>\n\n<p><strong>K\u00e4yt\u00e4 desinfiointiaineita huolellisesti. Lue aina etiketti ja tuotetiedot ennen k\u00e4ytt\u00f6\u00e4.<\/strong><\/p>\n\n<hr \/>\n\n<h4 class=\"wp-block-heading\" id=\"properties\">Tuotteen ominaisuudet<\/h4>\n\n<ul class=\"wp-block-list\"><li><br \/>Kest\u00e4v\u00e4 antimikrobinen vaikutus (remanenssivaikutus) jopa 10 p\u00e4iv\u00e4\u00e4n asti.<\/li><li>VAH listattu<\/li><li>tehokas koronavirusta vastaan<\/li><li>eritt\u00e4in hyv\u00e4 ihon sietokyky<\/li><li>korkea puhdistusvaikutus<\/li><li>K\u00e4yt\u00e4nn\u00f6n sovellus testattu 4-kentt\u00e4testiss\u00e4<\/li><\/ul>\n\n<p><strong>Bacoban<\/strong><sup> \u00ae<\/sup><strong> WB<\/strong> on vesipohjainen tiiviste varaston ja lattioiden desinfiointiin ja puhdistukseen yhdess\u00e4, ja sill\u00e4 on kest\u00e4v\u00e4, antimikrobinen vaikutus (remanence-vaikutus).<\/p>\n\n<hr \/>\n\n<h4 class=\"wp-block-heading\" id=\"application\">Hakemus<\/h4>\n\n<h3 class=\"wp-block-heading\" id=\"gebrauch\">k\u00e4ytt\u00e4\u00e4<\/h3>\n\n<p>Ulos<strong> Bacoban<\/strong><sup> \u00ae<\/sup><strong> WB<\/strong> Valmista k\u00e4ytt\u00f6valmis liuos sekoitustaulukon mukaisesti ja kastele pinnat riitt\u00e4v\u00e4sti. \u00c4l\u00e4 huuhtele tai hankaa kuivaksi. Juuri valmistetun ty\u00f6liuoksen seisonta -aika: 8 tuntia<\/p>\n\n<figure class=\"wp-block-table\"><table><tbody><tr><td>Sekoitusp\u00f6yt\u00e4<\/td><\/tr><tr><td>Lopullinen tilavuus<\/td><td>0,5 %<\/td><td>1 %<\/td><td>2 %<\/td><td>3 %<\/td><\/tr><tr><td>1 litra<\/td><td>5 ml<\/td><td>10 ml<\/td><td>20 ml<\/td><td>30 ml<\/td><\/tr><tr><td>2 litraa<\/td><td>10 ml<\/td><td>20 ml<\/td><td>40 ml<\/td><td>60 ml<\/td><\/tr><tr><td>4 litraa<\/td><td>20 ml<\/td><td>40 ml<\/td><td>80 ml<\/td><td>120 ml<\/td><\/tr><tr><td>8 litraa<\/td><td>40 ml<\/td><td>80 ml<\/td><td>160 ml<\/td><td>240 ml<\/td><\/tr><tr><td>10 litraa<\/td><td>50 ml<\/td><td>100 ml<\/td><td>200 ml<\/td><td>300 ml<\/td><\/tr><\/tbody><\/table><\/figure>\n\n<p><br \/>Kest\u00e4v\u00e4 antimikrobinen vaikutus <strong>(remanenssivaikutus)<\/strong> jopa <strong>10 p\u00e4iv\u00e4n<\/strong> ajan (testattu ASTM E 2180:n mukaisesti). Dermatologisesti testattu (*1 %:ssa): eritt\u00e4in hyv\u00e4 ihoyst\u00e4v\u00e4llisyys.<\/p>\n\n<h3 class=\"wp-block-heading\" id=\"lagerung\">varastointi<\/h3>\n\n<p><strong>Bacoban<\/strong><sup> \u00ae<\/sup><strong> WB<\/strong> S\u00e4ilyt\u00e4 +5 &#8211; + 25 \u00b0 C. Suojaa pakkaselta ja suoralta auringonvalolta.<\/p>\n\n<hr \/>\n\n<h4 class=\"wp-block-heading\" id=\"advisor\">Neuvonantaja<\/h4>\n\n<h3 class=\"wp-block-heading\" id=\"gutachten\">Arviointi<\/h3>\n\n<p>Tuotteitamme on testattu perusteellisesti. Annamme mielell\u00e4mme pyynn\u00f6st\u00e4 mikrobiologisia ja dermatologisia raportteja.<\/p>\n\n<h3 class=\"wp-block-heading\" id=\"sicherheitshinweis\">Turvallisuutta koskeva huomautus<\/h3>\n\n<p>K\u00e4ytt\u00f6turvallisuustiedote saatavilla pyynn\u00f6st\u00e4.<\/p>\n\n<p><strong>T\u00e4rke\u00e4<\/strong> ! Antimikrobinen pysyv\u00e4 vaikutus<strong> Bacoban<\/strong><sup> \u00ae<\/sup><strong> WB<\/strong> ei saa johtaa tarvittavien desinfiointitoimenpiteiden laiminly\u00f6ntiin, jos saastuminen on n\u00e4kyv\u00e4\u00e4 ja \/ tai kyseenalaista!<\/p>\n\n<p>Ty\u00f6nantajien vastuuvakuutusyhdistyksen mukaan desinfiointiaineita k\u00e4sitelt\u00e4ess\u00e4 on k\u00e4ytett\u00e4v\u00e4 k\u00e4sineit\u00e4. Haitallista nieltyn\u00e4. Aiheuttaa vakavia ihopalovammoja ja silm\u00e4vaurioita. Eritt\u00e4in myrkyllist\u00e4 vesieli\u00f6ille. Myrkyllist\u00e4 vesieli\u00f6ille, pitk\u00e4aikaisia vaikutuksia. \u00c4l\u00e4 sy\u00f6, juo tai tupakoi k\u00e4yt\u00f6n aikana. JOS NIELET\u00c4\u00c4N: Huuhtele suu ulos. \u00c4L\u00c4 aiheuta oksentelua. JOS KOSKETTAA IHON (tai hiusten) kanssa: Poista kaikki saastuneet vaatteet v\u00e4litt\u00f6m\u00e4sti. Huuhtele iho vedell\u00e4\/suihkulla. JOS SILMIIN: Huuhtele varovasti vedell\u00e4 useita minuutteja. Poista nykyiset piilolinssit, jos mahdollista. Jatka huuhtelua. Soita v\u00e4litt\u00f6m\u00e4sti Myrkytyskeskukseen tai l\u00e4\u00e4k\u00e4riin. Jos tarvitaan l\u00e4\u00e4ketieteellist\u00e4 neuvontaa, pid\u00e4 pakkaus tai etiketti valmiina. <br \/>S\u00e4ilytett\u00e4v\u00e4 lasten ulottumattomissa. K\u00e4ytett\u00e4v\u00e4 vain veden kanssa ja sekoitustaulukon mukaisesti. Ei saa k\u00e4ytt\u00e4\u00e4 muiden puhdistus- tai desinfiointiaineiden kanssa.<\/p>\n\n<p>Voidaan k\u00e4ytt\u00e4\u00e4 kaikilla pinnoilla. Ep\u00e4ilytt\u00e4v\u00e4n herkille pinnoille suosittelemme kest\u00e4vyystesti\u00e4 huomaamattomalla alueella. S\u00e4ilyt\u00e4 vain suljetussa astiassa. S\u00e4ilyt\u00e4 viile\u00e4ss\u00e4 ja kuivassa paikassa.<\/p>\n\n<p>Astia voidaan kierr\u00e4tt\u00e4\u00e4 vasta, kun se on t\u00e4ysin tyhj\u00e4. \u00c4l\u00e4 k\u00e4yt\u00e4 viimeisen k\u00e4ytt\u00f6p\u00e4iv\u00e4m\u00e4\u00e4r\u00e4n j\u00e4lkeen. H\u00e4vit\u00e4 paikallisten ja virallisten m\u00e4\u00e4r\u00e4ysten mukaisesti.<\/p>\n\n<p>Biosidin rekisterinumero: N-28795 (D). 263\/17\/L (Lu)<\/p>\n\n<p>Sekoitustaulukon mukainen <strong>k\u00e4ytt\u00f6valmis<\/strong> liuos ei vaadi varoitusmerkki\u00e4.<\/p>\n\n<h3 class=\"wp-block-heading\" id=\"zusammensetzung\">s\u00e4vellys<\/h3>\n\n<p>100 g liuosta sis\u00e4lt\u00e4\u00e4: bentsalkoniumkloridia 26 g, natriumpyritionia 2,5 g, polykondensaatteja, hajusteita, puhdistettua vett\u00e4. Ainesosat asetuksen (EY) N: o 648\/2004 mukaisesti: v\u00e4hint\u00e4\u00e4n 15%, mutta alle 30% kationisia pinta -aktiivisia aineita, desinfiointiaineita, hajusteita (linalooli, limoneeni, sitraali, geranioli, sitronelloli).<br \/>Formaldehydit\u00f6n, fenoliton.<\/p>\n\n<figure class=\"wp-block-table\"><table><tbody><tr><td>tehokkuutta<\/td><\/tr><tr><td>Testaus DVV \/ RKI -ohjeiden mukaisesti<\/td><td>laimennus<\/td><td>Altistumisaika<\/td><\/tr><tr><td><br \/>Rajoitetusti viruksentorjuntakykyinen (kuorelliset virukset, mukaan lukien <strong>koronavirus<\/strong>, HIV, HBV, HCV, influenssa, herpes, ebolavirus&#8230;.).<\/td><td>1,00 %<\/td><td>5 min<\/td><\/tr><tr><td>Adenovirus<\/td><td>2,00 %<\/td><td>240 min<\/td><\/tr><tr><td>Ihmisen papilloomavirus (HPV)<\/td><td>1,00 %<\/td><td>60 min<\/td><\/tr><tr><td>Norovirus<\/td><td>1,00 %<\/td><td>30 min<\/td><\/tr><tr><td>Testaus DGHM -ohjeen mukaan (mekaniikka, suuri kuormitus)<\/td><\/tr><tr><td>bakteereja tappava ja hiivaa tuhoava<\/td><td>1,00 %<\/td><td>5 min<\/td><\/tr><tr><td>EN -standardit<\/td><\/tr><tr><td>EN 1040 (bakterisidinen)<\/td><td>0,25 %<\/td><td>5 min<\/td><\/tr><tr><td>EN 1275 (hiivamyrkky)<\/td><td>0,25 %<\/td><td>5 min<\/td><\/tr><tr><td>EN 1276 (bakterisidinen)<\/td><td>0,75 %<\/td><td>5 min<\/td><\/tr><tr><td>\u00a0<\/td><td>0,50 %<\/td><td>15 minuuttia<\/td><\/tr><tr><td>EN 13727 (bakterisidinen)<\/td><td>1,00 %<\/td><td>5 min<\/td><\/tr><tr><td>EN 13624 (hiivamyrkky, fungisidinen)<\/td><td>1,00 %<\/td><td>5 min<\/td><\/tr><tr><td>EN 1650 (hiivamyrkky)<\/td><td>0,50 %<\/td><td>5 min<\/td><\/tr><tr><td>\u00a0<\/td><td>0,25 %<\/td><td>15 minuuttia<\/td><\/tr><tr><td>EN 13697 (bakterisidinen)<\/td><td>0,50 %<\/td><td>15 minuuttia<\/td><\/tr><tr><td>EN 14561 (bakterisidinen)<\/td><td>0,50 %<\/td><td>15 minuuttia<\/td><\/tr><tr><td>\u00a0<\/td><td>0,50 %<\/td><td>60 min<\/td><\/tr><tr><td>EN 14562 (hiivamyrkky)<\/td><td>0,50 %<\/td><td>60 min<\/td><\/tr><tr><td>EN 16615 (bakterisidinen, hiivamyrkytt\u00e4v\u00e4) (4-kentt\u00e4koe)<\/td><td>1,00 %<\/td><td>5 min<\/td><\/tr><\/tbody><\/table><\/figure>\n\n<p><strong>K\u00e4yt\u00e4 desinfiointiaineita huolellisesti. Lue aina etiketti ja tuotetiedot ennen k\u00e4ytt\u00f6\u00e4.<\/strong><\/p>\n","protected":false},"excerpt":{"rendered":"<p style=\"color: #545454;font-family: Verdana, sans-serif;font-size: 11px;line-height: 15.666666984558105px\"><strong>Alkoholiton pintojen desinfiointi ja puhdistus<\/strong><\/p>\n","protected":false},"featured_media":21952,"template":"","meta":{"_acf_changed":false,"neve_meta_sidebar":"","neve_meta_container":"","neve_meta_enable_content_width":"","neve_meta_content_width":0,"neve_meta_title_alignment":"","neve_meta_author_avatar":"","neve_post_elements_order":"","neve_meta_disable_header":"","neve_meta_disable_footer":"","neve_meta_disable_title":"","neve_meta_reading_time":"","_surfaces":[],"_ver_product_tabs":[],"footnotes":""},"product_brand":[],"product_cat":[2278,2281,2282],"product_tag":[],"class_list":{"0":"post-22842","1":"product","2":"type-product","3":"status-publish","4":"has-post-thumbnail","6":"product_cat-desinfiointiaineet","7":"product_cat-pintojen-desinfiointiaineet","8":"product_cat-desinfiointiainetiivisteet","10":"first","11":"instock","12":"taxable","13":"shipping-taxable","14":"purchasable","15":"product-type-simple"},"acf":[],"yoast_head":"<!-- This site is optimized with the Yoast SEO Premium plugin v22.8 (Yoast SEO v27.5) - https:\/\/yoast.com\/product\/yoast-seo-premium-wordpress\/ -->\n<title>1 litra BACOBAN\u00ae-tiivistett\u00e4 100 litraan pitk\u00e4aikaista pinnan desinfiointia - versiegelung24.com<\/title>\n<meta name=\"robots\" content=\"index, follow, max-snippet:-1, max-image-preview:large, max-video-preview:-1\" \/>\n<link rel=\"canonical\" href=\"https:\/\/www.versiegelung24.com\/fi\/bacobanin-pitkaeaikainen-pinnan-desinfiointitiiviste.html\" \/>\n<meta property=\"og:locale\" content=\"fi_FI\" \/>\n<meta property=\"og:type\" content=\"article\" \/>\n<meta property=\"og:title\" content=\"1 litra BACOBAN\u00ae-tiivistett\u00e4 100 litraan pitk\u00e4aikaista pinnan desinfiointia\" \/>\n<meta property=\"og:description\" content=\"Alkoholiton pintojen desinfiointi ja puhdistus\" \/>\n<meta property=\"og:url\" content=\"https:\/\/www.versiegelung24.com\/fi\/bacobanin-pitkaeaikainen-pinnan-desinfiointitiiviste.html\" \/>\n<meta property=\"og:site_name\" content=\"versiegelung24.com\" \/>\n<meta property=\"article:modified_time\" content=\"2025-01-13T15:35:54+00:00\" \/>\n<meta property=\"og:image\" content=\"https:\/\/www.versiegelung24.com\/wp-content\/uploads\/2020\/04\/bacwb1-bacoban-langzeitdesinfektion-konzentrat-1-liter.png\" \/>\n\t<meta property=\"og:image:width\" content=\"1000\" \/>\n\t<meta property=\"og:image:height\" content=\"1000\" \/>\n\t<meta property=\"og:image:type\" content=\"image\/png\" \/>\n<meta name=\"twitter:card\" content=\"summary_large_image\" \/>\n<meta name=\"twitter:label1\" content=\"Hinta\" \/>\n\t<meta name=\"twitter:data1\" content=\"89,90&euro;\" \/>\n\t<meta name=\"twitter:label2\" content=\"Saatavuus\" \/>\n\t<meta name=\"twitter:data2\" content=\"Varastossa\" \/>\n<script type=\"application\/ld+json\" class=\"yoast-schema-graph\">{\"@context\":\"https:\\\/\\\/schema.org\",\"@graph\":[{\"@type\":\"WebPage\",\"@id\":\"https:\\\/\\\/www.versiegelung24.com\\\/fi\\\/bacobanin-pitkaeaikainen-pinnan-desinfiointitiiviste.html\",\"url\":\"https:\\\/\\\/www.versiegelung24.com\\\/fi\\\/bacobanin-pitkaeaikainen-pinnan-desinfiointitiiviste.html\",\"name\":\"1 litra BACOBAN\u00ae-tiivistett\u00e4 100 litraan pitk\u00e4aikaista pinnan desinfiointia - versiegelung24.com\",\"isPartOf\":{\"@id\":\"https:\\\/\\\/www.versiegelung24.com\\\/fi\\\/#website\"},\"primaryImageOfPage\":{\"@id\":\"https:\\\/\\\/www.versiegelung24.com\\\/fi\\\/bacobanin-pitkaeaikainen-pinnan-desinfiointitiiviste.html#primaryimage\"},\"image\":{\"@id\":\"https:\\\/\\\/www.versiegelung24.com\\\/fi\\\/bacobanin-pitkaeaikainen-pinnan-desinfiointitiiviste.html#primaryimage\"},\"thumbnailUrl\":\"https:\\\/\\\/www.versiegelung24.com\\\/wp-content\\\/uploads\\\/2020\\\/04\\\/bacwb1-bacoban-langzeitdesinfektion-konzentrat-1-liter.png\",\"datePublished\":\"2021-08-02T19:04:16+00:00\",\"dateModified\":\"2025-01-13T15:35:54+00:00\",\"breadcrumb\":{\"@id\":\"https:\\\/\\\/www.versiegelung24.com\\\/fi\\\/bacobanin-pitkaeaikainen-pinnan-desinfiointitiiviste.html#breadcrumb\"},\"inLanguage\":\"fi\",\"potentialAction\":[{\"@type\":\"ReadAction\",\"target\":[\"https:\\\/\\\/www.versiegelung24.com\\\/fi\\\/bacobanin-pitkaeaikainen-pinnan-desinfiointitiiviste.html\"]}]},{\"@type\":\"ImageObject\",\"inLanguage\":\"fi\",\"@id\":\"https:\\\/\\\/www.versiegelung24.com\\\/fi\\\/bacobanin-pitkaeaikainen-pinnan-desinfiointitiiviste.html#primaryimage\",\"url\":\"https:\\\/\\\/www.versiegelung24.com\\\/wp-content\\\/uploads\\\/2020\\\/04\\\/bacwb1-bacoban-langzeitdesinfektion-konzentrat-1-liter.png\",\"contentUrl\":\"https:\\\/\\\/www.versiegelung24.com\\\/wp-content\\\/uploads\\\/2020\\\/04\\\/bacwb1-bacoban-langzeitdesinfektion-konzentrat-1-liter.png\",\"width\":1000,\"height\":1000},{\"@type\":\"BreadcrumbList\",\"@id\":\"https:\\\/\\\/www.versiegelung24.com\\\/fi\\\/bacobanin-pitkaeaikainen-pinnan-desinfiointitiiviste.html#breadcrumb\",\"itemListElement\":[{\"@type\":\"ListItem\",\"position\":1,\"name\":\"Kotisivu\",\"item\":\"https:\\\/\\\/www.versiegelung24.com\\\/fi\\\/etupuolella\\\/\"},{\"@type\":\"ListItem\",\"position\":2,\"name\":\"Myym\u00e4l\u00e4\",\"item\":\"https:\\\/\\\/www.versiegelung24.com\\\/fi\\\/myymala-2\\\/\"},{\"@type\":\"ListItem\",\"position\":3,\"name\":\"1 litra BACOBAN\u00ae-tiivistett\u00e4 100 litraan pitk\u00e4aikaista pinnan desinfiointia\"}]},{\"@type\":\"WebSite\",\"@id\":\"https:\\\/\\\/www.versiegelung24.com\\\/fi\\\/#website\",\"url\":\"https:\\\/\\\/www.versiegelung24.com\\\/fi\\\/\",\"name\":\"versiegelung24.com\",\"description\":\"Fl\u00fcssigglas-Versiegelung - Made in Germany\",\"publisher\":{\"@id\":\"https:\\\/\\\/www.versiegelung24.com\\\/fi\\\/#organization\"},\"potentialAction\":[{\"@type\":\"SearchAction\",\"target\":{\"@type\":\"EntryPoint\",\"urlTemplate\":\"https:\\\/\\\/www.versiegelung24.com\\\/fi\\\/?s={search_term_string}\"},\"query-input\":{\"@type\":\"PropertyValueSpecification\",\"valueRequired\":true,\"valueName\":\"search_term_string\"}}],\"inLanguage\":\"fi\"},{\"@type\":\"Organization\",\"@id\":\"https:\\\/\\\/www.versiegelung24.com\\\/fi\\\/#organization\",\"name\":\"versiegelung24\",\"url\":\"https:\\\/\\\/www.versiegelung24.com\\\/fi\\\/\",\"logo\":{\"@type\":\"ImageObject\",\"inLanguage\":\"fi\",\"@id\":\"https:\\\/\\\/www.versiegelung24.com\\\/fi\\\/#\\\/schema\\\/logo\\\/image\\\/\",\"url\":\"https:\\\/\\\/www.versiegelung24.com\\\/wp-content\\\/uploads\\\/2020\\\/04\\\/versiegelung24.png\",\"contentUrl\":\"https:\\\/\\\/www.versiegelung24.com\\\/wp-content\\\/uploads\\\/2020\\\/04\\\/versiegelung24.png\",\"width\":470,\"height\":102,\"caption\":\"versiegelung24\"},\"image\":{\"@id\":\"https:\\\/\\\/www.versiegelung24.com\\\/fi\\\/#\\\/schema\\\/logo\\\/image\\\/\"}}]}<\/script>\n<meta property=\"product:price:amount\" content=\"89.90\" \/>\n<meta property=\"product:price:currency\" content=\"EUR\" \/>\n<meta property=\"og:availability\" content=\"instock\" \/>\n<meta property=\"product:availability\" content=\"instock\" \/>\n<meta property=\"product:retailer_item_id\" content=\"BACWB1D\" \/>\n<meta property=\"product:condition\" content=\"new\" \/>\n<!-- \/ Yoast SEO Premium plugin. -->","yoast_head_json":{"title":"1 litra BACOBAN\u00ae-tiivistett\u00e4 100 litraan pitk\u00e4aikaista pinnan desinfiointia - versiegelung24.com","robots":{"index":"index","follow":"follow","max-snippet":"max-snippet:-1","max-image-preview":"max-image-preview:large","max-video-preview":"max-video-preview:-1"},"canonical":"https:\/\/www.versiegelung24.com\/fi\/bacobanin-pitkaeaikainen-pinnan-desinfiointitiiviste.html","og_locale":"fi_FI","og_type":"article","og_title":"1 litra BACOBAN\u00ae-tiivistett\u00e4 100 litraan pitk\u00e4aikaista pinnan desinfiointia","og_description":"Alkoholiton pintojen desinfiointi ja puhdistus","og_url":"https:\/\/www.versiegelung24.com\/fi\/bacobanin-pitkaeaikainen-pinnan-desinfiointitiiviste.html","og_site_name":"versiegelung24.com","article_modified_time":"2025-01-13T15:35:54+00:00","og_image":[{"width":1000,"height":1000,"url":"https:\/\/www.versiegelung24.com\/wp-content\/uploads\/2020\/04\/bacwb1-bacoban-langzeitdesinfektion-konzentrat-1-liter.png","type":"image\/png"}],"twitter_card":"summary_large_image","twitter_misc":{"Hinta":"89,90&euro;","Saatavuus":"Varastossa"},"schema":{"@context":"https:\/\/schema.org","@graph":[{"@type":"WebPage","@id":"https:\/\/www.versiegelung24.com\/fi\/bacobanin-pitkaeaikainen-pinnan-desinfiointitiiviste.html","url":"https:\/\/www.versiegelung24.com\/fi\/bacobanin-pitkaeaikainen-pinnan-desinfiointitiiviste.html","name":"1 litra BACOBAN\u00ae-tiivistett\u00e4 100 litraan pitk\u00e4aikaista pinnan desinfiointia - versiegelung24.com","isPartOf":{"@id":"https:\/\/www.versiegelung24.com\/fi\/#website"},"primaryImageOfPage":{"@id":"https:\/\/www.versiegelung24.com\/fi\/bacobanin-pitkaeaikainen-pinnan-desinfiointitiiviste.html#primaryimage"},"image":{"@id":"https:\/\/www.versiegelung24.com\/fi\/bacobanin-pitkaeaikainen-pinnan-desinfiointitiiviste.html#primaryimage"},"thumbnailUrl":"https:\/\/www.versiegelung24.com\/wp-content\/uploads\/2020\/04\/bacwb1-bacoban-langzeitdesinfektion-konzentrat-1-liter.png","datePublished":"2021-08-02T19:04:16+00:00","dateModified":"2025-01-13T15:35:54+00:00","breadcrumb":{"@id":"https:\/\/www.versiegelung24.com\/fi\/bacobanin-pitkaeaikainen-pinnan-desinfiointitiiviste.html#breadcrumb"},"inLanguage":"fi","potentialAction":[{"@type":"ReadAction","target":["https:\/\/www.versiegelung24.com\/fi\/bacobanin-pitkaeaikainen-pinnan-desinfiointitiiviste.html"]}]},{"@type":"ImageObject","inLanguage":"fi","@id":"https:\/\/www.versiegelung24.com\/fi\/bacobanin-pitkaeaikainen-pinnan-desinfiointitiiviste.html#primaryimage","url":"https:\/\/www.versiegelung24.com\/wp-content\/uploads\/2020\/04\/bacwb1-bacoban-langzeitdesinfektion-konzentrat-1-liter.png","contentUrl":"https:\/\/www.versiegelung24.com\/wp-content\/uploads\/2020\/04\/bacwb1-bacoban-langzeitdesinfektion-konzentrat-1-liter.png","width":1000,"height":1000},{"@type":"BreadcrumbList","@id":"https:\/\/www.versiegelung24.com\/fi\/bacobanin-pitkaeaikainen-pinnan-desinfiointitiiviste.html#breadcrumb","itemListElement":[{"@type":"ListItem","position":1,"name":"Kotisivu","item":"https:\/\/www.versiegelung24.com\/fi\/etupuolella\/"},{"@type":"ListItem","position":2,"name":"Myym\u00e4l\u00e4","item":"https:\/\/www.versiegelung24.com\/fi\/myymala-2\/"},{"@type":"ListItem","position":3,"name":"1 litra BACOBAN\u00ae-tiivistett\u00e4 100 litraan pitk\u00e4aikaista pinnan desinfiointia"}]},{"@type":"WebSite","@id":"https:\/\/www.versiegelung24.com\/fi\/#website","url":"https:\/\/www.versiegelung24.com\/fi\/","name":"versiegelung24.com","description":"Fl\u00fcssigglas-Versiegelung - Made in Germany","publisher":{"@id":"https:\/\/www.versiegelung24.com\/fi\/#organization"},"potentialAction":[{"@type":"SearchAction","target":{"@type":"EntryPoint","urlTemplate":"https:\/\/www.versiegelung24.com\/fi\/?s={search_term_string}"},"query-input":{"@type":"PropertyValueSpecification","valueRequired":true,"valueName":"search_term_string"}}],"inLanguage":"fi"},{"@type":"Organization","@id":"https:\/\/www.versiegelung24.com\/fi\/#organization","name":"versiegelung24","url":"https:\/\/www.versiegelung24.com\/fi\/","logo":{"@type":"ImageObject","inLanguage":"fi","@id":"https:\/\/www.versiegelung24.com\/fi\/#\/schema\/logo\/image\/","url":"https:\/\/www.versiegelung24.com\/wp-content\/uploads\/2020\/04\/versiegelung24.png","contentUrl":"https:\/\/www.versiegelung24.com\/wp-content\/uploads\/2020\/04\/versiegelung24.png","width":470,"height":102,"caption":"versiegelung24"},"image":{"@id":"https:\/\/www.versiegelung24.com\/fi\/#\/schema\/logo\/image\/"}}]},"product_price_amount":"89.90","product_price_currency":"EUR","og_availability":"instock","product_availability":"instock","product_retailer_item_id":"BACWB1D","product_condition":"new"},"_links":{"self":[{"href":"https:\/\/www.versiegelung24.com\/fi\/wp-json\/wp\/v2\/product\/22842","targetHints":{"allow":["GET"]}}],"collection":[{"href":"https:\/\/www.versiegelung24.com\/fi\/wp-json\/wp\/v2\/product"}],"about":[{"href":"https:\/\/www.versiegelung24.com\/fi\/wp-json\/wp\/v2\/types\/product"}],"version-history":[{"count":17,"href":"https:\/\/www.versiegelung24.com\/fi\/wp-json\/wp\/v2\/product\/22842\/revisions"}],"predecessor-version":[{"id":180477,"href":"https:\/\/www.versiegelung24.com\/fi\/wp-json\/wp\/v2\/product\/22842\/revisions\/180477"}],"wp:featuredmedia":[{"embeddable":true,"href":"https:\/\/www.versiegelung24.com\/fi\/wp-json\/wp\/v2\/media\/21952"}],"wp:attachment":[{"href":"https:\/\/www.versiegelung24.com\/fi\/wp-json\/wp\/v2\/media?parent=22842"}],"wp:term":[{"taxonomy":"product_brand","embeddable":true,"href":"https:\/\/www.versiegelung24.com\/fi\/wp-json\/wp\/v2\/product_brand?post=22842"},{"taxonomy":"product_cat","embeddable":true,"href":"https:\/\/www.versiegelung24.com\/fi\/wp-json\/wp\/v2\/product_cat?post=22842"},{"taxonomy":"product_tag","embeddable":true,"href":"https:\/\/www.versiegelung24.com\/fi\/wp-json\/wp\/v2\/product_tag?post=22842"}],"curies":[{"name":"wp","href":"https:\/\/api.w.org\/{rel}","templated":true}]}}