{"id":22894,"date":"2020-04-04T18:53:18","date_gmt":"2021-08-02T19:06:52","guid":{"rendered":"https:\/\/www.versiegelung24.com\/produkt\/bacoban-pitkaaikaiset-pinnan-desinfiointipyyhkeet-50-kpl-litteassa-pakkauksessa"},"modified":"2025-01-13T16:37:52","modified_gmt":"2025-01-13T15:37:52","slug":"bacoban-pitkan-aikavalin-pintojen-desinfiointiliinat-50-kpl-litteassa-pakkauksessa-kangas-muodossa-180-x-200mm","status":"publish","type":"product","link":"https:\/\/www.versiegelung24.com\/fi\/bacoban-pitkaen-aikavaelin-pintojen-desinfiointiliinat-50-kpl-litteaessae-pakkauksessa-kangas-muodossa-180-x-200mm.html","title":{"rendered":"BACOBAN\u00ae pitk\u00e4aikaiset pinnan desinfiointipyyhkeet, 50 kpl litte\u00e4ss\u00e4 pakkauksessa"},"content":{"rendered":"\n<p>K\u00e4ytt\u00f6valmiit kosteat pyyhkeet alkoholia kest\u00e4vien pintojen desinfiointiin<\/p>\n\n<hr \/>\n\n<h4 class=\"wp-block-heading\" id=\"properties\">Tuotteen ominaisuudet<\/h4>\n\n<div class=\"wp-block-columns is-layout-flex wp-container-core-columns-is-layout-9d6595d7 wp-block-columns-is-layout-flex\">\n<div class=\"wp-block-column is-layout-flow wp-block-column-is-layout-flow\">\n<ul class=\"wp-block-list\">\n<li><br \/>Kest\u00e4v\u00e4 antimikrobinen vaikutus (remanenssivaikutus) jopa 10 p\u00e4iv\u00e4\u00e4n asti.<\/li>\n\n\n\n<li>tehokas koronavirusta vastaan<\/li>\n\n\n\n<li>eritt\u00e4in hyv\u00e4 ihon sietokyky<\/li>\n\n\n\n<li>korkea puhdistusvaikutus<\/li>\n\n\n\n<li>K\u00e4yt\u00e4nn\u00f6n sovellus testattu 4-kentt\u00e4testiss\u00e4<\/li>\n<\/ul>\n<\/div>\n\n\n\n<div class=\"wp-block-column is-layout-flow wp-block-column-is-layout-flow\">\n<h3 class=\"wp-block-heading\" id=\"zusammensetzung\">s\u00e4vellys<\/h3>\n\n\n\n<p>100 g liuosta sis\u00e4lt\u00e4\u00e4:<br \/><br \/>Asetuksen (EY) N:o 648\/2004 mukaiset ainesosat: alle 5 % kationisia pinta-aktiivisia aineita, desinfiointiaine, hajuste. Formaldehydivapaa, fenoliton.<\/p>\n<\/div>\n<\/div>\n\n<hr \/>\n\n<h4 class=\"wp-block-heading\" id=\"application\">Hakemus<\/h4>\n\n<p><strong>Bacoban<\/strong><sup> \u00ae<\/sup><strong> DL<\/strong> on k\u00e4ytt\u00f6valmis vesipohjainen liuos pintojen desinfiointiin ja puhdistukseen, jolla on kest\u00e4v\u00e4, antimikrobinen vaikutus (remanence-vaikutus).<\/p>\n\n<h3 class=\"wp-block-heading\" id=\"gebrauch\">k\u00e4ytt\u00e4\u00e4<\/h3>\n\n<p><strong>Bacoban<\/strong><sup> \u00ae<\/sup><strong> DL<\/strong> Poista k\u00e4ytt\u00f6valmis kangas ja jaa neste tasaisesti pinnalle. Anna sen sitten kuivua. \u00c4l\u00e4 huuhtele tai hankaa kuivaksi.<\/p>\n\n<figure class=\"wp-block-table\"><table><tbody><tr><td>tehokkuutta<\/td><\/tr><tr><td>Testaus DVV \/ RKI -ohjeiden mukaisesti<\/td><td>Altistumisaika<\/td><\/tr><tr><td><br \/>Rajoitetusti viruksentorjuntakykyinen (kuorelliset virukset, mukaan lukien <strong>koronavirus<\/strong>, HIV, HBV, HCV, influenssa, herpes, ebolavirus&#8230;.).<\/td><td>5 min<\/td><\/tr><tr><td>Rotavirus<\/td><td>5 min<\/td><\/tr><tr><td>Norovirus<\/td><td>30 min<\/td><\/tr><tr><td>Papilloomavirus (HPV)<\/td><td>60 min<\/td><\/tr><tr><td>Testaus DGHM -ohjeen mukaan (mekaniikka, suuri kuormitus)<\/td><\/tr><tr><td>bakteereja tappava ja hiivaa tuhoava<\/td><td>5 min<\/td><\/tr><tr><td>EN -standardit<\/td><\/tr><tr><td>EN 1040 (bakterisidinen)<\/td><td>5 min<\/td><\/tr><tr><td>EN 1275 (hiivamyrkky)<\/td><td>5 min<\/td><\/tr><tr><td>EN 1276 (bakterisidinen)<\/td><td>5 min<\/td><\/tr><tr><td>EN 13727 (bakterisidinen)<\/td><td>5 min<\/td><\/tr><tr><td>EN 13624 (hiivamyrkky, fungisidinen)<\/td><td>5 min<\/td><\/tr><tr><td>EN 1650 (hiivamyrkky)<\/td><td>5 min<\/td><\/tr><tr><td>EN 13697 (bakterisidinen)<\/td><td>5 min<\/td><\/tr><tr><td>EN 14561 (bakterisidinen)<\/td><td>60 min<\/td><\/tr><tr><td>EN 14562 (hiivamyrkky)<\/td><td>60 min<\/td><\/tr><tr><td>EN 16615 (bakterisidinen, hiivamyrkytt\u00e4v\u00e4) (4-kentt\u00e4koe)<\/td><td>5 min<\/td><\/tr><\/tbody><\/table><\/figure>\n\n<hr \/>\n\n<h4 class=\"wp-block-heading\" id=\"advisor\">Neuvonantaja<\/h4>\n\n<h3 class=\"wp-block-heading\" id=\"lagerung\">varastointi<\/h3>\n\n<p><strong>Bacoban<\/strong><sup> \u00ae<\/sup><strong> DL<\/strong> S\u00e4ilyt\u00e4 +5 &#8211; + 25 \u00b0 C. Suojaa pakkaselta ja suoralta auringonvalolta.<\/p>\n\n<h3 class=\"wp-block-heading\" id=\"gutachten\">Arviointi<\/h3>\n\n<p>Tuotteitamme on testattu perusteellisesti. Annamme mielell\u00e4mme pyynn\u00f6st\u00e4 mikrobiologisia ja dermatologisia raportteja.<\/p>\n\n<h3 class=\"wp-block-heading\" id=\"sicherheitshinweis\">Turvallisuutta koskeva huomautus<\/h3>\n\n<p>K\u00e4ytt\u00f6turvallisuustiedote saatavilla pyynn\u00f6st\u00e4.<\/p>\n\n<p><br \/>Kest\u00e4v\u00e4 antimikrobinen vaikutus <strong>(remanenssivaikutus)<\/strong> jopa <strong>10 p\u00e4iv\u00e4n<\/strong> ajan (testattu ASTM E 2180 -standardin mukaisesti). Dermatologisesti testattu (epikutaaninen testi 30 koehenkil\u00f6ll\u00e4): eritt\u00e4in hyv\u00e4 ihoyst\u00e4v\u00e4llisyys.<\/p>\n\n<p><strong>T\u00e4rke\u00e4<\/strong> ! Antimikrobinen pysyv\u00e4 vaikutus<strong> Bacoban<\/strong><sup> \u00ae<\/sup><strong> DL<\/strong> ei saa johtaa tarvittavien desinfiointitoimenpiteiden laiminly\u00f6ntiin, jos saastuminen on n\u00e4kyv\u00e4\u00e4 ja \/ tai kyseenalaista!<\/p>\n\n<p><strong>K\u00e4yt\u00e4 desinfiointiaineita huolellisesti. Lue aina etiketti ja tuotetiedot ennen k\u00e4ytt\u00f6\u00e4.<\/strong><\/p>\n\n<p>Biosidirekisterinumero: N-34071 (D), 262\/17 \/ L (Lu), PT2<\/p>\n","protected":false},"excerpt":{"rendered":"<p><strong>K\u00e4ytt\u00f6valmiit kosteat pyyhkeet pintojen desinfiointiin<\/strong><\/p>\n","protected":false},"featured_media":176462,"template":"","meta":{"_acf_changed":false,"neve_meta_sidebar":"","neve_meta_container":"","neve_meta_enable_content_width":"","neve_meta_content_width":0,"neve_meta_title_alignment":"","neve_meta_author_avatar":"","neve_post_elements_order":"","neve_meta_disable_header":"","neve_meta_disable_footer":"","neve_meta_disable_title":"","neve_meta_reading_time":"","_surfaces":[],"_ver_product_tabs":[],"footnotes":""},"product_brand":[],"product_cat":[2278,2281],"product_tag":[],"class_list":{"0":"post-22894","1":"product","2":"type-product","3":"status-publish","4":"has-post-thumbnail","6":"product_cat-desinfiointiaineet","7":"product_cat-pintojen-desinfiointiaineet","9":"first","10":"onbackorder","11":"taxable","12":"shipping-taxable","13":"purchasable","14":"product-type-simple"},"acf":[],"yoast_head":"<!-- This site is optimized with the Yoast SEO Premium plugin v22.8 (Yoast SEO v27.5) - https:\/\/yoast.com\/product\/yoast-seo-premium-wordpress\/ -->\n<title>BACOBAN\u00ae pitk\u00e4aikaiset pinnan desinfiointipyyhkeet, 50 kpl litte\u00e4ss\u00e4 pakkauksessa - versiegelung24.com<\/title>\n<meta name=\"robots\" content=\"index, follow, max-snippet:-1, max-image-preview:large, max-video-preview:-1\" \/>\n<link rel=\"canonical\" href=\"https:\/\/www.versiegelung24.com\/fi\/bacoban-pitkaen-aikavaelin-pintojen-desinfiointiliinat-50-kpl-litteaessae-pakkauksessa-kangas-muodossa-180-x-200mm.html\" \/>\n<meta property=\"og:locale\" content=\"fi_FI\" \/>\n<meta property=\"og:type\" content=\"article\" \/>\n<meta property=\"og:title\" content=\"BACOBAN\u00ae pitk\u00e4aikaiset pinnan desinfiointipyyhkeet, 50 kpl litte\u00e4ss\u00e4 pakkauksessa\" \/>\n<meta property=\"og:description\" content=\"K\u00e4ytt\u00f6valmiit kosteat pyyhkeet pintojen desinfiointiin\" \/>\n<meta property=\"og:url\" content=\"https:\/\/www.versiegelung24.com\/fi\/bacoban-pitkaen-aikavaelin-pintojen-desinfiointiliinat-50-kpl-litteaessae-pakkauksessa-kangas-muodossa-180-x-200mm.html\" \/>\n<meta property=\"og:site_name\" content=\"versiegelung24.com\" \/>\n<meta property=\"article:modified_time\" content=\"2025-01-13T15:37:52+00:00\" \/>\n<meta property=\"og:image\" content=\"https:\/\/www.versiegelung24.com\/wp-content\/uploads\/2020\/04\/bacotue-produktbild-schraeg.webp\" \/>\n\t<meta property=\"og:image:width\" content=\"2000\" \/>\n\t<meta property=\"og:image:height\" content=\"2000\" \/>\n\t<meta property=\"og:image:type\" content=\"image\/webp\" \/>\n<meta name=\"twitter:card\" content=\"summary_large_image\" \/>\n<meta name=\"twitter:label1\" content=\"Hinta\" \/>\n\t<meta name=\"twitter:data1\" content=\"7,79&euro;\" \/>\n\t<meta name=\"twitter:label2\" content=\"Saatavuus\" \/>\n\t<meta name=\"twitter:data2\" content=\"J\u00e4lkitoimituksessa\" \/>\n<script type=\"application\/ld+json\" class=\"yoast-schema-graph\">{\"@context\":\"https:\\\/\\\/schema.org\",\"@graph\":[{\"@type\":\"WebPage\",\"@id\":\"https:\\\/\\\/www.versiegelung24.com\\\/fi\\\/bacoban-pitkaen-aikavaelin-pintojen-desinfiointiliinat-50-kpl-litteaessae-pakkauksessa-kangas-muodossa-180-x-200mm.html\",\"url\":\"https:\\\/\\\/www.versiegelung24.com\\\/fi\\\/bacoban-pitkaen-aikavaelin-pintojen-desinfiointiliinat-50-kpl-litteaessae-pakkauksessa-kangas-muodossa-180-x-200mm.html\",\"name\":\"BACOBAN\u00ae pitk\u00e4aikaiset pinnan desinfiointipyyhkeet, 50 kpl litte\u00e4ss\u00e4 pakkauksessa - versiegelung24.com\",\"isPartOf\":{\"@id\":\"https:\\\/\\\/www.versiegelung24.com\\\/fi\\\/#website\"},\"primaryImageOfPage\":{\"@id\":\"https:\\\/\\\/www.versiegelung24.com\\\/fi\\\/bacoban-pitkaen-aikavaelin-pintojen-desinfiointiliinat-50-kpl-litteaessae-pakkauksessa-kangas-muodossa-180-x-200mm.html#primaryimage\"},\"image\":{\"@id\":\"https:\\\/\\\/www.versiegelung24.com\\\/fi\\\/bacoban-pitkaen-aikavaelin-pintojen-desinfiointiliinat-50-kpl-litteaessae-pakkauksessa-kangas-muodossa-180-x-200mm.html#primaryimage\"},\"thumbnailUrl\":\"https:\\\/\\\/www.versiegelung24.com\\\/wp-content\\\/uploads\\\/2020\\\/04\\\/bacotue-produktbild-schraeg.webp\",\"datePublished\":\"2021-08-02T19:06:52+00:00\",\"dateModified\":\"2025-01-13T15:37:52+00:00\",\"breadcrumb\":{\"@id\":\"https:\\\/\\\/www.versiegelung24.com\\\/fi\\\/bacoban-pitkaen-aikavaelin-pintojen-desinfiointiliinat-50-kpl-litteaessae-pakkauksessa-kangas-muodossa-180-x-200mm.html#breadcrumb\"},\"inLanguage\":\"fi\",\"potentialAction\":[{\"@type\":\"ReadAction\",\"target\":[\"https:\\\/\\\/www.versiegelung24.com\\\/fi\\\/bacoban-pitkaen-aikavaelin-pintojen-desinfiointiliinat-50-kpl-litteaessae-pakkauksessa-kangas-muodossa-180-x-200mm.html\"]}]},{\"@type\":\"ImageObject\",\"inLanguage\":\"fi\",\"@id\":\"https:\\\/\\\/www.versiegelung24.com\\\/fi\\\/bacoban-pitkaen-aikavaelin-pintojen-desinfiointiliinat-50-kpl-litteaessae-pakkauksessa-kangas-muodossa-180-x-200mm.html#primaryimage\",\"url\":\"https:\\\/\\\/www.versiegelung24.com\\\/wp-content\\\/uploads\\\/2020\\\/04\\\/bacotue-produktbild-schraeg.webp\",\"contentUrl\":\"https:\\\/\\\/www.versiegelung24.com\\\/wp-content\\\/uploads\\\/2020\\\/04\\\/bacotue-produktbild-schraeg.webp\",\"width\":2000,\"height\":2000},{\"@type\":\"BreadcrumbList\",\"@id\":\"https:\\\/\\\/www.versiegelung24.com\\\/fi\\\/bacoban-pitkaen-aikavaelin-pintojen-desinfiointiliinat-50-kpl-litteaessae-pakkauksessa-kangas-muodossa-180-x-200mm.html#breadcrumb\",\"itemListElement\":[{\"@type\":\"ListItem\",\"position\":1,\"name\":\"Kotisivu\",\"item\":\"https:\\\/\\\/www.versiegelung24.com\\\/fi\\\/etupuolella\\\/\"},{\"@type\":\"ListItem\",\"position\":2,\"name\":\"Myym\u00e4l\u00e4\",\"item\":\"https:\\\/\\\/www.versiegelung24.com\\\/fi\\\/myymala-2\\\/\"},{\"@type\":\"ListItem\",\"position\":3,\"name\":\"BACOBAN\u00ae pitk\u00e4aikaiset pinnan desinfiointipyyhkeet, 50 kpl litte\u00e4ss\u00e4 pakkauksessa\"}]},{\"@type\":\"WebSite\",\"@id\":\"https:\\\/\\\/www.versiegelung24.com\\\/fi\\\/#website\",\"url\":\"https:\\\/\\\/www.versiegelung24.com\\\/fi\\\/\",\"name\":\"versiegelung24.com\",\"description\":\"Fl\u00fcssigglas-Versiegelung - Made in Germany\",\"publisher\":{\"@id\":\"https:\\\/\\\/www.versiegelung24.com\\\/fi\\\/#organization\"},\"potentialAction\":[{\"@type\":\"SearchAction\",\"target\":{\"@type\":\"EntryPoint\",\"urlTemplate\":\"https:\\\/\\\/www.versiegelung24.com\\\/fi\\\/?s={search_term_string}\"},\"query-input\":{\"@type\":\"PropertyValueSpecification\",\"valueRequired\":true,\"valueName\":\"search_term_string\"}}],\"inLanguage\":\"fi\"},{\"@type\":\"Organization\",\"@id\":\"https:\\\/\\\/www.versiegelung24.com\\\/fi\\\/#organization\",\"name\":\"versiegelung24\",\"url\":\"https:\\\/\\\/www.versiegelung24.com\\\/fi\\\/\",\"logo\":{\"@type\":\"ImageObject\",\"inLanguage\":\"fi\",\"@id\":\"https:\\\/\\\/www.versiegelung24.com\\\/fi\\\/#\\\/schema\\\/logo\\\/image\\\/\",\"url\":\"https:\\\/\\\/www.versiegelung24.com\\\/wp-content\\\/uploads\\\/2020\\\/04\\\/versiegelung24.png\",\"contentUrl\":\"https:\\\/\\\/www.versiegelung24.com\\\/wp-content\\\/uploads\\\/2020\\\/04\\\/versiegelung24.png\",\"width\":470,\"height\":102,\"caption\":\"versiegelung24\"},\"image\":{\"@id\":\"https:\\\/\\\/www.versiegelung24.com\\\/fi\\\/#\\\/schema\\\/logo\\\/image\\\/\"}}]}<\/script>\n<meta property=\"product:price:amount\" content=\"7.79\" \/>\n<meta property=\"product:price:currency\" content=\"EUR\" \/>\n<meta property=\"og:availability\" content=\"backorder\" \/>\n<meta property=\"product:availability\" content=\"available for order\" \/>\n<meta property=\"product:retailer_item_id\" content=\"BACTUE\" \/>\n<meta property=\"product:condition\" content=\"new\" \/>\n<!-- \/ Yoast SEO Premium plugin. -->","yoast_head_json":{"title":"BACOBAN\u00ae pitk\u00e4aikaiset pinnan desinfiointipyyhkeet, 50 kpl litte\u00e4ss\u00e4 pakkauksessa - versiegelung24.com","robots":{"index":"index","follow":"follow","max-snippet":"max-snippet:-1","max-image-preview":"max-image-preview:large","max-video-preview":"max-video-preview:-1"},"canonical":"https:\/\/www.versiegelung24.com\/fi\/bacoban-pitkaen-aikavaelin-pintojen-desinfiointiliinat-50-kpl-litteaessae-pakkauksessa-kangas-muodossa-180-x-200mm.html","og_locale":"fi_FI","og_type":"article","og_title":"BACOBAN\u00ae pitk\u00e4aikaiset pinnan desinfiointipyyhkeet, 50 kpl litte\u00e4ss\u00e4 pakkauksessa","og_description":"K\u00e4ytt\u00f6valmiit kosteat pyyhkeet pintojen desinfiointiin","og_url":"https:\/\/www.versiegelung24.com\/fi\/bacoban-pitkaen-aikavaelin-pintojen-desinfiointiliinat-50-kpl-litteaessae-pakkauksessa-kangas-muodossa-180-x-200mm.html","og_site_name":"versiegelung24.com","article_modified_time":"2025-01-13T15:37:52+00:00","og_image":[{"width":2000,"height":2000,"url":"https:\/\/www.versiegelung24.com\/wp-content\/uploads\/2020\/04\/bacotue-produktbild-schraeg.webp","type":"image\/webp"}],"twitter_card":"summary_large_image","twitter_misc":{"Hinta":"7,79&euro;","Saatavuus":"J\u00e4lkitoimituksessa"},"schema":{"@context":"https:\/\/schema.org","@graph":[{"@type":"WebPage","@id":"https:\/\/www.versiegelung24.com\/fi\/bacoban-pitkaen-aikavaelin-pintojen-desinfiointiliinat-50-kpl-litteaessae-pakkauksessa-kangas-muodossa-180-x-200mm.html","url":"https:\/\/www.versiegelung24.com\/fi\/bacoban-pitkaen-aikavaelin-pintojen-desinfiointiliinat-50-kpl-litteaessae-pakkauksessa-kangas-muodossa-180-x-200mm.html","name":"BACOBAN\u00ae pitk\u00e4aikaiset pinnan desinfiointipyyhkeet, 50 kpl litte\u00e4ss\u00e4 pakkauksessa - versiegelung24.com","isPartOf":{"@id":"https:\/\/www.versiegelung24.com\/fi\/#website"},"primaryImageOfPage":{"@id":"https:\/\/www.versiegelung24.com\/fi\/bacoban-pitkaen-aikavaelin-pintojen-desinfiointiliinat-50-kpl-litteaessae-pakkauksessa-kangas-muodossa-180-x-200mm.html#primaryimage"},"image":{"@id":"https:\/\/www.versiegelung24.com\/fi\/bacoban-pitkaen-aikavaelin-pintojen-desinfiointiliinat-50-kpl-litteaessae-pakkauksessa-kangas-muodossa-180-x-200mm.html#primaryimage"},"thumbnailUrl":"https:\/\/www.versiegelung24.com\/wp-content\/uploads\/2020\/04\/bacotue-produktbild-schraeg.webp","datePublished":"2021-08-02T19:06:52+00:00","dateModified":"2025-01-13T15:37:52+00:00","breadcrumb":{"@id":"https:\/\/www.versiegelung24.com\/fi\/bacoban-pitkaen-aikavaelin-pintojen-desinfiointiliinat-50-kpl-litteaessae-pakkauksessa-kangas-muodossa-180-x-200mm.html#breadcrumb"},"inLanguage":"fi","potentialAction":[{"@type":"ReadAction","target":["https:\/\/www.versiegelung24.com\/fi\/bacoban-pitkaen-aikavaelin-pintojen-desinfiointiliinat-50-kpl-litteaessae-pakkauksessa-kangas-muodossa-180-x-200mm.html"]}]},{"@type":"ImageObject","inLanguage":"fi","@id":"https:\/\/www.versiegelung24.com\/fi\/bacoban-pitkaen-aikavaelin-pintojen-desinfiointiliinat-50-kpl-litteaessae-pakkauksessa-kangas-muodossa-180-x-200mm.html#primaryimage","url":"https:\/\/www.versiegelung24.com\/wp-content\/uploads\/2020\/04\/bacotue-produktbild-schraeg.webp","contentUrl":"https:\/\/www.versiegelung24.com\/wp-content\/uploads\/2020\/04\/bacotue-produktbild-schraeg.webp","width":2000,"height":2000},{"@type":"BreadcrumbList","@id":"https:\/\/www.versiegelung24.com\/fi\/bacoban-pitkaen-aikavaelin-pintojen-desinfiointiliinat-50-kpl-litteaessae-pakkauksessa-kangas-muodossa-180-x-200mm.html#breadcrumb","itemListElement":[{"@type":"ListItem","position":1,"name":"Kotisivu","item":"https:\/\/www.versiegelung24.com\/fi\/etupuolella\/"},{"@type":"ListItem","position":2,"name":"Myym\u00e4l\u00e4","item":"https:\/\/www.versiegelung24.com\/fi\/myymala-2\/"},{"@type":"ListItem","position":3,"name":"BACOBAN\u00ae pitk\u00e4aikaiset pinnan desinfiointipyyhkeet, 50 kpl litte\u00e4ss\u00e4 pakkauksessa"}]},{"@type":"WebSite","@id":"https:\/\/www.versiegelung24.com\/fi\/#website","url":"https:\/\/www.versiegelung24.com\/fi\/","name":"versiegelung24.com","description":"Fl\u00fcssigglas-Versiegelung - Made in Germany","publisher":{"@id":"https:\/\/www.versiegelung24.com\/fi\/#organization"},"potentialAction":[{"@type":"SearchAction","target":{"@type":"EntryPoint","urlTemplate":"https:\/\/www.versiegelung24.com\/fi\/?s={search_term_string}"},"query-input":{"@type":"PropertyValueSpecification","valueRequired":true,"valueName":"search_term_string"}}],"inLanguage":"fi"},{"@type":"Organization","@id":"https:\/\/www.versiegelung24.com\/fi\/#organization","name":"versiegelung24","url":"https:\/\/www.versiegelung24.com\/fi\/","logo":{"@type":"ImageObject","inLanguage":"fi","@id":"https:\/\/www.versiegelung24.com\/fi\/#\/schema\/logo\/image\/","url":"https:\/\/www.versiegelung24.com\/wp-content\/uploads\/2020\/04\/versiegelung24.png","contentUrl":"https:\/\/www.versiegelung24.com\/wp-content\/uploads\/2020\/04\/versiegelung24.png","width":470,"height":102,"caption":"versiegelung24"},"image":{"@id":"https:\/\/www.versiegelung24.com\/fi\/#\/schema\/logo\/image\/"}}]},"product_price_amount":"7.79","product_price_currency":"EUR","og_availability":"backorder","product_availability":"available for order","product_retailer_item_id":"BACTUE","product_condition":"new"},"_links":{"self":[{"href":"https:\/\/www.versiegelung24.com\/fi\/wp-json\/wp\/v2\/product\/22894","targetHints":{"allow":["GET"]}}],"collection":[{"href":"https:\/\/www.versiegelung24.com\/fi\/wp-json\/wp\/v2\/product"}],"about":[{"href":"https:\/\/www.versiegelung24.com\/fi\/wp-json\/wp\/v2\/types\/product"}],"version-history":[{"count":15,"href":"https:\/\/www.versiegelung24.com\/fi\/wp-json\/wp\/v2\/product\/22894\/revisions"}],"predecessor-version":[{"id":180558,"href":"https:\/\/www.versiegelung24.com\/fi\/wp-json\/wp\/v2\/product\/22894\/revisions\/180558"}],"wp:featuredmedia":[{"embeddable":true,"href":"https:\/\/www.versiegelung24.com\/fi\/wp-json\/wp\/v2\/media\/176462"}],"wp:attachment":[{"href":"https:\/\/www.versiegelung24.com\/fi\/wp-json\/wp\/v2\/media?parent=22894"}],"wp:term":[{"taxonomy":"product_brand","embeddable":true,"href":"https:\/\/www.versiegelung24.com\/fi\/wp-json\/wp\/v2\/product_brand?post=22894"},{"taxonomy":"product_cat","embeddable":true,"href":"https:\/\/www.versiegelung24.com\/fi\/wp-json\/wp\/v2\/product_cat?post=22894"},{"taxonomy":"product_tag","embeddable":true,"href":"https:\/\/www.versiegelung24.com\/fi\/wp-json\/wp\/v2\/product_tag?post=22894"}],"curies":[{"name":"wp","href":"https:\/\/api.w.org\/{rel}","templated":true}]}}