{"id":22929,"date":"2020-04-04T18:53:11","date_gmt":"2021-08-02T19:08:18","guid":{"rendered":"https:\/\/www.versiegelung24.com\/produkt\/tekstiilitiiviste-ammattimaista-laatua"},"modified":"2025-01-03T23:26:50","modified_gmt":"2025-01-03T22:26:50","slug":"tekstiilitiiviste-ammattimaista-laatua","status":"publish","type":"product","link":"https:\/\/www.versiegelung24.com\/fi\/tekstiilitiiviste-ammattimaista-laatua.html","title":{"rendered":"Rapid Tex &#8211; tekstiilitiivistys ammattilaatuisesti"},"content":{"rendered":"\n<p><strong>Ammattimainen tekstiilitiiviste lotusefektill\u00e4 (vett\u00e4 hylkiv\u00e4) sis\u00e4- ja ulkok\u00e4ytt\u00f6\u00f6n<\/strong><\/p>\n\n<p>Korkealaatuinen Valmistettu Saksassa.<\/p>\n\n<hr\/>\n\n<h4 class=\"wp-block-heading\" id=\"properties\">Tuotteen ominaisuudet<\/h4>\n\n<div class=\"wp-block-columns is-layout-flex wp-container-core-columns-is-layout-9d6595d7 wp-block-columns-is-layout-flex\">\n<div class=\"wp-block-column is-layout-flow wp-block-column-is-layout-flow\">\n<ul class=\"wp-block-list\">\n<li>Voimakas hydrofobinen ja oleofobinen vaikutus (vett\u00e4 ja \u00f6ljy\u00e4 hylkiv\u00e4)<\/li>\n\n\n\n<li>Erinomainen helposti puhdistettava vaikutus<\/li>\n\n\n\n<li>Ep\u00e4puhtaudet voidaan poistaa helposti kostealla liinalla<\/li>\n\n\n\n<li>Hengitt\u00e4v\u00e4<\/li>\n\n\n\n<li>N\u00e4kym\u00e4t\u00f6n (ulkon\u00e4k\u00f6 ja tuntuma eiv\u00e4t muutu)<\/li>\n\n\n\n<li>Vahvat tarttumattomat ominaisuudet<\/li>\n\n\n\n<li>Suoja tahroja vastaan<\/li>\n\n\n\n<li>V\u00e4hent\u00e4\u00e4 kemiallisten puhdistusaineiden k\u00e4ytt\u00f6\u00e4<\/li>\n<\/ul>\n<\/div>\n\n\n\n<div class=\"wp-block-column is-layout-flow wp-block-column-is-layout-flow\">\n<ul id=\"block-f0be9b0c-a029-4c3c-a6e1-740fba50b471\" class=\"wp-block-list\">\n<li>Lis\u00e4\u00e4 kulutuksenkest\u00e4vyytt\u00e4<\/li>\n\n\n\n<li>Ei ulkon\u00e4\u00f6n heikkenemist\u00e4<\/li>\n\n\n\n<li>SiO\u00b2 -nanotekniikka<\/li>\n\n\n\n<li>Kuitujen suojaaminen likahiukkasten tunkeutumiselta<\/li>\n\n\n\n<li>Yksinkertainen sovellus<\/li>\n\n\n\n<li>Pitk\u00e4 s\u00e4ilyvyys mekaanisesta rasituksesta riippuen<\/li>\n<\/ul>\n\n\n\n<p><br\/><br\/>Toimituksen sis\u00e4lt\u00f6: 1 x litran pullo 1 x pumppusumutin 1 x pumppusumutin<br\/><\/p>\n<\/div>\n<\/div>\n\n<hr\/>\n\n<h4 class=\"wp-block-heading\" id=\"application\">Hakemus<\/h4>\n\n<div class=\"wp-block-columns is-layout-flex wp-container-core-columns-is-layout-9d6595d7 wp-block-columns-is-layout-flex\">\n<div class=\"wp-block-column is-layout-flow wp-block-column-is-layout-flow\">\n<ul class=\"wp-block-list\">\n<li>vaatetus<\/li>\n\n\n\n<li>Kodintekstiilit (verhoilu, huonekalut, matot)<\/li>\n\n\n\n<li>Mokkanahka \/ nahka<\/li>\n\n\n\n<li>Paperipakkaus<\/li>\n<\/ul>\n\n\n\n<p>Kulutus riippuu suuresti pinnoitettavan materiaalin rakenteesta, imukyvyst\u00e4 ja paksuudesta, noin 10-50 m\u00b2 \/ litra (noin 10 ml \/ m\u00b2 \/ mm paksuus imukyvyst\u00e4 riippuen).<\/p>\n<\/div>\n\n\n\n<div class=\"wp-block-column is-layout-flow wp-block-column-is-layout-flow\">\n<p><em>Huomio: Tiiviste on kehitetty tekstiileille, joita ei pest\u00e4\u00e4n koskaan tai harvoin. S\u00e4\u00e4nn\u00f6llisesti pestyjen vaatteiden tiiviste kest\u00e4\u00e4 jopa 5 pesua, enint\u00e4\u00e4n 30 \u00b0 C ja pesu vain vedell\u00e4, ilman pesuainetta.<\/em><\/p>\n\n\n\n<p><br\/><br\/>Helppo levitt\u00e4\u00e4: 1. Suihkuta puhtaalle pinnalle. 3. Anna kuivua ja imeyty\u00e4 12 tuntia &#8211; valmis<\/p>\n\n\n\n<p>Kest\u00e4vyys: 1-5 vuotta (tekstiilist\u00e4 riippuen).<\/p>\n<\/div>\n<\/div>\n\n<p><strong>Sopii:<\/strong><br\/>Pehmustetut huonekalut, patjat, kangasp\u00e4\u00e4llysteet, auton istuimet, teltat, vapaa-ajan ja ty\u00f6vaatteet, puvut, paidat\/puserot, solmiot, markiisit, kodintekstiilit, takit, mokkanahka (vain jos sit\u00e4 ei ole aiemmin pinnoitettu), seikkailuvaatteet, salkut, anorakit, Puku, autokatos, puuvilla, verhot, kangask\u00e4sineet, tekstiilikaihtimet, lastenistuimet, lastenvaunut, tyynyt, kangaspuvut, kangaslistat, nappanahka, takit, hatut, pehmolelut, reput, takit, silkki, aurinkovarjot, kangaslelut, p\u00f6yt\u00e4liinat ja paljon muuta.<\/p>\n","protected":false},"excerpt":{"rendered":"<p><strong>Ammattimainen tekstiilitiivistys:<\/strong><\/p>\n<p>\u2713 Lootusvaikutelma (vett\u00e4 hylkiv\u00e4)<\/p>\n<p>\u2713 Sis\u00e4- ja ulkok\u00e4ytt\u00f6\u00f6n<\/p>\n","protected":false},"featured_media":125349,"template":"","meta":{"_acf_changed":false,"neve_meta_sidebar":"","neve_meta_container":"","neve_meta_enable_content_width":"","neve_meta_content_width":0,"neve_meta_title_alignment":"","neve_meta_author_avatar":"","neve_post_elements_order":"","neve_meta_disable_header":"","neve_meta_disable_footer":"","neve_meta_disable_title":"","neve_meta_reading_time":"","_surfaces":[],"_ver_product_tabs":[],"footnotes":""},"product_brand":[],"product_cat":[2406],"product_tag":[],"class_list":{"0":"post-22929","1":"product","2":"type-product","3":"status-publish","4":"has-post-thumbnail","6":"product_cat-nahka-ja-tekstiilitiiviste","8":"first","9":"instock","10":"taxable","11":"shipping-taxable","12":"purchasable","13":"product-type-simple"},"acf":[],"yoast_head":"<!-- This site is optimized with the Yoast SEO Premium plugin v22.8 (Yoast SEO v27.4) - https:\/\/yoast.com\/product\/yoast-seo-premium-wordpress\/ -->\n<title>Rapid Tex - tekstiilitiivistys ammattilaatuisesti - versiegelung24.com<\/title>\n<meta name=\"robots\" content=\"index, follow, max-snippet:-1, max-image-preview:large, max-video-preview:-1\" \/>\n<link rel=\"canonical\" href=\"https:\/\/www.versiegelung24.com\/fi\/tekstiilitiiviste-ammattimaista-laatua.html\" \/>\n<meta property=\"og:locale\" content=\"fi_FI\" \/>\n<meta property=\"og:type\" content=\"article\" \/>\n<meta property=\"og:title\" content=\"Rapid Tex - tekstiilitiivistys ammattilaatuisesti\" \/>\n<meta property=\"og:description\" content=\"Ammattimainen tekstiilitiivistys: \u2713 Lootusvaikutelma (vett\u00e4 hylkiv\u00e4) \u2713 Sis\u00e4- ja ulkok\u00e4ytt\u00f6\u00f6n\" \/>\n<meta property=\"og:url\" content=\"https:\/\/www.versiegelung24.com\/fi\/tekstiilitiiviste-ammattimaista-laatua.html\" \/>\n<meta property=\"og:site_name\" content=\"versiegelung24.com\" \/>\n<meta property=\"article:modified_time\" content=\"2025-01-03T22:26:50+00:00\" \/>\n<meta property=\"og:image\" content=\"https:\/\/www.versiegelung24.com\/wp-content\/uploads\/2020\/04\/produkt-6000-689-1000-rapid-tex-Textilversiegelung-scaled.webp\" \/>\n\t<meta property=\"og:image:width\" content=\"2560\" \/>\n\t<meta property=\"og:image:height\" content=\"2560\" \/>\n\t<meta property=\"og:image:type\" content=\"image\/webp\" \/>\n<meta name=\"twitter:card\" content=\"summary_large_image\" \/>\n<meta name=\"twitter:label1\" content=\"Hinta\" \/>\n\t<meta name=\"twitter:data1\" content=\"49,00&euro;\" \/>\n\t<meta name=\"twitter:label2\" content=\"Saatavuus\" \/>\n\t<meta name=\"twitter:data2\" content=\"Varastossa\" \/>\n<script type=\"application\/ld+json\" class=\"yoast-schema-graph\">{\"@context\":\"https:\\\/\\\/schema.org\",\"@graph\":[{\"@type\":\"WebPage\",\"@id\":\"https:\\\/\\\/www.versiegelung24.com\\\/fi\\\/tekstiilitiiviste-ammattimaista-laatua.html\",\"url\":\"https:\\\/\\\/www.versiegelung24.com\\\/fi\\\/tekstiilitiiviste-ammattimaista-laatua.html\",\"name\":\"Rapid Tex - tekstiilitiivistys ammattilaatuisesti - versiegelung24.com\",\"isPartOf\":{\"@id\":\"https:\\\/\\\/www.versiegelung24.com\\\/fi\\\/#website\"},\"primaryImageOfPage\":{\"@id\":\"https:\\\/\\\/www.versiegelung24.com\\\/fi\\\/tekstiilitiiviste-ammattimaista-laatua.html#primaryimage\"},\"image\":{\"@id\":\"https:\\\/\\\/www.versiegelung24.com\\\/fi\\\/tekstiilitiiviste-ammattimaista-laatua.html#primaryimage\"},\"thumbnailUrl\":\"https:\\\/\\\/www.versiegelung24.com\\\/wp-content\\\/uploads\\\/2020\\\/04\\\/produkt-6000-689-1000-rapid-tex-Textilversiegelung-scaled.webp\",\"datePublished\":\"2021-08-02T19:08:18+00:00\",\"dateModified\":\"2025-01-03T22:26:50+00:00\",\"breadcrumb\":{\"@id\":\"https:\\\/\\\/www.versiegelung24.com\\\/fi\\\/tekstiilitiiviste-ammattimaista-laatua.html#breadcrumb\"},\"inLanguage\":\"fi\",\"potentialAction\":[{\"@type\":\"ReadAction\",\"target\":[\"https:\\\/\\\/www.versiegelung24.com\\\/fi\\\/tekstiilitiiviste-ammattimaista-laatua.html\"]}]},{\"@type\":\"ImageObject\",\"inLanguage\":\"fi\",\"@id\":\"https:\\\/\\\/www.versiegelung24.com\\\/fi\\\/tekstiilitiiviste-ammattimaista-laatua.html#primaryimage\",\"url\":\"https:\\\/\\\/www.versiegelung24.com\\\/wp-content\\\/uploads\\\/2020\\\/04\\\/produkt-6000-689-1000-rapid-tex-Textilversiegelung-scaled.webp\",\"contentUrl\":\"https:\\\/\\\/www.versiegelung24.com\\\/wp-content\\\/uploads\\\/2020\\\/04\\\/produkt-6000-689-1000-rapid-tex-Textilversiegelung-scaled.webp\",\"width\":2560,\"height\":2560},{\"@type\":\"BreadcrumbList\",\"@id\":\"https:\\\/\\\/www.versiegelung24.com\\\/fi\\\/tekstiilitiiviste-ammattimaista-laatua.html#breadcrumb\",\"itemListElement\":[{\"@type\":\"ListItem\",\"position\":1,\"name\":\"Kotisivu\",\"item\":\"https:\\\/\\\/www.versiegelung24.com\\\/fi\\\/etupuolella\\\/\"},{\"@type\":\"ListItem\",\"position\":2,\"name\":\"Myym\u00e4l\u00e4\",\"item\":\"https:\\\/\\\/www.versiegelung24.com\\\/fi\\\/myymala-2\\\/\"},{\"@type\":\"ListItem\",\"position\":3,\"name\":\"Rapid Tex &#8211; tekstiilitiivistys ammattilaatuisesti\"}]},{\"@type\":\"WebSite\",\"@id\":\"https:\\\/\\\/www.versiegelung24.com\\\/fi\\\/#website\",\"url\":\"https:\\\/\\\/www.versiegelung24.com\\\/fi\\\/\",\"name\":\"versiegelung24.com\",\"description\":\"Fl\u00fcssigglas-Versiegelung - Made in Germany\",\"publisher\":{\"@id\":\"https:\\\/\\\/www.versiegelung24.com\\\/fi\\\/#organization\"},\"potentialAction\":[{\"@type\":\"SearchAction\",\"target\":{\"@type\":\"EntryPoint\",\"urlTemplate\":\"https:\\\/\\\/www.versiegelung24.com\\\/fi\\\/?s={search_term_string}\"},\"query-input\":{\"@type\":\"PropertyValueSpecification\",\"valueRequired\":true,\"valueName\":\"search_term_string\"}}],\"inLanguage\":\"fi\"},{\"@type\":\"Organization\",\"@id\":\"https:\\\/\\\/www.versiegelung24.com\\\/fi\\\/#organization\",\"name\":\"versiegelung24\",\"url\":\"https:\\\/\\\/www.versiegelung24.com\\\/fi\\\/\",\"logo\":{\"@type\":\"ImageObject\",\"inLanguage\":\"fi\",\"@id\":\"https:\\\/\\\/www.versiegelung24.com\\\/fi\\\/#\\\/schema\\\/logo\\\/image\\\/\",\"url\":\"https:\\\/\\\/www.versiegelung24.com\\\/wp-content\\\/uploads\\\/2020\\\/04\\\/versiegelung24.png\",\"contentUrl\":\"https:\\\/\\\/www.versiegelung24.com\\\/wp-content\\\/uploads\\\/2020\\\/04\\\/versiegelung24.png\",\"width\":470,\"height\":102,\"caption\":\"versiegelung24\"},\"image\":{\"@id\":\"https:\\\/\\\/www.versiegelung24.com\\\/fi\\\/#\\\/schema\\\/logo\\\/image\\\/\"}}]}<\/script>\n<meta property=\"product:price:amount\" content=\"49.00\" \/>\n<meta property=\"product:price:currency\" content=\"EUR\" \/>\n<meta property=\"og:availability\" content=\"instock\" \/>\n<meta property=\"product:availability\" content=\"instock\" \/>\n<meta property=\"product:retailer_item_id\" content=\"6000-689-1000\" \/>\n<meta property=\"product:condition\" content=\"new\" \/>\n<!-- \/ Yoast SEO Premium plugin. -->","yoast_head_json":{"title":"Rapid Tex - tekstiilitiivistys ammattilaatuisesti - versiegelung24.com","robots":{"index":"index","follow":"follow","max-snippet":"max-snippet:-1","max-image-preview":"max-image-preview:large","max-video-preview":"max-video-preview:-1"},"canonical":"https:\/\/www.versiegelung24.com\/fi\/tekstiilitiiviste-ammattimaista-laatua.html","og_locale":"fi_FI","og_type":"article","og_title":"Rapid Tex - tekstiilitiivistys ammattilaatuisesti","og_description":"Ammattimainen tekstiilitiivistys: \u2713 Lootusvaikutelma (vett\u00e4 hylkiv\u00e4) \u2713 Sis\u00e4- ja ulkok\u00e4ytt\u00f6\u00f6n","og_url":"https:\/\/www.versiegelung24.com\/fi\/tekstiilitiiviste-ammattimaista-laatua.html","og_site_name":"versiegelung24.com","article_modified_time":"2025-01-03T22:26:50+00:00","og_image":[{"width":2560,"height":2560,"url":"https:\/\/www.versiegelung24.com\/wp-content\/uploads\/2020\/04\/produkt-6000-689-1000-rapid-tex-Textilversiegelung-scaled.webp","type":"image\/webp"}],"twitter_card":"summary_large_image","twitter_misc":{"Hinta":"49,00&euro;","Saatavuus":"Varastossa"},"schema":{"@context":"https:\/\/schema.org","@graph":[{"@type":"WebPage","@id":"https:\/\/www.versiegelung24.com\/fi\/tekstiilitiiviste-ammattimaista-laatua.html","url":"https:\/\/www.versiegelung24.com\/fi\/tekstiilitiiviste-ammattimaista-laatua.html","name":"Rapid Tex - tekstiilitiivistys ammattilaatuisesti - versiegelung24.com","isPartOf":{"@id":"https:\/\/www.versiegelung24.com\/fi\/#website"},"primaryImageOfPage":{"@id":"https:\/\/www.versiegelung24.com\/fi\/tekstiilitiiviste-ammattimaista-laatua.html#primaryimage"},"image":{"@id":"https:\/\/www.versiegelung24.com\/fi\/tekstiilitiiviste-ammattimaista-laatua.html#primaryimage"},"thumbnailUrl":"https:\/\/www.versiegelung24.com\/wp-content\/uploads\/2020\/04\/produkt-6000-689-1000-rapid-tex-Textilversiegelung-scaled.webp","datePublished":"2021-08-02T19:08:18+00:00","dateModified":"2025-01-03T22:26:50+00:00","breadcrumb":{"@id":"https:\/\/www.versiegelung24.com\/fi\/tekstiilitiiviste-ammattimaista-laatua.html#breadcrumb"},"inLanguage":"fi","potentialAction":[{"@type":"ReadAction","target":["https:\/\/www.versiegelung24.com\/fi\/tekstiilitiiviste-ammattimaista-laatua.html"]}]},{"@type":"ImageObject","inLanguage":"fi","@id":"https:\/\/www.versiegelung24.com\/fi\/tekstiilitiiviste-ammattimaista-laatua.html#primaryimage","url":"https:\/\/www.versiegelung24.com\/wp-content\/uploads\/2020\/04\/produkt-6000-689-1000-rapid-tex-Textilversiegelung-scaled.webp","contentUrl":"https:\/\/www.versiegelung24.com\/wp-content\/uploads\/2020\/04\/produkt-6000-689-1000-rapid-tex-Textilversiegelung-scaled.webp","width":2560,"height":2560},{"@type":"BreadcrumbList","@id":"https:\/\/www.versiegelung24.com\/fi\/tekstiilitiiviste-ammattimaista-laatua.html#breadcrumb","itemListElement":[{"@type":"ListItem","position":1,"name":"Kotisivu","item":"https:\/\/www.versiegelung24.com\/fi\/etupuolella\/"},{"@type":"ListItem","position":2,"name":"Myym\u00e4l\u00e4","item":"https:\/\/www.versiegelung24.com\/fi\/myymala-2\/"},{"@type":"ListItem","position":3,"name":"Rapid Tex &#8211; tekstiilitiivistys ammattilaatuisesti"}]},{"@type":"WebSite","@id":"https:\/\/www.versiegelung24.com\/fi\/#website","url":"https:\/\/www.versiegelung24.com\/fi\/","name":"versiegelung24.com","description":"Fl\u00fcssigglas-Versiegelung - Made in Germany","publisher":{"@id":"https:\/\/www.versiegelung24.com\/fi\/#organization"},"potentialAction":[{"@type":"SearchAction","target":{"@type":"EntryPoint","urlTemplate":"https:\/\/www.versiegelung24.com\/fi\/?s={search_term_string}"},"query-input":{"@type":"PropertyValueSpecification","valueRequired":true,"valueName":"search_term_string"}}],"inLanguage":"fi"},{"@type":"Organization","@id":"https:\/\/www.versiegelung24.com\/fi\/#organization","name":"versiegelung24","url":"https:\/\/www.versiegelung24.com\/fi\/","logo":{"@type":"ImageObject","inLanguage":"fi","@id":"https:\/\/www.versiegelung24.com\/fi\/#\/schema\/logo\/image\/","url":"https:\/\/www.versiegelung24.com\/wp-content\/uploads\/2020\/04\/versiegelung24.png","contentUrl":"https:\/\/www.versiegelung24.com\/wp-content\/uploads\/2020\/04\/versiegelung24.png","width":470,"height":102,"caption":"versiegelung24"},"image":{"@id":"https:\/\/www.versiegelung24.com\/fi\/#\/schema\/logo\/image\/"}}]},"product_price_amount":"49.00","product_price_currency":"EUR","og_availability":"instock","product_availability":"instock","product_retailer_item_id":"6000-689-1000","product_condition":"new"},"_links":{"self":[{"href":"https:\/\/www.versiegelung24.com\/fi\/wp-json\/wp\/v2\/product\/22929","targetHints":{"allow":["GET"]}}],"collection":[{"href":"https:\/\/www.versiegelung24.com\/fi\/wp-json\/wp\/v2\/product"}],"about":[{"href":"https:\/\/www.versiegelung24.com\/fi\/wp-json\/wp\/v2\/types\/product"}],"version-history":[{"count":13,"href":"https:\/\/www.versiegelung24.com\/fi\/wp-json\/wp\/v2\/product\/22929\/revisions"}],"predecessor-version":[{"id":174342,"href":"https:\/\/www.versiegelung24.com\/fi\/wp-json\/wp\/v2\/product\/22929\/revisions\/174342"}],"wp:featuredmedia":[{"embeddable":true,"href":"https:\/\/www.versiegelung24.com\/fi\/wp-json\/wp\/v2\/media\/125349"}],"wp:attachment":[{"href":"https:\/\/www.versiegelung24.com\/fi\/wp-json\/wp\/v2\/media?parent=22929"}],"wp:term":[{"taxonomy":"product_brand","embeddable":true,"href":"https:\/\/www.versiegelung24.com\/fi\/wp-json\/wp\/v2\/product_brand?post=22929"},{"taxonomy":"product_cat","embeddable":true,"href":"https:\/\/www.versiegelung24.com\/fi\/wp-json\/wp\/v2\/product_cat?post=22929"},{"taxonomy":"product_tag","embeddable":true,"href":"https:\/\/www.versiegelung24.com\/fi\/wp-json\/wp\/v2\/product_tag?post=22929"}],"curies":[{"name":"wp","href":"https:\/\/api.w.org\/{rel}","templated":true}]}}