{"id":22994,"date":"2020-04-04T18:53:16","date_gmt":"2021-08-02T19:10:32","guid":{"rendered":"https:\/\/www.versiegelung24.com\/produkt\/saappaiden-erityinen-kiillotus-ja-tiiviste-ammattimaista-laatua"},"modified":"2025-04-10T10:57:01","modified_gmt":"2025-04-10T08:57:01","slug":"boot-special-kiillotus-ja-tiivistys-ammattimaisesti","status":"publish","type":"product","link":"https:\/\/www.versiegelung24.com\/fi\/boot-special-kiillotus-ja-tiivistys-ammattimaisesti.html","title":{"rendered":"Laivan \/ huviveneen \/ veneen erikoiskiillotus ja tiivistys ammattilaatuisesti"},"content":{"rendered":"\n<p><strong>Eritt\u00e4in tehokas emulsio vesiviivan yl\u00e4puolella olevien pintojen kiillottamiseen ja tiivist\u00e4miseen,<\/strong><strong> lootusvaikutus (vett\u00e4 hylkiv\u00e4), s\u00e4ilyvyysaika jopa 3 kuukautta<\/strong><\/p>\n\n<p>Korkealaatuinen Valmistettu Saksassa.<\/p>\n\n<hr \/>\n\n<h4 class=\"wp-block-heading\" id=\"properties\">Tuotteen ominaisuudet<\/h4>\n\n<div class=\"wp-block-columns is-layout-flex wp-container-core-columns-is-layout-9d6595d7 wp-block-columns-is-layout-flex\">\n<div class=\"wp-block-column is-layout-flow wp-block-column-is-layout-flow\">\n<ul class=\"wp-block-list\"><li>Korkealaatuinen kiillotus ilman hankaavia komponentteja, maalikerroksia ei hy\u00f6k\u00e4t\u00e4<\/li><li>Emulsio, eritt\u00e4in helppok\u00e4ytt\u00f6inen<\/li><li>Kiiltoa ja v\u00e4ri\u00e4 virkist\u00e4v\u00e4 vaikutus<\/li><li>Puhdistaa, kiillottaa ja tiivist\u00e4\u00e4 yhdess\u00e4 vaiheessa (poistaa terva-, hartsi- ja hy\u00f6nteisj\u00e4\u00e4m\u00e4t)<\/li><li>Vett\u00e4 ja likaa hylkiv\u00e4 tarttumaton pinnoite, kiilt\u00e4v\u00e4<\/li><li>Est\u00e4\u00e4 tervaa ja hy\u00f6nteisj\u00e4tett\u00e4 tarttumasta pintaan<\/li><li>L\u00e4pin\u00e4kyv\u00e4 \/ n\u00e4kym\u00e4t\u00f6n, pinnan ulkon\u00e4k\u00f6 pysyy muuttumattomana<\/li><li>V\u00e4hent\u00e4\u00e4 naarmuja<\/li><\/ul>\n<\/div>\n\n\n\n<div class=\"wp-block-column is-layout-flow wp-block-column-is-layout-flow\">\n<ul class=\"wp-block-list\" id=\"block-f9534f4e-e312-4dfa-9828-0a3b34fc908e\"><li>Kest\u00e4\u00e4 pakkasta, puhdistusta (mukaan lukien autopesu), UV -s\u00e4teily\u00e4 (est\u00e4\u00e4 maalipinnan himmentymisen), lipeit\u00e4 \/ em\u00e4ksi\u00e4, merivett\u00e4, suolaista ilmaa, hy\u00f6nteisten ulosteita ja muuta raskasta likaa<\/li><li>V\u00e4hent\u00e4\u00e4 merkitt\u00e4v\u00e4sti ilmanvastusta ja parantaa siten veneiden tehokkuutta<\/li><li>&#8220;Helposti puhdistettava&#8221; vaikutus, pinnoitetut pinnat pysyv\u00e4t puhtaina pidemp\u00e4\u00e4n ja on helpompi puhdistaa.<\/li><li>Sis\u00e4- ja ulkok\u00e4ytt\u00f6\u00f6n<\/li><\/ul>\n\n\n\n<p><br \/>Toimituksen laajuus: 1 x litran pullo<br \/><\/p>\n<\/div>\n<\/div>\n\n<hr \/>\n\n<h4 class=\"wp-block-heading\" id=\"application\">Hakemus<\/h4>\n\n<div class=\"wp-block-columns is-layout-flex wp-container-core-columns-is-layout-9d6595d7 wp-block-columns-is-layout-flex\">\n<div class=\"wp-block-column is-layout-flow wp-block-column-is-layout-flow\">\n<ul class=\"wp-block-list\"><li>Ihanteellinen vesirajan yl\u00e4puolella olevien veneiden pintojen k\u00e4sittelyyn (maalit, ploymer \/ muovit)<\/li><\/ul>\n\n\n\n<p>Tarvittava m\u00e4\u00e4r\u00e4 riippuu pinnoitettavasta pinnasta (kulumisaste ja likaantuminen) ja k\u00e4ytetyst\u00e4 kankaasta. Levitysm\u00e4\u00e4r\u00e4 on noin 20-40 ml \/ m\u00b2.<\/p>\n<\/div>\n\n\n\n<div class=\"wp-block-column is-layout-flow wp-block-column-is-layout-flow\">\n<p><br \/><br \/>Helppo k\u00e4ytt\u00e4\u00e4: 1. Pyyhi tiiviste ja kiillota pois 2. Ota se pois. Anna kovettua 12 tuntia &#8211; valmis.<\/p>\n\n\n\n<p>S\u00e4ilyvyys: Jopa 3 kuukautta<\/p>\n<\/div>\n<\/div>\n","protected":false},"excerpt":{"rendered":"<p><strong>Eritt\u00e4in tehokas ammattimainen tiiviste:<\/strong><\/p>\n<p>\u2713 Veneet<\/p>\n<p>\u2713 Lootusvaikutelma (vett\u00e4 hylkiv\u00e4)<\/p>\n<p>\u2713 S\u00e4ilyvyys jopa 3 kuukautta<\/p>\n","protected":false},"featured_media":17818,"template":"","meta":{"_acf_changed":false,"neve_meta_sidebar":"","neve_meta_container":"","neve_meta_enable_content_width":"","neve_meta_content_width":0,"neve_meta_title_alignment":"","neve_meta_author_avatar":"","neve_post_elements_order":"","neve_meta_disable_header":"","neve_meta_disable_footer":"","neve_meta_disable_title":"","neve_meta_reading_time":"","_surfaces":[],"_ver_product_tabs":[],"footnotes":""},"product_brand":[],"product_cat":[2207],"product_tag":[],"class_list":{"0":"post-22994","1":"product","2":"type-product","3":"status-publish","4":"has-post-thumbnail","6":"product_cat-auton-tiivistys","8":"first","9":"instock","10":"taxable","11":"shipping-taxable","12":"purchasable","13":"product-type-simple"},"acf":[],"yoast_head":"<!-- This site is optimized with the Yoast SEO Premium plugin v22.8 (Yoast SEO v27.5) - https:\/\/yoast.com\/product\/yoast-seo-premium-wordpress\/ -->\n<title>Laivan \/ huviveneen \/ veneen erikoiskiillotus ja tiivistys ammattilaatuisesti - versiegelung24.com<\/title>\n<meta name=\"robots\" content=\"index, follow, max-snippet:-1, max-image-preview:large, max-video-preview:-1\" \/>\n<link rel=\"canonical\" href=\"https:\/\/www.versiegelung24.com\/fi\/boot-special-kiillotus-ja-tiivistys-ammattimaisesti.html\" \/>\n<meta property=\"og:locale\" content=\"fi_FI\" \/>\n<meta property=\"og:type\" content=\"article\" \/>\n<meta property=\"og:title\" content=\"Laivan \/ huviveneen \/ veneen erikoiskiillotus ja tiivistys ammattilaatuisesti\" \/>\n<meta property=\"og:description\" content=\"Eritt\u00e4in tehokas ammattimainen tiiviste: \u2713 Veneet \u2713 Lootusvaikutelma (vett\u00e4 hylkiv\u00e4) \u2713 S\u00e4ilyvyys jopa 3 kuukautta\" \/>\n<meta property=\"og:url\" content=\"https:\/\/www.versiegelung24.com\/fi\/boot-special-kiillotus-ja-tiivistys-ammattimaisesti.html\" \/>\n<meta property=\"og:site_name\" content=\"versiegelung24.com\" \/>\n<meta property=\"article:modified_time\" content=\"2025-04-10T08:57:01+00:00\" \/>\n<meta property=\"og:image\" content=\"https:\/\/www.versiegelung24.com\/wp-content\/uploads\/2020\/06\/produkt-2002-7660-1000-Boot-Spezial-Politur-Versiegelung-scaled.jpg\" \/>\n\t<meta property=\"og:image:width\" content=\"2560\" \/>\n\t<meta property=\"og:image:height\" content=\"2560\" \/>\n\t<meta property=\"og:image:type\" content=\"image\/jpeg\" \/>\n<meta name=\"twitter:card\" content=\"summary_large_image\" \/>\n<meta name=\"twitter:label1\" content=\"Hinta\" \/>\n\t<meta name=\"twitter:data1\" content=\"99,00&euro;\" \/>\n\t<meta name=\"twitter:label2\" content=\"Saatavuus\" \/>\n\t<meta name=\"twitter:data2\" content=\"Varastossa\" \/>\n<script type=\"application\/ld+json\" class=\"yoast-schema-graph\">{\"@context\":\"https:\\\/\\\/schema.org\",\"@graph\":[{\"@type\":\"WebPage\",\"@id\":\"https:\\\/\\\/www.versiegelung24.com\\\/fi\\\/boot-special-kiillotus-ja-tiivistys-ammattimaisesti.html\",\"url\":\"https:\\\/\\\/www.versiegelung24.com\\\/fi\\\/boot-special-kiillotus-ja-tiivistys-ammattimaisesti.html\",\"name\":\"Laivan \\\/ huviveneen \\\/ veneen erikoiskiillotus ja tiivistys ammattilaatuisesti - versiegelung24.com\",\"isPartOf\":{\"@id\":\"https:\\\/\\\/www.versiegelung24.com\\\/fi\\\/#website\"},\"primaryImageOfPage\":{\"@id\":\"https:\\\/\\\/www.versiegelung24.com\\\/fi\\\/boot-special-kiillotus-ja-tiivistys-ammattimaisesti.html#primaryimage\"},\"image\":{\"@id\":\"https:\\\/\\\/www.versiegelung24.com\\\/fi\\\/boot-special-kiillotus-ja-tiivistys-ammattimaisesti.html#primaryimage\"},\"thumbnailUrl\":\"https:\\\/\\\/www.versiegelung24.com\\\/wp-content\\\/uploads\\\/2020\\\/06\\\/produkt-2002-7660-1000-Boot-Spezial-Politur-Versiegelung-scaled.jpg\",\"datePublished\":\"2021-08-02T19:10:32+00:00\",\"dateModified\":\"2025-04-10T08:57:01+00:00\",\"breadcrumb\":{\"@id\":\"https:\\\/\\\/www.versiegelung24.com\\\/fi\\\/boot-special-kiillotus-ja-tiivistys-ammattimaisesti.html#breadcrumb\"},\"inLanguage\":\"fi\",\"potentialAction\":[{\"@type\":\"ReadAction\",\"target\":[\"https:\\\/\\\/www.versiegelung24.com\\\/fi\\\/boot-special-kiillotus-ja-tiivistys-ammattimaisesti.html\"]}]},{\"@type\":\"ImageObject\",\"inLanguage\":\"fi\",\"@id\":\"https:\\\/\\\/www.versiegelung24.com\\\/fi\\\/boot-special-kiillotus-ja-tiivistys-ammattimaisesti.html#primaryimage\",\"url\":\"https:\\\/\\\/www.versiegelung24.com\\\/wp-content\\\/uploads\\\/2020\\\/06\\\/produkt-2002-7660-1000-Boot-Spezial-Politur-Versiegelung-scaled.jpg\",\"contentUrl\":\"https:\\\/\\\/www.versiegelung24.com\\\/wp-content\\\/uploads\\\/2020\\\/06\\\/produkt-2002-7660-1000-Boot-Spezial-Politur-Versiegelung-scaled.jpg\",\"width\":2560,\"height\":2560},{\"@type\":\"BreadcrumbList\",\"@id\":\"https:\\\/\\\/www.versiegelung24.com\\\/fi\\\/boot-special-kiillotus-ja-tiivistys-ammattimaisesti.html#breadcrumb\",\"itemListElement\":[{\"@type\":\"ListItem\",\"position\":1,\"name\":\"Kotisivu\",\"item\":\"https:\\\/\\\/www.versiegelung24.com\\\/fi\\\/etupuolella\\\/\"},{\"@type\":\"ListItem\",\"position\":2,\"name\":\"Myym\u00e4l\u00e4\",\"item\":\"https:\\\/\\\/www.versiegelung24.com\\\/fi\\\/myymala-2\\\/\"},{\"@type\":\"ListItem\",\"position\":3,\"name\":\"Laivan \\\/ huviveneen \\\/ veneen erikoiskiillotus ja tiivistys ammattilaatuisesti\"}]},{\"@type\":\"WebSite\",\"@id\":\"https:\\\/\\\/www.versiegelung24.com\\\/fi\\\/#website\",\"url\":\"https:\\\/\\\/www.versiegelung24.com\\\/fi\\\/\",\"name\":\"versiegelung24.com\",\"description\":\"Fl\u00fcssigglas-Versiegelung - Made in Germany\",\"publisher\":{\"@id\":\"https:\\\/\\\/www.versiegelung24.com\\\/fi\\\/#organization\"},\"potentialAction\":[{\"@type\":\"SearchAction\",\"target\":{\"@type\":\"EntryPoint\",\"urlTemplate\":\"https:\\\/\\\/www.versiegelung24.com\\\/fi\\\/?s={search_term_string}\"},\"query-input\":{\"@type\":\"PropertyValueSpecification\",\"valueRequired\":true,\"valueName\":\"search_term_string\"}}],\"inLanguage\":\"fi\"},{\"@type\":\"Organization\",\"@id\":\"https:\\\/\\\/www.versiegelung24.com\\\/fi\\\/#organization\",\"name\":\"versiegelung24\",\"url\":\"https:\\\/\\\/www.versiegelung24.com\\\/fi\\\/\",\"logo\":{\"@type\":\"ImageObject\",\"inLanguage\":\"fi\",\"@id\":\"https:\\\/\\\/www.versiegelung24.com\\\/fi\\\/#\\\/schema\\\/logo\\\/image\\\/\",\"url\":\"https:\\\/\\\/www.versiegelung24.com\\\/wp-content\\\/uploads\\\/2020\\\/04\\\/versiegelung24.png\",\"contentUrl\":\"https:\\\/\\\/www.versiegelung24.com\\\/wp-content\\\/uploads\\\/2020\\\/04\\\/versiegelung24.png\",\"width\":470,\"height\":102,\"caption\":\"versiegelung24\"},\"image\":{\"@id\":\"https:\\\/\\\/www.versiegelung24.com\\\/fi\\\/#\\\/schema\\\/logo\\\/image\\\/\"}}]}<\/script>\n<meta property=\"product:price:amount\" content=\"99.00\" \/>\n<meta property=\"product:price:currency\" content=\"EUR\" \/>\n<meta property=\"og:availability\" content=\"instock\" \/>\n<meta property=\"product:availability\" content=\"instock\" \/>\n<meta property=\"product:retailer_item_id\" content=\"2002-7660-1000\" \/>\n<meta property=\"product:condition\" content=\"new\" \/>\n<!-- \/ Yoast SEO Premium plugin. -->","yoast_head_json":{"title":"Laivan \/ huviveneen \/ veneen erikoiskiillotus ja tiivistys ammattilaatuisesti - versiegelung24.com","robots":{"index":"index","follow":"follow","max-snippet":"max-snippet:-1","max-image-preview":"max-image-preview:large","max-video-preview":"max-video-preview:-1"},"canonical":"https:\/\/www.versiegelung24.com\/fi\/boot-special-kiillotus-ja-tiivistys-ammattimaisesti.html","og_locale":"fi_FI","og_type":"article","og_title":"Laivan \/ huviveneen \/ veneen erikoiskiillotus ja tiivistys ammattilaatuisesti","og_description":"Eritt\u00e4in tehokas ammattimainen tiiviste: \u2713 Veneet \u2713 Lootusvaikutelma (vett\u00e4 hylkiv\u00e4) \u2713 S\u00e4ilyvyys jopa 3 kuukautta","og_url":"https:\/\/www.versiegelung24.com\/fi\/boot-special-kiillotus-ja-tiivistys-ammattimaisesti.html","og_site_name":"versiegelung24.com","article_modified_time":"2025-04-10T08:57:01+00:00","og_image":[{"width":2560,"height":2560,"url":"https:\/\/www.versiegelung24.com\/wp-content\/uploads\/2020\/06\/produkt-2002-7660-1000-Boot-Spezial-Politur-Versiegelung-scaled.jpg","type":"image\/jpeg"}],"twitter_card":"summary_large_image","twitter_misc":{"Hinta":"99,00&euro;","Saatavuus":"Varastossa"},"schema":{"@context":"https:\/\/schema.org","@graph":[{"@type":"WebPage","@id":"https:\/\/www.versiegelung24.com\/fi\/boot-special-kiillotus-ja-tiivistys-ammattimaisesti.html","url":"https:\/\/www.versiegelung24.com\/fi\/boot-special-kiillotus-ja-tiivistys-ammattimaisesti.html","name":"Laivan \/ huviveneen \/ veneen erikoiskiillotus ja tiivistys ammattilaatuisesti - versiegelung24.com","isPartOf":{"@id":"https:\/\/www.versiegelung24.com\/fi\/#website"},"primaryImageOfPage":{"@id":"https:\/\/www.versiegelung24.com\/fi\/boot-special-kiillotus-ja-tiivistys-ammattimaisesti.html#primaryimage"},"image":{"@id":"https:\/\/www.versiegelung24.com\/fi\/boot-special-kiillotus-ja-tiivistys-ammattimaisesti.html#primaryimage"},"thumbnailUrl":"https:\/\/www.versiegelung24.com\/wp-content\/uploads\/2020\/06\/produkt-2002-7660-1000-Boot-Spezial-Politur-Versiegelung-scaled.jpg","datePublished":"2021-08-02T19:10:32+00:00","dateModified":"2025-04-10T08:57:01+00:00","breadcrumb":{"@id":"https:\/\/www.versiegelung24.com\/fi\/boot-special-kiillotus-ja-tiivistys-ammattimaisesti.html#breadcrumb"},"inLanguage":"fi","potentialAction":[{"@type":"ReadAction","target":["https:\/\/www.versiegelung24.com\/fi\/boot-special-kiillotus-ja-tiivistys-ammattimaisesti.html"]}]},{"@type":"ImageObject","inLanguage":"fi","@id":"https:\/\/www.versiegelung24.com\/fi\/boot-special-kiillotus-ja-tiivistys-ammattimaisesti.html#primaryimage","url":"https:\/\/www.versiegelung24.com\/wp-content\/uploads\/2020\/06\/produkt-2002-7660-1000-Boot-Spezial-Politur-Versiegelung-scaled.jpg","contentUrl":"https:\/\/www.versiegelung24.com\/wp-content\/uploads\/2020\/06\/produkt-2002-7660-1000-Boot-Spezial-Politur-Versiegelung-scaled.jpg","width":2560,"height":2560},{"@type":"BreadcrumbList","@id":"https:\/\/www.versiegelung24.com\/fi\/boot-special-kiillotus-ja-tiivistys-ammattimaisesti.html#breadcrumb","itemListElement":[{"@type":"ListItem","position":1,"name":"Kotisivu","item":"https:\/\/www.versiegelung24.com\/fi\/etupuolella\/"},{"@type":"ListItem","position":2,"name":"Myym\u00e4l\u00e4","item":"https:\/\/www.versiegelung24.com\/fi\/myymala-2\/"},{"@type":"ListItem","position":3,"name":"Laivan \/ huviveneen \/ veneen erikoiskiillotus ja tiivistys ammattilaatuisesti"}]},{"@type":"WebSite","@id":"https:\/\/www.versiegelung24.com\/fi\/#website","url":"https:\/\/www.versiegelung24.com\/fi\/","name":"versiegelung24.com","description":"Fl\u00fcssigglas-Versiegelung - Made in Germany","publisher":{"@id":"https:\/\/www.versiegelung24.com\/fi\/#organization"},"potentialAction":[{"@type":"SearchAction","target":{"@type":"EntryPoint","urlTemplate":"https:\/\/www.versiegelung24.com\/fi\/?s={search_term_string}"},"query-input":{"@type":"PropertyValueSpecification","valueRequired":true,"valueName":"search_term_string"}}],"inLanguage":"fi"},{"@type":"Organization","@id":"https:\/\/www.versiegelung24.com\/fi\/#organization","name":"versiegelung24","url":"https:\/\/www.versiegelung24.com\/fi\/","logo":{"@type":"ImageObject","inLanguage":"fi","@id":"https:\/\/www.versiegelung24.com\/fi\/#\/schema\/logo\/image\/","url":"https:\/\/www.versiegelung24.com\/wp-content\/uploads\/2020\/04\/versiegelung24.png","contentUrl":"https:\/\/www.versiegelung24.com\/wp-content\/uploads\/2020\/04\/versiegelung24.png","width":470,"height":102,"caption":"versiegelung24"},"image":{"@id":"https:\/\/www.versiegelung24.com\/fi\/#\/schema\/logo\/image\/"}}]},"product_price_amount":"99.00","product_price_currency":"EUR","og_availability":"instock","product_availability":"instock","product_retailer_item_id":"2002-7660-1000","product_condition":"new"},"_links":{"self":[{"href":"https:\/\/www.versiegelung24.com\/fi\/wp-json\/wp\/v2\/product\/22994","targetHints":{"allow":["GET"]}}],"collection":[{"href":"https:\/\/www.versiegelung24.com\/fi\/wp-json\/wp\/v2\/product"}],"about":[{"href":"https:\/\/www.versiegelung24.com\/fi\/wp-json\/wp\/v2\/types\/product"}],"version-history":[{"count":11,"href":"https:\/\/www.versiegelung24.com\/fi\/wp-json\/wp\/v2\/product\/22994\/revisions"}],"predecessor-version":[{"id":181401,"href":"https:\/\/www.versiegelung24.com\/fi\/wp-json\/wp\/v2\/product\/22994\/revisions\/181401"}],"wp:featuredmedia":[{"embeddable":true,"href":"https:\/\/www.versiegelung24.com\/fi\/wp-json\/wp\/v2\/media\/17818"}],"wp:attachment":[{"href":"https:\/\/www.versiegelung24.com\/fi\/wp-json\/wp\/v2\/media?parent=22994"}],"wp:term":[{"taxonomy":"product_brand","embeddable":true,"href":"https:\/\/www.versiegelung24.com\/fi\/wp-json\/wp\/v2\/product_brand?post=22994"},{"taxonomy":"product_cat","embeddable":true,"href":"https:\/\/www.versiegelung24.com\/fi\/wp-json\/wp\/v2\/product_cat?post=22994"},{"taxonomy":"product_tag","embeddable":true,"href":"https:\/\/www.versiegelung24.com\/fi\/wp-json\/wp\/v2\/product_tag?post=22994"}],"curies":[{"name":"wp","href":"https:\/\/api.w.org\/{rel}","templated":true}]}}