{"id":23168,"date":"2020-04-04T18:53:14","date_gmt":"2021-08-02T19:25:15","guid":{"rendered":"https:\/\/www.versiegelung24.com\/produkt\/ammattimaista-puun-tiivistysta"},"modified":"2025-01-03T23:39:21","modified_gmt":"2025-01-03T22:39:21","slug":"puun-tiivistys-ammattimaista-laatua","status":"publish","type":"product","link":"https:\/\/www.versiegelung24.com\/fi\/puun-tiivistys-ammattimaista-laatua.html","title":{"rendered":"Ammattimaista puun tiivistyst\u00e4"},"content":{"rendered":"\n<p><strong>Eritt\u00e4in tehokas ammattimainen puuntiiviste, jossa on syvyys- ja lootusvaikutus (vett\u00e4 hylkiv\u00e4), sis\u00e4lle ja ulos, UUSI<\/strong><\/p>\n\n<p>Korkealaatuinen Valmistettu Saksassa.<\/p>\n\n<hr\/>\n\n<h4 class=\"wp-block-heading\" id=\"properties\">Tuotteen ominaisuudet<\/h4>\n\n<div class=\"wp-block-columns is-layout-flex wp-container-core-columns-is-layout-9d6595d7 wp-block-columns-is-layout-flex\">\n<div class=\"wp-block-column is-layout-flow wp-block-column-is-layout-flow\">\n<ul class=\"wp-block-list\">\n<li>voimakas hydrofobinen ja oleofobinen vaikutus (vett\u00e4 ja \u00f6ljy\u00e4 hylkiv\u00e4)<\/li>\n\n\n\n<li>Syvyysvaikutus &#8211; tunkeutuu jopa 10 mm puuhun (rakenteesta riippuen)<\/li>\n\n\n\n<li>Suojaa homeelta, levilt\u00e4 ja s\u00e4\u00e4lt\u00e4<\/li>\n\n\n\n<li>Kustannus-, ajan- ja energians\u00e4\u00e4st\u00f6 pidennetyill\u00e4 puhdistusjaksoilla<\/li>\n\n\n\n<li>V\u00e4hent\u00e4\u00e4 kosteuden l\u00e4p\u00e4isy\u00e4, kun se altistuu vedelle<\/li>\n\n\n\n<li>Helposti puhdistettava vaikutus<\/li>\n<\/ul>\n<\/div>\n\n\n\n<div class=\"wp-block-column is-layout-flow wp-block-column-is-layout-flow\">\n<ul class=\"wp-block-list\">\n<li>tiivistetyt pinnat pysyv\u00e4t hengitt\u00e4vin\u00e4<\/li>\n\n\n\n<li>V\u00e4hent\u00e4\u00e4 s\u00e4\u00e4n vaikutusta<\/li>\n\n\n\n<li>UV-kest\u00e4v\u00e4, pakkasenkest\u00e4v\u00e4 ja l\u00e4hes n\u00e4kym\u00e4t\u00f6n<\/li>\n\n\n\n<li>Helppo levitt\u00e4\u00e4 (voidaan suihkuttaa suurelle alueelle)<\/li>\n\n\n\n<li>S\u00e4ilyvyys: jopa 3-10 vuotta<\/li>\n<\/ul>\n\n\n\n<p><br\/><br\/>Toimituksen sis\u00e4lt\u00f6: 1 x litran pullo 1 x pumppusumutin 1 x pumppusumutin<br\/><\/p>\n<\/div>\n<\/div>\n\n<hr\/>\n\n<h4 class=\"wp-block-heading\" id=\"application\">Hakemus<\/h4>\n\n<div class=\"wp-block-columns is-layout-flex wp-container-core-columns-is-layout-9d6595d7 wp-block-columns-is-layout-flex\">\n<div class=\"wp-block-column is-layout-flow wp-block-column-is-layout-flow\">\n<ul class=\"wp-block-list\">\n<li>Kaikki kovat ja pehme\u00e4t puut<\/li>\n\n\n\n<li>Puuverhous sis\u00e4ll\u00e4 ja ulkona<\/li>\n\n\n\n<li>Ladot<\/li>\n\n\n\n<li>Puukatot \/ puulattiat<\/li>\n\n\n\n<li>Rakennuspuuta<\/li>\n\n\n\n<li>Ikkuna- ja ovikehykset puusta<\/li>\n<\/ul>\n<\/div>\n\n\n\n<div class=\"wp-block-column is-layout-flow wp-block-column-is-layout-flow\">\n<ul class=\"wp-block-list\" id=\"block-bd0826c4-8c3a-4f56-9878-ce5fe93599ff\">\n<li>Palkit, nurjat ja lattialaudat<\/li>\n\n\n\n<li>Antiikki mets\u00e4\u00e4<\/li>\n\n\n\n<li>Puupaneelit saniteettialueella<\/li>\n<\/ul>\n\n\n\n<p><strong>Kulutus riippuu pinnan imukyvyst\u00e4 noin 10-40m\u00b2 \/ litra.<\/strong><\/p>\n<\/div>\n<\/div>\n","protected":false},"excerpt":{"rendered":"<p><strong>**UUSI** Eritt\u00e4in tehokas tiivistys imukykyisille puupinnoille:<\/strong><\/p>\n<p>\u2713 Syvyysvaikutelma<\/p>\n<p>\u2713 Lootusvaikutelma (vett\u00e4 hylkiv\u00e4)<\/p>\n<p>\u2713 Sis\u00e4- ja ulkok\u00e4ytt\u00f6\u00f6n<\/p>\n","protected":false},"featured_media":18174,"template":"","meta":{"_acf_changed":false,"neve_meta_sidebar":"","neve_meta_container":"","neve_meta_enable_content_width":"","neve_meta_content_width":0,"neve_meta_title_alignment":"","neve_meta_author_avatar":"","neve_post_elements_order":"","neve_meta_disable_header":"","neve_meta_disable_footer":"","neve_meta_disable_title":"","neve_meta_reading_time":"","_surfaces":[],"_ver_product_tabs":[],"footnotes":""},"product_brand":[],"product_cat":[2466],"product_tag":[],"class_list":{"0":"post-23168","1":"product","2":"type-product","3":"status-publish","4":"has-post-thumbnail","6":"product_cat-puun-tiivistys","7":"pa_gebinde-150ml-pullo","8":"pa_gebinde-500-ml-pullo","9":"pa_gebinde-200ml-pullo","10":"pa_gebinde-1000-ml-pullo","11":"pa_gebinde-10-ml-pullo","12":"pa_gebinde-5-ml-pullo","13":"pa_gebinde-125-ml-n-pumppusuihkepullo","14":"pa_gebinde-1000-ml-taeyttoepullo","15":"pa_gebinde-20l-kanisteri","16":"pa_gebinde-10l-kanisteri","17":"pa_gebinde-toimintasarja-100ml-pullolla","18":"pa_gebinde-50-ml-pullo","19":"pa_gebinde-toimintasarja-50ml-pullolla","20":"pa_gebinde-100-ml-pullo","22":"first","23":"instock","24":"taxable","25":"shipping-taxable","26":"purchasable","27":"product-type-variable","28":"has-default-attributes"},"acf":[],"yoast_head":"<!-- This site is optimized with the Yoast SEO Premium plugin v22.8 (Yoast SEO v27.4) - https:\/\/yoast.com\/product\/yoast-seo-premium-wordpress\/ -->\n<title>Ammattimaista puun tiivistyst\u00e4 - versiegelung24.com<\/title>\n<meta name=\"robots\" content=\"index, follow, max-snippet:-1, max-image-preview:large, max-video-preview:-1\" \/>\n<link rel=\"canonical\" href=\"https:\/\/www.versiegelung24.com\/fi\/puun-tiivistys-ammattimaista-laatua.html\" \/>\n<meta property=\"og:locale\" content=\"fi_FI\" \/>\n<meta property=\"og:type\" content=\"article\" \/>\n<meta property=\"og:title\" content=\"Ammattimaista puun tiivistyst\u00e4\" \/>\n<meta property=\"og:description\" content=\"**UUSI** Eritt\u00e4in tehokas tiivistys imukykyisille puupinnoille: \u2713 Syvyysvaikutelma \u2713 Lootusvaikutelma (vett\u00e4 hylkiv\u00e4) \u2713 Sis\u00e4- ja ulkok\u00e4ytt\u00f6\u00f6n\" \/>\n<meta property=\"og:url\" content=\"https:\/\/www.versiegelung24.com\/fi\/puun-tiivistys-ammattimaista-laatua.html\" \/>\n<meta property=\"og:site_name\" content=\"versiegelung24.com\" \/>\n<meta property=\"article:modified_time\" content=\"2025-01-03T22:39:21+00:00\" \/>\n<meta property=\"og:image\" content=\"https:\/\/www.versiegelung24.com\/wp-content\/uploads\/2020\/06\/produkt-4000-695-1000-Holzversiegelung-scaled.jpg\" \/>\n\t<meta property=\"og:image:width\" content=\"2560\" \/>\n\t<meta property=\"og:image:height\" content=\"2560\" \/>\n\t<meta property=\"og:image:type\" content=\"image\/jpeg\" \/>\n<meta name=\"twitter:card\" content=\"summary_large_image\" \/>\n<meta name=\"twitter:label1\" content=\"Saatavuus\" \/>\n\t<meta name=\"twitter:data1\" content=\"Varastossa\" \/>\n<script type=\"application\/ld+json\" class=\"yoast-schema-graph\">{\"@context\":\"https:\\\/\\\/schema.org\",\"@graph\":[{\"@type\":\"WebPage\",\"@id\":\"https:\\\/\\\/www.versiegelung24.com\\\/fi\\\/puun-tiivistys-ammattimaista-laatua.html\",\"url\":\"https:\\\/\\\/www.versiegelung24.com\\\/fi\\\/puun-tiivistys-ammattimaista-laatua.html\",\"name\":\"Ammattimaista puun tiivistyst\u00e4 - versiegelung24.com\",\"isPartOf\":{\"@id\":\"https:\\\/\\\/www.versiegelung24.com\\\/fi\\\/#website\"},\"primaryImageOfPage\":{\"@id\":\"https:\\\/\\\/www.versiegelung24.com\\\/fi\\\/puun-tiivistys-ammattimaista-laatua.html#primaryimage\"},\"image\":{\"@id\":\"https:\\\/\\\/www.versiegelung24.com\\\/fi\\\/puun-tiivistys-ammattimaista-laatua.html#primaryimage\"},\"thumbnailUrl\":\"https:\\\/\\\/www.versiegelung24.com\\\/wp-content\\\/uploads\\\/2020\\\/06\\\/produkt-4000-695-1000-Holzversiegelung-scaled.jpg\",\"datePublished\":\"2021-08-02T19:25:15+00:00\",\"dateModified\":\"2025-01-03T22:39:21+00:00\",\"breadcrumb\":{\"@id\":\"https:\\\/\\\/www.versiegelung24.com\\\/fi\\\/puun-tiivistys-ammattimaista-laatua.html#breadcrumb\"},\"inLanguage\":\"fi\",\"potentialAction\":[{\"@type\":\"ReadAction\",\"target\":[\"https:\\\/\\\/www.versiegelung24.com\\\/fi\\\/puun-tiivistys-ammattimaista-laatua.html\"]}]},{\"@type\":\"ImageObject\",\"inLanguage\":\"fi\",\"@id\":\"https:\\\/\\\/www.versiegelung24.com\\\/fi\\\/puun-tiivistys-ammattimaista-laatua.html#primaryimage\",\"url\":\"https:\\\/\\\/www.versiegelung24.com\\\/wp-content\\\/uploads\\\/2020\\\/06\\\/produkt-4000-695-1000-Holzversiegelung-scaled.jpg\",\"contentUrl\":\"https:\\\/\\\/www.versiegelung24.com\\\/wp-content\\\/uploads\\\/2020\\\/06\\\/produkt-4000-695-1000-Holzversiegelung-scaled.jpg\",\"width\":2560,\"height\":2560},{\"@type\":\"BreadcrumbList\",\"@id\":\"https:\\\/\\\/www.versiegelung24.com\\\/fi\\\/puun-tiivistys-ammattimaista-laatua.html#breadcrumb\",\"itemListElement\":[{\"@type\":\"ListItem\",\"position\":1,\"name\":\"Kotisivu\",\"item\":\"https:\\\/\\\/www.versiegelung24.com\\\/fi\\\/etupuolella\\\/\"},{\"@type\":\"ListItem\",\"position\":2,\"name\":\"Myym\u00e4l\u00e4\",\"item\":\"https:\\\/\\\/www.versiegelung24.com\\\/fi\\\/myymala-2\\\/\"},{\"@type\":\"ListItem\",\"position\":3,\"name\":\"Ammattimaista puun tiivistyst\u00e4\"}]},{\"@type\":\"WebSite\",\"@id\":\"https:\\\/\\\/www.versiegelung24.com\\\/fi\\\/#website\",\"url\":\"https:\\\/\\\/www.versiegelung24.com\\\/fi\\\/\",\"name\":\"versiegelung24.com\",\"description\":\"Fl\u00fcssigglas-Versiegelung - Made in Germany\",\"publisher\":{\"@id\":\"https:\\\/\\\/www.versiegelung24.com\\\/fi\\\/#organization\"},\"potentialAction\":[{\"@type\":\"SearchAction\",\"target\":{\"@type\":\"EntryPoint\",\"urlTemplate\":\"https:\\\/\\\/www.versiegelung24.com\\\/fi\\\/?s={search_term_string}\"},\"query-input\":{\"@type\":\"PropertyValueSpecification\",\"valueRequired\":true,\"valueName\":\"search_term_string\"}}],\"inLanguage\":\"fi\"},{\"@type\":\"Organization\",\"@id\":\"https:\\\/\\\/www.versiegelung24.com\\\/fi\\\/#organization\",\"name\":\"versiegelung24\",\"url\":\"https:\\\/\\\/www.versiegelung24.com\\\/fi\\\/\",\"logo\":{\"@type\":\"ImageObject\",\"inLanguage\":\"fi\",\"@id\":\"https:\\\/\\\/www.versiegelung24.com\\\/fi\\\/#\\\/schema\\\/logo\\\/image\\\/\",\"url\":\"https:\\\/\\\/www.versiegelung24.com\\\/wp-content\\\/uploads\\\/2020\\\/04\\\/versiegelung24.png\",\"contentUrl\":\"https:\\\/\\\/www.versiegelung24.com\\\/wp-content\\\/uploads\\\/2020\\\/04\\\/versiegelung24.png\",\"width\":470,\"height\":102,\"caption\":\"versiegelung24\"},\"image\":{\"@id\":\"https:\\\/\\\/www.versiegelung24.com\\\/fi\\\/#\\\/schema\\\/logo\\\/image\\\/\"}}]}<\/script>\n<meta property=\"og:availability\" content=\"instock\" \/>\n<meta property=\"product:availability\" content=\"instock\" \/>\n<meta property=\"product:retailer_item_id\" content=\"4000-695\" \/>\n<meta property=\"product:condition\" content=\"new\" \/>\n<!-- \/ Yoast SEO Premium plugin. -->","yoast_head_json":{"title":"Ammattimaista puun tiivistyst\u00e4 - versiegelung24.com","robots":{"index":"index","follow":"follow","max-snippet":"max-snippet:-1","max-image-preview":"max-image-preview:large","max-video-preview":"max-video-preview:-1"},"canonical":"https:\/\/www.versiegelung24.com\/fi\/puun-tiivistys-ammattimaista-laatua.html","og_locale":"fi_FI","og_type":"article","og_title":"Ammattimaista puun tiivistyst\u00e4","og_description":"**UUSI** Eritt\u00e4in tehokas tiivistys imukykyisille puupinnoille: \u2713 Syvyysvaikutelma \u2713 Lootusvaikutelma (vett\u00e4 hylkiv\u00e4) \u2713 Sis\u00e4- ja ulkok\u00e4ytt\u00f6\u00f6n","og_url":"https:\/\/www.versiegelung24.com\/fi\/puun-tiivistys-ammattimaista-laatua.html","og_site_name":"versiegelung24.com","article_modified_time":"2025-01-03T22:39:21+00:00","og_image":[{"width":2560,"height":2560,"url":"https:\/\/www.versiegelung24.com\/wp-content\/uploads\/2020\/06\/produkt-4000-695-1000-Holzversiegelung-scaled.jpg","type":"image\/jpeg"}],"twitter_card":"summary_large_image","twitter_misc":{"Saatavuus":"Varastossa"},"schema":{"@context":"https:\/\/schema.org","@graph":[{"@type":"WebPage","@id":"https:\/\/www.versiegelung24.com\/fi\/puun-tiivistys-ammattimaista-laatua.html","url":"https:\/\/www.versiegelung24.com\/fi\/puun-tiivistys-ammattimaista-laatua.html","name":"Ammattimaista puun tiivistyst\u00e4 - versiegelung24.com","isPartOf":{"@id":"https:\/\/www.versiegelung24.com\/fi\/#website"},"primaryImageOfPage":{"@id":"https:\/\/www.versiegelung24.com\/fi\/puun-tiivistys-ammattimaista-laatua.html#primaryimage"},"image":{"@id":"https:\/\/www.versiegelung24.com\/fi\/puun-tiivistys-ammattimaista-laatua.html#primaryimage"},"thumbnailUrl":"https:\/\/www.versiegelung24.com\/wp-content\/uploads\/2020\/06\/produkt-4000-695-1000-Holzversiegelung-scaled.jpg","datePublished":"2021-08-02T19:25:15+00:00","dateModified":"2025-01-03T22:39:21+00:00","breadcrumb":{"@id":"https:\/\/www.versiegelung24.com\/fi\/puun-tiivistys-ammattimaista-laatua.html#breadcrumb"},"inLanguage":"fi","potentialAction":[{"@type":"ReadAction","target":["https:\/\/www.versiegelung24.com\/fi\/puun-tiivistys-ammattimaista-laatua.html"]}]},{"@type":"ImageObject","inLanguage":"fi","@id":"https:\/\/www.versiegelung24.com\/fi\/puun-tiivistys-ammattimaista-laatua.html#primaryimage","url":"https:\/\/www.versiegelung24.com\/wp-content\/uploads\/2020\/06\/produkt-4000-695-1000-Holzversiegelung-scaled.jpg","contentUrl":"https:\/\/www.versiegelung24.com\/wp-content\/uploads\/2020\/06\/produkt-4000-695-1000-Holzversiegelung-scaled.jpg","width":2560,"height":2560},{"@type":"BreadcrumbList","@id":"https:\/\/www.versiegelung24.com\/fi\/puun-tiivistys-ammattimaista-laatua.html#breadcrumb","itemListElement":[{"@type":"ListItem","position":1,"name":"Kotisivu","item":"https:\/\/www.versiegelung24.com\/fi\/etupuolella\/"},{"@type":"ListItem","position":2,"name":"Myym\u00e4l\u00e4","item":"https:\/\/www.versiegelung24.com\/fi\/myymala-2\/"},{"@type":"ListItem","position":3,"name":"Ammattimaista puun tiivistyst\u00e4"}]},{"@type":"WebSite","@id":"https:\/\/www.versiegelung24.com\/fi\/#website","url":"https:\/\/www.versiegelung24.com\/fi\/","name":"versiegelung24.com","description":"Fl\u00fcssigglas-Versiegelung - Made in Germany","publisher":{"@id":"https:\/\/www.versiegelung24.com\/fi\/#organization"},"potentialAction":[{"@type":"SearchAction","target":{"@type":"EntryPoint","urlTemplate":"https:\/\/www.versiegelung24.com\/fi\/?s={search_term_string}"},"query-input":{"@type":"PropertyValueSpecification","valueRequired":true,"valueName":"search_term_string"}}],"inLanguage":"fi"},{"@type":"Organization","@id":"https:\/\/www.versiegelung24.com\/fi\/#organization","name":"versiegelung24","url":"https:\/\/www.versiegelung24.com\/fi\/","logo":{"@type":"ImageObject","inLanguage":"fi","@id":"https:\/\/www.versiegelung24.com\/fi\/#\/schema\/logo\/image\/","url":"https:\/\/www.versiegelung24.com\/wp-content\/uploads\/2020\/04\/versiegelung24.png","contentUrl":"https:\/\/www.versiegelung24.com\/wp-content\/uploads\/2020\/04\/versiegelung24.png","width":470,"height":102,"caption":"versiegelung24"},"image":{"@id":"https:\/\/www.versiegelung24.com\/fi\/#\/schema\/logo\/image\/"}}]},"og_availability":"instock","product_availability":"instock","product_retailer_item_id":"4000-695","product_condition":"new"},"_links":{"self":[{"href":"https:\/\/www.versiegelung24.com\/fi\/wp-json\/wp\/v2\/product\/23168","targetHints":{"allow":["GET"]}}],"collection":[{"href":"https:\/\/www.versiegelung24.com\/fi\/wp-json\/wp\/v2\/product"}],"about":[{"href":"https:\/\/www.versiegelung24.com\/fi\/wp-json\/wp\/v2\/types\/product"}],"version-history":[{"count":16,"href":"https:\/\/www.versiegelung24.com\/fi\/wp-json\/wp\/v2\/product\/23168\/revisions"}],"predecessor-version":[{"id":177524,"href":"https:\/\/www.versiegelung24.com\/fi\/wp-json\/wp\/v2\/product\/23168\/revisions\/177524"}],"wp:featuredmedia":[{"embeddable":true,"href":"https:\/\/www.versiegelung24.com\/fi\/wp-json\/wp\/v2\/media\/18174"}],"wp:attachment":[{"href":"https:\/\/www.versiegelung24.com\/fi\/wp-json\/wp\/v2\/media?parent=23168"}],"wp:term":[{"taxonomy":"product_brand","embeddable":true,"href":"https:\/\/www.versiegelung24.com\/fi\/wp-json\/wp\/v2\/product_brand?post=23168"},{"taxonomy":"product_cat","embeddable":true,"href":"https:\/\/www.versiegelung24.com\/fi\/wp-json\/wp\/v2\/product_cat?post=23168"},{"taxonomy":"product_tag","embeddable":true,"href":"https:\/\/www.versiegelung24.com\/fi\/wp-json\/wp\/v2\/product_tag?post=23168"}],"curies":[{"name":"wp","href":"https:\/\/api.w.org\/{rel}","templated":true}]}}