{"id":23239,"date":"2020-04-04T18:53:42","date_gmt":"2021-08-02T19:28:40","guid":{"rendered":"https:\/\/www.versiegelung24.com\/produkt\/yleistiiviste-7675-koville-imukykyisille-pinnoille-lasi-keraaminen-ruostumaton-teras-muovi-metalli"},"modified":"2025-03-20T10:10:14","modified_gmt":"2025-03-20T09:10:14","slug":"universaali-tiiviste-7675-koville-ei-imukykyisille-pinnoille-lasi-keraaminen-ruostumaton-teras-muovi-metalli","status":"publish","type":"product","link":"https:\/\/www.versiegelung24.com\/fi\/universaali-tiiviste-7675-koville-ei-imukykyisille-pinnoille-lasi-keraaminen-ruostumaton-teraes-muovi-metalli.html","title":{"rendered":"Yleistiiviste 7675 &#8220;koville&#8221; \/ imukykyisille pinnoille (lasi \/ keraaminen +++, ruostumaton ter\u00e4s +++, muovi \/ metalli ++)"},"content":{"rendered":"\n<p><strong>Eritt\u00e4in tehokas ammattik\u00e4ytt\u00f6\u00f6n tarkoitettu yleissaumausaine &#8220;koville&#8221;\/ei-imeville pinnoille, kuten lasi-, keramiikka-, muovi- ja metallipinnoille, helppohoitoinen UUTUUS, sis\u00e4- ja ulkotiloihin.<\/strong><\/p>\n\n<p>Ihanteellinen lasille \/ keraamille ja ruostumattomalle ter\u00e4kselle, soveltuu my\u00f6s muoville ja metallille<\/p>\n\n<p>Korkealaatuinen Valmistettu Saksassa.<\/p>\n\n<p><strong>V24-yleistiiviste 4005-7675<\/strong> on alkoholipohjainen (IPA) pinnoite, joka luo helposti puhdistettavan vaikutuksen lasi-, muovi-, keraami- ja metallipinnoille (kromi, ruostumaton ter\u00e4s, alumiini). Materiaali luo ohuen kalvon pinnalle, mik\u00e4 v\u00e4hent\u00e4\u00e4 lian ja vieraiden aineiden tarttumista ja mahdollistaa veden valumisen paremmin. P\u00e4\u00e4llystetty pinta on erityisen helppo puhdistaa<\/p>\n\n<hr \/>\n\n<h4 class=\"wp-block-heading\" id=\"properties\">Tuotteen ominaisuudet<\/h4>\n\n<div class=\"wp-block-columns is-layout-flex wp-container-core-columns-is-layout-9d6595d7 wp-block-columns-is-layout-flex\">\n<div class=\"wp-block-column is-layout-flow wp-block-column-is-layout-flow\">\n<ul class=\"wp-block-list\">\n<li>Toimitetaan k\u00e4ytt\u00f6valmiina<\/li>\n\n\n\n<li>antaa veden valua paremmin<\/li>\n\n\n\n<li>Helppo puhdistaa lian ja kalkin suhteen<\/li>\n\n\n\n<li>kirkas, v\u00e4rit\u00f6n neste, n\u00e4kym\u00e4t\u00f6n ja huomaamaton<\/li>\n\n\n\n<li>Pinnat pysyv\u00e4t puhtaina pidemp\u00e4\u00e4n, mik\u00e4 pident\u00e4\u00e4 puhdistusjaksoja ja v\u00e4hent\u00e4\u00e4 merkitt\u00e4v\u00e4sti puhdistukseen ja huoltoon liittyvi\u00e4 kustannuksia, aikaa ja energiaa<\/li>\n\n\n\n<li>v\u00e4hent\u00e4\u00e4 mikro -organismien ja bakteerien kasvua ja parantaa siten hygieniaa<\/li>\n<\/ul>\n<\/div>\n\n\n\n<div class=\"wp-block-column is-layout-flow wp-block-column-is-layout-flow\">\n<ul class=\"wp-block-list\">\n<li>Kest\u00e4\u00e4 pakkasta, \u00e4\u00e4rimm\u00e4ist\u00e4 kuumuutta, UV -s\u00e4teily\u00e4, suolavett\u00e4 ja suolaista ilmaa, kovan veden mineraaleja ja em\u00e4ksi\u00e4<\/li>\n\n\n\n<li>Levien ja lintujen ulosteet eiv\u00e4t en\u00e4\u00e4 tartu tiukasti kiinni<\/li>\n\n\n\n<li>fluoriton<\/li>\n<\/ul>\n\n\n\n<p><br \/><br \/>Toimituksen sis\u00e4lt\u00f6: 1 x litran pullo 1 x pumppusumutin 1 x pumppusumutin<\/p>\n<\/div>\n<\/div>\n\n<hr \/>\n\n<h4 class=\"wp-block-heading\" id=\"application\">Hakemus<\/h4>\n\n<div class=\"wp-block-columns is-layout-flex wp-container-core-columns-is-layout-9d6595d7 wp-block-columns-is-layout-flex\">\n<div class=\"wp-block-column is-layout-flow wp-block-column-is-layout-flow\">\n<ul class=\"wp-block-list\">\n<li>Saniteettitavarat (wc, bidee, keraaminen kylpyamme, suihku, pesuallas, peili)<\/li>\n\n\n\n<li>Uima -altaat (keraaminen ulkona, ei sovellu vedenalaiseen)<\/li>\n\n\n\n<li>Kaikentyyppiset keraamiset laatat, esim. Keitti\u00f6iss\u00e4<\/li>\n\n\n\n<li>Ikkuna- ja rakennuslasi (talvipuutarhat, kerrostalot, katokset)<\/li>\n\n\n\n<li>Muovi- ja metallipinnat<\/li>\n\n\n\n<li>Autolasille suosittelemme meid\u00e4n<a href=\"https:\/\/www.versiegelung24.com\/autoglas-versiegelung\/\"> Ensiluokkainen auton lasin tiivistys<\/a><\/li>\n<\/ul>\n<\/div>\n\n\n\n<div class=\"wp-block-column is-layout-flow wp-block-column-is-layout-flow\">\n<p><br \/><br \/><br \/><br \/>Helppo levitt\u00e4\u00e4: 1. Puhdista pinta hyvin (mit\u00e4 puhtaampi se on, sit\u00e4 kauemmin tiiviste kest\u00e4\u00e4) 2. Puhdista pinta uudelleen alkoholilla (esim. isopropyl) ennen k\u00e4ytt\u00f6\u00e4 3. Suihkuta tiivistysainetta liinaan ja levit\u00e4 se pinnalle 4. Levit\u00e4 tiivistysainetta.<br \/>Kiillota 5 minuutin kuluttua varovasti mikrokuituliinalla ilman painetta 5. Kiillota. Anna kovettua 12 tuntia &#8211; valmis<\/p>\n\n\n\n<p>S\u00e4ilyvyys: jopa 3-10 vuotta<\/p>\n\n\n\n<p>Jopa 200 m\u00b2 voidaan sulkea yhdell\u00e4 litralla.<\/p>\n<\/div>\n<\/div>\n\n<hr \/>\n\n<h4 class=\"wp-block-heading\" id=\"h-ratgeber\">Neuvonantaja<\/h4>\n\n<p>Yleistiivisteemme sopivat erityisen hyvin tee-se-itse-sektorille.<\/p>\n\n<p>Niiss\u00e4 yhdistyv\u00e4t ammattimainen toimintatapa eri pinnoilla ja helppo k\u00e4sitell\u00e4 levityksen aikana. Ja kaikki t\u00e4m\u00e4 ilman, ett\u00e4 sinun tarvitsee tehd\u00e4 suuria laadullisia kompromisseja.<\/p>\n\n<p>T\u00e4ll\u00e4 tavalla voidaan tehd\u00e4 sovelluksia useille materiaaleille yhdell\u00e4 yleistiivisteaineella ja saavuttaa my\u00f6s laadukas vaikutus ja pitk\u00e4 kest\u00e4vyys.<\/p>\n\n<p>Kuitenkin kaupallisissa ja teollisissa sovelluksissa, joissa halutaan saavuttaa korkein mahdollinen suorituskyky tietyll\u00e4 pinnalla, suosittelemme k\u00e4ytt\u00e4m\u00e4\u00e4n erityisi\u00e4 pintak\u00e4sittelyj\u00e4mme kyseiselle pinnalle.<\/p>\n","protected":false},"excerpt":{"rendered":"<p><strong>**UUSI** Eritt\u00e4in tehokas ammattimainen yleistiiviste &#8220;koville&#8221;\/ei-imukykyisille pinnoille, kuten:<\/strong><\/p>\n<p>\u2713 Lasi<\/p>\n<p>\u2713 Keraamiset pinnat<\/p>\n<p>\u2713 Muovipinnat<\/p>\n<p>\u2713 Metallipinnat<\/p>\n<p>\u2713 Helposti puhdistettava vaikutus<\/p>\n","protected":false},"featured_media":18243,"template":"","meta":{"_acf_changed":false,"neve_meta_sidebar":"","neve_meta_container":"","neve_meta_enable_content_width":"","neve_meta_content_width":0,"neve_meta_title_alignment":"","neve_meta_author_avatar":"","neve_post_elements_order":"","neve_meta_disable_header":"","neve_meta_disable_footer":"","neve_meta_disable_title":"","neve_meta_reading_time":"","_surfaces":[],"_ver_product_tabs":[],"footnotes":""},"product_brand":[],"product_cat":[2488],"product_tag":[],"class_list":{"0":"post-23239","1":"product","2":"type-product","3":"status-publish","4":"has-post-thumbnail","6":"product_cat-yleinen-tiiviste","8":"first","9":"instock","10":"taxable","11":"shipping-taxable","12":"purchasable","13":"product-type-simple"},"acf":[],"yoast_head":"<!-- This site is optimized with the Yoast SEO Premium plugin v22.8 (Yoast SEO v27.5) - https:\/\/yoast.com\/product\/yoast-seo-premium-wordpress\/ -->\n<title>Yleistiiviste 7675 &quot;koville&quot; \/ imukykyisille pinnoille (lasi \/ keraaminen +++, ruostumaton ter\u00e4s +++, muovi \/ metalli ++) - versiegelung24.com<\/title>\n<meta name=\"robots\" content=\"index, follow, max-snippet:-1, max-image-preview:large, max-video-preview:-1\" \/>\n<link rel=\"canonical\" href=\"https:\/\/www.versiegelung24.com\/fi\/universaali-tiiviste-7675-koville-ei-imukykyisille-pinnoille-lasi-keraaminen-ruostumaton-teraes-muovi-metalli.html\" \/>\n<meta property=\"og:locale\" content=\"fi_FI\" \/>\n<meta property=\"og:type\" content=\"article\" \/>\n<meta property=\"og:title\" content=\"Yleistiiviste 7675 &quot;koville&quot; \/ imukykyisille pinnoille (lasi \/ keraaminen +++, ruostumaton ter\u00e4s +++, muovi \/ metalli ++)\" \/>\n<meta property=\"og:description\" content=\"**UUSI** Eritt\u00e4in tehokas ammattimainen yleistiiviste &quot;koville&quot;\/ei-imukykyisille pinnoille, kuten: \u2713 Lasi \u2713 Keraamiset pinnat \u2713 Muovipinnat \u2713 Metallipinnat \u2713 Helposti puhdistettava vaikutus\" \/>\n<meta property=\"og:url\" content=\"https:\/\/www.versiegelung24.com\/fi\/universaali-tiiviste-7675-koville-ei-imukykyisille-pinnoille-lasi-keraaminen-ruostumaton-teraes-muovi-metalli.html\" \/>\n<meta property=\"og:site_name\" content=\"versiegelung24.com\" \/>\n<meta property=\"article:modified_time\" content=\"2025-03-20T09:10:14+00:00\" \/>\n<meta property=\"og:image\" content=\"https:\/\/www.versiegelung24.com\/wp-content\/uploads\/2020\/06\/produkt-4005-7675-1000-Universalversiegelung-7675-scaled.jpg\" \/>\n\t<meta property=\"og:image:width\" content=\"2560\" \/>\n\t<meta property=\"og:image:height\" content=\"2560\" \/>\n\t<meta property=\"og:image:type\" content=\"image\/jpeg\" \/>\n<meta name=\"twitter:card\" content=\"summary_large_image\" \/>\n<meta name=\"twitter:label1\" content=\"Hinta\" \/>\n\t<meta name=\"twitter:data1\" content=\"89,99&euro;\" \/>\n\t<meta name=\"twitter:label2\" content=\"Saatavuus\" \/>\n\t<meta name=\"twitter:data2\" content=\"Varastossa\" \/>\n<script type=\"application\/ld+json\" class=\"yoast-schema-graph\">{\"@context\":\"https:\\\/\\\/schema.org\",\"@graph\":[{\"@type\":\"WebPage\",\"@id\":\"https:\\\/\\\/www.versiegelung24.com\\\/fi\\\/universaali-tiiviste-7675-koville-ei-imukykyisille-pinnoille-lasi-keraaminen-ruostumaton-teraes-muovi-metalli.html\",\"url\":\"https:\\\/\\\/www.versiegelung24.com\\\/fi\\\/universaali-tiiviste-7675-koville-ei-imukykyisille-pinnoille-lasi-keraaminen-ruostumaton-teraes-muovi-metalli.html\",\"name\":\"Yleistiiviste 7675 \\\"koville\\\" \\\/ imukykyisille pinnoille (lasi \\\/ keraaminen +++, ruostumaton ter\u00e4s +++, muovi \\\/ metalli ++) - versiegelung24.com\",\"isPartOf\":{\"@id\":\"https:\\\/\\\/www.versiegelung24.com\\\/fi\\\/#website\"},\"primaryImageOfPage\":{\"@id\":\"https:\\\/\\\/www.versiegelung24.com\\\/fi\\\/universaali-tiiviste-7675-koville-ei-imukykyisille-pinnoille-lasi-keraaminen-ruostumaton-teraes-muovi-metalli.html#primaryimage\"},\"image\":{\"@id\":\"https:\\\/\\\/www.versiegelung24.com\\\/fi\\\/universaali-tiiviste-7675-koville-ei-imukykyisille-pinnoille-lasi-keraaminen-ruostumaton-teraes-muovi-metalli.html#primaryimage\"},\"thumbnailUrl\":\"https:\\\/\\\/www.versiegelung24.com\\\/wp-content\\\/uploads\\\/2020\\\/06\\\/produkt-4005-7675-1000-Universalversiegelung-7675-scaled.jpg\",\"datePublished\":\"2021-08-02T19:28:40+00:00\",\"dateModified\":\"2025-03-20T09:10:14+00:00\",\"breadcrumb\":{\"@id\":\"https:\\\/\\\/www.versiegelung24.com\\\/fi\\\/universaali-tiiviste-7675-koville-ei-imukykyisille-pinnoille-lasi-keraaminen-ruostumaton-teraes-muovi-metalli.html#breadcrumb\"},\"inLanguage\":\"fi\",\"potentialAction\":[{\"@type\":\"ReadAction\",\"target\":[\"https:\\\/\\\/www.versiegelung24.com\\\/fi\\\/universaali-tiiviste-7675-koville-ei-imukykyisille-pinnoille-lasi-keraaminen-ruostumaton-teraes-muovi-metalli.html\"]}]},{\"@type\":\"ImageObject\",\"inLanguage\":\"fi\",\"@id\":\"https:\\\/\\\/www.versiegelung24.com\\\/fi\\\/universaali-tiiviste-7675-koville-ei-imukykyisille-pinnoille-lasi-keraaminen-ruostumaton-teraes-muovi-metalli.html#primaryimage\",\"url\":\"https:\\\/\\\/www.versiegelung24.com\\\/wp-content\\\/uploads\\\/2020\\\/06\\\/produkt-4005-7675-1000-Universalversiegelung-7675-scaled.jpg\",\"contentUrl\":\"https:\\\/\\\/www.versiegelung24.com\\\/wp-content\\\/uploads\\\/2020\\\/06\\\/produkt-4005-7675-1000-Universalversiegelung-7675-scaled.jpg\",\"width\":2560,\"height\":2560},{\"@type\":\"BreadcrumbList\",\"@id\":\"https:\\\/\\\/www.versiegelung24.com\\\/fi\\\/universaali-tiiviste-7675-koville-ei-imukykyisille-pinnoille-lasi-keraaminen-ruostumaton-teraes-muovi-metalli.html#breadcrumb\",\"itemListElement\":[{\"@type\":\"ListItem\",\"position\":1,\"name\":\"Kotisivu\",\"item\":\"https:\\\/\\\/www.versiegelung24.com\\\/fi\\\/etupuolella\\\/\"},{\"@type\":\"ListItem\",\"position\":2,\"name\":\"Myym\u00e4l\u00e4\",\"item\":\"https:\\\/\\\/www.versiegelung24.com\\\/fi\\\/myymala-2\\\/\"},{\"@type\":\"ListItem\",\"position\":3,\"name\":\"Yleistiiviste 7675 &#8220;koville&#8221; \\\/ imukykyisille pinnoille (lasi \\\/ keraaminen +++, ruostumaton ter\u00e4s +++, muovi \\\/ metalli ++)\"}]},{\"@type\":\"WebSite\",\"@id\":\"https:\\\/\\\/www.versiegelung24.com\\\/fi\\\/#website\",\"url\":\"https:\\\/\\\/www.versiegelung24.com\\\/fi\\\/\",\"name\":\"versiegelung24.com\",\"description\":\"Fl\u00fcssigglas-Versiegelung - Made in Germany\",\"publisher\":{\"@id\":\"https:\\\/\\\/www.versiegelung24.com\\\/fi\\\/#organization\"},\"potentialAction\":[{\"@type\":\"SearchAction\",\"target\":{\"@type\":\"EntryPoint\",\"urlTemplate\":\"https:\\\/\\\/www.versiegelung24.com\\\/fi\\\/?s={search_term_string}\"},\"query-input\":{\"@type\":\"PropertyValueSpecification\",\"valueRequired\":true,\"valueName\":\"search_term_string\"}}],\"inLanguage\":\"fi\"},{\"@type\":\"Organization\",\"@id\":\"https:\\\/\\\/www.versiegelung24.com\\\/fi\\\/#organization\",\"name\":\"versiegelung24\",\"url\":\"https:\\\/\\\/www.versiegelung24.com\\\/fi\\\/\",\"logo\":{\"@type\":\"ImageObject\",\"inLanguage\":\"fi\",\"@id\":\"https:\\\/\\\/www.versiegelung24.com\\\/fi\\\/#\\\/schema\\\/logo\\\/image\\\/\",\"url\":\"https:\\\/\\\/www.versiegelung24.com\\\/wp-content\\\/uploads\\\/2020\\\/04\\\/versiegelung24.png\",\"contentUrl\":\"https:\\\/\\\/www.versiegelung24.com\\\/wp-content\\\/uploads\\\/2020\\\/04\\\/versiegelung24.png\",\"width\":470,\"height\":102,\"caption\":\"versiegelung24\"},\"image\":{\"@id\":\"https:\\\/\\\/www.versiegelung24.com\\\/fi\\\/#\\\/schema\\\/logo\\\/image\\\/\"}}]}<\/script>\n<meta property=\"product:price:amount\" content=\"89.99\" \/>\n<meta property=\"product:price:currency\" content=\"EUR\" \/>\n<meta property=\"og:availability\" content=\"instock\" \/>\n<meta property=\"product:availability\" content=\"instock\" \/>\n<meta property=\"product:retailer_item_id\" content=\"4005-7675\" \/>\n<meta property=\"product:condition\" content=\"new\" \/>\n<!-- \/ Yoast SEO Premium plugin. -->","yoast_head_json":{"title":"Yleistiiviste 7675 \"koville\" \/ imukykyisille pinnoille (lasi \/ keraaminen +++, ruostumaton ter\u00e4s +++, muovi \/ metalli ++) - versiegelung24.com","robots":{"index":"index","follow":"follow","max-snippet":"max-snippet:-1","max-image-preview":"max-image-preview:large","max-video-preview":"max-video-preview:-1"},"canonical":"https:\/\/www.versiegelung24.com\/fi\/universaali-tiiviste-7675-koville-ei-imukykyisille-pinnoille-lasi-keraaminen-ruostumaton-teraes-muovi-metalli.html","og_locale":"fi_FI","og_type":"article","og_title":"Yleistiiviste 7675 \"koville\" \/ imukykyisille pinnoille (lasi \/ keraaminen +++, ruostumaton ter\u00e4s +++, muovi \/ metalli ++)","og_description":"**UUSI** Eritt\u00e4in tehokas ammattimainen yleistiiviste \"koville\"\/ei-imukykyisille pinnoille, kuten: \u2713 Lasi \u2713 Keraamiset pinnat \u2713 Muovipinnat \u2713 Metallipinnat \u2713 Helposti puhdistettava vaikutus","og_url":"https:\/\/www.versiegelung24.com\/fi\/universaali-tiiviste-7675-koville-ei-imukykyisille-pinnoille-lasi-keraaminen-ruostumaton-teraes-muovi-metalli.html","og_site_name":"versiegelung24.com","article_modified_time":"2025-03-20T09:10:14+00:00","og_image":[{"width":2560,"height":2560,"url":"https:\/\/www.versiegelung24.com\/wp-content\/uploads\/2020\/06\/produkt-4005-7675-1000-Universalversiegelung-7675-scaled.jpg","type":"image\/jpeg"}],"twitter_card":"summary_large_image","twitter_misc":{"Hinta":"89,99&euro;","Saatavuus":"Varastossa"},"schema":{"@context":"https:\/\/schema.org","@graph":[{"@type":"WebPage","@id":"https:\/\/www.versiegelung24.com\/fi\/universaali-tiiviste-7675-koville-ei-imukykyisille-pinnoille-lasi-keraaminen-ruostumaton-teraes-muovi-metalli.html","url":"https:\/\/www.versiegelung24.com\/fi\/universaali-tiiviste-7675-koville-ei-imukykyisille-pinnoille-lasi-keraaminen-ruostumaton-teraes-muovi-metalli.html","name":"Yleistiiviste 7675 \"koville\" \/ imukykyisille pinnoille (lasi \/ keraaminen +++, ruostumaton ter\u00e4s +++, muovi \/ metalli ++) - versiegelung24.com","isPartOf":{"@id":"https:\/\/www.versiegelung24.com\/fi\/#website"},"primaryImageOfPage":{"@id":"https:\/\/www.versiegelung24.com\/fi\/universaali-tiiviste-7675-koville-ei-imukykyisille-pinnoille-lasi-keraaminen-ruostumaton-teraes-muovi-metalli.html#primaryimage"},"image":{"@id":"https:\/\/www.versiegelung24.com\/fi\/universaali-tiiviste-7675-koville-ei-imukykyisille-pinnoille-lasi-keraaminen-ruostumaton-teraes-muovi-metalli.html#primaryimage"},"thumbnailUrl":"https:\/\/www.versiegelung24.com\/wp-content\/uploads\/2020\/06\/produkt-4005-7675-1000-Universalversiegelung-7675-scaled.jpg","datePublished":"2021-08-02T19:28:40+00:00","dateModified":"2025-03-20T09:10:14+00:00","breadcrumb":{"@id":"https:\/\/www.versiegelung24.com\/fi\/universaali-tiiviste-7675-koville-ei-imukykyisille-pinnoille-lasi-keraaminen-ruostumaton-teraes-muovi-metalli.html#breadcrumb"},"inLanguage":"fi","potentialAction":[{"@type":"ReadAction","target":["https:\/\/www.versiegelung24.com\/fi\/universaali-tiiviste-7675-koville-ei-imukykyisille-pinnoille-lasi-keraaminen-ruostumaton-teraes-muovi-metalli.html"]}]},{"@type":"ImageObject","inLanguage":"fi","@id":"https:\/\/www.versiegelung24.com\/fi\/universaali-tiiviste-7675-koville-ei-imukykyisille-pinnoille-lasi-keraaminen-ruostumaton-teraes-muovi-metalli.html#primaryimage","url":"https:\/\/www.versiegelung24.com\/wp-content\/uploads\/2020\/06\/produkt-4005-7675-1000-Universalversiegelung-7675-scaled.jpg","contentUrl":"https:\/\/www.versiegelung24.com\/wp-content\/uploads\/2020\/06\/produkt-4005-7675-1000-Universalversiegelung-7675-scaled.jpg","width":2560,"height":2560},{"@type":"BreadcrumbList","@id":"https:\/\/www.versiegelung24.com\/fi\/universaali-tiiviste-7675-koville-ei-imukykyisille-pinnoille-lasi-keraaminen-ruostumaton-teraes-muovi-metalli.html#breadcrumb","itemListElement":[{"@type":"ListItem","position":1,"name":"Kotisivu","item":"https:\/\/www.versiegelung24.com\/fi\/etupuolella\/"},{"@type":"ListItem","position":2,"name":"Myym\u00e4l\u00e4","item":"https:\/\/www.versiegelung24.com\/fi\/myymala-2\/"},{"@type":"ListItem","position":3,"name":"Yleistiiviste 7675 &#8220;koville&#8221; \/ imukykyisille pinnoille (lasi \/ keraaminen +++, ruostumaton ter\u00e4s +++, muovi \/ metalli ++)"}]},{"@type":"WebSite","@id":"https:\/\/www.versiegelung24.com\/fi\/#website","url":"https:\/\/www.versiegelung24.com\/fi\/","name":"versiegelung24.com","description":"Fl\u00fcssigglas-Versiegelung - Made in Germany","publisher":{"@id":"https:\/\/www.versiegelung24.com\/fi\/#organization"},"potentialAction":[{"@type":"SearchAction","target":{"@type":"EntryPoint","urlTemplate":"https:\/\/www.versiegelung24.com\/fi\/?s={search_term_string}"},"query-input":{"@type":"PropertyValueSpecification","valueRequired":true,"valueName":"search_term_string"}}],"inLanguage":"fi"},{"@type":"Organization","@id":"https:\/\/www.versiegelung24.com\/fi\/#organization","name":"versiegelung24","url":"https:\/\/www.versiegelung24.com\/fi\/","logo":{"@type":"ImageObject","inLanguage":"fi","@id":"https:\/\/www.versiegelung24.com\/fi\/#\/schema\/logo\/image\/","url":"https:\/\/www.versiegelung24.com\/wp-content\/uploads\/2020\/04\/versiegelung24.png","contentUrl":"https:\/\/www.versiegelung24.com\/wp-content\/uploads\/2020\/04\/versiegelung24.png","width":470,"height":102,"caption":"versiegelung24"},"image":{"@id":"https:\/\/www.versiegelung24.com\/fi\/#\/schema\/logo\/image\/"}}]},"product_price_amount":"89.99","product_price_currency":"EUR","og_availability":"instock","product_availability":"instock","product_retailer_item_id":"4005-7675","product_condition":"new"},"_links":{"self":[{"href":"https:\/\/www.versiegelung24.com\/fi\/wp-json\/wp\/v2\/product\/23239","targetHints":{"allow":["GET"]}}],"collection":[{"href":"https:\/\/www.versiegelung24.com\/fi\/wp-json\/wp\/v2\/product"}],"about":[{"href":"https:\/\/www.versiegelung24.com\/fi\/wp-json\/wp\/v2\/types\/product"}],"version-history":[{"count":16,"href":"https:\/\/www.versiegelung24.com\/fi\/wp-json\/wp\/v2\/product\/23239\/revisions"}],"predecessor-version":[{"id":181093,"href":"https:\/\/www.versiegelung24.com\/fi\/wp-json\/wp\/v2\/product\/23239\/revisions\/181093"}],"wp:featuredmedia":[{"embeddable":true,"href":"https:\/\/www.versiegelung24.com\/fi\/wp-json\/wp\/v2\/media\/18243"}],"wp:attachment":[{"href":"https:\/\/www.versiegelung24.com\/fi\/wp-json\/wp\/v2\/media?parent=23239"}],"wp:term":[{"taxonomy":"product_brand","embeddable":true,"href":"https:\/\/www.versiegelung24.com\/fi\/wp-json\/wp\/v2\/product_brand?post=23239"},{"taxonomy":"product_cat","embeddable":true,"href":"https:\/\/www.versiegelung24.com\/fi\/wp-json\/wp\/v2\/product_cat?post=23239"},{"taxonomy":"product_tag","embeddable":true,"href":"https:\/\/www.versiegelung24.com\/fi\/wp-json\/wp\/v2\/product_tag?post=23239"}],"curies":[{"name":"wp","href":"https:\/\/api.w.org\/{rel}","templated":true}]}}