{"id":23362,"date":"2020-04-04T18:53:43","date_gmt":"2021-08-02T19:33:07","guid":{"rendered":"https:\/\/www.versiegelung24.com\/produkt\/yleistiiviste-695-pehmeille-imukykyisille-pinnoille-kivi-puu-tekstiili"},"modified":"2025-04-12T11:47:50","modified_gmt":"2025-04-12T09:47:50","slug":"yleistiiviste-695-pehmeille-imukykyisille-pinnoille-kivi-puu-tekstiili","status":"publish","type":"product","link":"https:\/\/www.versiegelung24.com\/fi\/yleistiiviste-695-pehmeille-imukykyisille-pinnoille-kivi-puu-tekstiili.html","title":{"rendered":"Yleistiiviste 695 &#8220;pehmeille&#8221; \/ imukykyisille pinnoille (kivi +++, puu +++, tekstiili ++)"},"content":{"rendered":"\n<p><strong>Eritt\u00e4in tehokas ammattimainen yleistiiviste &#8220;pehmeille&#8221;\/imukykyisille pinnoille, kuten tekstiileille, kiville, puulle helposti puhdistettavalla vaikutuksella<\/strong><\/p>\n\n<p>Ihanteellinen kiville ja puulle, soveltuu my\u00f6s tekstiileille<\/p>\n\n<p>Laadukas &#8211; valmistettu Saksassa<\/p>\n\n<p><strong>V24 yleistiiviste 4007-695<\/strong> on vesipitoinen kyll\u00e4stys imukykyisille \/ &#8220;pehmeille&#8221; pinnoille, joilla on eritt\u00e4in hyv\u00e4 hydrofobisuus (vett\u00e4 hylkiv\u00e4) ja pintojen oleofobisuus (\u00f6ljy\u00e4 hylkiv\u00e4). Tuote muodostaa l\u00e4hes n\u00e4kym\u00e4tt\u00f6m\u00e4n, ohuen pintakalvon. Vett\u00e4 hylkiv\u00e4 vaikutus v\u00e4hent\u00e4\u00e4 merkitt\u00e4v\u00e4sti kosteuden tunkeutumista k\u00e4sitellyille pinnoille ja uudelleen likaantumista. \u00d6ljyn ja v\u00e4rj\u00e4\u00e4vien aineiden tunkeutuminen pintaan v\u00e4henee ja voidaan helposti poistaa \/ puhdistaa.<\/p>\n\n<hr \/>\n\n<h4 class=\"wp-block-heading\" id=\"properties\">Tuotteen ominaisuudet<\/h4>\n\n<div class=\"wp-block-columns is-layout-flex wp-container-core-columns-is-layout-9d6595d7 wp-block-columns-is-layout-flex\">\n<div class=\"wp-block-column is-layout-flow wp-block-column-is-layout-flow\">\n<p>Huomautus: Edullisissa valkoisissa tekstiileiss\u00e4 voi olla keltainen s\u00e4vy<\/p>\n\n\n\n<p>Tiivistett\u00e4v\u00e4n pinnan imukyvyst\u00e4 riippuen 1 litra riitt\u00e4\u00e4 enint\u00e4\u00e4n 40 m\u00b2: iin.<\/p>\n<\/div>\n\n\n\n<div class=\"wp-block-column is-layout-flow wp-block-column-is-layout-flow\">\n<p><br \/><br \/>T<strong>oimituksen sis\u00e4lt\u00f6:<\/strong> 1 x litran pullo 1 x pumppusumutin 1 x pumppusumutin<\/p>\n<\/div>\n<\/div>\n\n<hr \/>\n\n<h4 class=\"wp-block-heading\" id=\"h-ratgeber\">Neuvonantaja<\/h4>\n\n<p>Yleistiivisteemme sopivat erityisen hyvin tee-se-itse-sektorille.<\/p>\n\n<p>Niiss\u00e4 yhdistyv\u00e4t ammattimainen toimintatapa eri pinnoilla ja helppo k\u00e4sitell\u00e4 levityksen aikana. Ja kaikki t\u00e4m\u00e4 ilman, ett\u00e4 sinun tarvitsee tehd\u00e4 suuria laadullisia kompromisseja.<\/p>\n\n<p>T\u00e4ll\u00e4 tavalla voidaan tehd\u00e4 sovelluksia useille materiaaleille yhdell\u00e4 yleistiivisteaineella ja saavuttaa my\u00f6s laadukas vaikutus ja pitk\u00e4 kest\u00e4vyys.<\/p>\n\n<p>Kuitenkin kaupallisissa ja teollisissa sovelluksissa, joissa halutaan saavuttaa korkein mahdollinen suorituskyky tietyll\u00e4 pinnalla, suosittelemme k\u00e4ytt\u00e4m\u00e4\u00e4n erityisi\u00e4 pintak\u00e4sittelyj\u00e4mme kyseiselle pinnalle.<\/p>\n","protected":false},"excerpt":{"rendered":"<p><strong>Eritt\u00e4in tehokas ammattimainen yleistiiviste imukykyisille \/ &#8220;pehmeille&#8221; pinnoille:<\/strong><\/p>\n<p>\u2713 Tekstiili\u00e4<\/p>\n<p>\u2713 Kivi<\/p>\n<p>\u2713 puu<\/p>\n<p>\u2713 Helposti puhdistettava vaikutus<\/p>\n","protected":false},"featured_media":18314,"template":"","meta":{"_acf_changed":false,"neve_meta_sidebar":"","neve_meta_container":"","neve_meta_enable_content_width":"","neve_meta_content_width":0,"neve_meta_title_alignment":"","neve_meta_author_avatar":"","neve_post_elements_order":"","neve_meta_disable_header":"","neve_meta_disable_footer":"","neve_meta_disable_title":"","neve_meta_reading_time":"","_surfaces":[],"_ver_product_tabs":[],"footnotes":""},"product_brand":[],"product_cat":[2488],"product_tag":[],"class_list":{"0":"post-23362","1":"product","2":"type-product","3":"status-publish","4":"has-post-thumbnail","6":"product_cat-yleinen-tiiviste","7":"pa_gebinde-1000-ml-pullo","8":"pa_gebinde-20l-kanisteri","10":"first","11":"instock","12":"taxable","13":"shipping-taxable","14":"purchasable","15":"product-type-variable","16":"has-default-attributes"},"acf":[],"yoast_head":"<!-- This site is optimized with the Yoast SEO Premium plugin v22.8 (Yoast SEO v27.4) - https:\/\/yoast.com\/product\/yoast-seo-premium-wordpress\/ -->\n<title>Yleistiiviste 695 &quot;pehmeille&quot; \/ imukykyisille pinnoille (kivi +++, puu +++, tekstiili ++) - versiegelung24.com<\/title>\n<meta name=\"robots\" content=\"index, follow, max-snippet:-1, max-image-preview:large, max-video-preview:-1\" \/>\n<link rel=\"canonical\" href=\"https:\/\/www.versiegelung24.com\/fi\/yleistiiviste-695-pehmeille-imukykyisille-pinnoille-kivi-puu-tekstiili.html\" \/>\n<meta property=\"og:locale\" content=\"fi_FI\" \/>\n<meta property=\"og:type\" content=\"article\" \/>\n<meta property=\"og:title\" content=\"Yleistiiviste 695 &quot;pehmeille&quot; \/ imukykyisille pinnoille (kivi +++, puu +++, tekstiili ++)\" \/>\n<meta property=\"og:description\" content=\"Eritt\u00e4in tehokas ammattimainen yleistiiviste imukykyisille \/ &quot;pehmeille&quot; pinnoille: \u2713 Tekstiili\u00e4 \u2713 Kivi \u2713 puu \u2713 Helposti puhdistettava vaikutus\" \/>\n<meta property=\"og:url\" content=\"https:\/\/www.versiegelung24.com\/fi\/yleistiiviste-695-pehmeille-imukykyisille-pinnoille-kivi-puu-tekstiili.html\" \/>\n<meta property=\"og:site_name\" content=\"versiegelung24.com\" \/>\n<meta property=\"article:modified_time\" content=\"2025-04-12T09:47:50+00:00\" \/>\n<meta property=\"og:image\" content=\"https:\/\/www.versiegelung24.com\/wp-content\/uploads\/2020\/06\/produkt-4007-695-1000-Universalversiegelung-695-scaled.jpg\" \/>\n\t<meta property=\"og:image:width\" content=\"2560\" \/>\n\t<meta property=\"og:image:height\" content=\"2560\" \/>\n\t<meta property=\"og:image:type\" content=\"image\/jpeg\" \/>\n<meta name=\"twitter:card\" content=\"summary_large_image\" \/>\n<meta name=\"twitter:label1\" content=\"Saatavuus\" \/>\n\t<meta name=\"twitter:data1\" content=\"Varastossa\" \/>\n<script type=\"application\/ld+json\" class=\"yoast-schema-graph\">{\"@context\":\"https:\\\/\\\/schema.org\",\"@graph\":[{\"@type\":\"WebPage\",\"@id\":\"https:\\\/\\\/www.versiegelung24.com\\\/fi\\\/yleistiiviste-695-pehmeille-imukykyisille-pinnoille-kivi-puu-tekstiili.html\",\"url\":\"https:\\\/\\\/www.versiegelung24.com\\\/fi\\\/yleistiiviste-695-pehmeille-imukykyisille-pinnoille-kivi-puu-tekstiili.html\",\"name\":\"Yleistiiviste 695 \\\"pehmeille\\\" \\\/ imukykyisille pinnoille (kivi +++, puu +++, tekstiili ++) - versiegelung24.com\",\"isPartOf\":{\"@id\":\"https:\\\/\\\/www.versiegelung24.com\\\/fi\\\/#website\"},\"primaryImageOfPage\":{\"@id\":\"https:\\\/\\\/www.versiegelung24.com\\\/fi\\\/yleistiiviste-695-pehmeille-imukykyisille-pinnoille-kivi-puu-tekstiili.html#primaryimage\"},\"image\":{\"@id\":\"https:\\\/\\\/www.versiegelung24.com\\\/fi\\\/yleistiiviste-695-pehmeille-imukykyisille-pinnoille-kivi-puu-tekstiili.html#primaryimage\"},\"thumbnailUrl\":\"https:\\\/\\\/www.versiegelung24.com\\\/wp-content\\\/uploads\\\/2020\\\/06\\\/produkt-4007-695-1000-Universalversiegelung-695-scaled.jpg\",\"datePublished\":\"2021-08-02T19:33:07+00:00\",\"dateModified\":\"2025-04-12T09:47:50+00:00\",\"breadcrumb\":{\"@id\":\"https:\\\/\\\/www.versiegelung24.com\\\/fi\\\/yleistiiviste-695-pehmeille-imukykyisille-pinnoille-kivi-puu-tekstiili.html#breadcrumb\"},\"inLanguage\":\"fi\",\"potentialAction\":[{\"@type\":\"ReadAction\",\"target\":[\"https:\\\/\\\/www.versiegelung24.com\\\/fi\\\/yleistiiviste-695-pehmeille-imukykyisille-pinnoille-kivi-puu-tekstiili.html\"]}]},{\"@type\":\"ImageObject\",\"inLanguage\":\"fi\",\"@id\":\"https:\\\/\\\/www.versiegelung24.com\\\/fi\\\/yleistiiviste-695-pehmeille-imukykyisille-pinnoille-kivi-puu-tekstiili.html#primaryimage\",\"url\":\"https:\\\/\\\/www.versiegelung24.com\\\/wp-content\\\/uploads\\\/2020\\\/06\\\/produkt-4007-695-1000-Universalversiegelung-695-scaled.jpg\",\"contentUrl\":\"https:\\\/\\\/www.versiegelung24.com\\\/wp-content\\\/uploads\\\/2020\\\/06\\\/produkt-4007-695-1000-Universalversiegelung-695-scaled.jpg\",\"width\":2560,\"height\":2560},{\"@type\":\"BreadcrumbList\",\"@id\":\"https:\\\/\\\/www.versiegelung24.com\\\/fi\\\/yleistiiviste-695-pehmeille-imukykyisille-pinnoille-kivi-puu-tekstiili.html#breadcrumb\",\"itemListElement\":[{\"@type\":\"ListItem\",\"position\":1,\"name\":\"Kotisivu\",\"item\":\"https:\\\/\\\/www.versiegelung24.com\\\/fi\\\/etupuolella\\\/\"},{\"@type\":\"ListItem\",\"position\":2,\"name\":\"Myym\u00e4l\u00e4\",\"item\":\"https:\\\/\\\/www.versiegelung24.com\\\/fi\\\/myymala-2\\\/\"},{\"@type\":\"ListItem\",\"position\":3,\"name\":\"Yleistiiviste 695 &#8220;pehmeille&#8221; \\\/ imukykyisille pinnoille (kivi +++, puu +++, tekstiili ++)\"}]},{\"@type\":\"WebSite\",\"@id\":\"https:\\\/\\\/www.versiegelung24.com\\\/fi\\\/#website\",\"url\":\"https:\\\/\\\/www.versiegelung24.com\\\/fi\\\/\",\"name\":\"versiegelung24.com\",\"description\":\"Fl\u00fcssigglas-Versiegelung - Made in Germany\",\"publisher\":{\"@id\":\"https:\\\/\\\/www.versiegelung24.com\\\/fi\\\/#organization\"},\"potentialAction\":[{\"@type\":\"SearchAction\",\"target\":{\"@type\":\"EntryPoint\",\"urlTemplate\":\"https:\\\/\\\/www.versiegelung24.com\\\/fi\\\/?s={search_term_string}\"},\"query-input\":{\"@type\":\"PropertyValueSpecification\",\"valueRequired\":true,\"valueName\":\"search_term_string\"}}],\"inLanguage\":\"fi\"},{\"@type\":\"Organization\",\"@id\":\"https:\\\/\\\/www.versiegelung24.com\\\/fi\\\/#organization\",\"name\":\"versiegelung24\",\"url\":\"https:\\\/\\\/www.versiegelung24.com\\\/fi\\\/\",\"logo\":{\"@type\":\"ImageObject\",\"inLanguage\":\"fi\",\"@id\":\"https:\\\/\\\/www.versiegelung24.com\\\/fi\\\/#\\\/schema\\\/logo\\\/image\\\/\",\"url\":\"https:\\\/\\\/www.versiegelung24.com\\\/wp-content\\\/uploads\\\/2020\\\/04\\\/versiegelung24.png\",\"contentUrl\":\"https:\\\/\\\/www.versiegelung24.com\\\/wp-content\\\/uploads\\\/2020\\\/04\\\/versiegelung24.png\",\"width\":470,\"height\":102,\"caption\":\"versiegelung24\"},\"image\":{\"@id\":\"https:\\\/\\\/www.versiegelung24.com\\\/fi\\\/#\\\/schema\\\/logo\\\/image\\\/\"}}]}<\/script>\n<meta property=\"og:availability\" content=\"instock\" \/>\n<meta property=\"product:availability\" content=\"instock\" \/>\n<meta property=\"product:retailer_item_id\" content=\"4007-695\" \/>\n<meta property=\"product:condition\" content=\"new\" \/>\n<!-- \/ Yoast SEO Premium plugin. -->","yoast_head_json":{"title":"Yleistiiviste 695 \"pehmeille\" \/ imukykyisille pinnoille (kivi +++, puu +++, tekstiili ++) - versiegelung24.com","robots":{"index":"index","follow":"follow","max-snippet":"max-snippet:-1","max-image-preview":"max-image-preview:large","max-video-preview":"max-video-preview:-1"},"canonical":"https:\/\/www.versiegelung24.com\/fi\/yleistiiviste-695-pehmeille-imukykyisille-pinnoille-kivi-puu-tekstiili.html","og_locale":"fi_FI","og_type":"article","og_title":"Yleistiiviste 695 \"pehmeille\" \/ imukykyisille pinnoille (kivi +++, puu +++, tekstiili ++)","og_description":"Eritt\u00e4in tehokas ammattimainen yleistiiviste imukykyisille \/ \"pehmeille\" pinnoille: \u2713 Tekstiili\u00e4 \u2713 Kivi \u2713 puu \u2713 Helposti puhdistettava vaikutus","og_url":"https:\/\/www.versiegelung24.com\/fi\/yleistiiviste-695-pehmeille-imukykyisille-pinnoille-kivi-puu-tekstiili.html","og_site_name":"versiegelung24.com","article_modified_time":"2025-04-12T09:47:50+00:00","og_image":[{"width":2560,"height":2560,"url":"https:\/\/www.versiegelung24.com\/wp-content\/uploads\/2020\/06\/produkt-4007-695-1000-Universalversiegelung-695-scaled.jpg","type":"image\/jpeg"}],"twitter_card":"summary_large_image","twitter_misc":{"Saatavuus":"Varastossa"},"schema":{"@context":"https:\/\/schema.org","@graph":[{"@type":"WebPage","@id":"https:\/\/www.versiegelung24.com\/fi\/yleistiiviste-695-pehmeille-imukykyisille-pinnoille-kivi-puu-tekstiili.html","url":"https:\/\/www.versiegelung24.com\/fi\/yleistiiviste-695-pehmeille-imukykyisille-pinnoille-kivi-puu-tekstiili.html","name":"Yleistiiviste 695 \"pehmeille\" \/ imukykyisille pinnoille (kivi +++, puu +++, tekstiili ++) - versiegelung24.com","isPartOf":{"@id":"https:\/\/www.versiegelung24.com\/fi\/#website"},"primaryImageOfPage":{"@id":"https:\/\/www.versiegelung24.com\/fi\/yleistiiviste-695-pehmeille-imukykyisille-pinnoille-kivi-puu-tekstiili.html#primaryimage"},"image":{"@id":"https:\/\/www.versiegelung24.com\/fi\/yleistiiviste-695-pehmeille-imukykyisille-pinnoille-kivi-puu-tekstiili.html#primaryimage"},"thumbnailUrl":"https:\/\/www.versiegelung24.com\/wp-content\/uploads\/2020\/06\/produkt-4007-695-1000-Universalversiegelung-695-scaled.jpg","datePublished":"2021-08-02T19:33:07+00:00","dateModified":"2025-04-12T09:47:50+00:00","breadcrumb":{"@id":"https:\/\/www.versiegelung24.com\/fi\/yleistiiviste-695-pehmeille-imukykyisille-pinnoille-kivi-puu-tekstiili.html#breadcrumb"},"inLanguage":"fi","potentialAction":[{"@type":"ReadAction","target":["https:\/\/www.versiegelung24.com\/fi\/yleistiiviste-695-pehmeille-imukykyisille-pinnoille-kivi-puu-tekstiili.html"]}]},{"@type":"ImageObject","inLanguage":"fi","@id":"https:\/\/www.versiegelung24.com\/fi\/yleistiiviste-695-pehmeille-imukykyisille-pinnoille-kivi-puu-tekstiili.html#primaryimage","url":"https:\/\/www.versiegelung24.com\/wp-content\/uploads\/2020\/06\/produkt-4007-695-1000-Universalversiegelung-695-scaled.jpg","contentUrl":"https:\/\/www.versiegelung24.com\/wp-content\/uploads\/2020\/06\/produkt-4007-695-1000-Universalversiegelung-695-scaled.jpg","width":2560,"height":2560},{"@type":"BreadcrumbList","@id":"https:\/\/www.versiegelung24.com\/fi\/yleistiiviste-695-pehmeille-imukykyisille-pinnoille-kivi-puu-tekstiili.html#breadcrumb","itemListElement":[{"@type":"ListItem","position":1,"name":"Kotisivu","item":"https:\/\/www.versiegelung24.com\/fi\/etupuolella\/"},{"@type":"ListItem","position":2,"name":"Myym\u00e4l\u00e4","item":"https:\/\/www.versiegelung24.com\/fi\/myymala-2\/"},{"@type":"ListItem","position":3,"name":"Yleistiiviste 695 &#8220;pehmeille&#8221; \/ imukykyisille pinnoille (kivi +++, puu +++, tekstiili ++)"}]},{"@type":"WebSite","@id":"https:\/\/www.versiegelung24.com\/fi\/#website","url":"https:\/\/www.versiegelung24.com\/fi\/","name":"versiegelung24.com","description":"Fl\u00fcssigglas-Versiegelung - Made in Germany","publisher":{"@id":"https:\/\/www.versiegelung24.com\/fi\/#organization"},"potentialAction":[{"@type":"SearchAction","target":{"@type":"EntryPoint","urlTemplate":"https:\/\/www.versiegelung24.com\/fi\/?s={search_term_string}"},"query-input":{"@type":"PropertyValueSpecification","valueRequired":true,"valueName":"search_term_string"}}],"inLanguage":"fi"},{"@type":"Organization","@id":"https:\/\/www.versiegelung24.com\/fi\/#organization","name":"versiegelung24","url":"https:\/\/www.versiegelung24.com\/fi\/","logo":{"@type":"ImageObject","inLanguage":"fi","@id":"https:\/\/www.versiegelung24.com\/fi\/#\/schema\/logo\/image\/","url":"https:\/\/www.versiegelung24.com\/wp-content\/uploads\/2020\/04\/versiegelung24.png","contentUrl":"https:\/\/www.versiegelung24.com\/wp-content\/uploads\/2020\/04\/versiegelung24.png","width":470,"height":102,"caption":"versiegelung24"},"image":{"@id":"https:\/\/www.versiegelung24.com\/fi\/#\/schema\/logo\/image\/"}}]},"og_availability":"instock","product_availability":"instock","product_retailer_item_id":"4007-695","product_condition":"new"},"_links":{"self":[{"href":"https:\/\/www.versiegelung24.com\/fi\/wp-json\/wp\/v2\/product\/23362","targetHints":{"allow":["GET"]}}],"collection":[{"href":"https:\/\/www.versiegelung24.com\/fi\/wp-json\/wp\/v2\/product"}],"about":[{"href":"https:\/\/www.versiegelung24.com\/fi\/wp-json\/wp\/v2\/types\/product"}],"version-history":[{"count":25,"href":"https:\/\/www.versiegelung24.com\/fi\/wp-json\/wp\/v2\/product\/23362\/revisions"}],"predecessor-version":[{"id":181431,"href":"https:\/\/www.versiegelung24.com\/fi\/wp-json\/wp\/v2\/product\/23362\/revisions\/181431"}],"wp:featuredmedia":[{"embeddable":true,"href":"https:\/\/www.versiegelung24.com\/fi\/wp-json\/wp\/v2\/media\/18314"}],"wp:attachment":[{"href":"https:\/\/www.versiegelung24.com\/fi\/wp-json\/wp\/v2\/media?parent=23362"}],"wp:term":[{"taxonomy":"product_brand","embeddable":true,"href":"https:\/\/www.versiegelung24.com\/fi\/wp-json\/wp\/v2\/product_brand?post=23362"},{"taxonomy":"product_cat","embeddable":true,"href":"https:\/\/www.versiegelung24.com\/fi\/wp-json\/wp\/v2\/product_cat?post=23362"},{"taxonomy":"product_tag","embeddable":true,"href":"https:\/\/www.versiegelung24.com\/fi\/wp-json\/wp\/v2\/product_tag?post=23362"}],"curies":[{"name":"wp","href":"https:\/\/api.w.org\/{rel}","templated":true}]}}