{"id":23411,"date":"2020-04-04T18:53:17","date_gmt":"2021-08-02T19:35:00","guid":{"rendered":"https:\/\/www.versiegelung24.com\/produkt\/5-litraa-bacoban-tiivistetta-500-litraan-pitkaaikaista-pinnan-desinfiointia"},"modified":"2025-01-13T16:36:33","modified_gmt":"2025-01-13T15:36:33","slug":"bacoban-pitkaaikainen-pinnan-desinfiointi-5-000ml-vesipohjainen-tiiviste","status":"publish","type":"product","link":"https:\/\/www.versiegelung24.com\/fi\/bacoban-pitkaeaikainen-pinnan-desinfiointi-5-000ml-vesipohjainen-tiiviste.html","title":{"rendered":"5 litraa BACOBAN\u00ae-tiivistett\u00e4 500 litraan pitk\u00e4aikaista pinnan desinfiointia"},"content":{"rendered":"\n<h2 class=\"wp-block-heading\" id=\"h-5-liter-kanister-bacoban-langzeit-flachendesinfektion-konzentrat\">5 litran kanisteri BACOBAN\u00ae pitk\u00e4aikainen pinnan desinfiointitiiviste<\/h2>\n\n<p><strong>Riitt\u00e4\u00e4 500 litraan desinfiointiainetta (laimennettuna vedell\u00e4 1: 100)<\/strong><\/p>\n\n<p><strong>K\u00e4yt\u00e4 desinfiointiaineita huolellisesti. Lue aina etiketti ja tuotetiedot ennen k\u00e4ytt\u00f6\u00e4.<\/strong><\/p>\n\n<hr \/>\n\n<h4 class=\"wp-block-heading\" id=\"properties\">Tuotteen ominaisuudet<\/h4>\n\n<p><br \/>K<strong>oostumus:<\/strong> 100 g liuosta sis\u00e4lt\u00e4\u00e4:<br \/>Asetuksen (EY) N:o 648\/2004 mukaiset ainesosat: v\u00e4hint\u00e4\u00e4n 15 %, mutta alle 30 % kationisia pinta-aktiivisia aineita, desinfiointiaineita, hajusteita (linalooli, limoneeni, sitraali, geranioli, sitronelloli).<\/p>\n<div class=\"wp-block-image\">\n<figure class=\"aligncenter size-large is-resized\"><img decoding=\"async\" src=\"https:\/\/www.versiegelung24.com\/wp-content\/uploads\/2022\/01\/desinfektion_tisch-1300x260.jpg\" alt=\"\" class=\"wp-image-59386\" width=\"1500\" srcset=\"https:\/\/www.versiegelung24.com\/wp-content\/uploads\/2022\/01\/desinfektion_tisch-1300x260.jpg 1300w, https:\/\/www.versiegelung24.com\/wp-content\/uploads\/2022\/01\/desinfektion_tisch-300x60.jpg 300w, https:\/\/www.versiegelung24.com\/wp-content\/uploads\/2022\/01\/desinfektion_tisch-768x154.jpg 768w, https:\/\/www.versiegelung24.com\/wp-content\/uploads\/2022\/01\/desinfektion_tisch-600x120.jpg 600w, https:\/\/www.versiegelung24.com\/wp-content\/uploads\/2022\/01\/desinfektion_tisch.jpg 1500w\" sizes=\"(max-width: 1300px) 100vw, 1300px\" \/><\/figure>\n<\/div>\n<hr \/>\n\n<h4 class=\"wp-block-heading\" id=\"application\">Hakemus<\/h4>\n\n<p>Ulos<strong> Bacoban<\/strong><sup> \u00ae<\/sup><strong> WB<\/strong> Valmista k\u00e4ytt\u00f6valmis liuos sekoitustaulukon mukaisesti ja kastele pinnat riitt\u00e4v\u00e4sti. \u00c4l\u00e4 huuhtele tai hankaa kuivaksi. Juuri valmistetun ty\u00f6liuoksen seisonta -aika: 8 tuntia<\/p>\n\n<figure class=\"wp-block-table\"><table><tbody><tr><td>Sekoitusp\u00f6yt\u00e4<\/td><\/tr><tr><td>Lopullinen tilavuus<\/td><td>0,5 %<\/td><td>1 %<\/td><td>2 %<\/td><td>3 %<\/td><\/tr><tr><td>1 litra<\/td><td>5 ml<\/td><td>10 ml<\/td><td>20 ml<\/td><td>30 ml<\/td><\/tr><tr><td>2 litraa<\/td><td>10 ml<\/td><td>20 ml<\/td><td>40 ml<\/td><td>60 ml<\/td><\/tr><tr><td>4 litraa<\/td><td>20 ml<\/td><td>40 ml<\/td><td>80 ml<\/td><td>120 ml<\/td><\/tr><tr><td>8 litraa<\/td><td>40 ml<\/td><td>80 ml<\/td><td>160 ml<\/td><td>240 ml<\/td><\/tr><tr><td>10 litraa<\/td><td>50 ml<\/td><td>100 ml<\/td><td>200 ml<\/td><td>300 ml<\/td><\/tr><\/tbody><\/table><figcaption>sekoitusp\u00f6yt\u00e4<\/figcaption><\/figure>\n\n<p><br \/>Kest\u00e4v\u00e4 antimikrobinen vaikutus <strong>(remanenssivaikutus)<\/strong> jopa <strong>10 p\u00e4iv\u00e4n<\/strong> ajan (testattu ASTM E 2180:n mukaisesti). Dermatologisesti testattu (*1 %:ssa): eritt\u00e4in hyv\u00e4 ihoyst\u00e4v\u00e4llisyys.<\/p>\n\n<p><strong>Tehokkuus ja annostus:<\/strong><\/p>\n\n<div class=\"wp-block-columns is-layout-flex wp-container-core-columns-is-layout-9d6595d7 wp-block-columns-is-layout-flex\">\n<div class=\"wp-block-column is-layout-flow wp-block-column-is-layout-flow\">\n<p><br \/><br \/><br \/><br \/><br \/>Testaus DGHM:n ohjeiden mukaisesti (korkea orgaaninen kuormitus): 1,5 %, 15 min.; 2,0 %, 5 min. Testaus EN:n ohjeiden mukaisesti: DIN EN 1040: 0,25 %, 5 min. DIN EN 1275: 0,25 %, 5 min. DIN EN 1276: 0,75 %, 5 min.\/0,50 %, 15 min.<\/p>\n<\/div>\n\n\n\n<div class=\"wp-block-column is-layout-flow wp-block-column-is-layout-flow\">\n<p><br \/><br \/>DIN EN 1650: 0,50 %, 5 min\/0,25 %, 15 min DIN EN 13697: 0,50 %, 15 min EN 13727:<br \/><br \/><br \/><br \/>1 %, 5 min. EN 13624: 1 %, 5 min. DIN EN 14561: 3 % 5 min, 0,5 % 60 min DIN EN 14562: 0,5 % 60 min Testaus DVV:n ohjeiden mukaisesti: *rajoitettu virussidinen teho; 1,0 %; 5 min. (HIV, HBV, HCV, herpes, influenssa, my\u00f6s lintuinfluenssa, BVDV, rokotevirus), rotavirus: 0,1 %, 5 min., adenovirus: 2,0 %, 240 min.<\/p>\n<\/div>\n<\/div>\n\n<p><strong>Kest\u00e4v\u00e4 antimikrobinen vaikutus jopa 10 p\u00e4iv\u00e4n ajan<\/strong> (testattu ASTM E 2180: n perusteella)<\/p>\n\n<p><br \/>T<strong>\u00e4rke\u00e4\u00e4!<\/strong><sup>Bacoban\u00aeWB<\/sup>:n pitk\u00e4aikainen antimikrobinen vaikutus ei saa johtaa siihen, ett\u00e4 v\u00e4ltt\u00e4m\u00e4tt\u00f6m\u00e4t desinfiointitoimenpiteet j\u00e4tet\u00e4\u00e4n tekem\u00e4tt\u00e4, jos kontaminaatio on n\u00e4kyv\u00e4\u00e4 ja\/tai kyseenalaista!<\/p>\n<div class=\"wp-block-image\">\n<figure class=\"aligncenter size-large is-resized\"><img decoding=\"async\" src=\"https:\/\/www.versiegelung24.com\/wp-content\/uploads\/2022\/01\/tuere_viren-1300x260.jpg\" alt=\"\" class=\"wp-image-59414\" width=\"1500\" srcset=\"https:\/\/www.versiegelung24.com\/wp-content\/uploads\/2022\/01\/tuere_viren-1300x260.jpg 1300w, https:\/\/www.versiegelung24.com\/wp-content\/uploads\/2022\/01\/tuere_viren-300x60.jpg 300w, https:\/\/www.versiegelung24.com\/wp-content\/uploads\/2022\/01\/tuere_viren-768x154.jpg 768w, https:\/\/www.versiegelung24.com\/wp-content\/uploads\/2022\/01\/tuere_viren-600x120.jpg 600w, https:\/\/www.versiegelung24.com\/wp-content\/uploads\/2022\/01\/tuere_viren.jpg 1500w\" sizes=\"(max-width: 1300px) 100vw, 1300px\" \/><\/figure>\n<\/div>\n<hr \/>\n\n<h4 class=\"wp-block-heading\" id=\"advisor\">Neuvonantaja<\/h4>\n\n<p><br \/>T<strong>urvallisuustiedot:<\/strong> Ty\u00f6nantajien vastuuvakuutusliitto m\u00e4\u00e4r\u00e4\u00e4, ett\u00e4 desinfiointiaineita k\u00e4sitelt\u00e4ess\u00e4 on k\u00e4ytett\u00e4v\u00e4 k\u00e4sineit\u00e4. Haitallista nieltyn\u00e4. Aiheuttaa vakavia ihopalovammoja ja silm\u00e4vaurioita. Eritt\u00e4in myrkyllist\u00e4 vesieli\u00f6ille. Myrkyllist\u00e4 vesieli\u00f6ille, pitk\u00e4aikaisia vaikutuksia. \u00c4l\u00e4 sy\u00f6, juo tai tupakoi k\u00e4yt\u00f6n aikana. JOS NIELET\u00c4\u00c4N: Huuhtele suu ulos. \u00c4L\u00c4 aiheuta oksentelua. JOS KOSKETTAA IHON (tai hiusten) kanssa: Poista kaikki saastuneet vaatteet v\u00e4litt\u00f6m\u00e4sti. Huuhtele iho vedell\u00e4\/suihkulla. JOS SILMIIN: Huuhtele varovasti vedell\u00e4 useita minuutteja. Poista nykyiset piilolinssit, jos mahdollista. Jatka huuhtelua. Soita v\u00e4litt\u00f6m\u00e4sti Myrkytyskeskukseen tai l\u00e4\u00e4k\u00e4riin. Jos tarvitaan l\u00e4\u00e4ketieteellist\u00e4 neuvontaa, pid\u00e4 pakkaus tai etiketti valmiina. <br \/>S\u00e4ilytett\u00e4v\u00e4 lasten ulottumattomissa. K\u00e4ytett\u00e4v\u00e4 vain veden kanssa ja sekoitustaulukon mukaisesti. Ei saa k\u00e4ytt\u00e4\u00e4 muiden puhdistus- tai desinfiointiaineiden kanssa.<\/p>\n\n<div class=\"wp-block-columns is-layout-flex wp-container-core-columns-is-layout-9d6595d7 wp-block-columns-is-layout-flex\">\n<div class=\"wp-block-column is-layout-flow wp-block-column-is-layout-flow\">\n<p>Voidaan k\u00e4ytt\u00e4\u00e4 kaikilla pinnoilla. Kyseenalaisen <strong>herkkien pintojen tapauksessa suosittelemme kest\u00e4vyystesti\u00e4<\/strong> huomaamattomalle alueelle. S\u00e4ilyt\u00e4 vain suljetussa astiassa. S\u00e4ilyt\u00e4 viile\u00e4ss\u00e4 ja kuivassa paikassa.<\/p>\n<\/div>\n\n\n\n<div class=\"wp-block-column is-layout-flow wp-block-column-is-layout-flow\">\n<p><strong>Astia voidaan kierr\u00e4tt\u00e4\u00e4 vasta, kun se on t\u00e4ysin tyhj\u00e4.<\/strong> \u00c4l\u00e4 k\u00e4yt\u00e4 viimeisen k\u00e4ytt\u00f6p\u00e4iv\u00e4n j\u00e4lkeen. H\u00e4vit\u00e4 paikallisten ja virallisten m\u00e4\u00e4r\u00e4ysten mukaisesti.<\/p>\n<\/div>\n<\/div>\n\n<p>Biosidin rekisterinumero: N-28795 (D). 263\/17\/L (Lu)<\/p>\n\n<p>Sekoitustaulukon mukainen <strong>k\u00e4ytt\u00f6valmis<\/strong> liuos ei vaadi varoitusmerkki\u00e4.<\/p>\n","protected":false},"excerpt":{"rendered":"<p><strong>Tiiviste 500 litraan vesipohjaista desinfiointiainetta.<\/strong><\/p>\n","protected":false},"featured_media":15383,"template":"","meta":{"_acf_changed":false,"neve_meta_sidebar":"","neve_meta_container":"","neve_meta_enable_content_width":"","neve_meta_content_width":0,"neve_meta_title_alignment":"","neve_meta_author_avatar":"","neve_post_elements_order":"","neve_meta_disable_header":"","neve_meta_disable_footer":"","neve_meta_disable_title":"","neve_meta_reading_time":"","_surfaces":[],"_ver_product_tabs":[],"footnotes":""},"product_brand":[],"product_cat":[2278,2281,2282],"product_tag":[],"class_list":{"0":"post-23411","1":"product","2":"type-product","3":"status-publish","4":"has-post-thumbnail","6":"product_cat-desinfiointiaineet","7":"product_cat-pintojen-desinfiointiaineet","8":"product_cat-desinfiointiainetiivisteet","10":"first","11":"instock","12":"taxable","13":"shipping-taxable","14":"purchasable","15":"product-type-simple"},"acf":[],"yoast_head":"<!-- This site is optimized with the Yoast SEO Premium plugin v22.8 (Yoast SEO v27.5) - https:\/\/yoast.com\/product\/yoast-seo-premium-wordpress\/ -->\n<title>5 litraa BACOBAN\u00ae-tiivistett\u00e4 500 litraan pitk\u00e4aikaista pinnan desinfiointia - versiegelung24.com<\/title>\n<meta name=\"robots\" content=\"index, follow, max-snippet:-1, max-image-preview:large, max-video-preview:-1\" \/>\n<link rel=\"canonical\" href=\"https:\/\/www.versiegelung24.com\/fi\/bacoban-pitkaeaikainen-pinnan-desinfiointi-5-000ml-vesipohjainen-tiiviste.html\" \/>\n<meta property=\"og:locale\" content=\"fi_FI\" \/>\n<meta property=\"og:type\" content=\"article\" \/>\n<meta property=\"og:title\" content=\"5 litraa BACOBAN\u00ae-tiivistett\u00e4 500 litraan pitk\u00e4aikaista pinnan desinfiointia\" \/>\n<meta property=\"og:description\" content=\"Tiiviste 500 litraan vesipohjaista desinfiointiainetta.\" \/>\n<meta property=\"og:url\" content=\"https:\/\/www.versiegelung24.com\/fi\/bacoban-pitkaeaikainen-pinnan-desinfiointi-5-000ml-vesipohjainen-tiiviste.html\" \/>\n<meta property=\"og:site_name\" content=\"versiegelung24.com\" \/>\n<meta property=\"article:modified_time\" content=\"2025-01-13T15:36:33+00:00\" \/>\n<meta property=\"og:image\" content=\"https:\/\/www.versiegelung24.com\/wp-content\/uploads\/2020\/05\/bacoban-bacwb5-1.png\" \/>\n\t<meta property=\"og:image:width\" content=\"2000\" \/>\n\t<meta property=\"og:image:height\" content=\"2000\" \/>\n\t<meta property=\"og:image:type\" content=\"image\/png\" \/>\n<meta name=\"twitter:card\" content=\"summary_large_image\" \/>\n<meta name=\"twitter:label1\" content=\"Hinta\" \/>\n\t<meta name=\"twitter:data1\" content=\"399,00&euro;\" \/>\n\t<meta name=\"twitter:label2\" content=\"Saatavuus\" \/>\n\t<meta name=\"twitter:data2\" content=\"Varastossa\" \/>\n<script type=\"application\/ld+json\" class=\"yoast-schema-graph\">{\"@context\":\"https:\\\/\\\/schema.org\",\"@graph\":[{\"@type\":\"WebPage\",\"@id\":\"https:\\\/\\\/www.versiegelung24.com\\\/fi\\\/bacoban-pitkaeaikainen-pinnan-desinfiointi-5-000ml-vesipohjainen-tiiviste.html\",\"url\":\"https:\\\/\\\/www.versiegelung24.com\\\/fi\\\/bacoban-pitkaeaikainen-pinnan-desinfiointi-5-000ml-vesipohjainen-tiiviste.html\",\"name\":\"5 litraa BACOBAN\u00ae-tiivistett\u00e4 500 litraan pitk\u00e4aikaista pinnan desinfiointia - versiegelung24.com\",\"isPartOf\":{\"@id\":\"https:\\\/\\\/www.versiegelung24.com\\\/fi\\\/#website\"},\"primaryImageOfPage\":{\"@id\":\"https:\\\/\\\/www.versiegelung24.com\\\/fi\\\/bacoban-pitkaeaikainen-pinnan-desinfiointi-5-000ml-vesipohjainen-tiiviste.html#primaryimage\"},\"image\":{\"@id\":\"https:\\\/\\\/www.versiegelung24.com\\\/fi\\\/bacoban-pitkaeaikainen-pinnan-desinfiointi-5-000ml-vesipohjainen-tiiviste.html#primaryimage\"},\"thumbnailUrl\":\"https:\\\/\\\/www.versiegelung24.com\\\/wp-content\\\/uploads\\\/2020\\\/05\\\/bacoban-bacwb5-1.png\",\"datePublished\":\"2021-08-02T19:35:00+00:00\",\"dateModified\":\"2025-01-13T15:36:33+00:00\",\"breadcrumb\":{\"@id\":\"https:\\\/\\\/www.versiegelung24.com\\\/fi\\\/bacoban-pitkaeaikainen-pinnan-desinfiointi-5-000ml-vesipohjainen-tiiviste.html#breadcrumb\"},\"inLanguage\":\"fi\",\"potentialAction\":[{\"@type\":\"ReadAction\",\"target\":[\"https:\\\/\\\/www.versiegelung24.com\\\/fi\\\/bacoban-pitkaeaikainen-pinnan-desinfiointi-5-000ml-vesipohjainen-tiiviste.html\"]}]},{\"@type\":\"ImageObject\",\"inLanguage\":\"fi\",\"@id\":\"https:\\\/\\\/www.versiegelung24.com\\\/fi\\\/bacoban-pitkaeaikainen-pinnan-desinfiointi-5-000ml-vesipohjainen-tiiviste.html#primaryimage\",\"url\":\"https:\\\/\\\/www.versiegelung24.com\\\/wp-content\\\/uploads\\\/2020\\\/05\\\/bacoban-bacwb5-1.png\",\"contentUrl\":\"https:\\\/\\\/www.versiegelung24.com\\\/wp-content\\\/uploads\\\/2020\\\/05\\\/bacoban-bacwb5-1.png\",\"width\":2000,\"height\":2000},{\"@type\":\"BreadcrumbList\",\"@id\":\"https:\\\/\\\/www.versiegelung24.com\\\/fi\\\/bacoban-pitkaeaikainen-pinnan-desinfiointi-5-000ml-vesipohjainen-tiiviste.html#breadcrumb\",\"itemListElement\":[{\"@type\":\"ListItem\",\"position\":1,\"name\":\"Kotisivu\",\"item\":\"https:\\\/\\\/www.versiegelung24.com\\\/fi\\\/etupuolella\\\/\"},{\"@type\":\"ListItem\",\"position\":2,\"name\":\"Myym\u00e4l\u00e4\",\"item\":\"https:\\\/\\\/www.versiegelung24.com\\\/fi\\\/myymala-2\\\/\"},{\"@type\":\"ListItem\",\"position\":3,\"name\":\"5 litraa BACOBAN\u00ae-tiivistett\u00e4 500 litraan pitk\u00e4aikaista pinnan desinfiointia\"}]},{\"@type\":\"WebSite\",\"@id\":\"https:\\\/\\\/www.versiegelung24.com\\\/fi\\\/#website\",\"url\":\"https:\\\/\\\/www.versiegelung24.com\\\/fi\\\/\",\"name\":\"versiegelung24.com\",\"description\":\"Fl\u00fcssigglas-Versiegelung - Made in Germany\",\"publisher\":{\"@id\":\"https:\\\/\\\/www.versiegelung24.com\\\/fi\\\/#organization\"},\"potentialAction\":[{\"@type\":\"SearchAction\",\"target\":{\"@type\":\"EntryPoint\",\"urlTemplate\":\"https:\\\/\\\/www.versiegelung24.com\\\/fi\\\/?s={search_term_string}\"},\"query-input\":{\"@type\":\"PropertyValueSpecification\",\"valueRequired\":true,\"valueName\":\"search_term_string\"}}],\"inLanguage\":\"fi\"},{\"@type\":\"Organization\",\"@id\":\"https:\\\/\\\/www.versiegelung24.com\\\/fi\\\/#organization\",\"name\":\"versiegelung24\",\"url\":\"https:\\\/\\\/www.versiegelung24.com\\\/fi\\\/\",\"logo\":{\"@type\":\"ImageObject\",\"inLanguage\":\"fi\",\"@id\":\"https:\\\/\\\/www.versiegelung24.com\\\/fi\\\/#\\\/schema\\\/logo\\\/image\\\/\",\"url\":\"https:\\\/\\\/www.versiegelung24.com\\\/wp-content\\\/uploads\\\/2020\\\/04\\\/versiegelung24.png\",\"contentUrl\":\"https:\\\/\\\/www.versiegelung24.com\\\/wp-content\\\/uploads\\\/2020\\\/04\\\/versiegelung24.png\",\"width\":470,\"height\":102,\"caption\":\"versiegelung24\"},\"image\":{\"@id\":\"https:\\\/\\\/www.versiegelung24.com\\\/fi\\\/#\\\/schema\\\/logo\\\/image\\\/\"}}]}<\/script>\n<meta property=\"product:price:amount\" content=\"399.00\" \/>\n<meta property=\"product:price:currency\" content=\"EUR\" \/>\n<meta property=\"og:availability\" content=\"instock\" \/>\n<meta property=\"product:availability\" content=\"instock\" \/>\n<meta property=\"product:retailer_item_id\" content=\"BACWB5\" \/>\n<meta property=\"product:condition\" content=\"new\" \/>\n<!-- \/ Yoast SEO Premium plugin. -->","yoast_head_json":{"title":"5 litraa BACOBAN\u00ae-tiivistett\u00e4 500 litraan pitk\u00e4aikaista pinnan desinfiointia - versiegelung24.com","robots":{"index":"index","follow":"follow","max-snippet":"max-snippet:-1","max-image-preview":"max-image-preview:large","max-video-preview":"max-video-preview:-1"},"canonical":"https:\/\/www.versiegelung24.com\/fi\/bacoban-pitkaeaikainen-pinnan-desinfiointi-5-000ml-vesipohjainen-tiiviste.html","og_locale":"fi_FI","og_type":"article","og_title":"5 litraa BACOBAN\u00ae-tiivistett\u00e4 500 litraan pitk\u00e4aikaista pinnan desinfiointia","og_description":"Tiiviste 500 litraan vesipohjaista desinfiointiainetta.","og_url":"https:\/\/www.versiegelung24.com\/fi\/bacoban-pitkaeaikainen-pinnan-desinfiointi-5-000ml-vesipohjainen-tiiviste.html","og_site_name":"versiegelung24.com","article_modified_time":"2025-01-13T15:36:33+00:00","og_image":[{"width":2000,"height":2000,"url":"https:\/\/www.versiegelung24.com\/wp-content\/uploads\/2020\/05\/bacoban-bacwb5-1.png","type":"image\/png"}],"twitter_card":"summary_large_image","twitter_misc":{"Hinta":"399,00&euro;","Saatavuus":"Varastossa"},"schema":{"@context":"https:\/\/schema.org","@graph":[{"@type":"WebPage","@id":"https:\/\/www.versiegelung24.com\/fi\/bacoban-pitkaeaikainen-pinnan-desinfiointi-5-000ml-vesipohjainen-tiiviste.html","url":"https:\/\/www.versiegelung24.com\/fi\/bacoban-pitkaeaikainen-pinnan-desinfiointi-5-000ml-vesipohjainen-tiiviste.html","name":"5 litraa BACOBAN\u00ae-tiivistett\u00e4 500 litraan pitk\u00e4aikaista pinnan desinfiointia - versiegelung24.com","isPartOf":{"@id":"https:\/\/www.versiegelung24.com\/fi\/#website"},"primaryImageOfPage":{"@id":"https:\/\/www.versiegelung24.com\/fi\/bacoban-pitkaeaikainen-pinnan-desinfiointi-5-000ml-vesipohjainen-tiiviste.html#primaryimage"},"image":{"@id":"https:\/\/www.versiegelung24.com\/fi\/bacoban-pitkaeaikainen-pinnan-desinfiointi-5-000ml-vesipohjainen-tiiviste.html#primaryimage"},"thumbnailUrl":"https:\/\/www.versiegelung24.com\/wp-content\/uploads\/2020\/05\/bacoban-bacwb5-1.png","datePublished":"2021-08-02T19:35:00+00:00","dateModified":"2025-01-13T15:36:33+00:00","breadcrumb":{"@id":"https:\/\/www.versiegelung24.com\/fi\/bacoban-pitkaeaikainen-pinnan-desinfiointi-5-000ml-vesipohjainen-tiiviste.html#breadcrumb"},"inLanguage":"fi","potentialAction":[{"@type":"ReadAction","target":["https:\/\/www.versiegelung24.com\/fi\/bacoban-pitkaeaikainen-pinnan-desinfiointi-5-000ml-vesipohjainen-tiiviste.html"]}]},{"@type":"ImageObject","inLanguage":"fi","@id":"https:\/\/www.versiegelung24.com\/fi\/bacoban-pitkaeaikainen-pinnan-desinfiointi-5-000ml-vesipohjainen-tiiviste.html#primaryimage","url":"https:\/\/www.versiegelung24.com\/wp-content\/uploads\/2020\/05\/bacoban-bacwb5-1.png","contentUrl":"https:\/\/www.versiegelung24.com\/wp-content\/uploads\/2020\/05\/bacoban-bacwb5-1.png","width":2000,"height":2000},{"@type":"BreadcrumbList","@id":"https:\/\/www.versiegelung24.com\/fi\/bacoban-pitkaeaikainen-pinnan-desinfiointi-5-000ml-vesipohjainen-tiiviste.html#breadcrumb","itemListElement":[{"@type":"ListItem","position":1,"name":"Kotisivu","item":"https:\/\/www.versiegelung24.com\/fi\/etupuolella\/"},{"@type":"ListItem","position":2,"name":"Myym\u00e4l\u00e4","item":"https:\/\/www.versiegelung24.com\/fi\/myymala-2\/"},{"@type":"ListItem","position":3,"name":"5 litraa BACOBAN\u00ae-tiivistett\u00e4 500 litraan pitk\u00e4aikaista pinnan desinfiointia"}]},{"@type":"WebSite","@id":"https:\/\/www.versiegelung24.com\/fi\/#website","url":"https:\/\/www.versiegelung24.com\/fi\/","name":"versiegelung24.com","description":"Fl\u00fcssigglas-Versiegelung - Made in Germany","publisher":{"@id":"https:\/\/www.versiegelung24.com\/fi\/#organization"},"potentialAction":[{"@type":"SearchAction","target":{"@type":"EntryPoint","urlTemplate":"https:\/\/www.versiegelung24.com\/fi\/?s={search_term_string}"},"query-input":{"@type":"PropertyValueSpecification","valueRequired":true,"valueName":"search_term_string"}}],"inLanguage":"fi"},{"@type":"Organization","@id":"https:\/\/www.versiegelung24.com\/fi\/#organization","name":"versiegelung24","url":"https:\/\/www.versiegelung24.com\/fi\/","logo":{"@type":"ImageObject","inLanguage":"fi","@id":"https:\/\/www.versiegelung24.com\/fi\/#\/schema\/logo\/image\/","url":"https:\/\/www.versiegelung24.com\/wp-content\/uploads\/2020\/04\/versiegelung24.png","contentUrl":"https:\/\/www.versiegelung24.com\/wp-content\/uploads\/2020\/04\/versiegelung24.png","width":470,"height":102,"caption":"versiegelung24"},"image":{"@id":"https:\/\/www.versiegelung24.com\/fi\/#\/schema\/logo\/image\/"}}]},"product_price_amount":"399.00","product_price_currency":"EUR","og_availability":"instock","product_availability":"instock","product_retailer_item_id":"BACWB5","product_condition":"new"},"_links":{"self":[{"href":"https:\/\/www.versiegelung24.com\/fi\/wp-json\/wp\/v2\/product\/23411","targetHints":{"allow":["GET"]}}],"collection":[{"href":"https:\/\/www.versiegelung24.com\/fi\/wp-json\/wp\/v2\/product"}],"about":[{"href":"https:\/\/www.versiegelung24.com\/fi\/wp-json\/wp\/v2\/types\/product"}],"version-history":[{"count":27,"href":"https:\/\/www.versiegelung24.com\/fi\/wp-json\/wp\/v2\/product\/23411\/revisions"}],"predecessor-version":[{"id":180504,"href":"https:\/\/www.versiegelung24.com\/fi\/wp-json\/wp\/v2\/product\/23411\/revisions\/180504"}],"wp:featuredmedia":[{"embeddable":true,"href":"https:\/\/www.versiegelung24.com\/fi\/wp-json\/wp\/v2\/media\/15383"}],"wp:attachment":[{"href":"https:\/\/www.versiegelung24.com\/fi\/wp-json\/wp\/v2\/media?parent=23411"}],"wp:term":[{"taxonomy":"product_brand","embeddable":true,"href":"https:\/\/www.versiegelung24.com\/fi\/wp-json\/wp\/v2\/product_brand?post=23411"},{"taxonomy":"product_cat","embeddable":true,"href":"https:\/\/www.versiegelung24.com\/fi\/wp-json\/wp\/v2\/product_cat?post=23411"},{"taxonomy":"product_tag","embeddable":true,"href":"https:\/\/www.versiegelung24.com\/fi\/wp-json\/wp\/v2\/product_tag?post=23411"}],"curies":[{"name":"wp","href":"https:\/\/api.w.org\/{rel}","templated":true}]}}