{"id":23465,"date":"2020-04-04T18:53:44","date_gmt":"2021-08-02T19:38:19","guid":{"rendered":"https:\/\/www.versiegelung24.com\/produkt\/auton-maali-ja-vanteen-tiiviste"},"modified":"2025-01-03T23:49:33","modified_gmt":"2025-01-03T22:49:33","slug":"autojen-maalaus-ja-vanteiden-tiivistys","status":"publish","type":"product","link":"https:\/\/www.versiegelung24.com\/fi\/auton-maalien-ja-vanteiden-tiivistys.html","title":{"rendered":"Auton maali ja vanteen tiivistys"},"content":{"rendered":"\n<p><strong>*** Uusi tuoteversio parannetulla tehosteella *** <\/strong><\/p>\n\n<p><strong>Eritt\u00e4in tehokas ammattimainen suojatiiviste auton maalille ja alumiinivanteille lootusefektill\u00e4 (vett\u00e4 hylkiv\u00e4)<\/strong><\/p>\n\n<p>Tuotenumero: 2003-7656<\/p>\n\n<p>Korkealaatuinen Valmistettu Saksassa.<\/p>\n\n<p>Muovista, maalatuista pinnoista, ruostumattomasta ter\u00e4ksest\u00e4 ja metallista valmistetut sile\u00e4t pinnat vaikuttavat hydrofobisesti ja oleofobisesti ja likahiukkaset, kuten rasva, \u00f6ljyiset aineet, kalkki ja ymp\u00e4rist\u00f6n saasteaineet tarttuvat v\u00e4hemm\u00e4n tai ne voidaan poistaa helposti pinnoitteesta eli ilman k\u00e4ytt\u00f6\u00e4. hankausaineet (&#8220;helppo puhdistaa&#8221;)<\/p>\n\n<hr\/>\n\n<h4 class=\"wp-block-heading\" id=\"properties\">Tuotteen ominaisuudet<\/h4>\n\n<div class=\"wp-block-columns is-layout-flex wp-container-core-columns-is-layout-9d6595d7 wp-block-columns-is-layout-flex\">\n<div class=\"wp-block-column is-layout-flow wp-block-column-is-layout-flow\">\n<ul class=\"wp-block-list\">\n<li>Erinomainen helposti puhdistettava vaikutus lian tarttumiseen<\/li>\n\n\n\n<li>Kest\u00e4\u00e4 kemikaaleja auton puhdistusaineille (pH 12 asti)<\/li>\n\n\n\n<li>Hydrofobinen ja oleofobinen vaikutus (vett\u00e4 ja \u00f6ljy\u00e4 hylkiv\u00e4)<\/li>\n\n\n\n<li>Eritt\u00e4in korkea kulutuskest\u00e4vyys SiO\u00b2-nanoteknologian ansiosta.<\/li>\n\n\n\n<li>Lintujen ulosteet, hy\u00f6nteiset ja muu lika on helpompi poistaa<\/li>\n\n\n\n<li>UV-kest\u00e4v\u00e4 \/ pakkasenkest\u00e4v\u00e4 \/ suolavedenkest\u00e4v\u00e4 \/ n\u00e4kym\u00e4t\u00f6n (kerroksen paksuus: 100-150nm)<\/li>\n\n\n\n<li>Kustannus-, ajan- ja energians\u00e4\u00e4st\u00f6 pidennetyill\u00e4 puhdistusjaksoilla<\/li>\n<\/ul>\n<\/div>\n\n\n\n<div class=\"wp-block-column is-layout-flow wp-block-column-is-layout-flow\">\n<ul class=\"wp-block-list\">\n<li>Yksinkertainen sovellus<\/li>\n\n\n\n<li>Hengitt\u00e4v\u00e4<\/li>\n\n\n\n<li>Vahvat tarttumattomat ominaisuudet<\/li>\n\n\n\n<li>Kest\u00e4vyys: jopa 1 vuosi (k\u00e4yt\u00f6st\u00e4 riippuen)<\/li>\n<\/ul>\n\n\n\n<p><br\/><br\/><br\/>Kulutus: Jopa 200 m\u00b2 voidaan tiivist\u00e4\u00e4 1 litralla Manuaalinen: 5-10 ml\/m\u00b2 Teollinen: 10-15 ml\/m\u00b2.<\/p>\n\n\n\n<p><br\/><br\/>Toimituksen sis\u00e4lt\u00f6: 1 x litran pullo 1 x tuotekuvaus<\/p>\n<\/div>\n<\/div>\n\n<hr\/>\n\n<h4 class=\"wp-block-heading\" id=\"application\">Hakemus<\/h4>\n\n<div class=\"wp-block-columns is-layout-flex wp-container-core-columns-is-layout-9d6595d7 wp-block-columns-is-layout-flex\">\n<div class=\"wp-block-column is-layout-flow wp-block-column-is-layout-flow\">\n<ul class=\"wp-block-list\">\n<li>auton maali<\/li>\n\n\n\n<li>alumiinivanteet<\/li>\n\n\n\n<li>Maalatut vanteet<\/li>\n\n\n\n<li>Maalatut muovikiinnikkeet (puskurit, kynnykset, spoilerit)<\/li>\n\n\n\n<li>Sile\u00e4t muovipinnat<\/li>\n\n\n\n<li>ruostumaton ter\u00e4s<\/li>\n\n\n\n<li>pleksilasi<\/li>\n\n\n\n<li>metalliset pinnat<\/li>\n<\/ul>\n\n\n\n<p>Kulutus riippuu pinnan rakenteesta noin 100-200m\u00b2\/litra.<\/p>\n<\/div>\n\n\n\n<div class=\"wp-block-column is-layout-flow wp-block-column-is-layout-flow\">\n<p>Helppo soveltaa: <\/p>\n\n\n\n<p><br\/>1.manuaalinen: Levitys py\u00f6reill\u00e4 liikkeill\u00e4 puhtaalla paperi-, pellava- tai mikrokuituliinalla. 2.teollinen: Voidaan k\u00e4ytt\u00e4\u00e4 sek\u00e4 kiillotus- ett\u00e4 ruiskupinnoitusj\u00e4rjestelmiss\u00e4.<\/p>\n\n\n\n<p>T\u00e4m\u00e4 SiO2-pinnoite on t\u00e4ysin silloitettu ja kovettunut 24 tunnin kuluttua. Helposti puhdistettava vaikutus voidaan testata ensimm\u00e4ist\u00e4 kertaa t\u00e4m\u00e4n kovettumisvaiheen j\u00e4lkeen.<\/p>\n<\/div>\n<\/div>\n","protected":false},"excerpt":{"rendered":"<p><strong>Eritt\u00e4in tehokas ammattimainen suojatiiviste auton maalille ja alumiinivanteille:<\/strong><\/p>\n<p>\u2713 lootusvaikutteinen (vett\u00e4 hylkiv\u00e4)<\/p>\n","protected":false},"featured_media":17860,"template":"","meta":{"_acf_changed":false,"neve_meta_sidebar":"","neve_meta_container":"","neve_meta_enable_content_width":"","neve_meta_content_width":0,"neve_meta_title_alignment":"","neve_meta_author_avatar":"","neve_post_elements_order":"","neve_meta_disable_header":"","neve_meta_disable_footer":"","neve_meta_disable_title":"","neve_meta_reading_time":"","_surfaces":[],"_ver_product_tabs":[],"footnotes":""},"product_brand":[],"product_cat":[2207],"product_tag":[],"class_list":{"0":"post-23465","1":"product","2":"type-product","3":"status-publish","4":"has-post-thumbnail","6":"product_cat-auton-tiivistys","8":"first","9":"instock","10":"taxable","11":"shipping-taxable","12":"purchasable","13":"product-type-simple"},"acf":[],"yoast_head":"<!-- This site is optimized with the Yoast SEO Premium plugin v22.8 (Yoast SEO v27.5) - https:\/\/yoast.com\/product\/yoast-seo-premium-wordpress\/ -->\n<title>Auton maali ja vanteen tiivistys - versiegelung24.com<\/title>\n<meta name=\"robots\" content=\"index, follow, max-snippet:-1, max-image-preview:large, max-video-preview:-1\" \/>\n<link rel=\"canonical\" href=\"https:\/\/www.versiegelung24.com\/fi\/auton-maalien-ja-vanteiden-tiivistys.html\" \/>\n<meta property=\"og:locale\" content=\"fi_FI\" \/>\n<meta property=\"og:type\" content=\"article\" \/>\n<meta property=\"og:title\" content=\"Auton maali ja vanteen tiivistys\" \/>\n<meta property=\"og:description\" content=\"Eritt\u00e4in tehokas ammattimainen suojatiiviste auton maalille ja alumiinivanteille: \u2713 lootusvaikutteinen (vett\u00e4 hylkiv\u00e4)\" \/>\n<meta property=\"og:url\" content=\"https:\/\/www.versiegelung24.com\/fi\/auton-maalien-ja-vanteiden-tiivistys.html\" \/>\n<meta property=\"og:site_name\" content=\"versiegelung24.com\" \/>\n<meta property=\"article:modified_time\" content=\"2025-01-03T22:49:33+00:00\" \/>\n<meta property=\"og:image\" content=\"https:\/\/www.versiegelung24.com\/wp-content\/uploads\/2020\/06\/produkt-2003-7656-1000-Autolack-Felgenversiegelung-scaled.jpg\" \/>\n\t<meta property=\"og:image:width\" content=\"2560\" \/>\n\t<meta property=\"og:image:height\" content=\"2560\" \/>\n\t<meta property=\"og:image:type\" content=\"image\/jpeg\" \/>\n<meta name=\"twitter:card\" content=\"summary_large_image\" \/>\n<meta name=\"twitter:label1\" content=\"Hinta\" \/>\n\t<meta name=\"twitter:data1\" content=\"149,00&euro;\" \/>\n\t<meta name=\"twitter:label2\" content=\"Saatavuus\" \/>\n\t<meta name=\"twitter:data2\" content=\"Varastossa\" \/>\n<script type=\"application\/ld+json\" class=\"yoast-schema-graph\">{\"@context\":\"https:\\\/\\\/schema.org\",\"@graph\":[{\"@type\":\"WebPage\",\"@id\":\"https:\\\/\\\/www.versiegelung24.com\\\/fi\\\/auton-maalien-ja-vanteiden-tiivistys.html\",\"url\":\"https:\\\/\\\/www.versiegelung24.com\\\/fi\\\/auton-maalien-ja-vanteiden-tiivistys.html\",\"name\":\"Auton maali ja vanteen tiivistys - versiegelung24.com\",\"isPartOf\":{\"@id\":\"https:\\\/\\\/www.versiegelung24.com\\\/fi\\\/#website\"},\"primaryImageOfPage\":{\"@id\":\"https:\\\/\\\/www.versiegelung24.com\\\/fi\\\/auton-maalien-ja-vanteiden-tiivistys.html#primaryimage\"},\"image\":{\"@id\":\"https:\\\/\\\/www.versiegelung24.com\\\/fi\\\/auton-maalien-ja-vanteiden-tiivistys.html#primaryimage\"},\"thumbnailUrl\":\"https:\\\/\\\/www.versiegelung24.com\\\/wp-content\\\/uploads\\\/2020\\\/06\\\/produkt-2003-7656-1000-Autolack-Felgenversiegelung-scaled.jpg\",\"datePublished\":\"2021-08-02T19:38:19+00:00\",\"dateModified\":\"2025-01-03T22:49:33+00:00\",\"breadcrumb\":{\"@id\":\"https:\\\/\\\/www.versiegelung24.com\\\/fi\\\/auton-maalien-ja-vanteiden-tiivistys.html#breadcrumb\"},\"inLanguage\":\"fi\",\"potentialAction\":[{\"@type\":\"ReadAction\",\"target\":[\"https:\\\/\\\/www.versiegelung24.com\\\/fi\\\/auton-maalien-ja-vanteiden-tiivistys.html\"]}]},{\"@type\":\"ImageObject\",\"inLanguage\":\"fi\",\"@id\":\"https:\\\/\\\/www.versiegelung24.com\\\/fi\\\/auton-maalien-ja-vanteiden-tiivistys.html#primaryimage\",\"url\":\"https:\\\/\\\/www.versiegelung24.com\\\/wp-content\\\/uploads\\\/2020\\\/06\\\/produkt-2003-7656-1000-Autolack-Felgenversiegelung-scaled.jpg\",\"contentUrl\":\"https:\\\/\\\/www.versiegelung24.com\\\/wp-content\\\/uploads\\\/2020\\\/06\\\/produkt-2003-7656-1000-Autolack-Felgenversiegelung-scaled.jpg\",\"width\":2560,\"height\":2560},{\"@type\":\"BreadcrumbList\",\"@id\":\"https:\\\/\\\/www.versiegelung24.com\\\/fi\\\/auton-maalien-ja-vanteiden-tiivistys.html#breadcrumb\",\"itemListElement\":[{\"@type\":\"ListItem\",\"position\":1,\"name\":\"Kotisivu\",\"item\":\"https:\\\/\\\/www.versiegelung24.com\\\/fi\\\/etupuolella\\\/\"},{\"@type\":\"ListItem\",\"position\":2,\"name\":\"Myym\u00e4l\u00e4\",\"item\":\"https:\\\/\\\/www.versiegelung24.com\\\/fi\\\/myymala-2\\\/\"},{\"@type\":\"ListItem\",\"position\":3,\"name\":\"Auton maali ja vanteen tiivistys\"}]},{\"@type\":\"WebSite\",\"@id\":\"https:\\\/\\\/www.versiegelung24.com\\\/fi\\\/#website\",\"url\":\"https:\\\/\\\/www.versiegelung24.com\\\/fi\\\/\",\"name\":\"versiegelung24.com\",\"description\":\"Fl\u00fcssigglas-Versiegelung - Made in Germany\",\"publisher\":{\"@id\":\"https:\\\/\\\/www.versiegelung24.com\\\/fi\\\/#organization\"},\"potentialAction\":[{\"@type\":\"SearchAction\",\"target\":{\"@type\":\"EntryPoint\",\"urlTemplate\":\"https:\\\/\\\/www.versiegelung24.com\\\/fi\\\/?s={search_term_string}\"},\"query-input\":{\"@type\":\"PropertyValueSpecification\",\"valueRequired\":true,\"valueName\":\"search_term_string\"}}],\"inLanguage\":\"fi\"},{\"@type\":\"Organization\",\"@id\":\"https:\\\/\\\/www.versiegelung24.com\\\/fi\\\/#organization\",\"name\":\"versiegelung24\",\"url\":\"https:\\\/\\\/www.versiegelung24.com\\\/fi\\\/\",\"logo\":{\"@type\":\"ImageObject\",\"inLanguage\":\"fi\",\"@id\":\"https:\\\/\\\/www.versiegelung24.com\\\/fi\\\/#\\\/schema\\\/logo\\\/image\\\/\",\"url\":\"https:\\\/\\\/www.versiegelung24.com\\\/wp-content\\\/uploads\\\/2020\\\/04\\\/versiegelung24.png\",\"contentUrl\":\"https:\\\/\\\/www.versiegelung24.com\\\/wp-content\\\/uploads\\\/2020\\\/04\\\/versiegelung24.png\",\"width\":470,\"height\":102,\"caption\":\"versiegelung24\"},\"image\":{\"@id\":\"https:\\\/\\\/www.versiegelung24.com\\\/fi\\\/#\\\/schema\\\/logo\\\/image\\\/\"}}]}<\/script>\n<meta property=\"product:price:amount\" content=\"149.00\" \/>\n<meta property=\"product:price:currency\" content=\"EUR\" \/>\n<meta property=\"og:availability\" content=\"instock\" \/>\n<meta property=\"product:availability\" content=\"instock\" \/>\n<meta property=\"product:retailer_item_id\" content=\"2003-7656-1000\" \/>\n<meta property=\"product:condition\" content=\"new\" \/>\n<!-- \/ Yoast SEO Premium plugin. -->","yoast_head_json":{"title":"Auton maali ja vanteen tiivistys - versiegelung24.com","robots":{"index":"index","follow":"follow","max-snippet":"max-snippet:-1","max-image-preview":"max-image-preview:large","max-video-preview":"max-video-preview:-1"},"canonical":"https:\/\/www.versiegelung24.com\/fi\/auton-maalien-ja-vanteiden-tiivistys.html","og_locale":"fi_FI","og_type":"article","og_title":"Auton maali ja vanteen tiivistys","og_description":"Eritt\u00e4in tehokas ammattimainen suojatiiviste auton maalille ja alumiinivanteille: \u2713 lootusvaikutteinen (vett\u00e4 hylkiv\u00e4)","og_url":"https:\/\/www.versiegelung24.com\/fi\/auton-maalien-ja-vanteiden-tiivistys.html","og_site_name":"versiegelung24.com","article_modified_time":"2025-01-03T22:49:33+00:00","og_image":[{"width":2560,"height":2560,"url":"https:\/\/www.versiegelung24.com\/wp-content\/uploads\/2020\/06\/produkt-2003-7656-1000-Autolack-Felgenversiegelung-scaled.jpg","type":"image\/jpeg"}],"twitter_card":"summary_large_image","twitter_misc":{"Hinta":"149,00&euro;","Saatavuus":"Varastossa"},"schema":{"@context":"https:\/\/schema.org","@graph":[{"@type":"WebPage","@id":"https:\/\/www.versiegelung24.com\/fi\/auton-maalien-ja-vanteiden-tiivistys.html","url":"https:\/\/www.versiegelung24.com\/fi\/auton-maalien-ja-vanteiden-tiivistys.html","name":"Auton maali ja vanteen tiivistys - versiegelung24.com","isPartOf":{"@id":"https:\/\/www.versiegelung24.com\/fi\/#website"},"primaryImageOfPage":{"@id":"https:\/\/www.versiegelung24.com\/fi\/auton-maalien-ja-vanteiden-tiivistys.html#primaryimage"},"image":{"@id":"https:\/\/www.versiegelung24.com\/fi\/auton-maalien-ja-vanteiden-tiivistys.html#primaryimage"},"thumbnailUrl":"https:\/\/www.versiegelung24.com\/wp-content\/uploads\/2020\/06\/produkt-2003-7656-1000-Autolack-Felgenversiegelung-scaled.jpg","datePublished":"2021-08-02T19:38:19+00:00","dateModified":"2025-01-03T22:49:33+00:00","breadcrumb":{"@id":"https:\/\/www.versiegelung24.com\/fi\/auton-maalien-ja-vanteiden-tiivistys.html#breadcrumb"},"inLanguage":"fi","potentialAction":[{"@type":"ReadAction","target":["https:\/\/www.versiegelung24.com\/fi\/auton-maalien-ja-vanteiden-tiivistys.html"]}]},{"@type":"ImageObject","inLanguage":"fi","@id":"https:\/\/www.versiegelung24.com\/fi\/auton-maalien-ja-vanteiden-tiivistys.html#primaryimage","url":"https:\/\/www.versiegelung24.com\/wp-content\/uploads\/2020\/06\/produkt-2003-7656-1000-Autolack-Felgenversiegelung-scaled.jpg","contentUrl":"https:\/\/www.versiegelung24.com\/wp-content\/uploads\/2020\/06\/produkt-2003-7656-1000-Autolack-Felgenversiegelung-scaled.jpg","width":2560,"height":2560},{"@type":"BreadcrumbList","@id":"https:\/\/www.versiegelung24.com\/fi\/auton-maalien-ja-vanteiden-tiivistys.html#breadcrumb","itemListElement":[{"@type":"ListItem","position":1,"name":"Kotisivu","item":"https:\/\/www.versiegelung24.com\/fi\/etupuolella\/"},{"@type":"ListItem","position":2,"name":"Myym\u00e4l\u00e4","item":"https:\/\/www.versiegelung24.com\/fi\/myymala-2\/"},{"@type":"ListItem","position":3,"name":"Auton maali ja vanteen tiivistys"}]},{"@type":"WebSite","@id":"https:\/\/www.versiegelung24.com\/fi\/#website","url":"https:\/\/www.versiegelung24.com\/fi\/","name":"versiegelung24.com","description":"Fl\u00fcssigglas-Versiegelung - Made in Germany","publisher":{"@id":"https:\/\/www.versiegelung24.com\/fi\/#organization"},"potentialAction":[{"@type":"SearchAction","target":{"@type":"EntryPoint","urlTemplate":"https:\/\/www.versiegelung24.com\/fi\/?s={search_term_string}"},"query-input":{"@type":"PropertyValueSpecification","valueRequired":true,"valueName":"search_term_string"}}],"inLanguage":"fi"},{"@type":"Organization","@id":"https:\/\/www.versiegelung24.com\/fi\/#organization","name":"versiegelung24","url":"https:\/\/www.versiegelung24.com\/fi\/","logo":{"@type":"ImageObject","inLanguage":"fi","@id":"https:\/\/www.versiegelung24.com\/fi\/#\/schema\/logo\/image\/","url":"https:\/\/www.versiegelung24.com\/wp-content\/uploads\/2020\/04\/versiegelung24.png","contentUrl":"https:\/\/www.versiegelung24.com\/wp-content\/uploads\/2020\/04\/versiegelung24.png","width":470,"height":102,"caption":"versiegelung24"},"image":{"@id":"https:\/\/www.versiegelung24.com\/fi\/#\/schema\/logo\/image\/"}}]},"product_price_amount":"149.00","product_price_currency":"EUR","og_availability":"instock","product_availability":"instock","product_retailer_item_id":"2003-7656-1000","product_condition":"new"},"_links":{"self":[{"href":"https:\/\/www.versiegelung24.com\/fi\/wp-json\/wp\/v2\/product\/23465","targetHints":{"allow":["GET"]}}],"collection":[{"href":"https:\/\/www.versiegelung24.com\/fi\/wp-json\/wp\/v2\/product"}],"about":[{"href":"https:\/\/www.versiegelung24.com\/fi\/wp-json\/wp\/v2\/types\/product"}],"version-history":[{"count":15,"href":"https:\/\/www.versiegelung24.com\/fi\/wp-json\/wp\/v2\/product\/23465\/revisions"}],"predecessor-version":[{"id":177677,"href":"https:\/\/www.versiegelung24.com\/fi\/wp-json\/wp\/v2\/product\/23465\/revisions\/177677"}],"wp:featuredmedia":[{"embeddable":true,"href":"https:\/\/www.versiegelung24.com\/fi\/wp-json\/wp\/v2\/media\/17860"}],"wp:attachment":[{"href":"https:\/\/www.versiegelung24.com\/fi\/wp-json\/wp\/v2\/media?parent=23465"}],"wp:term":[{"taxonomy":"product_brand","embeddable":true,"href":"https:\/\/www.versiegelung24.com\/fi\/wp-json\/wp\/v2\/product_brand?post=23465"},{"taxonomy":"product_cat","embeddable":true,"href":"https:\/\/www.versiegelung24.com\/fi\/wp-json\/wp\/v2\/product_cat?post=23465"},{"taxonomy":"product_tag","embeddable":true,"href":"https:\/\/www.versiegelung24.com\/fi\/wp-json\/wp\/v2\/product_tag?post=23465"}],"curies":[{"name":"wp","href":"https:\/\/api.w.org\/{rel}","templated":true}]}}