{"id":23564,"date":"2020-04-04T18:53:44","date_gmt":"2021-08-02T19:44:41","guid":{"rendered":"https:\/\/www.versiegelung24.com\/produkt\/yleistiiviste-673-koville-imukykyisille-pinnoille-maali-muovi-lasi-keraaminen-metalli-ruostumaton-teras"},"modified":"2025-01-04T00:14:31","modified_gmt":"2025-01-03T23:14:31","slug":"yleistiiviste-673-koville-ei-imukykyisille-pinnoille-lakat-muovi-lasi-keraaminen-metalli-ruostumaton-teras","status":"publish","type":"product","link":"https:\/\/www.versiegelung24.com\/fi\/yleistiiviste-673-koville-ei-imukykyisille-pinnoille-lakat-muovi-lasi-keraaminen-metalli-ruostumaton-teraes.html","title":{"rendered":"Yleistiiviste 673 &#8220;koville&#8221; \/ imukykyisille pinnoille (maali \/ muovi +++, lasi \/ keraaminen ++, metalli \/ ruostumaton ter\u00e4s ++)"},"content":{"rendered":"\n<p><strong>Yleistiiviste &#8220;koville&#8221; \/ imukykyisille pinnoille ammattimaisesti &#8211; valmistettu Saksassa<\/strong><\/p>\n\n<p>Ihanteellinen muoville ja maalattuille pinnoille (kerrostettavissa), voidaan k\u00e4ytt\u00e4\u00e4 my\u00f6s lasilla \/ keramiikalla; Metallia ja ruostumatonta ter\u00e4st\u00e4<\/p>\n\n<p>Tuotenumero: 4004-673<\/p>\n\n<p>Korkealaatuinen Valmistettu Saksassa<\/p>\n\n<p><strong>V24 yleistiiviste 4004-673<\/strong> on alkoholipohjainen j\u00e4rjestelm\u00e4, joka luo tilap\u00e4isen, helposti puhdistettavan vaikutuksen lasi- ja keraamisille pinnoille sek\u00e4 tietyille metallipinnoille (kromi, ruostumaton ter\u00e4s, alumiini). Hierottu materiaali muodostaa pinnalle ohuen kalvon, joka v\u00e4hent\u00e4\u00e4 lian ja vieraiden aineiden tarttumista ja mahdollistaa veden yksinkertaisen valumisen pois. P\u00e4\u00e4llystetyt pinnat ovat erityisen helposti puhdistettavia ja v\u00e4hemm\u00e4n likaisia.<\/p>\n\n<hr\/>\n\n<h4 class=\"wp-block-heading\" id=\"properties\">Tuotteen ominaisuudet<\/h4>\n\n<div class=\"wp-block-columns is-layout-flex wp-container-core-columns-is-layout-9d6595d7 wp-block-columns-is-layout-flex\">\n<div class=\"wp-block-column is-layout-flow wp-block-column-is-layout-flow\">\n<figure class=\"wp-block-table is-style-stripes\"><table><tbody><tr><td class=\"has-text-align-center\" data-align=\"center\">Kemia:<\/td><td class=\"has-text-align-center\" data-align=\"center\">Ep\u00e4orgaanis-orgaaninen polymeeri, halogeeniton, fluoriton<\/td><\/tr><tr><td class=\"has-text-align-center\" data-align=\"center\">Kuvaus:<\/td><td class=\"has-text-align-center\" data-align=\"center\">Yleisk\u00e4ytt\u00f6inen tiiviste<\/td><\/tr><tr><td class=\"has-text-align-center\" data-align=\"center\">Ulkomuoto:<\/td><td class=\"has-text-align-center\" data-align=\"center\">Neste, v\u00e4rit\u00f6n &#8211; vaaleanpunainen<\/td><\/tr><tr><td class=\"has-text-align-center\" data-align=\"center\">Laimennus: <\/td><td class=\"has-text-align-center\" data-align=\"center\">Laimennettu k\u00e4ytt\u00f6valmis<\/td><\/tr><tr><td class=\"has-text-align-center\" data-align=\"center\">Pitoisuus: <\/td><td class=\"has-text-align-center\" data-align=\"center\">0,5-1,5 painoprosenttia<\/td><\/tr><tr><td class=\"has-text-align-center\" data-align=\"center\">K\u00e4sittely:<\/td><td class=\"has-text-align-center\" data-align=\"center\">T\u00e4rke\u00e4t tiedot k\u00e4sittelyst\u00e4 ja turvallisuudesta l\u00f6ytyv\u00e4t voimassa olevasta k\u00e4ytt\u00f6turvallisuustiedotteesta. K\u00e4sittelyn aikana on k\u00e4ytett\u00e4v\u00e4 sopivia henkil\u00f6kohtaisia suojavarusteita.<\/td><\/tr><\/tbody><\/table><\/figure>\n<\/div>\n\n\n\n<div class=\"wp-block-column is-layout-flow wp-block-column-is-layout-flow\">\n<p><br\/><br\/>Toimituksen sis\u00e4lt\u00f6: 1 x litran pullo 1 x pumppusumutin 1 x pumppusumutin<\/p>\n<\/div>\n<\/div>\n\n<hr\/>\n\n<h4 class=\"wp-block-heading\" id=\"h-ratgeber\">Neuvonantaja<\/h4>\n\n<p>Yleistiivisteemme sopivat erityisen hyvin tee-se-itse-sektorille.<\/p>\n\n<p>Niiss\u00e4 yhdistyv\u00e4t ammattimainen toimintatapa eri pinnoilla ja helppo k\u00e4sitell\u00e4 levityksen aikana. Ja kaikki t\u00e4m\u00e4 ilman, ett\u00e4 sinun tarvitsee tehd\u00e4 suuria laadullisia kompromisseja.<\/p>\n\n<p>T\u00e4ll\u00e4 tavalla voidaan tehd\u00e4 sovelluksia useille materiaaleille yhdell\u00e4 yleistiivisteaineella ja saavuttaa my\u00f6s laadukas vaikutus ja pitk\u00e4 kest\u00e4vyys.<\/p>\n\n<p>Kuitenkin kaupallisissa ja teollisissa sovelluksissa, joissa halutaan saavuttaa korkein mahdollinen suorituskyky tietyll\u00e4 pinnalla, suosittelemme k\u00e4ytt\u00e4m\u00e4\u00e4n erityisi\u00e4 pintak\u00e4sittelyj\u00e4mme kyseiselle pinnalle.<\/p>\n","protected":false},"excerpt":{"rendered":"<p><strong>Eritt\u00e4in tehokas ammattimainen yleissaumausaine &#8220;koville&#8221;\/ei-imeville pinnoille, kuten:<\/strong><\/p>\n<p>\u2713 Lasi<\/p>\n<p>\u2713 Keraamiset pinnat<\/p>\n<p>\u2713 Muovipinnat<\/p>\n<p>\u2713 Metallipinnat<\/p>\n<p>\u2713 Helposti puhdistettava vaikutus<\/p>\n","protected":false},"featured_media":18216,"template":"","meta":{"_acf_changed":false,"neve_meta_sidebar":"","neve_meta_container":"","neve_meta_enable_content_width":"","neve_meta_content_width":0,"neve_meta_title_alignment":"","neve_meta_author_avatar":"","neve_post_elements_order":"","neve_meta_disable_header":"","neve_meta_disable_footer":"","neve_meta_disable_title":"","neve_meta_reading_time":"","_surfaces":[],"_ver_product_tabs":[],"footnotes":""},"product_brand":[],"product_cat":[2488],"product_tag":[],"class_list":{"0":"post-23564","1":"product","2":"type-product","3":"status-publish","4":"has-post-thumbnail","6":"product_cat-yleinen-tiiviste","8":"first","9":"instock","10":"taxable","11":"shipping-taxable","12":"purchasable","13":"product-type-simple"},"acf":[],"yoast_head":"<!-- This site is optimized with the Yoast SEO Premium plugin v22.8 (Yoast SEO v27.5) - https:\/\/yoast.com\/product\/yoast-seo-premium-wordpress\/ -->\n<title>Yleistiiviste 673 &quot;koville&quot; \/ imukykyisille pinnoille (maali \/ muovi +++, lasi \/ keraaminen ++, metalli \/ ruostumaton ter\u00e4s ++) - versiegelung24.com<\/title>\n<meta name=\"robots\" content=\"index, follow, max-snippet:-1, max-image-preview:large, max-video-preview:-1\" \/>\n<link rel=\"canonical\" href=\"https:\/\/www.versiegelung24.com\/fi\/yleistiiviste-673-koville-ei-imukykyisille-pinnoille-lakat-muovi-lasi-keraaminen-metalli-ruostumaton-teraes.html\" \/>\n<meta property=\"og:locale\" content=\"fi_FI\" \/>\n<meta property=\"og:type\" content=\"article\" \/>\n<meta property=\"og:title\" content=\"Yleistiiviste 673 &quot;koville&quot; \/ imukykyisille pinnoille (maali \/ muovi +++, lasi \/ keraaminen ++, metalli \/ ruostumaton ter\u00e4s ++)\" \/>\n<meta property=\"og:description\" content=\"Eritt\u00e4in tehokas ammattimainen yleissaumausaine &quot;koville&quot;\/ei-imeville pinnoille, kuten: \u2713 Lasi \u2713 Keraamiset pinnat \u2713 Muovipinnat \u2713 Metallipinnat \u2713 Helposti puhdistettava vaikutus\" \/>\n<meta property=\"og:url\" content=\"https:\/\/www.versiegelung24.com\/fi\/yleistiiviste-673-koville-ei-imukykyisille-pinnoille-lakat-muovi-lasi-keraaminen-metalli-ruostumaton-teraes.html\" \/>\n<meta property=\"og:site_name\" content=\"versiegelung24.com\" \/>\n<meta property=\"article:modified_time\" content=\"2025-01-03T23:14:31+00:00\" \/>\n<meta property=\"og:image\" content=\"https:\/\/www.versiegelung24.com\/wp-content\/uploads\/2020\/06\/produkt-4004-673-1000-Universalversiegelung-673-scaled.jpg\" \/>\n\t<meta property=\"og:image:width\" content=\"2560\" \/>\n\t<meta property=\"og:image:height\" content=\"2560\" \/>\n\t<meta property=\"og:image:type\" content=\"image\/jpeg\" \/>\n<meta name=\"twitter:card\" content=\"summary_large_image\" \/>\n<meta name=\"twitter:label1\" content=\"Hinta\" \/>\n\t<meta name=\"twitter:data1\" content=\"99,00&euro;\" \/>\n\t<meta name=\"twitter:label2\" content=\"Saatavuus\" \/>\n\t<meta name=\"twitter:data2\" content=\"Varastossa\" \/>\n<script type=\"application\/ld+json\" class=\"yoast-schema-graph\">{\"@context\":\"https:\\\/\\\/schema.org\",\"@graph\":[{\"@type\":\"WebPage\",\"@id\":\"https:\\\/\\\/www.versiegelung24.com\\\/fi\\\/yleistiiviste-673-koville-ei-imukykyisille-pinnoille-lakat-muovi-lasi-keraaminen-metalli-ruostumaton-teraes.html\",\"url\":\"https:\\\/\\\/www.versiegelung24.com\\\/fi\\\/yleistiiviste-673-koville-ei-imukykyisille-pinnoille-lakat-muovi-lasi-keraaminen-metalli-ruostumaton-teraes.html\",\"name\":\"Yleistiiviste 673 \\\"koville\\\" \\\/ imukykyisille pinnoille (maali \\\/ muovi +++, lasi \\\/ keraaminen ++, metalli \\\/ ruostumaton ter\u00e4s ++) - versiegelung24.com\",\"isPartOf\":{\"@id\":\"https:\\\/\\\/www.versiegelung24.com\\\/fi\\\/#website\"},\"primaryImageOfPage\":{\"@id\":\"https:\\\/\\\/www.versiegelung24.com\\\/fi\\\/yleistiiviste-673-koville-ei-imukykyisille-pinnoille-lakat-muovi-lasi-keraaminen-metalli-ruostumaton-teraes.html#primaryimage\"},\"image\":{\"@id\":\"https:\\\/\\\/www.versiegelung24.com\\\/fi\\\/yleistiiviste-673-koville-ei-imukykyisille-pinnoille-lakat-muovi-lasi-keraaminen-metalli-ruostumaton-teraes.html#primaryimage\"},\"thumbnailUrl\":\"https:\\\/\\\/www.versiegelung24.com\\\/wp-content\\\/uploads\\\/2020\\\/06\\\/produkt-4004-673-1000-Universalversiegelung-673-scaled.jpg\",\"datePublished\":\"2021-08-02T19:44:41+00:00\",\"dateModified\":\"2025-01-03T23:14:31+00:00\",\"breadcrumb\":{\"@id\":\"https:\\\/\\\/www.versiegelung24.com\\\/fi\\\/yleistiiviste-673-koville-ei-imukykyisille-pinnoille-lakat-muovi-lasi-keraaminen-metalli-ruostumaton-teraes.html#breadcrumb\"},\"inLanguage\":\"fi\",\"potentialAction\":[{\"@type\":\"ReadAction\",\"target\":[\"https:\\\/\\\/www.versiegelung24.com\\\/fi\\\/yleistiiviste-673-koville-ei-imukykyisille-pinnoille-lakat-muovi-lasi-keraaminen-metalli-ruostumaton-teraes.html\"]}]},{\"@type\":\"ImageObject\",\"inLanguage\":\"fi\",\"@id\":\"https:\\\/\\\/www.versiegelung24.com\\\/fi\\\/yleistiiviste-673-koville-ei-imukykyisille-pinnoille-lakat-muovi-lasi-keraaminen-metalli-ruostumaton-teraes.html#primaryimage\",\"url\":\"https:\\\/\\\/www.versiegelung24.com\\\/wp-content\\\/uploads\\\/2020\\\/06\\\/produkt-4004-673-1000-Universalversiegelung-673-scaled.jpg\",\"contentUrl\":\"https:\\\/\\\/www.versiegelung24.com\\\/wp-content\\\/uploads\\\/2020\\\/06\\\/produkt-4004-673-1000-Universalversiegelung-673-scaled.jpg\",\"width\":2560,\"height\":2560},{\"@type\":\"BreadcrumbList\",\"@id\":\"https:\\\/\\\/www.versiegelung24.com\\\/fi\\\/yleistiiviste-673-koville-ei-imukykyisille-pinnoille-lakat-muovi-lasi-keraaminen-metalli-ruostumaton-teraes.html#breadcrumb\",\"itemListElement\":[{\"@type\":\"ListItem\",\"position\":1,\"name\":\"Kotisivu\",\"item\":\"https:\\\/\\\/www.versiegelung24.com\\\/fi\\\/etupuolella\\\/\"},{\"@type\":\"ListItem\",\"position\":2,\"name\":\"Myym\u00e4l\u00e4\",\"item\":\"https:\\\/\\\/www.versiegelung24.com\\\/fi\\\/myymala-2\\\/\"},{\"@type\":\"ListItem\",\"position\":3,\"name\":\"Yleistiiviste 673 &#8220;koville&#8221; \\\/ imukykyisille pinnoille (maali \\\/ muovi +++, lasi \\\/ keraaminen ++, metalli \\\/ ruostumaton ter\u00e4s ++)\"}]},{\"@type\":\"WebSite\",\"@id\":\"https:\\\/\\\/www.versiegelung24.com\\\/fi\\\/#website\",\"url\":\"https:\\\/\\\/www.versiegelung24.com\\\/fi\\\/\",\"name\":\"versiegelung24.com\",\"description\":\"Fl\u00fcssigglas-Versiegelung - Made in Germany\",\"publisher\":{\"@id\":\"https:\\\/\\\/www.versiegelung24.com\\\/fi\\\/#organization\"},\"potentialAction\":[{\"@type\":\"SearchAction\",\"target\":{\"@type\":\"EntryPoint\",\"urlTemplate\":\"https:\\\/\\\/www.versiegelung24.com\\\/fi\\\/?s={search_term_string}\"},\"query-input\":{\"@type\":\"PropertyValueSpecification\",\"valueRequired\":true,\"valueName\":\"search_term_string\"}}],\"inLanguage\":\"fi\"},{\"@type\":\"Organization\",\"@id\":\"https:\\\/\\\/www.versiegelung24.com\\\/fi\\\/#organization\",\"name\":\"versiegelung24\",\"url\":\"https:\\\/\\\/www.versiegelung24.com\\\/fi\\\/\",\"logo\":{\"@type\":\"ImageObject\",\"inLanguage\":\"fi\",\"@id\":\"https:\\\/\\\/www.versiegelung24.com\\\/fi\\\/#\\\/schema\\\/logo\\\/image\\\/\",\"url\":\"https:\\\/\\\/www.versiegelung24.com\\\/wp-content\\\/uploads\\\/2020\\\/04\\\/versiegelung24.png\",\"contentUrl\":\"https:\\\/\\\/www.versiegelung24.com\\\/wp-content\\\/uploads\\\/2020\\\/04\\\/versiegelung24.png\",\"width\":470,\"height\":102,\"caption\":\"versiegelung24\"},\"image\":{\"@id\":\"https:\\\/\\\/www.versiegelung24.com\\\/fi\\\/#\\\/schema\\\/logo\\\/image\\\/\"}}]}<\/script>\n<meta property=\"product:price:amount\" content=\"99.00\" \/>\n<meta property=\"product:price:currency\" content=\"EUR\" \/>\n<meta property=\"og:availability\" content=\"instock\" \/>\n<meta property=\"product:availability\" content=\"instock\" \/>\n<meta property=\"product:retailer_item_id\" content=\"4004-673-1000\" \/>\n<meta property=\"product:condition\" content=\"new\" \/>\n<!-- \/ Yoast SEO Premium plugin. -->","yoast_head_json":{"title":"Yleistiiviste 673 \"koville\" \/ imukykyisille pinnoille (maali \/ muovi +++, lasi \/ keraaminen ++, metalli \/ ruostumaton ter\u00e4s ++) - versiegelung24.com","robots":{"index":"index","follow":"follow","max-snippet":"max-snippet:-1","max-image-preview":"max-image-preview:large","max-video-preview":"max-video-preview:-1"},"canonical":"https:\/\/www.versiegelung24.com\/fi\/yleistiiviste-673-koville-ei-imukykyisille-pinnoille-lakat-muovi-lasi-keraaminen-metalli-ruostumaton-teraes.html","og_locale":"fi_FI","og_type":"article","og_title":"Yleistiiviste 673 \"koville\" \/ imukykyisille pinnoille (maali \/ muovi +++, lasi \/ keraaminen ++, metalli \/ ruostumaton ter\u00e4s ++)","og_description":"Eritt\u00e4in tehokas ammattimainen yleissaumausaine \"koville\"\/ei-imeville pinnoille, kuten: \u2713 Lasi \u2713 Keraamiset pinnat \u2713 Muovipinnat \u2713 Metallipinnat \u2713 Helposti puhdistettava vaikutus","og_url":"https:\/\/www.versiegelung24.com\/fi\/yleistiiviste-673-koville-ei-imukykyisille-pinnoille-lakat-muovi-lasi-keraaminen-metalli-ruostumaton-teraes.html","og_site_name":"versiegelung24.com","article_modified_time":"2025-01-03T23:14:31+00:00","og_image":[{"width":2560,"height":2560,"url":"https:\/\/www.versiegelung24.com\/wp-content\/uploads\/2020\/06\/produkt-4004-673-1000-Universalversiegelung-673-scaled.jpg","type":"image\/jpeg"}],"twitter_card":"summary_large_image","twitter_misc":{"Hinta":"99,00&euro;","Saatavuus":"Varastossa"},"schema":{"@context":"https:\/\/schema.org","@graph":[{"@type":"WebPage","@id":"https:\/\/www.versiegelung24.com\/fi\/yleistiiviste-673-koville-ei-imukykyisille-pinnoille-lakat-muovi-lasi-keraaminen-metalli-ruostumaton-teraes.html","url":"https:\/\/www.versiegelung24.com\/fi\/yleistiiviste-673-koville-ei-imukykyisille-pinnoille-lakat-muovi-lasi-keraaminen-metalli-ruostumaton-teraes.html","name":"Yleistiiviste 673 \"koville\" \/ imukykyisille pinnoille (maali \/ muovi +++, lasi \/ keraaminen ++, metalli \/ ruostumaton ter\u00e4s ++) - versiegelung24.com","isPartOf":{"@id":"https:\/\/www.versiegelung24.com\/fi\/#website"},"primaryImageOfPage":{"@id":"https:\/\/www.versiegelung24.com\/fi\/yleistiiviste-673-koville-ei-imukykyisille-pinnoille-lakat-muovi-lasi-keraaminen-metalli-ruostumaton-teraes.html#primaryimage"},"image":{"@id":"https:\/\/www.versiegelung24.com\/fi\/yleistiiviste-673-koville-ei-imukykyisille-pinnoille-lakat-muovi-lasi-keraaminen-metalli-ruostumaton-teraes.html#primaryimage"},"thumbnailUrl":"https:\/\/www.versiegelung24.com\/wp-content\/uploads\/2020\/06\/produkt-4004-673-1000-Universalversiegelung-673-scaled.jpg","datePublished":"2021-08-02T19:44:41+00:00","dateModified":"2025-01-03T23:14:31+00:00","breadcrumb":{"@id":"https:\/\/www.versiegelung24.com\/fi\/yleistiiviste-673-koville-ei-imukykyisille-pinnoille-lakat-muovi-lasi-keraaminen-metalli-ruostumaton-teraes.html#breadcrumb"},"inLanguage":"fi","potentialAction":[{"@type":"ReadAction","target":["https:\/\/www.versiegelung24.com\/fi\/yleistiiviste-673-koville-ei-imukykyisille-pinnoille-lakat-muovi-lasi-keraaminen-metalli-ruostumaton-teraes.html"]}]},{"@type":"ImageObject","inLanguage":"fi","@id":"https:\/\/www.versiegelung24.com\/fi\/yleistiiviste-673-koville-ei-imukykyisille-pinnoille-lakat-muovi-lasi-keraaminen-metalli-ruostumaton-teraes.html#primaryimage","url":"https:\/\/www.versiegelung24.com\/wp-content\/uploads\/2020\/06\/produkt-4004-673-1000-Universalversiegelung-673-scaled.jpg","contentUrl":"https:\/\/www.versiegelung24.com\/wp-content\/uploads\/2020\/06\/produkt-4004-673-1000-Universalversiegelung-673-scaled.jpg","width":2560,"height":2560},{"@type":"BreadcrumbList","@id":"https:\/\/www.versiegelung24.com\/fi\/yleistiiviste-673-koville-ei-imukykyisille-pinnoille-lakat-muovi-lasi-keraaminen-metalli-ruostumaton-teraes.html#breadcrumb","itemListElement":[{"@type":"ListItem","position":1,"name":"Kotisivu","item":"https:\/\/www.versiegelung24.com\/fi\/etupuolella\/"},{"@type":"ListItem","position":2,"name":"Myym\u00e4l\u00e4","item":"https:\/\/www.versiegelung24.com\/fi\/myymala-2\/"},{"@type":"ListItem","position":3,"name":"Yleistiiviste 673 &#8220;koville&#8221; \/ imukykyisille pinnoille (maali \/ muovi +++, lasi \/ keraaminen ++, metalli \/ ruostumaton ter\u00e4s ++)"}]},{"@type":"WebSite","@id":"https:\/\/www.versiegelung24.com\/fi\/#website","url":"https:\/\/www.versiegelung24.com\/fi\/","name":"versiegelung24.com","description":"Fl\u00fcssigglas-Versiegelung - Made in Germany","publisher":{"@id":"https:\/\/www.versiegelung24.com\/fi\/#organization"},"potentialAction":[{"@type":"SearchAction","target":{"@type":"EntryPoint","urlTemplate":"https:\/\/www.versiegelung24.com\/fi\/?s={search_term_string}"},"query-input":{"@type":"PropertyValueSpecification","valueRequired":true,"valueName":"search_term_string"}}],"inLanguage":"fi"},{"@type":"Organization","@id":"https:\/\/www.versiegelung24.com\/fi\/#organization","name":"versiegelung24","url":"https:\/\/www.versiegelung24.com\/fi\/","logo":{"@type":"ImageObject","inLanguage":"fi","@id":"https:\/\/www.versiegelung24.com\/fi\/#\/schema\/logo\/image\/","url":"https:\/\/www.versiegelung24.com\/wp-content\/uploads\/2020\/04\/versiegelung24.png","contentUrl":"https:\/\/www.versiegelung24.com\/wp-content\/uploads\/2020\/04\/versiegelung24.png","width":470,"height":102,"caption":"versiegelung24"},"image":{"@id":"https:\/\/www.versiegelung24.com\/fi\/#\/schema\/logo\/image\/"}}]},"product_price_amount":"99.00","product_price_currency":"EUR","og_availability":"instock","product_availability":"instock","product_retailer_item_id":"4004-673-1000","product_condition":"new"},"_links":{"self":[{"href":"https:\/\/www.versiegelung24.com\/fi\/wp-json\/wp\/v2\/product\/23564","targetHints":{"allow":["GET"]}}],"collection":[{"href":"https:\/\/www.versiegelung24.com\/fi\/wp-json\/wp\/v2\/product"}],"about":[{"href":"https:\/\/www.versiegelung24.com\/fi\/wp-json\/wp\/v2\/types\/product"}],"version-history":[{"count":17,"href":"https:\/\/www.versiegelung24.com\/fi\/wp-json\/wp\/v2\/product\/23564\/revisions"}],"predecessor-version":[{"id":177920,"href":"https:\/\/www.versiegelung24.com\/fi\/wp-json\/wp\/v2\/product\/23564\/revisions\/177920"}],"wp:featuredmedia":[{"embeddable":true,"href":"https:\/\/www.versiegelung24.com\/fi\/wp-json\/wp\/v2\/media\/18216"}],"wp:attachment":[{"href":"https:\/\/www.versiegelung24.com\/fi\/wp-json\/wp\/v2\/media?parent=23564"}],"wp:term":[{"taxonomy":"product_brand","embeddable":true,"href":"https:\/\/www.versiegelung24.com\/fi\/wp-json\/wp\/v2\/product_brand?post=23564"},{"taxonomy":"product_cat","embeddable":true,"href":"https:\/\/www.versiegelung24.com\/fi\/wp-json\/wp\/v2\/product_cat?post=23564"},{"taxonomy":"product_tag","embeddable":true,"href":"https:\/\/www.versiegelung24.com\/fi\/wp-json\/wp\/v2\/product_tag?post=23564"}],"curies":[{"name":"wp","href":"https:\/\/api.w.org\/{rel}","templated":true}]}}