{"id":23605,"date":"2020-04-04T18:53:41","date_gmt":"2020-04-04T16:53:41","guid":{"rendered":"https:\/\/www.versiegelung24.com\/produkt\/bioetanoli-966-ammattimaiseen-esipuhdistukseen"},"modified":"2026-04-01T11:54:56","modified_gmt":"2026-04-01T09:54:56","slug":"bioetanoli-966-ammattimaiseen-esipuhdistukseen","status":"publish","type":"product","link":"https:\/\/www.versiegelung24.com\/fi\/bioetanoli-966-ammattimaiseen-esipuhdistukseen.html","title":{"rendered":"Bioetanoli 96,6 % ammattimaiseen esipuhdistukseen"},"content":{"rendered":"\n<h4 class=\"wp-block-heading\" id=\"h-beschreibung\">Kuvaus<\/h4>\n\n<p>Teknisesti laadukas bioetanoli 96,6 % soveltuu imukykyisten pintojen perusteelliseen esipuhdistukseen ja rasvanpoistoon. <\/p>\n\n<p>Voidaan k\u00e4ytt\u00e4\u00e4 eritt\u00e4in hyvin yhdess\u00e4 biologisen, <a href=\"https:\/\/www.versiegelung24.com\/fi\/biosativa-biologinen-esipuhdistin.html\">j\u00e4\u00e4m\u00e4tt\u00f6mien esipuhdistusaineemme BIOSATIVA<\/a> \u00ae kanssa esim. lasin, keramiikan, maalattujen pintojen valmistukseen pintatiivisteidemme levitt\u00e4mist\u00e4 varten.<\/p>\n\n<hr \/>\n\n<h4 class=\"wp-block-heading\" id=\"properties\">Tuotteen ominaisuudet<\/h4>\n\n<p>\u2713 100 % maissista ja sokerijuurikkaasta valmistettu bioetanoli<\/p>\n\n<p>\u2713 Alueellinen tuotanto Euroopasta tulevilla raaka-aineilla<\/p>\n\n<p>\u2713 Tuotanto korkeiden eurooppalaisten ohjeiden mukaisesti<\/p>\n\n<p>\u2713 Turvallisuus ja laatu korkeiden standardien kautta<\/p>\n\n<p>Eritt\u00e4in puhdas, 1 % MEK, 1 % isopropanolia ja Bitrex t\u00e4ysin denaturoitu bioetanoli 96,6 % (eteenialkoholi) kest\u00e4v\u00e4st\u00e4 tuotannosta (biomassa).<\/p>\n\n<hr \/>\n\n<h4 class=\"wp-block-heading\" id=\"application\">Hakemus<\/h4>\n\n<p>Sileiden, ei-imukykyisten pintojen puhdistamiseksi suosittelemme puhdistamista kahdessa vaiheessa:<\/p>\n\n<p>1. Pinnan intensiivinen esipuhdistus tavanomaisella j\u00e4\u00e4m\u00e4tt\u00f6m\u00e4ll\u00e4 puhdistusaineella tai biologisella puhdistustiivisteell\u00e4mme <a href=\"https:\/\/www.versiegelung24.com\/fi\/biosativa-biologinen-esipuhdistin.html\">BIOSATIVA<\/a> <a href=\"https:\/\/www.versiegelung24.com\/biosativa-biologischer-vorreiniger.html\">\u00ae<\/a><\/p>\n\n<p>2. Puhdista pinta puhdistuksen p\u00e4\u00e4tytty\u00e4 uudelleen 96,6% bioetanolilla, jotta kaikki lika poistuu ja pinta on t\u00e4ysin rasvaton. Toista t\u00e4t\u00e4, kunnes mikrokuituliinassa ei ole en\u00e4\u00e4 likaj\u00e4\u00e4mi\u00e4.<\/p>\n\n<p>Lyhyen pinnalla olevien alkoholij\u00e4\u00e4mien haihtumisen j\u00e4lkeen nanopinnoitteidemme ja kyll\u00e4stysten levitys voi alkaa.<\/p>\n\n<p><em>Periaatteessa jokaisen pinnan puhdistuksen ja tiivistyksen yhteydess\u00e4 tulee aina tehd\u00e4 testi huomaamattomalle alueelle, jotta voidaan m\u00e4\u00e4ritt\u00e4\u00e4 pinnan yhteensopivuus k\u00e4ytettyjen aineiden kanssa.<\/em><\/p>\n\n<hr \/>\n\n<h4 class=\"wp-block-heading\" id=\"advisor\">Neuvonantaja<\/h4>\n\n<p><strong>Bio-Ethanol 96,6% &#8211; t\u00e4ydellinen p\u00f6yt\u00e4takoihin<\/strong><\/p>\n\n<p>Niin erilaisia kuin makumme ovatkin, etanolitakoista on tullut v\u00e4ltt\u00e4m\u00e4tt\u00f6mi\u00e4 monissa kotitalouksissa. 1 litran pullot sopivat erinomaisesti satunnaiselle tai ensikertalaiselle, joka haluaa tutustua etanolitakkainsa tai nestem\u00e4iseen bioetanolipolttoaineeseemme.<\/p>\n\n<p><strong>Kuinka kauan 1 litra bioetanolia kest\u00e4\u00e4?<\/strong><\/p>\n\n<p>Keskim\u00e4\u00e4r\u00e4inen palamisaika 1 litralle 96,6 % bioetanolia on noin 2-3 tuntia. Mutta sit\u00e4 ei voi sanoa tarkasti, koska palamisaika riippuu pinta-alasta, jolla neste palaa. Mit\u00e4 suurempi pinta-ala, sit\u00e4 nopeammin korkealuokkainen bioetanoli palaa.<\/p>\n\n<hr \/>\n\n<h4 class=\"wp-block-heading\" id=\"faq\">FAQ<\/h4>\n\n<div class=\"schema-faq wp-block-yoast-faq-block\"><div class=\"schema-faq-section\" id=\"faq-question-1645793617330\"><strong class=\"schema-faq-question\">Onko bioetanoli hyv\u00e4ksytty l\u00e4\u00e4ketieteen k\u00e4ytt\u00f6\u00f6n?<\/strong> <p class=\"schema-faq-answer\">Ei! Jos etsit pintadesinfiointiainetta, l\u00f6yd\u00e4t lis\u00e4tietoja t\u00e4\u00e4lt\u00e4: <a href=\"https:\/\/www.versiegelung24.com\/desinfektionsmittel\/\">Yleiskatsaus desinfiointiaineista<\/a><\/p> <\/div> <div class=\"schema-faq-section\" id=\"faq-question-1645793819353\"><strong class=\"schema-faq-question\">Kuinka vaarallista bioetanoli on?<\/strong> <p class=\"schema-faq-answer\">Palaminen tuottaa vesih\u00f6yry\u00e4 (H2O) ja hiilidioksidia (CO2), aivan kuten hengitett\u00e4ess\u00e4. Bioetanoli 96,6 % palaa hajuton ja j\u00e4\u00e4nteet\u00f6n. Takkak\u00e4yt\u00f6ss\u00e4 on aina noudatettava tarkat vaaravaroitukset!<br>Bioetanoli 96,6 % on helposti syttyv\u00e4\u00e4. Puhdistusaineena k\u00e4ytett\u00e4ess\u00e4 syntyy helposti syttyvi\u00e4 kaasuja. <br><\/p> <\/div> <div class=\"schema-faq-section\" id=\"faq-question-1645794918526\"><strong class=\"schema-faq-question\">Voiko bioetanoli (puhdistusaineena) iske\u00e4 pintoja?<\/strong> <p class=\"schema-faq-answer\">Erityisesti muovien kohdalla on oltava varovainen. Pehme\u00e4t muovit, kuten tiivisteet ja letkut, voivat reagoida pehmittimien kanssa ja vahingoittaa pintoja tai materiaaleja.<br><br>Periaatteessa pintaa puhdistettaessa tulee aina ensin tehd\u00e4 testi huomaamattomalle alueelle.<\/p> <\/div> <\/div>\n","protected":false},"excerpt":{"rendered":"<p>\u2713 100 % maissista ja sokerijuurikkaasta valmistettu bioetanoli<\/p>\n<p>\u2713 Alueellinen tuotanto Euroopasta tulevilla raaka-aineilla<\/p>\n<p>\u2713 Tuotanto korkeiden eurooppalaisten ohjeiden mukaisesti<\/p>\n<p>\u2713 Turvallisuus ja laatu korkeiden standardien kautta<\/p>\n","protected":false},"featured_media":65151,"template":"","meta":{"_acf_changed":false,"neve_meta_sidebar":"","neve_meta_container":"","neve_meta_enable_content_width":"","neve_meta_content_width":0,"neve_meta_title_alignment":"","neve_meta_author_avatar":"","neve_post_elements_order":"","neve_meta_disable_header":"","neve_meta_disable_footer":"","neve_meta_disable_title":"","neve_meta_reading_time":"","_surfaces":[],"_ver_product_tabs":[],"footnotes":""},"product_brand":[],"product_cat":[2468,2601,2191,2207,2465],"product_tag":[],"class_list":{"0":"post-23605","1":"product","2":"type-product","3":"status-publish","4":"has-post-thumbnail","6":"product_cat-siivoustarvikkeet","7":"product_cat-bioetanoli","8":"product_cat-lasin-ja-keramiikan-tiiviste","9":"product_cat-auton-tiivistys","10":"product_cat-metalli-ja-muovitiiviste","12":"first","13":"instock","14":"taxable","15":"shipping-taxable","16":"purchasable","17":"product-type-simple"},"acf":[],"yoast_head":"<!-- This site is optimized with the Yoast SEO Premium plugin v22.8 (Yoast SEO v27.5) - https:\/\/yoast.com\/product\/yoast-seo-premium-wordpress\/ -->\n<title>Bioetanoli 96,6 % ammattimaiseen esipuhdistukseen - versiegelung24.com<\/title>\n<meta name=\"robots\" content=\"index, follow, max-snippet:-1, max-image-preview:large, max-video-preview:-1\" \/>\n<link rel=\"canonical\" href=\"https:\/\/www.versiegelung24.com\/fi\/bioetanoli-966-ammattimaiseen-esipuhdistukseen.html\" \/>\n<meta property=\"og:locale\" content=\"fi_FI\" \/>\n<meta property=\"og:type\" content=\"article\" \/>\n<meta property=\"og:title\" content=\"Bioetanoli 96,6 % ammattimaiseen esipuhdistukseen\" \/>\n<meta property=\"og:description\" content=\"\u2713 100 % maissista ja sokerijuurikkaasta valmistettu bioetanoli \u2713 Alueellinen tuotanto Euroopasta tulevilla raaka-aineilla \u2713 Tuotanto korkeiden eurooppalaisten ohjeiden mukaisesti \u2713 Turvallisuus ja laatu korkeiden standardien kautta\" \/>\n<meta property=\"og:url\" content=\"https:\/\/www.versiegelung24.com\/fi\/bioetanoli-966-ammattimaiseen-esipuhdistukseen.html\" \/>\n<meta property=\"og:site_name\" content=\"versiegelung24.com\" \/>\n<meta property=\"article:modified_time\" content=\"2026-04-01T09:54:56+00:00\" \/>\n<meta property=\"og:image\" content=\"https:\/\/www.versiegelung24.com\/wp-content\/uploads\/2020\/04\/produkt_9100-950-1000-bioethanol-flasche.jpeg\" \/>\n\t<meta property=\"og:image:width\" content=\"2560\" \/>\n\t<meta property=\"og:image:height\" content=\"2560\" \/>\n\t<meta property=\"og:image:type\" content=\"image\/jpeg\" \/>\n<meta name=\"twitter:card\" content=\"summary_large_image\" \/>\n<meta name=\"twitter:label1\" content=\"Hinta\" \/>\n\t<meta name=\"twitter:data1\" content=\"9,99&euro;\" \/>\n\t<meta name=\"twitter:label2\" content=\"Saatavuus\" \/>\n\t<meta name=\"twitter:data2\" content=\"Varastossa\" \/>\n<script type=\"application\/ld+json\" class=\"yoast-schema-graph\">{\"@context\":\"https:\\\/\\\/schema.org\",\"@graph\":[{\"@type\":[\"WebPage\",\"FAQPage\"],\"@id\":\"https:\\\/\\\/www.versiegelung24.com\\\/fi\\\/bioetanoli-966-ammattimaiseen-esipuhdistukseen.html\",\"url\":\"https:\\\/\\\/www.versiegelung24.com\\\/fi\\\/bioetanoli-966-ammattimaiseen-esipuhdistukseen.html\",\"name\":\"Bioetanoli 96,6 % ammattimaiseen esipuhdistukseen - versiegelung24.com\",\"isPartOf\":{\"@id\":\"https:\\\/\\\/www.versiegelung24.com\\\/fi\\\/#website\"},\"primaryImageOfPage\":{\"@id\":\"https:\\\/\\\/www.versiegelung24.com\\\/fi\\\/bioetanoli-966-ammattimaiseen-esipuhdistukseen.html#primaryimage\"},\"image\":{\"@id\":\"https:\\\/\\\/www.versiegelung24.com\\\/fi\\\/bioetanoli-966-ammattimaiseen-esipuhdistukseen.html#primaryimage\"},\"thumbnailUrl\":\"https:\\\/\\\/www.versiegelung24.com\\\/wp-content\\\/uploads\\\/2020\\\/04\\\/produkt_9100-950-1000-bioethanol-flasche.jpeg\",\"datePublished\":\"2020-04-04T16:53:41+00:00\",\"dateModified\":\"2026-04-01T09:54:56+00:00\",\"breadcrumb\":{\"@id\":\"https:\\\/\\\/www.versiegelung24.com\\\/fi\\\/bioetanoli-966-ammattimaiseen-esipuhdistukseen.html#breadcrumb\"},\"mainEntity\":[{\"@id\":\"https:\\\/\\\/www.versiegelung24.com\\\/fi\\\/bioetanoli-966-ammattimaiseen-esipuhdistukseen.html#faq-question-1645793617330\"},{\"@id\":\"https:\\\/\\\/www.versiegelung24.com\\\/fi\\\/bioetanoli-966-ammattimaiseen-esipuhdistukseen.html#faq-question-1645793819353\"},{\"@id\":\"https:\\\/\\\/www.versiegelung24.com\\\/fi\\\/bioetanoli-966-ammattimaiseen-esipuhdistukseen.html#faq-question-1645794918526\"}],\"inLanguage\":\"fi\",\"potentialAction\":[{\"@type\":\"ReadAction\",\"target\":[\"https:\\\/\\\/www.versiegelung24.com\\\/fi\\\/bioetanoli-966-ammattimaiseen-esipuhdistukseen.html\"]}]},{\"@type\":\"ImageObject\",\"inLanguage\":\"fi\",\"@id\":\"https:\\\/\\\/www.versiegelung24.com\\\/fi\\\/bioetanoli-966-ammattimaiseen-esipuhdistukseen.html#primaryimage\",\"url\":\"https:\\\/\\\/www.versiegelung24.com\\\/wp-content\\\/uploads\\\/2020\\\/04\\\/produkt_9100-950-1000-bioethanol-flasche.jpeg\",\"contentUrl\":\"https:\\\/\\\/www.versiegelung24.com\\\/wp-content\\\/uploads\\\/2020\\\/04\\\/produkt_9100-950-1000-bioethanol-flasche.jpeg\",\"width\":2560,\"height\":2560},{\"@type\":\"BreadcrumbList\",\"@id\":\"https:\\\/\\\/www.versiegelung24.com\\\/fi\\\/bioetanoli-966-ammattimaiseen-esipuhdistukseen.html#breadcrumb\",\"itemListElement\":[{\"@type\":\"ListItem\",\"position\":1,\"name\":\"Kotisivu\",\"item\":\"https:\\\/\\\/www.versiegelung24.com\\\/fi\\\/etupuolella\\\/\"},{\"@type\":\"ListItem\",\"position\":2,\"name\":\"Myym\u00e4l\u00e4\",\"item\":\"https:\\\/\\\/www.versiegelung24.com\\\/fi\\\/myymala-2\\\/\"},{\"@type\":\"ListItem\",\"position\":3,\"name\":\"Bioetanoli 96,6 % ammattimaiseen esipuhdistukseen\"}]},{\"@type\":\"WebSite\",\"@id\":\"https:\\\/\\\/www.versiegelung24.com\\\/fi\\\/#website\",\"url\":\"https:\\\/\\\/www.versiegelung24.com\\\/fi\\\/\",\"name\":\"versiegelung24.com\",\"description\":\"Fl\u00fcssigglas-Versiegelung - Made in Germany\",\"publisher\":{\"@id\":\"https:\\\/\\\/www.versiegelung24.com\\\/fi\\\/#organization\"},\"potentialAction\":[{\"@type\":\"SearchAction\",\"target\":{\"@type\":\"EntryPoint\",\"urlTemplate\":\"https:\\\/\\\/www.versiegelung24.com\\\/fi\\\/?s={search_term_string}\"},\"query-input\":{\"@type\":\"PropertyValueSpecification\",\"valueRequired\":true,\"valueName\":\"search_term_string\"}}],\"inLanguage\":\"fi\"},{\"@type\":\"Organization\",\"@id\":\"https:\\\/\\\/www.versiegelung24.com\\\/fi\\\/#organization\",\"name\":\"versiegelung24\",\"url\":\"https:\\\/\\\/www.versiegelung24.com\\\/fi\\\/\",\"logo\":{\"@type\":\"ImageObject\",\"inLanguage\":\"fi\",\"@id\":\"https:\\\/\\\/www.versiegelung24.com\\\/fi\\\/#\\\/schema\\\/logo\\\/image\\\/\",\"url\":\"https:\\\/\\\/www.versiegelung24.com\\\/wp-content\\\/uploads\\\/2020\\\/04\\\/versiegelung24.png\",\"contentUrl\":\"https:\\\/\\\/www.versiegelung24.com\\\/wp-content\\\/uploads\\\/2020\\\/04\\\/versiegelung24.png\",\"width\":470,\"height\":102,\"caption\":\"versiegelung24\"},\"image\":{\"@id\":\"https:\\\/\\\/www.versiegelung24.com\\\/fi\\\/#\\\/schema\\\/logo\\\/image\\\/\"}},{\"@type\":\"Question\",\"@id\":\"https:\\\/\\\/www.versiegelung24.com\\\/fi\\\/bioetanoli-966-ammattimaiseen-esipuhdistukseen.html#faq-question-1645793617330\",\"position\":1,\"url\":\"https:\\\/\\\/www.versiegelung24.com\\\/fi\\\/bioetanoli-966-ammattimaiseen-esipuhdistukseen.html#faq-question-1645793617330\",\"name\":\"Ist Bioethanol f\u00fcr den medizinischen Bereich zugelassen?\",\"answerCount\":1,\"acceptedAnswer\":{\"@type\":\"Answer\",\"text\":\"Nein! Wenn Sie ein Fl\u00e4chendesinfektionsmittel suchen, finden Sie weitere Informationen hier: <a href=\\\"https:\\\/\\\/www.versiegelung24.com\\\/desinfektionsmittel\\\/\\\">\u00dcbersicht Desinfektionsmittel<\\\/a>\",\"inLanguage\":\"fi\"},\"inLanguage\":\"fi\"},{\"@type\":\"Question\",\"@id\":\"https:\\\/\\\/www.versiegelung24.com\\\/fi\\\/bioetanoli-966-ammattimaiseen-esipuhdistukseen.html#faq-question-1645793819353\",\"position\":2,\"url\":\"https:\\\/\\\/www.versiegelung24.com\\\/fi\\\/bioetanoli-966-ammattimaiseen-esipuhdistukseen.html#faq-question-1645793819353\",\"name\":\"Wie gef\u00e4hrlich ist Bioethanol?\",\"answerCount\":1,\"acceptedAnswer\":{\"@type\":\"Answer\",\"text\":\"Bei der Verbrennung entstehen genau wie bei unserer Atmung Wasserdampf (H2O) und Kohlendioxid (CO2). Bioethanol 96,6% verbrennt geruchs- und r\u00fcckstandsfrei. Bei Nutzung in Feuerstellen sind stets die genauen Gefahrenhinweise zu beachten!<br \\\/>Bioethanol 96,6% ist leicht entz\u00fcndlich. Bei der Nutzung als Reiniger entstehen leicht brennbare Gase. <br \\\/>\",\"inLanguage\":\"fi\"},\"inLanguage\":\"fi\"},{\"@type\":\"Question\",\"@id\":\"https:\\\/\\\/www.versiegelung24.com\\\/fi\\\/bioetanoli-966-ammattimaiseen-esipuhdistukseen.html#faq-question-1645794918526\",\"position\":3,\"url\":\"https:\\\/\\\/www.versiegelung24.com\\\/fi\\\/bioetanoli-966-ammattimaiseen-esipuhdistukseen.html#faq-question-1645794918526\",\"name\":\"Kann Bioethanol (als Reiniger eingesetzt) Oberfl\u00e4chen angreifen?\",\"answerCount\":1,\"acceptedAnswer\":{\"@type\":\"Answer\",\"text\":\"Besonders bei Kunststoffen ist hier mit Achtsamkeit vor zu gehen. Weiche Kunststoffe wie z.B. bei Dichtungen und Schl\u00e4uchen kann dieser mit den Weichmachern reagieren und Oberfl\u00e4chen bzw. Materialien sch\u00e4digen.<br \\\/><br \\\/>Grunds\u00e4tzlich sollte bei der Oberfl\u00e4chenreinigung immer erst ein Test an unauff\u00e4lliger Stelle durchgef\u00fchrt werden.\",\"inLanguage\":\"fi\"},\"inLanguage\":\"fi\"}]}<\/script>\n<meta property=\"product:price:amount\" content=\"9.99\" \/>\n<meta property=\"product:price:currency\" content=\"EUR\" \/>\n<meta property=\"og:availability\" content=\"instock\" \/>\n<meta property=\"product:availability\" content=\"instock\" \/>\n<meta property=\"product:retailer_item_id\" content=\"9100-BE96-1\" \/>\n<meta property=\"product:condition\" content=\"new\" \/>\n<!-- \/ Yoast SEO Premium plugin. -->","yoast_head_json":{"title":"Bioetanoli 96,6 % ammattimaiseen esipuhdistukseen - versiegelung24.com","robots":{"index":"index","follow":"follow","max-snippet":"max-snippet:-1","max-image-preview":"max-image-preview:large","max-video-preview":"max-video-preview:-1"},"canonical":"https:\/\/www.versiegelung24.com\/fi\/bioetanoli-966-ammattimaiseen-esipuhdistukseen.html","og_locale":"fi_FI","og_type":"article","og_title":"Bioetanoli 96,6 % ammattimaiseen esipuhdistukseen","og_description":"\u2713 100 % maissista ja sokerijuurikkaasta valmistettu bioetanoli \u2713 Alueellinen tuotanto Euroopasta tulevilla raaka-aineilla \u2713 Tuotanto korkeiden eurooppalaisten ohjeiden mukaisesti \u2713 Turvallisuus ja laatu korkeiden standardien kautta","og_url":"https:\/\/www.versiegelung24.com\/fi\/bioetanoli-966-ammattimaiseen-esipuhdistukseen.html","og_site_name":"versiegelung24.com","article_modified_time":"2026-04-01T09:54:56+00:00","og_image":[{"width":2560,"height":2560,"url":"https:\/\/www.versiegelung24.com\/wp-content\/uploads\/2020\/04\/produkt_9100-950-1000-bioethanol-flasche.jpeg","type":"image\/jpeg"}],"twitter_card":"summary_large_image","twitter_misc":{"Hinta":"9,99&euro;","Saatavuus":"Varastossa"},"schema":{"@context":"https:\/\/schema.org","@graph":[{"@type":["WebPage","FAQPage"],"@id":"https:\/\/www.versiegelung24.com\/fi\/bioetanoli-966-ammattimaiseen-esipuhdistukseen.html","url":"https:\/\/www.versiegelung24.com\/fi\/bioetanoli-966-ammattimaiseen-esipuhdistukseen.html","name":"Bioetanoli 96,6 % ammattimaiseen esipuhdistukseen - versiegelung24.com","isPartOf":{"@id":"https:\/\/www.versiegelung24.com\/fi\/#website"},"primaryImageOfPage":{"@id":"https:\/\/www.versiegelung24.com\/fi\/bioetanoli-966-ammattimaiseen-esipuhdistukseen.html#primaryimage"},"image":{"@id":"https:\/\/www.versiegelung24.com\/fi\/bioetanoli-966-ammattimaiseen-esipuhdistukseen.html#primaryimage"},"thumbnailUrl":"https:\/\/www.versiegelung24.com\/wp-content\/uploads\/2020\/04\/produkt_9100-950-1000-bioethanol-flasche.jpeg","datePublished":"2020-04-04T16:53:41+00:00","dateModified":"2026-04-01T09:54:56+00:00","breadcrumb":{"@id":"https:\/\/www.versiegelung24.com\/fi\/bioetanoli-966-ammattimaiseen-esipuhdistukseen.html#breadcrumb"},"mainEntity":[{"@id":"https:\/\/www.versiegelung24.com\/fi\/bioetanoli-966-ammattimaiseen-esipuhdistukseen.html#faq-question-1645793617330"},{"@id":"https:\/\/www.versiegelung24.com\/fi\/bioetanoli-966-ammattimaiseen-esipuhdistukseen.html#faq-question-1645793819353"},{"@id":"https:\/\/www.versiegelung24.com\/fi\/bioetanoli-966-ammattimaiseen-esipuhdistukseen.html#faq-question-1645794918526"}],"inLanguage":"fi","potentialAction":[{"@type":"ReadAction","target":["https:\/\/www.versiegelung24.com\/fi\/bioetanoli-966-ammattimaiseen-esipuhdistukseen.html"]}]},{"@type":"ImageObject","inLanguage":"fi","@id":"https:\/\/www.versiegelung24.com\/fi\/bioetanoli-966-ammattimaiseen-esipuhdistukseen.html#primaryimage","url":"https:\/\/www.versiegelung24.com\/wp-content\/uploads\/2020\/04\/produkt_9100-950-1000-bioethanol-flasche.jpeg","contentUrl":"https:\/\/www.versiegelung24.com\/wp-content\/uploads\/2020\/04\/produkt_9100-950-1000-bioethanol-flasche.jpeg","width":2560,"height":2560},{"@type":"BreadcrumbList","@id":"https:\/\/www.versiegelung24.com\/fi\/bioetanoli-966-ammattimaiseen-esipuhdistukseen.html#breadcrumb","itemListElement":[{"@type":"ListItem","position":1,"name":"Kotisivu","item":"https:\/\/www.versiegelung24.com\/fi\/etupuolella\/"},{"@type":"ListItem","position":2,"name":"Myym\u00e4l\u00e4","item":"https:\/\/www.versiegelung24.com\/fi\/myymala-2\/"},{"@type":"ListItem","position":3,"name":"Bioetanoli 96,6 % ammattimaiseen esipuhdistukseen"}]},{"@type":"WebSite","@id":"https:\/\/www.versiegelung24.com\/fi\/#website","url":"https:\/\/www.versiegelung24.com\/fi\/","name":"versiegelung24.com","description":"Fl\u00fcssigglas-Versiegelung - Made in Germany","publisher":{"@id":"https:\/\/www.versiegelung24.com\/fi\/#organization"},"potentialAction":[{"@type":"SearchAction","target":{"@type":"EntryPoint","urlTemplate":"https:\/\/www.versiegelung24.com\/fi\/?s={search_term_string}"},"query-input":{"@type":"PropertyValueSpecification","valueRequired":true,"valueName":"search_term_string"}}],"inLanguage":"fi"},{"@type":"Organization","@id":"https:\/\/www.versiegelung24.com\/fi\/#organization","name":"versiegelung24","url":"https:\/\/www.versiegelung24.com\/fi\/","logo":{"@type":"ImageObject","inLanguage":"fi","@id":"https:\/\/www.versiegelung24.com\/fi\/#\/schema\/logo\/image\/","url":"https:\/\/www.versiegelung24.com\/wp-content\/uploads\/2020\/04\/versiegelung24.png","contentUrl":"https:\/\/www.versiegelung24.com\/wp-content\/uploads\/2020\/04\/versiegelung24.png","width":470,"height":102,"caption":"versiegelung24"},"image":{"@id":"https:\/\/www.versiegelung24.com\/fi\/#\/schema\/logo\/image\/"}},{"@type":"Question","@id":"https:\/\/www.versiegelung24.com\/fi\/bioetanoli-966-ammattimaiseen-esipuhdistukseen.html#faq-question-1645793617330","position":1,"url":"https:\/\/www.versiegelung24.com\/fi\/bioetanoli-966-ammattimaiseen-esipuhdistukseen.html#faq-question-1645793617330","name":"Ist Bioethanol f\u00fcr den medizinischen Bereich zugelassen?","answerCount":1,"acceptedAnswer":{"@type":"Answer","text":"Nein! Wenn Sie ein Fl\u00e4chendesinfektionsmittel suchen, finden Sie weitere Informationen hier: <a href=\"https:\/\/www.versiegelung24.com\/desinfektionsmittel\/\">\u00dcbersicht Desinfektionsmittel<\/a>","inLanguage":"fi"},"inLanguage":"fi"},{"@type":"Question","@id":"https:\/\/www.versiegelung24.com\/fi\/bioetanoli-966-ammattimaiseen-esipuhdistukseen.html#faq-question-1645793819353","position":2,"url":"https:\/\/www.versiegelung24.com\/fi\/bioetanoli-966-ammattimaiseen-esipuhdistukseen.html#faq-question-1645793819353","name":"Wie gef\u00e4hrlich ist Bioethanol?","answerCount":1,"acceptedAnswer":{"@type":"Answer","text":"Bei der Verbrennung entstehen genau wie bei unserer Atmung Wasserdampf (H2O) und Kohlendioxid (CO2). Bioethanol 96,6% verbrennt geruchs- und r\u00fcckstandsfrei. Bei Nutzung in Feuerstellen sind stets die genauen Gefahrenhinweise zu beachten!<br \/>Bioethanol 96,6% ist leicht entz\u00fcndlich. Bei der Nutzung als Reiniger entstehen leicht brennbare Gase. <br \/>","inLanguage":"fi"},"inLanguage":"fi"},{"@type":"Question","@id":"https:\/\/www.versiegelung24.com\/fi\/bioetanoli-966-ammattimaiseen-esipuhdistukseen.html#faq-question-1645794918526","position":3,"url":"https:\/\/www.versiegelung24.com\/fi\/bioetanoli-966-ammattimaiseen-esipuhdistukseen.html#faq-question-1645794918526","name":"Kann Bioethanol (als Reiniger eingesetzt) Oberfl\u00e4chen angreifen?","answerCount":1,"acceptedAnswer":{"@type":"Answer","text":"Besonders bei Kunststoffen ist hier mit Achtsamkeit vor zu gehen. Weiche Kunststoffe wie z.B. bei Dichtungen und Schl\u00e4uchen kann dieser mit den Weichmachern reagieren und Oberfl\u00e4chen bzw. Materialien sch\u00e4digen.<br \/><br \/>Grunds\u00e4tzlich sollte bei der Oberfl\u00e4chenreinigung immer erst ein Test an unauff\u00e4lliger Stelle durchgef\u00fchrt werden.","inLanguage":"fi"},"inLanguage":"fi"}]},"product_price_amount":"9.99","product_price_currency":"EUR","og_availability":"instock","product_availability":"instock","product_retailer_item_id":"9100-BE96-1","product_condition":"new"},"_links":{"self":[{"href":"https:\/\/www.versiegelung24.com\/fi\/wp-json\/wp\/v2\/product\/23605","targetHints":{"allow":["GET"]}}],"collection":[{"href":"https:\/\/www.versiegelung24.com\/fi\/wp-json\/wp\/v2\/product"}],"about":[{"href":"https:\/\/www.versiegelung24.com\/fi\/wp-json\/wp\/v2\/types\/product"}],"version-history":[{"count":47,"href":"https:\/\/www.versiegelung24.com\/fi\/wp-json\/wp\/v2\/product\/23605\/revisions"}],"predecessor-version":[{"id":180694,"href":"https:\/\/www.versiegelung24.com\/fi\/wp-json\/wp\/v2\/product\/23605\/revisions\/180694"}],"wp:featuredmedia":[{"embeddable":true,"href":"https:\/\/www.versiegelung24.com\/fi\/wp-json\/wp\/v2\/media\/65151"}],"wp:attachment":[{"href":"https:\/\/www.versiegelung24.com\/fi\/wp-json\/wp\/v2\/media?parent=23605"}],"wp:term":[{"taxonomy":"product_brand","embeddable":true,"href":"https:\/\/www.versiegelung24.com\/fi\/wp-json\/wp\/v2\/product_brand?post=23605"},{"taxonomy":"product_cat","embeddable":true,"href":"https:\/\/www.versiegelung24.com\/fi\/wp-json\/wp\/v2\/product_cat?post=23605"},{"taxonomy":"product_tag","embeddable":true,"href":"https:\/\/www.versiegelung24.com\/fi\/wp-json\/wp\/v2\/product_tag?post=23605"}],"curies":[{"name":"wp","href":"https:\/\/api.w.org\/{rel}","templated":true}]}}