{"id":23651,"date":"2020-04-04T18:53:44","date_gmt":"2021-08-02T19:52:18","guid":{"rendered":"https:\/\/www.versiegelung24.com\/produkt\/yleistiiviste-691-pehmeille-imukykyisille-pinnoille-tekstiili-puu-kivi"},"modified":"2025-01-04T00:13:51","modified_gmt":"2025-01-03T23:13:51","slug":"yleistiiviste-691-pehmeille-imukykyisille-pinnoille-tekstiili-puu-kivi","status":"publish","type":"product","link":"https:\/\/www.versiegelung24.com\/fi\/yleistiiviste-691-pehmeille-imukykyisille-pinnoille-tekstiili-puu-kivi.html","title":{"rendered":"Yleistiiviste 691 &#8220;pehmeille&#8221; \/ imukykyisille pinnoille (tekstiili +++, puu ++, kivi ++)"},"content":{"rendered":"\n<p><strong>Eritt\u00e4in tehokas ammattimainen yleistiiviste imukykyisille \/ &#8220;pehmeille&#8221; pinnoille (tekstiili, kivi, puu) ja helppo puhdistaa<\/strong><\/p>\n\n<p>Ihanteellinen tekstiileille, voidaan k\u00e4ytt\u00e4\u00e4 my\u00f6s kiville ja puulle<\/p>\n\n<p>Laadukas &#8211; valmistettu Saksassa.<\/p>\n\n<p>Tuotenumero: 4006-691<\/p>\n\n<p><strong>V24 yleistiiviste 4006-691<\/strong> on vesipitoinen kyll\u00e4stys imukykyisille \/ &#8220;pehmeille&#8221; pinnoille, joilla on eritt\u00e4in hyv\u00e4 vedenpit\u00e4vyys (vett\u00e4 hylkiv\u00e4) ja pintojen \u00f6ljy\u00e4 hylkiv\u00e4 (\u00f6ljy\u00e4 hylkiv\u00e4). Tuote muodostaa l\u00e4hes n\u00e4kym\u00e4tt\u00f6m\u00e4n, ohuen pintakalvon. Vett\u00e4 hylkiv\u00e4 vaikutus v\u00e4hent\u00e4\u00e4 merkitt\u00e4v\u00e4sti kosteuden tunkeutumista k\u00e4sitellyille pinnoille ja uudelleen likaantumista. \u00d6ljyn ja v\u00e4rj\u00e4\u00e4vien aineiden tunkeutuminen pintaan v\u00e4henee ja voidaan helposti poistaa \/ puhdistaa.<\/p>\n\n<hr\/>\n\n<h4 class=\"wp-block-heading\" id=\"properties\">Tuotteen ominaisuudet<\/h4>\n\n<div class=\"wp-block-columns is-layout-flex wp-container-core-columns-is-layout-9d6595d7 wp-block-columns-is-layout-flex\">\n<div class=\"wp-block-column is-layout-flow wp-block-column-is-layout-flow\">\n<ul class=\"wp-block-list\">\n<li>Vaikuttava ainepohja: fluoria sis\u00e4lt\u00e4v\u00e4 polymeeri<\/li>\n\n\n\n<li>Ulkon\u00e4k\u00f6: valkoinen, l\u00e4pikuultava neste<\/li>\n\n\n\n<li>Kiinte\u00e4 sis\u00e4lt\u00f6: ~ 1%<\/li>\n\n\n\n<li>pH -arvo: 7<\/li>\n\n\n\n<li>Laimennus: Laimennettu k\u00e4ytt\u00f6valmis. Halutusta vaikutuksesta riippuen se voidaan laimentaa edelleen vedell\u00e4.<\/li>\n<\/ul>\n<\/div>\n\n\n\n<div class=\"wp-block-column is-layout-flow wp-block-column-is-layout-flow\">\n<p><br\/><br\/>Toimituksen sis\u00e4lt\u00f6: 1 x litran pullo 1 x pumppusumutin 1 x pumppusumutin<\/p>\n<\/div>\n<\/div>\n\n<hr\/>\n\n<h4 class=\"wp-block-heading\" id=\"h-ratgeber\">Neuvonantaja<\/h4>\n\n<p>Yleistiivisteemme sopivat erityisen hyvin tee-se-itse-sektorille.<\/p>\n\n<p>Niiss\u00e4 yhdistyv\u00e4t ammattimainen toimintatapa eri pinnoilla ja helppo k\u00e4sitell\u00e4 levityksen aikana. Ja kaikki t\u00e4m\u00e4 ilman, ett\u00e4 sinun tarvitsee tehd\u00e4 suuria laadullisia kompromisseja.<\/p>\n\n<p>T\u00e4ll\u00e4 tavalla voidaan tehd\u00e4 sovelluksia useille materiaaleille yhdell\u00e4 yleistiivisteaineella ja saavuttaa my\u00f6s laadukas vaikutus ja pitk\u00e4 kest\u00e4vyys.<\/p>\n\n<p>Kuitenkin kaupallisissa ja teollisissa sovelluksissa, joissa halutaan saavuttaa korkein mahdollinen suorituskyky tietyll\u00e4 pinnalla, suosittelemme k\u00e4ytt\u00e4m\u00e4\u00e4n erityisi\u00e4 pintak\u00e4sittelyj\u00e4mme kyseiselle pinnalle.<\/p>\n","protected":false},"excerpt":{"rendered":"<p><strong>Eritt\u00e4in tehokas ammattimainen yleistiiviste imukykyisille \/ &#8220;pehmeille&#8221; pinnoille:<\/strong><\/p>\n<p>\u2713 Tekstiili\u00e4<\/p>\n<p>\u2713 Kivi<\/p>\n<p>\u2713 puu<\/p>\n<p>\u2713 Helposti puhdistettava vaikutus<\/p>\n","protected":false},"featured_media":18285,"template":"","meta":{"_acf_changed":false,"neve_meta_sidebar":"","neve_meta_container":"","neve_meta_enable_content_width":"","neve_meta_content_width":0,"neve_meta_title_alignment":"","neve_meta_author_avatar":"","neve_post_elements_order":"","neve_meta_disable_header":"","neve_meta_disable_footer":"","neve_meta_disable_title":"","neve_meta_reading_time":"","_surfaces":[],"_ver_product_tabs":[],"footnotes":""},"product_brand":[],"product_cat":[2488],"product_tag":[],"class_list":{"0":"post-23651","1":"product","2":"type-product","3":"status-publish","4":"has-post-thumbnail","6":"product_cat-yleinen-tiiviste","8":"first","9":"instock","10":"taxable","11":"shipping-taxable","12":"purchasable","13":"product-type-simple"},"acf":[],"yoast_head":"<!-- This site is optimized with the Yoast SEO Premium plugin v22.8 (Yoast SEO v27.5) - https:\/\/yoast.com\/product\/yoast-seo-premium-wordpress\/ -->\n<title>Yleistiiviste 691 &quot;pehmeille&quot; \/ imukykyisille pinnoille (tekstiili +++, puu ++, kivi ++) - versiegelung24.com<\/title>\n<meta name=\"robots\" content=\"index, follow, max-snippet:-1, max-image-preview:large, max-video-preview:-1\" \/>\n<link rel=\"canonical\" href=\"https:\/\/www.versiegelung24.com\/fi\/yleistiiviste-691-pehmeille-imukykyisille-pinnoille-tekstiili-puu-kivi.html\" \/>\n<meta property=\"og:locale\" content=\"fi_FI\" \/>\n<meta property=\"og:type\" content=\"article\" \/>\n<meta property=\"og:title\" content=\"Yleistiiviste 691 &quot;pehmeille&quot; \/ imukykyisille pinnoille (tekstiili +++, puu ++, kivi ++)\" \/>\n<meta property=\"og:description\" content=\"Eritt\u00e4in tehokas ammattimainen yleistiiviste imukykyisille \/ &quot;pehmeille&quot; pinnoille: \u2713 Tekstiili\u00e4 \u2713 Kivi \u2713 puu \u2713 Helposti puhdistettava vaikutus\" \/>\n<meta property=\"og:url\" content=\"https:\/\/www.versiegelung24.com\/fi\/yleistiiviste-691-pehmeille-imukykyisille-pinnoille-tekstiili-puu-kivi.html\" \/>\n<meta property=\"og:site_name\" content=\"versiegelung24.com\" \/>\n<meta property=\"article:modified_time\" content=\"2025-01-03T23:13:51+00:00\" \/>\n<meta property=\"og:image\" content=\"https:\/\/www.versiegelung24.com\/wp-content\/uploads\/2020\/06\/produkt-4006-691-1000-Universalversiegelung-691-scaled.jpg\" \/>\n\t<meta property=\"og:image:width\" content=\"2560\" \/>\n\t<meta property=\"og:image:height\" content=\"2560\" \/>\n\t<meta property=\"og:image:type\" content=\"image\/jpeg\" \/>\n<meta name=\"twitter:card\" content=\"summary_large_image\" \/>\n<meta name=\"twitter:label1\" content=\"Hinta\" \/>\n\t<meta name=\"twitter:data1\" content=\"74,99&euro;\" \/>\n\t<meta name=\"twitter:label2\" content=\"Saatavuus\" \/>\n\t<meta name=\"twitter:data2\" content=\"Varastossa\" \/>\n<script type=\"application\/ld+json\" class=\"yoast-schema-graph\">{\"@context\":\"https:\\\/\\\/schema.org\",\"@graph\":[{\"@type\":\"WebPage\",\"@id\":\"https:\\\/\\\/www.versiegelung24.com\\\/fi\\\/yleistiiviste-691-pehmeille-imukykyisille-pinnoille-tekstiili-puu-kivi.html\",\"url\":\"https:\\\/\\\/www.versiegelung24.com\\\/fi\\\/yleistiiviste-691-pehmeille-imukykyisille-pinnoille-tekstiili-puu-kivi.html\",\"name\":\"Yleistiiviste 691 \\\"pehmeille\\\" \\\/ imukykyisille pinnoille (tekstiili +++, puu ++, kivi ++) - versiegelung24.com\",\"isPartOf\":{\"@id\":\"https:\\\/\\\/www.versiegelung24.com\\\/fi\\\/#website\"},\"primaryImageOfPage\":{\"@id\":\"https:\\\/\\\/www.versiegelung24.com\\\/fi\\\/yleistiiviste-691-pehmeille-imukykyisille-pinnoille-tekstiili-puu-kivi.html#primaryimage\"},\"image\":{\"@id\":\"https:\\\/\\\/www.versiegelung24.com\\\/fi\\\/yleistiiviste-691-pehmeille-imukykyisille-pinnoille-tekstiili-puu-kivi.html#primaryimage\"},\"thumbnailUrl\":\"https:\\\/\\\/www.versiegelung24.com\\\/wp-content\\\/uploads\\\/2020\\\/06\\\/produkt-4006-691-1000-Universalversiegelung-691-scaled.jpg\",\"datePublished\":\"2021-08-02T19:52:18+00:00\",\"dateModified\":\"2025-01-03T23:13:51+00:00\",\"breadcrumb\":{\"@id\":\"https:\\\/\\\/www.versiegelung24.com\\\/fi\\\/yleistiiviste-691-pehmeille-imukykyisille-pinnoille-tekstiili-puu-kivi.html#breadcrumb\"},\"inLanguage\":\"fi\",\"potentialAction\":[{\"@type\":\"ReadAction\",\"target\":[\"https:\\\/\\\/www.versiegelung24.com\\\/fi\\\/yleistiiviste-691-pehmeille-imukykyisille-pinnoille-tekstiili-puu-kivi.html\"]}]},{\"@type\":\"ImageObject\",\"inLanguage\":\"fi\",\"@id\":\"https:\\\/\\\/www.versiegelung24.com\\\/fi\\\/yleistiiviste-691-pehmeille-imukykyisille-pinnoille-tekstiili-puu-kivi.html#primaryimage\",\"url\":\"https:\\\/\\\/www.versiegelung24.com\\\/wp-content\\\/uploads\\\/2020\\\/06\\\/produkt-4006-691-1000-Universalversiegelung-691-scaled.jpg\",\"contentUrl\":\"https:\\\/\\\/www.versiegelung24.com\\\/wp-content\\\/uploads\\\/2020\\\/06\\\/produkt-4006-691-1000-Universalversiegelung-691-scaled.jpg\",\"width\":2560,\"height\":2560},{\"@type\":\"BreadcrumbList\",\"@id\":\"https:\\\/\\\/www.versiegelung24.com\\\/fi\\\/yleistiiviste-691-pehmeille-imukykyisille-pinnoille-tekstiili-puu-kivi.html#breadcrumb\",\"itemListElement\":[{\"@type\":\"ListItem\",\"position\":1,\"name\":\"Kotisivu\",\"item\":\"https:\\\/\\\/www.versiegelung24.com\\\/fi\\\/etupuolella\\\/\"},{\"@type\":\"ListItem\",\"position\":2,\"name\":\"Myym\u00e4l\u00e4\",\"item\":\"https:\\\/\\\/www.versiegelung24.com\\\/fi\\\/myymala-2\\\/\"},{\"@type\":\"ListItem\",\"position\":3,\"name\":\"Yleistiiviste 691 &#8220;pehmeille&#8221; \\\/ imukykyisille pinnoille (tekstiili +++, puu ++, kivi ++)\"}]},{\"@type\":\"WebSite\",\"@id\":\"https:\\\/\\\/www.versiegelung24.com\\\/fi\\\/#website\",\"url\":\"https:\\\/\\\/www.versiegelung24.com\\\/fi\\\/\",\"name\":\"versiegelung24.com\",\"description\":\"Fl\u00fcssigglas-Versiegelung - Made in Germany\",\"publisher\":{\"@id\":\"https:\\\/\\\/www.versiegelung24.com\\\/fi\\\/#organization\"},\"potentialAction\":[{\"@type\":\"SearchAction\",\"target\":{\"@type\":\"EntryPoint\",\"urlTemplate\":\"https:\\\/\\\/www.versiegelung24.com\\\/fi\\\/?s={search_term_string}\"},\"query-input\":{\"@type\":\"PropertyValueSpecification\",\"valueRequired\":true,\"valueName\":\"search_term_string\"}}],\"inLanguage\":\"fi\"},{\"@type\":\"Organization\",\"@id\":\"https:\\\/\\\/www.versiegelung24.com\\\/fi\\\/#organization\",\"name\":\"versiegelung24\",\"url\":\"https:\\\/\\\/www.versiegelung24.com\\\/fi\\\/\",\"logo\":{\"@type\":\"ImageObject\",\"inLanguage\":\"fi\",\"@id\":\"https:\\\/\\\/www.versiegelung24.com\\\/fi\\\/#\\\/schema\\\/logo\\\/image\\\/\",\"url\":\"https:\\\/\\\/www.versiegelung24.com\\\/wp-content\\\/uploads\\\/2020\\\/04\\\/versiegelung24.png\",\"contentUrl\":\"https:\\\/\\\/www.versiegelung24.com\\\/wp-content\\\/uploads\\\/2020\\\/04\\\/versiegelung24.png\",\"width\":470,\"height\":102,\"caption\":\"versiegelung24\"},\"image\":{\"@id\":\"https:\\\/\\\/www.versiegelung24.com\\\/fi\\\/#\\\/schema\\\/logo\\\/image\\\/\"}}]}<\/script>\n<meta property=\"product:price:amount\" content=\"74.99\" \/>\n<meta property=\"product:price:currency\" content=\"EUR\" \/>\n<meta property=\"og:availability\" content=\"instock\" \/>\n<meta property=\"product:availability\" content=\"instock\" \/>\n<meta property=\"product:retailer_item_id\" content=\"4006-691-1000\" \/>\n<meta property=\"product:condition\" content=\"new\" \/>\n<!-- \/ Yoast SEO Premium plugin. -->","yoast_head_json":{"title":"Yleistiiviste 691 \"pehmeille\" \/ imukykyisille pinnoille (tekstiili +++, puu ++, kivi ++) - versiegelung24.com","robots":{"index":"index","follow":"follow","max-snippet":"max-snippet:-1","max-image-preview":"max-image-preview:large","max-video-preview":"max-video-preview:-1"},"canonical":"https:\/\/www.versiegelung24.com\/fi\/yleistiiviste-691-pehmeille-imukykyisille-pinnoille-tekstiili-puu-kivi.html","og_locale":"fi_FI","og_type":"article","og_title":"Yleistiiviste 691 \"pehmeille\" \/ imukykyisille pinnoille (tekstiili +++, puu ++, kivi ++)","og_description":"Eritt\u00e4in tehokas ammattimainen yleistiiviste imukykyisille \/ \"pehmeille\" pinnoille: \u2713 Tekstiili\u00e4 \u2713 Kivi \u2713 puu \u2713 Helposti puhdistettava vaikutus","og_url":"https:\/\/www.versiegelung24.com\/fi\/yleistiiviste-691-pehmeille-imukykyisille-pinnoille-tekstiili-puu-kivi.html","og_site_name":"versiegelung24.com","article_modified_time":"2025-01-03T23:13:51+00:00","og_image":[{"width":2560,"height":2560,"url":"https:\/\/www.versiegelung24.com\/wp-content\/uploads\/2020\/06\/produkt-4006-691-1000-Universalversiegelung-691-scaled.jpg","type":"image\/jpeg"}],"twitter_card":"summary_large_image","twitter_misc":{"Hinta":"74,99&euro;","Saatavuus":"Varastossa"},"schema":{"@context":"https:\/\/schema.org","@graph":[{"@type":"WebPage","@id":"https:\/\/www.versiegelung24.com\/fi\/yleistiiviste-691-pehmeille-imukykyisille-pinnoille-tekstiili-puu-kivi.html","url":"https:\/\/www.versiegelung24.com\/fi\/yleistiiviste-691-pehmeille-imukykyisille-pinnoille-tekstiili-puu-kivi.html","name":"Yleistiiviste 691 \"pehmeille\" \/ imukykyisille pinnoille (tekstiili +++, puu ++, kivi ++) - versiegelung24.com","isPartOf":{"@id":"https:\/\/www.versiegelung24.com\/fi\/#website"},"primaryImageOfPage":{"@id":"https:\/\/www.versiegelung24.com\/fi\/yleistiiviste-691-pehmeille-imukykyisille-pinnoille-tekstiili-puu-kivi.html#primaryimage"},"image":{"@id":"https:\/\/www.versiegelung24.com\/fi\/yleistiiviste-691-pehmeille-imukykyisille-pinnoille-tekstiili-puu-kivi.html#primaryimage"},"thumbnailUrl":"https:\/\/www.versiegelung24.com\/wp-content\/uploads\/2020\/06\/produkt-4006-691-1000-Universalversiegelung-691-scaled.jpg","datePublished":"2021-08-02T19:52:18+00:00","dateModified":"2025-01-03T23:13:51+00:00","breadcrumb":{"@id":"https:\/\/www.versiegelung24.com\/fi\/yleistiiviste-691-pehmeille-imukykyisille-pinnoille-tekstiili-puu-kivi.html#breadcrumb"},"inLanguage":"fi","potentialAction":[{"@type":"ReadAction","target":["https:\/\/www.versiegelung24.com\/fi\/yleistiiviste-691-pehmeille-imukykyisille-pinnoille-tekstiili-puu-kivi.html"]}]},{"@type":"ImageObject","inLanguage":"fi","@id":"https:\/\/www.versiegelung24.com\/fi\/yleistiiviste-691-pehmeille-imukykyisille-pinnoille-tekstiili-puu-kivi.html#primaryimage","url":"https:\/\/www.versiegelung24.com\/wp-content\/uploads\/2020\/06\/produkt-4006-691-1000-Universalversiegelung-691-scaled.jpg","contentUrl":"https:\/\/www.versiegelung24.com\/wp-content\/uploads\/2020\/06\/produkt-4006-691-1000-Universalversiegelung-691-scaled.jpg","width":2560,"height":2560},{"@type":"BreadcrumbList","@id":"https:\/\/www.versiegelung24.com\/fi\/yleistiiviste-691-pehmeille-imukykyisille-pinnoille-tekstiili-puu-kivi.html#breadcrumb","itemListElement":[{"@type":"ListItem","position":1,"name":"Kotisivu","item":"https:\/\/www.versiegelung24.com\/fi\/etupuolella\/"},{"@type":"ListItem","position":2,"name":"Myym\u00e4l\u00e4","item":"https:\/\/www.versiegelung24.com\/fi\/myymala-2\/"},{"@type":"ListItem","position":3,"name":"Yleistiiviste 691 &#8220;pehmeille&#8221; \/ imukykyisille pinnoille (tekstiili +++, puu ++, kivi ++)"}]},{"@type":"WebSite","@id":"https:\/\/www.versiegelung24.com\/fi\/#website","url":"https:\/\/www.versiegelung24.com\/fi\/","name":"versiegelung24.com","description":"Fl\u00fcssigglas-Versiegelung - Made in Germany","publisher":{"@id":"https:\/\/www.versiegelung24.com\/fi\/#organization"},"potentialAction":[{"@type":"SearchAction","target":{"@type":"EntryPoint","urlTemplate":"https:\/\/www.versiegelung24.com\/fi\/?s={search_term_string}"},"query-input":{"@type":"PropertyValueSpecification","valueRequired":true,"valueName":"search_term_string"}}],"inLanguage":"fi"},{"@type":"Organization","@id":"https:\/\/www.versiegelung24.com\/fi\/#organization","name":"versiegelung24","url":"https:\/\/www.versiegelung24.com\/fi\/","logo":{"@type":"ImageObject","inLanguage":"fi","@id":"https:\/\/www.versiegelung24.com\/fi\/#\/schema\/logo\/image\/","url":"https:\/\/www.versiegelung24.com\/wp-content\/uploads\/2020\/04\/versiegelung24.png","contentUrl":"https:\/\/www.versiegelung24.com\/wp-content\/uploads\/2020\/04\/versiegelung24.png","width":470,"height":102,"caption":"versiegelung24"},"image":{"@id":"https:\/\/www.versiegelung24.com\/fi\/#\/schema\/logo\/image\/"}}]},"product_price_amount":"74.99","product_price_currency":"EUR","og_availability":"instock","product_availability":"instock","product_retailer_item_id":"4006-691-1000","product_condition":"new"},"_links":{"self":[{"href":"https:\/\/www.versiegelung24.com\/fi\/wp-json\/wp\/v2\/product\/23651","targetHints":{"allow":["GET"]}}],"collection":[{"href":"https:\/\/www.versiegelung24.com\/fi\/wp-json\/wp\/v2\/product"}],"about":[{"href":"https:\/\/www.versiegelung24.com\/fi\/wp-json\/wp\/v2\/types\/product"}],"version-history":[{"count":16,"href":"https:\/\/www.versiegelung24.com\/fi\/wp-json\/wp\/v2\/product\/23651\/revisions"}],"predecessor-version":[{"id":177905,"href":"https:\/\/www.versiegelung24.com\/fi\/wp-json\/wp\/v2\/product\/23651\/revisions\/177905"}],"wp:featuredmedia":[{"embeddable":true,"href":"https:\/\/www.versiegelung24.com\/fi\/wp-json\/wp\/v2\/media\/18285"}],"wp:attachment":[{"href":"https:\/\/www.versiegelung24.com\/fi\/wp-json\/wp\/v2\/media?parent=23651"}],"wp:term":[{"taxonomy":"product_brand","embeddable":true,"href":"https:\/\/www.versiegelung24.com\/fi\/wp-json\/wp\/v2\/product_brand?post=23651"},{"taxonomy":"product_cat","embeddable":true,"href":"https:\/\/www.versiegelung24.com\/fi\/wp-json\/wp\/v2\/product_cat?post=23651"},{"taxonomy":"product_tag","embeddable":true,"href":"https:\/\/www.versiegelung24.com\/fi\/wp-json\/wp\/v2\/product_tag?post=23651"}],"curies":[{"name":"wp","href":"https:\/\/api.w.org\/{rel}","templated":true}]}}