{"id":23744,"date":"2020-04-04T18:53:45","date_gmt":"2021-08-02T19:59:50","guid":{"rendered":"https:\/\/www.versiegelung24.com\/produkt\/ruostumattoman-teraksen-puhdistusaine-blu1000-ruostumattomien-teraspintojen-ammattimaiseen-puhdistukseen-ja-esikasittelyyn"},"modified":"2025-03-20T10:01:14","modified_gmt":"2025-03-20T09:01:14","slug":"ruostumattoman-teraksen-puhdistusaine-blu1000-ruostumattomasta-teraksesta-valmistettujen-pintojen-ammattimaiseen-puhdistamiseen-ja-valmisteluun","status":"publish","type":"product","link":"https:\/\/www.versiegelung24.com\/fi\/ruostumattoman-teraeksen-puhdistusaine-blu1000-ruostumattomasta-teraeksestae-valmistettujen-pintojen-ammattimaiseen-puhdistamiseen-ja-valmisteluun.html","title":{"rendered":"Ruostumattoman ter\u00e4ksen puhdistusaine BLU1000 &#8211; ruostumattomien ter\u00e4spintojen ammattimaiseen puhdistukseen ja esik\u00e4sittelyyn"},"content":{"rendered":"\n<p><strong>Ruostumattomasta ter\u00e4ksest\u00e4 valmistettu erityinen puhdistusaine BLU1000<\/strong><\/p>\n\n<hr \/>\n\n<h4 class=\"wp-block-heading\" id=\"properties\">Tuotteen ominaisuudet<\/h4>\n\n<p>Tuote sis\u00e4lt\u00e4\u00e4 eritt\u00e4in aktiivisia puhdistusaineita ja lis\u00e4aineita raskaiden likaantuneiden, vaurioituneiden, sy\u00f6pyneiden ja ep\u00e4miellytt\u00e4vien ruostumattomien ter\u00e4spintojen kunnostamiseen. Tuloksena on hyv\u00e4 optinen tai kiilt\u00e4v\u00e4 pinta.<\/p>\n\n<p><br \/><br \/>Toimituksen sis\u00e4lt\u00f6: 1 x litran pullo 1 x tuotekuvaus<\/p>\n\n<hr \/>\n\n<h4 class=\"wp-block-heading\" id=\"application\">Hakemus<\/h4>\n\n<p>Ruostumattomasta ter\u00e4ksest\u00e4 valmistetut sis\u00e4- ja ulkopinnat, pinnoitteet (metalliset, orgaaniset, ep\u00e4orgaaniset) teollisuudessa, k\u00e4sity\u00f6ss\u00e4, ylellisyydess\u00e4 ja elintarviketeollisuudessa, yleisiss\u00e4 tiloissa (esim. Uima -altaat, klinikat) ja kotitalouksissa.<\/p>\n\n<p>Ruostumattomasta ter\u00e4ksest\u00e4 valmistettua erityist\u00e4 puhdistusainetta BLU1000 k\u00e4ytet\u00e4\u00e4n erikoispuhdistusaineena raskaimpiin likaan, saostumiin ja korroosioon astioissa, panimoj\u00e4rjestelmiss\u00e4, portaissa, kaiteissa, kaiteissa, uima -altaissa, ter\u00e4sjulkisivuissa, ter\u00e4skalusteissa ja paljon muuta. k\u00e4ytetty.<\/p>\n\n<p>BLU1000 on ruostumattoman ter\u00e4ksen erityinen puhdistusaine, mutta sit\u00e4 voidaan k\u00e4ytt\u00e4\u00e4 my\u00f6s muille pinnoille. Testaa t\u00e4ss\u00e4 kuitenkin ensin huomaamattomassa paikassa.<\/p>\n\n<p><br \/>K<strong>ulutus<\/strong>: 0,5 &#8211; 1 kg 10 m\u00b2:lle.<\/p>\n\n<p>Kaikki tiedot eiv\u00e4t ole sitovia. <br \/>Tuotteen soveltuvuus on tarkistettava ennen k\u00e4ytt\u00f6\u00e4. Tekniset muutokset ovat mahdollisia.<\/p>\n","protected":false},"excerpt":{"rendered":"<p><strong>Tuote sis\u00e4lt\u00e4\u00e4:<\/strong><\/p>\n<p>\u2713 Eritt\u00e4in aktiiviset puhdistusaineet ja lis\u00e4aineet poistamaan pahimman ep\u00e4puhtauden, vaurioituneet, sy\u00f6pyneet ja rumat ruostumattomat ter\u00e4spinnat.<\/p>\n<p>\u2713 Syntyy hyv\u00e4 optinen pinta korkeakiiltoiseen.<\/p>\n","protected":false},"featured_media":13208,"template":"","meta":{"_acf_changed":false,"neve_meta_sidebar":"","neve_meta_container":"","neve_meta_enable_content_width":"","neve_meta_content_width":0,"neve_meta_title_alignment":"","neve_meta_author_avatar":"","neve_post_elements_order":"","neve_meta_disable_header":"","neve_meta_disable_footer":"","neve_meta_disable_title":"","neve_meta_reading_time":"","_surfaces":[],"_ver_product_tabs":[],"footnotes":""},"product_brand":[],"product_cat":[2207,2465,2468,2686],"product_tag":[],"class_list":{"0":"post-23744","1":"product","2":"type-product","3":"status-publish","4":"has-post-thumbnail","6":"product_cat-auton-tiivistys","7":"product_cat-metalli-ja-muovitiiviste","8":"product_cat-siivoustarvikkeet","9":"product_cat-ruostumattoman-teraeksen-puhdistusaine","11":"first","12":"instock","13":"taxable","14":"shipping-taxable","15":"purchasable","16":"product-type-simple"},"acf":[],"yoast_head":"<!-- This site is optimized with the Yoast SEO Premium plugin v22.8 (Yoast SEO v27.5) - https:\/\/yoast.com\/product\/yoast-seo-premium-wordpress\/ -->\n<title>Ruostumattoman ter\u00e4ksen puhdistusaine BLU1000 - ruostumattomien ter\u00e4spintojen ammattimaiseen puhdistukseen ja esik\u00e4sittelyyn - versiegelung24.com<\/title>\n<meta name=\"robots\" content=\"index, follow, max-snippet:-1, max-image-preview:large, max-video-preview:-1\" \/>\n<link rel=\"canonical\" href=\"https:\/\/www.versiegelung24.com\/fi\/ruostumattoman-teraeksen-puhdistusaine-blu1000-ruostumattomasta-teraeksestae-valmistettujen-pintojen-ammattimaiseen-puhdistamiseen-ja-valmisteluun.html\" \/>\n<meta property=\"og:locale\" content=\"fi_FI\" \/>\n<meta property=\"og:type\" content=\"article\" \/>\n<meta property=\"og:title\" content=\"Ruostumattoman ter\u00e4ksen puhdistusaine BLU1000 - ruostumattomien ter\u00e4spintojen ammattimaiseen puhdistukseen ja esik\u00e4sittelyyn\" \/>\n<meta property=\"og:description\" content=\"Tuote sis\u00e4lt\u00e4\u00e4: \u2713 Eritt\u00e4in aktiiviset puhdistusaineet ja lis\u00e4aineet poistamaan pahimman ep\u00e4puhtauden, vaurioituneet, sy\u00f6pyneet ja rumat ruostumattomat ter\u00e4spinnat. \u2713 Syntyy hyv\u00e4 optinen pinta korkeakiiltoiseen.\" \/>\n<meta property=\"og:url\" content=\"https:\/\/www.versiegelung24.com\/fi\/ruostumattoman-teraeksen-puhdistusaine-blu1000-ruostumattomasta-teraeksestae-valmistettujen-pintojen-ammattimaiseen-puhdistamiseen-ja-valmisteluun.html\" \/>\n<meta property=\"og:site_name\" content=\"versiegelung24.com\" \/>\n<meta property=\"article:modified_time\" content=\"2025-03-20T09:01:14+00:00\" \/>\n<meta property=\"og:image\" content=\"https:\/\/www.versiegelung24.com\/wp-content\/uploads\/2020\/04\/produktfoto_edelstahlreiniger.jpg\" \/>\n\t<meta property=\"og:image:width\" content=\"1000\" \/>\n\t<meta property=\"og:image:height\" content=\"1000\" \/>\n\t<meta property=\"og:image:type\" content=\"image\/jpeg\" \/>\n<meta name=\"twitter:card\" content=\"summary_large_image\" \/>\n<meta name=\"twitter:label1\" content=\"Hinta\" \/>\n\t<meta name=\"twitter:data1\" content=\"49,99&euro;\" \/>\n\t<meta name=\"twitter:label2\" content=\"Saatavuus\" \/>\n\t<meta name=\"twitter:data2\" content=\"Varastossa\" \/>\n<script type=\"application\/ld+json\" class=\"yoast-schema-graph\">{\"@context\":\"https:\\\/\\\/schema.org\",\"@graph\":[{\"@type\":\"WebPage\",\"@id\":\"https:\\\/\\\/www.versiegelung24.com\\\/fi\\\/ruostumattoman-teraeksen-puhdistusaine-blu1000-ruostumattomasta-teraeksestae-valmistettujen-pintojen-ammattimaiseen-puhdistamiseen-ja-valmisteluun.html\",\"url\":\"https:\\\/\\\/www.versiegelung24.com\\\/fi\\\/ruostumattoman-teraeksen-puhdistusaine-blu1000-ruostumattomasta-teraeksestae-valmistettujen-pintojen-ammattimaiseen-puhdistamiseen-ja-valmisteluun.html\",\"name\":\"Ruostumattoman ter\u00e4ksen puhdistusaine BLU1000 - ruostumattomien ter\u00e4spintojen ammattimaiseen puhdistukseen ja esik\u00e4sittelyyn - versiegelung24.com\",\"isPartOf\":{\"@id\":\"https:\\\/\\\/www.versiegelung24.com\\\/fi\\\/#website\"},\"primaryImageOfPage\":{\"@id\":\"https:\\\/\\\/www.versiegelung24.com\\\/fi\\\/ruostumattoman-teraeksen-puhdistusaine-blu1000-ruostumattomasta-teraeksestae-valmistettujen-pintojen-ammattimaiseen-puhdistamiseen-ja-valmisteluun.html#primaryimage\"},\"image\":{\"@id\":\"https:\\\/\\\/www.versiegelung24.com\\\/fi\\\/ruostumattoman-teraeksen-puhdistusaine-blu1000-ruostumattomasta-teraeksestae-valmistettujen-pintojen-ammattimaiseen-puhdistamiseen-ja-valmisteluun.html#primaryimage\"},\"thumbnailUrl\":\"https:\\\/\\\/www.versiegelung24.com\\\/wp-content\\\/uploads\\\/2020\\\/04\\\/produktfoto_edelstahlreiniger.jpg\",\"datePublished\":\"2021-08-02T19:59:50+00:00\",\"dateModified\":\"2025-03-20T09:01:14+00:00\",\"breadcrumb\":{\"@id\":\"https:\\\/\\\/www.versiegelung24.com\\\/fi\\\/ruostumattoman-teraeksen-puhdistusaine-blu1000-ruostumattomasta-teraeksestae-valmistettujen-pintojen-ammattimaiseen-puhdistamiseen-ja-valmisteluun.html#breadcrumb\"},\"inLanguage\":\"fi\",\"potentialAction\":[{\"@type\":\"ReadAction\",\"target\":[\"https:\\\/\\\/www.versiegelung24.com\\\/fi\\\/ruostumattoman-teraeksen-puhdistusaine-blu1000-ruostumattomasta-teraeksestae-valmistettujen-pintojen-ammattimaiseen-puhdistamiseen-ja-valmisteluun.html\"]}]},{\"@type\":\"ImageObject\",\"inLanguage\":\"fi\",\"@id\":\"https:\\\/\\\/www.versiegelung24.com\\\/fi\\\/ruostumattoman-teraeksen-puhdistusaine-blu1000-ruostumattomasta-teraeksestae-valmistettujen-pintojen-ammattimaiseen-puhdistamiseen-ja-valmisteluun.html#primaryimage\",\"url\":\"https:\\\/\\\/www.versiegelung24.com\\\/wp-content\\\/uploads\\\/2020\\\/04\\\/produktfoto_edelstahlreiniger.jpg\",\"contentUrl\":\"https:\\\/\\\/www.versiegelung24.com\\\/wp-content\\\/uploads\\\/2020\\\/04\\\/produktfoto_edelstahlreiniger.jpg\",\"width\":1000,\"height\":1000},{\"@type\":\"BreadcrumbList\",\"@id\":\"https:\\\/\\\/www.versiegelung24.com\\\/fi\\\/ruostumattoman-teraeksen-puhdistusaine-blu1000-ruostumattomasta-teraeksestae-valmistettujen-pintojen-ammattimaiseen-puhdistamiseen-ja-valmisteluun.html#breadcrumb\",\"itemListElement\":[{\"@type\":\"ListItem\",\"position\":1,\"name\":\"Kotisivu\",\"item\":\"https:\\\/\\\/www.versiegelung24.com\\\/fi\\\/etupuolella\\\/\"},{\"@type\":\"ListItem\",\"position\":2,\"name\":\"Myym\u00e4l\u00e4\",\"item\":\"https:\\\/\\\/www.versiegelung24.com\\\/fi\\\/myymala-2\\\/\"},{\"@type\":\"ListItem\",\"position\":3,\"name\":\"Ruostumattoman ter\u00e4ksen puhdistusaine BLU1000 &#8211; ruostumattomien ter\u00e4spintojen ammattimaiseen puhdistukseen ja esik\u00e4sittelyyn\"}]},{\"@type\":\"WebSite\",\"@id\":\"https:\\\/\\\/www.versiegelung24.com\\\/fi\\\/#website\",\"url\":\"https:\\\/\\\/www.versiegelung24.com\\\/fi\\\/\",\"name\":\"versiegelung24.com\",\"description\":\"Fl\u00fcssigglas-Versiegelung - Made in Germany\",\"publisher\":{\"@id\":\"https:\\\/\\\/www.versiegelung24.com\\\/fi\\\/#organization\"},\"potentialAction\":[{\"@type\":\"SearchAction\",\"target\":{\"@type\":\"EntryPoint\",\"urlTemplate\":\"https:\\\/\\\/www.versiegelung24.com\\\/fi\\\/?s={search_term_string}\"},\"query-input\":{\"@type\":\"PropertyValueSpecification\",\"valueRequired\":true,\"valueName\":\"search_term_string\"}}],\"inLanguage\":\"fi\"},{\"@type\":\"Organization\",\"@id\":\"https:\\\/\\\/www.versiegelung24.com\\\/fi\\\/#organization\",\"name\":\"versiegelung24\",\"url\":\"https:\\\/\\\/www.versiegelung24.com\\\/fi\\\/\",\"logo\":{\"@type\":\"ImageObject\",\"inLanguage\":\"fi\",\"@id\":\"https:\\\/\\\/www.versiegelung24.com\\\/fi\\\/#\\\/schema\\\/logo\\\/image\\\/\",\"url\":\"https:\\\/\\\/www.versiegelung24.com\\\/wp-content\\\/uploads\\\/2020\\\/04\\\/versiegelung24.png\",\"contentUrl\":\"https:\\\/\\\/www.versiegelung24.com\\\/wp-content\\\/uploads\\\/2020\\\/04\\\/versiegelung24.png\",\"width\":470,\"height\":102,\"caption\":\"versiegelung24\"},\"image\":{\"@id\":\"https:\\\/\\\/www.versiegelung24.com\\\/fi\\\/#\\\/schema\\\/logo\\\/image\\\/\"}}]}<\/script>\n<meta property=\"product:price:amount\" content=\"49.99\" \/>\n<meta property=\"product:price:currency\" content=\"EUR\" \/>\n<meta property=\"og:availability\" content=\"instock\" \/>\n<meta property=\"product:availability\" content=\"instock\" \/>\n<meta property=\"product:retailer_item_id\" content=\"9001-BLU1000\" \/>\n<meta property=\"product:condition\" content=\"new\" \/>\n<!-- \/ Yoast SEO Premium plugin. -->","yoast_head_json":{"title":"Ruostumattoman ter\u00e4ksen puhdistusaine BLU1000 - ruostumattomien ter\u00e4spintojen ammattimaiseen puhdistukseen ja esik\u00e4sittelyyn - versiegelung24.com","robots":{"index":"index","follow":"follow","max-snippet":"max-snippet:-1","max-image-preview":"max-image-preview:large","max-video-preview":"max-video-preview:-1"},"canonical":"https:\/\/www.versiegelung24.com\/fi\/ruostumattoman-teraeksen-puhdistusaine-blu1000-ruostumattomasta-teraeksestae-valmistettujen-pintojen-ammattimaiseen-puhdistamiseen-ja-valmisteluun.html","og_locale":"fi_FI","og_type":"article","og_title":"Ruostumattoman ter\u00e4ksen puhdistusaine BLU1000 - ruostumattomien ter\u00e4spintojen ammattimaiseen puhdistukseen ja esik\u00e4sittelyyn","og_description":"Tuote sis\u00e4lt\u00e4\u00e4: \u2713 Eritt\u00e4in aktiiviset puhdistusaineet ja lis\u00e4aineet poistamaan pahimman ep\u00e4puhtauden, vaurioituneet, sy\u00f6pyneet ja rumat ruostumattomat ter\u00e4spinnat. \u2713 Syntyy hyv\u00e4 optinen pinta korkeakiiltoiseen.","og_url":"https:\/\/www.versiegelung24.com\/fi\/ruostumattoman-teraeksen-puhdistusaine-blu1000-ruostumattomasta-teraeksestae-valmistettujen-pintojen-ammattimaiseen-puhdistamiseen-ja-valmisteluun.html","og_site_name":"versiegelung24.com","article_modified_time":"2025-03-20T09:01:14+00:00","og_image":[{"width":1000,"height":1000,"url":"https:\/\/www.versiegelung24.com\/wp-content\/uploads\/2020\/04\/produktfoto_edelstahlreiniger.jpg","type":"image\/jpeg"}],"twitter_card":"summary_large_image","twitter_misc":{"Hinta":"49,99&euro;","Saatavuus":"Varastossa"},"schema":{"@context":"https:\/\/schema.org","@graph":[{"@type":"WebPage","@id":"https:\/\/www.versiegelung24.com\/fi\/ruostumattoman-teraeksen-puhdistusaine-blu1000-ruostumattomasta-teraeksestae-valmistettujen-pintojen-ammattimaiseen-puhdistamiseen-ja-valmisteluun.html","url":"https:\/\/www.versiegelung24.com\/fi\/ruostumattoman-teraeksen-puhdistusaine-blu1000-ruostumattomasta-teraeksestae-valmistettujen-pintojen-ammattimaiseen-puhdistamiseen-ja-valmisteluun.html","name":"Ruostumattoman ter\u00e4ksen puhdistusaine BLU1000 - ruostumattomien ter\u00e4spintojen ammattimaiseen puhdistukseen ja esik\u00e4sittelyyn - versiegelung24.com","isPartOf":{"@id":"https:\/\/www.versiegelung24.com\/fi\/#website"},"primaryImageOfPage":{"@id":"https:\/\/www.versiegelung24.com\/fi\/ruostumattoman-teraeksen-puhdistusaine-blu1000-ruostumattomasta-teraeksestae-valmistettujen-pintojen-ammattimaiseen-puhdistamiseen-ja-valmisteluun.html#primaryimage"},"image":{"@id":"https:\/\/www.versiegelung24.com\/fi\/ruostumattoman-teraeksen-puhdistusaine-blu1000-ruostumattomasta-teraeksestae-valmistettujen-pintojen-ammattimaiseen-puhdistamiseen-ja-valmisteluun.html#primaryimage"},"thumbnailUrl":"https:\/\/www.versiegelung24.com\/wp-content\/uploads\/2020\/04\/produktfoto_edelstahlreiniger.jpg","datePublished":"2021-08-02T19:59:50+00:00","dateModified":"2025-03-20T09:01:14+00:00","breadcrumb":{"@id":"https:\/\/www.versiegelung24.com\/fi\/ruostumattoman-teraeksen-puhdistusaine-blu1000-ruostumattomasta-teraeksestae-valmistettujen-pintojen-ammattimaiseen-puhdistamiseen-ja-valmisteluun.html#breadcrumb"},"inLanguage":"fi","potentialAction":[{"@type":"ReadAction","target":["https:\/\/www.versiegelung24.com\/fi\/ruostumattoman-teraeksen-puhdistusaine-blu1000-ruostumattomasta-teraeksestae-valmistettujen-pintojen-ammattimaiseen-puhdistamiseen-ja-valmisteluun.html"]}]},{"@type":"ImageObject","inLanguage":"fi","@id":"https:\/\/www.versiegelung24.com\/fi\/ruostumattoman-teraeksen-puhdistusaine-blu1000-ruostumattomasta-teraeksestae-valmistettujen-pintojen-ammattimaiseen-puhdistamiseen-ja-valmisteluun.html#primaryimage","url":"https:\/\/www.versiegelung24.com\/wp-content\/uploads\/2020\/04\/produktfoto_edelstahlreiniger.jpg","contentUrl":"https:\/\/www.versiegelung24.com\/wp-content\/uploads\/2020\/04\/produktfoto_edelstahlreiniger.jpg","width":1000,"height":1000},{"@type":"BreadcrumbList","@id":"https:\/\/www.versiegelung24.com\/fi\/ruostumattoman-teraeksen-puhdistusaine-blu1000-ruostumattomasta-teraeksestae-valmistettujen-pintojen-ammattimaiseen-puhdistamiseen-ja-valmisteluun.html#breadcrumb","itemListElement":[{"@type":"ListItem","position":1,"name":"Kotisivu","item":"https:\/\/www.versiegelung24.com\/fi\/etupuolella\/"},{"@type":"ListItem","position":2,"name":"Myym\u00e4l\u00e4","item":"https:\/\/www.versiegelung24.com\/fi\/myymala-2\/"},{"@type":"ListItem","position":3,"name":"Ruostumattoman ter\u00e4ksen puhdistusaine BLU1000 &#8211; ruostumattomien ter\u00e4spintojen ammattimaiseen puhdistukseen ja esik\u00e4sittelyyn"}]},{"@type":"WebSite","@id":"https:\/\/www.versiegelung24.com\/fi\/#website","url":"https:\/\/www.versiegelung24.com\/fi\/","name":"versiegelung24.com","description":"Fl\u00fcssigglas-Versiegelung - Made in Germany","publisher":{"@id":"https:\/\/www.versiegelung24.com\/fi\/#organization"},"potentialAction":[{"@type":"SearchAction","target":{"@type":"EntryPoint","urlTemplate":"https:\/\/www.versiegelung24.com\/fi\/?s={search_term_string}"},"query-input":{"@type":"PropertyValueSpecification","valueRequired":true,"valueName":"search_term_string"}}],"inLanguage":"fi"},{"@type":"Organization","@id":"https:\/\/www.versiegelung24.com\/fi\/#organization","name":"versiegelung24","url":"https:\/\/www.versiegelung24.com\/fi\/","logo":{"@type":"ImageObject","inLanguage":"fi","@id":"https:\/\/www.versiegelung24.com\/fi\/#\/schema\/logo\/image\/","url":"https:\/\/www.versiegelung24.com\/wp-content\/uploads\/2020\/04\/versiegelung24.png","contentUrl":"https:\/\/www.versiegelung24.com\/wp-content\/uploads\/2020\/04\/versiegelung24.png","width":470,"height":102,"caption":"versiegelung24"},"image":{"@id":"https:\/\/www.versiegelung24.com\/fi\/#\/schema\/logo\/image\/"}}]},"product_price_amount":"49.99","product_price_currency":"EUR","og_availability":"instock","product_availability":"instock","product_retailer_item_id":"9001-BLU1000","product_condition":"new"},"_links":{"self":[{"href":"https:\/\/www.versiegelung24.com\/fi\/wp-json\/wp\/v2\/product\/23744","targetHints":{"allow":["GET"]}}],"collection":[{"href":"https:\/\/www.versiegelung24.com\/fi\/wp-json\/wp\/v2\/product"}],"about":[{"href":"https:\/\/www.versiegelung24.com\/fi\/wp-json\/wp\/v2\/types\/product"}],"version-history":[{"count":14,"href":"https:\/\/www.versiegelung24.com\/fi\/wp-json\/wp\/v2\/product\/23744\/revisions"}],"predecessor-version":[{"id":181066,"href":"https:\/\/www.versiegelung24.com\/fi\/wp-json\/wp\/v2\/product\/23744\/revisions\/181066"}],"wp:featuredmedia":[{"embeddable":true,"href":"https:\/\/www.versiegelung24.com\/fi\/wp-json\/wp\/v2\/media\/13208"}],"wp:attachment":[{"href":"https:\/\/www.versiegelung24.com\/fi\/wp-json\/wp\/v2\/media?parent=23744"}],"wp:term":[{"taxonomy":"product_brand","embeddable":true,"href":"https:\/\/www.versiegelung24.com\/fi\/wp-json\/wp\/v2\/product_brand?post=23744"},{"taxonomy":"product_cat","embeddable":true,"href":"https:\/\/www.versiegelung24.com\/fi\/wp-json\/wp\/v2\/product_cat?post=23744"},{"taxonomy":"product_tag","embeddable":true,"href":"https:\/\/www.versiegelung24.com\/fi\/wp-json\/wp\/v2\/product_tag?post=23744"}],"curies":[{"name":"wp","href":"https:\/\/api.w.org\/{rel}","templated":true}]}}