{"id":23786,"date":"2020-04-04T18:53:46","date_gmt":"2021-08-02T20:05:19","guid":{"rendered":"https:\/\/www.versiegelung24.com\/produkt\/mikrokuituliina-30x30cm-esipuhdistukseen-tai-kiillotukseen"},"modified":"2025-05-06T10:44:29","modified_gmt":"2025-05-06T08:44:29","slug":"mikrokuituliina-30x30cm-esipuhdistusta-tai-kiillotusta-varten","status":"publish","type":"product","link":"https:\/\/www.versiegelung24.com\/fi\/mikrokuituliina-30x30cm-esipuhdistusta-tai-kiillotusta-varten.html","title":{"rendered":"Mikrokuituliina 30x30cm esipuhdistukseen tai kiillotukseen."},"content":{"rendered":"\n<p>Mikrokuituliina esipuhdistukseen tai loppukiillotukseen.<\/p>\n\n<p>Suuren imukyvyn vuoksi suosittelemme my\u00f6s t\u00e4t\u00e4<a href=\"https:\/\/www.versiegelung24.com\/applikationstuch-20x20cm.html\"> Mikrokuituliina nestem\u00e4isten lasitiivisteiden levitt\u00e4miseen<\/a><\/p>\n\n<p>Suosittelemme k\u00e4ytt\u00e4m\u00e4\u00e4n erillist\u00e4 mikrokuituliinaa pintatiivisteidemme ja kyll\u00e4stysaineiden levitysvaiheita varten.<\/p>\n\n<p>Materiaali on uudelleenk\u00e4ytett\u00e4v\u00e4\u00e4 ja siten eritt\u00e4in ymp\u00e4rist\u00f6yst\u00e4v\u00e4llist\u00e4. Helppo pest\u00e4 pesukoneessa ilman pesuainetta.<\/p>\n\n<hr\/>\n\n<h4 class=\"wp-block-heading\" id=\"properties\">Tuotteen ominaisuudet<\/h4>\n\n<div class=\"wp-block-columns is-layout-flex wp-container-core-columns-is-layout-9d6595d7 wp-block-columns-is-layout-flex\">\n<div class=\"wp-block-column is-layout-flow wp-block-column-is-layout-flow\">\n<p><br\/><br\/>Koostumus: 80% polyesteri, 20% polyamidi Koko: 30x30cm V\u00e4ri: sininen tai valkoinen (valitse).<\/p>\n<\/div>\n\n\n\n<div class=\"wp-block-column is-layout-flow wp-block-column-is-layout-flow\">\n<p>Korkealaatuinen, kuivapaino 280 g\/m2 .<\/p>\n<\/div>\n<\/div>\n\n<hr\/>\n\n<h4 class=\"wp-block-heading\" id=\"application\">Hakemus<\/h4>\n\n<p>Voidaan k\u00e4ytt\u00e4\u00e4 yleisesti sis\u00e4ll\u00e4 ja ulkona. Ihanteellinen koko lasin, keramiikan, veneiden, autojen ja matkailuautojen puhdistukseen.<\/p>\n\n<p>Nukkaamaton, naarmuton ja nopeasti kuivuva puhdistus. Lika- ja p\u00f6lyhiukkaset imeytyv\u00e4t l\u00e4hes ilman j\u00e4\u00e4mi\u00e4.<\/p>\n\n<hr\/>\n\n<h4 class=\"wp-block-heading\" id=\"advisor\">Neuvonantaja<\/h4>\n\n<p><strong>Monet asiakkaamme suosivat valkoisia mikrokuituliinoja<\/strong> &#8211; jos likaa j\u00e4\u00e4 liinaan puhdistuksen j\u00e4lkeen, pintaa ei ole viel\u00e4 puhdistettu t\u00e4ydellisesti ja optimaalisesti. Hyv\u00e4 tiivistys saadaan aikaan vain, jos pinnalla ei ole en\u00e4\u00e4 likaa.<\/p>\n","protected":false},"excerpt":{"rendered":"<p><strong>Mikrokuituliina esipuhdistukseen tai loppukiillotukseen:<\/strong><\/p>\n<p>\u2713 Uudelleenk\u00e4ytett\u00e4v\u00e4<\/p>\n<p>\u2713 Ymp\u00e4rist\u00f6yst\u00e4v\u00e4llinen<\/p>\n<p>\u2713 Eritt\u00e4in imukykyinen<\/p>\n<p>\u2713 Nopeasti kuivuva<\/p>\n<p>\u2713 Nukkaamaton<\/p>\n<p>\u2713 Naarmuuntumaton<\/p>\n<p>\u2713 80% polyesteri \/ 20% polyamidi  <\/p>\n<p>\u2713 Kuivapaino 280g\/ neli\u00f6metri<\/p>\n","protected":false},"featured_media":16598,"template":"","meta":{"_acf_changed":false,"neve_meta_sidebar":"","neve_meta_container":"","neve_meta_enable_content_width":"","neve_meta_content_width":0,"neve_meta_title_alignment":"","neve_meta_author_avatar":"","neve_post_elements_order":"","neve_meta_disable_header":"","neve_meta_disable_footer":"","neve_meta_disable_title":"","neve_meta_reading_time":"","_surfaces":[],"_ver_product_tabs":[],"footnotes":""},"product_brand":[],"product_cat":[2281,2282,2465,2468,2488,2719,2191,3072,2207,2278],"product_tag":[],"class_list":{"0":"post-23786","1":"product","2":"type-product","3":"status-publish","4":"has-post-thumbnail","6":"product_cat-pintojen-desinfiointiaineet","7":"product_cat-desinfiointiainetiivisteet","8":"product_cat-metalli-ja-muovitiiviste","9":"product_cat-siivoustarvikkeet","10":"product_cat-yleinen-tiiviste","11":"product_cat-kaesien-desinfiointiaine","12":"product_cat-lasin-ja-keramiikan-tiiviste","13":"product_cat-laitteet","14":"product_cat-auton-tiivistys","15":"product_cat-desinfiointiaineet","16":"pa_farbe-sininen","17":"pa_farbe-valkoinen","19":"first","20":"instock","21":"taxable","22":"shipping-taxable","23":"purchasable","24":"product-type-variable","25":"has-default-attributes"},"acf":[],"yoast_head":"<!-- This site is optimized with the Yoast SEO Premium plugin v22.8 (Yoast SEO v27.5) - https:\/\/yoast.com\/product\/yoast-seo-premium-wordpress\/ -->\n<title>Mikrokuituliina 30x30cm esipuhdistukseen tai kiillotukseen. - versiegelung24.com<\/title>\n<meta name=\"robots\" content=\"index, follow, max-snippet:-1, max-image-preview:large, max-video-preview:-1\" \/>\n<link rel=\"canonical\" href=\"https:\/\/www.versiegelung24.com\/fi\/mikrokuituliina-30x30cm-esipuhdistusta-tai-kiillotusta-varten.html\" \/>\n<meta property=\"og:locale\" content=\"fi_FI\" \/>\n<meta property=\"og:type\" content=\"article\" \/>\n<meta property=\"og:title\" content=\"Mikrokuituliina 30x30cm esipuhdistukseen tai kiillotukseen.\" \/>\n<meta property=\"og:description\" content=\"Mikrokuituliina esipuhdistukseen tai loppukiillotukseen: \u2713 Uudelleenk\u00e4ytett\u00e4v\u00e4 \u2713 Ymp\u00e4rist\u00f6yst\u00e4v\u00e4llinen \u2713 Eritt\u00e4in imukykyinen \u2713 Nopeasti kuivuva \u2713 Nukkaamaton \u2713 Naarmuuntumaton \u2713 80% polyesteri \/ 20% polyamidi  \u2713 Kuivapaino 280g\/ neli\u00f6metri\" \/>\n<meta property=\"og:url\" content=\"https:\/\/www.versiegelung24.com\/fi\/mikrokuituliina-30x30cm-esipuhdistusta-tai-kiillotusta-varten.html\" \/>\n<meta property=\"og:site_name\" content=\"versiegelung24.com\" \/>\n<meta property=\"article:modified_time\" content=\"2025-05-06T08:44:29+00:00\" \/>\n<meta property=\"og:image\" content=\"https:\/\/www.versiegelung24.com\/wp-content\/uploads\/2020\/06\/mikrofasertuch-weiss_2.png\" \/>\n\t<meta property=\"og:image:width\" content=\"650\" \/>\n\t<meta property=\"og:image:height\" content=\"650\" \/>\n\t<meta property=\"og:image:type\" content=\"image\/png\" \/>\n<meta name=\"twitter:card\" content=\"summary_large_image\" \/>\n<meta name=\"twitter:label1\" content=\"Saatavuus\" \/>\n\t<meta name=\"twitter:data1\" content=\"Varastossa\" \/>\n<script type=\"application\/ld+json\" class=\"yoast-schema-graph\">{\"@context\":\"https:\\\/\\\/schema.org\",\"@graph\":[{\"@type\":\"WebPage\",\"@id\":\"https:\\\/\\\/www.versiegelung24.com\\\/fi\\\/mikrokuituliina-30x30cm-esipuhdistusta-tai-kiillotusta-varten.html\",\"url\":\"https:\\\/\\\/www.versiegelung24.com\\\/fi\\\/mikrokuituliina-30x30cm-esipuhdistusta-tai-kiillotusta-varten.html\",\"name\":\"Mikrokuituliina 30x30cm esipuhdistukseen tai kiillotukseen. - versiegelung24.com\",\"isPartOf\":{\"@id\":\"https:\\\/\\\/www.versiegelung24.com\\\/fi\\\/#website\"},\"primaryImageOfPage\":{\"@id\":\"https:\\\/\\\/www.versiegelung24.com\\\/fi\\\/mikrokuituliina-30x30cm-esipuhdistusta-tai-kiillotusta-varten.html#primaryimage\"},\"image\":{\"@id\":\"https:\\\/\\\/www.versiegelung24.com\\\/fi\\\/mikrokuituliina-30x30cm-esipuhdistusta-tai-kiillotusta-varten.html#primaryimage\"},\"thumbnailUrl\":\"https:\\\/\\\/www.versiegelung24.com\\\/wp-content\\\/uploads\\\/2020\\\/06\\\/mikrofasertuch-weiss_2.png\",\"datePublished\":\"2021-08-02T20:05:19+00:00\",\"dateModified\":\"2025-05-06T08:44:29+00:00\",\"breadcrumb\":{\"@id\":\"https:\\\/\\\/www.versiegelung24.com\\\/fi\\\/mikrokuituliina-30x30cm-esipuhdistusta-tai-kiillotusta-varten.html#breadcrumb\"},\"inLanguage\":\"fi\",\"potentialAction\":[{\"@type\":\"ReadAction\",\"target\":[\"https:\\\/\\\/www.versiegelung24.com\\\/fi\\\/mikrokuituliina-30x30cm-esipuhdistusta-tai-kiillotusta-varten.html\"]}]},{\"@type\":\"ImageObject\",\"inLanguage\":\"fi\",\"@id\":\"https:\\\/\\\/www.versiegelung24.com\\\/fi\\\/mikrokuituliina-30x30cm-esipuhdistusta-tai-kiillotusta-varten.html#primaryimage\",\"url\":\"https:\\\/\\\/www.versiegelung24.com\\\/wp-content\\\/uploads\\\/2020\\\/06\\\/mikrofasertuch-weiss_2.png\",\"contentUrl\":\"https:\\\/\\\/www.versiegelung24.com\\\/wp-content\\\/uploads\\\/2020\\\/06\\\/mikrofasertuch-weiss_2.png\",\"width\":650,\"height\":650},{\"@type\":\"BreadcrumbList\",\"@id\":\"https:\\\/\\\/www.versiegelung24.com\\\/fi\\\/mikrokuituliina-30x30cm-esipuhdistusta-tai-kiillotusta-varten.html#breadcrumb\",\"itemListElement\":[{\"@type\":\"ListItem\",\"position\":1,\"name\":\"Kotisivu\",\"item\":\"https:\\\/\\\/www.versiegelung24.com\\\/fi\\\/etupuolella\\\/\"},{\"@type\":\"ListItem\",\"position\":2,\"name\":\"Myym\u00e4l\u00e4\",\"item\":\"https:\\\/\\\/www.versiegelung24.com\\\/fi\\\/myymala-2\\\/\"},{\"@type\":\"ListItem\",\"position\":3,\"name\":\"Mikrokuituliina 30x30cm esipuhdistukseen tai kiillotukseen.\"}]},{\"@type\":\"WebSite\",\"@id\":\"https:\\\/\\\/www.versiegelung24.com\\\/fi\\\/#website\",\"url\":\"https:\\\/\\\/www.versiegelung24.com\\\/fi\\\/\",\"name\":\"versiegelung24.com\",\"description\":\"Fl\u00fcssigglas-Versiegelung - Made in Germany\",\"publisher\":{\"@id\":\"https:\\\/\\\/www.versiegelung24.com\\\/fi\\\/#organization\"},\"potentialAction\":[{\"@type\":\"SearchAction\",\"target\":{\"@type\":\"EntryPoint\",\"urlTemplate\":\"https:\\\/\\\/www.versiegelung24.com\\\/fi\\\/?s={search_term_string}\"},\"query-input\":{\"@type\":\"PropertyValueSpecification\",\"valueRequired\":true,\"valueName\":\"search_term_string\"}}],\"inLanguage\":\"fi\"},{\"@type\":\"Organization\",\"@id\":\"https:\\\/\\\/www.versiegelung24.com\\\/fi\\\/#organization\",\"name\":\"versiegelung24\",\"url\":\"https:\\\/\\\/www.versiegelung24.com\\\/fi\\\/\",\"logo\":{\"@type\":\"ImageObject\",\"inLanguage\":\"fi\",\"@id\":\"https:\\\/\\\/www.versiegelung24.com\\\/fi\\\/#\\\/schema\\\/logo\\\/image\\\/\",\"url\":\"https:\\\/\\\/www.versiegelung24.com\\\/wp-content\\\/uploads\\\/2020\\\/04\\\/versiegelung24.png\",\"contentUrl\":\"https:\\\/\\\/www.versiegelung24.com\\\/wp-content\\\/uploads\\\/2020\\\/04\\\/versiegelung24.png\",\"width\":470,\"height\":102,\"caption\":\"versiegelung24\"},\"image\":{\"@id\":\"https:\\\/\\\/www.versiegelung24.com\\\/fi\\\/#\\\/schema\\\/logo\\\/image\\\/\"}}]}<\/script>\n<meta property=\"og:availability\" content=\"instock\" \/>\n<meta property=\"product:availability\" content=\"instock\" \/>\n<meta property=\"product:retailer_item_id\" content=\"9002-1\" \/>\n<meta property=\"product:condition\" content=\"new\" \/>\n<!-- \/ Yoast SEO Premium plugin. -->","yoast_head_json":{"title":"Mikrokuituliina 30x30cm esipuhdistukseen tai kiillotukseen. - versiegelung24.com","robots":{"index":"index","follow":"follow","max-snippet":"max-snippet:-1","max-image-preview":"max-image-preview:large","max-video-preview":"max-video-preview:-1"},"canonical":"https:\/\/www.versiegelung24.com\/fi\/mikrokuituliina-30x30cm-esipuhdistusta-tai-kiillotusta-varten.html","og_locale":"fi_FI","og_type":"article","og_title":"Mikrokuituliina 30x30cm esipuhdistukseen tai kiillotukseen.","og_description":"Mikrokuituliina esipuhdistukseen tai loppukiillotukseen: \u2713 Uudelleenk\u00e4ytett\u00e4v\u00e4 \u2713 Ymp\u00e4rist\u00f6yst\u00e4v\u00e4llinen \u2713 Eritt\u00e4in imukykyinen \u2713 Nopeasti kuivuva \u2713 Nukkaamaton \u2713 Naarmuuntumaton \u2713 80% polyesteri \/ 20% polyamidi  \u2713 Kuivapaino 280g\/ neli\u00f6metri","og_url":"https:\/\/www.versiegelung24.com\/fi\/mikrokuituliina-30x30cm-esipuhdistusta-tai-kiillotusta-varten.html","og_site_name":"versiegelung24.com","article_modified_time":"2025-05-06T08:44:29+00:00","og_image":[{"width":650,"height":650,"url":"https:\/\/www.versiegelung24.com\/wp-content\/uploads\/2020\/06\/mikrofasertuch-weiss_2.png","type":"image\/png"}],"twitter_card":"summary_large_image","twitter_misc":{"Saatavuus":"Varastossa"},"schema":{"@context":"https:\/\/schema.org","@graph":[{"@type":"WebPage","@id":"https:\/\/www.versiegelung24.com\/fi\/mikrokuituliina-30x30cm-esipuhdistusta-tai-kiillotusta-varten.html","url":"https:\/\/www.versiegelung24.com\/fi\/mikrokuituliina-30x30cm-esipuhdistusta-tai-kiillotusta-varten.html","name":"Mikrokuituliina 30x30cm esipuhdistukseen tai kiillotukseen. - versiegelung24.com","isPartOf":{"@id":"https:\/\/www.versiegelung24.com\/fi\/#website"},"primaryImageOfPage":{"@id":"https:\/\/www.versiegelung24.com\/fi\/mikrokuituliina-30x30cm-esipuhdistusta-tai-kiillotusta-varten.html#primaryimage"},"image":{"@id":"https:\/\/www.versiegelung24.com\/fi\/mikrokuituliina-30x30cm-esipuhdistusta-tai-kiillotusta-varten.html#primaryimage"},"thumbnailUrl":"https:\/\/www.versiegelung24.com\/wp-content\/uploads\/2020\/06\/mikrofasertuch-weiss_2.png","datePublished":"2021-08-02T20:05:19+00:00","dateModified":"2025-05-06T08:44:29+00:00","breadcrumb":{"@id":"https:\/\/www.versiegelung24.com\/fi\/mikrokuituliina-30x30cm-esipuhdistusta-tai-kiillotusta-varten.html#breadcrumb"},"inLanguage":"fi","potentialAction":[{"@type":"ReadAction","target":["https:\/\/www.versiegelung24.com\/fi\/mikrokuituliina-30x30cm-esipuhdistusta-tai-kiillotusta-varten.html"]}]},{"@type":"ImageObject","inLanguage":"fi","@id":"https:\/\/www.versiegelung24.com\/fi\/mikrokuituliina-30x30cm-esipuhdistusta-tai-kiillotusta-varten.html#primaryimage","url":"https:\/\/www.versiegelung24.com\/wp-content\/uploads\/2020\/06\/mikrofasertuch-weiss_2.png","contentUrl":"https:\/\/www.versiegelung24.com\/wp-content\/uploads\/2020\/06\/mikrofasertuch-weiss_2.png","width":650,"height":650},{"@type":"BreadcrumbList","@id":"https:\/\/www.versiegelung24.com\/fi\/mikrokuituliina-30x30cm-esipuhdistusta-tai-kiillotusta-varten.html#breadcrumb","itemListElement":[{"@type":"ListItem","position":1,"name":"Kotisivu","item":"https:\/\/www.versiegelung24.com\/fi\/etupuolella\/"},{"@type":"ListItem","position":2,"name":"Myym\u00e4l\u00e4","item":"https:\/\/www.versiegelung24.com\/fi\/myymala-2\/"},{"@type":"ListItem","position":3,"name":"Mikrokuituliina 30x30cm esipuhdistukseen tai kiillotukseen."}]},{"@type":"WebSite","@id":"https:\/\/www.versiegelung24.com\/fi\/#website","url":"https:\/\/www.versiegelung24.com\/fi\/","name":"versiegelung24.com","description":"Fl\u00fcssigglas-Versiegelung - Made in Germany","publisher":{"@id":"https:\/\/www.versiegelung24.com\/fi\/#organization"},"potentialAction":[{"@type":"SearchAction","target":{"@type":"EntryPoint","urlTemplate":"https:\/\/www.versiegelung24.com\/fi\/?s={search_term_string}"},"query-input":{"@type":"PropertyValueSpecification","valueRequired":true,"valueName":"search_term_string"}}],"inLanguage":"fi"},{"@type":"Organization","@id":"https:\/\/www.versiegelung24.com\/fi\/#organization","name":"versiegelung24","url":"https:\/\/www.versiegelung24.com\/fi\/","logo":{"@type":"ImageObject","inLanguage":"fi","@id":"https:\/\/www.versiegelung24.com\/fi\/#\/schema\/logo\/image\/","url":"https:\/\/www.versiegelung24.com\/wp-content\/uploads\/2020\/04\/versiegelung24.png","contentUrl":"https:\/\/www.versiegelung24.com\/wp-content\/uploads\/2020\/04\/versiegelung24.png","width":470,"height":102,"caption":"versiegelung24"},"image":{"@id":"https:\/\/www.versiegelung24.com\/fi\/#\/schema\/logo\/image\/"}}]},"og_availability":"instock","product_availability":"instock","product_retailer_item_id":"9002-1","product_condition":"new"},"_links":{"self":[{"href":"https:\/\/www.versiegelung24.com\/fi\/wp-json\/wp\/v2\/product\/23786","targetHints":{"allow":["GET"]}}],"collection":[{"href":"https:\/\/www.versiegelung24.com\/fi\/wp-json\/wp\/v2\/product"}],"about":[{"href":"https:\/\/www.versiegelung24.com\/fi\/wp-json\/wp\/v2\/types\/product"}],"version-history":[{"count":23,"href":"https:\/\/www.versiegelung24.com\/fi\/wp-json\/wp\/v2\/product\/23786\/revisions"}],"predecessor-version":[{"id":177830,"href":"https:\/\/www.versiegelung24.com\/fi\/wp-json\/wp\/v2\/product\/23786\/revisions\/177830"}],"wp:featuredmedia":[{"embeddable":true,"href":"https:\/\/www.versiegelung24.com\/fi\/wp-json\/wp\/v2\/media\/16598"}],"wp:attachment":[{"href":"https:\/\/www.versiegelung24.com\/fi\/wp-json\/wp\/v2\/media?parent=23786"}],"wp:term":[{"taxonomy":"product_brand","embeddable":true,"href":"https:\/\/www.versiegelung24.com\/fi\/wp-json\/wp\/v2\/product_brand?post=23786"},{"taxonomy":"product_cat","embeddable":true,"href":"https:\/\/www.versiegelung24.com\/fi\/wp-json\/wp\/v2\/product_cat?post=23786"},{"taxonomy":"product_tag","embeddable":true,"href":"https:\/\/www.versiegelung24.com\/fi\/wp-json\/wp\/v2\/product_tag?post=23786"}],"curies":[{"name":"wp","href":"https:\/\/api.w.org\/{rel}","templated":true}]}}