{"id":23957,"date":"2020-04-27T21:45:35","date_gmt":"2021-08-02T20:13:33","guid":{"rendered":"https:\/\/www.versiegelung24.com\/produkt\/graffiti-suojapinnoite-erittain-tehokas-julkisivun-tiivistys"},"modified":"2025-01-03T23:59:54","modified_gmt":"2025-01-03T22:59:54","slug":"anti-graffiti-suojaava-pinnoite-erittain-tehokas-julkisivutiiviste","status":"publish","type":"product","link":"https:\/\/www.versiegelung24.com\/fi\/anti-graffiti-suojaava-pinnoite-erittaein-tehokas-julkisivutiiviste.html","title":{"rendered":"Graffitisuojapinnoite &#8211; Anti graffiti-pinnoite"},"content":{"rendered":"\n<p>7626 Anti Graffiti Coating tarjoaa eritt\u00e4in kest\u00e4v\u00e4n ja l\u00e4pin\u00e4kyv\u00e4n ratkaisun graffitien likaantumista vastaan ilman uhrauskerrosta. T\u00e4m\u00e4 pysyv\u00e4 suojausj\u00e4rjestelm\u00e4, joka oikein k\u00e4ytettyn\u00e4 kest\u00e4\u00e4 jopa 20 vuotta ja jolla graffitit voidaan poistaa v\u00e4hint\u00e4\u00e4n 20 kertaa, helpottaa graffitien poistamista kylm\u00e4ll\u00e4 vedell\u00e4 ja ilman kemikaaleja. Se sopii l\u00e4hes kaikille pinnoille.<\/p>\n\n<h4 class=\"wp-block-heading\" id=\"h-video-der-anti-graffiti-schutzanstrich-im-praxistest\">Video &#8211; Graffiti -suojapinnoite k\u00e4yt\u00e4nn\u00f6n kokeessa:<\/h4>\n\n<div class=\"wp-block-columns is-layout-flex wp-container-core-columns-is-layout-9d6595d7 wp-block-columns-is-layout-flex\">\n<div class=\"wp-block-column is-layout-flow wp-block-column-is-layout-flow\">\n<figure class=\"wp-block-embed is-type-video is-provider-youtube wp-block-embed-youtube wp-embed-aspect-16-9 wp-has-aspect-ratio\"><div class=\"wp-block-embed__wrapper\"> \n<div class=\"nv-iframe-embed\"><iframe title=\"Graffiti Entfernung an einem Bahnhof - Graffiti Schutzanstrich - Versiegelung24.com\" width=\"1200\" height=\"675\" src=\"https:\/\/www.youtube.com\/embed\/O7C47GU6pd8?feature=oembed\" frameborder=\"0\" allow=\"accelerometer; autoplay; clipboard-write; encrypted-media; gyroscope; picture-in-picture; web-share\" referrerpolicy=\"strict-origin-when-cross-origin\" allowfullscreen><\/iframe><\/div>\n <\/div><\/figure>\n<\/div>\n\n\n\n<div class=\"wp-block-column is-layout-flow wp-block-column-is-layout-flow\">\n<figure class=\"wp-block-embed is-type-video is-provider-youtube wp-block-embed-youtube wp-embed-aspect-16-9 wp-has-aspect-ratio\"><div class=\"wp-block-embed__wrapper\"> \n<div class=\"nv-iframe-embed\"><iframe title=\"Erkla\u0308rung Grafffiti-Schutzanstrich - versiegelung24.com\" width=\"1200\" height=\"675\" src=\"https:\/\/www.youtube.com\/embed\/zy_puhXRc4s?feature=oembed\" frameborder=\"0\" allow=\"accelerometer; autoplay; clipboard-write; encrypted-media; gyroscope; picture-in-picture; web-share\" referrerpolicy=\"strict-origin-when-cross-origin\" allowfullscreen><\/iframe><\/div>\n <\/div><\/figure>\n<\/div>\n<\/div>\n\n<h4 class=\"wp-block-heading\" id=\"properties\">Tuotteen ominaisuudet<\/h4>\n\n<div class=\"wp-block-columns is-layout-flex wp-container-core-columns-is-layout-9d6595d7 wp-block-columns-is-layout-flex\">\n<div class=\"wp-block-column is-layout-flow wp-block-column-is-layout-flow\">\n<p><strong>Eritt\u00e4in tehokas anti-graffiti-tiiviste, pitk\u00e4aikainen suoja ja ilman varjojen muodostumista monien vuosien ajan<\/strong><\/p>\n\n\n\n<p><br\/>Tuotenumero: 9201-7626 Korkealaatuinen Made in Germany<\/p>\n\n\n\n<p>Jo yksi k\u00e4ytt\u00f6 voi riitt\u00e4\u00e4 luomaan tehokkaan suojaavan esteen. Erityisen imukykyiset materiaalit, kuten hiekkakivi, saattavat vaatia ensin pohjamaaliliuoksen tai toisen kerroksen 7626 Anti-Graffiti Filmi\u00e4. T\u00e4m\u00e4 olisi teht\u00e4v\u00e4 noin puolen tunnin kuluttua yli 20 asteen l\u00e4mp\u00f6tilassa tai kolmen tai nelj\u00e4n tunnin kuluttua viile\u00e4mmiss\u00e4 olosuhteissa, jotta pinta s\u00e4ilyy suojattuna vuosia.<\/p>\n\n\n\n<p><strong>tuoteturvallisuus<\/strong><\/p>\n\n\n\n<p>Tietoja tuotteen luokittelusta vaarallisia aineita koskevan asetuksen puitteissa, turvallisuustiedot sek\u00e4 toksikologiaa ja varastointia koskevat tiedot l\u00f6ytyv\u00e4t k\u00e4ytt\u00f6turvallisuustiedotteestamme.<\/p>\n\n\n\n<p><strong>varastointi<\/strong><\/p>\n\n\n\n<p>V24-graffiti-tiiviste ei saa joutua kosketuksiin kosteuden kanssa. Se on s\u00e4ilytett\u00e4v\u00e4 alkuper\u00e4isess\u00e4, suljetussa astiassa s\u00e4ilytysl\u00e4mp\u00f6tiloissa. Suojaa suoralta auringonvalolta.<\/p>\n<\/div>\n\n\n\n<div class=\"wp-block-column is-layout-flow wp-block-column-is-layout-flow\">\n<p><strong>Nopea kovettuminen<\/strong><\/p>\n\n\n\n<p>Pian levitt\u00e4misen j\u00e4lkeen tiiviste on jo kuivunut ja saavuttaa t\u00e4yden tehonsa muutamassa tunnissa. Graffitien poistaminen on siis mutkatonta ja nopeaa. Pinnoitettujen pintojen puhdistamiseen riitt\u00e4\u00e4 korkeapainepuhdistin (enint\u00e4\u00e4n 80 bar) tai pehme\u00e4 harja ilman kemiallisia puhdistusaineita.<\/p>\n\n\n\n<p>\u2713 Eritt\u00e4in vahva tartunta<\/p>\n\n\n\n<p>\u2713 Ei varjoa<\/p>\n\n\n\n<p>\u2713 Yksikomponenttinen j\u00e4rjestelm\u00e4: (useimmissa tapauksissa) vain yksi kerros riitt\u00e4\u00e4<\/p>\n\n\n\n<p>\u2713 Helppo levitt\u00e4\u00e4 maalaamalla. Sekoittamista tms. Ei tarvita.<\/p>\n\n\n\n<p>\u2713 Pitk\u00e4aikainen suoja<\/p>\n\n\n\n<p>\u2713 Graffitit voidaan yleens\u00e4 poistaa nopeasti ja helposti vedell\u00e4. Useimmissa tapauksissa graffitien poistoaineita ei tarvita.<\/p>\n\n\n\n<p>\u2713 Voidaan k\u00e4ytt\u00e4\u00e4 my\u00f6s suojana luvattomalta l\u00e4hett\u00e4miselt\u00e4 (julisteita ei voi kiinnitt\u00e4\u00e4) <\/p>\n\n\n\n<p>\u2713 Neste ei ole vaarallinen tuote<\/p>\n\n\n\n<p>\u2713 Saatavana my\u00f6s RAL-v\u00e4reiss\u00e4 (v\u00e4himm\u00e4ism\u00e4\u00e4r\u00e4 100 litraa &#8211; lis\u00e4maksu +20%).<\/p>\n<\/div>\n<\/div>\n\n<hr\/>\n\n<h4 class=\"wp-block-heading\" id=\"application\">Hakemus<\/h4>\n\n<p>Soveltaminen on eritt\u00e4in yksinkertaista: Avaa vain s\u00e4ili\u00f6 ja levit\u00e4 tuote maalirullalla &#8211; ennakkosekoitusta ei tarvita, mik\u00e4 s\u00e4\u00e4st\u00e4\u00e4 aikaa ja yksinkertaistaa prosessia. Kun k\u00e4ytet\u00e4\u00e4n anti-graffitikalvoa tietyss\u00e4 RAL-v\u00e4riss\u00e4, olemassa olevat graffitit voidaan yksinkertaisesti maalata yli. Kirkas versio suojaa my\u00f6s &#8220;toivottuja&#8221; graffititaideteoksia.<\/p>\n\n<div class=\"wp-block-columns is-layout-flex wp-container-core-columns-is-layout-9d6595d7 wp-block-columns-is-layout-flex\">\n<div class=\"wp-block-column is-layout-flow wp-block-column-is-layout-flow\">\n<ul class=\"wp-block-list\">\n<li>the<strong> V24-graffiti-tiiviste<\/strong> levitet\u00e4\u00e4n laimentamattomana esipuhdistetulle ja kuivatulle pinnalle.<\/li>\n<\/ul>\n\n\n\n<ul class=\"wp-block-list\">\n<li>Kaikkien k\u00e4sitelt\u00e4vien pintojen on oltava kuivia ja hyvin puhdistettuja. Hiekkakiville ja tiilille tulee levitt\u00e4\u00e4 lis\u00e4pohjamaali.<\/li>\n<\/ul>\n\n\n\n<ul class=\"wp-block-list\">\n<li><strong>V24-graffiti-tiiviste<\/strong> ei saa joutua kosketuksiin veden kanssa ennen k\u00e4sittely\u00e4 tai sen aikana eik\u00e4 sit\u00e4 saa k\u00e4ytt\u00e4\u00e4 sateen sattuessa.<\/li>\n<\/ul>\n\n\n\n<ul class=\"wp-block-list\">\n<li>Tiivistysaine voidaan levitt\u00e4\u00e4 harjalla, telalla tai ilmattomalla ruiskulla.<\/li>\n<\/ul>\n\n\n\n<ul class=\"wp-block-list\">\n<li>Pinta on kosketuskuiva noin 3-4 tunnin kuluttua.<\/li>\n<\/ul>\n\n\n\n<ul class=\"wp-block-list\">\n<li>Pinnoite on t\u00e4ysin silloitettu ja kovettu 24 tunnin kuluttua.<\/li>\n<\/ul>\n\n\n\n<p>Yksityiskohtainen sovelluskuvaus l\u00f6ytyy tietolomakkeestamme<\/p>\n<\/div>\n\n\n\n<div class=\"wp-block-column is-layout-flow wp-block-column-is-layout-flow\">\n<p>Tarvittava m\u00e4\u00e4r\u00e4 riippuu pinnoitettavan pinnan imukyvyst\u00e4. Saanto on n. 8-10m\u00b2\/litra sileille, ei-imukykyisille pinnoille ja 6-8m\u00b2\/litra imukykyisille pinnoille.<\/p>\n\n\n\n<p>Alumiiniverhous*<\/p>\n\n\n\n<p>Betoni (tunnelit, reitit, meluntorjunta- ja tukimuurit, siltapilareiden tukipilarit, muuraus jne.).<\/p>\n\n\n\n<p>\u2713 Lasikuitu<\/p>\n\n\n\n<p>\u2713 Lasi*<\/p>\n\n\n\n<p>\u2713 puu<\/p>\n\n\n\n<p>\u2713 Muovi*<\/p>\n\n\n\n<p>Muuraus (mukaan lukien tiili, luonnonkivi, klinkkeri, marmori, kivi, kaakeli, graniitti)<\/p>\n\n\n\n<p>\u2713 Monik\u00e4ytt\u00f6iset laatikot (jakelulaatikot)<\/p>\n\n\n\n<p>\u2713 Metalli*<\/p>\n\n\n\n<p>\u2713 Ter\u00e4s*<\/p>\n\n\n\n<p>\u2713 Katukyltit<\/p>\n\n\n\n<p>\u2713 Stukki<\/p>\n\n\n\n<p>\u2713 Vinyylilaudoitus<\/p>\n\n\n\n<p>*On t\u00e4rke\u00e4\u00e4 huomata, ett\u00e4 kiillotettuihin ja sileisiin pintoihin tarttuminen ei ole yht\u00e4 vahvaa kuin karkeisiin tai huokoisiin pintoihin.<\/p>\n<\/div>\n<\/div>\n\n<div style=\"height:18px\" aria-hidden=\"true\" class=\"wp-block-spacer\"><\/div>\n\n<hr\/>\n\n<h4 class=\"wp-block-heading\" id=\"advisor\">Neuvonantaja<\/h4>\n\n<h2 class=\"wp-block-heading\" id=\"h-was-ist-graffitischutz-und-warum-ist-er-wichtig\">Mit\u00e4 graffitisuojaus on ja miksi se on t\u00e4rke\u00e4\u00e4?<\/h2>\n\n<p>Graffitisuojauksella tarkoitetaan toimenpiteit\u00e4, joiden tarkoituksena on est\u00e4\u00e4 graffitimaalia tarttumasta pintoihin ja aiheuttamasta vahinkoa. Ilman asianmukaista suojausta graffitit voivat vahingoittaa julkisivua, aiheuttaa korkeita puhdistuskustannuksia ja alentaa kiinteist\u00f6n arvoa. Graffitisuojauksen k\u00e4ytt\u00f6 on siksi ratkaisevan t\u00e4rke\u00e4\u00e4 sek\u00e4 esteettisist\u00e4 ett\u00e4 taloudellisista syist\u00e4.<\/p>\n\n<h2 class=\"wp-block-heading\" id=\"h-welche-arten-von-schutz-gibt-es\">Mink\u00e4laista suojaa on olemassa?<\/h2>\n\n<p>On olemassa erilaisia graffitisuojauksia, jotka voidaan valita vaatimusten ja pinnan mukaan:<\/p>\n\n<p><br\/><br\/>P<strong>ysyv\u00e4<\/strong> <strong>graffitisuojaus<\/strong>: T\u00e4m\u00e4ntyyppinen suojaus muodostaa pintaan pysyv\u00e4n suojakerroksen ja mahdollistaa graffitien helpon poistamisen ilman suoja-aineen uudelleen levitt\u00e4mist\u00e4.<strong>Puolikest\u00e4v\u00e4<\/strong> <strong>graffitisuojaus<\/strong>: T\u00e4m\u00e4 suojaus on uusittava graffitien poistamisen j\u00e4lkeen, mutta se muodostaa my\u00f6s tehokkaan esteen graffiteja vastaan. Miten kyll\u00e4stys toimii graffitisuojauksena?<\/p>\n\n<p><strong>Kyll\u00e4steet<\/strong> tunkeutuvat syv\u00e4lle alustaan ja muodostavat n\u00e4kym\u00e4tt\u00f6m\u00e4n suojakerroksen, joka est\u00e4\u00e4 graffitimaalia tunkeutumasta materiaaliin. T\u00e4m\u00e4 helpottaa puhdistusta ja suojaa pintaa pysyv\u00e4sti. Mit\u00e4 eroa on pysyv\u00e4ll\u00e4 ja puolipysyv\u00e4ll\u00e4 anti-graffititiivisteell\u00e4?<\/p>\n\n<p><strong>Pysyv\u00e4 graffitisuojaus<\/strong> pysyy pinnalla eik\u00e4 sit\u00e4 tarvitse uusia, kun taas puolikest\u00e4v\u00e4 suojaus on uusittava jokaisen graffitin poiston j\u00e4lkeen. Pysyv\u00e4t ratkaisut ovat siis pitk\u00e4aikaisempi ja v\u00e4hemm\u00e4n huoltoa vaativa vaihtoehto.<\/p>\n\n<h2 class=\"wp-block-heading\" id=\"h-welche-produkte-eignen-sich-fur-den-graffiti-schutz-auf-beton-und-naturstein\">Mitk\u00e4 tuotteet soveltuvat betonin ja luonnonkiven graffitisuojaukseen?<\/h2>\n\n<p>Kyll\u00e4stysaineitamme voidaan k\u00e4ytt\u00e4\u00e4 betoniin tai luonnonkiveen ongelmitta.<\/p>\n\n<h2 class=\"wp-block-heading\" id=\"h-wie-wird-der-graffitischutz-auf-unterschiedlichen-untergrunden-angewendet\">Miten graffitisuojaus levitet\u00e4\u00e4n eri pinnoille?<\/h2>\n\n<p>Graffitisuojauksen k\u00e4ytt\u00f6 vaihtelee alustasta riippuen. Toisin kuin esimerkiksi lasi tai muovi, betoni, luonnonkivi ja klinkkeri vaativat erilaisia l\u00e4hestymistapoja optimaalisen suojan varmistamiseksi.  <\/p>\n\n<h2 class=\"wp-block-heading\" id=\"h-welche-rolle-spielt-die-reinigung-bei-der-graffitientfernung\">Mik\u00e4 rooli siivouksella on graffitien poistamisessa?<\/h2>\n\n<p>Siivouksella on ratkaiseva merkitys graffitien poistossa. Oikeilla puhdistusaineilla ja -menetelmill\u00e4 graffitit voidaan poistaa nopeasti ja tehokkaasti vahingoittamatta niiden alla olevaa suojakerrosta.<\/p>\n\n<h2 class=\"wp-block-heading\" id=\"h-tipps-zur-auswahl-des-richtigen-graffitischutz-produkts\">Vinkkej\u00e4 oikean graffitisuojatuotteen valintaan<\/h2>\n\n<p><strong>Analysoi kasvualusta<\/strong>:<br\/> Tarkista, mist\u00e4 materiaalista julkisivusi on valmistettu, ja valitse sopiva suojaustuote.<strong>Lue tuotetiedot<\/strong>:<br\/> Tutustu perusteellisesti tuotteen ominaisuuksiin, kuten liuotteettomuuteen ja UV-kest\u00e4vyyteen.<strong>K\u00e4yt\u00e4 teknist\u00e4 neuvontaa<\/strong>: K\u00e4yt\u00e4 Versiegelung24.com-sivuston teknist\u00e4 tukea varmistaaksesi, ett\u00e4 tuotetta k\u00e4ytet\u00e4\u00e4n oikein.<br\/><\/p>\n\n<h2 class=\"wp-block-heading\" id=\"h-zusammenfassung-der-wichtigsten-punkte\">Yhteenveto t\u00e4rkeimmist\u00e4 kohdista<\/h2>\n\n<p><br\/><br\/><br\/>Graffitisuojaus on t\u00e4rke\u00e4\u00e4 julkisivujen suojaamiseksi vaurioilta ja arvon menetykselt\u00e4. On olemassa pysyvi\u00e4 ja puolikest\u00e4vi\u00e4 graffitisuojausratkaisuja, jotka voidaan valita tarpeiden mukaan.<strong>Kyll\u00e4stys tarjoaa tehokkaan menetelm\u00e4n<\/strong> pit\u00e4\u00e4 graffitit poissa betonista, luonnonkivest\u00e4 ja klinkkerist\u00e4. Graffitisuojauksen pitk\u00e4aikaisen onnistumisen kannalta ratkaisevaa on oikea levitys ja puhdistus.<\/p>\n","protected":false},"excerpt":{"rendered":"<p><strong>Eritt\u00e4in tehokas julkisivutiiviste, pitk\u00e4aikainen suoja ja ilman varjojen muodostumista<\/strong>  <\/p>\n<p>\u2713 Helppok\u00e4ytt\u00f6inen: ei tarvita sekoittamista jne<\/p>\n<p>\u2713 Pitk\u00e4kestoinen suoja ja satiinipinta<\/p>\n<p>\u2713 T\u00e4ysi peitto: Ei varjoja<\/p>\n<p>\u2713 Maalauksen j\u00e4lkeen graffitit voidaan helposti poistaa vedell\u00e4<\/p>\n<p>\u2713 Kosketuskuivaus 3-4 tunnin kuluttua<\/p>\n","protected":false},"featured_media":169221,"template":"","meta":{"_acf_changed":false,"neve_meta_sidebar":"","neve_meta_container":"","neve_meta_enable_content_width":"","neve_meta_content_width":0,"neve_meta_title_alignment":"","neve_meta_author_avatar":"","neve_post_elements_order":"","neve_meta_disable_header":"","neve_meta_disable_footer":"","neve_meta_disable_title":"","neve_meta_reading_time":"","_surfaces":[],"_ver_product_tabs":[],"footnotes":""},"product_brand":[],"product_cat":[2467],"product_tag":[],"class_list":{"0":"post-23957","1":"product","2":"type-product","3":"status-publish","4":"has-post-thumbnail","6":"product_cat-kiven-ja-betonin-tiivistys","7":"pa_gebinde-5l-kanisteri","8":"pa_gebinde-5l-kanisteri-ral-vaerissae","10":"first","11":"instock","12":"taxable","13":"shipping-taxable","14":"purchasable","15":"product-type-variable","16":"has-default-attributes"},"acf":[],"yoast_head":"<!-- This site is optimized with the Yoast SEO Premium plugin v22.8 (Yoast SEO v27.5) - https:\/\/yoast.com\/product\/yoast-seo-premium-wordpress\/ -->\n<title>Graffitisuojapinnoite - Anti graffiti-pinnoite - versiegelung24.com<\/title>\n<meta name=\"description\" content=\"Anti-graffitipinnoite - Suojaa julkisivusi ei-toivotuilta graffiteilta - nyt Versiegelung24.com:ssa\" \/>\n<meta name=\"robots\" content=\"index, follow, max-snippet:-1, max-image-preview:large, max-video-preview:-1\" \/>\n<link rel=\"canonical\" href=\"https:\/\/www.versiegelung24.com\/fi\/anti-graffiti-suojaava-pinnoite-erittaein-tehokas-julkisivutiiviste.html\" \/>\n<meta property=\"og:locale\" content=\"fi_FI\" \/>\n<meta property=\"og:type\" content=\"article\" \/>\n<meta property=\"og:title\" content=\"Graffitisuojapinnoite - Anti graffiti-pinnoite\" \/>\n<meta property=\"og:description\" content=\"Anti-graffitipinnoite - Suojaa julkisivusi ei-toivotuilta graffiteilta - nyt Versiegelung24.com:ssa\" \/>\n<meta property=\"og:url\" content=\"https:\/\/www.versiegelung24.com\/fi\/anti-graffiti-suojaava-pinnoite-erittaein-tehokas-julkisivutiiviste.html\" \/>\n<meta property=\"og:site_name\" content=\"versiegelung24.com\" \/>\n<meta property=\"article:modified_time\" content=\"2025-01-03T22:59:54+00:00\" \/>\n<meta property=\"og:image\" content=\"https:\/\/www.versiegelung24.com\/wp-content\/uploads\/2020\/04\/7626-anti-graffiti.webp\" \/>\n\t<meta property=\"og:image:width\" content=\"2560\" \/>\n\t<meta property=\"og:image:height\" content=\"2560\" \/>\n\t<meta property=\"og:image:type\" content=\"image\/webp\" \/>\n<meta name=\"twitter:card\" content=\"summary_large_image\" \/>\n<meta name=\"twitter:label1\" content=\"Saatavuus\" \/>\n\t<meta name=\"twitter:data1\" content=\"Varastossa\" \/>\n<script type=\"application\/ld+json\" class=\"yoast-schema-graph\">{\"@context\":\"https:\\\/\\\/schema.org\",\"@graph\":[{\"@type\":\"WebPage\",\"@id\":\"https:\\\/\\\/www.versiegelung24.com\\\/fi\\\/anti-graffiti-suojaava-pinnoite-erittaein-tehokas-julkisivutiiviste.html\",\"url\":\"https:\\\/\\\/www.versiegelung24.com\\\/fi\\\/anti-graffiti-suojaava-pinnoite-erittaein-tehokas-julkisivutiiviste.html\",\"name\":\"Graffitisuojapinnoite - Anti graffiti-pinnoite - versiegelung24.com\",\"isPartOf\":{\"@id\":\"https:\\\/\\\/www.versiegelung24.com\\\/fi\\\/#website\"},\"primaryImageOfPage\":{\"@id\":\"https:\\\/\\\/www.versiegelung24.com\\\/fi\\\/anti-graffiti-suojaava-pinnoite-erittaein-tehokas-julkisivutiiviste.html#primaryimage\"},\"image\":{\"@id\":\"https:\\\/\\\/www.versiegelung24.com\\\/fi\\\/anti-graffiti-suojaava-pinnoite-erittaein-tehokas-julkisivutiiviste.html#primaryimage\"},\"thumbnailUrl\":\"https:\\\/\\\/www.versiegelung24.com\\\/wp-content\\\/uploads\\\/2020\\\/04\\\/7626-anti-graffiti.webp\",\"datePublished\":\"2021-08-02T20:13:33+00:00\",\"dateModified\":\"2025-01-03T22:59:54+00:00\",\"description\":\"Anti-graffitipinnoite - Suojaa julkisivusi ei-toivotuilta graffiteilta - nyt Versiegelung24.com:ssa\",\"breadcrumb\":{\"@id\":\"https:\\\/\\\/www.versiegelung24.com\\\/fi\\\/anti-graffiti-suojaava-pinnoite-erittaein-tehokas-julkisivutiiviste.html#breadcrumb\"},\"inLanguage\":\"fi\",\"potentialAction\":[{\"@type\":\"ReadAction\",\"target\":[\"https:\\\/\\\/www.versiegelung24.com\\\/fi\\\/anti-graffiti-suojaava-pinnoite-erittaein-tehokas-julkisivutiiviste.html\"]}]},{\"@type\":\"ImageObject\",\"inLanguage\":\"fi\",\"@id\":\"https:\\\/\\\/www.versiegelung24.com\\\/fi\\\/anti-graffiti-suojaava-pinnoite-erittaein-tehokas-julkisivutiiviste.html#primaryimage\",\"url\":\"https:\\\/\\\/www.versiegelung24.com\\\/wp-content\\\/uploads\\\/2020\\\/04\\\/7626-anti-graffiti.webp\",\"contentUrl\":\"https:\\\/\\\/www.versiegelung24.com\\\/wp-content\\\/uploads\\\/2020\\\/04\\\/7626-anti-graffiti.webp\",\"width\":2560,\"height\":2560},{\"@type\":\"BreadcrumbList\",\"@id\":\"https:\\\/\\\/www.versiegelung24.com\\\/fi\\\/anti-graffiti-suojaava-pinnoite-erittaein-tehokas-julkisivutiiviste.html#breadcrumb\",\"itemListElement\":[{\"@type\":\"ListItem\",\"position\":1,\"name\":\"Kotisivu\",\"item\":\"https:\\\/\\\/www.versiegelung24.com\\\/fi\\\/etupuolella\\\/\"},{\"@type\":\"ListItem\",\"position\":2,\"name\":\"Myym\u00e4l\u00e4\",\"item\":\"https:\\\/\\\/www.versiegelung24.com\\\/fi\\\/myymala-2\\\/\"},{\"@type\":\"ListItem\",\"position\":3,\"name\":\"Graffitisuojapinnoite &#8211; Anti graffiti-pinnoite\"}]},{\"@type\":\"WebSite\",\"@id\":\"https:\\\/\\\/www.versiegelung24.com\\\/fi\\\/#website\",\"url\":\"https:\\\/\\\/www.versiegelung24.com\\\/fi\\\/\",\"name\":\"versiegelung24.com\",\"description\":\"Fl\u00fcssigglas-Versiegelung - Made in Germany\",\"publisher\":{\"@id\":\"https:\\\/\\\/www.versiegelung24.com\\\/fi\\\/#organization\"},\"potentialAction\":[{\"@type\":\"SearchAction\",\"target\":{\"@type\":\"EntryPoint\",\"urlTemplate\":\"https:\\\/\\\/www.versiegelung24.com\\\/fi\\\/?s={search_term_string}\"},\"query-input\":{\"@type\":\"PropertyValueSpecification\",\"valueRequired\":true,\"valueName\":\"search_term_string\"}}],\"inLanguage\":\"fi\"},{\"@type\":\"Organization\",\"@id\":\"https:\\\/\\\/www.versiegelung24.com\\\/fi\\\/#organization\",\"name\":\"versiegelung24\",\"url\":\"https:\\\/\\\/www.versiegelung24.com\\\/fi\\\/\",\"logo\":{\"@type\":\"ImageObject\",\"inLanguage\":\"fi\",\"@id\":\"https:\\\/\\\/www.versiegelung24.com\\\/fi\\\/#\\\/schema\\\/logo\\\/image\\\/\",\"url\":\"https:\\\/\\\/www.versiegelung24.com\\\/wp-content\\\/uploads\\\/2020\\\/04\\\/versiegelung24.png\",\"contentUrl\":\"https:\\\/\\\/www.versiegelung24.com\\\/wp-content\\\/uploads\\\/2020\\\/04\\\/versiegelung24.png\",\"width\":470,\"height\":102,\"caption\":\"versiegelung24\"},\"image\":{\"@id\":\"https:\\\/\\\/www.versiegelung24.com\\\/fi\\\/#\\\/schema\\\/logo\\\/image\\\/\"}}]}<\/script>\n<meta property=\"og:availability\" content=\"instock\" \/>\n<meta property=\"product:availability\" content=\"instock\" \/>\n<meta property=\"product:retailer_item_id\" content=\"9201-7626-5000\" \/>\n<meta property=\"product:condition\" content=\"new\" \/>\n<!-- \/ Yoast SEO Premium plugin. -->","yoast_head_json":{"title":"Graffitisuojapinnoite - Anti graffiti-pinnoite - versiegelung24.com","description":"Anti-graffitipinnoite - Suojaa julkisivusi ei-toivotuilta graffiteilta - nyt Versiegelung24.com:ssa","robots":{"index":"index","follow":"follow","max-snippet":"max-snippet:-1","max-image-preview":"max-image-preview:large","max-video-preview":"max-video-preview:-1"},"canonical":"https:\/\/www.versiegelung24.com\/fi\/anti-graffiti-suojaava-pinnoite-erittaein-tehokas-julkisivutiiviste.html","og_locale":"fi_FI","og_type":"article","og_title":"Graffitisuojapinnoite - Anti graffiti-pinnoite","og_description":"Anti-graffitipinnoite - Suojaa julkisivusi ei-toivotuilta graffiteilta - nyt Versiegelung24.com:ssa","og_url":"https:\/\/www.versiegelung24.com\/fi\/anti-graffiti-suojaava-pinnoite-erittaein-tehokas-julkisivutiiviste.html","og_site_name":"versiegelung24.com","article_modified_time":"2025-01-03T22:59:54+00:00","og_image":[{"width":2560,"height":2560,"url":"https:\/\/www.versiegelung24.com\/wp-content\/uploads\/2020\/04\/7626-anti-graffiti.webp","type":"image\/webp"}],"twitter_card":"summary_large_image","twitter_misc":{"Saatavuus":"Varastossa"},"schema":{"@context":"https:\/\/schema.org","@graph":[{"@type":"WebPage","@id":"https:\/\/www.versiegelung24.com\/fi\/anti-graffiti-suojaava-pinnoite-erittaein-tehokas-julkisivutiiviste.html","url":"https:\/\/www.versiegelung24.com\/fi\/anti-graffiti-suojaava-pinnoite-erittaein-tehokas-julkisivutiiviste.html","name":"Graffitisuojapinnoite - Anti graffiti-pinnoite - versiegelung24.com","isPartOf":{"@id":"https:\/\/www.versiegelung24.com\/fi\/#website"},"primaryImageOfPage":{"@id":"https:\/\/www.versiegelung24.com\/fi\/anti-graffiti-suojaava-pinnoite-erittaein-tehokas-julkisivutiiviste.html#primaryimage"},"image":{"@id":"https:\/\/www.versiegelung24.com\/fi\/anti-graffiti-suojaava-pinnoite-erittaein-tehokas-julkisivutiiviste.html#primaryimage"},"thumbnailUrl":"https:\/\/www.versiegelung24.com\/wp-content\/uploads\/2020\/04\/7626-anti-graffiti.webp","datePublished":"2021-08-02T20:13:33+00:00","dateModified":"2025-01-03T22:59:54+00:00","description":"Anti-graffitipinnoite - Suojaa julkisivusi ei-toivotuilta graffiteilta - nyt Versiegelung24.com:ssa","breadcrumb":{"@id":"https:\/\/www.versiegelung24.com\/fi\/anti-graffiti-suojaava-pinnoite-erittaein-tehokas-julkisivutiiviste.html#breadcrumb"},"inLanguage":"fi","potentialAction":[{"@type":"ReadAction","target":["https:\/\/www.versiegelung24.com\/fi\/anti-graffiti-suojaava-pinnoite-erittaein-tehokas-julkisivutiiviste.html"]}]},{"@type":"ImageObject","inLanguage":"fi","@id":"https:\/\/www.versiegelung24.com\/fi\/anti-graffiti-suojaava-pinnoite-erittaein-tehokas-julkisivutiiviste.html#primaryimage","url":"https:\/\/www.versiegelung24.com\/wp-content\/uploads\/2020\/04\/7626-anti-graffiti.webp","contentUrl":"https:\/\/www.versiegelung24.com\/wp-content\/uploads\/2020\/04\/7626-anti-graffiti.webp","width":2560,"height":2560},{"@type":"BreadcrumbList","@id":"https:\/\/www.versiegelung24.com\/fi\/anti-graffiti-suojaava-pinnoite-erittaein-tehokas-julkisivutiiviste.html#breadcrumb","itemListElement":[{"@type":"ListItem","position":1,"name":"Kotisivu","item":"https:\/\/www.versiegelung24.com\/fi\/etupuolella\/"},{"@type":"ListItem","position":2,"name":"Myym\u00e4l\u00e4","item":"https:\/\/www.versiegelung24.com\/fi\/myymala-2\/"},{"@type":"ListItem","position":3,"name":"Graffitisuojapinnoite &#8211; Anti graffiti-pinnoite"}]},{"@type":"WebSite","@id":"https:\/\/www.versiegelung24.com\/fi\/#website","url":"https:\/\/www.versiegelung24.com\/fi\/","name":"versiegelung24.com","description":"Fl\u00fcssigglas-Versiegelung - Made in Germany","publisher":{"@id":"https:\/\/www.versiegelung24.com\/fi\/#organization"},"potentialAction":[{"@type":"SearchAction","target":{"@type":"EntryPoint","urlTemplate":"https:\/\/www.versiegelung24.com\/fi\/?s={search_term_string}"},"query-input":{"@type":"PropertyValueSpecification","valueRequired":true,"valueName":"search_term_string"}}],"inLanguage":"fi"},{"@type":"Organization","@id":"https:\/\/www.versiegelung24.com\/fi\/#organization","name":"versiegelung24","url":"https:\/\/www.versiegelung24.com\/fi\/","logo":{"@type":"ImageObject","inLanguage":"fi","@id":"https:\/\/www.versiegelung24.com\/fi\/#\/schema\/logo\/image\/","url":"https:\/\/www.versiegelung24.com\/wp-content\/uploads\/2020\/04\/versiegelung24.png","contentUrl":"https:\/\/www.versiegelung24.com\/wp-content\/uploads\/2020\/04\/versiegelung24.png","width":470,"height":102,"caption":"versiegelung24"},"image":{"@id":"https:\/\/www.versiegelung24.com\/fi\/#\/schema\/logo\/image\/"}}]},"og_availability":"instock","product_availability":"instock","product_retailer_item_id":"9201-7626-5000","product_condition":"new"},"_links":{"self":[{"href":"https:\/\/www.versiegelung24.com\/fi\/wp-json\/wp\/v2\/product\/23957","targetHints":{"allow":["GET"]}}],"collection":[{"href":"https:\/\/www.versiegelung24.com\/fi\/wp-json\/wp\/v2\/product"}],"about":[{"href":"https:\/\/www.versiegelung24.com\/fi\/wp-json\/wp\/v2\/types\/product"}],"version-history":[{"count":51,"href":"https:\/\/www.versiegelung24.com\/fi\/wp-json\/wp\/v2\/product\/23957\/revisions"}],"predecessor-version":[{"id":174045,"href":"https:\/\/www.versiegelung24.com\/fi\/wp-json\/wp\/v2\/product\/23957\/revisions\/174045"}],"wp:featuredmedia":[{"embeddable":true,"href":"https:\/\/www.versiegelung24.com\/fi\/wp-json\/wp\/v2\/media\/169221"}],"wp:attachment":[{"href":"https:\/\/www.versiegelung24.com\/fi\/wp-json\/wp\/v2\/media?parent=23957"}],"wp:term":[{"taxonomy":"product_brand","embeddable":true,"href":"https:\/\/www.versiegelung24.com\/fi\/wp-json\/wp\/v2\/product_brand?post=23957"},{"taxonomy":"product_cat","embeddable":true,"href":"https:\/\/www.versiegelung24.com\/fi\/wp-json\/wp\/v2\/product_cat?post=23957"},{"taxonomy":"product_tag","embeddable":true,"href":"https:\/\/www.versiegelung24.com\/fi\/wp-json\/wp\/v2\/product_tag?post=23957"}],"curies":[{"name":"wp","href":"https:\/\/api.w.org\/{rel}","templated":true}]}}