{"id":23970,"date":"2020-04-04T18:53:46","date_gmt":"2020-04-04T16:53:46","guid":{"rendered":"https:\/\/www.versiegelung24.com\/produkt\/mikrokuituliina-10x10cm-ammattimaiseen-nestelasin-levitykseen"},"modified":"2025-01-06T15:09:23","modified_gmt":"2025-01-06T14:09:23","slug":"mikrokuituliina-10x10cm-ammattikayttoon-tarkoitettu-nestelasisovellus","status":"publish","type":"product","link":"https:\/\/www.versiegelung24.com\/fi\/mikrokuituliina-10x10cm-ammattikaeyttoeoen-tarkoitettu-nestelasisovellus.html","title":{"rendered":"Mikrokuituliina 10x10cm ammattimaiseen nestelasin levitykseen"},"content":{"rendered":"\n<p>Mikrokuituliina tiivistystuotteidemme levitt\u00e4miseen.<\/p>\n\n<p>Kankaan alhaisen imukyvyn vuoksi se sopii ihanteellisesti nestem\u00e4isen lasitekniikan k\u00e4ytt\u00f6\u00f6n.<\/p>\n\n<hr\/>\n\n<h4 class=\"wp-block-heading\" id=\"properties\">Tuotteen ominaisuudet<\/h4>\n\n<div class=\"wp-block-columns is-layout-flex wp-container-core-columns-is-layout-9d6595d7 wp-block-columns-is-layout-flex\">\n<div class=\"wp-block-column is-layout-flow wp-block-column-is-layout-flow\">\n<p>Koko: 10&#215;10 cm<\/p>\n\n\n\n<p>V\u00e4ri keltainen<\/p>\n<\/div>\n\n\n\n<div class=\"wp-block-column is-layout-flow wp-block-column-is-layout-flow\"><\/div>\n<\/div>\n\n<hr\/>\n\n<h4 class=\"wp-block-heading\" id=\"application\">Hakemus<\/h4>\n\n<p>Suosittelemme omaamme esipuhdistukseen tai my\u00f6hemp\u00e4\u00e4n kiillotukseen<a href=\"https:\/\/www.versiegelung24.com\/mikrofasertuch-30x30cm.html\"> imukykyiset mikrokuituliinat<\/a> .<\/p>\n","protected":false},"excerpt":{"rendered":"<p><strong>Mikrokuituliina nestem\u00e4isen lasitiivisteen kiinnitt\u00e4miseen.<\/strong><\/p>\n","protected":false},"featured_media":184410,"template":"","meta":{"_acf_changed":false,"neve_meta_sidebar":"","neve_meta_container":"","neve_meta_enable_content_width":"","neve_meta_content_width":0,"neve_meta_title_alignment":"","neve_meta_author_avatar":"","neve_post_elements_order":"","neve_meta_disable_header":"","neve_meta_disable_footer":"","neve_meta_disable_title":"","neve_meta_reading_time":"","_surfaces":[],"_ver_product_tabs":[],"footnotes":""},"product_brand":[],"product_cat":[2191,2207,2465,2468,2488,3072],"product_tag":[],"class_list":{"0":"post-23970","1":"product","2":"type-product","3":"status-publish","4":"has-post-thumbnail","6":"product_cat-lasin-ja-keramiikan-tiiviste","7":"product_cat-auton-tiivistys","8":"product_cat-metalli-ja-muovitiiviste","9":"product_cat-siivoustarvikkeet","10":"product_cat-yleinen-tiiviste","11":"product_cat-laitteet","13":"first","14":"instock","15":"taxable","16":"shipping-taxable","17":"purchasable","18":"product-type-simple"},"acf":[],"yoast_head":"<!-- This site is optimized with the Yoast SEO Premium plugin v22.8 (Yoast SEO v27.5) - https:\/\/yoast.com\/product\/yoast-seo-premium-wordpress\/ -->\n<title>Mikrokuituliina 10x10cm ammattimaiseen nestelasin levitykseen - versiegelung24.com<\/title>\n<meta name=\"robots\" content=\"index, follow, max-snippet:-1, max-image-preview:large, max-video-preview:-1\" \/>\n<link rel=\"canonical\" href=\"https:\/\/www.versiegelung24.com\/fi\/mikrokuituliina-10x10cm-ammattikaeyttoeoen-tarkoitettu-nestelasisovellus.html\" \/>\n<meta property=\"og:locale\" content=\"fi_FI\" \/>\n<meta property=\"og:type\" content=\"article\" \/>\n<meta property=\"og:title\" content=\"Mikrokuituliina 10x10cm ammattimaiseen nestelasin levitykseen\" \/>\n<meta property=\"og:description\" content=\"Mikrokuituliina nestem\u00e4isen lasitiivisteen kiinnitt\u00e4miseen.\" \/>\n<meta property=\"og:url\" content=\"https:\/\/www.versiegelung24.com\/fi\/mikrokuituliina-10x10cm-ammattikaeyttoeoen-tarkoitettu-nestelasisovellus.html\" \/>\n<meta property=\"og:site_name\" content=\"versiegelung24.com\" \/>\n<meta property=\"article:modified_time\" content=\"2025-01-06T14:09:23+00:00\" \/>\n<meta property=\"og:image\" content=\"https:\/\/www.versiegelung24.com\/wp-content\/uploads\/2020\/04\/mikrofasertuch-applikation-gelb.jpg\" \/>\n\t<meta property=\"og:image:width\" content=\"650\" \/>\n\t<meta property=\"og:image:height\" content=\"657\" \/>\n\t<meta property=\"og:image:type\" content=\"image\/jpeg\" \/>\n<meta name=\"twitter:card\" content=\"summary_large_image\" \/>\n<meta name=\"twitter:label1\" content=\"Hinta\" \/>\n\t<meta name=\"twitter:data1\" content=\"1,00&euro;\" \/>\n\t<meta name=\"twitter:label2\" content=\"Saatavuus\" \/>\n\t<meta name=\"twitter:data2\" content=\"Varastossa\" \/>\n<script type=\"application\/ld+json\" class=\"yoast-schema-graph\">{\"@context\":\"https:\\\/\\\/schema.org\",\"@graph\":[{\"@type\":\"WebPage\",\"@id\":\"https:\\\/\\\/www.versiegelung24.com\\\/fi\\\/mikrokuituliina-10x10cm-ammattikaeyttoeoen-tarkoitettu-nestelasisovellus.html\",\"url\":\"https:\\\/\\\/www.versiegelung24.com\\\/fi\\\/mikrokuituliina-10x10cm-ammattikaeyttoeoen-tarkoitettu-nestelasisovellus.html\",\"name\":\"Mikrokuituliina 10x10cm ammattimaiseen nestelasin levitykseen - versiegelung24.com\",\"isPartOf\":{\"@id\":\"https:\\\/\\\/www.versiegelung24.com\\\/fi\\\/#website\"},\"primaryImageOfPage\":{\"@id\":\"https:\\\/\\\/www.versiegelung24.com\\\/fi\\\/mikrokuituliina-10x10cm-ammattikaeyttoeoen-tarkoitettu-nestelasisovellus.html#primaryimage\"},\"image\":{\"@id\":\"https:\\\/\\\/www.versiegelung24.com\\\/fi\\\/mikrokuituliina-10x10cm-ammattikaeyttoeoen-tarkoitettu-nestelasisovellus.html#primaryimage\"},\"thumbnailUrl\":\"https:\\\/\\\/www.versiegelung24.com\\\/wp-content\\\/uploads\\\/2020\\\/04\\\/Apllikationstuecher-dreifarbig.webp\",\"datePublished\":\"2020-04-04T16:53:46+00:00\",\"dateModified\":\"2025-01-06T14:09:23+00:00\",\"breadcrumb\":{\"@id\":\"https:\\\/\\\/www.versiegelung24.com\\\/fi\\\/mikrokuituliina-10x10cm-ammattikaeyttoeoen-tarkoitettu-nestelasisovellus.html#breadcrumb\"},\"inLanguage\":\"fi\",\"potentialAction\":[{\"@type\":\"ReadAction\",\"target\":[\"https:\\\/\\\/www.versiegelung24.com\\\/fi\\\/mikrokuituliina-10x10cm-ammattikaeyttoeoen-tarkoitettu-nestelasisovellus.html\"]}]},{\"@type\":\"ImageObject\",\"inLanguage\":\"fi\",\"@id\":\"https:\\\/\\\/www.versiegelung24.com\\\/fi\\\/mikrokuituliina-10x10cm-ammattikaeyttoeoen-tarkoitettu-nestelasisovellus.html#primaryimage\",\"url\":\"https:\\\/\\\/www.versiegelung24.com\\\/wp-content\\\/uploads\\\/2020\\\/04\\\/Apllikationstuecher-dreifarbig.webp\",\"contentUrl\":\"https:\\\/\\\/www.versiegelung24.com\\\/wp-content\\\/uploads\\\/2020\\\/04\\\/Apllikationstuecher-dreifarbig.webp\",\"width\":1024,\"height\":1024},{\"@type\":\"BreadcrumbList\",\"@id\":\"https:\\\/\\\/www.versiegelung24.com\\\/fi\\\/mikrokuituliina-10x10cm-ammattikaeyttoeoen-tarkoitettu-nestelasisovellus.html#breadcrumb\",\"itemListElement\":[{\"@type\":\"ListItem\",\"position\":1,\"name\":\"Kotisivu\",\"item\":\"https:\\\/\\\/www.versiegelung24.com\\\/fi\\\/etupuolella\\\/\"},{\"@type\":\"ListItem\",\"position\":2,\"name\":\"Myym\u00e4l\u00e4\",\"item\":\"https:\\\/\\\/www.versiegelung24.com\\\/fi\\\/myymala-2\\\/\"},{\"@type\":\"ListItem\",\"position\":3,\"name\":\"Mikrokuituliina 10x10cm ammattimaiseen nestelasin levitykseen\"}]},{\"@type\":\"WebSite\",\"@id\":\"https:\\\/\\\/www.versiegelung24.com\\\/fi\\\/#website\",\"url\":\"https:\\\/\\\/www.versiegelung24.com\\\/fi\\\/\",\"name\":\"versiegelung24.com\",\"description\":\"Fl\u00fcssigglas-Versiegelung - Made in Germany\",\"publisher\":{\"@id\":\"https:\\\/\\\/www.versiegelung24.com\\\/fi\\\/#organization\"},\"potentialAction\":[{\"@type\":\"SearchAction\",\"target\":{\"@type\":\"EntryPoint\",\"urlTemplate\":\"https:\\\/\\\/www.versiegelung24.com\\\/fi\\\/?s={search_term_string}\"},\"query-input\":{\"@type\":\"PropertyValueSpecification\",\"valueRequired\":true,\"valueName\":\"search_term_string\"}}],\"inLanguage\":\"fi\"},{\"@type\":\"Organization\",\"@id\":\"https:\\\/\\\/www.versiegelung24.com\\\/fi\\\/#organization\",\"name\":\"versiegelung24\",\"url\":\"https:\\\/\\\/www.versiegelung24.com\\\/fi\\\/\",\"logo\":{\"@type\":\"ImageObject\",\"inLanguage\":\"fi\",\"@id\":\"https:\\\/\\\/www.versiegelung24.com\\\/fi\\\/#\\\/schema\\\/logo\\\/image\\\/\",\"url\":\"https:\\\/\\\/www.versiegelung24.com\\\/wp-content\\\/uploads\\\/2020\\\/04\\\/versiegelung24.png\",\"contentUrl\":\"https:\\\/\\\/www.versiegelung24.com\\\/wp-content\\\/uploads\\\/2020\\\/04\\\/versiegelung24.png\",\"width\":470,\"height\":102,\"caption\":\"versiegelung24\"},\"image\":{\"@id\":\"https:\\\/\\\/www.versiegelung24.com\\\/fi\\\/#\\\/schema\\\/logo\\\/image\\\/\"}}]}<\/script>\n<meta property=\"product:price:amount\" content=\"1.00\" \/>\n<meta property=\"product:price:currency\" content=\"EUR\" \/>\n<meta property=\"og:availability\" content=\"instock\" \/>\n<meta property=\"product:availability\" content=\"instock\" \/>\n<meta property=\"product:retailer_item_id\" content=\"9003-1\" \/>\n<meta property=\"product:condition\" content=\"new\" \/>\n<!-- \/ Yoast SEO Premium plugin. -->","yoast_head_json":{"title":"Mikrokuituliina 10x10cm ammattimaiseen nestelasin levitykseen - versiegelung24.com","robots":{"index":"index","follow":"follow","max-snippet":"max-snippet:-1","max-image-preview":"max-image-preview:large","max-video-preview":"max-video-preview:-1"},"canonical":"https:\/\/www.versiegelung24.com\/fi\/mikrokuituliina-10x10cm-ammattikaeyttoeoen-tarkoitettu-nestelasisovellus.html","og_locale":"fi_FI","og_type":"article","og_title":"Mikrokuituliina 10x10cm ammattimaiseen nestelasin levitykseen","og_description":"Mikrokuituliina nestem\u00e4isen lasitiivisteen kiinnitt\u00e4miseen.","og_url":"https:\/\/www.versiegelung24.com\/fi\/mikrokuituliina-10x10cm-ammattikaeyttoeoen-tarkoitettu-nestelasisovellus.html","og_site_name":"versiegelung24.com","article_modified_time":"2025-01-06T14:09:23+00:00","og_image":[{"width":650,"height":657,"url":"https:\/\/www.versiegelung24.com\/wp-content\/uploads\/2020\/04\/mikrofasertuch-applikation-gelb.jpg","type":"image\/jpeg"}],"twitter_card":"summary_large_image","twitter_misc":{"Hinta":"1,00&euro;","Saatavuus":"Varastossa"},"schema":{"@context":"https:\/\/schema.org","@graph":[{"@type":"WebPage","@id":"https:\/\/www.versiegelung24.com\/fi\/mikrokuituliina-10x10cm-ammattikaeyttoeoen-tarkoitettu-nestelasisovellus.html","url":"https:\/\/www.versiegelung24.com\/fi\/mikrokuituliina-10x10cm-ammattikaeyttoeoen-tarkoitettu-nestelasisovellus.html","name":"Mikrokuituliina 10x10cm ammattimaiseen nestelasin levitykseen - versiegelung24.com","isPartOf":{"@id":"https:\/\/www.versiegelung24.com\/fi\/#website"},"primaryImageOfPage":{"@id":"https:\/\/www.versiegelung24.com\/fi\/mikrokuituliina-10x10cm-ammattikaeyttoeoen-tarkoitettu-nestelasisovellus.html#primaryimage"},"image":{"@id":"https:\/\/www.versiegelung24.com\/fi\/mikrokuituliina-10x10cm-ammattikaeyttoeoen-tarkoitettu-nestelasisovellus.html#primaryimage"},"thumbnailUrl":"https:\/\/www.versiegelung24.com\/wp-content\/uploads\/2020\/04\/Apllikationstuecher-dreifarbig.webp","datePublished":"2020-04-04T16:53:46+00:00","dateModified":"2025-01-06T14:09:23+00:00","breadcrumb":{"@id":"https:\/\/www.versiegelung24.com\/fi\/mikrokuituliina-10x10cm-ammattikaeyttoeoen-tarkoitettu-nestelasisovellus.html#breadcrumb"},"inLanguage":"fi","potentialAction":[{"@type":"ReadAction","target":["https:\/\/www.versiegelung24.com\/fi\/mikrokuituliina-10x10cm-ammattikaeyttoeoen-tarkoitettu-nestelasisovellus.html"]}]},{"@type":"ImageObject","inLanguage":"fi","@id":"https:\/\/www.versiegelung24.com\/fi\/mikrokuituliina-10x10cm-ammattikaeyttoeoen-tarkoitettu-nestelasisovellus.html#primaryimage","url":"https:\/\/www.versiegelung24.com\/wp-content\/uploads\/2020\/04\/Apllikationstuecher-dreifarbig.webp","contentUrl":"https:\/\/www.versiegelung24.com\/wp-content\/uploads\/2020\/04\/Apllikationstuecher-dreifarbig.webp","width":1024,"height":1024},{"@type":"BreadcrumbList","@id":"https:\/\/www.versiegelung24.com\/fi\/mikrokuituliina-10x10cm-ammattikaeyttoeoen-tarkoitettu-nestelasisovellus.html#breadcrumb","itemListElement":[{"@type":"ListItem","position":1,"name":"Kotisivu","item":"https:\/\/www.versiegelung24.com\/fi\/etupuolella\/"},{"@type":"ListItem","position":2,"name":"Myym\u00e4l\u00e4","item":"https:\/\/www.versiegelung24.com\/fi\/myymala-2\/"},{"@type":"ListItem","position":3,"name":"Mikrokuituliina 10x10cm ammattimaiseen nestelasin levitykseen"}]},{"@type":"WebSite","@id":"https:\/\/www.versiegelung24.com\/fi\/#website","url":"https:\/\/www.versiegelung24.com\/fi\/","name":"versiegelung24.com","description":"Fl\u00fcssigglas-Versiegelung - Made in Germany","publisher":{"@id":"https:\/\/www.versiegelung24.com\/fi\/#organization"},"potentialAction":[{"@type":"SearchAction","target":{"@type":"EntryPoint","urlTemplate":"https:\/\/www.versiegelung24.com\/fi\/?s={search_term_string}"},"query-input":{"@type":"PropertyValueSpecification","valueRequired":true,"valueName":"search_term_string"}}],"inLanguage":"fi"},{"@type":"Organization","@id":"https:\/\/www.versiegelung24.com\/fi\/#organization","name":"versiegelung24","url":"https:\/\/www.versiegelung24.com\/fi\/","logo":{"@type":"ImageObject","inLanguage":"fi","@id":"https:\/\/www.versiegelung24.com\/fi\/#\/schema\/logo\/image\/","url":"https:\/\/www.versiegelung24.com\/wp-content\/uploads\/2020\/04\/versiegelung24.png","contentUrl":"https:\/\/www.versiegelung24.com\/wp-content\/uploads\/2020\/04\/versiegelung24.png","width":470,"height":102,"caption":"versiegelung24"},"image":{"@id":"https:\/\/www.versiegelung24.com\/fi\/#\/schema\/logo\/image\/"}}]},"product_price_amount":"1.00","product_price_currency":"EUR","og_availability":"instock","product_availability":"instock","product_retailer_item_id":"9003-1","product_condition":"new"},"_links":{"self":[{"href":"https:\/\/www.versiegelung24.com\/fi\/wp-json\/wp\/v2\/product\/23970","targetHints":{"allow":["GET"]}}],"collection":[{"href":"https:\/\/www.versiegelung24.com\/fi\/wp-json\/wp\/v2\/product"}],"about":[{"href":"https:\/\/www.versiegelung24.com\/fi\/wp-json\/wp\/v2\/types\/product"}],"version-history":[{"count":12,"href":"https:\/\/www.versiegelung24.com\/fi\/wp-json\/wp\/v2\/product\/23970\/revisions"}],"predecessor-version":[{"id":180126,"href":"https:\/\/www.versiegelung24.com\/fi\/wp-json\/wp\/v2\/product\/23970\/revisions\/180126"}],"wp:featuredmedia":[{"embeddable":true,"href":"https:\/\/www.versiegelung24.com\/fi\/wp-json\/wp\/v2\/media\/184410"}],"wp:attachment":[{"href":"https:\/\/www.versiegelung24.com\/fi\/wp-json\/wp\/v2\/media?parent=23970"}],"wp:term":[{"taxonomy":"product_brand","embeddable":true,"href":"https:\/\/www.versiegelung24.com\/fi\/wp-json\/wp\/v2\/product_brand?post=23970"},{"taxonomy":"product_cat","embeddable":true,"href":"https:\/\/www.versiegelung24.com\/fi\/wp-json\/wp\/v2\/product_cat?post=23970"},{"taxonomy":"product_tag","embeddable":true,"href":"https:\/\/www.versiegelung24.com\/fi\/wp-json\/wp\/v2\/product_tag?post=23970"}],"curies":[{"name":"wp","href":"https:\/\/api.w.org\/{rel}","templated":true}]}}