{"id":23998,"date":"2020-04-04T18:53:45","date_gmt":"2021-08-02T20:17:29","guid":{"rendered":"https:\/\/www.versiegelung24.com\/produkt\/ensiluokkainen-tekstiili-ja-paperitiiviste-aarimmaisella-vedenkestavyydella"},"modified":"2025-01-03T23:54:11","modified_gmt":"2025-01-03T22:54:11","slug":"ensiluokkainen-tekstiili-ja-paperi-tiivistys-aarimmaisella-vedenkestavyydella","status":"publish","type":"product","link":"https:\/\/www.versiegelung24.com\/fi\/ensiluokkainen-tekstiili-ja-paperi-tiivistys-aeaerimmaeisellae-vedenkestaevyydellae.html","title":{"rendered":"Dura Tex &#8211; Ensiluokkainen tekstiilitiiviste, jolla on \u00e4\u00e4rimm\u00e4inen vedenpit\u00e4vyys"},"content":{"rendered":"\n<p><strong>Eritt\u00e4in tehokas korkealaatuinen tekstiilitiiviste, jolla on \u00e4\u00e4rimm\u00e4inen vedenpit\u00e4vyys, sis\u00e4- ja ulkotiloihin.<\/strong><\/p>\n\n<p>Ammattimainen laatu &#8211; valmistettu Saksassa<\/p>\n\n<p>Tuotenumero: 6002-7689<\/p>\n\n<p><strong>V24 Dura Tex &#8211; Premium Textile Sealer<\/strong> suojaa l\u00e4hes kaikenlaista tekstiili\u00e4 ja paperia vedelt\u00e4, lialta ja tahroilta &#8211; ja pysyy itse n\u00e4kym\u00e4tt\u00f6miss\u00e4. Se ei vaikuta niiden ulkon\u00e4k\u00f6\u00f6n, hengitt\u00e4vyyteen, v\u00e4riin tai tuntumaan mill\u00e4\u00e4n tavalla ja on helppo hoitaa.<\/p>\n\n<p>Pinnoite on eritt\u00e4in vett\u00e4 hylkiv\u00e4 ulkokankaissa; n\u00e4in ne pysyv\u00e4t kuivina pidemp\u00e4\u00e4n. \u00d6ljy, kahvi ja muut tavalliset tahrat ovat menneisyytt\u00e4, jos tekstiilit on k\u00e4sitelty etuk\u00e4teen.<\/p>\n\n<hr\/>\n\n<h4 class=\"wp-block-heading\" id=\"properties\">Tuotteen ominaisuudet<\/h4>\n\n<div class=\"wp-block-columns is-layout-flex wp-container-core-columns-is-layout-9d6595d7 wp-block-columns-is-layout-flex\">\n<div class=\"wp-block-column is-layout-flow wp-block-column-is-layout-flow\">\n<ul class=\"wp-block-list\">\n<li>Eritt\u00e4in voimakas hydrofobinen ja oleofobinen vaikutus (veden ja \u00f6ljyn hylkivyys).<\/li>\n\n\n\n<li>Hankausta kest\u00e4v\u00e4, helposti puhdistettava vaikutus: kiinte\u00e4 kemiallinen sidos mahdollistaa erinomaisen kulutuksen ja pesukoneen kest\u00e4vyyden-pinnoite tarttuu kuituun, kunnes ulkoiset vaikutukset tuhoavat sen<\/li>\n\n\n\n<li>Ep\u00e4puhtaudet voidaan poistaa helposti kostealla liinalla<\/li>\n\n\n\n<li>Hengitt\u00e4v\u00e4<\/li>\n\n\n\n<li>N\u00e4kym\u00e4t\u00f6n (ulkon\u00e4k\u00f6 ja tuntuma eiv\u00e4t muutu)<\/li>\n\n\n\n<li>Vahvat tarttumattomat ominaisuudet<\/li>\n\n\n\n<li>Suoja tahroja vastaan<\/li>\n<\/ul>\n<\/div>\n\n\n\n<div class=\"wp-block-column is-layout-flow wp-block-column-is-layout-flow\">\n<ul class=\"wp-block-list\">\n<li>Lis\u00e4\u00e4 kulutuksenkest\u00e4vyytt\u00e4<\/li>\n\n\n\n<li>Ei ulkon\u00e4\u00f6n heikkenemist\u00e4<\/li>\n\n\n\n<li>SiO\u00b2 -nanotekniikka<\/li>\n\n\n\n<li>Kuitujen suojaaminen likahiukkasten tunkeutumiselta<\/li>\n\n\n\n<li>Yksinkertainen sovellus<\/li>\n\n\n\n<li>Pitk\u00e4 s\u00e4ilyvyys mekaanisesta rasituksesta riippuen<\/li>\n<\/ul>\n\n\n\n<p><br\/><br\/>Toimituksen sis\u00e4lt\u00f6: 1 x litran pullo 1 x tuotekuvaus<\/p>\n<\/div>\n<\/div>\n\n<hr\/>\n\n<h4 class=\"wp-block-heading\" id=\"application\">Hakemus<\/h4>\n\n<div class=\"wp-block-columns is-layout-flex wp-container-core-columns-is-layout-9d6595d7 wp-block-columns-is-layout-flex\">\n<div class=\"wp-block-column is-layout-flow wp-block-column-is-layout-flow\">\n<ul class=\"wp-block-list\">\n<li>vaatetus<\/li>\n\n\n\n<li>Ulkokankaat<\/li>\n\n\n\n<li>Kodintekstiilit (verhoilu, huonekalut, matot)<\/li>\n\n\n\n<li>Mokkanahka \/ nahka<\/li>\n\n\n\n<li>Paperipakkaus<\/li>\n<\/ul>\n\n\n\n<p>Kulutus riippuu suuresti pinnoitettavan materiaalin rakenteesta, imukyvyst\u00e4 ja paksuudesta, noin 10-50 m\u00b2 \/ litra (noin 10 ml \/ m\u00b2 \/ mm paksuus imukyvyst\u00e4 riippuen).<\/p>\n<\/div>\n\n\n\n<div class=\"wp-block-column is-layout-flow wp-block-column-is-layout-flow\">\n<p>Yksinkertainen sovellus:<\/p>\n\n\n\n<p>1. manuaalinen: levitys kostuttamalla tekstiili\u00e4 (ruiskuttamalla tai kastamalla)<\/p>\n\n\n\n<p>2. Teollinen: Sovellus kaupallisesti saatavissa j\u00e4rjestelmiss\u00e4<\/p>\n\n\n\n<p><br\/>T\u00e4m\u00e4 SiO2-pinnoite on t\u00e4ysin ristisilloitettu ja kovettunut 24 tunnin kuluttua. Helppo puhdistettavuus voidaan testata ensimm\u00e4isen kerran t\u00e4m\u00e4n kovettumisvaiheen j\u00e4lkeen.<\/p>\n<\/div>\n<\/div>\n","protected":false},"excerpt":{"rendered":"<p>\u2713 Hengitt\u00e4v\u00e4<\/p>\n<p>\u2713 Suojaa tahroilta<\/p>\n<p>\u2713 Eritt\u00e4in vett\u00e4 hylkiv\u00e4<\/p>\n<p>\u2713 Sis\u00e4- ja ulkok\u00e4ytt\u00f6\u00f6n<\/p>\n","protected":false},"featured_media":125321,"template":"","meta":{"_acf_changed":false,"neve_meta_sidebar":"","neve_meta_container":"","neve_meta_enable_content_width":"","neve_meta_content_width":0,"neve_meta_title_alignment":"","neve_meta_author_avatar":"","neve_post_elements_order":"","neve_meta_disable_header":"","neve_meta_disable_footer":"","neve_meta_disable_title":"","neve_meta_reading_time":"","_surfaces":[],"_ver_product_tabs":[],"footnotes":""},"product_brand":[],"product_cat":[2406],"product_tag":[],"class_list":{"0":"post-23998","1":"product","2":"type-product","3":"status-publish","4":"has-post-thumbnail","6":"product_cat-nahka-ja-tekstiilitiiviste","8":"first","9":"instock","10":"taxable","11":"shipping-taxable","12":"purchasable","13":"product-type-simple"},"acf":[],"yoast_head":"<!-- This site is optimized with the Yoast SEO Premium plugin v22.8 (Yoast SEO v27.4) - https:\/\/yoast.com\/product\/yoast-seo-premium-wordpress\/ -->\n<title>Dura Tex - Ensiluokkainen tekstiilitiiviste, jolla on \u00e4\u00e4rimm\u00e4inen vedenpit\u00e4vyys - versiegelung24.com<\/title>\n<meta name=\"robots\" content=\"index, follow, max-snippet:-1, max-image-preview:large, max-video-preview:-1\" \/>\n<link rel=\"canonical\" href=\"https:\/\/www.versiegelung24.com\/fi\/ensiluokkainen-tekstiili-ja-paperi-tiivistys-aeaerimmaeisellae-vedenkestaevyydellae.html\" \/>\n<meta property=\"og:locale\" content=\"fi_FI\" \/>\n<meta property=\"og:type\" content=\"article\" \/>\n<meta property=\"og:title\" content=\"Dura Tex - Ensiluokkainen tekstiilitiiviste, jolla on \u00e4\u00e4rimm\u00e4inen vedenpit\u00e4vyys\" \/>\n<meta property=\"og:description\" content=\"\u2713 Hengitt\u00e4v\u00e4 \u2713 Suojaa tahroilta \u2713 Eritt\u00e4in vett\u00e4 hylkiv\u00e4 \u2713 Sis\u00e4- ja ulkok\u00e4ytt\u00f6\u00f6n\" \/>\n<meta property=\"og:url\" content=\"https:\/\/www.versiegelung24.com\/fi\/ensiluokkainen-tekstiili-ja-paperi-tiivistys-aeaerimmaeisellae-vedenkestaevyydellae.html\" \/>\n<meta property=\"og:site_name\" content=\"versiegelung24.com\" \/>\n<meta property=\"article:modified_time\" content=\"2025-01-03T22:54:11+00:00\" \/>\n<meta property=\"og:image\" content=\"https:\/\/www.versiegelung24.com\/wp-content\/uploads\/2020\/04\/produkt-6002-7689-1000-dura-tex-Premium-Textil-Papierversiegelung-scaled.webp\" \/>\n\t<meta property=\"og:image:width\" content=\"2560\" \/>\n\t<meta property=\"og:image:height\" content=\"2560\" \/>\n\t<meta property=\"og:image:type\" content=\"image\/webp\" \/>\n<meta name=\"twitter:card\" content=\"summary_large_image\" \/>\n<meta name=\"twitter:label1\" content=\"Hinta\" \/>\n\t<meta name=\"twitter:data1\" content=\"89,99&euro;\" \/>\n\t<meta name=\"twitter:label2\" content=\"Saatavuus\" \/>\n\t<meta name=\"twitter:data2\" content=\"Varastossa\" \/>\n<script type=\"application\/ld+json\" class=\"yoast-schema-graph\">{\"@context\":\"https:\\\/\\\/schema.org\",\"@graph\":[{\"@type\":\"WebPage\",\"@id\":\"https:\\\/\\\/www.versiegelung24.com\\\/fi\\\/ensiluokkainen-tekstiili-ja-paperi-tiivistys-aeaerimmaeisellae-vedenkestaevyydellae.html\",\"url\":\"https:\\\/\\\/www.versiegelung24.com\\\/fi\\\/ensiluokkainen-tekstiili-ja-paperi-tiivistys-aeaerimmaeisellae-vedenkestaevyydellae.html\",\"name\":\"Dura Tex - Ensiluokkainen tekstiilitiiviste, jolla on \u00e4\u00e4rimm\u00e4inen vedenpit\u00e4vyys - versiegelung24.com\",\"isPartOf\":{\"@id\":\"https:\\\/\\\/www.versiegelung24.com\\\/fi\\\/#website\"},\"primaryImageOfPage\":{\"@id\":\"https:\\\/\\\/www.versiegelung24.com\\\/fi\\\/ensiluokkainen-tekstiili-ja-paperi-tiivistys-aeaerimmaeisellae-vedenkestaevyydellae.html#primaryimage\"},\"image\":{\"@id\":\"https:\\\/\\\/www.versiegelung24.com\\\/fi\\\/ensiluokkainen-tekstiili-ja-paperi-tiivistys-aeaerimmaeisellae-vedenkestaevyydellae.html#primaryimage\"},\"thumbnailUrl\":\"https:\\\/\\\/www.versiegelung24.com\\\/wp-content\\\/uploads\\\/2020\\\/04\\\/produkt-6002-7689-1000-dura-tex-Premium-Textil-Papierversiegelung-scaled.webp\",\"datePublished\":\"2021-08-02T20:17:29+00:00\",\"dateModified\":\"2025-01-03T22:54:11+00:00\",\"breadcrumb\":{\"@id\":\"https:\\\/\\\/www.versiegelung24.com\\\/fi\\\/ensiluokkainen-tekstiili-ja-paperi-tiivistys-aeaerimmaeisellae-vedenkestaevyydellae.html#breadcrumb\"},\"inLanguage\":\"fi\",\"potentialAction\":[{\"@type\":\"ReadAction\",\"target\":[\"https:\\\/\\\/www.versiegelung24.com\\\/fi\\\/ensiluokkainen-tekstiili-ja-paperi-tiivistys-aeaerimmaeisellae-vedenkestaevyydellae.html\"]}]},{\"@type\":\"ImageObject\",\"inLanguage\":\"fi\",\"@id\":\"https:\\\/\\\/www.versiegelung24.com\\\/fi\\\/ensiluokkainen-tekstiili-ja-paperi-tiivistys-aeaerimmaeisellae-vedenkestaevyydellae.html#primaryimage\",\"url\":\"https:\\\/\\\/www.versiegelung24.com\\\/wp-content\\\/uploads\\\/2020\\\/04\\\/produkt-6002-7689-1000-dura-tex-Premium-Textil-Papierversiegelung-scaled.webp\",\"contentUrl\":\"https:\\\/\\\/www.versiegelung24.com\\\/wp-content\\\/uploads\\\/2020\\\/04\\\/produkt-6002-7689-1000-dura-tex-Premium-Textil-Papierversiegelung-scaled.webp\",\"width\":2560,\"height\":2560},{\"@type\":\"BreadcrumbList\",\"@id\":\"https:\\\/\\\/www.versiegelung24.com\\\/fi\\\/ensiluokkainen-tekstiili-ja-paperi-tiivistys-aeaerimmaeisellae-vedenkestaevyydellae.html#breadcrumb\",\"itemListElement\":[{\"@type\":\"ListItem\",\"position\":1,\"name\":\"Kotisivu\",\"item\":\"https:\\\/\\\/www.versiegelung24.com\\\/fi\\\/etupuolella\\\/\"},{\"@type\":\"ListItem\",\"position\":2,\"name\":\"Myym\u00e4l\u00e4\",\"item\":\"https:\\\/\\\/www.versiegelung24.com\\\/fi\\\/myymala-2\\\/\"},{\"@type\":\"ListItem\",\"position\":3,\"name\":\"Dura Tex &#8211; Ensiluokkainen tekstiilitiiviste, jolla on \u00e4\u00e4rimm\u00e4inen vedenpit\u00e4vyys\"}]},{\"@type\":\"WebSite\",\"@id\":\"https:\\\/\\\/www.versiegelung24.com\\\/fi\\\/#website\",\"url\":\"https:\\\/\\\/www.versiegelung24.com\\\/fi\\\/\",\"name\":\"versiegelung24.com\",\"description\":\"Fl\u00fcssigglas-Versiegelung - Made in Germany\",\"publisher\":{\"@id\":\"https:\\\/\\\/www.versiegelung24.com\\\/fi\\\/#organization\"},\"potentialAction\":[{\"@type\":\"SearchAction\",\"target\":{\"@type\":\"EntryPoint\",\"urlTemplate\":\"https:\\\/\\\/www.versiegelung24.com\\\/fi\\\/?s={search_term_string}\"},\"query-input\":{\"@type\":\"PropertyValueSpecification\",\"valueRequired\":true,\"valueName\":\"search_term_string\"}}],\"inLanguage\":\"fi\"},{\"@type\":\"Organization\",\"@id\":\"https:\\\/\\\/www.versiegelung24.com\\\/fi\\\/#organization\",\"name\":\"versiegelung24\",\"url\":\"https:\\\/\\\/www.versiegelung24.com\\\/fi\\\/\",\"logo\":{\"@type\":\"ImageObject\",\"inLanguage\":\"fi\",\"@id\":\"https:\\\/\\\/www.versiegelung24.com\\\/fi\\\/#\\\/schema\\\/logo\\\/image\\\/\",\"url\":\"https:\\\/\\\/www.versiegelung24.com\\\/wp-content\\\/uploads\\\/2020\\\/04\\\/versiegelung24.png\",\"contentUrl\":\"https:\\\/\\\/www.versiegelung24.com\\\/wp-content\\\/uploads\\\/2020\\\/04\\\/versiegelung24.png\",\"width\":470,\"height\":102,\"caption\":\"versiegelung24\"},\"image\":{\"@id\":\"https:\\\/\\\/www.versiegelung24.com\\\/fi\\\/#\\\/schema\\\/logo\\\/image\\\/\"}}]}<\/script>\n<meta property=\"product:price:amount\" content=\"89.99\" \/>\n<meta property=\"product:price:currency\" content=\"EUR\" \/>\n<meta property=\"og:availability\" content=\"instock\" \/>\n<meta property=\"product:availability\" content=\"instock\" \/>\n<meta property=\"product:retailer_item_id\" content=\"6002-7689-1000\" \/>\n<meta property=\"product:condition\" content=\"new\" \/>\n<!-- \/ Yoast SEO Premium plugin. -->","yoast_head_json":{"title":"Dura Tex - Ensiluokkainen tekstiilitiiviste, jolla on \u00e4\u00e4rimm\u00e4inen vedenpit\u00e4vyys - versiegelung24.com","robots":{"index":"index","follow":"follow","max-snippet":"max-snippet:-1","max-image-preview":"max-image-preview:large","max-video-preview":"max-video-preview:-1"},"canonical":"https:\/\/www.versiegelung24.com\/fi\/ensiluokkainen-tekstiili-ja-paperi-tiivistys-aeaerimmaeisellae-vedenkestaevyydellae.html","og_locale":"fi_FI","og_type":"article","og_title":"Dura Tex - Ensiluokkainen tekstiilitiiviste, jolla on \u00e4\u00e4rimm\u00e4inen vedenpit\u00e4vyys","og_description":"\u2713 Hengitt\u00e4v\u00e4 \u2713 Suojaa tahroilta \u2713 Eritt\u00e4in vett\u00e4 hylkiv\u00e4 \u2713 Sis\u00e4- ja ulkok\u00e4ytt\u00f6\u00f6n","og_url":"https:\/\/www.versiegelung24.com\/fi\/ensiluokkainen-tekstiili-ja-paperi-tiivistys-aeaerimmaeisellae-vedenkestaevyydellae.html","og_site_name":"versiegelung24.com","article_modified_time":"2025-01-03T22:54:11+00:00","og_image":[{"width":2560,"height":2560,"url":"https:\/\/www.versiegelung24.com\/wp-content\/uploads\/2020\/04\/produkt-6002-7689-1000-dura-tex-Premium-Textil-Papierversiegelung-scaled.webp","type":"image\/webp"}],"twitter_card":"summary_large_image","twitter_misc":{"Hinta":"89,99&euro;","Saatavuus":"Varastossa"},"schema":{"@context":"https:\/\/schema.org","@graph":[{"@type":"WebPage","@id":"https:\/\/www.versiegelung24.com\/fi\/ensiluokkainen-tekstiili-ja-paperi-tiivistys-aeaerimmaeisellae-vedenkestaevyydellae.html","url":"https:\/\/www.versiegelung24.com\/fi\/ensiluokkainen-tekstiili-ja-paperi-tiivistys-aeaerimmaeisellae-vedenkestaevyydellae.html","name":"Dura Tex - Ensiluokkainen tekstiilitiiviste, jolla on \u00e4\u00e4rimm\u00e4inen vedenpit\u00e4vyys - versiegelung24.com","isPartOf":{"@id":"https:\/\/www.versiegelung24.com\/fi\/#website"},"primaryImageOfPage":{"@id":"https:\/\/www.versiegelung24.com\/fi\/ensiluokkainen-tekstiili-ja-paperi-tiivistys-aeaerimmaeisellae-vedenkestaevyydellae.html#primaryimage"},"image":{"@id":"https:\/\/www.versiegelung24.com\/fi\/ensiluokkainen-tekstiili-ja-paperi-tiivistys-aeaerimmaeisellae-vedenkestaevyydellae.html#primaryimage"},"thumbnailUrl":"https:\/\/www.versiegelung24.com\/wp-content\/uploads\/2020\/04\/produkt-6002-7689-1000-dura-tex-Premium-Textil-Papierversiegelung-scaled.webp","datePublished":"2021-08-02T20:17:29+00:00","dateModified":"2025-01-03T22:54:11+00:00","breadcrumb":{"@id":"https:\/\/www.versiegelung24.com\/fi\/ensiluokkainen-tekstiili-ja-paperi-tiivistys-aeaerimmaeisellae-vedenkestaevyydellae.html#breadcrumb"},"inLanguage":"fi","potentialAction":[{"@type":"ReadAction","target":["https:\/\/www.versiegelung24.com\/fi\/ensiluokkainen-tekstiili-ja-paperi-tiivistys-aeaerimmaeisellae-vedenkestaevyydellae.html"]}]},{"@type":"ImageObject","inLanguage":"fi","@id":"https:\/\/www.versiegelung24.com\/fi\/ensiluokkainen-tekstiili-ja-paperi-tiivistys-aeaerimmaeisellae-vedenkestaevyydellae.html#primaryimage","url":"https:\/\/www.versiegelung24.com\/wp-content\/uploads\/2020\/04\/produkt-6002-7689-1000-dura-tex-Premium-Textil-Papierversiegelung-scaled.webp","contentUrl":"https:\/\/www.versiegelung24.com\/wp-content\/uploads\/2020\/04\/produkt-6002-7689-1000-dura-tex-Premium-Textil-Papierversiegelung-scaled.webp","width":2560,"height":2560},{"@type":"BreadcrumbList","@id":"https:\/\/www.versiegelung24.com\/fi\/ensiluokkainen-tekstiili-ja-paperi-tiivistys-aeaerimmaeisellae-vedenkestaevyydellae.html#breadcrumb","itemListElement":[{"@type":"ListItem","position":1,"name":"Kotisivu","item":"https:\/\/www.versiegelung24.com\/fi\/etupuolella\/"},{"@type":"ListItem","position":2,"name":"Myym\u00e4l\u00e4","item":"https:\/\/www.versiegelung24.com\/fi\/myymala-2\/"},{"@type":"ListItem","position":3,"name":"Dura Tex &#8211; Ensiluokkainen tekstiilitiiviste, jolla on \u00e4\u00e4rimm\u00e4inen vedenpit\u00e4vyys"}]},{"@type":"WebSite","@id":"https:\/\/www.versiegelung24.com\/fi\/#website","url":"https:\/\/www.versiegelung24.com\/fi\/","name":"versiegelung24.com","description":"Fl\u00fcssigglas-Versiegelung - Made in Germany","publisher":{"@id":"https:\/\/www.versiegelung24.com\/fi\/#organization"},"potentialAction":[{"@type":"SearchAction","target":{"@type":"EntryPoint","urlTemplate":"https:\/\/www.versiegelung24.com\/fi\/?s={search_term_string}"},"query-input":{"@type":"PropertyValueSpecification","valueRequired":true,"valueName":"search_term_string"}}],"inLanguage":"fi"},{"@type":"Organization","@id":"https:\/\/www.versiegelung24.com\/fi\/#organization","name":"versiegelung24","url":"https:\/\/www.versiegelung24.com\/fi\/","logo":{"@type":"ImageObject","inLanguage":"fi","@id":"https:\/\/www.versiegelung24.com\/fi\/#\/schema\/logo\/image\/","url":"https:\/\/www.versiegelung24.com\/wp-content\/uploads\/2020\/04\/versiegelung24.png","contentUrl":"https:\/\/www.versiegelung24.com\/wp-content\/uploads\/2020\/04\/versiegelung24.png","width":470,"height":102,"caption":"versiegelung24"},"image":{"@id":"https:\/\/www.versiegelung24.com\/fi\/#\/schema\/logo\/image\/"}}]},"product_price_amount":"89.99","product_price_currency":"EUR","og_availability":"instock","product_availability":"instock","product_retailer_item_id":"6002-7689-1000","product_condition":"new"},"_links":{"self":[{"href":"https:\/\/www.versiegelung24.com\/fi\/wp-json\/wp\/v2\/product\/23998","targetHints":{"allow":["GET"]}}],"collection":[{"href":"https:\/\/www.versiegelung24.com\/fi\/wp-json\/wp\/v2\/product"}],"about":[{"href":"https:\/\/www.versiegelung24.com\/fi\/wp-json\/wp\/v2\/types\/product"}],"version-history":[{"count":13,"href":"https:\/\/www.versiegelung24.com\/fi\/wp-json\/wp\/v2\/product\/23998\/revisions"}],"predecessor-version":[{"id":177700,"href":"https:\/\/www.versiegelung24.com\/fi\/wp-json\/wp\/v2\/product\/23998\/revisions\/177700"}],"wp:featuredmedia":[{"embeddable":true,"href":"https:\/\/www.versiegelung24.com\/fi\/wp-json\/wp\/v2\/media\/125321"}],"wp:attachment":[{"href":"https:\/\/www.versiegelung24.com\/fi\/wp-json\/wp\/v2\/media?parent=23998"}],"wp:term":[{"taxonomy":"product_brand","embeddable":true,"href":"https:\/\/www.versiegelung24.com\/fi\/wp-json\/wp\/v2\/product_brand?post=23998"},{"taxonomy":"product_cat","embeddable":true,"href":"https:\/\/www.versiegelung24.com\/fi\/wp-json\/wp\/v2\/product_cat?post=23998"},{"taxonomy":"product_tag","embeddable":true,"href":"https:\/\/www.versiegelung24.com\/fi\/wp-json\/wp\/v2\/product_tag?post=23998"}],"curies":[{"name":"wp","href":"https:\/\/api.w.org\/{rel}","templated":true}]}}