{"id":24079,"date":"2020-04-27T21:49:59","date_gmt":"2021-08-02T20:23:07","guid":{"rendered":"https:\/\/www.versiegelung24.com\/produkt\/monumentti-kivi-korkean-suorituskyvyn-kivi-ja-betoni"},"modified":"2025-03-20T09:53:50","modified_gmt":"2025-03-20T08:53:50","slug":"monumentti-kivi-kivi-ja-betoni-tehokas-tiivistys","status":"publish","type":"product","link":"https:\/\/www.versiegelung24.com\/fi\/muistomerkki-kivi-kivi-ja-betoni-tiiviste.html","title":{"rendered":"Monument Stone &#8211; Kiven ja betonin nestem\u00e4inen lasitiiviste"},"content":{"rendered":"\n<p>Monument Stone -tiivistemme suojaa tehokkaasti ja pysyv\u00e4sti korkealaatuisia betonikivituotteita yleiselt\u00e4 veden, ruoan ja \u00f6ljyjen saastumiselta.<\/p>\n\n<hr \/>\n\n<h4 class=\"wp-block-heading\" id=\"properties\">Tuotteen ominaisuudet<\/h4>\n\n<div class=\"wp-block-columns is-layout-flex wp-container-core-columns-is-layout-9d6595d7 wp-block-columns-is-layout-flex\">\n<div class=\"wp-block-column is-layout-flow wp-block-column-is-layout-flow\">\n<p><strong>Tehokas tiivistys kivi- ja betonilohkotuotteille v\u00e4hent\u00e4m\u00e4\u00e4n yleist\u00e4 taipumusta likaantua vedell\u00e4, ruoalla ja \u00f6ljyll\u00e4<\/strong><\/p>\n\n\n\n<p>Tuotenumero: 3009-8637<\/p>\n\n\n\n<p>Korkealaatuinen Valmistettu Saksassa<\/p>\n\n\n\n<p><strong>tuoteturvallisuus<\/strong><\/p>\n\n\n\n<p>Tietoja tuotteen luokittelusta vaarallisia aineita koskevan asetuksen puitteissa, turvallisuustiedot sek\u00e4 toksikologiaa ja varastointia koskevat tiedot l\u00f6ytyv\u00e4t k\u00e4ytt\u00f6turvallisuustiedotteestamme.<\/p>\n\n\n\n<p><strong>varastointi<\/strong><\/p>\n\n\n\n<p>Asiaan liittyv\u00e4n k\u00e4ytt\u00f6turvallisuustiedotteen (MSDS) tietoja on noudatettava.<\/p>\n\n\n\n<p>V24 Monument Stone tulee varastoida kuivassa, hyvin ilmastoidussa ja viile\u00e4ss\u00e4 (20\u00b0C) paikassa. S\u00e4ilyt\u00e4\/s\u00e4ilyt\u00e4 vain tiiviisti suljetussa alkuper\u00e4ispakkauksessa. Suojaa suoralta auringonvalolta. Oikein s\u00e4ilytettyn\u00e4 v\u00e4himm\u00e4iss\u00e4ilyvyysaika on 12 kuukautta valmistusp\u00e4iv\u00e4st\u00e4.<\/p>\n\n\n\n<p>Pidempi s\u00e4ilytysaika ei v\u00e4ltt\u00e4m\u00e4tt\u00e4 tarkoita, ett\u00e4 tuote olisi k\u00e4ytt\u00f6kelvoton, mutta laadunvarmistuksen kannalta on syyt\u00e4 tarkistaa k\u00e4ytt\u00f6tarkoitukseensa toivotut ominaisuudet.<\/p>\n<\/div>\n\n\n\n<div class=\"wp-block-column is-layout-flow wp-block-column-is-layout-flow\">\n<p>\u2713 Vesipohjainen korkean suorituskyvyn kyll\u00e4stys<\/p>\n\n\n\n<p>\u2713 Tehoaa jopa 10 vuotta (olettaen, ett\u00e4 sit\u00e4 k\u00e4ytet\u00e4\u00e4n oikein).<\/p>\n\n\n\n<p>\u2713 Soveltuu erityisesti muistomerkkien pitk\u00e4aikaiseen suojaamiseen<\/p>\n\n\n\n<p>\u2713 eritt\u00e4in keskittynyt<\/p>\n\n\n\n<p>\u2713 Pitk\u00e4aikainen suojaus kemiallisen alustan sitomisen ansiosta<\/p>\n\n\n\n<p>\u2713 Alkalinkest\u00e4v\u00e4 pH 10-11 asti*<\/p>\n\n\n\n<p>\u2713 Tarttumaton vaikutus<\/p>\n\n\n\n<p>\u2713 Eritt\u00e4in \u00f6ljy\u00e4, vett\u00e4 ja likaa hylkiv\u00e4<\/p>\n\n\n\n<p>\u2713 Alkalinkest\u00e4v\u00e4<\/p>\n\n\n\n<p>\u2713 V\u00e4hentynyt kukinto<\/p>\n\n\n\n<p>\u2713 Minimoi lian kiinnittymisen<\/p>\n\n\n\n<p>\u2713 Lev\u00e4n ja sammalkasvun v\u00e4hent\u00e4minen<\/p>\n\n\n\n<p>\u2713 v\u00e4hent\u00e4\u00e4 uudelleen likaantumista<\/p>\n\n\n\n<p>\u2713 Avoinna h\u00f6yrydiffuusiolle<\/p>\n\n\n\n<p>\u2713 kuivuu nopeasti ja tarttumaton<\/p>\n\n\n\n<p>\u2713 Korkea UV-kest\u00e4vyys<\/p>\n\n\n\n<p>\u2713 K\u00e4ytt\u00f6valmis ratkaisu<\/p>\n\n\n\n<p>\u2713 n\u00e4kym\u00e4t\u00f6n<\/p>\n<\/div>\n<\/div>\n\n<hr \/>\n\n<h4 class=\"wp-block-heading\" id=\"application\">Hakemus<\/h4>\n\n<div class=\"wp-block-columns is-layout-flex wp-container-core-columns-is-layout-9d6595d7 wp-block-columns-is-layout-flex\">\n<div class=\"wp-block-column is-layout-flow wp-block-column-is-layout-flow\">\n<ul class=\"wp-block-list\">\n<li><strong>V24 Monument Stone &#8211; nestelasitiiviste<\/strong> levitet\u00e4\u00e4n laimentamattomana esipuhdistetulle ja kuivatulle pinnalle, koska vain n\u00e4in voidaan varmistaa tiivisteen syv\u00e4 tunkeutuminen, mik\u00e4 saa aikaan optimaalisen pitk\u00e4aikaisen ja syv\u00e4n vaikutuksen.<\/li>\n<\/ul>\n\n\n\n<ul class=\"wp-block-list\">\n<li>Tiiviste levitet\u00e4\u00e4n tasaisesti ja ohuesti alustalle, kunnes pinta n\u00e4ytt\u00e4\u00e4 mattakostealta.<\/li>\n<\/ul>\n\n\n\n<ul class=\"wp-block-list\">\n<li>Levitet\u00e4\u00e4n siveltimell\u00e4, vaahtomuovitelalla, mikrokuituliinalla tai ruiskuttamalla.<\/li>\n<\/ul>\n\n\n\n<ul class=\"wp-block-list\">\n<li>L\u00e4t\u00e4k\u00f6iden muodostumista tulee v\u00e4ltt\u00e4\u00e4. Ylim\u00e4\u00e4r\u00e4inen vedeneristysaine on poistettava alustalta.<\/li>\n<\/ul>\n<\/div>\n\n\n\n<div class=\"wp-block-column is-layout-flow wp-block-column-is-layout-flow\">\n<ul class=\"wp-block-list\">\n<li>Levityksen j\u00e4lkeen <strong>V24-monumenttikiven<\/strong> on pysytt\u00e4v\u00e4 kosketuksessa pinnan kanssa nestekalvona useita sekunteja.<\/li>\n<\/ul>\n\n\n\n<ul class=\"wp-block-list\">\n<li>T\u00e4ysi toimintakyky saavutetaan 48 tunnin kuivauksen j\u00e4lkeen huoneenl\u00e4mm\u00f6ss\u00e4. Syv\u00e4kuivaus voi my\u00f6s vaihdella alustasta riippuen.<\/li>\n<\/ul>\n\n\n\n<p>Yksityiskohtainen sovelluskuvaus l\u00f6ytyy tietolomakkeestamme<\/p>\n\n\n\n<p>Eritt\u00e4in tehokas nestem\u00e4isen lasin tiivistys monumentti &#8211; kivi- ja betonilohkotuotteisiin.<\/p>\n\n\n\n<p>\u2713 Betoni (esineet)<\/p>\n\n\n\n<p>\u2713 Kivi (artikkelit)<\/p>\n\n\n\n<p>\u2713 Laatta- ja katukivij\u00e4rjestelm\u00e4t<\/p>\n\n\n\n<p>\u2713 Muistomerkkikivet<\/p>\n<\/div>\n<\/div>\n","protected":false},"excerpt":{"rendered":"<p><strong>\u00d6ljy\u00e4, vett\u00e4 ja likaa hylkiv\u00e4 nestem\u00e4inen lasitiiviste kivi- ja betonipinnoille<\/strong><\/p>\n<p>\u2713 Pitk\u00e4aikainen suojaus kemiallisen alustan sitomisen ansiosta<\/p>\n<p>\u2713 Eritt\u00e4in \u00f6ljy\u00e4, vett\u00e4 ja likaa hylkiv\u00e4<\/p>\n<p>\u2713 Pitk\u00e4aikainen suoja muistokivill\u00e4<\/p>\n<p>\u2713 Lev\u00e4n ja sammalkasvun v\u00e4hent\u00e4minen<\/p>\n<p>\u2713 Tarttumaton vaikutus<\/p>\n","protected":false},"featured_media":18141,"template":"","meta":{"_acf_changed":false,"neve_meta_sidebar":"","neve_meta_container":"","neve_meta_enable_content_width":"","neve_meta_content_width":0,"neve_meta_title_alignment":"","neve_meta_author_avatar":"","neve_post_elements_order":"","neve_meta_disable_header":"","neve_meta_disable_footer":"","neve_meta_disable_title":"","neve_meta_reading_time":"","_surfaces":[],"_ver_product_tabs":[],"footnotes":""},"product_brand":[],"product_cat":[2467],"product_tag":[],"class_list":{"0":"post-24079","1":"product","2":"type-product","3":"status-publish","4":"has-post-thumbnail","6":"product_cat-kiven-ja-betonin-tiivistys","8":"first","9":"onbackorder","10":"taxable","11":"shipping-taxable","12":"purchasable","13":"product-type-simple"},"acf":[],"yoast_head":"<!-- This site is optimized with the Yoast SEO Premium plugin v22.8 (Yoast SEO v27.5) - https:\/\/yoast.com\/product\/yoast-seo-premium-wordpress\/ -->\n<title>Monument Stone - Kiven ja betonin nestem\u00e4inen lasitiiviste - versiegelung24.com<\/title>\n<meta name=\"robots\" content=\"index, follow, max-snippet:-1, max-image-preview:large, max-video-preview:-1\" \/>\n<link rel=\"canonical\" href=\"https:\/\/www.versiegelung24.com\/fi\/muistomerkki-kivi-kivi-ja-betoni-tiiviste.html\" \/>\n<meta property=\"og:locale\" content=\"fi_FI\" \/>\n<meta property=\"og:type\" content=\"article\" \/>\n<meta property=\"og:title\" content=\"Monument Stone - Kiven ja betonin nestem\u00e4inen lasitiiviste\" \/>\n<meta property=\"og:description\" content=\"\u00d6ljy\u00e4, vett\u00e4 ja likaa hylkiv\u00e4 nestem\u00e4inen lasitiiviste kivi- ja betonipinnoille \u2713 Pitk\u00e4aikainen suojaus kemiallisen alustan sitomisen ansiosta \u2713 Eritt\u00e4in \u00f6ljy\u00e4, vett\u00e4 ja likaa hylkiv\u00e4 \u2713 Pitk\u00e4aikainen suoja muistokivill\u00e4 \u2713 Lev\u00e4n ja sammalkasvun v\u00e4hent\u00e4minen \u2713 Tarttumaton vaikutus\" \/>\n<meta property=\"og:url\" content=\"https:\/\/www.versiegelung24.com\/fi\/muistomerkki-kivi-kivi-ja-betoni-tiiviste.html\" \/>\n<meta property=\"og:site_name\" content=\"versiegelung24.com\" \/>\n<meta property=\"article:modified_time\" content=\"2025-03-20T08:53:50+00:00\" \/>\n<meta property=\"og:image\" content=\"https:\/\/www.versiegelung24.com\/wp-content\/uploads\/2020\/06\/produkt-3009-7637-1000-Monument-Stone-scaled.jpg\" \/>\n\t<meta property=\"og:image:width\" content=\"2560\" \/>\n\t<meta property=\"og:image:height\" content=\"2560\" \/>\n\t<meta property=\"og:image:type\" content=\"image\/jpeg\" \/>\n<meta name=\"twitter:card\" content=\"summary_large_image\" \/>\n<meta name=\"twitter:label1\" content=\"Hinta\" \/>\n\t<meta name=\"twitter:data1\" content=\"89,99&euro;\" \/>\n\t<meta name=\"twitter:label2\" content=\"Saatavuus\" \/>\n\t<meta name=\"twitter:data2\" content=\"J\u00e4lkitoimituksessa\" \/>\n<script type=\"application\/ld+json\" class=\"yoast-schema-graph\">{\"@context\":\"https:\\\/\\\/schema.org\",\"@graph\":[{\"@type\":\"WebPage\",\"@id\":\"https:\\\/\\\/www.versiegelung24.com\\\/fi\\\/muistomerkki-kivi-kivi-ja-betoni-tiiviste.html\",\"url\":\"https:\\\/\\\/www.versiegelung24.com\\\/fi\\\/muistomerkki-kivi-kivi-ja-betoni-tiiviste.html\",\"name\":\"Monument Stone - Kiven ja betonin nestem\u00e4inen lasitiiviste - versiegelung24.com\",\"isPartOf\":{\"@id\":\"https:\\\/\\\/www.versiegelung24.com\\\/fi\\\/#website\"},\"primaryImageOfPage\":{\"@id\":\"https:\\\/\\\/www.versiegelung24.com\\\/fi\\\/muistomerkki-kivi-kivi-ja-betoni-tiiviste.html#primaryimage\"},\"image\":{\"@id\":\"https:\\\/\\\/www.versiegelung24.com\\\/fi\\\/muistomerkki-kivi-kivi-ja-betoni-tiiviste.html#primaryimage\"},\"thumbnailUrl\":\"https:\\\/\\\/www.versiegelung24.com\\\/wp-content\\\/uploads\\\/2020\\\/06\\\/produkt-3009-7637-1000-Monument-Stone-scaled.jpg\",\"datePublished\":\"2021-08-02T20:23:07+00:00\",\"dateModified\":\"2025-03-20T08:53:50+00:00\",\"breadcrumb\":{\"@id\":\"https:\\\/\\\/www.versiegelung24.com\\\/fi\\\/muistomerkki-kivi-kivi-ja-betoni-tiiviste.html#breadcrumb\"},\"inLanguage\":\"fi\",\"potentialAction\":[{\"@type\":\"ReadAction\",\"target\":[\"https:\\\/\\\/www.versiegelung24.com\\\/fi\\\/muistomerkki-kivi-kivi-ja-betoni-tiiviste.html\"]}]},{\"@type\":\"ImageObject\",\"inLanguage\":\"fi\",\"@id\":\"https:\\\/\\\/www.versiegelung24.com\\\/fi\\\/muistomerkki-kivi-kivi-ja-betoni-tiiviste.html#primaryimage\",\"url\":\"https:\\\/\\\/www.versiegelung24.com\\\/wp-content\\\/uploads\\\/2020\\\/06\\\/produkt-3009-7637-1000-Monument-Stone-scaled.jpg\",\"contentUrl\":\"https:\\\/\\\/www.versiegelung24.com\\\/wp-content\\\/uploads\\\/2020\\\/06\\\/produkt-3009-7637-1000-Monument-Stone-scaled.jpg\",\"width\":2560,\"height\":2560},{\"@type\":\"BreadcrumbList\",\"@id\":\"https:\\\/\\\/www.versiegelung24.com\\\/fi\\\/muistomerkki-kivi-kivi-ja-betoni-tiiviste.html#breadcrumb\",\"itemListElement\":[{\"@type\":\"ListItem\",\"position\":1,\"name\":\"Kotisivu\",\"item\":\"https:\\\/\\\/www.versiegelung24.com\\\/fi\\\/etupuolella\\\/\"},{\"@type\":\"ListItem\",\"position\":2,\"name\":\"Myym\u00e4l\u00e4\",\"item\":\"https:\\\/\\\/www.versiegelung24.com\\\/fi\\\/myymala-2\\\/\"},{\"@type\":\"ListItem\",\"position\":3,\"name\":\"Monument Stone &#8211; Kiven ja betonin nestem\u00e4inen lasitiiviste\"}]},{\"@type\":\"WebSite\",\"@id\":\"https:\\\/\\\/www.versiegelung24.com\\\/fi\\\/#website\",\"url\":\"https:\\\/\\\/www.versiegelung24.com\\\/fi\\\/\",\"name\":\"versiegelung24.com\",\"description\":\"Fl\u00fcssigglas-Versiegelung - Made in Germany\",\"publisher\":{\"@id\":\"https:\\\/\\\/www.versiegelung24.com\\\/fi\\\/#organization\"},\"potentialAction\":[{\"@type\":\"SearchAction\",\"target\":{\"@type\":\"EntryPoint\",\"urlTemplate\":\"https:\\\/\\\/www.versiegelung24.com\\\/fi\\\/?s={search_term_string}\"},\"query-input\":{\"@type\":\"PropertyValueSpecification\",\"valueRequired\":true,\"valueName\":\"search_term_string\"}}],\"inLanguage\":\"fi\"},{\"@type\":\"Organization\",\"@id\":\"https:\\\/\\\/www.versiegelung24.com\\\/fi\\\/#organization\",\"name\":\"versiegelung24\",\"url\":\"https:\\\/\\\/www.versiegelung24.com\\\/fi\\\/\",\"logo\":{\"@type\":\"ImageObject\",\"inLanguage\":\"fi\",\"@id\":\"https:\\\/\\\/www.versiegelung24.com\\\/fi\\\/#\\\/schema\\\/logo\\\/image\\\/\",\"url\":\"https:\\\/\\\/www.versiegelung24.com\\\/wp-content\\\/uploads\\\/2020\\\/04\\\/versiegelung24.png\",\"contentUrl\":\"https:\\\/\\\/www.versiegelung24.com\\\/wp-content\\\/uploads\\\/2020\\\/04\\\/versiegelung24.png\",\"width\":470,\"height\":102,\"caption\":\"versiegelung24\"},\"image\":{\"@id\":\"https:\\\/\\\/www.versiegelung24.com\\\/fi\\\/#\\\/schema\\\/logo\\\/image\\\/\"}}]}<\/script>\n<meta property=\"product:price:amount\" content=\"89.99\" \/>\n<meta property=\"product:price:currency\" content=\"EUR\" \/>\n<meta property=\"og:availability\" content=\"backorder\" \/>\n<meta property=\"product:availability\" content=\"available for order\" \/>\n<meta property=\"product:retailer_item_id\" content=\"3009-8637-1\" \/>\n<meta property=\"product:condition\" content=\"new\" \/>\n<!-- \/ Yoast SEO Premium plugin. -->","yoast_head_json":{"title":"Monument Stone - Kiven ja betonin nestem\u00e4inen lasitiiviste - versiegelung24.com","robots":{"index":"index","follow":"follow","max-snippet":"max-snippet:-1","max-image-preview":"max-image-preview:large","max-video-preview":"max-video-preview:-1"},"canonical":"https:\/\/www.versiegelung24.com\/fi\/muistomerkki-kivi-kivi-ja-betoni-tiiviste.html","og_locale":"fi_FI","og_type":"article","og_title":"Monument Stone - Kiven ja betonin nestem\u00e4inen lasitiiviste","og_description":"\u00d6ljy\u00e4, vett\u00e4 ja likaa hylkiv\u00e4 nestem\u00e4inen lasitiiviste kivi- ja betonipinnoille \u2713 Pitk\u00e4aikainen suojaus kemiallisen alustan sitomisen ansiosta \u2713 Eritt\u00e4in \u00f6ljy\u00e4, vett\u00e4 ja likaa hylkiv\u00e4 \u2713 Pitk\u00e4aikainen suoja muistokivill\u00e4 \u2713 Lev\u00e4n ja sammalkasvun v\u00e4hent\u00e4minen \u2713 Tarttumaton vaikutus","og_url":"https:\/\/www.versiegelung24.com\/fi\/muistomerkki-kivi-kivi-ja-betoni-tiiviste.html","og_site_name":"versiegelung24.com","article_modified_time":"2025-03-20T08:53:50+00:00","og_image":[{"width":2560,"height":2560,"url":"https:\/\/www.versiegelung24.com\/wp-content\/uploads\/2020\/06\/produkt-3009-7637-1000-Monument-Stone-scaled.jpg","type":"image\/jpeg"}],"twitter_card":"summary_large_image","twitter_misc":{"Hinta":"89,99&euro;","Saatavuus":"J\u00e4lkitoimituksessa"},"schema":{"@context":"https:\/\/schema.org","@graph":[{"@type":"WebPage","@id":"https:\/\/www.versiegelung24.com\/fi\/muistomerkki-kivi-kivi-ja-betoni-tiiviste.html","url":"https:\/\/www.versiegelung24.com\/fi\/muistomerkki-kivi-kivi-ja-betoni-tiiviste.html","name":"Monument Stone - Kiven ja betonin nestem\u00e4inen lasitiiviste - versiegelung24.com","isPartOf":{"@id":"https:\/\/www.versiegelung24.com\/fi\/#website"},"primaryImageOfPage":{"@id":"https:\/\/www.versiegelung24.com\/fi\/muistomerkki-kivi-kivi-ja-betoni-tiiviste.html#primaryimage"},"image":{"@id":"https:\/\/www.versiegelung24.com\/fi\/muistomerkki-kivi-kivi-ja-betoni-tiiviste.html#primaryimage"},"thumbnailUrl":"https:\/\/www.versiegelung24.com\/wp-content\/uploads\/2020\/06\/produkt-3009-7637-1000-Monument-Stone-scaled.jpg","datePublished":"2021-08-02T20:23:07+00:00","dateModified":"2025-03-20T08:53:50+00:00","breadcrumb":{"@id":"https:\/\/www.versiegelung24.com\/fi\/muistomerkki-kivi-kivi-ja-betoni-tiiviste.html#breadcrumb"},"inLanguage":"fi","potentialAction":[{"@type":"ReadAction","target":["https:\/\/www.versiegelung24.com\/fi\/muistomerkki-kivi-kivi-ja-betoni-tiiviste.html"]}]},{"@type":"ImageObject","inLanguage":"fi","@id":"https:\/\/www.versiegelung24.com\/fi\/muistomerkki-kivi-kivi-ja-betoni-tiiviste.html#primaryimage","url":"https:\/\/www.versiegelung24.com\/wp-content\/uploads\/2020\/06\/produkt-3009-7637-1000-Monument-Stone-scaled.jpg","contentUrl":"https:\/\/www.versiegelung24.com\/wp-content\/uploads\/2020\/06\/produkt-3009-7637-1000-Monument-Stone-scaled.jpg","width":2560,"height":2560},{"@type":"BreadcrumbList","@id":"https:\/\/www.versiegelung24.com\/fi\/muistomerkki-kivi-kivi-ja-betoni-tiiviste.html#breadcrumb","itemListElement":[{"@type":"ListItem","position":1,"name":"Kotisivu","item":"https:\/\/www.versiegelung24.com\/fi\/etupuolella\/"},{"@type":"ListItem","position":2,"name":"Myym\u00e4l\u00e4","item":"https:\/\/www.versiegelung24.com\/fi\/myymala-2\/"},{"@type":"ListItem","position":3,"name":"Monument Stone &#8211; Kiven ja betonin nestem\u00e4inen lasitiiviste"}]},{"@type":"WebSite","@id":"https:\/\/www.versiegelung24.com\/fi\/#website","url":"https:\/\/www.versiegelung24.com\/fi\/","name":"versiegelung24.com","description":"Fl\u00fcssigglas-Versiegelung - Made in Germany","publisher":{"@id":"https:\/\/www.versiegelung24.com\/fi\/#organization"},"potentialAction":[{"@type":"SearchAction","target":{"@type":"EntryPoint","urlTemplate":"https:\/\/www.versiegelung24.com\/fi\/?s={search_term_string}"},"query-input":{"@type":"PropertyValueSpecification","valueRequired":true,"valueName":"search_term_string"}}],"inLanguage":"fi"},{"@type":"Organization","@id":"https:\/\/www.versiegelung24.com\/fi\/#organization","name":"versiegelung24","url":"https:\/\/www.versiegelung24.com\/fi\/","logo":{"@type":"ImageObject","inLanguage":"fi","@id":"https:\/\/www.versiegelung24.com\/fi\/#\/schema\/logo\/image\/","url":"https:\/\/www.versiegelung24.com\/wp-content\/uploads\/2020\/04\/versiegelung24.png","contentUrl":"https:\/\/www.versiegelung24.com\/wp-content\/uploads\/2020\/04\/versiegelung24.png","width":470,"height":102,"caption":"versiegelung24"},"image":{"@id":"https:\/\/www.versiegelung24.com\/fi\/#\/schema\/logo\/image\/"}}]},"product_price_amount":"89.99","product_price_currency":"EUR","og_availability":"backorder","product_availability":"available for order","product_retailer_item_id":"3009-8637-1","product_condition":"new"},"_links":{"self":[{"href":"https:\/\/www.versiegelung24.com\/fi\/wp-json\/wp\/v2\/product\/24079","targetHints":{"allow":["GET"]}}],"collection":[{"href":"https:\/\/www.versiegelung24.com\/fi\/wp-json\/wp\/v2\/product"}],"about":[{"href":"https:\/\/www.versiegelung24.com\/fi\/wp-json\/wp\/v2\/types\/product"}],"version-history":[{"count":26,"href":"https:\/\/www.versiegelung24.com\/fi\/wp-json\/wp\/v2\/product\/24079\/revisions"}],"predecessor-version":[{"id":181039,"href":"https:\/\/www.versiegelung24.com\/fi\/wp-json\/wp\/v2\/product\/24079\/revisions\/181039"}],"wp:featuredmedia":[{"embeddable":true,"href":"https:\/\/www.versiegelung24.com\/fi\/wp-json\/wp\/v2\/media\/18141"}],"wp:attachment":[{"href":"https:\/\/www.versiegelung24.com\/fi\/wp-json\/wp\/v2\/media?parent=24079"}],"wp:term":[{"taxonomy":"product_brand","embeddable":true,"href":"https:\/\/www.versiegelung24.com\/fi\/wp-json\/wp\/v2\/product_brand?post=24079"},{"taxonomy":"product_cat","embeddable":true,"href":"https:\/\/www.versiegelung24.com\/fi\/wp-json\/wp\/v2\/product_cat?post=24079"},{"taxonomy":"product_tag","embeddable":true,"href":"https:\/\/www.versiegelung24.com\/fi\/wp-json\/wp\/v2\/product_tag?post=24079"}],"curies":[{"name":"wp","href":"https:\/\/api.w.org\/{rel}","templated":true}]}}