{"id":24615,"date":"2020-04-27T22:20:08","date_gmt":"2021-08-02T20:50:36","guid":{"rendered":"https:\/\/www.versiegelung24.com\/produkt\/wb-rapid-on-syvakiiltava-automaalitiiviste-ja-viimeistelylaite"},"modified":"2025-01-04T00:05:15","modified_gmt":"2025-01-03T23:05:15","slug":"wb-nopea-syva-kiilto-autolack-tiivistysviimeistelija","status":"publish","type":"product","link":"https:\/\/www.versiegelung24.com\/fi\/wb-nopea-syvae-kiilto-autolack-tiivistysviimeistelijae.html","title":{"rendered":"WB Rapid On &#8211; syv\u00e4kiilt\u00e4v\u00e4 automaalitiiviste ja viimeistelylaite"},"content":{"rendered":"\n<p><strong>WB Rapid On: Premium-syv\u00e4kiilt\u00e4v\u00e4 tiiviste ja viimeistelyaine, ihanteellinen auton maalipinnoille &#8211; &#8211; <\/strong><strong><em>vesiohenteinen &#8211; Rapid On<\/em><\/strong><\/p>\n\n<p>Soveltuu &#8220;viimeistelyksi&#8221;<a href=\"https:\/\/www.versiegelung24.com\/muster-permanent-protector\/\"> Permanent Protector huippuluokan keraaminen pinnoite<\/a> tai<a href=\"https:\/\/www.versiegelung24.com\/autolack-spezial-politur-versiegelung-2in1\/\"> Automaalien erikoislakat ja tiivisteet 2in1<\/a> .<\/p>\n\n<p>Tuotenumero: 5002-7654<\/p>\n\n<p>Korkealaatuinen Valmistettu Saksassa<\/p>\n\n<p><strong>V24 WB Rapid On &#8211; syv\u00e4kiilt\u00e4v\u00e4 automaalitiiviste ja viimeistelylaite<\/strong> luo pinnalle eritt\u00e4in ohuen kerroksen miljardien pienien piimolekyylien s\u00e4hk\u00f6staattisen sidoksen kautta, mik\u00e4 on verrattavissa toisiinsa ja pinnan alle sitoutuvien pienten magneettien vaikutukseen. T\u00e4m\u00e4n seurauksena mikroskooppiset huokoset ja kapillaarit suljetaan ja likahiukkaset ja muut ep\u00e4puhtaudet eiv\u00e4t en\u00e4\u00e4 pysty tarttumaan nyt paljon tasaisempaan kerrokseen. T\u00e4m\u00e4 tekee pintojen puhdistamisesta paljon helpompaa (\u201dhelppo puhdistaa\u201d), vett\u00e4 hylkiv\u00e4n (hydrofobisen) ja kiilt\u00e4v\u00e4n.<\/p>\n\n<hr\/>\n\n<h4 class=\"wp-block-heading\" id=\"properties\">Tuotteen ominaisuudet<\/h4>\n\n<div class=\"wp-block-columns is-layout-flex wp-container-core-columns-is-layout-9d6595d7 wp-block-columns-is-layout-flex\">\n<div class=\"wp-block-column is-layout-flow wp-block-column-is-layout-flow\">\n<ul class=\"wp-block-list\">\n<li>Kiilt\u00e4v\u00e4 vaikutus<\/li>\n\n\n\n<li>Voidaan yhdist\u00e4\u00e4 syv\u00e4n kiillon viimeistelij\u00e4n\u00e4 pitk\u00e4aikaisille tiivisteillemme<\/li>\n\n\n\n<li>Erinomainen helposti puhdistettava vaikutus lian tarttumiseen, esim. Lintujen ulosteesta, hy\u00f6nteisist\u00e4 ja muista aggressiivisista tahroista, pinnat likaantuvat paljon hitaammin<\/li>\n\n\n\n<li>Voimakas hydrofobinen vaikutus (vett\u00e4 hylkiv\u00e4)<\/li>\n\n\n\n<li>SiO\u00b2 -nanotekniikka<\/li>\n\n\n\n<li>Vesipohjainen, liuotinvapaa ja hajuton<\/li>\n\n\n\n<li>Kemikaalinkest\u00e4v\u00e4 puhdistusaineille (pH 10 asti)<\/li>\n\n\n\n<li>Yksinkertainen sovellus<\/li>\n\n\n\n<li>Vakaampi yhteys kuin vaha- tai silikoni\u00f6ljypohjaiset valmisteet<\/li>\n\n\n\n<li>UV-kest\u00e4v\u00e4 \/ pakkasenkest\u00e4v\u00e4 \/ suolaveden kest\u00e4v\u00e4 \/ n\u00e4kym\u00e4t\u00f6n (kerroksen paksuus: 40-50nm)<\/li>\n\n\n\n<li>Kustannus-, ajan- ja energians\u00e4\u00e4st\u00f6 pidennetyill\u00e4 puhdistusjaksoilla<\/li>\n<\/ul>\n<\/div>\n\n\n\n<div class=\"wp-block-column is-layout-flow wp-block-column-is-layout-flow\">\n<ul id=\"block-cb512caf-6c3b-4dfc-8f82-809b2295b24e\" class=\"wp-block-list\">\n<li>Myrkyt\u00f6n ja palamaton<\/li>\n\n\n\n<li>Kestoaika: 3 &#8211; 6 kuukautta (k\u00e4yt\u00f6st\u00e4 riippuen)<\/li>\n\n\n\n<li>Silkkisen sile\u00e4 pinta, eritt\u00e4in hyv\u00e4 tunne<\/li>\n\n\n\n<li>Kest\u00e4\u00e4 l\u00e4hes kaikkia happoja, liuottimia ja em\u00e4ksisi\u00e4 puhdistusaineita<\/li>\n\n\n\n<li>Paljon vakaampi kuin vahat tai silikoni\u00f6ljypohjaiset tuotteet<\/li>\n\n\n\n<li>Helposti biohajoava (OECD: n kriteerien mukaan)<\/li>\n\n\n\n<li>Korkea kulutuskest\u00e4vyys tuulen aiheuttamia hiukkasia vastaan<\/li>\n\n\n\n<li>L\u00e4mm\u00f6nkest\u00e4v\u00e4 -40 &#8211; + 200 \u00b0 C<\/li>\n\n\n\n<li>ph-kest\u00e4v\u00e4 1-10<\/li>\n\n\n\n<li>Ei sytotoksinen ISO 10993-5 + 12 mukaan<\/li>\n\n\n\n<li>Tiheys noin 1,00 g \/ cm\u00b3<\/li>\n\n\n\n<li>Kerroksen paksuus: noin 40-50nm<\/li>\n\n\n\n<li>VOC -vapaa (ei vaarallisia aineita)<\/li>\n\n\n\n<li>Vahvat tarttumattomat ominaisuudet (pinnat likaantuvat paljon hitaammin)<\/li>\n<\/ul>\n<\/div>\n<\/div>\n\n<div class=\"wp-block-columns is-layout-flex wp-container-core-columns-is-layout-9d6595d7 wp-block-columns-is-layout-flex\">\n<div class=\"wp-block-column is-layout-flow wp-block-column-is-layout-flow\">\n<p><br\/><br\/><br\/><br\/><br\/><br\/>L<strong>yhyet ominaisuudet<\/strong> K\u00e4ytt\u00f6l\u00e4mp\u00f6tila: 0 &#8211; 45\u00b0C m\u00b2 litraa kohti: 100m\u00b2 Tiivisteen s\u00e4ilyvyysaika: 3-6 kuukautta Nesteen s\u00e4ilyvyysaika: enint\u00e4\u00e4n 1 vuosi Varastointil\u00e4mp\u00f6tila: 0 &#8211; 30\u00b0C (auringonvalolta suojattuna) Kovettumisaika: 5 minuuttia, pinta voidaan k\u00e4ytt\u00e4\u00e4 v\u00e4litt\u00f6m\u00e4sti.<\/p>\n\n\n\n<p><br\/><br\/>T<strong>oimituksen sis\u00e4lt\u00f6<\/strong>: 1 x litran pullo 1 x tuotekuvaus<\/p>\n<\/div>\n\n\n\n<div class=\"wp-block-column is-layout-flow wp-block-column-is-layout-flow\">\n<p><br\/><br\/><br\/><br\/>T<strong>estit<\/strong> SMI-testi Sandwich-korroosiotesti ASTM F 1110:n mukaan Akryylien halkeilutesti ASTM F 484:n mukaan C-tyypin maalin pehmenemiskoe ASTM F 502:n mukaan Vetyhaurastumistesti ASTM F 519-93:n mukaan.<\/p>\n\n\n\n<p><br\/>Boeingin sertifioima DuPont\u2122 Marine Finishes:<strong>WB Rapid On &#8211; Deep Gloss Sealer &amp; Finisher<\/strong> on testattu DuPont\u2122 Marine Finishes Topgloss SF:n ja DP6940 Imron\u00ae Super Flow HS Clear Coatin kanssa. Mit\u00e4\u00e4n negatiivista vaikutusta pinnoitteisiin ei havaittu.<\/p>\n\n\n\n<p>Tullitariffinumero: 3402 9090, ei vaarallisia aineita (NDG)<\/p>\n<\/div>\n<\/div>\n\n<hr\/>\n\n<h4 class=\"wp-block-heading\" id=\"application\">Hakemus<\/h4>\n\n<p><strong>V24 WB Rapid On &#8211; syv\u00e4kiilt\u00e4v\u00e4 automaalitiiviste ja viimeistelylaite<\/strong> voidaan soveltaa optimaalisesti<strong> :<\/strong><\/p>\n\n<p><br\/><br\/>&#8211; Automaalit (itsen\u00e4isen\u00e4 tiivisteen\u00e4 tai &#8220;viimeistelyn\u00e4&#8221; 640- ja 660-tiivisteidemme p\u00e4\u00e4ll\u00e4, yhdell\u00e4 litralla voi tiivist\u00e4\u00e4 noin 8-10 autoa) &#8211; Veneet &#8211; Kotitaloudessa, esim.<br\/><br\/><br\/><br\/><br\/><br\/><br\/>suihkukaapit, ikkunat ja ovenkarmit &#8211; ruostumattomasta ter\u00e4ksest\u00e4 valmistetut pinnat &#8211; maalatut ja metalliset pinnat &#8211; lasi &#8211; synteettiset materiaalit &#8211; kumi &#8211; kromi &#8211; visiirit (suksien ja moottoripy\u00f6rien visiirit, erityisesti jos liuotinpohjaisia tiivistysaineita halutaan v\u00e4ltt\u00e4\u00e4).<\/p>\n","protected":false},"excerpt":{"rendered":"<p><strong>Ensiluokkainen syv\u00e4kiiltoaine ja viimeistelyaine<\/strong><\/p>\n<p>\u2713 ihanteellinen autojen maaleille<\/p>\n<p><em>\u2713<\/em> <em>vesipohjainen &#8211; nopea<\/em><\/p>\n","protected":false},"featured_media":18386,"template":"","meta":{"_acf_changed":false,"neve_meta_sidebar":"","neve_meta_container":"","neve_meta_enable_content_width":"","neve_meta_content_width":0,"neve_meta_title_alignment":"","neve_meta_author_avatar":"","neve_post_elements_order":"","neve_meta_disable_header":"","neve_meta_disable_footer":"","neve_meta_disable_title":"","neve_meta_reading_time":"","_surfaces":[],"_ver_product_tabs":[],"footnotes":""},"product_brand":[],"product_cat":[2207],"product_tag":[],"class_list":{"0":"post-24615","1":"product","2":"type-product","3":"status-publish","4":"has-post-thumbnail","6":"product_cat-auton-tiivistys","8":"first","9":"instock","10":"taxable","11":"shipping-taxable","12":"purchasable","13":"product-type-simple"},"acf":[],"yoast_head":"<!-- This site is optimized with the Yoast SEO Premium plugin v22.8 (Yoast SEO v27.5) - https:\/\/yoast.com\/product\/yoast-seo-premium-wordpress\/ -->\n<title>WB Rapid On - syv\u00e4kiilt\u00e4v\u00e4 automaalitiiviste ja viimeistelylaite - versiegelung24.com<\/title>\n<meta name=\"robots\" content=\"index, follow, max-snippet:-1, max-image-preview:large, max-video-preview:-1\" \/>\n<link rel=\"canonical\" href=\"https:\/\/www.versiegelung24.com\/fi\/wb-nopea-syvae-kiilto-autolack-tiivistysviimeistelijae.html\" \/>\n<meta property=\"og:locale\" content=\"fi_FI\" \/>\n<meta property=\"og:type\" content=\"article\" \/>\n<meta property=\"og:title\" content=\"WB Rapid On - syv\u00e4kiilt\u00e4v\u00e4 automaalitiiviste ja viimeistelylaite\" \/>\n<meta property=\"og:description\" content=\"Ensiluokkainen syv\u00e4kiiltoaine ja viimeistelyaine \u2713 ihanteellinen autojen maaleille \u2713 vesipohjainen - nopea\" \/>\n<meta property=\"og:url\" content=\"https:\/\/www.versiegelung24.com\/fi\/wb-nopea-syvae-kiilto-autolack-tiivistysviimeistelijae.html\" \/>\n<meta property=\"og:site_name\" content=\"versiegelung24.com\" \/>\n<meta property=\"article:modified_time\" content=\"2025-01-03T23:05:15+00:00\" \/>\n<meta property=\"og:image\" content=\"https:\/\/www.versiegelung24.com\/wp-content\/uploads\/2020\/06\/produkt-5002-7654-1000-WB-Rapid-On-scaled.jpg\" \/>\n\t<meta property=\"og:image:width\" content=\"2560\" \/>\n\t<meta property=\"og:image:height\" content=\"2560\" \/>\n\t<meta property=\"og:image:type\" content=\"image\/jpeg\" \/>\n<meta name=\"twitter:card\" content=\"summary_large_image\" \/>\n<meta name=\"twitter:label1\" content=\"Hinta\" \/>\n\t<meta name=\"twitter:data1\" content=\"69,00&euro;\" \/>\n\t<meta name=\"twitter:label2\" content=\"Saatavuus\" \/>\n\t<meta name=\"twitter:data2\" content=\"Varastossa\" \/>\n<script type=\"application\/ld+json\" class=\"yoast-schema-graph\">{\"@context\":\"https:\\\/\\\/schema.org\",\"@graph\":[{\"@type\":\"WebPage\",\"@id\":\"https:\\\/\\\/www.versiegelung24.com\\\/fi\\\/wb-nopea-syvae-kiilto-autolack-tiivistysviimeistelijae.html\",\"url\":\"https:\\\/\\\/www.versiegelung24.com\\\/fi\\\/wb-nopea-syvae-kiilto-autolack-tiivistysviimeistelijae.html\",\"name\":\"WB Rapid On - syv\u00e4kiilt\u00e4v\u00e4 automaalitiiviste ja viimeistelylaite - versiegelung24.com\",\"isPartOf\":{\"@id\":\"https:\\\/\\\/www.versiegelung24.com\\\/fi\\\/#website\"},\"primaryImageOfPage\":{\"@id\":\"https:\\\/\\\/www.versiegelung24.com\\\/fi\\\/wb-nopea-syvae-kiilto-autolack-tiivistysviimeistelijae.html#primaryimage\"},\"image\":{\"@id\":\"https:\\\/\\\/www.versiegelung24.com\\\/fi\\\/wb-nopea-syvae-kiilto-autolack-tiivistysviimeistelijae.html#primaryimage\"},\"thumbnailUrl\":\"https:\\\/\\\/www.versiegelung24.com\\\/wp-content\\\/uploads\\\/2020\\\/06\\\/produkt-5002-7654-1000-WB-Rapid-On-scaled.jpg\",\"datePublished\":\"2021-08-02T20:50:36+00:00\",\"dateModified\":\"2025-01-03T23:05:15+00:00\",\"breadcrumb\":{\"@id\":\"https:\\\/\\\/www.versiegelung24.com\\\/fi\\\/wb-nopea-syvae-kiilto-autolack-tiivistysviimeistelijae.html#breadcrumb\"},\"inLanguage\":\"fi\",\"potentialAction\":[{\"@type\":\"ReadAction\",\"target\":[\"https:\\\/\\\/www.versiegelung24.com\\\/fi\\\/wb-nopea-syvae-kiilto-autolack-tiivistysviimeistelijae.html\"]}]},{\"@type\":\"ImageObject\",\"inLanguage\":\"fi\",\"@id\":\"https:\\\/\\\/www.versiegelung24.com\\\/fi\\\/wb-nopea-syvae-kiilto-autolack-tiivistysviimeistelijae.html#primaryimage\",\"url\":\"https:\\\/\\\/www.versiegelung24.com\\\/wp-content\\\/uploads\\\/2020\\\/06\\\/produkt-5002-7654-1000-WB-Rapid-On-scaled.jpg\",\"contentUrl\":\"https:\\\/\\\/www.versiegelung24.com\\\/wp-content\\\/uploads\\\/2020\\\/06\\\/produkt-5002-7654-1000-WB-Rapid-On-scaled.jpg\",\"width\":2560,\"height\":2560},{\"@type\":\"BreadcrumbList\",\"@id\":\"https:\\\/\\\/www.versiegelung24.com\\\/fi\\\/wb-nopea-syvae-kiilto-autolack-tiivistysviimeistelijae.html#breadcrumb\",\"itemListElement\":[{\"@type\":\"ListItem\",\"position\":1,\"name\":\"Kotisivu\",\"item\":\"https:\\\/\\\/www.versiegelung24.com\\\/fi\\\/etupuolella\\\/\"},{\"@type\":\"ListItem\",\"position\":2,\"name\":\"Myym\u00e4l\u00e4\",\"item\":\"https:\\\/\\\/www.versiegelung24.com\\\/fi\\\/myymala-2\\\/\"},{\"@type\":\"ListItem\",\"position\":3,\"name\":\"WB Rapid On &#8211; syv\u00e4kiilt\u00e4v\u00e4 automaalitiiviste ja viimeistelylaite\"}]},{\"@type\":\"WebSite\",\"@id\":\"https:\\\/\\\/www.versiegelung24.com\\\/fi\\\/#website\",\"url\":\"https:\\\/\\\/www.versiegelung24.com\\\/fi\\\/\",\"name\":\"versiegelung24.com\",\"description\":\"Fl\u00fcssigglas-Versiegelung - Made in Germany\",\"publisher\":{\"@id\":\"https:\\\/\\\/www.versiegelung24.com\\\/fi\\\/#organization\"},\"potentialAction\":[{\"@type\":\"SearchAction\",\"target\":{\"@type\":\"EntryPoint\",\"urlTemplate\":\"https:\\\/\\\/www.versiegelung24.com\\\/fi\\\/?s={search_term_string}\"},\"query-input\":{\"@type\":\"PropertyValueSpecification\",\"valueRequired\":true,\"valueName\":\"search_term_string\"}}],\"inLanguage\":\"fi\"},{\"@type\":\"Organization\",\"@id\":\"https:\\\/\\\/www.versiegelung24.com\\\/fi\\\/#organization\",\"name\":\"versiegelung24\",\"url\":\"https:\\\/\\\/www.versiegelung24.com\\\/fi\\\/\",\"logo\":{\"@type\":\"ImageObject\",\"inLanguage\":\"fi\",\"@id\":\"https:\\\/\\\/www.versiegelung24.com\\\/fi\\\/#\\\/schema\\\/logo\\\/image\\\/\",\"url\":\"https:\\\/\\\/www.versiegelung24.com\\\/wp-content\\\/uploads\\\/2020\\\/04\\\/versiegelung24.png\",\"contentUrl\":\"https:\\\/\\\/www.versiegelung24.com\\\/wp-content\\\/uploads\\\/2020\\\/04\\\/versiegelung24.png\",\"width\":470,\"height\":102,\"caption\":\"versiegelung24\"},\"image\":{\"@id\":\"https:\\\/\\\/www.versiegelung24.com\\\/fi\\\/#\\\/schema\\\/logo\\\/image\\\/\"}}]}<\/script>\n<meta property=\"product:price:amount\" content=\"69.00\" \/>\n<meta property=\"product:price:currency\" content=\"EUR\" \/>\n<meta property=\"og:availability\" content=\"instock\" \/>\n<meta property=\"product:availability\" content=\"instock\" \/>\n<meta property=\"product:retailer_item_id\" content=\"5002-7654-1000\" \/>\n<meta property=\"product:condition\" content=\"new\" \/>\n<!-- \/ Yoast SEO Premium plugin. -->","yoast_head_json":{"title":"WB Rapid On - syv\u00e4kiilt\u00e4v\u00e4 automaalitiiviste ja viimeistelylaite - versiegelung24.com","robots":{"index":"index","follow":"follow","max-snippet":"max-snippet:-1","max-image-preview":"max-image-preview:large","max-video-preview":"max-video-preview:-1"},"canonical":"https:\/\/www.versiegelung24.com\/fi\/wb-nopea-syvae-kiilto-autolack-tiivistysviimeistelijae.html","og_locale":"fi_FI","og_type":"article","og_title":"WB Rapid On - syv\u00e4kiilt\u00e4v\u00e4 automaalitiiviste ja viimeistelylaite","og_description":"Ensiluokkainen syv\u00e4kiiltoaine ja viimeistelyaine \u2713 ihanteellinen autojen maaleille \u2713 vesipohjainen - nopea","og_url":"https:\/\/www.versiegelung24.com\/fi\/wb-nopea-syvae-kiilto-autolack-tiivistysviimeistelijae.html","og_site_name":"versiegelung24.com","article_modified_time":"2025-01-03T23:05:15+00:00","og_image":[{"width":2560,"height":2560,"url":"https:\/\/www.versiegelung24.com\/wp-content\/uploads\/2020\/06\/produkt-5002-7654-1000-WB-Rapid-On-scaled.jpg","type":"image\/jpeg"}],"twitter_card":"summary_large_image","twitter_misc":{"Hinta":"69,00&euro;","Saatavuus":"Varastossa"},"schema":{"@context":"https:\/\/schema.org","@graph":[{"@type":"WebPage","@id":"https:\/\/www.versiegelung24.com\/fi\/wb-nopea-syvae-kiilto-autolack-tiivistysviimeistelijae.html","url":"https:\/\/www.versiegelung24.com\/fi\/wb-nopea-syvae-kiilto-autolack-tiivistysviimeistelijae.html","name":"WB Rapid On - syv\u00e4kiilt\u00e4v\u00e4 automaalitiiviste ja viimeistelylaite - versiegelung24.com","isPartOf":{"@id":"https:\/\/www.versiegelung24.com\/fi\/#website"},"primaryImageOfPage":{"@id":"https:\/\/www.versiegelung24.com\/fi\/wb-nopea-syvae-kiilto-autolack-tiivistysviimeistelijae.html#primaryimage"},"image":{"@id":"https:\/\/www.versiegelung24.com\/fi\/wb-nopea-syvae-kiilto-autolack-tiivistysviimeistelijae.html#primaryimage"},"thumbnailUrl":"https:\/\/www.versiegelung24.com\/wp-content\/uploads\/2020\/06\/produkt-5002-7654-1000-WB-Rapid-On-scaled.jpg","datePublished":"2021-08-02T20:50:36+00:00","dateModified":"2025-01-03T23:05:15+00:00","breadcrumb":{"@id":"https:\/\/www.versiegelung24.com\/fi\/wb-nopea-syvae-kiilto-autolack-tiivistysviimeistelijae.html#breadcrumb"},"inLanguage":"fi","potentialAction":[{"@type":"ReadAction","target":["https:\/\/www.versiegelung24.com\/fi\/wb-nopea-syvae-kiilto-autolack-tiivistysviimeistelijae.html"]}]},{"@type":"ImageObject","inLanguage":"fi","@id":"https:\/\/www.versiegelung24.com\/fi\/wb-nopea-syvae-kiilto-autolack-tiivistysviimeistelijae.html#primaryimage","url":"https:\/\/www.versiegelung24.com\/wp-content\/uploads\/2020\/06\/produkt-5002-7654-1000-WB-Rapid-On-scaled.jpg","contentUrl":"https:\/\/www.versiegelung24.com\/wp-content\/uploads\/2020\/06\/produkt-5002-7654-1000-WB-Rapid-On-scaled.jpg","width":2560,"height":2560},{"@type":"BreadcrumbList","@id":"https:\/\/www.versiegelung24.com\/fi\/wb-nopea-syvae-kiilto-autolack-tiivistysviimeistelijae.html#breadcrumb","itemListElement":[{"@type":"ListItem","position":1,"name":"Kotisivu","item":"https:\/\/www.versiegelung24.com\/fi\/etupuolella\/"},{"@type":"ListItem","position":2,"name":"Myym\u00e4l\u00e4","item":"https:\/\/www.versiegelung24.com\/fi\/myymala-2\/"},{"@type":"ListItem","position":3,"name":"WB Rapid On &#8211; syv\u00e4kiilt\u00e4v\u00e4 automaalitiiviste ja viimeistelylaite"}]},{"@type":"WebSite","@id":"https:\/\/www.versiegelung24.com\/fi\/#website","url":"https:\/\/www.versiegelung24.com\/fi\/","name":"versiegelung24.com","description":"Fl\u00fcssigglas-Versiegelung - Made in Germany","publisher":{"@id":"https:\/\/www.versiegelung24.com\/fi\/#organization"},"potentialAction":[{"@type":"SearchAction","target":{"@type":"EntryPoint","urlTemplate":"https:\/\/www.versiegelung24.com\/fi\/?s={search_term_string}"},"query-input":{"@type":"PropertyValueSpecification","valueRequired":true,"valueName":"search_term_string"}}],"inLanguage":"fi"},{"@type":"Organization","@id":"https:\/\/www.versiegelung24.com\/fi\/#organization","name":"versiegelung24","url":"https:\/\/www.versiegelung24.com\/fi\/","logo":{"@type":"ImageObject","inLanguage":"fi","@id":"https:\/\/www.versiegelung24.com\/fi\/#\/schema\/logo\/image\/","url":"https:\/\/www.versiegelung24.com\/wp-content\/uploads\/2020\/04\/versiegelung24.png","contentUrl":"https:\/\/www.versiegelung24.com\/wp-content\/uploads\/2020\/04\/versiegelung24.png","width":470,"height":102,"caption":"versiegelung24"},"image":{"@id":"https:\/\/www.versiegelung24.com\/fi\/#\/schema\/logo\/image\/"}}]},"product_price_amount":"69.00","product_price_currency":"EUR","og_availability":"instock","product_availability":"instock","product_retailer_item_id":"5002-7654-1000","product_condition":"new"},"_links":{"self":[{"href":"https:\/\/www.versiegelung24.com\/fi\/wp-json\/wp\/v2\/product\/24615","targetHints":{"allow":["GET"]}}],"collection":[{"href":"https:\/\/www.versiegelung24.com\/fi\/wp-json\/wp\/v2\/product"}],"about":[{"href":"https:\/\/www.versiegelung24.com\/fi\/wp-json\/wp\/v2\/types\/product"}],"version-history":[{"count":10,"href":"https:\/\/www.versiegelung24.com\/fi\/wp-json\/wp\/v2\/product\/24615\/revisions"}],"predecessor-version":[{"id":174291,"href":"https:\/\/www.versiegelung24.com\/fi\/wp-json\/wp\/v2\/product\/24615\/revisions\/174291"}],"wp:featuredmedia":[{"embeddable":true,"href":"https:\/\/www.versiegelung24.com\/fi\/wp-json\/wp\/v2\/media\/18386"}],"wp:attachment":[{"href":"https:\/\/www.versiegelung24.com\/fi\/wp-json\/wp\/v2\/media?parent=24615"}],"wp:term":[{"taxonomy":"product_brand","embeddable":true,"href":"https:\/\/www.versiegelung24.com\/fi\/wp-json\/wp\/v2\/product_brand?post=24615"},{"taxonomy":"product_cat","embeddable":true,"href":"https:\/\/www.versiegelung24.com\/fi\/wp-json\/wp\/v2\/product_cat?post=24615"},{"taxonomy":"product_tag","embeddable":true,"href":"https:\/\/www.versiegelung24.com\/fi\/wp-json\/wp\/v2\/product_tag?post=24615"}],"curies":[{"name":"wp","href":"https:\/\/api.w.org\/{rel}","templated":true}]}}