{"id":24673,"date":"2020-04-04T18:53:45","date_gmt":"2021-08-02T20:56:01","guid":{"rendered":"https:\/\/www.versiegelung24.com\/produkt\/ensiluokkainen-betoni-ja-kivitiiviste-aarimmaisen-vetta-hylkiva-ei-hengittava"},"modified":"2025-01-04T00:12:47","modified_gmt":"2025-01-03T23:12:47","slug":"premium-betoni-kivi-tiiviste-aarimmaisen-vetta-hylkiva-hengittava","status":"publish","type":"product","link":"https:\/\/www.versiegelung24.com\/fi\/premium-betoni-kivi-tiiviste-aeaerimmaeisen-vettae-hylkivae-hengittaevae.html","title":{"rendered":"Laadukas betoni- ja kivitiiviste v\u00e4risyvennyksell\u00e4 &#8211; ei hengitt\u00e4v\u00e4"},"content":{"rendered":"\n<p>Ensiluokkainen betoni- ja kivitiivisteemme suojaa tehokkaasti ja pysyv\u00e4sti pintoja ulkoisilta vaikutuksilta ja est\u00e4\u00e4 selv\u00e4sti \u00f6ljyn, rasvojen, kahvin ja punaviinin tunkeutumisen. Lis\u00e4ksi suojaava kirkas lakkapinnoite j\u00e4tt\u00e4\u00e4 v\u00e4ri\u00e4 tehostavan, kiilt\u00e4v\u00e4n kalvon, joka parantaa n\u00e4kyv\u00e4sti k\u00e4sitellyn pinnan.<\/p>\n\n<hr\/>\n\n<h4 class=\"wp-block-heading\" id=\"video\"><strong>Harjoittele videota &#8211; suojaa tehokkaasti puutarhassa olevia kivihahmoja ja kiviveistoksia ymp\u00e4rist\u00f6vaikutuksilta<\/strong><\/h4>\n\n<figure class=\"wp-block-embed aligncenter is-type-video is-provider-youtube wp-block-embed-youtube wp-embed-aspect-16-9 wp-has-aspect-ratio\"><div class=\"wp-block-embed__wrapper\"> \n<div class=\"nv-iframe-embed\"><iframe title=\"Steinfiguren &amp; Steinskulpturen wetterfest machen - Versiegelung \/ Impr\u00e4gnierung mit Farbvertiefung\" width=\"1200\" height=\"675\" src=\"https:\/\/www.youtube.com\/embed\/sSjv-OlqOgI?feature=oembed\" frameborder=\"0\" allow=\"accelerometer; autoplay; clipboard-write; encrypted-media; gyroscope; picture-in-picture\" allowfullscreen><\/iframe><\/div>\n <\/div><\/figure>\n\n<hr\/>\n\n<h4 class=\"wp-block-heading\" id=\"properties\">Tuotteen ominaisuudet<\/h4>\n\n<div class=\"wp-block-columns is-layout-flex wp-container-core-columns-is-layout-9d6595d7 wp-block-columns-is-layout-flex\">\n<div class=\"wp-block-column is-layout-flow wp-block-column-is-layout-flow\">\n<p>\u2713 Tehokas pysyv\u00e4 pintasuojaus vedelt\u00e4, lialta ja s\u00e4\u00e4lt\u00e4<\/p>\n\n\n\n<p>\u2713 est\u00e4\u00e4 sammalten, j\u00e4k\u00e4lien, sienien ja muiden luonnonvaikutusten kasvun<\/p>\n\n\n\n<p>\u2713 100% kiinte\u00e4\u00e4 ainetta sis\u00e4lt\u00e4v\u00e4 kirkas lakkapinnoite<\/p>\n\n\n\n<p>\u2713 korkea kulutuskest\u00e4vyys SiO\u00b2 -nanotekniikan ansiosta<\/p>\n\n\n\n<p>\u2713 k\u00e4sitellyt pinnat eiv\u00e4t ole hengitt\u00e4vi\u00e4<\/p>\n\n\n\n<p>\u2713 V\u00e4rin syvent\u00e4v\u00e4 vaikutus kiilt\u00e4v\u00e4ll\u00e4 kalvolla \/ pinnan korostaminen<\/p>\n\n\n\n<p>\u2713 eritt\u00e4in voimakas hydrofobisuus<\/p>\n\n\n\n<p>\u2713 \u00d6ljyn ja rasvojen, kahvin, punaviinin tunkeutumisen merkitt\u00e4v\u00e4 v\u00e4heneminen<\/p>\n\n\n\n<p>\u2713 Pakkasenkest\u00e4v\u00e4 (j\u00e4\u00e4 ja lumi eiv\u00e4t vahingoita sit\u00e4)<\/p>\n\n\n\n<p>\u2713 UV -kest\u00e4v\u00e4<\/p>\n\n\n\n<p>\u2713 Helposti puhdistettava vaikutus: lika<\/p>\n\n\n\n<p>\u2713 Kest\u00e4\u00e4 l\u00e4mp\u00f6tilaa 1 000 \u00b0C asti (lyhytaikainen altistus)<\/p>\n\n\n\n<p><\/p>\n\n\n\n<p><br\/>Toimituksen laajuus: 1 x litran pullo<\/p>\n<\/div>\n\n\n\n<div class=\"wp-block-column is-layout-flow wp-block-column-is-layout-flow\">\n<p><strong>Eritt\u00e4in tehokas, eritt\u00e4in vett\u00e4 hylkiv\u00e4, kulutusta kest\u00e4v\u00e4 nanopinnoite kaikille imukykyisille mineraalipinnoille.<\/strong><\/p>\n\n\n\n<p>Ei hengitt\u00e4v\u00e4<\/p>\n\n\n\n<p>Tuotenumero: 3008-704<\/p>\n\n\n\n<p>Korkealaatuinen Valmistettu Saksassa<\/p>\n\n\n\n<p><strong>tuoteturvallisuus<\/strong><\/p>\n\n\n\n<p>Tietoja tuotteen luokittelusta vaarallisia aineita koskevan asetuksen puitteissa, turvallisuustiedot sek\u00e4 toksikologiaa ja varastointia koskevat tiedot l\u00f6ytyv\u00e4t k\u00e4ytt\u00f6turvallisuustiedotteestamme.<\/p>\n\n\n\n<p>Kiinnit\u00e4 huomiota sopiviin suojavarusteisiin k\u00e4yt\u00f6n aikana. Suosittelemme tilatessasi sopivia hengityssuojaimia ja kumik\u00e4sineit\u00e4.<\/p>\n\n\n\n<p>Jos ainetta joutuu iholle, pese alueet huolellisesti saippualla ja vedell\u00e4.<\/p>\n\n\n\n<p><strong>varastointi<\/strong><\/p>\n\n\n\n<p>V24 Concrete and Stone Sealing Extreme voidaan s\u00e4ilytt\u00e4\u00e4 v\u00e4hint\u00e4\u00e4n 12 kuukautta alkuper\u00e4isess\u00e4 suljetussa astiassa +5 &#8211; + 25 \u00b0 C: n l\u00e4mp\u00f6tilassa.<\/p>\n\n\n\n<p>Avatut astiat tulee k\u00e4ytt\u00e4\u00e4 lyhyell\u00e4 varoitusajalla.<\/p>\n\n\n\n<p>Pidempi s\u00e4ilytysaika ei v\u00e4ltt\u00e4m\u00e4tt\u00e4 tarkoita, ett\u00e4 tuote olisi k\u00e4ytt\u00f6kelvoton, mutta laadunvarmistuksen kannalta on syyt\u00e4 tarkistaa k\u00e4ytt\u00f6tarkoitukseensa toivotut ominaisuudet.<\/p>\n<\/div>\n<\/div>\n\n<hr\/>\n\n<h4 class=\"wp-block-heading\" id=\"application\">Hakemus<\/h4>\n\n<div class=\"wp-block-columns is-layout-flex wp-container-core-columns-is-layout-9d6595d7 wp-block-columns-is-layout-flex\">\n<div class=\"wp-block-column is-layout-flow wp-block-column-is-layout-flow\">\n<ul class=\"wp-block-list\">\n<li><strong>V24 betonin ja kiven tiivistys \u00e4\u00e4rimm\u00e4inen<\/strong> toimitetaan k\u00e4ytt\u00f6valmiina ja levitet\u00e4\u00e4n laimentamattomana esipuhdistetulle ja kuivatulle pinnalle. Laimennus alkoholilla on mahdollista sovelluksesta riippuen.<\/li>\n<\/ul>\n\n\n\n<ul class=\"wp-block-list\">\n<li>Kaikkien k\u00e4sitelt\u00e4vien pintojen on oltava kuivia ja hyvin puhdistettavia, koska t\u00e4m\u00e4 on ainoa tapa varmistaa tiivisteen syv\u00e4 tunkeutuminen, jolla on optimaalinen pitk\u00e4aikainen ja syv\u00e4 vaikutus.<\/li>\n<\/ul>\n\n\n\n<ul class=\"wp-block-list\">\n<li>Soveltamisen j\u00e4lkeen <strong><strong>V24 Betonin ja kiven tiiviste extreme<\/strong><\/strong> on oltava kosketuksissa pinnan kanssa useita sekunteja nestem\u00e4isen\u00e4 kalvona.<\/li>\n<\/ul>\n\n\n\n<ul class=\"wp-block-list\">\n<li>Pinnoite on t\u00e4ysin silloitettu ja kovettu 24 tunnin kuluttua.<\/li>\n<\/ul>\n\n\n\n<p>Yksityiskohtainen sovelluskuvaus l\u00f6ytyy tietolomakkeestamme<\/p>\n<\/div>\n\n\n\n<div class=\"wp-block-column is-layout-flow wp-block-column-is-layout-flow\">\n<p>Suojaava kirkas lakkapinnoite kaikille mineraali-, imukykyisille betoni- ja kivipinnoille sis\u00e4ll\u00e4 ja ulkona.<\/p>\n\n\n\n<p>\u2713 Betoni (betonilohko, betonip\u00e4\u00e4llyste, portaat, autotallin ja ty\u00f6pajan lattiat, paljaat betonialueet &#8230;)<\/p>\n\n\n\n<p>\u2713 Kivi (luonnonkivi, kivilaatta, graniitti, kalkkihiekkakivi, liuskekivi, muuraus, ajotiet &#8230;)<\/p>\n\n\n\n<p><strong>T\u00e4rke\u00e4\u00e4:<\/strong> K\u00e4ytt\u00f6 on rajoitettua eritt\u00e4in kiillotetuille pinnoille, joiden imukyky on alhainen, koska optimaalinen liimaus ei tapahdu t\u00e4ss\u00e4. Pinta tulee tarvittaessa karhentaa etuk\u00e4teen (60-100 hiekkapaperia pinnasta riippuen) ja levitt\u00e4\u00e4 pohjamaalikerros (1\/3 alkoholia 2\/3 saumausainetta). Sitten noin 30 minuutin kuluttua laimentamaton tiivistys.<\/p>\n\n\n\n<p>Kulutus riippuu pinnan imukyvyst\u00e4 noin 10-40m\u00b2 \/ litra.<\/p>\n<\/div>\n<\/div>\n","protected":false},"excerpt":{"rendered":"<p><strong>Eritt\u00e4in vett\u00e4 hylkiv\u00e4 kirkas lakka sis\u00e4- ja ulkok\u00e4ytt\u00f6\u00f6n<\/strong>  <\/p>\n<p>\u2713 kaikille imukykyisille mineraalikivi- ja betonipinnoille<\/p>\n<p>\u2713 Helppo puhdistaa: lika ei tartu kiinni ja voidaan helposti poistaa<\/p>\n<p>\u2713 k\u00e4sitellyt pinnat eiv\u00e4t ole hengitt\u00e4vi\u00e4<\/p>\n<p>\u2713 Est\u00e4\u00e4 sammalen, j\u00e4k\u00e4l\u00e4n, sienten ja muiden luonnollisten vaikutusten kasvun<\/p>\n<p>\u2713 V\u00e4rin syvent\u00e4v\u00e4 vaikutus kiilt\u00e4v\u00e4ll\u00e4 kalvolla \/ pinnan korostaminen<\/p>\n<p>\u2713 S\u00e4ilyvyys: jopa 5 vuotta+<\/p>\n","protected":false},"featured_media":18100,"template":"","meta":{"_acf_changed":false,"neve_meta_sidebar":"","neve_meta_container":"","neve_meta_enable_content_width":"","neve_meta_content_width":0,"neve_meta_title_alignment":"","neve_meta_author_avatar":"","neve_post_elements_order":"","neve_meta_disable_header":"","neve_meta_disable_footer":"","neve_meta_disable_title":"","neve_meta_reading_time":"","_surfaces":[],"_ver_product_tabs":[],"footnotes":""},"product_brand":[],"product_cat":[2467],"product_tag":[],"class_list":{"0":"post-24673","1":"product","2":"type-product","3":"status-publish","4":"has-post-thumbnail","6":"product_cat-kiven-ja-betonin-tiivistys","7":"pa_gebinde-1000-ml-pullo","8":"pa_gebinde-20l-kanisteri","10":"first","11":"instock","12":"taxable","13":"shipping-taxable","14":"purchasable","15":"product-type-variable","16":"has-default-attributes"},"acf":[],"yoast_head":"<!-- This site is optimized with the Yoast SEO Premium plugin v22.8 (Yoast SEO v27.5) - https:\/\/yoast.com\/product\/yoast-seo-premium-wordpress\/ -->\n<title>Laadukas betoni- ja kivitiiviste v\u00e4risyvennyksell\u00e4 - versiegelung24<\/title>\n<meta name=\"description\" content=\"Laadukas betoni- ja kivitiivistys \u2013 lue lis\u00e4\u00e4 korkealuokkaisesta betoni- ja kivitiivistystamme nanoteknologialla ja v\u00e4rin syvent\u00e4misell\u00e4\" \/>\n<meta name=\"robots\" content=\"index, follow, max-snippet:-1, max-image-preview:large, max-video-preview:-1\" \/>\n<link rel=\"canonical\" href=\"https:\/\/www.versiegelung24.com\/fi\/premium-betoni-kivi-tiiviste-aeaerimmaeisen-vettae-hylkivae-hengittaevae.html\" \/>\n<meta property=\"og:locale\" content=\"fi_FI\" \/>\n<meta property=\"og:type\" content=\"article\" \/>\n<meta property=\"og:title\" content=\"Laadukas betoni- ja kivitiiviste v\u00e4risyvennyksell\u00e4 - ei hengitt\u00e4v\u00e4\" \/>\n<meta property=\"og:description\" content=\"Laadukas betoni- ja kivitiivistys \u2013 lue lis\u00e4\u00e4 korkealuokkaisesta betoni- ja kivitiivistystamme nanoteknologialla ja v\u00e4rin syvent\u00e4misell\u00e4\" \/>\n<meta property=\"og:url\" content=\"https:\/\/www.versiegelung24.com\/fi\/premium-betoni-kivi-tiiviste-aeaerimmaeisen-vettae-hylkivae-hengittaevae.html\" \/>\n<meta property=\"og:site_name\" content=\"versiegelung24.com\" \/>\n<meta property=\"article:modified_time\" content=\"2025-01-03T23:12:47+00:00\" \/>\n<meta property=\"og:image\" content=\"https:\/\/www.versiegelung24.com\/wp-content\/uploads\/2020\/06\/produkt-3008-704-1000-Beton-Stein-Versiegelung-extreme-Wasserabweisung-nicht-atmungsaktiv-scaled.jpg\" \/>\n\t<meta property=\"og:image:width\" content=\"2560\" \/>\n\t<meta property=\"og:image:height\" content=\"2560\" \/>\n\t<meta property=\"og:image:type\" content=\"image\/jpeg\" \/>\n<meta name=\"twitter:card\" content=\"summary_large_image\" \/>\n<meta name=\"twitter:label1\" content=\"Saatavuus\" \/>\n\t<meta name=\"twitter:data1\" content=\"Varastossa\" \/>\n<script type=\"application\/ld+json\" class=\"yoast-schema-graph\">{\"@context\":\"https:\\\/\\\/schema.org\",\"@graph\":[{\"@type\":\"WebPage\",\"@id\":\"https:\\\/\\\/www.versiegelung24.com\\\/fi\\\/premium-betoni-kivi-tiiviste-aeaerimmaeisen-vettae-hylkivae-hengittaevae.html\",\"url\":\"https:\\\/\\\/www.versiegelung24.com\\\/fi\\\/premium-betoni-kivi-tiiviste-aeaerimmaeisen-vettae-hylkivae-hengittaevae.html\",\"name\":\"Laadukas betoni- ja kivitiiviste v\u00e4risyvennyksell\u00e4 - versiegelung24\",\"isPartOf\":{\"@id\":\"https:\\\/\\\/www.versiegelung24.com\\\/fi\\\/#website\"},\"primaryImageOfPage\":{\"@id\":\"https:\\\/\\\/www.versiegelung24.com\\\/fi\\\/premium-betoni-kivi-tiiviste-aeaerimmaeisen-vettae-hylkivae-hengittaevae.html#primaryimage\"},\"image\":{\"@id\":\"https:\\\/\\\/www.versiegelung24.com\\\/fi\\\/premium-betoni-kivi-tiiviste-aeaerimmaeisen-vettae-hylkivae-hengittaevae.html#primaryimage\"},\"thumbnailUrl\":\"https:\\\/\\\/www.versiegelung24.com\\\/wp-content\\\/uploads\\\/2020\\\/06\\\/produkt-3008-704-1000-Beton-Stein-Versiegelung-extreme-Wasserabweisung-nicht-atmungsaktiv-scaled.jpg\",\"datePublished\":\"2021-08-02T20:56:01+00:00\",\"dateModified\":\"2025-01-03T23:12:47+00:00\",\"description\":\"Laadukas betoni- ja kivitiivistys \u2013 lue lis\u00e4\u00e4 korkealuokkaisesta betoni- ja kivitiivistystamme nanoteknologialla ja v\u00e4rin syvent\u00e4misell\u00e4\",\"breadcrumb\":{\"@id\":\"https:\\\/\\\/www.versiegelung24.com\\\/fi\\\/premium-betoni-kivi-tiiviste-aeaerimmaeisen-vettae-hylkivae-hengittaevae.html#breadcrumb\"},\"inLanguage\":\"fi\",\"potentialAction\":[{\"@type\":\"ReadAction\",\"target\":[\"https:\\\/\\\/www.versiegelung24.com\\\/fi\\\/premium-betoni-kivi-tiiviste-aeaerimmaeisen-vettae-hylkivae-hengittaevae.html\"]}]},{\"@type\":\"ImageObject\",\"inLanguage\":\"fi\",\"@id\":\"https:\\\/\\\/www.versiegelung24.com\\\/fi\\\/premium-betoni-kivi-tiiviste-aeaerimmaeisen-vettae-hylkivae-hengittaevae.html#primaryimage\",\"url\":\"https:\\\/\\\/www.versiegelung24.com\\\/wp-content\\\/uploads\\\/2020\\\/06\\\/produkt-3008-704-1000-Beton-Stein-Versiegelung-extreme-Wasserabweisung-nicht-atmungsaktiv-scaled.jpg\",\"contentUrl\":\"https:\\\/\\\/www.versiegelung24.com\\\/wp-content\\\/uploads\\\/2020\\\/06\\\/produkt-3008-704-1000-Beton-Stein-Versiegelung-extreme-Wasserabweisung-nicht-atmungsaktiv-scaled.jpg\",\"width\":2560,\"height\":2560},{\"@type\":\"BreadcrumbList\",\"@id\":\"https:\\\/\\\/www.versiegelung24.com\\\/fi\\\/premium-betoni-kivi-tiiviste-aeaerimmaeisen-vettae-hylkivae-hengittaevae.html#breadcrumb\",\"itemListElement\":[{\"@type\":\"ListItem\",\"position\":1,\"name\":\"Kotisivu\",\"item\":\"https:\\\/\\\/www.versiegelung24.com\\\/fi\\\/etupuolella\\\/\"},{\"@type\":\"ListItem\",\"position\":2,\"name\":\"Myym\u00e4l\u00e4\",\"item\":\"https:\\\/\\\/www.versiegelung24.com\\\/fi\\\/myymala-2\\\/\"},{\"@type\":\"ListItem\",\"position\":3,\"name\":\"Laadukas betoni- ja kivitiiviste v\u00e4risyvennyksell\u00e4 &#8211; ei hengitt\u00e4v\u00e4\"}]},{\"@type\":\"WebSite\",\"@id\":\"https:\\\/\\\/www.versiegelung24.com\\\/fi\\\/#website\",\"url\":\"https:\\\/\\\/www.versiegelung24.com\\\/fi\\\/\",\"name\":\"versiegelung24.com\",\"description\":\"Fl\u00fcssigglas-Versiegelung - Made in Germany\",\"publisher\":{\"@id\":\"https:\\\/\\\/www.versiegelung24.com\\\/fi\\\/#organization\"},\"potentialAction\":[{\"@type\":\"SearchAction\",\"target\":{\"@type\":\"EntryPoint\",\"urlTemplate\":\"https:\\\/\\\/www.versiegelung24.com\\\/fi\\\/?s={search_term_string}\"},\"query-input\":{\"@type\":\"PropertyValueSpecification\",\"valueRequired\":true,\"valueName\":\"search_term_string\"}}],\"inLanguage\":\"fi\"},{\"@type\":\"Organization\",\"@id\":\"https:\\\/\\\/www.versiegelung24.com\\\/fi\\\/#organization\",\"name\":\"versiegelung24\",\"url\":\"https:\\\/\\\/www.versiegelung24.com\\\/fi\\\/\",\"logo\":{\"@type\":\"ImageObject\",\"inLanguage\":\"fi\",\"@id\":\"https:\\\/\\\/www.versiegelung24.com\\\/fi\\\/#\\\/schema\\\/logo\\\/image\\\/\",\"url\":\"https:\\\/\\\/www.versiegelung24.com\\\/wp-content\\\/uploads\\\/2020\\\/04\\\/versiegelung24.png\",\"contentUrl\":\"https:\\\/\\\/www.versiegelung24.com\\\/wp-content\\\/uploads\\\/2020\\\/04\\\/versiegelung24.png\",\"width\":470,\"height\":102,\"caption\":\"versiegelung24\"},\"image\":{\"@id\":\"https:\\\/\\\/www.versiegelung24.com\\\/fi\\\/#\\\/schema\\\/logo\\\/image\\\/\"}}]}<\/script>\n<meta property=\"og:availability\" content=\"instock\" \/>\n<meta property=\"product:availability\" content=\"instock\" \/>\n<meta property=\"product:retailer_item_id\" content=\"3008-704\" \/>\n<meta property=\"product:condition\" content=\"new\" \/>\n<!-- \/ Yoast SEO Premium plugin. -->","yoast_head_json":{"title":"Laadukas betoni- ja kivitiiviste v\u00e4risyvennyksell\u00e4 - versiegelung24","description":"Laadukas betoni- ja kivitiivistys \u2013 lue lis\u00e4\u00e4 korkealuokkaisesta betoni- ja kivitiivistystamme nanoteknologialla ja v\u00e4rin syvent\u00e4misell\u00e4","robots":{"index":"index","follow":"follow","max-snippet":"max-snippet:-1","max-image-preview":"max-image-preview:large","max-video-preview":"max-video-preview:-1"},"canonical":"https:\/\/www.versiegelung24.com\/fi\/premium-betoni-kivi-tiiviste-aeaerimmaeisen-vettae-hylkivae-hengittaevae.html","og_locale":"fi_FI","og_type":"article","og_title":"Laadukas betoni- ja kivitiiviste v\u00e4risyvennyksell\u00e4 - ei hengitt\u00e4v\u00e4","og_description":"Laadukas betoni- ja kivitiivistys \u2013 lue lis\u00e4\u00e4 korkealuokkaisesta betoni- ja kivitiivistystamme nanoteknologialla ja v\u00e4rin syvent\u00e4misell\u00e4","og_url":"https:\/\/www.versiegelung24.com\/fi\/premium-betoni-kivi-tiiviste-aeaerimmaeisen-vettae-hylkivae-hengittaevae.html","og_site_name":"versiegelung24.com","article_modified_time":"2025-01-03T23:12:47+00:00","og_image":[{"width":2560,"height":2560,"url":"https:\/\/www.versiegelung24.com\/wp-content\/uploads\/2020\/06\/produkt-3008-704-1000-Beton-Stein-Versiegelung-extreme-Wasserabweisung-nicht-atmungsaktiv-scaled.jpg","type":"image\/jpeg"}],"twitter_card":"summary_large_image","twitter_misc":{"Saatavuus":"Varastossa"},"schema":{"@context":"https:\/\/schema.org","@graph":[{"@type":"WebPage","@id":"https:\/\/www.versiegelung24.com\/fi\/premium-betoni-kivi-tiiviste-aeaerimmaeisen-vettae-hylkivae-hengittaevae.html","url":"https:\/\/www.versiegelung24.com\/fi\/premium-betoni-kivi-tiiviste-aeaerimmaeisen-vettae-hylkivae-hengittaevae.html","name":"Laadukas betoni- ja kivitiiviste v\u00e4risyvennyksell\u00e4 - versiegelung24","isPartOf":{"@id":"https:\/\/www.versiegelung24.com\/fi\/#website"},"primaryImageOfPage":{"@id":"https:\/\/www.versiegelung24.com\/fi\/premium-betoni-kivi-tiiviste-aeaerimmaeisen-vettae-hylkivae-hengittaevae.html#primaryimage"},"image":{"@id":"https:\/\/www.versiegelung24.com\/fi\/premium-betoni-kivi-tiiviste-aeaerimmaeisen-vettae-hylkivae-hengittaevae.html#primaryimage"},"thumbnailUrl":"https:\/\/www.versiegelung24.com\/wp-content\/uploads\/2020\/06\/produkt-3008-704-1000-Beton-Stein-Versiegelung-extreme-Wasserabweisung-nicht-atmungsaktiv-scaled.jpg","datePublished":"2021-08-02T20:56:01+00:00","dateModified":"2025-01-03T23:12:47+00:00","description":"Laadukas betoni- ja kivitiivistys \u2013 lue lis\u00e4\u00e4 korkealuokkaisesta betoni- ja kivitiivistystamme nanoteknologialla ja v\u00e4rin syvent\u00e4misell\u00e4","breadcrumb":{"@id":"https:\/\/www.versiegelung24.com\/fi\/premium-betoni-kivi-tiiviste-aeaerimmaeisen-vettae-hylkivae-hengittaevae.html#breadcrumb"},"inLanguage":"fi","potentialAction":[{"@type":"ReadAction","target":["https:\/\/www.versiegelung24.com\/fi\/premium-betoni-kivi-tiiviste-aeaerimmaeisen-vettae-hylkivae-hengittaevae.html"]}]},{"@type":"ImageObject","inLanguage":"fi","@id":"https:\/\/www.versiegelung24.com\/fi\/premium-betoni-kivi-tiiviste-aeaerimmaeisen-vettae-hylkivae-hengittaevae.html#primaryimage","url":"https:\/\/www.versiegelung24.com\/wp-content\/uploads\/2020\/06\/produkt-3008-704-1000-Beton-Stein-Versiegelung-extreme-Wasserabweisung-nicht-atmungsaktiv-scaled.jpg","contentUrl":"https:\/\/www.versiegelung24.com\/wp-content\/uploads\/2020\/06\/produkt-3008-704-1000-Beton-Stein-Versiegelung-extreme-Wasserabweisung-nicht-atmungsaktiv-scaled.jpg","width":2560,"height":2560},{"@type":"BreadcrumbList","@id":"https:\/\/www.versiegelung24.com\/fi\/premium-betoni-kivi-tiiviste-aeaerimmaeisen-vettae-hylkivae-hengittaevae.html#breadcrumb","itemListElement":[{"@type":"ListItem","position":1,"name":"Kotisivu","item":"https:\/\/www.versiegelung24.com\/fi\/etupuolella\/"},{"@type":"ListItem","position":2,"name":"Myym\u00e4l\u00e4","item":"https:\/\/www.versiegelung24.com\/fi\/myymala-2\/"},{"@type":"ListItem","position":3,"name":"Laadukas betoni- ja kivitiiviste v\u00e4risyvennyksell\u00e4 &#8211; ei hengitt\u00e4v\u00e4"}]},{"@type":"WebSite","@id":"https:\/\/www.versiegelung24.com\/fi\/#website","url":"https:\/\/www.versiegelung24.com\/fi\/","name":"versiegelung24.com","description":"Fl\u00fcssigglas-Versiegelung - Made in Germany","publisher":{"@id":"https:\/\/www.versiegelung24.com\/fi\/#organization"},"potentialAction":[{"@type":"SearchAction","target":{"@type":"EntryPoint","urlTemplate":"https:\/\/www.versiegelung24.com\/fi\/?s={search_term_string}"},"query-input":{"@type":"PropertyValueSpecification","valueRequired":true,"valueName":"search_term_string"}}],"inLanguage":"fi"},{"@type":"Organization","@id":"https:\/\/www.versiegelung24.com\/fi\/#organization","name":"versiegelung24","url":"https:\/\/www.versiegelung24.com\/fi\/","logo":{"@type":"ImageObject","inLanguage":"fi","@id":"https:\/\/www.versiegelung24.com\/fi\/#\/schema\/logo\/image\/","url":"https:\/\/www.versiegelung24.com\/wp-content\/uploads\/2020\/04\/versiegelung24.png","contentUrl":"https:\/\/www.versiegelung24.com\/wp-content\/uploads\/2020\/04\/versiegelung24.png","width":470,"height":102,"caption":"versiegelung24"},"image":{"@id":"https:\/\/www.versiegelung24.com\/fi\/#\/schema\/logo\/image\/"}}]},"og_availability":"instock","product_availability":"instock","product_retailer_item_id":"3008-704","product_condition":"new"},"_links":{"self":[{"href":"https:\/\/www.versiegelung24.com\/fi\/wp-json\/wp\/v2\/product\/24673","targetHints":{"allow":["GET"]}}],"collection":[{"href":"https:\/\/www.versiegelung24.com\/fi\/wp-json\/wp\/v2\/product"}],"about":[{"href":"https:\/\/www.versiegelung24.com\/fi\/wp-json\/wp\/v2\/types\/product"}],"version-history":[{"count":28,"href":"https:\/\/www.versiegelung24.com\/fi\/wp-json\/wp\/v2\/product\/24673\/revisions"}],"predecessor-version":[{"id":177052,"href":"https:\/\/www.versiegelung24.com\/fi\/wp-json\/wp\/v2\/product\/24673\/revisions\/177052"}],"wp:featuredmedia":[{"embeddable":true,"href":"https:\/\/www.versiegelung24.com\/fi\/wp-json\/wp\/v2\/media\/18100"}],"wp:attachment":[{"href":"https:\/\/www.versiegelung24.com\/fi\/wp-json\/wp\/v2\/media?parent=24673"}],"wp:term":[{"taxonomy":"product_brand","embeddable":true,"href":"https:\/\/www.versiegelung24.com\/fi\/wp-json\/wp\/v2\/product_brand?post=24673"},{"taxonomy":"product_cat","embeddable":true,"href":"https:\/\/www.versiegelung24.com\/fi\/wp-json\/wp\/v2\/product_cat?post=24673"},{"taxonomy":"product_tag","embeddable":true,"href":"https:\/\/www.versiegelung24.com\/fi\/wp-json\/wp\/v2\/product_tag?post=24673"}],"curies":[{"name":"wp","href":"https:\/\/api.w.org\/{rel}","templated":true}]}}