{"id":24759,"date":"2020-04-29T21:00:08","date_gmt":"2020-04-29T19:00:08","guid":{"rendered":"https:\/\/www.versiegelung24.com\/produkt\/nayte-yleinen-tiiviste-7675-koville-imukykyisille-pinnoille"},"modified":"2025-01-05T15:40:43","modified_gmt":"2025-01-05T14:40:43","slug":"kuvio-universaali-tiiviste-7675-koville-ei-imukykyisille-pinnoille","status":"publish","type":"product","link":"https:\/\/www.versiegelung24.com\/fi\/kuvio-universaali-tiiviste-7675-koville-ei-imukykyisille-pinnoille.html","title":{"rendered":"N\u00e4yte: Yleissaumausaine 7675 &#8220;koville&#8221;\/ei imukykyisille pinnoille &#8211; 4005-7675."},"content":{"rendered":"<p>10 ml: n n\u00e4yte universaalista tiivistysainetta &#8220;koville&#8221; \/ imukyvytt\u00f6mille pinnoille koek\u00e4ytt\u00f6\u00f6n tai pienten alueiden tiivist\u00e4miseen.<\/p>\n","protected":false},"excerpt":{"rendered":"<p><strong>**UUSI** Eritt\u00e4in tehokas ammattimainen yleistiiviste &#8220;koville&#8221;\/ei-imukykyisille pinnoille, kuten:<\/strong><\/p>\n<p>\u2713 Lasi<\/p>\n<p>\u2713 Keraamiset pinnat<\/p>\n<p>\u2713 Muovipinnat<\/p>\n<p>\u2713 Metallipinnat<\/p>\n<p>\u2713 Helposti puhdistettava vaikutus<\/p>\n","protected":false},"featured_media":14608,"template":"","meta":{"_acf_changed":false,"neve_meta_sidebar":"","neve_meta_container":"","neve_meta_enable_content_width":"","neve_meta_content_width":0,"neve_meta_title_alignment":"","neve_meta_author_avatar":"","neve_post_elements_order":"","neve_meta_disable_header":"","neve_meta_disable_footer":"","neve_meta_disable_title":"","neve_meta_reading_time":"","_surfaces":[],"_ver_product_tabs":[],"footnotes":""},"product_brand":[],"product_cat":[2637],"product_tag":[],"class_list":{"0":"post-24759","1":"product","2":"type-product","3":"status-publish","4":"has-post-thumbnail","6":"product_cat-sapluuna","7":"pa_gebinde-10-ml-pullo","9":"first","10":"instock","11":"sold-individually","12":"taxable","13":"shipping-taxable","14":"purchasable","15":"product-type-variable","16":"has-default-attributes"},"acf":[],"yoast_head":"<!-- This site is optimized with the Yoast SEO Premium plugin v22.8 (Yoast SEO v27.3) - https:\/\/yoast.com\/product\/yoast-seo-premium-wordpress\/ -->\n<title>N\u00e4yte: Yleissaumausaine 7675 &quot;koville&quot;\/ei imukykyisille pinnoille - 4005-7675. - versiegelung24.com<\/title>\n<meta name=\"robots\" content=\"index, follow, max-snippet:-1, max-image-preview:large, max-video-preview:-1\" \/>\n<link rel=\"canonical\" href=\"https:\/\/www.versiegelung24.com\/fi\/kuvio-universaali-tiiviste-7675-koville-ei-imukykyisille-pinnoille.html\" \/>\n<meta property=\"og:locale\" content=\"fi_FI\" \/>\n<meta property=\"og:type\" content=\"article\" \/>\n<meta property=\"og:title\" content=\"N\u00e4yte: Yleissaumausaine 7675 &quot;koville&quot;\/ei imukykyisille pinnoille - 4005-7675.\" \/>\n<meta property=\"og:description\" content=\"**UUSI** Eritt\u00e4in tehokas ammattimainen yleistiiviste &quot;koville&quot;\/ei-imukykyisille pinnoille, kuten: \u2713 Lasi \u2713 Keraamiset pinnat \u2713 Muovipinnat \u2713 Metallipinnat \u2713 Helposti puhdistettava vaikutus\" \/>\n<meta property=\"og:url\" content=\"https:\/\/www.versiegelung24.com\/fi\/kuvio-universaali-tiiviste-7675-koville-ei-imukykyisille-pinnoille.html\" \/>\n<meta property=\"og:site_name\" content=\"versiegelung24.com\" \/>\n<meta property=\"article:modified_time\" content=\"2025-01-05T14:40:43+00:00\" \/>\n<meta property=\"og:image\" content=\"https:\/\/www.versiegelung24.com\/wp-content\/uploads\/2020\/04\/versiegelung-muster.png\" \/>\n\t<meta property=\"og:image:width\" content=\"1000\" \/>\n\t<meta property=\"og:image:height\" content=\"1000\" \/>\n\t<meta property=\"og:image:type\" content=\"image\/png\" \/>\n<meta name=\"twitter:card\" content=\"summary_large_image\" \/>\n<meta name=\"twitter:label1\" content=\"Saatavuus\" \/>\n\t<meta name=\"twitter:data1\" content=\"Varastossa\" \/>\n<script type=\"application\/ld+json\" class=\"yoast-schema-graph\">{\"@context\":\"https:\\\/\\\/schema.org\",\"@graph\":[{\"@type\":\"WebPage\",\"@id\":\"https:\\\/\\\/www.versiegelung24.com\\\/fi\\\/kuvio-universaali-tiiviste-7675-koville-ei-imukykyisille-pinnoille.html\",\"url\":\"https:\\\/\\\/www.versiegelung24.com\\\/fi\\\/kuvio-universaali-tiiviste-7675-koville-ei-imukykyisille-pinnoille.html\",\"name\":\"N\u00e4yte: Yleissaumausaine 7675 \\\"koville\\\"\\\/ei imukykyisille pinnoille - 4005-7675. - versiegelung24.com\",\"isPartOf\":{\"@id\":\"https:\\\/\\\/www.versiegelung24.com\\\/fi\\\/#website\"},\"primaryImageOfPage\":{\"@id\":\"https:\\\/\\\/www.versiegelung24.com\\\/fi\\\/kuvio-universaali-tiiviste-7675-koville-ei-imukykyisille-pinnoille.html#primaryimage\"},\"image\":{\"@id\":\"https:\\\/\\\/www.versiegelung24.com\\\/fi\\\/kuvio-universaali-tiiviste-7675-koville-ei-imukykyisille-pinnoille.html#primaryimage\"},\"thumbnailUrl\":\"https:\\\/\\\/www.versiegelung24.com\\\/wp-content\\\/uploads\\\/2020\\\/04\\\/versiegelung-muster.png\",\"datePublished\":\"2020-04-29T19:00:08+00:00\",\"dateModified\":\"2025-01-05T14:40:43+00:00\",\"breadcrumb\":{\"@id\":\"https:\\\/\\\/www.versiegelung24.com\\\/fi\\\/kuvio-universaali-tiiviste-7675-koville-ei-imukykyisille-pinnoille.html#breadcrumb\"},\"inLanguage\":\"fi\",\"potentialAction\":[{\"@type\":\"ReadAction\",\"target\":[\"https:\\\/\\\/www.versiegelung24.com\\\/fi\\\/kuvio-universaali-tiiviste-7675-koville-ei-imukykyisille-pinnoille.html\"]}]},{\"@type\":\"ImageObject\",\"inLanguage\":\"fi\",\"@id\":\"https:\\\/\\\/www.versiegelung24.com\\\/fi\\\/kuvio-universaali-tiiviste-7675-koville-ei-imukykyisille-pinnoille.html#primaryimage\",\"url\":\"https:\\\/\\\/www.versiegelung24.com\\\/wp-content\\\/uploads\\\/2020\\\/04\\\/versiegelung-muster.png\",\"contentUrl\":\"https:\\\/\\\/www.versiegelung24.com\\\/wp-content\\\/uploads\\\/2020\\\/04\\\/versiegelung-muster.png\",\"width\":1000,\"height\":1000},{\"@type\":\"BreadcrumbList\",\"@id\":\"https:\\\/\\\/www.versiegelung24.com\\\/fi\\\/kuvio-universaali-tiiviste-7675-koville-ei-imukykyisille-pinnoille.html#breadcrumb\",\"itemListElement\":[{\"@type\":\"ListItem\",\"position\":1,\"name\":\"Kotisivu\",\"item\":\"https:\\\/\\\/www.versiegelung24.com\\\/fi\\\/etupuolella\\\/\"},{\"@type\":\"ListItem\",\"position\":2,\"name\":\"Myym\u00e4l\u00e4\",\"item\":\"https:\\\/\\\/www.versiegelung24.com\\\/fi\\\/myymala-2\\\/\"},{\"@type\":\"ListItem\",\"position\":3,\"name\":\"N\u00e4yte: Yleissaumausaine 7675 &#8220;koville&#8221;\\\/ei imukykyisille pinnoille &#8211; 4005-7675.\"}]},{\"@type\":\"WebSite\",\"@id\":\"https:\\\/\\\/www.versiegelung24.com\\\/fi\\\/#website\",\"url\":\"https:\\\/\\\/www.versiegelung24.com\\\/fi\\\/\",\"name\":\"versiegelung24.com\",\"description\":\"Fl\u00fcssigglas-Versiegelung - Made in Germany\",\"publisher\":{\"@id\":\"https:\\\/\\\/www.versiegelung24.com\\\/fi\\\/#organization\"},\"potentialAction\":[{\"@type\":\"SearchAction\",\"target\":{\"@type\":\"EntryPoint\",\"urlTemplate\":\"https:\\\/\\\/www.versiegelung24.com\\\/fi\\\/?s={search_term_string}\"},\"query-input\":{\"@type\":\"PropertyValueSpecification\",\"valueRequired\":true,\"valueName\":\"search_term_string\"}}],\"inLanguage\":\"fi\"},{\"@type\":\"Organization\",\"@id\":\"https:\\\/\\\/www.versiegelung24.com\\\/fi\\\/#organization\",\"name\":\"versiegelung24\",\"url\":\"https:\\\/\\\/www.versiegelung24.com\\\/fi\\\/\",\"logo\":{\"@type\":\"ImageObject\",\"inLanguage\":\"fi\",\"@id\":\"https:\\\/\\\/www.versiegelung24.com\\\/fi\\\/#\\\/schema\\\/logo\\\/image\\\/\",\"url\":\"https:\\\/\\\/www.versiegelung24.com\\\/wp-content\\\/uploads\\\/2020\\\/04\\\/versiegelung24.png\",\"contentUrl\":\"https:\\\/\\\/www.versiegelung24.com\\\/wp-content\\\/uploads\\\/2020\\\/04\\\/versiegelung24.png\",\"width\":470,\"height\":102,\"caption\":\"versiegelung24\"},\"image\":{\"@id\":\"https:\\\/\\\/www.versiegelung24.com\\\/fi\\\/#\\\/schema\\\/logo\\\/image\\\/\"}}]}<\/script>\n<meta property=\"og:availability\" content=\"instock\" \/>\n<meta property=\"product:availability\" content=\"instock\" \/>\n<meta property=\"product:retailer_item_id\" content=\"4005-7675-muster\" \/>\n<meta property=\"product:condition\" content=\"new\" \/>\n<!-- \/ Yoast SEO Premium plugin. -->","yoast_head_json":{"title":"N\u00e4yte: Yleissaumausaine 7675 \"koville\"\/ei imukykyisille pinnoille - 4005-7675. - versiegelung24.com","robots":{"index":"index","follow":"follow","max-snippet":"max-snippet:-1","max-image-preview":"max-image-preview:large","max-video-preview":"max-video-preview:-1"},"canonical":"https:\/\/www.versiegelung24.com\/fi\/kuvio-universaali-tiiviste-7675-koville-ei-imukykyisille-pinnoille.html","og_locale":"fi_FI","og_type":"article","og_title":"N\u00e4yte: Yleissaumausaine 7675 \"koville\"\/ei imukykyisille pinnoille - 4005-7675.","og_description":"**UUSI** Eritt\u00e4in tehokas ammattimainen yleistiiviste \"koville\"\/ei-imukykyisille pinnoille, kuten: \u2713 Lasi \u2713 Keraamiset pinnat \u2713 Muovipinnat \u2713 Metallipinnat \u2713 Helposti puhdistettava vaikutus","og_url":"https:\/\/www.versiegelung24.com\/fi\/kuvio-universaali-tiiviste-7675-koville-ei-imukykyisille-pinnoille.html","og_site_name":"versiegelung24.com","article_modified_time":"2025-01-05T14:40:43+00:00","og_image":[{"width":1000,"height":1000,"url":"https:\/\/www.versiegelung24.com\/wp-content\/uploads\/2020\/04\/versiegelung-muster.png","type":"image\/png"}],"twitter_card":"summary_large_image","twitter_misc":{"Saatavuus":"Varastossa"},"schema":{"@context":"https:\/\/schema.org","@graph":[{"@type":"WebPage","@id":"https:\/\/www.versiegelung24.com\/fi\/kuvio-universaali-tiiviste-7675-koville-ei-imukykyisille-pinnoille.html","url":"https:\/\/www.versiegelung24.com\/fi\/kuvio-universaali-tiiviste-7675-koville-ei-imukykyisille-pinnoille.html","name":"N\u00e4yte: Yleissaumausaine 7675 \"koville\"\/ei imukykyisille pinnoille - 4005-7675. - versiegelung24.com","isPartOf":{"@id":"https:\/\/www.versiegelung24.com\/fi\/#website"},"primaryImageOfPage":{"@id":"https:\/\/www.versiegelung24.com\/fi\/kuvio-universaali-tiiviste-7675-koville-ei-imukykyisille-pinnoille.html#primaryimage"},"image":{"@id":"https:\/\/www.versiegelung24.com\/fi\/kuvio-universaali-tiiviste-7675-koville-ei-imukykyisille-pinnoille.html#primaryimage"},"thumbnailUrl":"https:\/\/www.versiegelung24.com\/wp-content\/uploads\/2020\/04\/versiegelung-muster.png","datePublished":"2020-04-29T19:00:08+00:00","dateModified":"2025-01-05T14:40:43+00:00","breadcrumb":{"@id":"https:\/\/www.versiegelung24.com\/fi\/kuvio-universaali-tiiviste-7675-koville-ei-imukykyisille-pinnoille.html#breadcrumb"},"inLanguage":"fi","potentialAction":[{"@type":"ReadAction","target":["https:\/\/www.versiegelung24.com\/fi\/kuvio-universaali-tiiviste-7675-koville-ei-imukykyisille-pinnoille.html"]}]},{"@type":"ImageObject","inLanguage":"fi","@id":"https:\/\/www.versiegelung24.com\/fi\/kuvio-universaali-tiiviste-7675-koville-ei-imukykyisille-pinnoille.html#primaryimage","url":"https:\/\/www.versiegelung24.com\/wp-content\/uploads\/2020\/04\/versiegelung-muster.png","contentUrl":"https:\/\/www.versiegelung24.com\/wp-content\/uploads\/2020\/04\/versiegelung-muster.png","width":1000,"height":1000},{"@type":"BreadcrumbList","@id":"https:\/\/www.versiegelung24.com\/fi\/kuvio-universaali-tiiviste-7675-koville-ei-imukykyisille-pinnoille.html#breadcrumb","itemListElement":[{"@type":"ListItem","position":1,"name":"Kotisivu","item":"https:\/\/www.versiegelung24.com\/fi\/etupuolella\/"},{"@type":"ListItem","position":2,"name":"Myym\u00e4l\u00e4","item":"https:\/\/www.versiegelung24.com\/fi\/myymala-2\/"},{"@type":"ListItem","position":3,"name":"N\u00e4yte: Yleissaumausaine 7675 &#8220;koville&#8221;\/ei imukykyisille pinnoille &#8211; 4005-7675."}]},{"@type":"WebSite","@id":"https:\/\/www.versiegelung24.com\/fi\/#website","url":"https:\/\/www.versiegelung24.com\/fi\/","name":"versiegelung24.com","description":"Fl\u00fcssigglas-Versiegelung - Made in Germany","publisher":{"@id":"https:\/\/www.versiegelung24.com\/fi\/#organization"},"potentialAction":[{"@type":"SearchAction","target":{"@type":"EntryPoint","urlTemplate":"https:\/\/www.versiegelung24.com\/fi\/?s={search_term_string}"},"query-input":{"@type":"PropertyValueSpecification","valueRequired":true,"valueName":"search_term_string"}}],"inLanguage":"fi"},{"@type":"Organization","@id":"https:\/\/www.versiegelung24.com\/fi\/#organization","name":"versiegelung24","url":"https:\/\/www.versiegelung24.com\/fi\/","logo":{"@type":"ImageObject","inLanguage":"fi","@id":"https:\/\/www.versiegelung24.com\/fi\/#\/schema\/logo\/image\/","url":"https:\/\/www.versiegelung24.com\/wp-content\/uploads\/2020\/04\/versiegelung24.png","contentUrl":"https:\/\/www.versiegelung24.com\/wp-content\/uploads\/2020\/04\/versiegelung24.png","width":470,"height":102,"caption":"versiegelung24"},"image":{"@id":"https:\/\/www.versiegelung24.com\/fi\/#\/schema\/logo\/image\/"}}]},"og_availability":"instock","product_availability":"instock","product_retailer_item_id":"4005-7675-muster","product_condition":"new"},"_links":{"self":[{"href":"https:\/\/www.versiegelung24.com\/fi\/wp-json\/wp\/v2\/product\/24759","targetHints":{"allow":["GET"]}}],"collection":[{"href":"https:\/\/www.versiegelung24.com\/fi\/wp-json\/wp\/v2\/product"}],"about":[{"href":"https:\/\/www.versiegelung24.com\/fi\/wp-json\/wp\/v2\/types\/product"}],"version-history":[{"count":3,"href":"https:\/\/www.versiegelung24.com\/fi\/wp-json\/wp\/v2\/product\/24759\/revisions"}],"predecessor-version":[{"id":141028,"href":"https:\/\/www.versiegelung24.com\/fi\/wp-json\/wp\/v2\/product\/24759\/revisions\/141028"}],"wp:featuredmedia":[{"embeddable":true,"href":"https:\/\/www.versiegelung24.com\/fi\/wp-json\/wp\/v2\/media\/14608"}],"wp:attachment":[{"href":"https:\/\/www.versiegelung24.com\/fi\/wp-json\/wp\/v2\/media?parent=24759"}],"wp:term":[{"taxonomy":"product_brand","embeddable":true,"href":"https:\/\/www.versiegelung24.com\/fi\/wp-json\/wp\/v2\/product_brand?post=24759"},{"taxonomy":"product_cat","embeddable":true,"href":"https:\/\/www.versiegelung24.com\/fi\/wp-json\/wp\/v2\/product_cat?post=24759"},{"taxonomy":"product_tag","embeddable":true,"href":"https:\/\/www.versiegelung24.com\/fi\/wp-json\/wp\/v2\/product_tag?post=24759"}],"curies":[{"name":"wp","href":"https:\/\/api.w.org\/{rel}","templated":true}]}}