{"id":24984,"date":"2020-05-20T20:21:58","date_gmt":"2021-08-02T21:17:06","guid":{"rendered":"https:\/\/www.versiegelung24.com\/produkt\/kasien-desinfiointiaine-dexan-500ml-pullo"},"modified":"2025-01-13T16:40:16","modified_gmt":"2025-01-13T15:40:16","slug":"kasien-desinfiointiaine-deksaani-500ml-pullo","status":"publish","type":"product","link":"https:\/\/www.versiegelung24.com\/fi\/kaesien-desinfiointiaine-deksaani-500ml-pullo.html","title":{"rendered":"K\u00e4sien desinfiointiaine Dexan 500ml pullo"},"content":{"rendered":"\n<h2 class=\"wp-block-heading\" id=\"gebrauchsfertige-alkoholbasierte-handedesinfektion-mit-pflegekomponente-aloe-vera\">K\u00e4ytt\u00f6valmis alkoholipohjainen k\u00e4sien desinfiointi hoitoaineilla (aloe vera)<\/h2>\n\n<p>Rajoitettu virusidi (vaipalliset virukset) <strong>Sis\u00e4lt\u00e4\u00e4 Koronaviirus<\/strong>, HIV, HBV, HCV, influenssa, herpes, Ebola -virus jne.)<\/p>\n\n<hr \/>\n\n<h4 class=\"wp-block-heading\" id=\"properties\">Tuotteen ominaisuudet<\/h4>\n\n<div class=\"wp-block-columns is-layout-flex wp-container-core-columns-is-layout-9d6595d7 wp-block-columns-is-layout-flex\">\n<div class=\"wp-block-column is-layout-flow wp-block-column-is-layout-flow\">\n<p><br \/>T<strong>ehokkuus:<\/strong> Testattu eurooppalaisten sairaalastandardien mukaisesti: EN 1040, EN 1275, EN 1276, EN 1500: 1 min; prEN 12054: 30s. Rajoitettu virusidi (vaipalliset virukset, mukaan lukien koronavirus, HIV, HBV, HCV, influenssa, herpes, Ebola -virus jne.) DVV \/ RKI -ohjeen mukaisesti: 15s.<\/p>\n<\/div>\n\n\n\n<div class=\"wp-block-column is-layout-flow wp-block-column-is-layout-flow\">\n<p><br \/>K<strong>\u00e4ytt\u00f6tarkoitus:<\/strong> Hygieeniseen k\u00e4sien desinfiointiin.<\/p>\n\n\n\n<p><br \/><br \/>K<strong>oostumus:<\/strong> 100g sis\u00e4lt\u00e4\u00e4: 50.0g etanolia, 10.0g isopropanolia, 0.10g bentsalkoniumkloridia, puhdistettua vett\u00e4, aloe vera -uutetta.<\/p>\n<\/div>\n<\/div>\n\n<hr \/>\n\n<h4 class=\"wp-block-heading\" id=\"application\">Hakemus<\/h4>\n\n<p>Laita tarpeeksi Dexania kuivalle kuppik\u00e4telle niin, ett\u00e4 kaikki k\u00e4sien alueet peittyv\u00e4t kokonaan valmisteella. Hiero k\u00e4siin perusteellisesti, pid\u00e4 k\u00e4det kosteina hankausaikana.<\/p>\n\n<hr \/>\n\n<h4 class=\"wp-block-heading\" id=\"advisor\">Neuvonantaja<\/h4>\n\n<p><br \/>T<strong>urvallisuusohjeet:<\/strong> Helposti syttyv\u00e4 neste ja h\u00f6yry. Aiheuttaa vakavaa silmien \u00e4rsytyst\u00e4. S\u00e4ilytett\u00e4v\u00e4 kaukana l\u00e4mm\u00f6st\u00e4, kuumilta pinnoilta, kipin\u00f6ist\u00e4, avotulesta ja muista syttymisl\u00e4hteist\u00e4. Ei saa polttaa. Pid\u00e4 s\u00e4ili\u00f6 tiiviisti suljettuna. JOS SILMIIN: Huuhtele varovasti vedell\u00e4 useita minuutteja. Poista mahdolliset piilolinssit, jos mahdollista. Jatka huuhtelua. S\u00e4ilytett\u00e4v\u00e4 lasten ulottumattomissa. Biosidi Reg. nro: 75940 K\u00e4yt\u00e4 desinfiointiainetta varoen. Lue aina etiketti ja tuotetiedot ennen k\u00e4ytt\u00f6\u00e4.<\/p>\n","protected":false},"excerpt":{"rendered":"<p><strong>K\u00e4ytt\u00f6valmis alkoholipohjainen k\u00e4sien desinfiointi:<\/strong><\/p>\n<p>\u2713 Hoitoaineella (aloe vera)<\/p>\n<p>\u2713 Rajoitettu virusidinen (vaipalliset virukset mukaan lukien koronavirus, HIV, HBV, HCV, influenssa, herpes, ebolavirus jne.)<\/p>\n","protected":false},"featured_media":15533,"template":"","meta":{"_acf_changed":false,"neve_meta_sidebar":"","neve_meta_container":"","neve_meta_enable_content_width":"","neve_meta_content_width":0,"neve_meta_title_alignment":"","neve_meta_author_avatar":"","neve_post_elements_order":"","neve_meta_disable_header":"","neve_meta_disable_footer":"","neve_meta_disable_title":"","neve_meta_reading_time":"","_surfaces":[],"_ver_product_tabs":[],"footnotes":""},"product_brand":[],"product_cat":[2278,2719],"product_tag":[],"class_list":{"0":"post-24984","1":"product","2":"type-product","3":"status-publish","4":"has-post-thumbnail","6":"product_cat-desinfiointiaineet","7":"product_cat-kaesien-desinfiointiaine","9":"first","10":"instock","11":"taxable","12":"shipping-taxable","13":"purchasable","14":"product-type-simple"},"acf":[],"yoast_head":"<!-- This site is optimized with the Yoast SEO Premium plugin v22.8 (Yoast SEO v27.5) - https:\/\/yoast.com\/product\/yoast-seo-premium-wordpress\/ -->\n<title>K\u00e4sien desinfiointiaine Dexan 500ml pullo - versiegelung24.com<\/title>\n<meta name=\"robots\" content=\"index, follow, max-snippet:-1, max-image-preview:large, max-video-preview:-1\" \/>\n<link rel=\"canonical\" href=\"https:\/\/www.versiegelung24.com\/fi\/kaesien-desinfiointiaine-deksaani-500ml-pullo.html\" \/>\n<meta property=\"og:locale\" content=\"fi_FI\" \/>\n<meta property=\"og:type\" content=\"article\" \/>\n<meta property=\"og:title\" content=\"K\u00e4sien desinfiointiaine Dexan 500ml pullo\" \/>\n<meta property=\"og:description\" content=\"K\u00e4ytt\u00f6valmis alkoholipohjainen k\u00e4sien desinfiointi: \u2713 Hoitoaineella (aloe vera) \u2713 Rajoitettu virusidinen (vaipalliset virukset mukaan lukien koronavirus, HIV, HBV, HCV, influenssa, herpes, ebolavirus jne.)\" \/>\n<meta property=\"og:url\" content=\"https:\/\/www.versiegelung24.com\/fi\/kaesien-desinfiointiaine-deksaani-500ml-pullo.html\" \/>\n<meta property=\"og:site_name\" content=\"versiegelung24.com\" \/>\n<meta property=\"article:modified_time\" content=\"2025-01-13T15:40:16+00:00\" \/>\n<meta property=\"og:image\" content=\"https:\/\/www.versiegelung24.com\/wp-content\/uploads\/2020\/05\/dexan-haendedesinfektionsmittel-500ml-1.png\" \/>\n\t<meta property=\"og:image:width\" content=\"2000\" \/>\n\t<meta property=\"og:image:height\" content=\"2000\" \/>\n\t<meta property=\"og:image:type\" content=\"image\/png\" \/>\n<meta name=\"twitter:card\" content=\"summary_large_image\" \/>\n<meta name=\"twitter:label1\" content=\"Hinta\" \/>\n\t<meta name=\"twitter:data1\" content=\"9,99&euro;\" \/>\n\t<meta name=\"twitter:label2\" content=\"Saatavuus\" \/>\n\t<meta name=\"twitter:data2\" content=\"Varastossa\" \/>\n<script type=\"application\/ld+json\" class=\"yoast-schema-graph\">{\"@context\":\"https:\\\/\\\/schema.org\",\"@graph\":[{\"@type\":\"WebPage\",\"@id\":\"https:\\\/\\\/www.versiegelung24.com\\\/fi\\\/kaesien-desinfiointiaine-deksaani-500ml-pullo.html\",\"url\":\"https:\\\/\\\/www.versiegelung24.com\\\/fi\\\/kaesien-desinfiointiaine-deksaani-500ml-pullo.html\",\"name\":\"K\u00e4sien desinfiointiaine Dexan 500ml pullo - versiegelung24.com\",\"isPartOf\":{\"@id\":\"https:\\\/\\\/www.versiegelung24.com\\\/fi\\\/#website\"},\"primaryImageOfPage\":{\"@id\":\"https:\\\/\\\/www.versiegelung24.com\\\/fi\\\/kaesien-desinfiointiaine-deksaani-500ml-pullo.html#primaryimage\"},\"image\":{\"@id\":\"https:\\\/\\\/www.versiegelung24.com\\\/fi\\\/kaesien-desinfiointiaine-deksaani-500ml-pullo.html#primaryimage\"},\"thumbnailUrl\":\"https:\\\/\\\/www.versiegelung24.com\\\/wp-content\\\/uploads\\\/2020\\\/05\\\/dexan-haendedesinfektionsmittel-500ml-1.png\",\"datePublished\":\"2021-08-02T21:17:06+00:00\",\"dateModified\":\"2025-01-13T15:40:16+00:00\",\"breadcrumb\":{\"@id\":\"https:\\\/\\\/www.versiegelung24.com\\\/fi\\\/kaesien-desinfiointiaine-deksaani-500ml-pullo.html#breadcrumb\"},\"inLanguage\":\"fi\",\"potentialAction\":[{\"@type\":\"ReadAction\",\"target\":[\"https:\\\/\\\/www.versiegelung24.com\\\/fi\\\/kaesien-desinfiointiaine-deksaani-500ml-pullo.html\"]}]},{\"@type\":\"ImageObject\",\"inLanguage\":\"fi\",\"@id\":\"https:\\\/\\\/www.versiegelung24.com\\\/fi\\\/kaesien-desinfiointiaine-deksaani-500ml-pullo.html#primaryimage\",\"url\":\"https:\\\/\\\/www.versiegelung24.com\\\/wp-content\\\/uploads\\\/2020\\\/05\\\/dexan-haendedesinfektionsmittel-500ml-1.png\",\"contentUrl\":\"https:\\\/\\\/www.versiegelung24.com\\\/wp-content\\\/uploads\\\/2020\\\/05\\\/dexan-haendedesinfektionsmittel-500ml-1.png\",\"width\":2000,\"height\":2000},{\"@type\":\"BreadcrumbList\",\"@id\":\"https:\\\/\\\/www.versiegelung24.com\\\/fi\\\/kaesien-desinfiointiaine-deksaani-500ml-pullo.html#breadcrumb\",\"itemListElement\":[{\"@type\":\"ListItem\",\"position\":1,\"name\":\"Kotisivu\",\"item\":\"https:\\\/\\\/www.versiegelung24.com\\\/fi\\\/etupuolella\\\/\"},{\"@type\":\"ListItem\",\"position\":2,\"name\":\"Myym\u00e4l\u00e4\",\"item\":\"https:\\\/\\\/www.versiegelung24.com\\\/fi\\\/myymala-2\\\/\"},{\"@type\":\"ListItem\",\"position\":3,\"name\":\"K\u00e4sien desinfiointiaine Dexan 500ml pullo\"}]},{\"@type\":\"WebSite\",\"@id\":\"https:\\\/\\\/www.versiegelung24.com\\\/fi\\\/#website\",\"url\":\"https:\\\/\\\/www.versiegelung24.com\\\/fi\\\/\",\"name\":\"versiegelung24.com\",\"description\":\"Fl\u00fcssigglas-Versiegelung - Made in Germany\",\"publisher\":{\"@id\":\"https:\\\/\\\/www.versiegelung24.com\\\/fi\\\/#organization\"},\"potentialAction\":[{\"@type\":\"SearchAction\",\"target\":{\"@type\":\"EntryPoint\",\"urlTemplate\":\"https:\\\/\\\/www.versiegelung24.com\\\/fi\\\/?s={search_term_string}\"},\"query-input\":{\"@type\":\"PropertyValueSpecification\",\"valueRequired\":true,\"valueName\":\"search_term_string\"}}],\"inLanguage\":\"fi\"},{\"@type\":\"Organization\",\"@id\":\"https:\\\/\\\/www.versiegelung24.com\\\/fi\\\/#organization\",\"name\":\"versiegelung24\",\"url\":\"https:\\\/\\\/www.versiegelung24.com\\\/fi\\\/\",\"logo\":{\"@type\":\"ImageObject\",\"inLanguage\":\"fi\",\"@id\":\"https:\\\/\\\/www.versiegelung24.com\\\/fi\\\/#\\\/schema\\\/logo\\\/image\\\/\",\"url\":\"https:\\\/\\\/www.versiegelung24.com\\\/wp-content\\\/uploads\\\/2020\\\/04\\\/versiegelung24.png\",\"contentUrl\":\"https:\\\/\\\/www.versiegelung24.com\\\/wp-content\\\/uploads\\\/2020\\\/04\\\/versiegelung24.png\",\"width\":470,\"height\":102,\"caption\":\"versiegelung24\"},\"image\":{\"@id\":\"https:\\\/\\\/www.versiegelung24.com\\\/fi\\\/#\\\/schema\\\/logo\\\/image\\\/\"}}]}<\/script>\n<meta property=\"product:price:amount\" content=\"9.99\" \/>\n<meta property=\"product:price:currency\" content=\"EUR\" \/>\n<meta property=\"og:availability\" content=\"instock\" \/>\n<meta property=\"product:availability\" content=\"instock\" \/>\n<meta property=\"product:retailer_item_id\" content=\"dexan-500\" \/>\n<meta property=\"product:condition\" content=\"new\" \/>\n<!-- \/ Yoast SEO Premium plugin. -->","yoast_head_json":{"title":"K\u00e4sien desinfiointiaine Dexan 500ml pullo - versiegelung24.com","robots":{"index":"index","follow":"follow","max-snippet":"max-snippet:-1","max-image-preview":"max-image-preview:large","max-video-preview":"max-video-preview:-1"},"canonical":"https:\/\/www.versiegelung24.com\/fi\/kaesien-desinfiointiaine-deksaani-500ml-pullo.html","og_locale":"fi_FI","og_type":"article","og_title":"K\u00e4sien desinfiointiaine Dexan 500ml pullo","og_description":"K\u00e4ytt\u00f6valmis alkoholipohjainen k\u00e4sien desinfiointi: \u2713 Hoitoaineella (aloe vera) \u2713 Rajoitettu virusidinen (vaipalliset virukset mukaan lukien koronavirus, HIV, HBV, HCV, influenssa, herpes, ebolavirus jne.)","og_url":"https:\/\/www.versiegelung24.com\/fi\/kaesien-desinfiointiaine-deksaani-500ml-pullo.html","og_site_name":"versiegelung24.com","article_modified_time":"2025-01-13T15:40:16+00:00","og_image":[{"width":2000,"height":2000,"url":"https:\/\/www.versiegelung24.com\/wp-content\/uploads\/2020\/05\/dexan-haendedesinfektionsmittel-500ml-1.png","type":"image\/png"}],"twitter_card":"summary_large_image","twitter_misc":{"Hinta":"9,99&euro;","Saatavuus":"Varastossa"},"schema":{"@context":"https:\/\/schema.org","@graph":[{"@type":"WebPage","@id":"https:\/\/www.versiegelung24.com\/fi\/kaesien-desinfiointiaine-deksaani-500ml-pullo.html","url":"https:\/\/www.versiegelung24.com\/fi\/kaesien-desinfiointiaine-deksaani-500ml-pullo.html","name":"K\u00e4sien desinfiointiaine Dexan 500ml pullo - versiegelung24.com","isPartOf":{"@id":"https:\/\/www.versiegelung24.com\/fi\/#website"},"primaryImageOfPage":{"@id":"https:\/\/www.versiegelung24.com\/fi\/kaesien-desinfiointiaine-deksaani-500ml-pullo.html#primaryimage"},"image":{"@id":"https:\/\/www.versiegelung24.com\/fi\/kaesien-desinfiointiaine-deksaani-500ml-pullo.html#primaryimage"},"thumbnailUrl":"https:\/\/www.versiegelung24.com\/wp-content\/uploads\/2020\/05\/dexan-haendedesinfektionsmittel-500ml-1.png","datePublished":"2021-08-02T21:17:06+00:00","dateModified":"2025-01-13T15:40:16+00:00","breadcrumb":{"@id":"https:\/\/www.versiegelung24.com\/fi\/kaesien-desinfiointiaine-deksaani-500ml-pullo.html#breadcrumb"},"inLanguage":"fi","potentialAction":[{"@type":"ReadAction","target":["https:\/\/www.versiegelung24.com\/fi\/kaesien-desinfiointiaine-deksaani-500ml-pullo.html"]}]},{"@type":"ImageObject","inLanguage":"fi","@id":"https:\/\/www.versiegelung24.com\/fi\/kaesien-desinfiointiaine-deksaani-500ml-pullo.html#primaryimage","url":"https:\/\/www.versiegelung24.com\/wp-content\/uploads\/2020\/05\/dexan-haendedesinfektionsmittel-500ml-1.png","contentUrl":"https:\/\/www.versiegelung24.com\/wp-content\/uploads\/2020\/05\/dexan-haendedesinfektionsmittel-500ml-1.png","width":2000,"height":2000},{"@type":"BreadcrumbList","@id":"https:\/\/www.versiegelung24.com\/fi\/kaesien-desinfiointiaine-deksaani-500ml-pullo.html#breadcrumb","itemListElement":[{"@type":"ListItem","position":1,"name":"Kotisivu","item":"https:\/\/www.versiegelung24.com\/fi\/etupuolella\/"},{"@type":"ListItem","position":2,"name":"Myym\u00e4l\u00e4","item":"https:\/\/www.versiegelung24.com\/fi\/myymala-2\/"},{"@type":"ListItem","position":3,"name":"K\u00e4sien desinfiointiaine Dexan 500ml pullo"}]},{"@type":"WebSite","@id":"https:\/\/www.versiegelung24.com\/fi\/#website","url":"https:\/\/www.versiegelung24.com\/fi\/","name":"versiegelung24.com","description":"Fl\u00fcssigglas-Versiegelung - Made in Germany","publisher":{"@id":"https:\/\/www.versiegelung24.com\/fi\/#organization"},"potentialAction":[{"@type":"SearchAction","target":{"@type":"EntryPoint","urlTemplate":"https:\/\/www.versiegelung24.com\/fi\/?s={search_term_string}"},"query-input":{"@type":"PropertyValueSpecification","valueRequired":true,"valueName":"search_term_string"}}],"inLanguage":"fi"},{"@type":"Organization","@id":"https:\/\/www.versiegelung24.com\/fi\/#organization","name":"versiegelung24","url":"https:\/\/www.versiegelung24.com\/fi\/","logo":{"@type":"ImageObject","inLanguage":"fi","@id":"https:\/\/www.versiegelung24.com\/fi\/#\/schema\/logo\/image\/","url":"https:\/\/www.versiegelung24.com\/wp-content\/uploads\/2020\/04\/versiegelung24.png","contentUrl":"https:\/\/www.versiegelung24.com\/wp-content\/uploads\/2020\/04\/versiegelung24.png","width":470,"height":102,"caption":"versiegelung24"},"image":{"@id":"https:\/\/www.versiegelung24.com\/fi\/#\/schema\/logo\/image\/"}}]},"product_price_amount":"9.99","product_price_currency":"EUR","og_availability":"instock","product_availability":"instock","product_retailer_item_id":"dexan-500","product_condition":"new"},"_links":{"self":[{"href":"https:\/\/www.versiegelung24.com\/fi\/wp-json\/wp\/v2\/product\/24984","targetHints":{"allow":["GET"]}}],"collection":[{"href":"https:\/\/www.versiegelung24.com\/fi\/wp-json\/wp\/v2\/product"}],"about":[{"href":"https:\/\/www.versiegelung24.com\/fi\/wp-json\/wp\/v2\/types\/product"}],"version-history":[{"count":13,"href":"https:\/\/www.versiegelung24.com\/fi\/wp-json\/wp\/v2\/product\/24984\/revisions"}],"predecessor-version":[{"id":180586,"href":"https:\/\/www.versiegelung24.com\/fi\/wp-json\/wp\/v2\/product\/24984\/revisions\/180586"}],"wp:featuredmedia":[{"embeddable":true,"href":"https:\/\/www.versiegelung24.com\/fi\/wp-json\/wp\/v2\/media\/15533"}],"wp:attachment":[{"href":"https:\/\/www.versiegelung24.com\/fi\/wp-json\/wp\/v2\/media?parent=24984"}],"wp:term":[{"taxonomy":"product_brand","embeddable":true,"href":"https:\/\/www.versiegelung24.com\/fi\/wp-json\/wp\/v2\/product_brand?post=24984"},{"taxonomy":"product_cat","embeddable":true,"href":"https:\/\/www.versiegelung24.com\/fi\/wp-json\/wp\/v2\/product_cat?post=24984"},{"taxonomy":"product_tag","embeddable":true,"href":"https:\/\/www.versiegelung24.com\/fi\/wp-json\/wp\/v2\/product_tag?post=24984"}],"curies":[{"name":"wp","href":"https:\/\/api.w.org\/{rel}","templated":true}]}}