{"id":37422,"date":"2021-09-27T11:17:44","date_gmt":"2021-09-27T09:31:17","guid":{"rendered":"https:\/\/www.versiegelung24.com\/produkt\/matkapuhelimen-suojakerros-nestemaisesta-lasista-bakteereja-ja-viruksia-vastaan"},"modified":"2025-01-05T15:39:59","modified_gmt":"2025-01-05T14:39:59","slug":"kateva-neste-lasi-suojakerros-bakteereita-vastaan","status":"publish","type":"product","link":"https:\/\/www.versiegelung24.com\/fi\/kaetevae-neste-lasi-suojakerros-bakteereita-vastaan.html","title":{"rendered":"\u00c4lypuhelimen ja matkapuhelimen pitk\u00e4aikainen desinfiointiaine bakteereja ja viruksia vastaan"},"content":{"rendered":"\n<h2 class=\"wp-block-heading\" id=\"h-neuheit-am-markt-smartphones-amp-handys-fur-3-monate-mit-einer-unsichtbaren-flussigglas-schicht-gegen-bakterien-viren-und-pilze-schutzen\">Uutta markkinoilla: Suojaa \u00e4lypuhelimet ja matkapuhelimet bakteereilta, viruksilta ja sienilt\u00e4 kolmen kuukauden ajan<\/h2>\n<div class=\"wp-block-image\">\n<figure class=\"aligncenter size-large\"><img fetchpriority=\"high\" decoding=\"async\" width=\"2560\" height=\"1440\" src=\"https:\/\/www.versiegelung24.com\/wp-content\/uploads\/2021\/09\/handy_bakterien-viren-edited-scaled.jpeg\" alt=\"\" class=\"wp-image-38698\" srcset=\"https:\/\/www.versiegelung24.com\/wp-content\/uploads\/2021\/09\/handy_bakterien-viren-edited-scaled.jpeg 2560w, https:\/\/www.versiegelung24.com\/wp-content\/uploads\/2021\/09\/handy_bakterien-viren-edited-scaled-600x338.jpeg 600w, https:\/\/www.versiegelung24.com\/wp-content\/uploads\/2021\/09\/handy_bakterien-viren-edited-300x169.jpeg 300w, https:\/\/www.versiegelung24.com\/wp-content\/uploads\/2021\/09\/handy_bakterien-viren-edited-1300x731.jpeg 1300w, https:\/\/www.versiegelung24.com\/wp-content\/uploads\/2021\/09\/handy_bakterien-viren-edited-768x432.jpeg 768w, https:\/\/www.versiegelung24.com\/wp-content\/uploads\/2021\/09\/handy_bakterien-viren-edited-1536x864.jpeg 1536w, https:\/\/www.versiegelung24.com\/wp-content\/uploads\/2021\/09\/handy_bakterien-viren-edited-2048x1152.jpeg 2048w\" sizes=\"(max-width: 2560px) 100vw, 2560px\" \/><figcaption class=\"wp-element-caption\">\u00c4lypuhelin bakteerien, virusten ja sienien kantajana<\/figcaption><\/figure>\n<\/div>\n<p>Nyky\u00e4\u00e4n \u00e4lypuhelin on jatkuva kumppani. Monet ihmiset noutavat sen satoja kertoja p\u00e4iv\u00e4n aikana. Matkapuhelin on l\u00e4sn\u00e4 kaikkialla<strong> &#8211;<\/strong> olipa nukkumassa ja lepotilassa, olipa wc tai urheilu ja vapaa -aika. Todellinen juhla virusten ja bakteerien siirt\u00e4miselle. <\/p>\n\n<p>K\u00e4ytt\u00e4j\u00e4n tulee ottaa vakavasti bakteerien, sienien ja virusten riski \u00e4lypuhelimissa. Ne eiv\u00e4t ole vain ep\u00e4hygieenisi\u00e4, vaan ne voivat vaikuttaa sek\u00e4 hyvinvointiin ett\u00e4 terveyteen. Muuten on paljon miellytt\u00e4v\u00e4mp\u00e4\u00e4 k\u00e4ytt\u00e4\u00e4 yleisesti puhdasta ja hygieenisesti huollettua matkapuhelinta tai \u00e4lypuhelinta.<\/p>\n\n<hr\/>\n\n<h4 class=\"wp-block-heading\" id=\"video\">Video<\/h4>\n\n<figure class=\"wp-block-embed aligncenter is-type-rich is-provider-handler-einbetten wp-block-embed-handler-einbetten wp-embed-aspect-16-9 wp-has-aspect-ratio\"><div class=\"wp-block-embed__wrapper\"> \n<div class=\"nv-iframe-embed\"><iframe title=\"Award-winning Mobile Phone Sanitizer by LiquiGlas (904)\" width=\"1200\" height=\"675\" src=\"https:\/\/www.youtube.com\/embed\/OPwnhKcFTvA?feature=oembed\" frameborder=\"0\" allow=\"accelerometer; autoplay; clipboard-write; encrypted-media; gyroscope; picture-in-picture\" allowfullscreen><\/iframe><\/div>\n <\/div><\/figure>\n\n<hr\/>\n\n<h4 class=\"wp-block-heading\" id=\"properties\">Tuotteen ominaisuudet<\/h4>\n\n<div class=\"wp-block-columns is-layout-flex wp-container-core-columns-is-layout-9d6595d7 wp-block-columns-is-layout-flex\">\n<div class=\"wp-block-column is-layout-flow wp-block-column-is-layout-flow\">\n<h2 class=\"wp-block-heading\" id=\"die-highlights-auf-einen-blick\">Kohokohdat yhdell\u00e4 silm\u00e4yksell\u00e4<\/h2>\n\n\n\n<p><br\/><br\/><br\/><br\/><br\/>&#8211; Poikkeuksellinen ja ainutlaatuinen pitk\u00e4aikainen bakteerisuojaus &#8211; taattu bakteerien, sienten ja virusten neutralointi &#8211; yksinkertainen ja helppok\u00e4ytt\u00f6inen &#8211; l\u00e4\u00e4ketieteellisen tason desinfiointi &#8211; lis\u00e4suoja koronavirusta vastaan &#8211; vuoden 2020 MedTech Awardin voittaja &#8211; paras pitk\u00e4aikaisvaikutus pinnoilla taudinaiheuttajia vastaan.<\/p>\n<\/div>\n\n\n\n<div class=\"wp-block-column is-layout-flow wp-block-column-is-layout-flow\">\n<h2 class=\"wp-block-heading\" id=\"lieferumfang\">Toimituksen laajuus<\/h2>\n\n\n\n<p>12 bakteeripyyhett\u00e4, 1 x viikossa = 3 kuukautta<\/p>\n<\/div>\n<\/div>\n\n<hr\/>\n\n<h4 class=\"wp-block-heading\" id=\"application\">Hakemus<\/h4>\n\n<h2 class=\"wp-block-heading\" id=\"die-anwendung-hygienisch-sauberes-handy\">Sovellus &#8211; hygieenisesti puhdas matkapuhelin<\/h2>\n\n<div class=\"wp-block-getwid-toggle has-icon-left\">\n<div class=\"wp-block-getwid-toggle__row\"><div class=\"wp-block-getwid-toggle__header-wrapper\"><span class=\"wp-block-getwid-toggle__header\"><a href=\"#\"><span class=\"wp-block-getwid-toggle__header-title\">1. Smartphone s\u00e4ubern<\/span><span class=\"wp-block-getwid-toggle__icon is-active\"><i class=\"fas fa-plus\"><\/i><\/span><span class=\"wp-block-getwid-toggle__icon is-passive\"><i class=\"fas fa-minus\"><\/i><\/span><\/a><\/span><\/div><div class=\"wp-block-getwid-toggle__content-wrapper\"><div class=\"wp-block-getwid-toggle__content\">\n<p>P\u00e4\u00e4tylaite pyyhit\u00e4\u00e4n edest\u00e4 ja takaa mikrokuituliinalla tai kuivalla nukkaamattomalla liinalla sormenj\u00e4lkien, lian ja mahdollisen hankauksen poistamiseksi.<\/p>\n<\/div><\/div><\/div>\n\n\n\n<div class=\"wp-block-getwid-toggle__row\"><div class=\"wp-block-getwid-toggle__header-wrapper\"><span class=\"wp-block-getwid-toggle__header\"><a href=\"#\"><span class=\"wp-block-getwid-toggle__header-title\">2. Smartphone desinfizieren<\/span><span class=\"wp-block-getwid-toggle__icon is-active\"><i class=\"fas fa-plus\"><\/i><\/span><span class=\"wp-block-getwid-toggle__icon is-passive\"><i class=\"fas fa-minus\"><\/i><\/span><\/a><\/span><\/div><div class=\"wp-block-getwid-toggle__content-wrapper\"><div class=\"wp-block-getwid-toggle__content\">\n<p>12-pakkaus avataan ja ensimm\u00e4inen kutistemuovinen desinfiointiainepyyhe poistetaan. Desinfiointiainepyyhkeen toisella puolella matkapuhelin puhdistetaan perusteellisesti edest\u00e4 ja takaa, toisin sanoen pyyhit\u00e4\u00e4n pois. T\u00e4m\u00e4n j\u00e4lkeen p\u00e4\u00e4tylaite desinfioidaan noin 30 sekunnin ajan kankaan toisella, viel\u00e4 puhtaalla puolella. T\u00e4m\u00e4 luo pienen verhon sen pinnalle.<\/p>\n<\/div><\/div><\/div>\n\n\n\n<div class=\"wp-block-getwid-toggle__row\"><div class=\"wp-block-getwid-toggle__header-wrapper\"><span class=\"wp-block-getwid-toggle__header\"><a href=\"#\"><span class=\"wp-block-getwid-toggle__header-title\">3. Trocknungsvorgang<\/span><span class=\"wp-block-getwid-toggle__icon is-active\"><i class=\"fas fa-plus\"><\/i><\/span><span class=\"wp-block-getwid-toggle__icon is-passive\"><i class=\"fas fa-minus\"><\/i><\/span><\/a><\/span><\/div><div class=\"wp-block-getwid-toggle__content-wrapper\"><div class=\"wp-block-getwid-toggle__content\">\n<p>T\u00e4t\u00e4 seuraa kahden tai kolmen minuutin kuivausprosessi. Levitetty neste toimii ja muodostaa desinfioivan suojakerroksen.<\/p>\n<\/div><\/div><\/div>\n\n\n\n<div class=\"wp-block-getwid-toggle__row\"><div class=\"wp-block-getwid-toggle__header-wrapper\"><span class=\"wp-block-getwid-toggle__header\"><a href=\"#\"><span class=\"wp-block-getwid-toggle__header-title\">4. Nachpolieren<\/span><span class=\"wp-block-getwid-toggle__icon is-active\"><i class=\"fas fa-plus\"><\/i><\/span><span class=\"wp-block-getwid-toggle__icon is-passive\"><i class=\"fas fa-minus\"><\/i><\/span><\/a><\/span><\/div><div class=\"wp-block-getwid-toggle__content-wrapper\"><div class=\"wp-block-getwid-toggle__content\">\n<p>Kuivausprosessin lopussa matkapuhelin peitet\u00e4\u00e4n j\u00e4lleen puhtaalla kuivausliinalla<strong> &#8211;<\/strong> esimerkiksi mikrokuitua<strong> &#8211;<\/strong> Uudistetaan, kunnes pinnassa ei ole raitoja. Nyt kehitetty pitk\u00e4aikainen desinfiointisuoja toimii edelleen intensiivisesti seuraavan seitsem\u00e4n-kymmenen p\u00e4iv\u00e4n ajan.<\/p>\n<\/div><\/div><\/div>\n<\/div>\n\n<br\/>\n\n<hr\/>\n\n<h4 class=\"wp-block-heading\" id=\"advisor\">Neuvonantaja<\/h4>\n\n<h2 class=\"wp-block-heading\" id=\"award-gewinner-handy-desinfektion-raumt-ab\">Palkinnon voittaja &#8211; matkapuhelimen desinfiointi voittaa<\/h2>\n\n<p>Mobiililaitteiden, kuten matkapuhelimien, \u00e4lypuhelimien tai tablettien desinfiointisuojauksen markkinoilla oleva uutuus on CCM\u00ae: n 12-pakkaus bakteeripyyhkeit\u00e4. CCM tarkoittaa Creative Chemical Manufacturer GmbH, jonka p\u00e4\u00e4konttori sijaitsee Overathissa, Nordrhein-Westfalenissa.<\/p>\n\n<figure class=\"wp-block-image size-full\"><img decoding=\"async\" width=\"700\" height=\"207\" src=\"https:\/\/www.versiegelung24.com\/wp-content\/uploads\/2021\/09\/2020-MedTech-Awards-2.png\" alt=\"\" class=\"wp-image-37295\" srcset=\"https:\/\/www.versiegelung24.com\/wp-content\/uploads\/2021\/09\/2020-MedTech-Awards-2.png 700w, https:\/\/www.versiegelung24.com\/wp-content\/uploads\/2021\/09\/2020-MedTech-Awards-2-600x177.png 600w, https:\/\/www.versiegelung24.com\/wp-content\/uploads\/2021\/09\/2020-MedTech-Awards-2-300x89.png 300w\" sizes=\"(max-width: 700px) 100vw, 700px\" \/><figcaption class=\"wp-element-caption\"><strong>Palkittu MedTech -palkinnolla &#8211; paras pitk\u00e4aikainen patogeenisuojausratkaisu<\/strong><\/figcaption><\/figure>\n\n<h2 class=\"wp-block-heading\" id=\"ohne-handy-und-smartphone-desinfizieren-geht-es-einfach-nicht\">Desinfiointi ilman matkapuhelinta ja \u00e4lypuhelinta ei yksinkertaisesti ole mahdollista!<\/h2>\n\n<p>Ihmiset ovat tottuneet pesem\u00e4\u00e4n ja desinfioimaan k\u00e4tens\u00e4 s\u00e4\u00e4nn\u00f6llisesti. On erityisen t\u00e4rke\u00e4\u00e4 olla unohtamatta oman \u00e4lypuhelimen desinfiointia. Oikein k\u00e4ytettyn\u00e4 suojaava bakteerikangas kehitt\u00e4\u00e4 jatkuvan desinfiointivaikutuksen jopa kymmenen p\u00e4iv\u00e4n ajan. 12 kappaleen pakkauksessa p\u00e4\u00e4telaite on aina hygieenisesti t\u00e4ydellisess\u00e4 kunnossa nelj\u00e4nneksen vuoden ajan.<\/p>\n\n<p><\/p>\n\n<p><strong>Kahdentoista suojaliinan s\u00e4\u00e4nn\u00f6llinen k\u00e4ytt\u00f6 luo eritt\u00e4in ohuen nestem\u00e4isen lasipinnoitteen \u00e4lypuhelimen pinnalle.<\/strong> Se est\u00e4\u00e4 taudinaiheuttajien muodostumisen ja seurauksena niiden muodostumisen. Positiivisena sivuvaikutuksena pinta muuttuu yh\u00e4 sile\u00e4mm\u00e4ksi ja voidaan puhdistaa eritt\u00e4in helposti. T\u00e4m\u00e4 vaikutus kasvaa mit\u00e4 pidemp\u00e4\u00e4n desinfiointiaineita k\u00e4ytet\u00e4\u00e4n.<\/p>\n","protected":false},"excerpt":{"rendered":"<p>Mobiililaitteiden, kuten matkapuhelimien, \u00e4lypuhelimien tai tablettien desinfiointisuojauksen markkinoilla oleva uutuus on CCM\u00ae: n 12-pakkaus bakteeripyyhkeit\u00e4.<\/p>\n<p>Sertifioitu MedTech-palkinnolla<strong>&#8220;Paras pitk\u00e4aikainen patogeenien vastainen suojausratkaisu&#8221;.<\/p>\n<p><\/strong><\/p>\n<p><img decoding=\"async\" class=\"alignnone size-medium wp-image-37295\" src=\"https:\/\/www.versiegelung24.com\/wp-content\/uploads\/2021\/09\/2020-MedTech-Awards-2-300x89.png\" alt=\"\" width=\"300\" height=\"89\" srcset=\"https:\/\/www.versiegelung24.com\/wp-content\/uploads\/2021\/09\/2020-MedTech-Awards-2-300x89.png 300w, https:\/\/www.versiegelung24.com\/wp-content\/uploads\/2021\/09\/2020-MedTech-Awards-2-600x177.png 600w, https:\/\/www.versiegelung24.com\/wp-content\/uploads\/2021\/09\/2020-MedTech-Awards-2.png 700w\" sizes=\"(max-width: 300px) 100vw, 300px\" \/><\/p>\n","protected":false},"featured_media":63240,"template":"","meta":{"_acf_changed":false,"neve_meta_sidebar":"","neve_meta_container":"","neve_meta_enable_content_width":"","neve_meta_content_width":0,"neve_meta_title_alignment":"","neve_meta_author_avatar":"","neve_post_elements_order":"","neve_meta_disable_header":"","neve_meta_disable_footer":"","neve_meta_disable_title":"","neve_meta_reading_time":"","_surfaces":[],"_ver_product_tabs":[],"footnotes":""},"product_brand":[],"product_cat":[2278,3009],"product_tag":[],"class_list":{"0":"post-37422","1":"product","2":"type-product","3":"status-publish","4":"has-post-thumbnail","6":"product_cat-desinfiointiaineet","7":"product_cat-matkapuhelimen-desinfiointiaine","9":"first","10":"instock","11":"taxable","12":"shipping-taxable","13":"purchasable","14":"product-type-simple"},"acf":[],"yoast_head":"<!-- This site is optimized with the Yoast SEO Premium plugin v22.8 (Yoast SEO v27.5) - https:\/\/yoast.com\/product\/yoast-seo-premium-wordpress\/ -->\n<title>\u00c4lypuhelimen ja matkapuhelimen pitk\u00e4aikainen desinfiointiaine bakteereja ja viruksia vastaan - versiegelung24.com<\/title>\n<meta name=\"robots\" content=\"index, follow, max-snippet:-1, max-image-preview:large, max-video-preview:-1\" \/>\n<link rel=\"canonical\" href=\"https:\/\/www.versiegelung24.com\/fi\/kaetevae-neste-lasi-suojakerros-bakteereita-vastaan.html\" \/>\n<meta property=\"og:locale\" content=\"fi_FI\" \/>\n<meta property=\"og:type\" content=\"article\" \/>\n<meta property=\"og:title\" content=\"\u00c4lypuhelimen ja matkapuhelimen pitk\u00e4aikainen desinfiointiaine bakteereja ja viruksia vastaan\" \/>\n<meta property=\"og:description\" content=\"Mobiililaitteiden, kuten matkapuhelimien, \u00e4lypuhelimien tai tablettien desinfiointisuojauksen markkinoilla oleva uutuus on CCM\u00ae: n 12-pakkaus bakteeripyyhkeit\u00e4. Sertifioitu MedTech-palkinnolla&quot;Paras pitk\u00e4aikainen patogeenien vastainen suojausratkaisu&quot;.\" \/>\n<meta property=\"og:url\" content=\"https:\/\/www.versiegelung24.com\/fi\/kaetevae-neste-lasi-suojakerros-bakteereita-vastaan.html\" \/>\n<meta property=\"og:site_name\" content=\"versiegelung24.com\" \/>\n<meta property=\"article:modified_time\" content=\"2025-01-05T14:39:59+00:00\" \/>\n<meta property=\"og:image\" content=\"https:\/\/www.versiegelung24.com\/wp-content\/uploads\/2021\/09\/produkt-4009-904-Handy-Bakterienschutz-Verpackung1.jpg\" \/>\n\t<meta property=\"og:image:width\" content=\"2000\" \/>\n\t<meta property=\"og:image:height\" content=\"2000\" \/>\n\t<meta property=\"og:image:type\" content=\"image\/jpeg\" \/>\n<meta name=\"twitter:card\" content=\"summary_large_image\" \/>\n<meta name=\"twitter:label1\" content=\"Hinta\" \/>\n\t<meta name=\"twitter:data1\" content=\"10,99&euro;\" \/>\n\t<meta name=\"twitter:label2\" content=\"Saatavuus\" \/>\n\t<meta name=\"twitter:data2\" content=\"Varastossa\" \/>\n<script type=\"application\/ld+json\" class=\"yoast-schema-graph\">{\"@context\":\"https:\\\/\\\/schema.org\",\"@graph\":[{\"@type\":\"WebPage\",\"@id\":\"https:\\\/\\\/www.versiegelung24.com\\\/fi\\\/kaetevae-neste-lasi-suojakerros-bakteereita-vastaan.html\",\"url\":\"https:\\\/\\\/www.versiegelung24.com\\\/fi\\\/kaetevae-neste-lasi-suojakerros-bakteereita-vastaan.html\",\"name\":\"\u00c4lypuhelimen ja matkapuhelimen pitk\u00e4aikainen desinfiointiaine bakteereja ja viruksia vastaan - versiegelung24.com\",\"isPartOf\":{\"@id\":\"https:\\\/\\\/www.versiegelung24.com\\\/fi\\\/#website\"},\"primaryImageOfPage\":{\"@id\":\"https:\\\/\\\/www.versiegelung24.com\\\/fi\\\/kaetevae-neste-lasi-suojakerros-bakteereita-vastaan.html#primaryimage\"},\"image\":{\"@id\":\"https:\\\/\\\/www.versiegelung24.com\\\/fi\\\/kaetevae-neste-lasi-suojakerros-bakteereita-vastaan.html#primaryimage\"},\"thumbnailUrl\":\"https:\\\/\\\/www.versiegelung24.com\\\/wp-content\\\/uploads\\\/2021\\\/09\\\/produkt-4009-904-Handy-Bakterienschutz-Verpackung1.jpg\",\"datePublished\":\"2021-09-27T09:31:17+00:00\",\"dateModified\":\"2025-01-05T14:39:59+00:00\",\"breadcrumb\":{\"@id\":\"https:\\\/\\\/www.versiegelung24.com\\\/fi\\\/kaetevae-neste-lasi-suojakerros-bakteereita-vastaan.html#breadcrumb\"},\"inLanguage\":\"fi\",\"potentialAction\":[{\"@type\":\"ReadAction\",\"target\":[\"https:\\\/\\\/www.versiegelung24.com\\\/fi\\\/kaetevae-neste-lasi-suojakerros-bakteereita-vastaan.html\"]}]},{\"@type\":\"ImageObject\",\"inLanguage\":\"fi\",\"@id\":\"https:\\\/\\\/www.versiegelung24.com\\\/fi\\\/kaetevae-neste-lasi-suojakerros-bakteereita-vastaan.html#primaryimage\",\"url\":\"https:\\\/\\\/www.versiegelung24.com\\\/wp-content\\\/uploads\\\/2021\\\/09\\\/produkt-4009-904-Handy-Bakterienschutz-Verpackung1.jpg\",\"contentUrl\":\"https:\\\/\\\/www.versiegelung24.com\\\/wp-content\\\/uploads\\\/2021\\\/09\\\/produkt-4009-904-Handy-Bakterienschutz-Verpackung1.jpg\",\"width\":2000,\"height\":2000},{\"@type\":\"BreadcrumbList\",\"@id\":\"https:\\\/\\\/www.versiegelung24.com\\\/fi\\\/kaetevae-neste-lasi-suojakerros-bakteereita-vastaan.html#breadcrumb\",\"itemListElement\":[{\"@type\":\"ListItem\",\"position\":1,\"name\":\"Kotisivu\",\"item\":\"https:\\\/\\\/www.versiegelung24.com\\\/fi\\\/etupuolella\\\/\"},{\"@type\":\"ListItem\",\"position\":2,\"name\":\"Myym\u00e4l\u00e4\",\"item\":\"https:\\\/\\\/www.versiegelung24.com\\\/fi\\\/myymala-2\\\/\"},{\"@type\":\"ListItem\",\"position\":3,\"name\":\"\u00c4lypuhelimen ja matkapuhelimen pitk\u00e4aikainen desinfiointiaine bakteereja ja viruksia vastaan\"}]},{\"@type\":\"WebSite\",\"@id\":\"https:\\\/\\\/www.versiegelung24.com\\\/fi\\\/#website\",\"url\":\"https:\\\/\\\/www.versiegelung24.com\\\/fi\\\/\",\"name\":\"versiegelung24.com\",\"description\":\"Fl\u00fcssigglas-Versiegelung - Made in Germany\",\"publisher\":{\"@id\":\"https:\\\/\\\/www.versiegelung24.com\\\/fi\\\/#organization\"},\"potentialAction\":[{\"@type\":\"SearchAction\",\"target\":{\"@type\":\"EntryPoint\",\"urlTemplate\":\"https:\\\/\\\/www.versiegelung24.com\\\/fi\\\/?s={search_term_string}\"},\"query-input\":{\"@type\":\"PropertyValueSpecification\",\"valueRequired\":true,\"valueName\":\"search_term_string\"}}],\"inLanguage\":\"fi\"},{\"@type\":\"Organization\",\"@id\":\"https:\\\/\\\/www.versiegelung24.com\\\/fi\\\/#organization\",\"name\":\"versiegelung24\",\"url\":\"https:\\\/\\\/www.versiegelung24.com\\\/fi\\\/\",\"logo\":{\"@type\":\"ImageObject\",\"inLanguage\":\"fi\",\"@id\":\"https:\\\/\\\/www.versiegelung24.com\\\/fi\\\/#\\\/schema\\\/logo\\\/image\\\/\",\"url\":\"https:\\\/\\\/www.versiegelung24.com\\\/wp-content\\\/uploads\\\/2020\\\/04\\\/versiegelung24.png\",\"contentUrl\":\"https:\\\/\\\/www.versiegelung24.com\\\/wp-content\\\/uploads\\\/2020\\\/04\\\/versiegelung24.png\",\"width\":470,\"height\":102,\"caption\":\"versiegelung24\"},\"image\":{\"@id\":\"https:\\\/\\\/www.versiegelung24.com\\\/fi\\\/#\\\/schema\\\/logo\\\/image\\\/\"}}]}<\/script>\n<meta property=\"product:price:amount\" content=\"10.99\" \/>\n<meta property=\"product:price:currency\" content=\"EUR\" \/>\n<meta property=\"og:availability\" content=\"instock\" \/>\n<meta property=\"product:availability\" content=\"instock\" \/>\n<meta property=\"product:retailer_item_id\" content=\"4009-904\" \/>\n<meta property=\"product:condition\" content=\"new\" \/>\n<!-- \/ Yoast SEO Premium plugin. -->","yoast_head_json":{"title":"\u00c4lypuhelimen ja matkapuhelimen pitk\u00e4aikainen desinfiointiaine bakteereja ja viruksia vastaan - versiegelung24.com","robots":{"index":"index","follow":"follow","max-snippet":"max-snippet:-1","max-image-preview":"max-image-preview:large","max-video-preview":"max-video-preview:-1"},"canonical":"https:\/\/www.versiegelung24.com\/fi\/kaetevae-neste-lasi-suojakerros-bakteereita-vastaan.html","og_locale":"fi_FI","og_type":"article","og_title":"\u00c4lypuhelimen ja matkapuhelimen pitk\u00e4aikainen desinfiointiaine bakteereja ja viruksia vastaan","og_description":"Mobiililaitteiden, kuten matkapuhelimien, \u00e4lypuhelimien tai tablettien desinfiointisuojauksen markkinoilla oleva uutuus on CCM\u00ae: n 12-pakkaus bakteeripyyhkeit\u00e4. Sertifioitu MedTech-palkinnolla\"Paras pitk\u00e4aikainen patogeenien vastainen suojausratkaisu\".","og_url":"https:\/\/www.versiegelung24.com\/fi\/kaetevae-neste-lasi-suojakerros-bakteereita-vastaan.html","og_site_name":"versiegelung24.com","article_modified_time":"2025-01-05T14:39:59+00:00","og_image":[{"width":2000,"height":2000,"url":"https:\/\/www.versiegelung24.com\/wp-content\/uploads\/2021\/09\/produkt-4009-904-Handy-Bakterienschutz-Verpackung1.jpg","type":"image\/jpeg"}],"twitter_card":"summary_large_image","twitter_misc":{"Hinta":"10,99&euro;","Saatavuus":"Varastossa"},"schema":{"@context":"https:\/\/schema.org","@graph":[{"@type":"WebPage","@id":"https:\/\/www.versiegelung24.com\/fi\/kaetevae-neste-lasi-suojakerros-bakteereita-vastaan.html","url":"https:\/\/www.versiegelung24.com\/fi\/kaetevae-neste-lasi-suojakerros-bakteereita-vastaan.html","name":"\u00c4lypuhelimen ja matkapuhelimen pitk\u00e4aikainen desinfiointiaine bakteereja ja viruksia vastaan - versiegelung24.com","isPartOf":{"@id":"https:\/\/www.versiegelung24.com\/fi\/#website"},"primaryImageOfPage":{"@id":"https:\/\/www.versiegelung24.com\/fi\/kaetevae-neste-lasi-suojakerros-bakteereita-vastaan.html#primaryimage"},"image":{"@id":"https:\/\/www.versiegelung24.com\/fi\/kaetevae-neste-lasi-suojakerros-bakteereita-vastaan.html#primaryimage"},"thumbnailUrl":"https:\/\/www.versiegelung24.com\/wp-content\/uploads\/2021\/09\/produkt-4009-904-Handy-Bakterienschutz-Verpackung1.jpg","datePublished":"2021-09-27T09:31:17+00:00","dateModified":"2025-01-05T14:39:59+00:00","breadcrumb":{"@id":"https:\/\/www.versiegelung24.com\/fi\/kaetevae-neste-lasi-suojakerros-bakteereita-vastaan.html#breadcrumb"},"inLanguage":"fi","potentialAction":[{"@type":"ReadAction","target":["https:\/\/www.versiegelung24.com\/fi\/kaetevae-neste-lasi-suojakerros-bakteereita-vastaan.html"]}]},{"@type":"ImageObject","inLanguage":"fi","@id":"https:\/\/www.versiegelung24.com\/fi\/kaetevae-neste-lasi-suojakerros-bakteereita-vastaan.html#primaryimage","url":"https:\/\/www.versiegelung24.com\/wp-content\/uploads\/2021\/09\/produkt-4009-904-Handy-Bakterienschutz-Verpackung1.jpg","contentUrl":"https:\/\/www.versiegelung24.com\/wp-content\/uploads\/2021\/09\/produkt-4009-904-Handy-Bakterienschutz-Verpackung1.jpg","width":2000,"height":2000},{"@type":"BreadcrumbList","@id":"https:\/\/www.versiegelung24.com\/fi\/kaetevae-neste-lasi-suojakerros-bakteereita-vastaan.html#breadcrumb","itemListElement":[{"@type":"ListItem","position":1,"name":"Kotisivu","item":"https:\/\/www.versiegelung24.com\/fi\/etupuolella\/"},{"@type":"ListItem","position":2,"name":"Myym\u00e4l\u00e4","item":"https:\/\/www.versiegelung24.com\/fi\/myymala-2\/"},{"@type":"ListItem","position":3,"name":"\u00c4lypuhelimen ja matkapuhelimen pitk\u00e4aikainen desinfiointiaine bakteereja ja viruksia vastaan"}]},{"@type":"WebSite","@id":"https:\/\/www.versiegelung24.com\/fi\/#website","url":"https:\/\/www.versiegelung24.com\/fi\/","name":"versiegelung24.com","description":"Fl\u00fcssigglas-Versiegelung - Made in Germany","publisher":{"@id":"https:\/\/www.versiegelung24.com\/fi\/#organization"},"potentialAction":[{"@type":"SearchAction","target":{"@type":"EntryPoint","urlTemplate":"https:\/\/www.versiegelung24.com\/fi\/?s={search_term_string}"},"query-input":{"@type":"PropertyValueSpecification","valueRequired":true,"valueName":"search_term_string"}}],"inLanguage":"fi"},{"@type":"Organization","@id":"https:\/\/www.versiegelung24.com\/fi\/#organization","name":"versiegelung24","url":"https:\/\/www.versiegelung24.com\/fi\/","logo":{"@type":"ImageObject","inLanguage":"fi","@id":"https:\/\/www.versiegelung24.com\/fi\/#\/schema\/logo\/image\/","url":"https:\/\/www.versiegelung24.com\/wp-content\/uploads\/2020\/04\/versiegelung24.png","contentUrl":"https:\/\/www.versiegelung24.com\/wp-content\/uploads\/2020\/04\/versiegelung24.png","width":470,"height":102,"caption":"versiegelung24"},"image":{"@id":"https:\/\/www.versiegelung24.com\/fi\/#\/schema\/logo\/image\/"}}]},"product_price_amount":"10.99","product_price_currency":"EUR","og_availability":"instock","product_availability":"instock","product_retailer_item_id":"4009-904","product_condition":"new"},"_links":{"self":[{"href":"https:\/\/www.versiegelung24.com\/fi\/wp-json\/wp\/v2\/product\/37422","targetHints":{"allow":["GET"]}}],"collection":[{"href":"https:\/\/www.versiegelung24.com\/fi\/wp-json\/wp\/v2\/product"}],"about":[{"href":"https:\/\/www.versiegelung24.com\/fi\/wp-json\/wp\/v2\/types\/product"}],"version-history":[{"count":98,"href":"https:\/\/www.versiegelung24.com\/fi\/wp-json\/wp\/v2\/product\/37422\/revisions"}],"predecessor-version":[{"id":178276,"href":"https:\/\/www.versiegelung24.com\/fi\/wp-json\/wp\/v2\/product\/37422\/revisions\/178276"}],"wp:featuredmedia":[{"embeddable":true,"href":"https:\/\/www.versiegelung24.com\/fi\/wp-json\/wp\/v2\/media\/63240"}],"wp:attachment":[{"href":"https:\/\/www.versiegelung24.com\/fi\/wp-json\/wp\/v2\/media?parent=37422"}],"wp:term":[{"taxonomy":"product_brand","embeddable":true,"href":"https:\/\/www.versiegelung24.com\/fi\/wp-json\/wp\/v2\/product_brand?post=37422"},{"taxonomy":"product_cat","embeddable":true,"href":"https:\/\/www.versiegelung24.com\/fi\/wp-json\/wp\/v2\/product_cat?post=37422"},{"taxonomy":"product_tag","embeddable":true,"href":"https:\/\/www.versiegelung24.com\/fi\/wp-json\/wp\/v2\/product_tag?post=37422"}],"curies":[{"name":"wp","href":"https:\/\/api.w.org\/{rel}","templated":true}]}}