{"id":46432,"date":"2022-01-04T18:16:33","date_gmt":"2022-01-04T17:16:33","guid":{"rendered":"https:\/\/www.versiegelung24.com\/?post_type=product&#038;p=46432"},"modified":"2026-04-30T14:15:38","modified_gmt":"2026-04-30T12:15:38","slug":"pedexan-kenkien-desinfiointitayttopullo","status":"publish","type":"product","link":"https:\/\/www.versiegelung24.com\/fi\/pedexan-kenkien-desinfiointitayttopullo.html","title":{"rendered":"Pitk\u00e4vaikutteinen Pedexan kenkien desinfiointi 1l t\u00e4ytt\u00f6pullo"},"content":{"rendered":"\n<h2 class=\"wp-block-heading\" id=\"pedexan-schuhdesinfektion-alaska-frische-fur-die-schuhe\">Pedexan -kenkien desinfiointi &#8211; Alaskan raikkautta kengille<\/h2>\n\n<p><strong>K\u00e4yt\u00e4nn\u00f6llinen 1 litran t\u00e4ytt\u00f6pullo <a href=\"https:\/\/www.versiegelung24.com\/fi\/pedexan-kenkien-desinfiointiannostelija-pedspend.html\">Pedexan PedSpend -kenkien desinfiointilaitteeseen suihkeputkella<\/a> tai <a href=\"https:\/\/www.versiegelung24.com\/fi\/pedexan-kenkien-desinfiointi.html\">125 ml:<\/a> n Pedexan-pumppusuihkepulloon.<\/strong><\/p>\n\n<p>Jos ty\u00f6kenki\u00e4 tai vapaa-ajan kenki\u00e4 k\u00e4ytet\u00e4\u00e4n ahkerasti pitk\u00e4n aikaa, syntyy usein ihanteellinen ymp\u00e4rist\u00f6 bakteereille ja sienille lis\u00e4\u00e4ntymiselle ja syntyy ep\u00e4miellytt\u00e4vi\u00e4 hajuja.<\/p>\n\n<p>Jopa tuoreiden sukkien ja keng\u00e4n tuulettamisen my\u00f6t\u00e4 ep\u00e4miellytt\u00e4v\u00e4 haju s\u00e4ilyy ja voi jopa aiheuttaa ik\u00e4vi\u00e4 infektioita jaloissa.<\/p>\n\n<p><strong>Pedexan-<\/strong> kenkien desinfiointi voi auttaa t\u00e4ss\u00e4. Bakteerit ja sienet poistetaan tehokkaasti ja uusien muodostuminen estet\u00e4\u00e4n pitk\u00e4aikaisvaikutuksen ansiosta.<\/p>\n\n<p>Alaskalaisella tuoksullaan Pedexan varmistaa miellytt\u00e4v\u00e4n tuoreuden ja on jopa bioyhteensopiva.<\/p>\n\n<hr \/>\n\n<h4 class=\"wp-block-heading\" id=\"application\">Hakemus<\/h4>\n\n<p>Sovellus on hyvin yksinkertainen:<\/p>\n\n<p><br \/><br \/>&#8211; Suihkuta kenkien sis\u00e4puolelle ulkona. &#8211; Suosittelemme 5-10 suihkausta ensimm\u00e4isell\u00e4 k\u00e4ytt\u00f6kerralla. &#8211; Pedexan-keng\u00e4n desinfiointiainetta tulisi k\u00e4ytt\u00e4\u00e4 1-2 kertaa viikossa tai tarpeen mukaan.<\/p>\n\n<hr \/>\n\n<h4 class=\"wp-block-heading\" id=\"advisor\">Neuvonantaja<\/h4>\n\n<p><strong>Turvallisuusohjeet:<\/strong><\/p>\n\n<p>Muista huomioida! Huolehdi riitt\u00e4v\u00e4st\u00e4 ilmanvaihdosta hoidon aikana. Helposti syttyv\u00e4 neste ja h\u00f6yry. \u00c4rsytt\u00e4\u00e4 voimakkaasti silmi\u00e4. Pid\u00e4 poissa kuumuudesta, kuumista pinnoista, kipin\u00f6ist\u00e4, avotulesta ja muista sytytysl\u00e4hteist\u00e4. \u00c4l\u00e4 tupakoi. S\u00e4ilyt\u00e4 viile\u00e4ss\u00e4, hyvin ilmastoidussa paikassa. Jos tarvitaan l\u00e4\u00e4ketieteellist\u00e4 neuvontaa, pid\u00e4 pakkaus tai etiketti valmiina. S\u00e4ilytett\u00e4v\u00e4 lasten ulottumattomissa.<\/p>\n\n<p>Voidaan k\u00e4ytt\u00e4\u00e4 keng\u00e4n kaikilla sis\u00e4pinnoilla. Jos olet ep\u00e4varma, testaa Pedexania n\u00e4kym\u00e4tt\u00f6m\u00e4ss\u00e4 paikassa.<\/p>\n\n<p>Varastointi vain suljetussa astiassa. S\u00e4ili\u00f6 voidaan kierr\u00e4tt\u00e4\u00e4 vasta, kun se on t\u00e4ysin tyhj\u00e4. \u00c4l\u00e4 k\u00e4yt\u00e4 viimeisen k\u00e4ytt\u00f6p\u00e4iv\u00e4m\u00e4\u00e4r\u00e4n j\u00e4lkeen.<\/p>\n\n<p>Biosidirekisterinumero: N-25889<\/p>\n\n<p>T\u00e4rke\u00e4\u00e4: K\u00e4yt\u00e4 biosidivalmisteita varoen. Lue aina etiketti ja tuotetiedot ennen k\u00e4ytt\u00f6\u00e4.<\/p>\n\n<hr \/>\n","protected":false},"excerpt":{"rendered":"<p>Pedexan -kenkien desinfiointi &#8211; Alaskan raikkautta kengille K\u00e4yt\u00e4nn\u00f6llinen 1 litran t\u00e4ytt\u00f6pullo Pedexan PedSpend -kenkien desinfiointilaitteeseen suihkeputkella tai 125 ml: n Pedexan-pumppusuihkepulloon. Jos ty\u00f6kenki\u00e4 tai vapaa-ajan kenki\u00e4 k\u00e4ytet\u00e4\u00e4n ahkerasti pitk\u00e4n aikaa, syntyy usein ihanteellinen ymp\u00e4rist\u00f6 bakteereille ja sienille lis\u00e4\u00e4ntymiselle ja syntyy ep\u00e4miellytt\u00e4vi\u00e4 hajuja. Jopa tuoreiden sukkien ja keng\u00e4n tuulettamisen my\u00f6t\u00e4 ep\u00e4miellytt\u00e4v\u00e4 haju s\u00e4ilyy ja voi jopa&hellip;&nbsp;<a href=\"https:\/\/www.versiegelung24.com\/fi\/pedexan-kenkien-desinfiointitayttopullo.html\" rel=\"bookmark\">Read More &raquo;<span class=\"screen-reader-text\">Pitk\u00e4vaikutteinen Pedexan kenkien desinfiointi 1l t\u00e4ytt\u00f6pullo<\/span><\/a><\/p>\n","protected":false},"featured_media":21927,"template":"","meta":{"_acf_changed":false,"neve_meta_sidebar":"","neve_meta_container":"","neve_meta_enable_content_width":"","neve_meta_content_width":0,"neve_meta_title_alignment":"","neve_meta_author_avatar":"","neve_post_elements_order":"","neve_meta_disable_header":"","neve_meta_disable_footer":"","neve_meta_disable_title":"","neve_meta_reading_time":"","_surfaces":[],"_ver_product_tabs":[],"footnotes":""},"product_brand":[],"product_cat":[2278,2846],"product_tag":[],"class_list":{"0":"post-46432","1":"product","2":"type-product","3":"status-publish","4":"has-post-thumbnail","6":"product_cat-desinfiointiaineet","7":"product_cat-kengaen-desinfiointiaineet","9":"first","10":"instock","11":"taxable","12":"shipping-taxable","13":"purchasable","14":"product-type-simple"},"acf":[],"yoast_head":"<!-- This site is optimized with the Yoast SEO Premium plugin v22.8 (Yoast SEO v27.5) - https:\/\/yoast.com\/product\/yoast-seo-premium-wordpress\/ -->\n<title>Pitk\u00e4vaikutteinen Pedexan kenkien desinfiointi 1l t\u00e4ytt\u00f6pullo - versiegelung24.com<\/title>\n<meta name=\"description\" content=\"Pedexan -kenk\u00e4desinfiointi - ratkaisu ep\u00e4miellytt\u00e4vi\u00e4 hajuja ja bakteereja ja sieni\u00e4 vastaan.\" \/>\n<meta name=\"robots\" content=\"index, follow, max-snippet:-1, max-image-preview:large, max-video-preview:-1\" \/>\n<link rel=\"canonical\" href=\"https:\/\/www.versiegelung24.com\/fi\/pedexan-kenkien-desinfiointitayttopullo.html\" \/>\n<meta property=\"og:locale\" content=\"fi_FI\" \/>\n<meta property=\"og:type\" content=\"article\" \/>\n<meta property=\"og:title\" content=\"Pitk\u00e4vaikutteinen Pedexan kenkien desinfiointi 1l t\u00e4ytt\u00f6pullo\" \/>\n<meta property=\"og:description\" content=\"Pedexan -kenk\u00e4desinfiointi - ratkaisu ep\u00e4miellytt\u00e4vi\u00e4 hajuja ja bakteereja ja sieni\u00e4 vastaan.\" \/>\n<meta property=\"og:url\" content=\"https:\/\/www.versiegelung24.com\/fi\/pedexan-kenkien-desinfiointitayttopullo.html\" \/>\n<meta property=\"og:site_name\" content=\"versiegelung24.com\" \/>\n<meta property=\"article:modified_time\" content=\"2026-04-30T12:15:38+00:00\" \/>\n<meta property=\"og:image\" content=\"https:\/\/www.versiegelung24.com\/wp-content\/uploads\/2021\/03\/pedexan-schuhdesinfektion-1-liter.png\" \/>\n\t<meta property=\"og:image:width\" content=\"2000\" \/>\n\t<meta property=\"og:image:height\" content=\"2000\" \/>\n\t<meta property=\"og:image:type\" content=\"image\/png\" \/>\n<meta name=\"twitter:card\" content=\"summary_large_image\" \/>\n<meta name=\"twitter:label1\" content=\"Hinta\" \/>\n\t<meta name=\"twitter:data1\" content=\"42,49&euro;\" \/>\n\t<meta name=\"twitter:label2\" content=\"Saatavuus\" \/>\n\t<meta name=\"twitter:data2\" content=\"Varastossa\" \/>\n<script type=\"application\/ld+json\" class=\"yoast-schema-graph\">{\"@context\":\"https:\\\/\\\/schema.org\",\"@graph\":[{\"@type\":\"WebPage\",\"@id\":\"https:\\\/\\\/www.versiegelung24.com\\\/fi\\\/pedexan-kenkien-desinfiointitayttopullo.html\",\"url\":\"https:\\\/\\\/www.versiegelung24.com\\\/fi\\\/pedexan-kenkien-desinfiointitayttopullo.html\",\"name\":\"Pitk\u00e4vaikutteinen Pedexan kenkien desinfiointi 1l t\u00e4ytt\u00f6pullo - versiegelung24.com\",\"isPartOf\":{\"@id\":\"https:\\\/\\\/www.versiegelung24.com\\\/fi\\\/#website\"},\"primaryImageOfPage\":{\"@id\":\"https:\\\/\\\/www.versiegelung24.com\\\/fi\\\/pedexan-kenkien-desinfiointitayttopullo.html#primaryimage\"},\"image\":{\"@id\":\"https:\\\/\\\/www.versiegelung24.com\\\/fi\\\/pedexan-kenkien-desinfiointitayttopullo.html#primaryimage\"},\"thumbnailUrl\":\"https:\\\/\\\/www.versiegelung24.com\\\/wp-content\\\/uploads\\\/2021\\\/03\\\/pedexan-schuhdesinfektion-1-liter.png\",\"datePublished\":\"2022-01-04T17:16:33+00:00\",\"dateModified\":\"2026-04-30T12:15:38+00:00\",\"description\":\"Pedexan -kenk\u00e4desinfiointi - ratkaisu ep\u00e4miellytt\u00e4vi\u00e4 hajuja ja bakteereja ja sieni\u00e4 vastaan.\",\"breadcrumb\":{\"@id\":\"https:\\\/\\\/www.versiegelung24.com\\\/fi\\\/pedexan-kenkien-desinfiointitayttopullo.html#breadcrumb\"},\"inLanguage\":\"fi\",\"potentialAction\":[{\"@type\":\"ReadAction\",\"target\":[\"https:\\\/\\\/www.versiegelung24.com\\\/fi\\\/pedexan-kenkien-desinfiointitayttopullo.html\"]}]},{\"@type\":\"ImageObject\",\"inLanguage\":\"fi\",\"@id\":\"https:\\\/\\\/www.versiegelung24.com\\\/fi\\\/pedexan-kenkien-desinfiointitayttopullo.html#primaryimage\",\"url\":\"https:\\\/\\\/www.versiegelung24.com\\\/wp-content\\\/uploads\\\/2021\\\/03\\\/pedexan-schuhdesinfektion-1-liter.png\",\"contentUrl\":\"https:\\\/\\\/www.versiegelung24.com\\\/wp-content\\\/uploads\\\/2021\\\/03\\\/pedexan-schuhdesinfektion-1-liter.png\",\"width\":2000,\"height\":2000},{\"@type\":\"BreadcrumbList\",\"@id\":\"https:\\\/\\\/www.versiegelung24.com\\\/fi\\\/pedexan-kenkien-desinfiointitayttopullo.html#breadcrumb\",\"itemListElement\":[{\"@type\":\"ListItem\",\"position\":1,\"name\":\"Kotisivu\",\"item\":\"https:\\\/\\\/www.versiegelung24.com\\\/fi\\\/etupuolella\\\/\"},{\"@type\":\"ListItem\",\"position\":2,\"name\":\"Myym\u00e4l\u00e4\",\"item\":\"https:\\\/\\\/www.versiegelung24.com\\\/fi\\\/myymala-2\\\/\"},{\"@type\":\"ListItem\",\"position\":3,\"name\":\"Pitk\u00e4vaikutteinen Pedexan kenkien desinfiointi 1l t\u00e4ytt\u00f6pullo\"}]},{\"@type\":\"WebSite\",\"@id\":\"https:\\\/\\\/www.versiegelung24.com\\\/fi\\\/#website\",\"url\":\"https:\\\/\\\/www.versiegelung24.com\\\/fi\\\/\",\"name\":\"versiegelung24.com\",\"description\":\"Fl\u00fcssigglas-Versiegelung - Made in Germany\",\"publisher\":{\"@id\":\"https:\\\/\\\/www.versiegelung24.com\\\/fi\\\/#organization\"},\"potentialAction\":[{\"@type\":\"SearchAction\",\"target\":{\"@type\":\"EntryPoint\",\"urlTemplate\":\"https:\\\/\\\/www.versiegelung24.com\\\/fi\\\/?s={search_term_string}\"},\"query-input\":{\"@type\":\"PropertyValueSpecification\",\"valueRequired\":true,\"valueName\":\"search_term_string\"}}],\"inLanguage\":\"fi\"},{\"@type\":\"Organization\",\"@id\":\"https:\\\/\\\/www.versiegelung24.com\\\/fi\\\/#organization\",\"name\":\"versiegelung24\",\"url\":\"https:\\\/\\\/www.versiegelung24.com\\\/fi\\\/\",\"logo\":{\"@type\":\"ImageObject\",\"inLanguage\":\"fi\",\"@id\":\"https:\\\/\\\/www.versiegelung24.com\\\/fi\\\/#\\\/schema\\\/logo\\\/image\\\/\",\"url\":\"https:\\\/\\\/www.versiegelung24.com\\\/wp-content\\\/uploads\\\/2020\\\/04\\\/versiegelung24.png\",\"contentUrl\":\"https:\\\/\\\/www.versiegelung24.com\\\/wp-content\\\/uploads\\\/2020\\\/04\\\/versiegelung24.png\",\"width\":470,\"height\":102,\"caption\":\"versiegelung24\"},\"image\":{\"@id\":\"https:\\\/\\\/www.versiegelung24.com\\\/fi\\\/#\\\/schema\\\/logo\\\/image\\\/\"}}]}<\/script>\n<meta property=\"product:price:amount\" content=\"42.49\" \/>\n<meta property=\"product:price:currency\" content=\"EUR\" \/>\n<meta property=\"og:availability\" content=\"instock\" \/>\n<meta property=\"product:availability\" content=\"instock\" \/>\n<meta property=\"product:retailer_item_id\" content=\"PED-1A\" \/>\n<meta property=\"product:condition\" content=\"new\" \/>\n<!-- \/ Yoast SEO Premium plugin. -->","yoast_head_json":{"title":"Pitk\u00e4vaikutteinen Pedexan kenkien desinfiointi 1l t\u00e4ytt\u00f6pullo - versiegelung24.com","description":"Pedexan -kenk\u00e4desinfiointi - ratkaisu ep\u00e4miellytt\u00e4vi\u00e4 hajuja ja bakteereja ja sieni\u00e4 vastaan.","robots":{"index":"index","follow":"follow","max-snippet":"max-snippet:-1","max-image-preview":"max-image-preview:large","max-video-preview":"max-video-preview:-1"},"canonical":"https:\/\/www.versiegelung24.com\/fi\/pedexan-kenkien-desinfiointitayttopullo.html","og_locale":"fi_FI","og_type":"article","og_title":"Pitk\u00e4vaikutteinen Pedexan kenkien desinfiointi 1l t\u00e4ytt\u00f6pullo","og_description":"Pedexan -kenk\u00e4desinfiointi - ratkaisu ep\u00e4miellytt\u00e4vi\u00e4 hajuja ja bakteereja ja sieni\u00e4 vastaan.","og_url":"https:\/\/www.versiegelung24.com\/fi\/pedexan-kenkien-desinfiointitayttopullo.html","og_site_name":"versiegelung24.com","article_modified_time":"2026-04-30T12:15:38+00:00","og_image":[{"width":2000,"height":2000,"url":"https:\/\/www.versiegelung24.com\/wp-content\/uploads\/2021\/03\/pedexan-schuhdesinfektion-1-liter.png","type":"image\/png"}],"twitter_card":"summary_large_image","twitter_misc":{"Hinta":"42,49&euro;","Saatavuus":"Varastossa"},"schema":{"@context":"https:\/\/schema.org","@graph":[{"@type":"WebPage","@id":"https:\/\/www.versiegelung24.com\/fi\/pedexan-kenkien-desinfiointitayttopullo.html","url":"https:\/\/www.versiegelung24.com\/fi\/pedexan-kenkien-desinfiointitayttopullo.html","name":"Pitk\u00e4vaikutteinen Pedexan kenkien desinfiointi 1l t\u00e4ytt\u00f6pullo - versiegelung24.com","isPartOf":{"@id":"https:\/\/www.versiegelung24.com\/fi\/#website"},"primaryImageOfPage":{"@id":"https:\/\/www.versiegelung24.com\/fi\/pedexan-kenkien-desinfiointitayttopullo.html#primaryimage"},"image":{"@id":"https:\/\/www.versiegelung24.com\/fi\/pedexan-kenkien-desinfiointitayttopullo.html#primaryimage"},"thumbnailUrl":"https:\/\/www.versiegelung24.com\/wp-content\/uploads\/2021\/03\/pedexan-schuhdesinfektion-1-liter.png","datePublished":"2022-01-04T17:16:33+00:00","dateModified":"2026-04-30T12:15:38+00:00","description":"Pedexan -kenk\u00e4desinfiointi - ratkaisu ep\u00e4miellytt\u00e4vi\u00e4 hajuja ja bakteereja ja sieni\u00e4 vastaan.","breadcrumb":{"@id":"https:\/\/www.versiegelung24.com\/fi\/pedexan-kenkien-desinfiointitayttopullo.html#breadcrumb"},"inLanguage":"fi","potentialAction":[{"@type":"ReadAction","target":["https:\/\/www.versiegelung24.com\/fi\/pedexan-kenkien-desinfiointitayttopullo.html"]}]},{"@type":"ImageObject","inLanguage":"fi","@id":"https:\/\/www.versiegelung24.com\/fi\/pedexan-kenkien-desinfiointitayttopullo.html#primaryimage","url":"https:\/\/www.versiegelung24.com\/wp-content\/uploads\/2021\/03\/pedexan-schuhdesinfektion-1-liter.png","contentUrl":"https:\/\/www.versiegelung24.com\/wp-content\/uploads\/2021\/03\/pedexan-schuhdesinfektion-1-liter.png","width":2000,"height":2000},{"@type":"BreadcrumbList","@id":"https:\/\/www.versiegelung24.com\/fi\/pedexan-kenkien-desinfiointitayttopullo.html#breadcrumb","itemListElement":[{"@type":"ListItem","position":1,"name":"Kotisivu","item":"https:\/\/www.versiegelung24.com\/fi\/etupuolella\/"},{"@type":"ListItem","position":2,"name":"Myym\u00e4l\u00e4","item":"https:\/\/www.versiegelung24.com\/fi\/myymala-2\/"},{"@type":"ListItem","position":3,"name":"Pitk\u00e4vaikutteinen Pedexan kenkien desinfiointi 1l t\u00e4ytt\u00f6pullo"}]},{"@type":"WebSite","@id":"https:\/\/www.versiegelung24.com\/fi\/#website","url":"https:\/\/www.versiegelung24.com\/fi\/","name":"versiegelung24.com","description":"Fl\u00fcssigglas-Versiegelung - Made in Germany","publisher":{"@id":"https:\/\/www.versiegelung24.com\/fi\/#organization"},"potentialAction":[{"@type":"SearchAction","target":{"@type":"EntryPoint","urlTemplate":"https:\/\/www.versiegelung24.com\/fi\/?s={search_term_string}"},"query-input":{"@type":"PropertyValueSpecification","valueRequired":true,"valueName":"search_term_string"}}],"inLanguage":"fi"},{"@type":"Organization","@id":"https:\/\/www.versiegelung24.com\/fi\/#organization","name":"versiegelung24","url":"https:\/\/www.versiegelung24.com\/fi\/","logo":{"@type":"ImageObject","inLanguage":"fi","@id":"https:\/\/www.versiegelung24.com\/fi\/#\/schema\/logo\/image\/","url":"https:\/\/www.versiegelung24.com\/wp-content\/uploads\/2020\/04\/versiegelung24.png","contentUrl":"https:\/\/www.versiegelung24.com\/wp-content\/uploads\/2020\/04\/versiegelung24.png","width":470,"height":102,"caption":"versiegelung24"},"image":{"@id":"https:\/\/www.versiegelung24.com\/fi\/#\/schema\/logo\/image\/"}}]},"product_price_amount":"42.49","product_price_currency":"EUR","og_availability":"instock","product_availability":"instock","product_retailer_item_id":"PED-1A","product_condition":"new"},"_links":{"self":[{"href":"https:\/\/www.versiegelung24.com\/fi\/wp-json\/wp\/v2\/product\/46432","targetHints":{"allow":["GET"]}}],"collection":[{"href":"https:\/\/www.versiegelung24.com\/fi\/wp-json\/wp\/v2\/product"}],"about":[{"href":"https:\/\/www.versiegelung24.com\/fi\/wp-json\/wp\/v2\/types\/product"}],"version-history":[{"count":20,"href":"https:\/\/www.versiegelung24.com\/fi\/wp-json\/wp\/v2\/product\/46432\/revisions"}],"predecessor-version":[{"id":180423,"href":"https:\/\/www.versiegelung24.com\/fi\/wp-json\/wp\/v2\/product\/46432\/revisions\/180423"}],"wp:featuredmedia":[{"embeddable":true,"href":"https:\/\/www.versiegelung24.com\/fi\/wp-json\/wp\/v2\/media\/21927"}],"wp:attachment":[{"href":"https:\/\/www.versiegelung24.com\/fi\/wp-json\/wp\/v2\/media?parent=46432"}],"wp:term":[{"taxonomy":"product_brand","embeddable":true,"href":"https:\/\/www.versiegelung24.com\/fi\/wp-json\/wp\/v2\/product_brand?post=46432"},{"taxonomy":"product_cat","embeddable":true,"href":"https:\/\/www.versiegelung24.com\/fi\/wp-json\/wp\/v2\/product_cat?post=46432"},{"taxonomy":"product_tag","embeddable":true,"href":"https:\/\/www.versiegelung24.com\/fi\/wp-json\/wp\/v2\/product_tag?post=46432"}],"curies":[{"name":"wp","href":"https:\/\/api.w.org\/{rel}","templated":true}]}}