{"id":64525,"date":"2022-02-10T12:39:20","date_gmt":"2022-02-10T11:39:21","guid":{"rendered":"https:\/\/www.versiegelung24.com\/?post_type=product&#038;p=64525"},"modified":"2025-01-05T15:35:32","modified_gmt":"2025-01-05T14:35:32","slug":"colorus-muovi-maalitarjotin-plus-15x32cm","status":"publish","type":"product","link":"https:\/\/www.versiegelung24.com\/fi\/colorus-lakkavaahtomuovirulla-hieno-classic-ko15-molemmin-puolin-suora-valkoinen-11cm-kopie-2.html","title":{"rendered":"Colorus muovinen maalialusta PLUS 15x32cm"},"content":{"rendered":"\n<h3 class=\"wp-block-heading\" id=\"h-colorus-plus-lackierwannen-bzw-farbwannen-aus-losemittelbestandigem-kunststoff-in-absoluter-spitzenqualitat\">Colorus PLUS -maalausaltaat tai liuotinkest\u00e4v\u00e4st\u00e4 muovista valmistetut maalialtaat ehdottoman huippulaadussa<\/h3>\n\n<h4 class=\"wp-block-heading\" id=\"properties\">Tuotteen ominaisuudet<\/h4>\n\n<ul class=\"wp-block-list\">\n<li>Maalausalusta tai maalialusta eri malleissa (kokoja)<\/li>\n\n\n\n<li>Maalausalustat on valmistettu rikkoutumattomasta, laadukkaasta, liuotinvapaasta muovista<\/li>\n\n\n\n<li>K\u00e4yt\u00e4nn\u00f6llinen nokka maalialustojen yl\u00e4kulmissa maalien, lakkojen ja lasitteiden palauttamiseksi maalis\u00e4ili\u00f6\u00f6n<\/li>\n\n\n\n<li>Integroidut mittauslinjat maalialustojen takaseiniss\u00e4 kulutuksen ja sis\u00e4ll\u00f6n k\u00e4yt\u00e4nn\u00f6lliseen valvontaan <\/li>\n\n\n\n<li>15 cm x 32 cm maalirullille, joiden pituus on enint\u00e4\u00e4n 11 cm ja tilavuus enint\u00e4\u00e4n 300 ml<\/li>\n<\/ul>\n","protected":false},"excerpt":{"rendered":"<p><strong>Colorus PLUS -maalausaltaat tai maalausaltaat:<\/strong><\/p>\n<p>\u2713 Valmistettu laadukkaasta, liuottimia kest\u00e4v\u00e4st\u00e4 muovista<\/p>\n","protected":false},"featured_media":64563,"template":"","meta":{"_acf_changed":false,"neve_meta_sidebar":"","neve_meta_container":"","neve_meta_enable_content_width":"","neve_meta_content_width":0,"neve_meta_title_alignment":"","neve_meta_author_avatar":"","neve_post_elements_order":"","neve_meta_disable_header":"","neve_meta_disable_footer":"","neve_meta_disable_title":"","neve_meta_reading_time":"","_surfaces":[],"_ver_product_tabs":[],"footnotes":""},"product_brand":[],"product_cat":[3072],"product_tag":[],"class_list":{"0":"post-64525","1":"product","2":"type-product","3":"status-publish","4":"has-post-thumbnail","6":"product_cat-laitteet","8":"first","9":"outofstock","10":"taxable","11":"shipping-taxable","12":"purchasable","13":"product-type-simple"},"acf":[],"yoast_head":"<!-- This site is optimized with the Yoast SEO Premium plugin v22.8 (Yoast SEO v27.6) - https:\/\/yoast.com\/product\/yoast-seo-premium-wordpress\/ -->\n<title>Colorus muovinen maalialusta PLUS 15x32cm - versiegelung24.com<\/title>\n<meta name=\"robots\" content=\"index, follow, max-snippet:-1, max-image-preview:large, max-video-preview:-1\" \/>\n<link rel=\"canonical\" href=\"https:\/\/www.versiegelung24.com\/fi\/colorus-lakkavaahtomuovirulla-hieno-classic-ko15-molemmin-puolin-suora-valkoinen-11cm-kopie-2.html\" \/>\n<meta property=\"og:locale\" content=\"fi_FI\" \/>\n<meta property=\"og:type\" content=\"article\" \/>\n<meta property=\"og:title\" content=\"Colorus muovinen maalialusta PLUS 15x32cm\" \/>\n<meta property=\"og:description\" content=\"Colorus PLUS -maalausaltaat tai maalausaltaat: \u2713 Valmistettu laadukkaasta, liuottimia kest\u00e4v\u00e4st\u00e4 muovista\" \/>\n<meta property=\"og:url\" content=\"https:\/\/www.versiegelung24.com\/fi\/colorus-lakkavaahtomuovirulla-hieno-classic-ko15-molemmin-puolin-suora-valkoinen-11cm-kopie-2.html\" \/>\n<meta property=\"og:site_name\" content=\"versiegelung24.com\" \/>\n<meta property=\"article:modified_time\" content=\"2025-01-05T14:35:32+00:00\" \/>\n<meta property=\"og:image\" content=\"https:\/\/www.versiegelung24.com\/wp-content\/uploads\/2022\/02\/produkt-v24-1532-FW-Farbwannen.jpg\" \/>\n\t<meta property=\"og:image:width\" content=\"2000\" \/>\n\t<meta property=\"og:image:height\" content=\"2000\" \/>\n\t<meta property=\"og:image:type\" content=\"image\/jpeg\" \/>\n<meta name=\"twitter:card\" content=\"summary_large_image\" \/>\n<meta name=\"twitter:label1\" content=\"Hinta\" \/>\n\t<meta name=\"twitter:data1\" content=\"1,79&euro;\" \/>\n\t<meta name=\"twitter:label2\" content=\"Saatavuus\" \/>\n\t<meta name=\"twitter:data2\" content=\"Loppu varastosta\" \/>\n<script type=\"application\/ld+json\" class=\"yoast-schema-graph\">{\"@context\":\"https:\\\/\\\/schema.org\",\"@graph\":[{\"@type\":\"WebPage\",\"@id\":\"https:\\\/\\\/www.versiegelung24.com\\\/fi\\\/colorus-lakkavaahtomuovirulla-hieno-classic-ko15-molemmin-puolin-suora-valkoinen-11cm-kopie-2.html\",\"url\":\"https:\\\/\\\/www.versiegelung24.com\\\/fi\\\/colorus-lakkavaahtomuovirulla-hieno-classic-ko15-molemmin-puolin-suora-valkoinen-11cm-kopie-2.html\",\"name\":\"Colorus muovinen maalialusta PLUS 15x32cm - versiegelung24.com\",\"isPartOf\":{\"@id\":\"https:\\\/\\\/www.versiegelung24.com\\\/fi\\\/#website\"},\"primaryImageOfPage\":{\"@id\":\"https:\\\/\\\/www.versiegelung24.com\\\/fi\\\/colorus-lakkavaahtomuovirulla-hieno-classic-ko15-molemmin-puolin-suora-valkoinen-11cm-kopie-2.html#primaryimage\"},\"image\":{\"@id\":\"https:\\\/\\\/www.versiegelung24.com\\\/fi\\\/colorus-lakkavaahtomuovirulla-hieno-classic-ko15-molemmin-puolin-suora-valkoinen-11cm-kopie-2.html#primaryimage\"},\"thumbnailUrl\":\"https:\\\/\\\/www.versiegelung24.com\\\/wp-content\\\/uploads\\\/2022\\\/02\\\/produkt-v24-1532-FW-Farbwannen.jpg\",\"datePublished\":\"2022-02-10T11:39:21+00:00\",\"dateModified\":\"2025-01-05T14:35:32+00:00\",\"breadcrumb\":{\"@id\":\"https:\\\/\\\/www.versiegelung24.com\\\/fi\\\/colorus-lakkavaahtomuovirulla-hieno-classic-ko15-molemmin-puolin-suora-valkoinen-11cm-kopie-2.html#breadcrumb\"},\"inLanguage\":\"fi\",\"potentialAction\":[{\"@type\":\"ReadAction\",\"target\":[\"https:\\\/\\\/www.versiegelung24.com\\\/fi\\\/colorus-lakkavaahtomuovirulla-hieno-classic-ko15-molemmin-puolin-suora-valkoinen-11cm-kopie-2.html\"]}]},{\"@type\":\"ImageObject\",\"inLanguage\":\"fi\",\"@id\":\"https:\\\/\\\/www.versiegelung24.com\\\/fi\\\/colorus-lakkavaahtomuovirulla-hieno-classic-ko15-molemmin-puolin-suora-valkoinen-11cm-kopie-2.html#primaryimage\",\"url\":\"https:\\\/\\\/www.versiegelung24.com\\\/wp-content\\\/uploads\\\/2022\\\/02\\\/produkt-v24-1532-FW-Farbwannen.jpg\",\"contentUrl\":\"https:\\\/\\\/www.versiegelung24.com\\\/wp-content\\\/uploads\\\/2022\\\/02\\\/produkt-v24-1532-FW-Farbwannen.jpg\",\"width\":2000,\"height\":2000},{\"@type\":\"BreadcrumbList\",\"@id\":\"https:\\\/\\\/www.versiegelung24.com\\\/fi\\\/colorus-lakkavaahtomuovirulla-hieno-classic-ko15-molemmin-puolin-suora-valkoinen-11cm-kopie-2.html#breadcrumb\",\"itemListElement\":[{\"@type\":\"ListItem\",\"position\":1,\"name\":\"Kotisivu\",\"item\":\"https:\\\/\\\/www.versiegelung24.com\\\/fi\\\/etupuolella\\\/\"},{\"@type\":\"ListItem\",\"position\":2,\"name\":\"Myym\u00e4l\u00e4\",\"item\":\"https:\\\/\\\/www.versiegelung24.com\\\/fi\\\/myymala-2\\\/\"},{\"@type\":\"ListItem\",\"position\":3,\"name\":\"Colorus muovinen maalialusta PLUS 15x32cm\"}]},{\"@type\":\"WebSite\",\"@id\":\"https:\\\/\\\/www.versiegelung24.com\\\/fi\\\/#website\",\"url\":\"https:\\\/\\\/www.versiegelung24.com\\\/fi\\\/\",\"name\":\"versiegelung24.com\",\"description\":\"Fl\u00fcssigglas-Versiegelung - Made in Germany\",\"publisher\":{\"@id\":\"https:\\\/\\\/www.versiegelung24.com\\\/fi\\\/#organization\"},\"potentialAction\":[{\"@type\":\"SearchAction\",\"target\":{\"@type\":\"EntryPoint\",\"urlTemplate\":\"https:\\\/\\\/www.versiegelung24.com\\\/fi\\\/?s={search_term_string}\"},\"query-input\":{\"@type\":\"PropertyValueSpecification\",\"valueRequired\":true,\"valueName\":\"search_term_string\"}}],\"inLanguage\":\"fi\"},{\"@type\":\"Organization\",\"@id\":\"https:\\\/\\\/www.versiegelung24.com\\\/fi\\\/#organization\",\"name\":\"versiegelung24\",\"url\":\"https:\\\/\\\/www.versiegelung24.com\\\/fi\\\/\",\"logo\":{\"@type\":\"ImageObject\",\"inLanguage\":\"fi\",\"@id\":\"https:\\\/\\\/www.versiegelung24.com\\\/fi\\\/#\\\/schema\\\/logo\\\/image\\\/\",\"url\":\"https:\\\/\\\/www.versiegelung24.com\\\/wp-content\\\/uploads\\\/2020\\\/04\\\/versiegelung24.png\",\"contentUrl\":\"https:\\\/\\\/www.versiegelung24.com\\\/wp-content\\\/uploads\\\/2020\\\/04\\\/versiegelung24.png\",\"width\":470,\"height\":102,\"caption\":\"versiegelung24\"},\"image\":{\"@id\":\"https:\\\/\\\/www.versiegelung24.com\\\/fi\\\/#\\\/schema\\\/logo\\\/image\\\/\"}}]}<\/script>\n<meta property=\"product:price:amount\" content=\"1.79\" \/>\n<meta property=\"product:price:currency\" content=\"EUR\" \/>\n<meta property=\"og:availability\" content=\"out of stock\" \/>\n<meta property=\"product:availability\" content=\"out of stock\" \/>\n<meta property=\"product:retailer_item_id\" content=\"V24-1532-FW\" \/>\n<meta property=\"product:condition\" content=\"new\" \/>\n<!-- \/ Yoast SEO Premium plugin. -->","yoast_head_json":{"title":"Colorus muovinen maalialusta PLUS 15x32cm - versiegelung24.com","robots":{"index":"index","follow":"follow","max-snippet":"max-snippet:-1","max-image-preview":"max-image-preview:large","max-video-preview":"max-video-preview:-1"},"canonical":"https:\/\/www.versiegelung24.com\/fi\/colorus-lakkavaahtomuovirulla-hieno-classic-ko15-molemmin-puolin-suora-valkoinen-11cm-kopie-2.html","og_locale":"fi_FI","og_type":"article","og_title":"Colorus muovinen maalialusta PLUS 15x32cm","og_description":"Colorus PLUS -maalausaltaat tai maalausaltaat: \u2713 Valmistettu laadukkaasta, liuottimia kest\u00e4v\u00e4st\u00e4 muovista","og_url":"https:\/\/www.versiegelung24.com\/fi\/colorus-lakkavaahtomuovirulla-hieno-classic-ko15-molemmin-puolin-suora-valkoinen-11cm-kopie-2.html","og_site_name":"versiegelung24.com","article_modified_time":"2025-01-05T14:35:32+00:00","og_image":[{"width":2000,"height":2000,"url":"https:\/\/www.versiegelung24.com\/wp-content\/uploads\/2022\/02\/produkt-v24-1532-FW-Farbwannen.jpg","type":"image\/jpeg"}],"twitter_card":"summary_large_image","twitter_misc":{"Hinta":"1,79&euro;","Saatavuus":"Loppu varastosta"},"schema":{"@context":"https:\/\/schema.org","@graph":[{"@type":"WebPage","@id":"https:\/\/www.versiegelung24.com\/fi\/colorus-lakkavaahtomuovirulla-hieno-classic-ko15-molemmin-puolin-suora-valkoinen-11cm-kopie-2.html","url":"https:\/\/www.versiegelung24.com\/fi\/colorus-lakkavaahtomuovirulla-hieno-classic-ko15-molemmin-puolin-suora-valkoinen-11cm-kopie-2.html","name":"Colorus muovinen maalialusta PLUS 15x32cm - versiegelung24.com","isPartOf":{"@id":"https:\/\/www.versiegelung24.com\/fi\/#website"},"primaryImageOfPage":{"@id":"https:\/\/www.versiegelung24.com\/fi\/colorus-lakkavaahtomuovirulla-hieno-classic-ko15-molemmin-puolin-suora-valkoinen-11cm-kopie-2.html#primaryimage"},"image":{"@id":"https:\/\/www.versiegelung24.com\/fi\/colorus-lakkavaahtomuovirulla-hieno-classic-ko15-molemmin-puolin-suora-valkoinen-11cm-kopie-2.html#primaryimage"},"thumbnailUrl":"https:\/\/www.versiegelung24.com\/wp-content\/uploads\/2022\/02\/produkt-v24-1532-FW-Farbwannen.jpg","datePublished":"2022-02-10T11:39:21+00:00","dateModified":"2025-01-05T14:35:32+00:00","breadcrumb":{"@id":"https:\/\/www.versiegelung24.com\/fi\/colorus-lakkavaahtomuovirulla-hieno-classic-ko15-molemmin-puolin-suora-valkoinen-11cm-kopie-2.html#breadcrumb"},"inLanguage":"fi","potentialAction":[{"@type":"ReadAction","target":["https:\/\/www.versiegelung24.com\/fi\/colorus-lakkavaahtomuovirulla-hieno-classic-ko15-molemmin-puolin-suora-valkoinen-11cm-kopie-2.html"]}]},{"@type":"ImageObject","inLanguage":"fi","@id":"https:\/\/www.versiegelung24.com\/fi\/colorus-lakkavaahtomuovirulla-hieno-classic-ko15-molemmin-puolin-suora-valkoinen-11cm-kopie-2.html#primaryimage","url":"https:\/\/www.versiegelung24.com\/wp-content\/uploads\/2022\/02\/produkt-v24-1532-FW-Farbwannen.jpg","contentUrl":"https:\/\/www.versiegelung24.com\/wp-content\/uploads\/2022\/02\/produkt-v24-1532-FW-Farbwannen.jpg","width":2000,"height":2000},{"@type":"BreadcrumbList","@id":"https:\/\/www.versiegelung24.com\/fi\/colorus-lakkavaahtomuovirulla-hieno-classic-ko15-molemmin-puolin-suora-valkoinen-11cm-kopie-2.html#breadcrumb","itemListElement":[{"@type":"ListItem","position":1,"name":"Kotisivu","item":"https:\/\/www.versiegelung24.com\/fi\/etupuolella\/"},{"@type":"ListItem","position":2,"name":"Myym\u00e4l\u00e4","item":"https:\/\/www.versiegelung24.com\/fi\/myymala-2\/"},{"@type":"ListItem","position":3,"name":"Colorus muovinen maalialusta PLUS 15x32cm"}]},{"@type":"WebSite","@id":"https:\/\/www.versiegelung24.com\/fi\/#website","url":"https:\/\/www.versiegelung24.com\/fi\/","name":"versiegelung24.com","description":"Fl\u00fcssigglas-Versiegelung - Made in Germany","publisher":{"@id":"https:\/\/www.versiegelung24.com\/fi\/#organization"},"potentialAction":[{"@type":"SearchAction","target":{"@type":"EntryPoint","urlTemplate":"https:\/\/www.versiegelung24.com\/fi\/?s={search_term_string}"},"query-input":{"@type":"PropertyValueSpecification","valueRequired":true,"valueName":"search_term_string"}}],"inLanguage":"fi"},{"@type":"Organization","@id":"https:\/\/www.versiegelung24.com\/fi\/#organization","name":"versiegelung24","url":"https:\/\/www.versiegelung24.com\/fi\/","logo":{"@type":"ImageObject","inLanguage":"fi","@id":"https:\/\/www.versiegelung24.com\/fi\/#\/schema\/logo\/image\/","url":"https:\/\/www.versiegelung24.com\/wp-content\/uploads\/2020\/04\/versiegelung24.png","contentUrl":"https:\/\/www.versiegelung24.com\/wp-content\/uploads\/2020\/04\/versiegelung24.png","width":470,"height":102,"caption":"versiegelung24"},"image":{"@id":"https:\/\/www.versiegelung24.com\/fi\/#\/schema\/logo\/image\/"}}]},"product_price_amount":"1.79","product_price_currency":"EUR","og_availability":"out of stock","product_availability":"out of stock","product_retailer_item_id":"V24-1532-FW","product_condition":"new"},"_links":{"self":[{"href":"https:\/\/www.versiegelung24.com\/fi\/wp-json\/wp\/v2\/product\/64525","targetHints":{"allow":["GET"]}}],"collection":[{"href":"https:\/\/www.versiegelung24.com\/fi\/wp-json\/wp\/v2\/product"}],"about":[{"href":"https:\/\/www.versiegelung24.com\/fi\/wp-json\/wp\/v2\/types\/product"}],"version-history":[{"count":10,"href":"https:\/\/www.versiegelung24.com\/fi\/wp-json\/wp\/v2\/product\/64525\/revisions"}],"predecessor-version":[{"id":141227,"href":"https:\/\/www.versiegelung24.com\/fi\/wp-json\/wp\/v2\/product\/64525\/revisions\/141227"}],"wp:featuredmedia":[{"embeddable":true,"href":"https:\/\/www.versiegelung24.com\/fi\/wp-json\/wp\/v2\/media\/64563"}],"wp:attachment":[{"href":"https:\/\/www.versiegelung24.com\/fi\/wp-json\/wp\/v2\/media?parent=64525"}],"wp:term":[{"taxonomy":"product_brand","embeddable":true,"href":"https:\/\/www.versiegelung24.com\/fi\/wp-json\/wp\/v2\/product_brand?post=64525"},{"taxonomy":"product_cat","embeddable":true,"href":"https:\/\/www.versiegelung24.com\/fi\/wp-json\/wp\/v2\/product_cat?post=64525"},{"taxonomy":"product_tag","embeddable":true,"href":"https:\/\/www.versiegelung24.com\/fi\/wp-json\/wp\/v2\/product_tag?post=64525"}],"curies":[{"name":"wp","href":"https:\/\/api.w.org\/{rel}","templated":true}]}}