{"id":82322,"date":"2022-02-23T12:42:58","date_gmt":"2022-02-23T11:42:58","guid":{"rendered":"https:\/\/www.versiegelung24.com\/produkt\/keltaiset-nitriilityokasineet-joissa-neulotut-hihansuut\/"},"modified":"2025-12-19T14:35:44","modified_gmt":"2025-12-19T13:35:44","slug":"tyokasineet-nitriili-neulotut-hihansuut-keltainen","status":"publish","type":"product","link":"https:\/\/www.versiegelung24.com\/fi\/keltaiset-nitriilityokasineet-joissa-neulotut-hihansuut.html","title":{"rendered":"Keltaiset nitriility\u00f6k\u00e4sineet, joissa neulotut hihansuut"},"content":{"rendered":"\n<h4 class=\"wp-block-heading\" id=\"h-beschreibung\">Kuvaus<\/h4>\n\n<p>Yleisk\u00e4ytt\u00f6iset nitriilik\u00e4sineet kuiviin tai kosteisiin ymp\u00e4rist\u00f6ihin. Soveltuu t\u00f6ihin, joissa on keskiriskej\u00e4 ja suuria kulutusvaatimuksia (k\u00e4sity\u00f6t, rakentaminen, messuosaston rakentaminen, autoteollisuus, konepajateollisuus, ter\u00e4steollisuus, lasiteollisuus, elintarviketeollisuus, maatalous jne.) EN 420 kategoria II, EN 388<\/p>\n\n<hr \/>\n\n<h4 class=\"wp-block-heading\" id=\"properties\">Tuotteen ominaisuudet<\/h4>\n\n<div class=\"wp-block-columns is-layout-flex wp-container-core-columns-is-layout-9d6595d7 wp-block-columns-is-layout-flex\">\n<div class=\"wp-block-column is-layout-flow wp-block-column-is-layout-flow\">\n<p>\u2713 P\u00e4\u00e4llystetty keltaisella nitriilill\u00e4<\/p>\n\n\n\n<p>\u2713 Hengitt\u00e4v\u00e4 k\u00e4mmenselk\u00e4<\/p>\n\n\n\n<p>\u2713 Eritt\u00e4in mukava t\u00e4ydellisen istuvuuden ansiosta<\/p>\n\n\n\n<p>\u2713 EN 420 Kategoria II, EN 388<\/p>\n\n\n\n<p>\u2713 Kulutuskest\u00e4vyys: suorituskykytaso 4<\/p>\n\n\n\n<p>\u2713 Leikkauskest\u00e4vyys: suorituskykytaso 1<\/p>\n\n\n\n<p>\u2713 Rep\u00e4isylujuus: suorituskykytaso 1<\/p>\n\n\n\n<p>\u2713 L\u00e4vistysteho: tehotaso 1<\/p>\n\n\n\n<p>\u2713 Koko: 9<\/p>\n<\/div>\n<\/div>\n","protected":false},"excerpt":{"rendered":"<div class=\"product_text_extra\">\n<p>\u2713 P\u00e4\u00e4llystetty keltaisella nitriilill\u00e4<\/p>\n<p>\u2713 Hengitt\u00e4v\u00e4 k\u00e4mmenselk\u00e4<\/p>\n<p>\u2713 Eritt\u00e4in mukava t\u00e4ydellisen istuvuuden ansiosta<\/p>\n<p>\u2713 EN 420 Kategoria II, EN 388<\/p>\n<p>\u2713 Kulutuskest\u00e4vyys: suorituskykytaso 4<\/p>\n<\/div>\n","protected":false},"featured_media":82274,"template":"","meta":{"_acf_changed":false,"neve_meta_sidebar":"","neve_meta_container":"","neve_meta_enable_content_width":"","neve_meta_content_width":0,"neve_meta_title_alignment":"","neve_meta_author_avatar":"","neve_post_elements_order":"","neve_meta_disable_header":"","neve_meta_disable_footer":"","neve_meta_disable_title":"","neve_meta_reading_time":"","_surfaces":[],"_ver_product_tabs":[],"footnotes":""},"product_brand":[],"product_cat":[3072],"product_tag":[],"class_list":{"0":"post-82322","1":"product","2":"type-product","3":"status-publish","4":"has-post-thumbnail","6":"product_cat-laitteet","8":"first","9":"instock","10":"taxable","11":"shipping-taxable","12":"purchasable","13":"product-type-simple"},"acf":[],"yoast_head":"<!-- This site is optimized with the Yoast SEO Premium plugin v22.8 (Yoast SEO v27.5) - https:\/\/yoast.com\/product\/yoast-seo-premium-wordpress\/ -->\n<title>Keltaiset nitriility\u00f6k\u00e4sineet, joissa neulotut hihansuut - versiegelung24.com<\/title>\n<meta name=\"robots\" content=\"index, follow, max-snippet:-1, max-image-preview:large, max-video-preview:-1\" \/>\n<link rel=\"canonical\" href=\"https:\/\/www.versiegelung24.com\/fi\/keltaiset-nitriilityokasineet-joissa-neulotut-hihansuut.html\" \/>\n<meta property=\"og:locale\" content=\"fi_FI\" \/>\n<meta property=\"og:type\" content=\"article\" \/>\n<meta property=\"og:title\" content=\"Keltaiset nitriility\u00f6k\u00e4sineet, joissa neulotut hihansuut\" \/>\n<meta property=\"og:description\" content=\"\u2713 P\u00e4\u00e4llystetty keltaisella nitriilill\u00e4 \u2713 Hengitt\u00e4v\u00e4 k\u00e4mmenselk\u00e4 \u2713 Eritt\u00e4in mukava t\u00e4ydellisen istuvuuden ansiosta \u2713 EN 420 Kategoria II, EN 388 \u2713 Kulutuskest\u00e4vyys: suorituskykytaso 4\" \/>\n<meta property=\"og:url\" content=\"https:\/\/www.versiegelung24.com\/fi\/keltaiset-nitriilityokasineet-joissa-neulotut-hihansuut.html\" \/>\n<meta property=\"og:site_name\" content=\"versiegelung24.com\" \/>\n<meta property=\"article:modified_time\" content=\"2025-12-19T13:35:44+00:00\" \/>\n<meta name=\"twitter:card\" content=\"summary_large_image\" \/>\n<meta name=\"twitter:label1\" content=\"Hinta\" \/>\n\t<meta name=\"twitter:data1\" content=\"2,69&euro;\" \/>\n\t<meta name=\"twitter:label2\" content=\"Saatavuus\" \/>\n\t<meta name=\"twitter:data2\" content=\"Varastossa\" \/>\n<script type=\"application\/ld+json\" class=\"yoast-schema-graph\">{\"@context\":\"https:\\\/\\\/schema.org\",\"@graph\":[{\"@type\":\"WebPage\",\"@id\":\"https:\\\/\\\/www.versiegelung24.com\\\/fi\\\/keltaiset-nitriilityokasineet-joissa-neulotut-hihansuut.html\",\"url\":\"https:\\\/\\\/www.versiegelung24.com\\\/fi\\\/keltaiset-nitriilityokasineet-joissa-neulotut-hihansuut.html\",\"name\":\"Keltaiset nitriility\u00f6k\u00e4sineet, joissa neulotut hihansuut - versiegelung24.com\",\"isPartOf\":{\"@id\":\"https:\\\/\\\/www.versiegelung24.com\\\/fi\\\/#website\"},\"primaryImageOfPage\":{\"@id\":\"https:\\\/\\\/www.versiegelung24.com\\\/fi\\\/keltaiset-nitriilityokasineet-joissa-neulotut-hihansuut.html#primaryimage\"},\"image\":{\"@id\":\"https:\\\/\\\/www.versiegelung24.com\\\/fi\\\/keltaiset-nitriilityokasineet-joissa-neulotut-hihansuut.html#primaryimage\"},\"thumbnailUrl\":\"https:\\\/\\\/www.versiegelung24.com\\\/wp-content\\\/uploads\\\/2022\\\/02\\\/produkt-v24-sb403-10-arbeitshandschuh.jpg\",\"datePublished\":\"2022-02-23T11:42:58+00:00\",\"dateModified\":\"2025-12-19T13:35:44+00:00\",\"breadcrumb\":{\"@id\":\"https:\\\/\\\/www.versiegelung24.com\\\/fi\\\/keltaiset-nitriilityokasineet-joissa-neulotut-hihansuut.html#breadcrumb\"},\"inLanguage\":\"fi\",\"potentialAction\":[{\"@type\":\"ReadAction\",\"target\":[\"https:\\\/\\\/www.versiegelung24.com\\\/fi\\\/keltaiset-nitriilityokasineet-joissa-neulotut-hihansuut.html\"]}]},{\"@type\":\"ImageObject\",\"inLanguage\":\"fi\",\"@id\":\"https:\\\/\\\/www.versiegelung24.com\\\/fi\\\/keltaiset-nitriilityokasineet-joissa-neulotut-hihansuut.html#primaryimage\",\"url\":\"https:\\\/\\\/www.versiegelung24.com\\\/wp-content\\\/uploads\\\/2022\\\/02\\\/produkt-v24-sb403-10-arbeitshandschuh.jpg\",\"contentUrl\":\"https:\\\/\\\/www.versiegelung24.com\\\/wp-content\\\/uploads\\\/2022\\\/02\\\/produkt-v24-sb403-10-arbeitshandschuh.jpg\",\"width\":2000,\"height\":2000},{\"@type\":\"BreadcrumbList\",\"@id\":\"https:\\\/\\\/www.versiegelung24.com\\\/fi\\\/keltaiset-nitriilityokasineet-joissa-neulotut-hihansuut.html#breadcrumb\",\"itemListElement\":[{\"@type\":\"ListItem\",\"position\":1,\"name\":\"Kotisivu\",\"item\":\"https:\\\/\\\/www.versiegelung24.com\\\/fi\\\/etupuolella\\\/\"},{\"@type\":\"ListItem\",\"position\":2,\"name\":\"Myym\u00e4l\u00e4\",\"item\":\"https:\\\/\\\/www.versiegelung24.com\\\/fi\\\/myymala-2\\\/\"},{\"@type\":\"ListItem\",\"position\":3,\"name\":\"Keltaiset nitriility\u00f6k\u00e4sineet, joissa neulotut hihansuut\"}]},{\"@type\":\"WebSite\",\"@id\":\"https:\\\/\\\/www.versiegelung24.com\\\/fi\\\/#website\",\"url\":\"https:\\\/\\\/www.versiegelung24.com\\\/fi\\\/\",\"name\":\"versiegelung24.com\",\"description\":\"Fl\u00fcssigglas-Versiegelung - Made in Germany\",\"publisher\":{\"@id\":\"https:\\\/\\\/www.versiegelung24.com\\\/fi\\\/#organization\"},\"potentialAction\":[{\"@type\":\"SearchAction\",\"target\":{\"@type\":\"EntryPoint\",\"urlTemplate\":\"https:\\\/\\\/www.versiegelung24.com\\\/fi\\\/?s={search_term_string}\"},\"query-input\":{\"@type\":\"PropertyValueSpecification\",\"valueRequired\":true,\"valueName\":\"search_term_string\"}}],\"inLanguage\":\"fi\"},{\"@type\":\"Organization\",\"@id\":\"https:\\\/\\\/www.versiegelung24.com\\\/fi\\\/#organization\",\"name\":\"versiegelung24\",\"url\":\"https:\\\/\\\/www.versiegelung24.com\\\/fi\\\/\",\"logo\":{\"@type\":\"ImageObject\",\"inLanguage\":\"fi\",\"@id\":\"https:\\\/\\\/www.versiegelung24.com\\\/fi\\\/#\\\/schema\\\/logo\\\/image\\\/\",\"url\":\"https:\\\/\\\/www.versiegelung24.com\\\/wp-content\\\/uploads\\\/2020\\\/04\\\/versiegelung24.png\",\"contentUrl\":\"https:\\\/\\\/www.versiegelung24.com\\\/wp-content\\\/uploads\\\/2020\\\/04\\\/versiegelung24.png\",\"width\":470,\"height\":102,\"caption\":\"versiegelung24\"},\"image\":{\"@id\":\"https:\\\/\\\/www.versiegelung24.com\\\/fi\\\/#\\\/schema\\\/logo\\\/image\\\/\"}}]}<\/script>\n<meta property=\"product:price:amount\" content=\"2.69\" \/>\n<meta property=\"product:price:currency\" content=\"EUR\" \/>\n<meta property=\"og:availability\" content=\"instock\" \/>\n<meta property=\"product:availability\" content=\"instock\" \/>\n<meta property=\"product:retailer_item_id\" content=\"V24-SB403-10\" \/>\n<meta property=\"product:condition\" content=\"new\" \/>\n<!-- \/ Yoast SEO Premium plugin. -->","yoast_head_json":{"title":"Keltaiset nitriility\u00f6k\u00e4sineet, joissa neulotut hihansuut - versiegelung24.com","robots":{"index":"index","follow":"follow","max-snippet":"max-snippet:-1","max-image-preview":"max-image-preview:large","max-video-preview":"max-video-preview:-1"},"canonical":"https:\/\/www.versiegelung24.com\/fi\/keltaiset-nitriilityokasineet-joissa-neulotut-hihansuut.html","og_locale":"fi_FI","og_type":"article","og_title":"Keltaiset nitriility\u00f6k\u00e4sineet, joissa neulotut hihansuut","og_description":"\u2713 P\u00e4\u00e4llystetty keltaisella nitriilill\u00e4 \u2713 Hengitt\u00e4v\u00e4 k\u00e4mmenselk\u00e4 \u2713 Eritt\u00e4in mukava t\u00e4ydellisen istuvuuden ansiosta \u2713 EN 420 Kategoria II, EN 388 \u2713 Kulutuskest\u00e4vyys: suorituskykytaso 4","og_url":"https:\/\/www.versiegelung24.com\/fi\/keltaiset-nitriilityokasineet-joissa-neulotut-hihansuut.html","og_site_name":"versiegelung24.com","article_modified_time":"2025-12-19T13:35:44+00:00","twitter_card":"summary_large_image","twitter_misc":{"Hinta":"2,69&euro;","Saatavuus":"Varastossa"},"schema":{"@context":"https:\/\/schema.org","@graph":[{"@type":"WebPage","@id":"https:\/\/www.versiegelung24.com\/fi\/keltaiset-nitriilityokasineet-joissa-neulotut-hihansuut.html","url":"https:\/\/www.versiegelung24.com\/fi\/keltaiset-nitriilityokasineet-joissa-neulotut-hihansuut.html","name":"Keltaiset nitriility\u00f6k\u00e4sineet, joissa neulotut hihansuut - versiegelung24.com","isPartOf":{"@id":"https:\/\/www.versiegelung24.com\/fi\/#website"},"primaryImageOfPage":{"@id":"https:\/\/www.versiegelung24.com\/fi\/keltaiset-nitriilityokasineet-joissa-neulotut-hihansuut.html#primaryimage"},"image":{"@id":"https:\/\/www.versiegelung24.com\/fi\/keltaiset-nitriilityokasineet-joissa-neulotut-hihansuut.html#primaryimage"},"thumbnailUrl":"https:\/\/www.versiegelung24.com\/wp-content\/uploads\/2022\/02\/produkt-v24-sb403-10-arbeitshandschuh.jpg","datePublished":"2022-02-23T11:42:58+00:00","dateModified":"2025-12-19T13:35:44+00:00","breadcrumb":{"@id":"https:\/\/www.versiegelung24.com\/fi\/keltaiset-nitriilityokasineet-joissa-neulotut-hihansuut.html#breadcrumb"},"inLanguage":"fi","potentialAction":[{"@type":"ReadAction","target":["https:\/\/www.versiegelung24.com\/fi\/keltaiset-nitriilityokasineet-joissa-neulotut-hihansuut.html"]}]},{"@type":"ImageObject","inLanguage":"fi","@id":"https:\/\/www.versiegelung24.com\/fi\/keltaiset-nitriilityokasineet-joissa-neulotut-hihansuut.html#primaryimage","url":"https:\/\/www.versiegelung24.com\/wp-content\/uploads\/2022\/02\/produkt-v24-sb403-10-arbeitshandschuh.jpg","contentUrl":"https:\/\/www.versiegelung24.com\/wp-content\/uploads\/2022\/02\/produkt-v24-sb403-10-arbeitshandschuh.jpg","width":2000,"height":2000},{"@type":"BreadcrumbList","@id":"https:\/\/www.versiegelung24.com\/fi\/keltaiset-nitriilityokasineet-joissa-neulotut-hihansuut.html#breadcrumb","itemListElement":[{"@type":"ListItem","position":1,"name":"Kotisivu","item":"https:\/\/www.versiegelung24.com\/fi\/etupuolella\/"},{"@type":"ListItem","position":2,"name":"Myym\u00e4l\u00e4","item":"https:\/\/www.versiegelung24.com\/fi\/myymala-2\/"},{"@type":"ListItem","position":3,"name":"Keltaiset nitriility\u00f6k\u00e4sineet, joissa neulotut hihansuut"}]},{"@type":"WebSite","@id":"https:\/\/www.versiegelung24.com\/fi\/#website","url":"https:\/\/www.versiegelung24.com\/fi\/","name":"versiegelung24.com","description":"Fl\u00fcssigglas-Versiegelung - Made in Germany","publisher":{"@id":"https:\/\/www.versiegelung24.com\/fi\/#organization"},"potentialAction":[{"@type":"SearchAction","target":{"@type":"EntryPoint","urlTemplate":"https:\/\/www.versiegelung24.com\/fi\/?s={search_term_string}"},"query-input":{"@type":"PropertyValueSpecification","valueRequired":true,"valueName":"search_term_string"}}],"inLanguage":"fi"},{"@type":"Organization","@id":"https:\/\/www.versiegelung24.com\/fi\/#organization","name":"versiegelung24","url":"https:\/\/www.versiegelung24.com\/fi\/","logo":{"@type":"ImageObject","inLanguage":"fi","@id":"https:\/\/www.versiegelung24.com\/fi\/#\/schema\/logo\/image\/","url":"https:\/\/www.versiegelung24.com\/wp-content\/uploads\/2020\/04\/versiegelung24.png","contentUrl":"https:\/\/www.versiegelung24.com\/wp-content\/uploads\/2020\/04\/versiegelung24.png","width":470,"height":102,"caption":"versiegelung24"},"image":{"@id":"https:\/\/www.versiegelung24.com\/fi\/#\/schema\/logo\/image\/"}}]},"product_price_amount":"2.69","product_price_currency":"EUR","og_availability":"instock","product_availability":"instock","product_retailer_item_id":"V24-SB403-10","product_condition":"new"},"_links":{"self":[{"href":"https:\/\/www.versiegelung24.com\/fi\/wp-json\/wp\/v2\/product\/82322","targetHints":{"allow":["GET"]}}],"collection":[{"href":"https:\/\/www.versiegelung24.com\/fi\/wp-json\/wp\/v2\/product"}],"about":[{"href":"https:\/\/www.versiegelung24.com\/fi\/wp-json\/wp\/v2\/types\/product"}],"version-history":[{"count":10,"href":"https:\/\/www.versiegelung24.com\/fi\/wp-json\/wp\/v2\/product\/82322\/revisions"}],"predecessor-version":[{"id":180749,"href":"https:\/\/www.versiegelung24.com\/fi\/wp-json\/wp\/v2\/product\/82322\/revisions\/180749"}],"wp:featuredmedia":[{"embeddable":true,"href":"https:\/\/www.versiegelung24.com\/fi\/wp-json\/wp\/v2\/media\/82274"}],"wp:attachment":[{"href":"https:\/\/www.versiegelung24.com\/fi\/wp-json\/wp\/v2\/media?parent=82322"}],"wp:term":[{"taxonomy":"product_brand","embeddable":true,"href":"https:\/\/www.versiegelung24.com\/fi\/wp-json\/wp\/v2\/product_brand?post=82322"},{"taxonomy":"product_cat","embeddable":true,"href":"https:\/\/www.versiegelung24.com\/fi\/wp-json\/wp\/v2\/product_cat?post=82322"},{"taxonomy":"product_tag","embeddable":true,"href":"https:\/\/www.versiegelung24.com\/fi\/wp-json\/wp\/v2\/product_tag?post=82322"}],"curies":[{"name":"wp","href":"https:\/\/api.w.org\/{rel}","templated":true}]}}