{"id":93741,"date":"2022-10-21T16:49:10","date_gmt":"2022-10-21T14:49:10","guid":{"rendered":"https:\/\/www.versiegelung24.com\/?post_type=product&#038;p=93741"},"modified":"2025-03-31T14:58:23","modified_gmt":"2025-03-31T12:58:23","slug":"sovellussieni-95x40x23mm","status":"publish","type":"product","link":"https:\/\/www.versiegelung24.com\/fi\/mikrokuituliina-40x40cm-esipuhdistukseen-tai-kiillotukseen-keltainen-kopie.html","title":{"rendered":"Levityssieni 95x40x23mm"},"content":{"rendered":"\n<p>Sieni levityst\u00e4 varten  <\/p>\n\n<p>Ihanteellinen k\u00e4ytett\u00e4v\u00e4ksi yhdess\u00e4 <a href=\"https:\/\/www.versiegelung24.com\/applikationstuch-20x20cm.html\">mikrokuituliinan kanssa nestem\u00e4isten lasitiivisteidemme levitt\u00e4miseen<\/a>.<\/p>\n\n<p>Suosittelemme k\u00e4ytt\u00e4m\u00e4\u00e4n erillist\u00e4 mikrokuituliinaa pintatiivisteidemme ja kyll\u00e4stysaineiden levitysvaiheita varten.<\/p>\n\n<p>K\u00e4ytt\u00e4m\u00e4ll\u00e4 levityssieni\u00e4 yhdess\u00e4 mikrokuituliinojen kanssa on mahdollista annostella ja optimoida levitys tai kiillotus sienen sivusta, pinnan kunnosta ja k\u00e4ytetyst\u00e4 paineesta riippuen.<\/p>\n\n<hr \/>\n\n<h4 class=\"wp-block-heading\" id=\"properties\">Tuotteen ominaisuudet<\/h4>\n\n<div class=\"wp-block-columns is-layout-flex wp-container-core-columns-is-layout-9d6595d7 wp-block-columns-is-layout-flex\">\n<div class=\"wp-block-column is-layout-flow wp-block-column-is-layout-flow\">\n<p>Sieni levitykseen ja kiillotukseen Koko: 95 x 40 x 23mm.  <\/p>\n<\/div>\n\n\n\n<div class=\"wp-block-column is-layout-flow wp-block-column-is-layout-flow\">\n<p>Pintakerros kova 5mm valkoinen XPE 3000-33 Keskikerros pehme\u00e4 18mm S2145 sininen<\/p>\n<\/div>\n<\/div>\n\n<hr \/>\n\n<h4 class=\"wp-block-heading\" id=\"application\">Hakemus<\/h4>\n\n<p>Jos haluat levitt\u00e4\u00e4 tiivistysaineitamme sileille, ei-imeytyville pinnoille, suosittelemme yhdistelm\u00e4\u00e4 <a href=\"https:\/\/www.versiegelung24.com\/applikationstuch-20x20cm.html\">nestem\u00e4isten lasitiivistysaineiden levitt\u00e4miseen tarkoitetun mikrokuituliinan<\/a> kanssa. Aseta mikrokuituliina tiivisteen levitt\u00e4miseen tarkoitetulle valkoiselle kovalle puolelle ja levit\u00e4 tiiviste kunkin levitysohjeen mukaisesti.<\/p>\n\n<p>Kun haluat kiillottaa uudelleen <a href=\"https:\/\/www.versiegelung24.com\/fi\/mikrokuituliina-30x30cm-esipuhdistusta-tai-kiillotusta-varten.html\">mikrokuituliinalla 30x30cm esipuhdistukseen tai kiillotukseen<\/a>, aseta liina my\u00f6s sienen p\u00e4\u00e4lle ja k\u00e4yt\u00e4 sienen kovaa tai pehme\u00e4\u00e4 puolta pinnan kunnosta ja tarpeesta riippuen, jotta saat aikaan tasaisen paineen suurennetulle pinnalle.<\/p>\n","protected":false},"excerpt":{"rendered":"<p><strong>Sieni tiivistysaineiden levitt\u00e4miseen<\/strong><\/p>\n<p>\u2713 Uudelleenk\u00e4ytett\u00e4v\u00e4<\/p>\n<p>\u2713 Ymp\u00e4rist\u00f6yst\u00e4v\u00e4llinen<\/p>\n<p>\u2713 K\u00e4tev\u00e4<\/p>\n<p>\u2713 Kova ja pehme\u00e4 puoli<\/p>\n<p>\u2713 95x40x23mm<\/p>\n<p>&nbsp;<\/p>\n","protected":false},"featured_media":13258,"template":"","meta":{"_acf_changed":false,"neve_meta_sidebar":"","neve_meta_container":"","neve_meta_enable_content_width":"","neve_meta_content_width":0,"neve_meta_title_alignment":"","neve_meta_author_avatar":"","neve_post_elements_order":"","neve_meta_disable_header":"","neve_meta_disable_footer":"","neve_meta_disable_title":"","neve_meta_reading_time":"","_surfaces":[],"_ver_product_tabs":[],"footnotes":""},"product_brand":[],"product_cat":[3072,2191,2207,2281,2465,2468,2488],"product_tag":[],"class_list":{"0":"post-93741","1":"product","2":"type-product","3":"status-publish","4":"has-post-thumbnail","6":"product_cat-laitteet","7":"product_cat-lasin-ja-keramiikan-tiiviste","8":"product_cat-auton-tiivistys","9":"product_cat-pintojen-desinfiointiaineet","10":"product_cat-metalli-ja-muovitiiviste","11":"product_cat-siivoustarvikkeet","12":"product_cat-yleinen-tiiviste","14":"first","15":"instock","16":"taxable","17":"shipping-taxable","18":"purchasable","19":"product-type-simple"},"acf":[],"yoast_head":"<!-- This site is optimized with the Yoast SEO Premium plugin v22.8 (Yoast SEO v27.5) - https:\/\/yoast.com\/product\/yoast-seo-premium-wordpress\/ -->\n<title>Levityssieni 95x40x23mm - versiegelung24.com<\/title>\n<meta name=\"description\" content=\"Levityssieni - Ihanteellinen tiivisteidemme levitt\u00e4miseen. Monipuolinen yhdistettyn\u00e4 mikrokuituliinoihimme.\" \/>\n<meta name=\"robots\" content=\"index, follow, max-snippet:-1, max-image-preview:large, max-video-preview:-1\" \/>\n<link rel=\"canonical\" href=\"https:\/\/www.versiegelung24.com\/fi\/mikrokuituliina-40x40cm-esipuhdistukseen-tai-kiillotukseen-keltainen-kopie.html\" \/>\n<meta property=\"og:locale\" content=\"fi_FI\" \/>\n<meta property=\"og:type\" content=\"article\" \/>\n<meta property=\"og:title\" content=\"Levityssieni 95x40x23mm\" \/>\n<meta property=\"og:description\" content=\"Levityssieni - Ihanteellinen tiivisteidemme levitt\u00e4miseen. Monipuolinen yhdistettyn\u00e4 mikrokuituliinoihimme.\" \/>\n<meta property=\"og:url\" content=\"https:\/\/www.versiegelung24.com\/fi\/mikrokuituliina-40x40cm-esipuhdistukseen-tai-kiillotukseen-keltainen-kopie.html\" \/>\n<meta property=\"og:site_name\" content=\"versiegelung24.com\" \/>\n<meta property=\"article:modified_time\" content=\"2025-03-31T12:58:23+00:00\" \/>\n<meta property=\"og:image\" content=\"https:\/\/www.versiegelung24.com\/wp-content\/uploads\/2020\/04\/mikrofasertuch.png\" \/>\n\t<meta property=\"og:image:width\" content=\"1000\" \/>\n\t<meta property=\"og:image:height\" content=\"1000\" \/>\n\t<meta property=\"og:image:type\" content=\"image\/png\" \/>\n<meta name=\"twitter:card\" content=\"summary_large_image\" \/>\n<meta name=\"twitter:label1\" content=\"Hinta\" \/>\n\t<meta name=\"twitter:data1\" content=\"1,99&euro;\" \/>\n\t<meta name=\"twitter:label2\" content=\"Saatavuus\" \/>\n\t<meta name=\"twitter:data2\" content=\"Varastossa\" \/>\n<script type=\"application\/ld+json\" class=\"yoast-schema-graph\">{\"@context\":\"https:\\\/\\\/schema.org\",\"@graph\":[{\"@type\":\"WebPage\",\"@id\":\"https:\\\/\\\/www.versiegelung24.com\\\/fi\\\/mikrokuituliina-40x40cm-esipuhdistukseen-tai-kiillotukseen-keltainen-kopie.html\",\"url\":\"https:\\\/\\\/www.versiegelung24.com\\\/fi\\\/mikrokuituliina-40x40cm-esipuhdistukseen-tai-kiillotukseen-keltainen-kopie.html\",\"name\":\"Levityssieni 95x40x23mm - versiegelung24.com\",\"isPartOf\":{\"@id\":\"https:\\\/\\\/www.versiegelung24.com\\\/fi\\\/#website\"},\"primaryImageOfPage\":{\"@id\":\"https:\\\/\\\/www.versiegelung24.com\\\/fi\\\/mikrokuituliina-40x40cm-esipuhdistukseen-tai-kiillotukseen-keltainen-kopie.html#primaryimage\"},\"image\":{\"@id\":\"https:\\\/\\\/www.versiegelung24.com\\\/fi\\\/mikrokuituliina-40x40cm-esipuhdistukseen-tai-kiillotukseen-keltainen-kopie.html#primaryimage\"},\"thumbnailUrl\":\"https:\\\/\\\/www.versiegelung24.com\\\/wp-content\\\/uploads\\\/2020\\\/04\\\/mikrofasertuch.png\",\"datePublished\":\"2022-10-21T14:49:10+00:00\",\"dateModified\":\"2025-03-31T12:58:23+00:00\",\"description\":\"Levityssieni - Ihanteellinen tiivisteidemme levitt\u00e4miseen. Monipuolinen yhdistettyn\u00e4 mikrokuituliinoihimme.\",\"breadcrumb\":{\"@id\":\"https:\\\/\\\/www.versiegelung24.com\\\/fi\\\/mikrokuituliina-40x40cm-esipuhdistukseen-tai-kiillotukseen-keltainen-kopie.html#breadcrumb\"},\"inLanguage\":\"fi\",\"potentialAction\":[{\"@type\":\"ReadAction\",\"target\":[\"https:\\\/\\\/www.versiegelung24.com\\\/fi\\\/mikrokuituliina-40x40cm-esipuhdistukseen-tai-kiillotukseen-keltainen-kopie.html\"]}]},{\"@type\":\"ImageObject\",\"inLanguage\":\"fi\",\"@id\":\"https:\\\/\\\/www.versiegelung24.com\\\/fi\\\/mikrokuituliina-40x40cm-esipuhdistukseen-tai-kiillotukseen-keltainen-kopie.html#primaryimage\",\"url\":\"https:\\\/\\\/www.versiegelung24.com\\\/wp-content\\\/uploads\\\/2020\\\/04\\\/mikrofasertuch.png\",\"contentUrl\":\"https:\\\/\\\/www.versiegelung24.com\\\/wp-content\\\/uploads\\\/2020\\\/04\\\/mikrofasertuch.png\",\"width\":1000,\"height\":1000},{\"@type\":\"BreadcrumbList\",\"@id\":\"https:\\\/\\\/www.versiegelung24.com\\\/fi\\\/mikrokuituliina-40x40cm-esipuhdistukseen-tai-kiillotukseen-keltainen-kopie.html#breadcrumb\",\"itemListElement\":[{\"@type\":\"ListItem\",\"position\":1,\"name\":\"Kotisivu\",\"item\":\"https:\\\/\\\/www.versiegelung24.com\\\/fi\\\/etupuolella\\\/\"},{\"@type\":\"ListItem\",\"position\":2,\"name\":\"Myym\u00e4l\u00e4\",\"item\":\"https:\\\/\\\/www.versiegelung24.com\\\/fi\\\/myymala-2\\\/\"},{\"@type\":\"ListItem\",\"position\":3,\"name\":\"Levityssieni 95x40x23mm\"}]},{\"@type\":\"WebSite\",\"@id\":\"https:\\\/\\\/www.versiegelung24.com\\\/fi\\\/#website\",\"url\":\"https:\\\/\\\/www.versiegelung24.com\\\/fi\\\/\",\"name\":\"versiegelung24.com\",\"description\":\"Fl\u00fcssigglas-Versiegelung - Made in Germany\",\"publisher\":{\"@id\":\"https:\\\/\\\/www.versiegelung24.com\\\/fi\\\/#organization\"},\"potentialAction\":[{\"@type\":\"SearchAction\",\"target\":{\"@type\":\"EntryPoint\",\"urlTemplate\":\"https:\\\/\\\/www.versiegelung24.com\\\/fi\\\/?s={search_term_string}\"},\"query-input\":{\"@type\":\"PropertyValueSpecification\",\"valueRequired\":true,\"valueName\":\"search_term_string\"}}],\"inLanguage\":\"fi\"},{\"@type\":\"Organization\",\"@id\":\"https:\\\/\\\/www.versiegelung24.com\\\/fi\\\/#organization\",\"name\":\"versiegelung24\",\"url\":\"https:\\\/\\\/www.versiegelung24.com\\\/fi\\\/\",\"logo\":{\"@type\":\"ImageObject\",\"inLanguage\":\"fi\",\"@id\":\"https:\\\/\\\/www.versiegelung24.com\\\/fi\\\/#\\\/schema\\\/logo\\\/image\\\/\",\"url\":\"https:\\\/\\\/www.versiegelung24.com\\\/wp-content\\\/uploads\\\/2020\\\/04\\\/versiegelung24.png\",\"contentUrl\":\"https:\\\/\\\/www.versiegelung24.com\\\/wp-content\\\/uploads\\\/2020\\\/04\\\/versiegelung24.png\",\"width\":470,\"height\":102,\"caption\":\"versiegelung24\"},\"image\":{\"@id\":\"https:\\\/\\\/www.versiegelung24.com\\\/fi\\\/#\\\/schema\\\/logo\\\/image\\\/\"}}]}<\/script>\n<meta property=\"product:price:amount\" content=\"1.99\" \/>\n<meta property=\"product:price:currency\" content=\"EUR\" \/>\n<meta property=\"og:availability\" content=\"instock\" \/>\n<meta property=\"product:availability\" content=\"instock\" \/>\n<meta property=\"product:retailer_item_id\" content=\"V24-9010-1\" \/>\n<meta property=\"product:condition\" content=\"new\" \/>\n<!-- \/ Yoast SEO Premium plugin. -->","yoast_head_json":{"title":"Levityssieni 95x40x23mm - versiegelung24.com","description":"Levityssieni - Ihanteellinen tiivisteidemme levitt\u00e4miseen. Monipuolinen yhdistettyn\u00e4 mikrokuituliinoihimme.","robots":{"index":"index","follow":"follow","max-snippet":"max-snippet:-1","max-image-preview":"max-image-preview:large","max-video-preview":"max-video-preview:-1"},"canonical":"https:\/\/www.versiegelung24.com\/fi\/mikrokuituliina-40x40cm-esipuhdistukseen-tai-kiillotukseen-keltainen-kopie.html","og_locale":"fi_FI","og_type":"article","og_title":"Levityssieni 95x40x23mm","og_description":"Levityssieni - Ihanteellinen tiivisteidemme levitt\u00e4miseen. Monipuolinen yhdistettyn\u00e4 mikrokuituliinoihimme.","og_url":"https:\/\/www.versiegelung24.com\/fi\/mikrokuituliina-40x40cm-esipuhdistukseen-tai-kiillotukseen-keltainen-kopie.html","og_site_name":"versiegelung24.com","article_modified_time":"2025-03-31T12:58:23+00:00","og_image":[{"width":1000,"height":1000,"url":"https:\/\/www.versiegelung24.com\/wp-content\/uploads\/2020\/04\/mikrofasertuch.png","type":"image\/png"}],"twitter_card":"summary_large_image","twitter_misc":{"Hinta":"1,99&euro;","Saatavuus":"Varastossa"},"schema":{"@context":"https:\/\/schema.org","@graph":[{"@type":"WebPage","@id":"https:\/\/www.versiegelung24.com\/fi\/mikrokuituliina-40x40cm-esipuhdistukseen-tai-kiillotukseen-keltainen-kopie.html","url":"https:\/\/www.versiegelung24.com\/fi\/mikrokuituliina-40x40cm-esipuhdistukseen-tai-kiillotukseen-keltainen-kopie.html","name":"Levityssieni 95x40x23mm - versiegelung24.com","isPartOf":{"@id":"https:\/\/www.versiegelung24.com\/fi\/#website"},"primaryImageOfPage":{"@id":"https:\/\/www.versiegelung24.com\/fi\/mikrokuituliina-40x40cm-esipuhdistukseen-tai-kiillotukseen-keltainen-kopie.html#primaryimage"},"image":{"@id":"https:\/\/www.versiegelung24.com\/fi\/mikrokuituliina-40x40cm-esipuhdistukseen-tai-kiillotukseen-keltainen-kopie.html#primaryimage"},"thumbnailUrl":"https:\/\/www.versiegelung24.com\/wp-content\/uploads\/2020\/04\/mikrofasertuch.png","datePublished":"2022-10-21T14:49:10+00:00","dateModified":"2025-03-31T12:58:23+00:00","description":"Levityssieni - Ihanteellinen tiivisteidemme levitt\u00e4miseen. Monipuolinen yhdistettyn\u00e4 mikrokuituliinoihimme.","breadcrumb":{"@id":"https:\/\/www.versiegelung24.com\/fi\/mikrokuituliina-40x40cm-esipuhdistukseen-tai-kiillotukseen-keltainen-kopie.html#breadcrumb"},"inLanguage":"fi","potentialAction":[{"@type":"ReadAction","target":["https:\/\/www.versiegelung24.com\/fi\/mikrokuituliina-40x40cm-esipuhdistukseen-tai-kiillotukseen-keltainen-kopie.html"]}]},{"@type":"ImageObject","inLanguage":"fi","@id":"https:\/\/www.versiegelung24.com\/fi\/mikrokuituliina-40x40cm-esipuhdistukseen-tai-kiillotukseen-keltainen-kopie.html#primaryimage","url":"https:\/\/www.versiegelung24.com\/wp-content\/uploads\/2020\/04\/mikrofasertuch.png","contentUrl":"https:\/\/www.versiegelung24.com\/wp-content\/uploads\/2020\/04\/mikrofasertuch.png","width":1000,"height":1000},{"@type":"BreadcrumbList","@id":"https:\/\/www.versiegelung24.com\/fi\/mikrokuituliina-40x40cm-esipuhdistukseen-tai-kiillotukseen-keltainen-kopie.html#breadcrumb","itemListElement":[{"@type":"ListItem","position":1,"name":"Kotisivu","item":"https:\/\/www.versiegelung24.com\/fi\/etupuolella\/"},{"@type":"ListItem","position":2,"name":"Myym\u00e4l\u00e4","item":"https:\/\/www.versiegelung24.com\/fi\/myymala-2\/"},{"@type":"ListItem","position":3,"name":"Levityssieni 95x40x23mm"}]},{"@type":"WebSite","@id":"https:\/\/www.versiegelung24.com\/fi\/#website","url":"https:\/\/www.versiegelung24.com\/fi\/","name":"versiegelung24.com","description":"Fl\u00fcssigglas-Versiegelung - Made in Germany","publisher":{"@id":"https:\/\/www.versiegelung24.com\/fi\/#organization"},"potentialAction":[{"@type":"SearchAction","target":{"@type":"EntryPoint","urlTemplate":"https:\/\/www.versiegelung24.com\/fi\/?s={search_term_string}"},"query-input":{"@type":"PropertyValueSpecification","valueRequired":true,"valueName":"search_term_string"}}],"inLanguage":"fi"},{"@type":"Organization","@id":"https:\/\/www.versiegelung24.com\/fi\/#organization","name":"versiegelung24","url":"https:\/\/www.versiegelung24.com\/fi\/","logo":{"@type":"ImageObject","inLanguage":"fi","@id":"https:\/\/www.versiegelung24.com\/fi\/#\/schema\/logo\/image\/","url":"https:\/\/www.versiegelung24.com\/wp-content\/uploads\/2020\/04\/versiegelung24.png","contentUrl":"https:\/\/www.versiegelung24.com\/wp-content\/uploads\/2020\/04\/versiegelung24.png","width":470,"height":102,"caption":"versiegelung24"},"image":{"@id":"https:\/\/www.versiegelung24.com\/fi\/#\/schema\/logo\/image\/"}}]},"product_price_amount":"1.99","product_price_currency":"EUR","og_availability":"instock","product_availability":"instock","product_retailer_item_id":"V24-9010-1","product_condition":"new"},"_links":{"self":[{"href":"https:\/\/www.versiegelung24.com\/fi\/wp-json\/wp\/v2\/product\/93741","targetHints":{"allow":["GET"]}}],"collection":[{"href":"https:\/\/www.versiegelung24.com\/fi\/wp-json\/wp\/v2\/product"}],"about":[{"href":"https:\/\/www.versiegelung24.com\/fi\/wp-json\/wp\/v2\/types\/product"}],"version-history":[{"count":10,"href":"https:\/\/www.versiegelung24.com\/fi\/wp-json\/wp\/v2\/product\/93741\/revisions"}],"predecessor-version":[{"id":180667,"href":"https:\/\/www.versiegelung24.com\/fi\/wp-json\/wp\/v2\/product\/93741\/revisions\/180667"}],"wp:featuredmedia":[{"embeddable":true,"href":"https:\/\/www.versiegelung24.com\/fi\/wp-json\/wp\/v2\/media\/13258"}],"wp:attachment":[{"href":"https:\/\/www.versiegelung24.com\/fi\/wp-json\/wp\/v2\/media?parent=93741"}],"wp:term":[{"taxonomy":"product_brand","embeddable":true,"href":"https:\/\/www.versiegelung24.com\/fi\/wp-json\/wp\/v2\/product_brand?post=93741"},{"taxonomy":"product_cat","embeddable":true,"href":"https:\/\/www.versiegelung24.com\/fi\/wp-json\/wp\/v2\/product_cat?post=93741"},{"taxonomy":"product_tag","embeddable":true,"href":"https:\/\/www.versiegelung24.com\/fi\/wp-json\/wp\/v2\/product_tag?post=93741"}],"curies":[{"name":"wp","href":"https:\/\/api.w.org\/{rel}","templated":true}]}}