{"id":95187,"date":"2022-12-01T15:45:36","date_gmt":"2022-12-01T14:45:38","guid":{"rendered":"https:\/\/www.versiegelung24.com\/?post_type=product&#038;p=95187"},"modified":"2023-06-19T16:33:08","modified_gmt":"2023-06-19T14:33:08","slug":"tiosept-sg-55-pitkaeaikainen-pintasuojaus-20-sarjaa-1m%c2%b2lle-kukin-kopie","status":"publish","type":"product","link":"https:\/\/www.versiegelung24.com\/fi\/product\/tiosept-sg-55-pitkaeaikainen-pintasuojaus-20-sarjaa-1m%c2%b2lle-kukin-kopie\/","title":{"rendered":"TiOSEPT\u00ae SG-55 Pitk\u00e4kestoinen pintasuojaus, 10 sarjaa 2m\u00b2:lle kukin."},"content":{"rendered":"\n<p><strong>Antimikrobinen nestem\u00e4inen lasitiiviste<\/strong>, jonka <strong>vaikutusaika on jopa 18 kuukautta<\/strong> &#8211; 10 k\u00e4ytt\u00f6valmista annospussisarjaa 2 m\u00b2:n pinnalle kukin.  <\/p>\n\n<p><strong>Pitk\u00e4aikainen pintasuojaus, joka soveltuu sileille pinnoille<\/strong>: Lasi, ruostumaton ter\u00e4s, alumiini ja k\u00e4sitelty puu<\/p>\n\n<hr\/>\n<h4 class=\"wp-block-heading\" id=\"properties\">tuotteen ominaisuudet<\/h4>\n\n<div class=\"wp-block-columns is-layout-flex wp-container-core-columns-is-layout-9d6595d7 wp-block-columns-is-layout-flex\">\n<div class=\"wp-block-column is-layout-flow wp-block-column-is-layout-flow\">\n<ul class=\"wp-block-list\"><li>Poistaa bakteerit (E.coli, S. aureus) ja vaippavirukset (Corona-, Ebola- ja Rota-virus) jopa 99,99-prosenttisesti.<\/li><li>Est\u00e4\u00e4 hiiva- ja homesienten kolonisaation.<\/li><li>Dermatologisesti testattu &#8220;eritt\u00e4in hyv\u00e4<\/li><li>Pintojen puhdistaminen helpottuu ja nopeutuu (&#8220;easy-to-clean&#8221;).<\/li><li>Sis\u00e4- ja ulkok\u00e4ytt\u00f6\u00f6n<\/li><li>Kulutuskest\u00e4v\u00e4 (lis\u00e4\u00e4ntynyt naarmunkest\u00e4vyys)<\/li><li>Yksinkertainen ja nopea sovellus<\/li><li>Lasipinnan kovuus 9H (T\u00dcV-testi MSZ EN ISO 15184:2013 mukaisesti).<\/li><li>Naarmuuntumiskovuus lasille 10N (T\u00dcV-testi MSZ 9640\/41:1983 mukaan).<\/li><li>Kosketuskulma 95\u00b0 lasilla ja 91\u00b0 ruostumattomalla ter\u00e4ksell\u00e4, 10 000 pesukerran j\u00e4lkeen 92\u00b0 + 85\u00b0 (T\u00dcV:n testattu vedell\u00e4).<\/li><\/ul><\/div>\n\n\n\n<div class=\"wp-block-column is-layout-flow wp-block-column-is-layout-flow\">\n<ul class=\"wp-block-list\"><li>Kerroksen paksuus noin 20 nm (nanometri\u00e4)<\/li><li>Karheus: 6 nm pinnalla<\/li><li>Pussit (yksitt\u00e4ispakatut kosteuspyyhkeet)<\/li><li>Pussi 1: Esipuhdistusliina, joka on liotettu 99-prosenttisella IPA:lla (isopropanoli).<\/li><li>Pussi 2: TiOSEPT\u00ae SG-55:ll\u00e4 kasteltu tiivistysliina.<\/li><li>Viskoosifleece, muoviton, 60 g\/m\u00b2.<\/li><li>Kankaan koko 150 x 240 mm<\/li><li>Yksi liina riitt\u00e4\u00e4 noin 2 m\u00b2:lle<\/li><li>BAUA-s\u00e4\u00e4nn\u00f6n nro. N-104947<\/li><\/ul><\/div>\n<\/div>\n\n<hr\/>\n<h4 class=\"wp-block-heading\" id=\"application\">k\u00e4ytt\u00e4\u00e4<\/h4>\n\n<p><strong>TiOSEPT\u00ae SG-55 <\/strong>k\u00e4ytt\u00f6valmis annossetti sileille pinnoille lasi, ruostumaton ter\u00e4s, ter\u00e4s, alumiini, muovi ja k\u00e4sitelty puu.<\/p>\n\n<h5 class=\"wp-block-heading\">Esipuhdistus<\/h5>\n\n<p>On suositeltavaa k\u00e4ytt\u00e4\u00e4 kertak\u00e4ytt\u00f6isi\u00e4 suojak\u00e4sineit\u00e4. K\u00e4ytt\u00f6l\u00e4mp\u00f6tila 5 &#8211; 35\u00b0C.<\/p>\n\n<ol class=\"wp-block-list\"><li>Puhdista pinta erityisen huolellisesti kaupallisesti saatavilla olevilla puhdistusaineilla. Mit\u00e4 parempi puhdistus, sit\u00e4 kauemmin tiiviste kest\u00e4\u00e4. Kuivaa sitten pinta.<\/li><li>Poista alkoholin esipuhdistusliina annospussista ja puhdista pinta sill\u00e4 perusteellisesti rasvattomaksi.<\/li><li>Pinta min. Anna kuivua 1 minuutin ajan.<\/li><\/ol>\n<h5 class=\"wp-block-heading\">Tiivistys<\/h5>\n\n<p>On suositeltavaa k\u00e4ytt\u00e4\u00e4 kertak\u00e4ytt\u00f6isi\u00e4 suojak\u00e4sineit\u00e4. K\u00e4ytt\u00f6l\u00e4mp\u00f6tila 5 &#8211; 35\u00b0C.<\/p>\n\n<ol class=\"wp-block-list\"><li>Poista tiivistysliina annospussista ja pyyhi pinta kerran pystysuoraan ja kerran vaakasuoraan. Kangas riitt\u00e4\u00e4 n. 2m\u00b2:lle. On t\u00e4rke\u00e4\u00e4, ett\u00e4 ty\u00f6skentelet nopeasti, sill\u00e4 liina on kuiva noin 90 sekunnin kuluttua.<\/li><li>Anna pinnan kuivua v\u00e4hint\u00e4\u00e4n 2 minuuttia (alle 15 \u00b0C = 10 minuuttia), \u00e4l\u00e4 kosketa 10 minuuttiin. T\u00e4ydellinen kovettuminen 10 tunnin kuluttua. Toista levitys tarvittaessa. Jos pinnassa on pient\u00e4 harmaata hiomista, se voidaan varovasti kiillottaa pois mikrokuituliinalla.<\/li><\/ol>\n<p>Muovipinnoista tulee antimikrobisia ja niiden hydrofobisuus lis\u00e4\u00e4ntyy, mutta naarmunkest\u00e4vyys ei muutu. Levityst\u00e4 polykarbonaatille ja pleksilasille\u00ae ei suositella.<\/p>\n\n<h5 class=\"wp-block-heading\" id=\"gebrauch\">varastointi<\/h5>\n\n<p>TiOSEPT\u00ae SG-55 S\u00e4ilyt\u00e4 +5 &#8211; +25 \u00b0C:ssa. Suojaa pakkaselta ja suoralta auringonvalolta.<\/p>\n","protected":false},"excerpt":{"rendered":"<p><strong>Antimikrobinen pitk\u00e4aikaissuoja jopa 18 kuukauden ajan.<\/strong> <strong>sileille pinnoille<\/strong><\/p>\n<p>\u2713 L\u00e4pin\u00e4kyv\u00e4 ja n\u00e4kym\u00e4t\u00f6n<\/p>\n<p>\u2713 Vett\u00e4 hylkiv\u00e4<\/p>\n<p>Riippumattomien testauslaitosten testaama<\/p>\n<p>\u2713 K\u00e4ytt\u00f6valmiit pussisarjat esipuhdistukseen ja sulkemiseen.<\/p>\n","protected":false},"featured_media":94923,"template":"","meta":{"_acf_changed":false,"neve_meta_sidebar":"","neve_meta_container":"","neve_meta_enable_content_width":"","neve_meta_content_width":0,"neve_meta_title_alignment":"","neve_meta_author_avatar":"","neve_post_elements_order":"","neve_meta_disable_header":"","neve_meta_disable_footer":"","neve_meta_disable_title":"","neve_meta_reading_time":"","_surfaces":[],"_ver_product_tabs":[],"footnotes":""},"product_brand":[],"product_cat":[3009,2191,2278,2281,2465,2488],"product_tag":[],"class_list":{"0":"post-95187","1":"product","2":"type-product","3":"status-publish","4":"has-post-thumbnail","6":"product_cat-matkapuhelimen-desinfiointiaine","7":"product_cat-lasin-ja-keramiikan-tiiviste","8":"product_cat-desinfiointiaineet","9":"product_cat-pintojen-desinfiointiaineet","10":"product_cat-metalli-ja-muovitiiviste","11":"product_cat-yleinen-tiiviste","13":"first","14":"onbackorder","15":"taxable","16":"shipping-taxable","17":"purchasable","18":"product-type-simple"},"acf":[],"yoast_head":"<!-- This site is optimized with the Yoast SEO Premium plugin v22.8 (Yoast SEO v27.5) - https:\/\/yoast.com\/product\/yoast-seo-premium-wordpress\/ -->\n<title>TiOSEPT\u00ae SG-55 Pitk\u00e4kestoinen pintasuojaus, 10 sarjaa 2m\u00b2:lle kukin. - versiegelung24.com<\/title>\n<meta name=\"robots\" content=\"index, follow, max-snippet:-1, max-image-preview:large, max-video-preview:-1\" \/>\n<link rel=\"canonical\" href=\"https:\/\/www.versiegelung24.com\/fi\/product\/tiosept-sg-55-pitkaeaikainen-pintasuojaus-20-sarjaa-1m%c2%b2lle-kukin-kopie\/\" \/>\n<meta property=\"og:locale\" content=\"fi_FI\" \/>\n<meta property=\"og:type\" content=\"article\" \/>\n<meta property=\"og:title\" content=\"TiOSEPT\u00ae SG-55 Pitk\u00e4kestoinen pintasuojaus, 10 sarjaa 2m\u00b2:lle kukin.\" \/>\n<meta property=\"og:description\" content=\"Antimikrobinen pitk\u00e4aikaissuoja jopa 18 kuukauden ajan. sileille pinnoille \u2713 L\u00e4pin\u00e4kyv\u00e4 ja n\u00e4kym\u00e4t\u00f6n \u2713 Vett\u00e4 hylkiv\u00e4 Riippumattomien testauslaitosten testaama \u2713 K\u00e4ytt\u00f6valmiit pussisarjat esipuhdistukseen ja sulkemiseen.\" \/>\n<meta property=\"og:url\" content=\"https:\/\/www.versiegelung24.com\/fi\/product\/tiosept-sg-55-pitkaeaikainen-pintasuojaus-20-sarjaa-1m%c2%b2lle-kukin-kopie\/\" \/>\n<meta property=\"og:site_name\" content=\"versiegelung24.com\" \/>\n<meta property=\"article:modified_time\" content=\"2023-06-19T14:33:08+00:00\" \/>\n<meta property=\"og:image\" content=\"https:\/\/www.versiegelung24.com\/wp-content\/uploads\/2020\/04\/produkt-BACTUE-bacoban-front.jpg\" \/>\n\t<meta property=\"og:image:width\" content=\"2000\" \/>\n\t<meta property=\"og:image:height\" content=\"2000\" \/>\n\t<meta property=\"og:image:type\" content=\"image\/jpeg\" \/>\n<meta name=\"twitter:card\" content=\"summary_large_image\" \/>\n<meta name=\"twitter:label1\" content=\"Hinta\" \/>\n\t<meta name=\"twitter:data1\" content=\"78,99&euro;\" \/>\n\t<meta name=\"twitter:label2\" content=\"Saatavuus\" \/>\n\t<meta name=\"twitter:data2\" content=\"J\u00e4lkitoimituksessa\" \/>\n<script type=\"application\/ld+json\" class=\"yoast-schema-graph\">{\"@context\":\"https:\\\/\\\/schema.org\",\"@graph\":[{\"@type\":\"WebPage\",\"@id\":\"https:\\\/\\\/www.versiegelung24.com\\\/fi\\\/product\\\/tiosept-sg-55-pitkaeaikainen-pintasuojaus-20-sarjaa-1m%c2%b2lle-kukin-kopie\\\/\",\"url\":\"https:\\\/\\\/www.versiegelung24.com\\\/fi\\\/product\\\/tiosept-sg-55-pitkaeaikainen-pintasuojaus-20-sarjaa-1m%c2%b2lle-kukin-kopie\\\/\",\"name\":\"TiOSEPT\u00ae SG-55 Pitk\u00e4kestoinen pintasuojaus, 10 sarjaa 2m\u00b2:lle kukin. - versiegelung24.com\",\"isPartOf\":{\"@id\":\"https:\\\/\\\/www.versiegelung24.com\\\/fi\\\/#website\"},\"primaryImageOfPage\":{\"@id\":\"https:\\\/\\\/www.versiegelung24.com\\\/fi\\\/product\\\/tiosept-sg-55-pitkaeaikainen-pintasuojaus-20-sarjaa-1m%c2%b2lle-kukin-kopie\\\/#primaryimage\"},\"image\":{\"@id\":\"https:\\\/\\\/www.versiegelung24.com\\\/fi\\\/product\\\/tiosept-sg-55-pitkaeaikainen-pintasuojaus-20-sarjaa-1m%c2%b2lle-kukin-kopie\\\/#primaryimage\"},\"thumbnailUrl\":\"https:\\\/\\\/www.versiegelung24.com\\\/wp-content\\\/uploads\\\/2022\\\/11\\\/Tiosept-Schachtel-rechts.jpg\",\"datePublished\":\"2022-12-01T14:45:38+00:00\",\"dateModified\":\"2023-06-19T14:33:08+00:00\",\"breadcrumb\":{\"@id\":\"https:\\\/\\\/www.versiegelung24.com\\\/fi\\\/product\\\/tiosept-sg-55-pitkaeaikainen-pintasuojaus-20-sarjaa-1m%c2%b2lle-kukin-kopie\\\/#breadcrumb\"},\"inLanguage\":\"fi\",\"potentialAction\":[{\"@type\":\"ReadAction\",\"target\":[\"https:\\\/\\\/www.versiegelung24.com\\\/fi\\\/product\\\/tiosept-sg-55-pitkaeaikainen-pintasuojaus-20-sarjaa-1m%c2%b2lle-kukin-kopie\\\/\"]}]},{\"@type\":\"ImageObject\",\"inLanguage\":\"fi\",\"@id\":\"https:\\\/\\\/www.versiegelung24.com\\\/fi\\\/product\\\/tiosept-sg-55-pitkaeaikainen-pintasuojaus-20-sarjaa-1m%c2%b2lle-kukin-kopie\\\/#primaryimage\",\"url\":\"https:\\\/\\\/www.versiegelung24.com\\\/wp-content\\\/uploads\\\/2022\\\/11\\\/Tiosept-Schachtel-rechts.jpg\",\"contentUrl\":\"https:\\\/\\\/www.versiegelung24.com\\\/wp-content\\\/uploads\\\/2022\\\/11\\\/Tiosept-Schachtel-rechts.jpg\",\"width\":1668,\"height\":1568},{\"@type\":\"BreadcrumbList\",\"@id\":\"https:\\\/\\\/www.versiegelung24.com\\\/fi\\\/product\\\/tiosept-sg-55-pitkaeaikainen-pintasuojaus-20-sarjaa-1m%c2%b2lle-kukin-kopie\\\/#breadcrumb\",\"itemListElement\":[{\"@type\":\"ListItem\",\"position\":1,\"name\":\"Kotisivu\",\"item\":\"https:\\\/\\\/www.versiegelung24.com\\\/fi\\\/etupuolella\\\/\"},{\"@type\":\"ListItem\",\"position\":2,\"name\":\"Myym\u00e4l\u00e4\",\"item\":\"https:\\\/\\\/www.versiegelung24.com\\\/fi\\\/myymala-2\\\/\"},{\"@type\":\"ListItem\",\"position\":3,\"name\":\"TiOSEPT\u00ae SG-55 Pitk\u00e4kestoinen pintasuojaus, 10 sarjaa 2m\u00b2:lle kukin.\"}]},{\"@type\":\"WebSite\",\"@id\":\"https:\\\/\\\/www.versiegelung24.com\\\/fi\\\/#website\",\"url\":\"https:\\\/\\\/www.versiegelung24.com\\\/fi\\\/\",\"name\":\"versiegelung24.com\",\"description\":\"Fl\u00fcssigglas-Versiegelung - Made in Germany\",\"publisher\":{\"@id\":\"https:\\\/\\\/www.versiegelung24.com\\\/fi\\\/#organization\"},\"potentialAction\":[{\"@type\":\"SearchAction\",\"target\":{\"@type\":\"EntryPoint\",\"urlTemplate\":\"https:\\\/\\\/www.versiegelung24.com\\\/fi\\\/?s={search_term_string}\"},\"query-input\":{\"@type\":\"PropertyValueSpecification\",\"valueRequired\":true,\"valueName\":\"search_term_string\"}}],\"inLanguage\":\"fi\"},{\"@type\":\"Organization\",\"@id\":\"https:\\\/\\\/www.versiegelung24.com\\\/fi\\\/#organization\",\"name\":\"versiegelung24\",\"url\":\"https:\\\/\\\/www.versiegelung24.com\\\/fi\\\/\",\"logo\":{\"@type\":\"ImageObject\",\"inLanguage\":\"fi\",\"@id\":\"https:\\\/\\\/www.versiegelung24.com\\\/fi\\\/#\\\/schema\\\/logo\\\/image\\\/\",\"url\":\"https:\\\/\\\/www.versiegelung24.com\\\/wp-content\\\/uploads\\\/2020\\\/04\\\/versiegelung24.png\",\"contentUrl\":\"https:\\\/\\\/www.versiegelung24.com\\\/wp-content\\\/uploads\\\/2020\\\/04\\\/versiegelung24.png\",\"width\":470,\"height\":102,\"caption\":\"versiegelung24\"},\"image\":{\"@id\":\"https:\\\/\\\/www.versiegelung24.com\\\/fi\\\/#\\\/schema\\\/logo\\\/image\\\/\"}}]}<\/script>\n<meta property=\"product:price:amount\" content=\"78.99\" \/>\n<meta property=\"product:price:currency\" content=\"EUR\" \/>\n<meta property=\"og:availability\" content=\"backorder\" \/>\n<meta property=\"product:availability\" content=\"available for order\" \/>\n<meta property=\"product:retailer_item_id\" content=\"TiOS-SG55-SA2-10\" \/>\n<meta property=\"product:condition\" content=\"new\" \/>\n<!-- \/ Yoast SEO Premium plugin. -->","yoast_head_json":{"title":"TiOSEPT\u00ae SG-55 Pitk\u00e4kestoinen pintasuojaus, 10 sarjaa 2m\u00b2:lle kukin. - versiegelung24.com","robots":{"index":"index","follow":"follow","max-snippet":"max-snippet:-1","max-image-preview":"max-image-preview:large","max-video-preview":"max-video-preview:-1"},"canonical":"https:\/\/www.versiegelung24.com\/fi\/product\/tiosept-sg-55-pitkaeaikainen-pintasuojaus-20-sarjaa-1m%c2%b2lle-kukin-kopie\/","og_locale":"fi_FI","og_type":"article","og_title":"TiOSEPT\u00ae SG-55 Pitk\u00e4kestoinen pintasuojaus, 10 sarjaa 2m\u00b2:lle kukin.","og_description":"Antimikrobinen pitk\u00e4aikaissuoja jopa 18 kuukauden ajan. sileille pinnoille \u2713 L\u00e4pin\u00e4kyv\u00e4 ja n\u00e4kym\u00e4t\u00f6n \u2713 Vett\u00e4 hylkiv\u00e4 Riippumattomien testauslaitosten testaama \u2713 K\u00e4ytt\u00f6valmiit pussisarjat esipuhdistukseen ja sulkemiseen.","og_url":"https:\/\/www.versiegelung24.com\/fi\/product\/tiosept-sg-55-pitkaeaikainen-pintasuojaus-20-sarjaa-1m%c2%b2lle-kukin-kopie\/","og_site_name":"versiegelung24.com","article_modified_time":"2023-06-19T14:33:08+00:00","og_image":[{"width":2000,"height":2000,"url":"https:\/\/www.versiegelung24.com\/wp-content\/uploads\/2020\/04\/produkt-BACTUE-bacoban-front.jpg","type":"image\/jpeg"}],"twitter_card":"summary_large_image","twitter_misc":{"Hinta":"78,99&euro;","Saatavuus":"J\u00e4lkitoimituksessa"},"schema":{"@context":"https:\/\/schema.org","@graph":[{"@type":"WebPage","@id":"https:\/\/www.versiegelung24.com\/fi\/product\/tiosept-sg-55-pitkaeaikainen-pintasuojaus-20-sarjaa-1m%c2%b2lle-kukin-kopie\/","url":"https:\/\/www.versiegelung24.com\/fi\/product\/tiosept-sg-55-pitkaeaikainen-pintasuojaus-20-sarjaa-1m%c2%b2lle-kukin-kopie\/","name":"TiOSEPT\u00ae SG-55 Pitk\u00e4kestoinen pintasuojaus, 10 sarjaa 2m\u00b2:lle kukin. - versiegelung24.com","isPartOf":{"@id":"https:\/\/www.versiegelung24.com\/fi\/#website"},"primaryImageOfPage":{"@id":"https:\/\/www.versiegelung24.com\/fi\/product\/tiosept-sg-55-pitkaeaikainen-pintasuojaus-20-sarjaa-1m%c2%b2lle-kukin-kopie\/#primaryimage"},"image":{"@id":"https:\/\/www.versiegelung24.com\/fi\/product\/tiosept-sg-55-pitkaeaikainen-pintasuojaus-20-sarjaa-1m%c2%b2lle-kukin-kopie\/#primaryimage"},"thumbnailUrl":"https:\/\/www.versiegelung24.com\/wp-content\/uploads\/2022\/11\/Tiosept-Schachtel-rechts.jpg","datePublished":"2022-12-01T14:45:38+00:00","dateModified":"2023-06-19T14:33:08+00:00","breadcrumb":{"@id":"https:\/\/www.versiegelung24.com\/fi\/product\/tiosept-sg-55-pitkaeaikainen-pintasuojaus-20-sarjaa-1m%c2%b2lle-kukin-kopie\/#breadcrumb"},"inLanguage":"fi","potentialAction":[{"@type":"ReadAction","target":["https:\/\/www.versiegelung24.com\/fi\/product\/tiosept-sg-55-pitkaeaikainen-pintasuojaus-20-sarjaa-1m%c2%b2lle-kukin-kopie\/"]}]},{"@type":"ImageObject","inLanguage":"fi","@id":"https:\/\/www.versiegelung24.com\/fi\/product\/tiosept-sg-55-pitkaeaikainen-pintasuojaus-20-sarjaa-1m%c2%b2lle-kukin-kopie\/#primaryimage","url":"https:\/\/www.versiegelung24.com\/wp-content\/uploads\/2022\/11\/Tiosept-Schachtel-rechts.jpg","contentUrl":"https:\/\/www.versiegelung24.com\/wp-content\/uploads\/2022\/11\/Tiosept-Schachtel-rechts.jpg","width":1668,"height":1568},{"@type":"BreadcrumbList","@id":"https:\/\/www.versiegelung24.com\/fi\/product\/tiosept-sg-55-pitkaeaikainen-pintasuojaus-20-sarjaa-1m%c2%b2lle-kukin-kopie\/#breadcrumb","itemListElement":[{"@type":"ListItem","position":1,"name":"Kotisivu","item":"https:\/\/www.versiegelung24.com\/fi\/etupuolella\/"},{"@type":"ListItem","position":2,"name":"Myym\u00e4l\u00e4","item":"https:\/\/www.versiegelung24.com\/fi\/myymala-2\/"},{"@type":"ListItem","position":3,"name":"TiOSEPT\u00ae SG-55 Pitk\u00e4kestoinen pintasuojaus, 10 sarjaa 2m\u00b2:lle kukin."}]},{"@type":"WebSite","@id":"https:\/\/www.versiegelung24.com\/fi\/#website","url":"https:\/\/www.versiegelung24.com\/fi\/","name":"versiegelung24.com","description":"Fl\u00fcssigglas-Versiegelung - Made in Germany","publisher":{"@id":"https:\/\/www.versiegelung24.com\/fi\/#organization"},"potentialAction":[{"@type":"SearchAction","target":{"@type":"EntryPoint","urlTemplate":"https:\/\/www.versiegelung24.com\/fi\/?s={search_term_string}"},"query-input":{"@type":"PropertyValueSpecification","valueRequired":true,"valueName":"search_term_string"}}],"inLanguage":"fi"},{"@type":"Organization","@id":"https:\/\/www.versiegelung24.com\/fi\/#organization","name":"versiegelung24","url":"https:\/\/www.versiegelung24.com\/fi\/","logo":{"@type":"ImageObject","inLanguage":"fi","@id":"https:\/\/www.versiegelung24.com\/fi\/#\/schema\/logo\/image\/","url":"https:\/\/www.versiegelung24.com\/wp-content\/uploads\/2020\/04\/versiegelung24.png","contentUrl":"https:\/\/www.versiegelung24.com\/wp-content\/uploads\/2020\/04\/versiegelung24.png","width":470,"height":102,"caption":"versiegelung24"},"image":{"@id":"https:\/\/www.versiegelung24.com\/fi\/#\/schema\/logo\/image\/"}}]},"product_price_amount":"78.99","product_price_currency":"EUR","og_availability":"backorder","product_availability":"available for order","product_retailer_item_id":"TiOS-SG55-SA2-10","product_condition":"new"},"_links":{"self":[{"href":"https:\/\/www.versiegelung24.com\/fi\/wp-json\/wp\/v2\/product\/95187","targetHints":{"allow":["GET"]}}],"collection":[{"href":"https:\/\/www.versiegelung24.com\/fi\/wp-json\/wp\/v2\/product"}],"about":[{"href":"https:\/\/www.versiegelung24.com\/fi\/wp-json\/wp\/v2\/types\/product"}],"version-history":[{"count":7,"href":"https:\/\/www.versiegelung24.com\/fi\/wp-json\/wp\/v2\/product\/95187\/revisions"}],"predecessor-version":[{"id":96459,"href":"https:\/\/www.versiegelung24.com\/fi\/wp-json\/wp\/v2\/product\/95187\/revisions\/96459"}],"wp:featuredmedia":[{"embeddable":true,"href":"https:\/\/www.versiegelung24.com\/fi\/wp-json\/wp\/v2\/media\/94923"}],"wp:attachment":[{"href":"https:\/\/www.versiegelung24.com\/fi\/wp-json\/wp\/v2\/media?parent=95187"}],"wp:term":[{"taxonomy":"product_brand","embeddable":true,"href":"https:\/\/www.versiegelung24.com\/fi\/wp-json\/wp\/v2\/product_brand?post=95187"},{"taxonomy":"product_cat","embeddable":true,"href":"https:\/\/www.versiegelung24.com\/fi\/wp-json\/wp\/v2\/product_cat?post=95187"},{"taxonomy":"product_tag","embeddable":true,"href":"https:\/\/www.versiegelung24.com\/fi\/wp-json\/wp\/v2\/product_tag?post=95187"}],"curies":[{"name":"wp","href":"https:\/\/api.w.org\/{rel}","templated":true}]}}