{"id":22505,"date":"2021-08-02T20:45:12","date_gmt":"2021-08-02T18:45:12","guid":{"rendered":"https:\/\/www.versiegelung24.com\/methodes-de-payement"},"modified":"2024-07-09T09:46:49","modified_gmt":"2024-07-09T07:46:49","slug":"modes-de-paiement","status":"publish","type":"page","link":"https:\/\/www.versiegelung24.com\/fr\/methodes-de-payement\/","title":{"rendered":"m\u00e9thodes de payement"},"content":{"rendered":"\n<h1 class=\"wp-block-heading\" id=\"h-zahlungsarten\">m\u00e9thodes de payement<\/h1>\n<p>Nous proposons les modes de paiement suivants pour votre commande sur versiegelung24.com :<\/p>\n<p><img fetchpriority=\"high\" decoding=\"async\" class=\"alignnone wp-image-133349 \" src=\"https:\/\/www.versiegelung24.com\/wp-content\/uploads\/2023\/11\/v24-footer-zahlungsarten-1300x93.webp\" alt=\"\" width=\"780\" height=\"76\"><\/p>\n<h3>Pay Pal<\/h3>\n<p>Si le montant du paiement est pay\u00e9 via PayPal, votre commande sera trait\u00e9e imm\u00e9diatement.<\/p>\n<h3>Pr\u00e9paiement par virement bancaire<\/h3>\n<p>Apr\u00e8s r\u00e9ception du paiement par virement anticip\u00e9 sur notre compte bancaire, votre envoi sera exp\u00e9di\u00e9.<\/p>\n<p>B\u00e9n\u00e9ficiaire : Holger K\u00e4ding<br \/>IBAN : DE30370502990011006269<br \/>BIC \/ SWIFT : COKSDE33<br \/>Kreissparkasse Cologne<\/p>\n<h3>Achat sur facture<\/h3>\n<p>Pour les pouvoirs publics et les institutions, nous proposons \u00e9galement l&#8217;achat sur facture sur demande. <a href=\"https:\/\/www.versiegelung24.com\/fr\/contacter\/\">Veuillez nous contacter pour cela<\/a> .<\/p>\n","protected":false},"excerpt":{"rendered":"<p>m\u00e9thodes de payement Nous proposons les modes de paiement suivants pour votre commande sur versiegelung24.com : Pay Pal Si le montant du paiement est pay\u00e9 via PayPal, votre commande sera trait\u00e9e imm\u00e9diatement. Pr\u00e9paiement par virement bancaire Apr\u00e8s r\u00e9ception du paiement par virement anticip\u00e9 sur notre compte bancaire, votre envoi sera exp\u00e9di\u00e9. B\u00e9n\u00e9ficiaire : Holger K\u00e4dingIBAN&hellip;&nbsp;<a href=\"https:\/\/www.versiegelung24.com\/fr\/methodes-de-payement\/\" rel=\"bookmark\">Read More &raquo;<span class=\"screen-reader-text\">m\u00e9thodes de payement<\/span><\/a><\/p>\n","protected":false},"author":932,"featured_media":70653,"parent":0,"menu_order":0,"comment_status":"closed","ping_status":"closed","template":"","meta":{"_acf_changed":false,"neve_meta_sidebar":"","neve_meta_container":"","neve_meta_enable_content_width":"","neve_meta_content_width":0,"neve_meta_title_alignment":"","neve_meta_author_avatar":"","neve_post_elements_order":"","neve_meta_disable_header":"","neve_meta_disable_footer":"","neve_meta_disable_title":"","neve_meta_reading_time":"","footnotes":""},"categories":[],"seiten_kategorie":[],"class_list":["post-22505","page","type-page","status-publish","has-post-thumbnail","hentry"],"acf":[],"yoast_head":"<!-- This site is optimized with the Yoast SEO Premium plugin v22.8 (Yoast SEO v27.5) - https:\/\/yoast.com\/product\/yoast-seo-premium-wordpress\/ -->\n<title>m\u00e9thodes de payement - versiegelung24.com<\/title>\n<meta name=\"robots\" content=\"index, follow, max-snippet:-1, max-image-preview:large, max-video-preview:-1\" \/>\n<link rel=\"canonical\" href=\"https:\/\/www.versiegelung24.com\/fr\/methodes-de-payement\/\" \/>\n<meta property=\"og:locale\" content=\"fr_FR\" \/>\n<meta property=\"og:type\" content=\"article\" \/>\n<meta property=\"og:title\" content=\"m\u00e9thodes de payement\" \/>\n<meta property=\"og:description\" content=\"m\u00e9thodes de payement Nous proposons les modes de paiement suivants pour votre commande sur versiegelung24.com : Pay Pal Si le montant du paiement est pay\u00e9 via PayPal, votre commande sera trait\u00e9e imm\u00e9diatement. Pr\u00e9paiement par virement bancaire Apr\u00e8s r\u00e9ception du paiement par virement anticip\u00e9 sur notre compte bancaire, votre envoi sera exp\u00e9di\u00e9. B\u00e9n\u00e9ficiaire : Holger K\u00e4dingIBAN&hellip;&nbsp;Read More &raquo;m\u00e9thodes de payement\" \/>\n<meta property=\"og:url\" content=\"https:\/\/www.versiegelung24.com\/fr\/methodes-de-payement\/\" \/>\n<meta property=\"og:site_name\" content=\"versiegelung24.com\" \/>\n<meta property=\"article:modified_time\" content=\"2024-07-09T07:46:49+00:00\" \/>\n<meta property=\"og:image\" content=\"https:\/\/www.versiegelung24.com\/wp-content\/uploads\/2022\/02\/Payment.png\" \/>\n\t<meta property=\"og:image:width\" content=\"2000\" \/>\n\t<meta property=\"og:image:height\" content=\"2000\" \/>\n\t<meta property=\"og:image:type\" content=\"image\/png\" \/>\n<meta name=\"twitter:card\" content=\"summary_large_image\" \/>\n<script type=\"application\/ld+json\" class=\"yoast-schema-graph\">{\"@context\":\"https:\\\/\\\/schema.org\",\"@graph\":[{\"@type\":\"WebPage\",\"@id\":\"https:\\\/\\\/www.versiegelung24.com\\\/fr\\\/methodes-de-payement\\\/\",\"url\":\"https:\\\/\\\/www.versiegelung24.com\\\/fr\\\/methodes-de-payement\\\/\",\"name\":\"m\u00e9thodes de payement - versiegelung24.com\",\"isPartOf\":{\"@id\":\"https:\\\/\\\/www.versiegelung24.com\\\/fr\\\/#website\"},\"primaryImageOfPage\":{\"@id\":\"https:\\\/\\\/www.versiegelung24.com\\\/fr\\\/methodes-de-payement\\\/#primaryimage\"},\"image\":{\"@id\":\"https:\\\/\\\/www.versiegelung24.com\\\/fr\\\/methodes-de-payement\\\/#primaryimage\"},\"thumbnailUrl\":\"https:\\\/\\\/www.versiegelung24.com\\\/wp-content\\\/uploads\\\/2022\\\/02\\\/Payment.png\",\"datePublished\":\"2021-08-02T18:45:12+00:00\",\"dateModified\":\"2024-07-09T07:46:49+00:00\",\"breadcrumb\":{\"@id\":\"https:\\\/\\\/www.versiegelung24.com\\\/fr\\\/methodes-de-payement\\\/#breadcrumb\"},\"inLanguage\":\"fr-FR\",\"potentialAction\":[{\"@type\":\"ReadAction\",\"target\":[\"https:\\\/\\\/www.versiegelung24.com\\\/fr\\\/methodes-de-payement\\\/\"]}]},{\"@type\":\"ImageObject\",\"inLanguage\":\"fr-FR\",\"@id\":\"https:\\\/\\\/www.versiegelung24.com\\\/fr\\\/methodes-de-payement\\\/#primaryimage\",\"url\":\"https:\\\/\\\/www.versiegelung24.com\\\/wp-content\\\/uploads\\\/2022\\\/02\\\/Payment.png\",\"contentUrl\":\"https:\\\/\\\/www.versiegelung24.com\\\/wp-content\\\/uploads\\\/2022\\\/02\\\/Payment.png\",\"width\":2000,\"height\":2000},{\"@type\":\"BreadcrumbList\",\"@id\":\"https:\\\/\\\/www.versiegelung24.com\\\/fr\\\/methodes-de-payement\\\/#breadcrumb\",\"itemListElement\":[{\"@type\":\"ListItem\",\"position\":1,\"name\":\"Page d'accueil\",\"item\":\"https:\\\/\\\/www.versiegelung24.com\\\/fr\\\/front\\\/\"},{\"@type\":\"ListItem\",\"position\":2,\"name\":\"m\u00e9thodes de payement\"}]},{\"@type\":\"WebSite\",\"@id\":\"https:\\\/\\\/www.versiegelung24.com\\\/fr\\\/#website\",\"url\":\"https:\\\/\\\/www.versiegelung24.com\\\/fr\\\/\",\"name\":\"versiegelung24.com\",\"description\":\"Fl\u00fcssigglas-Versiegelung - Made in Germany\",\"publisher\":{\"@id\":\"https:\\\/\\\/www.versiegelung24.com\\\/fr\\\/#organization\"},\"potentialAction\":[{\"@type\":\"SearchAction\",\"target\":{\"@type\":\"EntryPoint\",\"urlTemplate\":\"https:\\\/\\\/www.versiegelung24.com\\\/fr\\\/?s={search_term_string}\"},\"query-input\":{\"@type\":\"PropertyValueSpecification\",\"valueRequired\":true,\"valueName\":\"search_term_string\"}}],\"inLanguage\":\"fr-FR\"},{\"@type\":\"Organization\",\"@id\":\"https:\\\/\\\/www.versiegelung24.com\\\/fr\\\/#organization\",\"name\":\"versiegelung24\",\"url\":\"https:\\\/\\\/www.versiegelung24.com\\\/fr\\\/\",\"logo\":{\"@type\":\"ImageObject\",\"inLanguage\":\"fr-FR\",\"@id\":\"https:\\\/\\\/www.versiegelung24.com\\\/fr\\\/#\\\/schema\\\/logo\\\/image\\\/\",\"url\":\"https:\\\/\\\/www.versiegelung24.com\\\/wp-content\\\/uploads\\\/2020\\\/04\\\/versiegelung24.png\",\"contentUrl\":\"https:\\\/\\\/www.versiegelung24.com\\\/wp-content\\\/uploads\\\/2020\\\/04\\\/versiegelung24.png\",\"width\":470,\"height\":102,\"caption\":\"versiegelung24\"},\"image\":{\"@id\":\"https:\\\/\\\/www.versiegelung24.com\\\/fr\\\/#\\\/schema\\\/logo\\\/image\\\/\"}}]}<\/script>\n<!-- \/ Yoast SEO Premium plugin. -->","yoast_head_json":{"title":"m\u00e9thodes de payement - versiegelung24.com","robots":{"index":"index","follow":"follow","max-snippet":"max-snippet:-1","max-image-preview":"max-image-preview:large","max-video-preview":"max-video-preview:-1"},"canonical":"https:\/\/www.versiegelung24.com\/fr\/methodes-de-payement\/","og_locale":"fr_FR","og_type":"article","og_title":"m\u00e9thodes de payement","og_description":"m\u00e9thodes de payement Nous proposons les modes de paiement suivants pour votre commande sur versiegelung24.com : Pay Pal Si le montant du paiement est pay\u00e9 via PayPal, votre commande sera trait\u00e9e imm\u00e9diatement. Pr\u00e9paiement par virement bancaire Apr\u00e8s r\u00e9ception du paiement par virement anticip\u00e9 sur notre compte bancaire, votre envoi sera exp\u00e9di\u00e9. B\u00e9n\u00e9ficiaire : Holger K\u00e4dingIBAN&hellip;&nbsp;Read More &raquo;m\u00e9thodes de payement","og_url":"https:\/\/www.versiegelung24.com\/fr\/methodes-de-payement\/","og_site_name":"versiegelung24.com","article_modified_time":"2024-07-09T07:46:49+00:00","og_image":[{"width":2000,"height":2000,"url":"https:\/\/www.versiegelung24.com\/wp-content\/uploads\/2022\/02\/Payment.png","type":"image\/png"}],"twitter_card":"summary_large_image","schema":{"@context":"https:\/\/schema.org","@graph":[{"@type":"WebPage","@id":"https:\/\/www.versiegelung24.com\/fr\/methodes-de-payement\/","url":"https:\/\/www.versiegelung24.com\/fr\/methodes-de-payement\/","name":"m\u00e9thodes de payement - versiegelung24.com","isPartOf":{"@id":"https:\/\/www.versiegelung24.com\/fr\/#website"},"primaryImageOfPage":{"@id":"https:\/\/www.versiegelung24.com\/fr\/methodes-de-payement\/#primaryimage"},"image":{"@id":"https:\/\/www.versiegelung24.com\/fr\/methodes-de-payement\/#primaryimage"},"thumbnailUrl":"https:\/\/www.versiegelung24.com\/wp-content\/uploads\/2022\/02\/Payment.png","datePublished":"2021-08-02T18:45:12+00:00","dateModified":"2024-07-09T07:46:49+00:00","breadcrumb":{"@id":"https:\/\/www.versiegelung24.com\/fr\/methodes-de-payement\/#breadcrumb"},"inLanguage":"fr-FR","potentialAction":[{"@type":"ReadAction","target":["https:\/\/www.versiegelung24.com\/fr\/methodes-de-payement\/"]}]},{"@type":"ImageObject","inLanguage":"fr-FR","@id":"https:\/\/www.versiegelung24.com\/fr\/methodes-de-payement\/#primaryimage","url":"https:\/\/www.versiegelung24.com\/wp-content\/uploads\/2022\/02\/Payment.png","contentUrl":"https:\/\/www.versiegelung24.com\/wp-content\/uploads\/2022\/02\/Payment.png","width":2000,"height":2000},{"@type":"BreadcrumbList","@id":"https:\/\/www.versiegelung24.com\/fr\/methodes-de-payement\/#breadcrumb","itemListElement":[{"@type":"ListItem","position":1,"name":"Page d'accueil","item":"https:\/\/www.versiegelung24.com\/fr\/front\/"},{"@type":"ListItem","position":2,"name":"m\u00e9thodes de payement"}]},{"@type":"WebSite","@id":"https:\/\/www.versiegelung24.com\/fr\/#website","url":"https:\/\/www.versiegelung24.com\/fr\/","name":"versiegelung24.com","description":"Fl\u00fcssigglas-Versiegelung - Made in Germany","publisher":{"@id":"https:\/\/www.versiegelung24.com\/fr\/#organization"},"potentialAction":[{"@type":"SearchAction","target":{"@type":"EntryPoint","urlTemplate":"https:\/\/www.versiegelung24.com\/fr\/?s={search_term_string}"},"query-input":{"@type":"PropertyValueSpecification","valueRequired":true,"valueName":"search_term_string"}}],"inLanguage":"fr-FR"},{"@type":"Organization","@id":"https:\/\/www.versiegelung24.com\/fr\/#organization","name":"versiegelung24","url":"https:\/\/www.versiegelung24.com\/fr\/","logo":{"@type":"ImageObject","inLanguage":"fr-FR","@id":"https:\/\/www.versiegelung24.com\/fr\/#\/schema\/logo\/image\/","url":"https:\/\/www.versiegelung24.com\/wp-content\/uploads\/2020\/04\/versiegelung24.png","contentUrl":"https:\/\/www.versiegelung24.com\/wp-content\/uploads\/2020\/04\/versiegelung24.png","width":470,"height":102,"caption":"versiegelung24"},"image":{"@id":"https:\/\/www.versiegelung24.com\/fr\/#\/schema\/logo\/image\/"}}]}},"_links":{"self":[{"href":"https:\/\/www.versiegelung24.com\/fr\/wp-json\/wp\/v2\/pages\/22505","targetHints":{"allow":["GET"]}}],"collection":[{"href":"https:\/\/www.versiegelung24.com\/fr\/wp-json\/wp\/v2\/pages"}],"about":[{"href":"https:\/\/www.versiegelung24.com\/fr\/wp-json\/wp\/v2\/types\/page"}],"author":[{"embeddable":true,"href":"https:\/\/www.versiegelung24.com\/fr\/wp-json\/wp\/v2\/users\/932"}],"replies":[{"embeddable":true,"href":"https:\/\/www.versiegelung24.com\/fr\/wp-json\/wp\/v2\/comments?post=22505"}],"version-history":[{"count":8,"href":"https:\/\/www.versiegelung24.com\/fr\/wp-json\/wp\/v2\/pages\/22505\/revisions"}],"predecessor-version":[{"id":169499,"href":"https:\/\/www.versiegelung24.com\/fr\/wp-json\/wp\/v2\/pages\/22505\/revisions\/169499"}],"wp:featuredmedia":[{"embeddable":true,"href":"https:\/\/www.versiegelung24.com\/fr\/wp-json\/wp\/v2\/media\/70653"}],"wp:attachment":[{"href":"https:\/\/www.versiegelung24.com\/fr\/wp-json\/wp\/v2\/media?parent=22505"}],"wp:term":[{"taxonomy":"category","embeddable":true,"href":"https:\/\/www.versiegelung24.com\/fr\/wp-json\/wp\/v2\/categories?post=22505"},{"taxonomy":"seiten_kategorie","embeddable":true,"href":"https:\/\/www.versiegelung24.com\/fr\/wp-json\/wp\/v2\/seiten_kategorie?post=22505"}],"curies":[{"name":"wp","href":"https:\/\/api.w.org\/{rel}","templated":true}]}}