{"id":25670,"date":"2021-08-03T11:15:35","date_gmt":"2021-08-03T09:15:35","guid":{"rendered":"https:\/\/www.versiegelung24.com\/via-versiegelung24-com"},"modified":"2025-03-26T22:57:38","modified_gmt":"2025-03-26T21:57:38","slug":"via-versiegelung24-com","status":"publish","type":"page","link":"https:\/\/www.versiegelung24.com\/fr\/via-versiegelung24-com\/","title":{"rendered":"Via versiegelung24.com"},"content":{"rendered":"\n<p>Gegr\u00fcndet wurde das Unternehmen bereits 1993 in Hennef vor den Toren von K\u00f6ln, seinerzeit noch im Bereich station\u00e4rer Einzelhandel. Im Laufe der Jahre kam der Bereich Gro\u00dfhandel, Betreuung von Dienstleistern und Onlinehandel hinzu.<\/p>\n\n<p>Seit nunmehr 5 Jahren haben wir uns auf den Bereich Fl\u00fcssigglas Technologie, Nanobeschichtung und Oberfl\u00e4chendesinfektion konzentriert und beliefern den gesamten Europ\u00e4ischen Markt mit hochwertigen Produkten \u201eMade in Germany\u201c.<\/p>\n\n<p>Nous entretenons une coop\u00e9ration \u00e9troite avec les principaux fabricants et laboratoires de recherche et proposons un mod\u00e8le adapt\u00e9 \u00e0 presque toutes les surfaces<br\/>Solution.<\/p>\n\n<div class=\"wp-block-columns is-layout-flex wp-container-core-columns-is-layout-9d6595d7 wp-block-columns-is-layout-flex\">\n<div class=\"wp-block-column is-layout-flow wp-block-column-is-layout-flow\">\n<div class=\"wp-block-getwid-icon-box headline-center has-text-center\"><div class=\"wp-block-getwid-icon-box__icon-container is-position-top\"><a href=\"https:\/\/www.versiegelung24.com\/fr\/conseils-sur-les-produits-de-versiegelung24\/a-propos-de-la-technologie-du-verre-liquide\/\" class=\"wp-block-getwid-icon-box__icon-wrapper\"><i class=\"fas fa-spinner\"><\/i><\/a><\/div><div class=\"wp-block-getwid-icon-box__content\">\n<h3 class=\"has-text-align-center wp-block-heading\" id=\"h-flussigglas\"><a href=\"https:\/\/www.versiegelung24.com\/fr\/conseils-sur-les-produits-de-versiegelung24\/a-propos-de-la-technologie-du-verre-liquide\/\">Verre liquide<\/a><\/h3>\n\n\n\n<p>Apprendre encore plus!<\/p>\n<\/div><\/div>\n<\/div>\n\n\n\n<div class=\"wp-block-column is-layout-flow wp-block-column-is-layout-flow\">\n<div class=\"wp-block-getwid-icon-box headline-center has-text-center\"><div class=\"wp-block-getwid-icon-box__icon-container is-position-top\"><a href=\"https:\/\/www.versiegelung24.com\/fr\/conseils-sur-les-produits-de-versiegelung24\/quelles-surfaces-sont-adaptees\/\" class=\"wp-block-getwid-icon-box__icon-wrapper\"><i class=\"fas fa-water\"><\/i><\/a><\/div><div class=\"wp-block-getwid-icon-box__content\">\n<h3 class=\"has-text-align-center wp-block-heading\" id=\"h-oberfl-chen\"><a href=\"https:\/\/www.versiegelung24.com\/fr\/conseils-sur-les-produits-de-versiegelung24\/quelles-surfaces-sont-adaptees\/\">surfaces<\/a><\/h3>\n\n\n\n<p>Que puis-je sceller ?<\/p>\n<\/div><\/div>\n<\/div>\n\n\n\n<div class=\"wp-block-column is-layout-flow wp-block-column-is-layout-flow\">\n<div class=\"wp-block-getwid-icon-box headline-center has-text-center\"><div class=\"wp-block-getwid-icon-box__icon-container is-position-top\"><a href=\"https:\/\/www.versiegelung24.com\/fr\/conseils-sur-les-produits-de-versiegelung24\/lapplication-du-verre-liquide\/\" class=\"wp-block-getwid-icon-box__icon-wrapper\"><i class=\"fas fa-swatchbook\"><\/i><\/a><\/div><div class=\"wp-block-getwid-icon-box__content\">\n<h3 class=\"has-text-align-center wp-block-heading\" id=\"h-anwendung\"><a href=\"https:\/\/www.versiegelung24.com\/fr\/conseils-sur-les-produits-de-versiegelung24\/lapplication-du-verre-liquide\/\">utilisation<\/a><\/h3>\n\n\n\n<p>Fais le toi-m\u00eame<\/p>\n<\/div><\/div>\n<\/div>\n\n\n\n<div class=\"wp-block-column headline-center is-layout-flow wp-block-column-is-layout-flow\">\n<div class=\"wp-block-getwid-icon-box has-text-center\"><div class=\"wp-block-getwid-icon-box__icon-container is-position-top\"><a href=\"https:\/\/www.versiegelung24.com\/fr\/conseils-sur-les-produits-de-versiegelung24\/faits-interessants-dans-le-domaine-de-letancheite-et-de-la-desinfection\/\" class=\"wp-block-getwid-icon-box__icon-wrapper\"><i class=\"fas fa-check\"><\/i><\/a><\/div><div class=\"wp-block-getwid-icon-box__content\">\n<h3 class=\"has-text-align-center wp-block-heading\" id=\"h-ihr-ergebnis\"><a href=\"https:\/\/www.versiegelung24.com\/fr\/conseils-sur-les-produits-de-versiegelung24\/faits-interessants-dans-le-domaine-de-letancheite-et-de-la-desinfection\/\">Ton r\u00e9sultat<\/a><\/h3>\n\n\n\n<p>Les resultats<\/p>\n<\/div><\/div>\n<\/div>\n<\/div>\n\n<p><\/p>\n","protected":false},"excerpt":{"rendered":"<p>Gegr\u00fcndet wurde das Unternehmen bereits 1993 in Hennef vor den Toren von K\u00f6ln, seinerzeit noch im Bereich station\u00e4rer Einzelhandel. Im Laufe der Jahre kam der Bereich Gro\u00dfhandel, Betreuung von Dienstleistern und Onlinehandel hinzu. Seit nunmehr 5 Jahren haben wir uns auf den Bereich Fl\u00fcssigglas Technologie, Nanobeschichtung und Oberfl\u00e4chendesinfektion konzentriert und beliefern den gesamten Europ\u00e4ischen Markt&hellip;&nbsp;<a href=\"https:\/\/www.versiegelung24.com\/fr\/via-versiegelung24-com\/\" rel=\"bookmark\">Read More &raquo;<span class=\"screen-reader-text\">Via versiegelung24.com<\/span><\/a><\/p>\n","protected":false},"author":932,"featured_media":70932,"parent":0,"menu_order":8,"comment_status":"closed","ping_status":"closed","template":"","meta":{"_acf_changed":false,"neve_meta_sidebar":"","neve_meta_container":"","neve_meta_enable_content_width":"","neve_meta_content_width":0,"neve_meta_title_alignment":"","neve_meta_author_avatar":"","neve_post_elements_order":"","neve_meta_disable_header":"","neve_meta_disable_footer":"","neve_meta_disable_title":"","neve_meta_reading_time":"","footnotes":""},"categories":[],"seiten_kategorie":[],"class_list":["post-25670","page","type-page","status-publish","has-post-thumbnail","hentry"],"acf":[],"yoast_head":"<!-- This site is optimized with the Yoast SEO Premium plugin v22.8 (Yoast SEO v27.5) - https:\/\/yoast.com\/product\/yoast-seo-premium-wordpress\/ -->\n<title>Via versiegelung24.com - versiegelung24.com<\/title>\n<meta name=\"robots\" content=\"index, follow, max-snippet:-1, max-image-preview:large, max-video-preview:-1\" \/>\n<link rel=\"canonical\" href=\"https:\/\/www.versiegelung24.com\/fr\/via-versiegelung24-com\/\" \/>\n<meta property=\"og:locale\" content=\"fr_FR\" \/>\n<meta property=\"og:type\" content=\"article\" \/>\n<meta property=\"og:title\" content=\"Via versiegelung24.com\" \/>\n<meta property=\"og:description\" content=\"Gegr\u00fcndet wurde das Unternehmen bereits 1993 in Hennef vor den Toren von K\u00f6ln, seinerzeit noch im Bereich station\u00e4rer Einzelhandel. Im Laufe der Jahre kam der Bereich Gro\u00dfhandel, Betreuung von Dienstleistern und Onlinehandel hinzu. Seit nunmehr 5 Jahren haben wir uns auf den Bereich Fl\u00fcssigglas Technologie, Nanobeschichtung und Oberfl\u00e4chendesinfektion konzentriert und beliefern den gesamten Europ\u00e4ischen Markt&hellip;&nbsp;Read More &raquo;Via versiegelung24.com\" \/>\n<meta property=\"og:url\" content=\"https:\/\/www.versiegelung24.com\/fr\/via-versiegelung24-com\/\" \/>\n<meta property=\"og:site_name\" content=\"versiegelung24.com\" \/>\n<meta property=\"article:modified_time\" content=\"2025-03-26T21:57:38+00:00\" \/>\n<meta property=\"og:image\" content=\"https:\/\/www.versiegelung24.com\/wp-content\/uploads\/2022\/02\/About-Us.png\" \/>\n\t<meta property=\"og:image:width\" content=\"2000\" \/>\n\t<meta property=\"og:image:height\" content=\"2000\" \/>\n\t<meta property=\"og:image:type\" content=\"image\/png\" \/>\n<meta name=\"twitter:card\" content=\"summary_large_image\" \/>\n<script type=\"application\/ld+json\" class=\"yoast-schema-graph\">{\"@context\":\"https:\\\/\\\/schema.org\",\"@graph\":[{\"@type\":\"WebPage\",\"@id\":\"https:\\\/\\\/www.versiegelung24.com\\\/fr\\\/via-versiegelung24-com\\\/\",\"url\":\"https:\\\/\\\/www.versiegelung24.com\\\/fr\\\/via-versiegelung24-com\\\/\",\"name\":\"Via versiegelung24.com - versiegelung24.com\",\"isPartOf\":{\"@id\":\"https:\\\/\\\/www.versiegelung24.com\\\/fr\\\/#website\"},\"primaryImageOfPage\":{\"@id\":\"https:\\\/\\\/www.versiegelung24.com\\\/fr\\\/via-versiegelung24-com\\\/#primaryimage\"},\"image\":{\"@id\":\"https:\\\/\\\/www.versiegelung24.com\\\/fr\\\/via-versiegelung24-com\\\/#primaryimage\"},\"thumbnailUrl\":\"https:\\\/\\\/www.versiegelung24.com\\\/wp-content\\\/uploads\\\/2022\\\/02\\\/About-Us.png\",\"datePublished\":\"2021-08-03T09:15:35+00:00\",\"dateModified\":\"2025-03-26T21:57:38+00:00\",\"breadcrumb\":{\"@id\":\"https:\\\/\\\/www.versiegelung24.com\\\/fr\\\/via-versiegelung24-com\\\/#breadcrumb\"},\"inLanguage\":\"fr-FR\",\"potentialAction\":[{\"@type\":\"ReadAction\",\"target\":[\"https:\\\/\\\/www.versiegelung24.com\\\/fr\\\/via-versiegelung24-com\\\/\"]}]},{\"@type\":\"ImageObject\",\"inLanguage\":\"fr-FR\",\"@id\":\"https:\\\/\\\/www.versiegelung24.com\\\/fr\\\/via-versiegelung24-com\\\/#primaryimage\",\"url\":\"https:\\\/\\\/www.versiegelung24.com\\\/wp-content\\\/uploads\\\/2022\\\/02\\\/About-Us.png\",\"contentUrl\":\"https:\\\/\\\/www.versiegelung24.com\\\/wp-content\\\/uploads\\\/2022\\\/02\\\/About-Us.png\",\"width\":2000,\"height\":2000},{\"@type\":\"BreadcrumbList\",\"@id\":\"https:\\\/\\\/www.versiegelung24.com\\\/fr\\\/via-versiegelung24-com\\\/#breadcrumb\",\"itemListElement\":[{\"@type\":\"ListItem\",\"position\":1,\"name\":\"Page d'accueil\",\"item\":\"https:\\\/\\\/www.versiegelung24.com\\\/fr\\\/front\\\/\"},{\"@type\":\"ListItem\",\"position\":2,\"name\":\"Via versiegelung24.com\"}]},{\"@type\":\"WebSite\",\"@id\":\"https:\\\/\\\/www.versiegelung24.com\\\/fr\\\/#website\",\"url\":\"https:\\\/\\\/www.versiegelung24.com\\\/fr\\\/\",\"name\":\"versiegelung24.com\",\"description\":\"Fl\u00fcssigglas-Versiegelung - Made in Germany\",\"publisher\":{\"@id\":\"https:\\\/\\\/www.versiegelung24.com\\\/fr\\\/#organization\"},\"potentialAction\":[{\"@type\":\"SearchAction\",\"target\":{\"@type\":\"EntryPoint\",\"urlTemplate\":\"https:\\\/\\\/www.versiegelung24.com\\\/fr\\\/?s={search_term_string}\"},\"query-input\":{\"@type\":\"PropertyValueSpecification\",\"valueRequired\":true,\"valueName\":\"search_term_string\"}}],\"inLanguage\":\"fr-FR\"},{\"@type\":\"Organization\",\"@id\":\"https:\\\/\\\/www.versiegelung24.com\\\/fr\\\/#organization\",\"name\":\"versiegelung24\",\"url\":\"https:\\\/\\\/www.versiegelung24.com\\\/fr\\\/\",\"logo\":{\"@type\":\"ImageObject\",\"inLanguage\":\"fr-FR\",\"@id\":\"https:\\\/\\\/www.versiegelung24.com\\\/fr\\\/#\\\/schema\\\/logo\\\/image\\\/\",\"url\":\"https:\\\/\\\/www.versiegelung24.com\\\/wp-content\\\/uploads\\\/2020\\\/04\\\/versiegelung24.png\",\"contentUrl\":\"https:\\\/\\\/www.versiegelung24.com\\\/wp-content\\\/uploads\\\/2020\\\/04\\\/versiegelung24.png\",\"width\":470,\"height\":102,\"caption\":\"versiegelung24\"},\"image\":{\"@id\":\"https:\\\/\\\/www.versiegelung24.com\\\/fr\\\/#\\\/schema\\\/logo\\\/image\\\/\"}}]}<\/script>\n<!-- \/ Yoast SEO Premium plugin. -->","yoast_head_json":{"title":"Via versiegelung24.com - versiegelung24.com","robots":{"index":"index","follow":"follow","max-snippet":"max-snippet:-1","max-image-preview":"max-image-preview:large","max-video-preview":"max-video-preview:-1"},"canonical":"https:\/\/www.versiegelung24.com\/fr\/via-versiegelung24-com\/","og_locale":"fr_FR","og_type":"article","og_title":"Via versiegelung24.com","og_description":"Gegr\u00fcndet wurde das Unternehmen bereits 1993 in Hennef vor den Toren von K\u00f6ln, seinerzeit noch im Bereich station\u00e4rer Einzelhandel. Im Laufe der Jahre kam der Bereich Gro\u00dfhandel, Betreuung von Dienstleistern und Onlinehandel hinzu. Seit nunmehr 5 Jahren haben wir uns auf den Bereich Fl\u00fcssigglas Technologie, Nanobeschichtung und Oberfl\u00e4chendesinfektion konzentriert und beliefern den gesamten Europ\u00e4ischen Markt&hellip;&nbsp;Read More &raquo;Via versiegelung24.com","og_url":"https:\/\/www.versiegelung24.com\/fr\/via-versiegelung24-com\/","og_site_name":"versiegelung24.com","article_modified_time":"2025-03-26T21:57:38+00:00","og_image":[{"width":2000,"height":2000,"url":"https:\/\/www.versiegelung24.com\/wp-content\/uploads\/2022\/02\/About-Us.png","type":"image\/png"}],"twitter_card":"summary_large_image","schema":{"@context":"https:\/\/schema.org","@graph":[{"@type":"WebPage","@id":"https:\/\/www.versiegelung24.com\/fr\/via-versiegelung24-com\/","url":"https:\/\/www.versiegelung24.com\/fr\/via-versiegelung24-com\/","name":"Via versiegelung24.com - versiegelung24.com","isPartOf":{"@id":"https:\/\/www.versiegelung24.com\/fr\/#website"},"primaryImageOfPage":{"@id":"https:\/\/www.versiegelung24.com\/fr\/via-versiegelung24-com\/#primaryimage"},"image":{"@id":"https:\/\/www.versiegelung24.com\/fr\/via-versiegelung24-com\/#primaryimage"},"thumbnailUrl":"https:\/\/www.versiegelung24.com\/wp-content\/uploads\/2022\/02\/About-Us.png","datePublished":"2021-08-03T09:15:35+00:00","dateModified":"2025-03-26T21:57:38+00:00","breadcrumb":{"@id":"https:\/\/www.versiegelung24.com\/fr\/via-versiegelung24-com\/#breadcrumb"},"inLanguage":"fr-FR","potentialAction":[{"@type":"ReadAction","target":["https:\/\/www.versiegelung24.com\/fr\/via-versiegelung24-com\/"]}]},{"@type":"ImageObject","inLanguage":"fr-FR","@id":"https:\/\/www.versiegelung24.com\/fr\/via-versiegelung24-com\/#primaryimage","url":"https:\/\/www.versiegelung24.com\/wp-content\/uploads\/2022\/02\/About-Us.png","contentUrl":"https:\/\/www.versiegelung24.com\/wp-content\/uploads\/2022\/02\/About-Us.png","width":2000,"height":2000},{"@type":"BreadcrumbList","@id":"https:\/\/www.versiegelung24.com\/fr\/via-versiegelung24-com\/#breadcrumb","itemListElement":[{"@type":"ListItem","position":1,"name":"Page d'accueil","item":"https:\/\/www.versiegelung24.com\/fr\/front\/"},{"@type":"ListItem","position":2,"name":"Via versiegelung24.com"}]},{"@type":"WebSite","@id":"https:\/\/www.versiegelung24.com\/fr\/#website","url":"https:\/\/www.versiegelung24.com\/fr\/","name":"versiegelung24.com","description":"Fl\u00fcssigglas-Versiegelung - Made in Germany","publisher":{"@id":"https:\/\/www.versiegelung24.com\/fr\/#organization"},"potentialAction":[{"@type":"SearchAction","target":{"@type":"EntryPoint","urlTemplate":"https:\/\/www.versiegelung24.com\/fr\/?s={search_term_string}"},"query-input":{"@type":"PropertyValueSpecification","valueRequired":true,"valueName":"search_term_string"}}],"inLanguage":"fr-FR"},{"@type":"Organization","@id":"https:\/\/www.versiegelung24.com\/fr\/#organization","name":"versiegelung24","url":"https:\/\/www.versiegelung24.com\/fr\/","logo":{"@type":"ImageObject","inLanguage":"fr-FR","@id":"https:\/\/www.versiegelung24.com\/fr\/#\/schema\/logo\/image\/","url":"https:\/\/www.versiegelung24.com\/wp-content\/uploads\/2020\/04\/versiegelung24.png","contentUrl":"https:\/\/www.versiegelung24.com\/wp-content\/uploads\/2020\/04\/versiegelung24.png","width":470,"height":102,"caption":"versiegelung24"},"image":{"@id":"https:\/\/www.versiegelung24.com\/fr\/#\/schema\/logo\/image\/"}}]}},"_links":{"self":[{"href":"https:\/\/www.versiegelung24.com\/fr\/wp-json\/wp\/v2\/pages\/25670","targetHints":{"allow":["GET"]}}],"collection":[{"href":"https:\/\/www.versiegelung24.com\/fr\/wp-json\/wp\/v2\/pages"}],"about":[{"href":"https:\/\/www.versiegelung24.com\/fr\/wp-json\/wp\/v2\/types\/page"}],"author":[{"embeddable":true,"href":"https:\/\/www.versiegelung24.com\/fr\/wp-json\/wp\/v2\/users\/932"}],"replies":[{"embeddable":true,"href":"https:\/\/www.versiegelung24.com\/fr\/wp-json\/wp\/v2\/comments?post=25670"}],"version-history":[{"count":2,"href":"https:\/\/www.versiegelung24.com\/fr\/wp-json\/wp\/v2\/pages\/25670\/revisions"}],"predecessor-version":[{"id":70956,"href":"https:\/\/www.versiegelung24.com\/fr\/wp-json\/wp\/v2\/pages\/25670\/revisions\/70956"}],"wp:featuredmedia":[{"embeddable":true,"href":"https:\/\/www.versiegelung24.com\/fr\/wp-json\/wp\/v2\/media\/70932"}],"wp:attachment":[{"href":"https:\/\/www.versiegelung24.com\/fr\/wp-json\/wp\/v2\/media?parent=25670"}],"wp:term":[{"taxonomy":"category","embeddable":true,"href":"https:\/\/www.versiegelung24.com\/fr\/wp-json\/wp\/v2\/categories?post=25670"},{"taxonomy":"seiten_kategorie","embeddable":true,"href":"https:\/\/www.versiegelung24.com\/fr\/wp-json\/wp\/v2\/seiten_kategorie?post=25670"}],"curies":[{"name":"wp","href":"https:\/\/api.w.org\/{rel}","templated":true}]}}