{"id":25928,"date":"2021-08-03T12:04:21","date_gmt":"2021-08-03T10:04:21","guid":{"rendered":"https:\/\/www.versiegelung24.com\/politique-dannulation-et-formulaire-dannulation"},"modified":"2024-06-25T20:51:15","modified_gmt":"2024-06-25T18:51:15","slug":"information-sur-le-droit-de-retractation","status":"publish","type":"page","link":"https:\/\/www.versiegelung24.com\/fr\/information-sur-le-droit-de-retractation\/","title":{"rendered":"Politique d&#8217;annulation et formulaire d&#8217;annulation"},"content":{"rendered":"<div class=\"main-container col1-layout\">\n<div class=\"main container\">\n<div class=\"inner-container\">\n<div class=\"col-main\">\n<div class=\"std\">\n<p>Les consommateurs ont droit \u00e0 un droit de r\u00e9tractation conform\u00e9ment aux dispositions suivantes, selon lesquelles un consommateur est toute personne physique qui conclut une transaction juridique \u00e0 des fins qui ne sont principalement ni commerciales ni ind\u00e9pendantes&nbsp;:<\/p>\n<p><strong>A. Politique d&#8217;annulation<\/strong><\/p>\n<p><strong>Droit de r\u00e9tractation<br \/>\n<\/strong> Vous avez le droit de vous r\u00e9tracter de ce contrat dans les 14 jours sans donner de motif.<\/p>\n<p>Le d\u00e9lai de r\u00e9tractation est de 14 jours \u00e0 compter du jour o\u00f9 vous ou un tiers d\u00e9sign\u00e9 par vous, qui n&#8217;est pas le transporteur, avez pris possession de la derni\u00e8re marchandise.<\/p>\n<p>Pour exercer votre droit de r\u00e9tractation, vous devez nous informer (Holger K\u00e4ding, An den Ellmen 14, 53773 Hennef, t\u00e9l. : 02242-9695650, e-mail : info@versiegelung24.com) de votre d\u00e9cision de r\u00e9voquer le pr\u00e9sent contrat au moyen d&#8217;une d\u00e9claration sans \u00e9quivoque (par ex. une lettre envoy\u00e9e par la poste ou un e-mail). Vous pouvez utiliser le mod\u00e8le de formulaire de r\u00e9tractation ci-joint \u00e0 cet effet, mais ce n&#8217;est pas obligatoire.<\/p>\n<p>Pour respecter le d\u00e9lai de r\u00e9tractation, il vous suffit d&#8217;envoyer votre notification d&#8217;exercice de votre droit de r\u00e9tractation avant l&#8217;expiration du d\u00e9lai de r\u00e9tractation.<\/p>\n<p><strong>Cons\u00e9quences de la r\u00e9tractation<br \/>\n<\/strong>En cas de r\u00e9tractation de votre part du pr\u00e9sent contrat, nous vous rembourserons tous les paiements re\u00e7us de vous, y compris les frais de livraison (\u00e0 l&#8217;exception des frais suppl\u00e9mentaires d\u00e9coulant du fait que vous avez choisi un mode de livraison autre que le mode moins co\u00fbteux de livraison standard propos\u00e9 par nous), sans retard excessif et au plus tard quatorze jours \u00e0 compter de la date \u00e0 laquelle nous aurons \u00e9t\u00e9 inform\u00e9s de votre d\u00e9cision de r\u00e9tractation du pr\u00e9sent contrat. Pour ce remboursement, nous utiliserons le m\u00eame moyen de paiement que celui que vous avez utilis\u00e9 pour la transaction d&#8217;origine, \u00e0 moins que quelque chose d&#8217;autre n&#8217;ait \u00e9t\u00e9 express\u00e9ment convenu avec vous&nbsp;; En aucun cas, des frais ne vous seront factur\u00e9s pour ce remboursement. Nous pouvons refuser le remboursement jusqu&#8217;\u00e0 ce que nous ayons re\u00e7u les marchandises ou jusqu&#8217;\u00e0 ce que vous ayez fourni la preuve que vous avez renvoy\u00e9 les marchandises, selon la premi\u00e8re \u00e9ventualit\u00e9.<\/p>\n<p>Vous devez nous retourner ou nous remettre la marchandise imm\u00e9diatement et dans tous les cas au plus tard quatorze jours \u00e0 compter de la date \u00e0 laquelle vous nous avez inform\u00e9 de la r\u00e9siliation du pr\u00e9sent contrat. Le d\u00e9lai est respect\u00e9 si vous envoyez la marchandise avant l&#8217;expiration du d\u00e9lai de quatorze jours.<\/p>\n<p>Vous supportez les frais directs de retour des marchandises.<\/p>\n<p>Vous ne devez payer pour toute perte de valeur de la marchandise que si cette perte de valeur est due \u00e0 une manipulation de la marchandise qui n&#8217;est pas n\u00e9cessaire pour v\u00e9rifier la nature, les propri\u00e9t\u00e9s et la fonctionnalit\u00e9 de la marchandise.<\/p>\n<p>Exclusion ou expiration pr\u00e9matur\u00e9e du droit de r\u00e9tractation<\/p>\n<p>Le droit de r\u00e9tractation expire pr\u00e9matur\u00e9ment dans le cas de contrats de livraison d&#8217;enregistrements audio ou vid\u00e9o ou de logiciels informatiques dans un emballage scell\u00e9 si le scell\u00e9 a \u00e9t\u00e9 retir\u00e9 apr\u00e8s la livraison.<\/p>\n<p><strong>B. Formulaire de r\u00e9tractation<\/strong><\/p>\n<p>Si vous souhaitez r\u00e9silier le contrat, veuillez remplir ce formulaire et le renvoyer.<\/p>\n<p>Sur<\/p>\n<p>samstore.de<\/p>\n<p>Holger K\u00e4ding<br \/>\nAu Elllmen 14<br \/>\n53773 Henn\u00e9<br \/>\nAllemagne<br \/>\nCourriel : info@versiegelung24.com<\/p>\n<p>Je\/nous (*) r\u00e9voque par la pr\u00e9sente le contrat conclu par moi\/nous (*) pour l&#8217;achat des biens suivants (*) \/ la fourniture du service suivant (*)<\/p>\n<p>_______________________________________________________<\/p>\n<p>_______________________________________________________<\/p>\n<p>Command\u00e9 le (*) ____________ \/ re\u00e7u le (*) __________________<\/p>\n<p>________________________________________________________<\/p>\n<p>Nom du ou des consommateurs<\/p>\n<p>________________________________________________________<\/p>\n<p>Adresse du ou des consommateurs<\/p>\n<p>________________________________________________________<\/p>\n<p>Signature du ou des consommateurs (uniquement si celle-ci est communiqu\u00e9e sur papier)<\/p>\n<p>_________________________<\/p>\n<p>Date<\/p>\n<p>(*) Supprimer le cas \u00e9ch\u00e9ant<\/p>\n<\/div>\n<\/div>\n<div class=\"postscript\"><\/div>\n<\/div>\n<\/div>\n<div class=\"main-bottom-container\"><\/div>\n<\/div>\n<div class=\"footer-container\">\n<div class=\"footer-container2\">\n<div class=\"footer-container3\">\n<div class=\"footer-primary-container section-container\">\n<div class=\"footer-primary footer container\">\n<div class=\"inner-container\">\n<div class=\"clearer\">\n<div class=\"grid12-3\">\n<div class=\"std\">\n<div class=\"collapsible mobile-collapsible\"><\/div>\n<\/div>\n<\/div>\n<\/div>\n<\/div>\n<\/div>\n<\/div>\n<\/div>\n<\/div>\n<\/div>\n","protected":false},"excerpt":{"rendered":"<p>Les consommateurs ont droit \u00e0 un droit de r\u00e9tractation conform\u00e9ment aux dispositions suivantes, selon lesquelles un consommateur est toute personne physique qui conclut une transaction juridique \u00e0 des fins qui ne sont principalement ni commerciales ni ind\u00e9pendantes&nbsp;: A. Politique d&#8217;annulation Droit de r\u00e9tractation Vous avez le droit de vous r\u00e9tracter de ce contrat dans les&hellip;&nbsp;<a href=\"https:\/\/www.versiegelung24.com\/fr\/information-sur-le-droit-de-retractation\/\" rel=\"bookmark\">Read More &raquo;<span class=\"screen-reader-text\">Politique d&#8217;annulation et formulaire d&#8217;annulation<\/span><\/a><\/p>\n","protected":false},"author":932,"featured_media":71023,"parent":0,"menu_order":0,"comment_status":"closed","ping_status":"closed","template":"","meta":{"_acf_changed":false,"neve_meta_sidebar":"","neve_meta_container":"","neve_meta_enable_content_width":"","neve_meta_content_width":0,"neve_meta_title_alignment":"","neve_meta_author_avatar":"","neve_post_elements_order":"","neve_meta_disable_header":"","neve_meta_disable_footer":"","neve_meta_disable_title":"","neve_meta_reading_time":"","footnotes":""},"categories":[],"seiten_kategorie":[],"class_list":["post-25928","page","type-page","status-publish","has-post-thumbnail","hentry"],"acf":[],"yoast_head":"<!-- This site is optimized with the Yoast SEO Premium plugin v22.8 (Yoast SEO v27.5) - https:\/\/yoast.com\/product\/yoast-seo-premium-wordpress\/ -->\n<title>Politique d&#039;annulation et formulaire d&#039;annulation - versiegelung24.com<\/title>\n<meta name=\"robots\" content=\"index, follow, max-snippet:-1, max-image-preview:large, max-video-preview:-1\" \/>\n<link rel=\"canonical\" href=\"https:\/\/www.versiegelung24.com\/fr\/information-sur-le-droit-de-retractation\/\" \/>\n<meta property=\"og:locale\" content=\"fr_FR\" \/>\n<meta property=\"og:type\" content=\"article\" \/>\n<meta property=\"og:title\" content=\"Politique d&#039;annulation et formulaire d&#039;annulation\" \/>\n<meta property=\"og:description\" content=\"Les consommateurs ont droit \u00e0 un droit de r\u00e9tractation conform\u00e9ment aux dispositions suivantes, selon lesquelles un consommateur est toute personne physique qui conclut une transaction juridique \u00e0 des fins qui ne sont principalement ni commerciales ni ind\u00e9pendantes&nbsp;: A. Politique d&#8217;annulation Droit de r\u00e9tractation Vous avez le droit de vous r\u00e9tracter de ce contrat dans les&hellip;&nbsp;Read More &raquo;Politique d&#8217;annulation et formulaire d&#8217;annulation\" \/>\n<meta property=\"og:url\" content=\"https:\/\/www.versiegelung24.com\/fr\/information-sur-le-droit-de-retractation\/\" \/>\n<meta property=\"og:site_name\" content=\"versiegelung24.com\" \/>\n<meta property=\"article:modified_time\" content=\"2024-06-25T18:51:15+00:00\" \/>\n<meta property=\"og:image\" content=\"https:\/\/www.versiegelung24.com\/wp-content\/uploads\/2022\/02\/Widerruf.png\" \/>\n\t<meta property=\"og:image:width\" content=\"2000\" \/>\n\t<meta property=\"og:image:height\" content=\"2000\" \/>\n\t<meta property=\"og:image:type\" content=\"image\/png\" \/>\n<meta name=\"twitter:card\" content=\"summary_large_image\" \/>\n<meta name=\"twitter:label1\" content=\"Dur\u00e9e de lecture estim\u00e9e\" \/>\n\t<meta name=\"twitter:data1\" content=\"3 minutes\" \/>\n<script type=\"application\/ld+json\" class=\"yoast-schema-graph\">{\"@context\":\"https:\\\/\\\/schema.org\",\"@graph\":[{\"@type\":\"WebPage\",\"@id\":\"https:\\\/\\\/www.versiegelung24.com\\\/fr\\\/information-sur-le-droit-de-retractation\\\/\",\"url\":\"https:\\\/\\\/www.versiegelung24.com\\\/fr\\\/information-sur-le-droit-de-retractation\\\/\",\"name\":\"Politique d'annulation et formulaire d'annulation - versiegelung24.com\",\"isPartOf\":{\"@id\":\"https:\\\/\\\/www.versiegelung24.com\\\/fr\\\/#website\"},\"primaryImageOfPage\":{\"@id\":\"https:\\\/\\\/www.versiegelung24.com\\\/fr\\\/information-sur-le-droit-de-retractation\\\/#primaryimage\"},\"image\":{\"@id\":\"https:\\\/\\\/www.versiegelung24.com\\\/fr\\\/information-sur-le-droit-de-retractation\\\/#primaryimage\"},\"thumbnailUrl\":\"https:\\\/\\\/www.versiegelung24.com\\\/wp-content\\\/uploads\\\/2022\\\/02\\\/Widerruf.png\",\"datePublished\":\"2021-08-03T10:04:21+00:00\",\"dateModified\":\"2024-06-25T18:51:15+00:00\",\"breadcrumb\":{\"@id\":\"https:\\\/\\\/www.versiegelung24.com\\\/fr\\\/information-sur-le-droit-de-retractation\\\/#breadcrumb\"},\"inLanguage\":\"fr-FR\",\"potentialAction\":[{\"@type\":\"ReadAction\",\"target\":[\"https:\\\/\\\/www.versiegelung24.com\\\/fr\\\/information-sur-le-droit-de-retractation\\\/\"]}]},{\"@type\":\"ImageObject\",\"inLanguage\":\"fr-FR\",\"@id\":\"https:\\\/\\\/www.versiegelung24.com\\\/fr\\\/information-sur-le-droit-de-retractation\\\/#primaryimage\",\"url\":\"https:\\\/\\\/www.versiegelung24.com\\\/wp-content\\\/uploads\\\/2022\\\/02\\\/Widerruf.png\",\"contentUrl\":\"https:\\\/\\\/www.versiegelung24.com\\\/wp-content\\\/uploads\\\/2022\\\/02\\\/Widerruf.png\",\"width\":2000,\"height\":2000},{\"@type\":\"BreadcrumbList\",\"@id\":\"https:\\\/\\\/www.versiegelung24.com\\\/fr\\\/information-sur-le-droit-de-retractation\\\/#breadcrumb\",\"itemListElement\":[{\"@type\":\"ListItem\",\"position\":1,\"name\":\"Page d'accueil\",\"item\":\"https:\\\/\\\/www.versiegelung24.com\\\/fr\\\/front\\\/\"},{\"@type\":\"ListItem\",\"position\":2,\"name\":\"Politique d&#8217;annulation et formulaire d&#8217;annulation\"}]},{\"@type\":\"WebSite\",\"@id\":\"https:\\\/\\\/www.versiegelung24.com\\\/fr\\\/#website\",\"url\":\"https:\\\/\\\/www.versiegelung24.com\\\/fr\\\/\",\"name\":\"versiegelung24.com\",\"description\":\"Fl\u00fcssigglas-Versiegelung - Made in Germany\",\"publisher\":{\"@id\":\"https:\\\/\\\/www.versiegelung24.com\\\/fr\\\/#organization\"},\"potentialAction\":[{\"@type\":\"SearchAction\",\"target\":{\"@type\":\"EntryPoint\",\"urlTemplate\":\"https:\\\/\\\/www.versiegelung24.com\\\/fr\\\/?s={search_term_string}\"},\"query-input\":{\"@type\":\"PropertyValueSpecification\",\"valueRequired\":true,\"valueName\":\"search_term_string\"}}],\"inLanguage\":\"fr-FR\"},{\"@type\":\"Organization\",\"@id\":\"https:\\\/\\\/www.versiegelung24.com\\\/fr\\\/#organization\",\"name\":\"versiegelung24\",\"url\":\"https:\\\/\\\/www.versiegelung24.com\\\/fr\\\/\",\"logo\":{\"@type\":\"ImageObject\",\"inLanguage\":\"fr-FR\",\"@id\":\"https:\\\/\\\/www.versiegelung24.com\\\/fr\\\/#\\\/schema\\\/logo\\\/image\\\/\",\"url\":\"https:\\\/\\\/www.versiegelung24.com\\\/wp-content\\\/uploads\\\/2020\\\/04\\\/versiegelung24.png\",\"contentUrl\":\"https:\\\/\\\/www.versiegelung24.com\\\/wp-content\\\/uploads\\\/2020\\\/04\\\/versiegelung24.png\",\"width\":470,\"height\":102,\"caption\":\"versiegelung24\"},\"image\":{\"@id\":\"https:\\\/\\\/www.versiegelung24.com\\\/fr\\\/#\\\/schema\\\/logo\\\/image\\\/\"}}]}<\/script>\n<!-- \/ Yoast SEO Premium plugin. -->","yoast_head_json":{"title":"Politique d'annulation et formulaire d'annulation - versiegelung24.com","robots":{"index":"index","follow":"follow","max-snippet":"max-snippet:-1","max-image-preview":"max-image-preview:large","max-video-preview":"max-video-preview:-1"},"canonical":"https:\/\/www.versiegelung24.com\/fr\/information-sur-le-droit-de-retractation\/","og_locale":"fr_FR","og_type":"article","og_title":"Politique d'annulation et formulaire d'annulation","og_description":"Les consommateurs ont droit \u00e0 un droit de r\u00e9tractation conform\u00e9ment aux dispositions suivantes, selon lesquelles un consommateur est toute personne physique qui conclut une transaction juridique \u00e0 des fins qui ne sont principalement ni commerciales ni ind\u00e9pendantes&nbsp;: A. Politique d&#8217;annulation Droit de r\u00e9tractation Vous avez le droit de vous r\u00e9tracter de ce contrat dans les&hellip;&nbsp;Read More &raquo;Politique d&#8217;annulation et formulaire d&#8217;annulation","og_url":"https:\/\/www.versiegelung24.com\/fr\/information-sur-le-droit-de-retractation\/","og_site_name":"versiegelung24.com","article_modified_time":"2024-06-25T18:51:15+00:00","og_image":[{"width":2000,"height":2000,"url":"https:\/\/www.versiegelung24.com\/wp-content\/uploads\/2022\/02\/Widerruf.png","type":"image\/png"}],"twitter_card":"summary_large_image","twitter_misc":{"Dur\u00e9e de lecture estim\u00e9e":"3 minutes"},"schema":{"@context":"https:\/\/schema.org","@graph":[{"@type":"WebPage","@id":"https:\/\/www.versiegelung24.com\/fr\/information-sur-le-droit-de-retractation\/","url":"https:\/\/www.versiegelung24.com\/fr\/information-sur-le-droit-de-retractation\/","name":"Politique d'annulation et formulaire d'annulation - versiegelung24.com","isPartOf":{"@id":"https:\/\/www.versiegelung24.com\/fr\/#website"},"primaryImageOfPage":{"@id":"https:\/\/www.versiegelung24.com\/fr\/information-sur-le-droit-de-retractation\/#primaryimage"},"image":{"@id":"https:\/\/www.versiegelung24.com\/fr\/information-sur-le-droit-de-retractation\/#primaryimage"},"thumbnailUrl":"https:\/\/www.versiegelung24.com\/wp-content\/uploads\/2022\/02\/Widerruf.png","datePublished":"2021-08-03T10:04:21+00:00","dateModified":"2024-06-25T18:51:15+00:00","breadcrumb":{"@id":"https:\/\/www.versiegelung24.com\/fr\/information-sur-le-droit-de-retractation\/#breadcrumb"},"inLanguage":"fr-FR","potentialAction":[{"@type":"ReadAction","target":["https:\/\/www.versiegelung24.com\/fr\/information-sur-le-droit-de-retractation\/"]}]},{"@type":"ImageObject","inLanguage":"fr-FR","@id":"https:\/\/www.versiegelung24.com\/fr\/information-sur-le-droit-de-retractation\/#primaryimage","url":"https:\/\/www.versiegelung24.com\/wp-content\/uploads\/2022\/02\/Widerruf.png","contentUrl":"https:\/\/www.versiegelung24.com\/wp-content\/uploads\/2022\/02\/Widerruf.png","width":2000,"height":2000},{"@type":"BreadcrumbList","@id":"https:\/\/www.versiegelung24.com\/fr\/information-sur-le-droit-de-retractation\/#breadcrumb","itemListElement":[{"@type":"ListItem","position":1,"name":"Page d'accueil","item":"https:\/\/www.versiegelung24.com\/fr\/front\/"},{"@type":"ListItem","position":2,"name":"Politique d&#8217;annulation et formulaire d&#8217;annulation"}]},{"@type":"WebSite","@id":"https:\/\/www.versiegelung24.com\/fr\/#website","url":"https:\/\/www.versiegelung24.com\/fr\/","name":"versiegelung24.com","description":"Fl\u00fcssigglas-Versiegelung - Made in Germany","publisher":{"@id":"https:\/\/www.versiegelung24.com\/fr\/#organization"},"potentialAction":[{"@type":"SearchAction","target":{"@type":"EntryPoint","urlTemplate":"https:\/\/www.versiegelung24.com\/fr\/?s={search_term_string}"},"query-input":{"@type":"PropertyValueSpecification","valueRequired":true,"valueName":"search_term_string"}}],"inLanguage":"fr-FR"},{"@type":"Organization","@id":"https:\/\/www.versiegelung24.com\/fr\/#organization","name":"versiegelung24","url":"https:\/\/www.versiegelung24.com\/fr\/","logo":{"@type":"ImageObject","inLanguage":"fr-FR","@id":"https:\/\/www.versiegelung24.com\/fr\/#\/schema\/logo\/image\/","url":"https:\/\/www.versiegelung24.com\/wp-content\/uploads\/2020\/04\/versiegelung24.png","contentUrl":"https:\/\/www.versiegelung24.com\/wp-content\/uploads\/2020\/04\/versiegelung24.png","width":470,"height":102,"caption":"versiegelung24"},"image":{"@id":"https:\/\/www.versiegelung24.com\/fr\/#\/schema\/logo\/image\/"}}]}},"_links":{"self":[{"href":"https:\/\/www.versiegelung24.com\/fr\/wp-json\/wp\/v2\/pages\/25928","targetHints":{"allow":["GET"]}}],"collection":[{"href":"https:\/\/www.versiegelung24.com\/fr\/wp-json\/wp\/v2\/pages"}],"about":[{"href":"https:\/\/www.versiegelung24.com\/fr\/wp-json\/wp\/v2\/types\/page"}],"author":[{"embeddable":true,"href":"https:\/\/www.versiegelung24.com\/fr\/wp-json\/wp\/v2\/users\/932"}],"replies":[{"embeddable":true,"href":"https:\/\/www.versiegelung24.com\/fr\/wp-json\/wp\/v2\/comments?post=25928"}],"version-history":[{"count":3,"href":"https:\/\/www.versiegelung24.com\/fr\/wp-json\/wp\/v2\/pages\/25928\/revisions"}],"predecessor-version":[{"id":167648,"href":"https:\/\/www.versiegelung24.com\/fr\/wp-json\/wp\/v2\/pages\/25928\/revisions\/167648"}],"wp:featuredmedia":[{"embeddable":true,"href":"https:\/\/www.versiegelung24.com\/fr\/wp-json\/wp\/v2\/media\/71023"}],"wp:attachment":[{"href":"https:\/\/www.versiegelung24.com\/fr\/wp-json\/wp\/v2\/media?parent=25928"}],"wp:term":[{"taxonomy":"category","embeddable":true,"href":"https:\/\/www.versiegelung24.com\/fr\/wp-json\/wp\/v2\/categories?post=25928"},{"taxonomy":"seiten_kategorie","embeddable":true,"href":"https:\/\/www.versiegelung24.com\/fr\/wp-json\/wp\/v2\/seiten_kategorie?post=25928"}],"curies":[{"name":"wp","href":"https:\/\/api.w.org\/{rel}","templated":true}]}}