{"id":41028,"date":"2021-12-14T14:15:26","date_gmt":"2021-12-14T13:15:26","guid":{"rendered":"https:\/\/www.versiegelung24.com\/conseils-sur-les-produits-de-versiegelung24\/savoir-faire\/telephone-intelligent"},"modified":"2024-09-01T22:43:17","modified_gmt":"2024-09-01T20:43:17","slug":"verre-fluide-scelle-de-smartphones","status":"publish","type":"page","link":"https:\/\/www.versiegelung24.com\/fr\/conseils-sur-les-produits-de-versiegelung24\/savoir-faire\/verre-fluide-scelle-de-smartphones\/","title":{"rendered":"Vernis liquide pour smartphones et tablettes &#8211; prot\u00e9ger les \u00e9crans et renforcer leur durabilit\u00e9"},"content":{"rendered":"\n<h1 class=\"wp-block-heading\" id=\"h-smartphone-flussigglas-versiegelung\">Scellage en verre liquide pour smartphone<\/h1>\n\n<p>Presque tout le monde poss\u00e8de un smartphone de nos jours. Malheureusement, ces petites machines \u00e9tonnantes sont tr\u00e8s d\u00e9licates. Avec une utilisation quotidienne, des signes d&#8217;usure tels que des rayures ou des traces de doigts apparaissent qui restent obstin\u00e9ment sur l&#8217;\u00e9cran. La vid\u00e9o suivante aborde ce probl\u00e8me et montre comment vous pouvez emp\u00eacher ces signes d&#8217;utilisation. <\/p>\n\n<figure class=\"wp-block-embed aligncenter is-type-video is-provider-youtube wp-block-embed-youtube wp-embed-aspect-16-9 wp-has-aspect-ratio\"><div class=\"wp-block-embed__wrapper\"> \n<div class=\"nv-iframe-embed\"><iframe title=\"901 LiquiGlas Mobile Phone Coating   Preparation + application process\" width=\"1200\" height=\"675\" src=\"https:\/\/www.youtube.com\/embed\/8JLSZ1KA-yU?feature=oembed\" frameborder=\"0\" allow=\"accelerometer; autoplay; clipboard-write; encrypted-media; gyroscope; picture-in-picture\" allowfullscreen><\/iframe><\/div>\n <\/div><\/figure>\n\n<br\/>\n<br\/>\n\n<div class=\"wp-block-columns is-layout-flex wp-container-core-columns-is-layout-9d6595d7 wp-block-columns-is-layout-flex\">\n<div class=\"wp-block-column is-layout-flow wp-block-column-is-layout-flow\" style=\"flex-basis:33.33%\">\n<h2 class=\"wp-block-heading\" id=\"h-anleitung-smartphone-display-einfach-versiegeln\">Instructions &#8211; Sceller facilement l&#8217;\u00e9cran d&#8217;un smartphone<\/h2>\n\n\n\n<ul class=\"wp-block-list\">\n<li>D\u00e8s le d\u00e9but de la vid\u00e9o, vous pouvez voir que tout ce dont vous avez besoin pour sceller votre <a href=\"https:\/\/www.versiegelung24.com\/fr\/liquide-verre-cellule-scellant-liquide-protection-ecran.html\" target=\"_blank\" rel=\"noreferrer noopener\">t\u00e9l\u00e9phone portable<\/a> a \u00e9t\u00e9 r\u00e9uni dans un ensemble pratique. Ceci comprend:<\/li>\n\n\n\n<li><strong>Gant<\/strong> pour \u00e9viter les traces de doigts<\/li>\n\n\n\n<li>Un <strong>chiffon de nettoyage<a href=\"https:\/\/www.versiegelung24.com\/reinigung\/bioethanol\/\">imbib\u00e9 d&#8217;\u00e9thanol<\/a><\/strong><\/li>\n\n\n\n<li><strong>Tissu de polissage<\/strong><\/li>\n\n\n\n<li>Un <strong><a href=\"https:\/\/www.versiegelung24.com\/fr\/chiffon-microfibre-10x10cm-pour-application-professionnelle-liquide-verre.html\" target=\"_blank\" rel=\"noreferrer noopener\">Chiffon de verre liquide<\/a><\/strong> pour le scellement<\/li>\n<\/ul>\n\n\n\n<p><\/p>\n\n\n\n<p>Lors de l&#8217;utilisation, le smartphone n&#8217;est tenu que par la main sur laquelle se trouve le gant pour \u00e9viter de nouvelles traces de doigts &#8211; celles-ci sont plus \u00e9paisses que le rev\u00eatement en verre liquide et emp\u00eacheraient une bonne \u00e9tanch\u00e9it\u00e9.<\/p>\n<\/div>\n\n\n\n<div class=\"wp-block-column is-layout-flow wp-block-column-is-layout-flow\" style=\"flex-basis:66.66%\">\n<figure class=\"wp-block-image size-large\"><img fetchpriority=\"high\" decoding=\"async\" width=\"1300\" height=\"867\" src=\"https:\/\/www.versiegelung24.com\/wp-content\/uploads\/2021\/12\/smart_liq-1300x867.jpg\" alt=\"\" class=\"wp-image-40898\" srcset=\"https:\/\/www.versiegelung24.com\/wp-content\/uploads\/2021\/12\/smart_liq-1300x867.jpg 1300w, https:\/\/www.versiegelung24.com\/wp-content\/uploads\/2021\/12\/smart_liq-scaled-600x400.jpg 600w, https:\/\/www.versiegelung24.com\/wp-content\/uploads\/2021\/12\/smart_liq-300x200.jpg 300w, https:\/\/www.versiegelung24.com\/wp-content\/uploads\/2021\/12\/smart_liq-768x512.jpg 768w, https:\/\/www.versiegelung24.com\/wp-content\/uploads\/2021\/12\/smart_liq-1536x1024.jpg 1536w, https:\/\/www.versiegelung24.com\/wp-content\/uploads\/2021\/12\/smart_liq-2048x1366.jpg 2048w, https:\/\/www.versiegelung24.com\/wp-content\/uploads\/2021\/12\/smart_liq-930x620.jpg 930w\" sizes=\"(max-width: 1300px) 100vw, 1300px\" \/><\/figure>\n<\/div>\n<\/div>\n\n<p>Apr\u00e8s le pr\u00e9-nettoyage, l&#8217;\u00e9cran est frott\u00e9 \u00e0 sec et de cette mani\u00e8re, tous les r\u00e9sidus d&#8217;empreintes ou de graisse sont \u00e9limin\u00e9s. <strong>Un seul c\u00f4t\u00e9 du chiffon en microfibre doit \u00eatre utilis\u00e9 ici<\/strong> &#8211; <strong>l&#8217;autre c\u00f4t\u00e9 sera n\u00e9cessaire plus tard<\/strong> pour polir le mastic. \u00c0 l&#8217;\u00e9tape suivante, le chiffon imbib\u00e9 de verre liquide est d\u00e9ball\u00e9 et &#8211; comme pour le pr\u00e9-nettoyage &#8211; l&#8217;ensemble du smartphone est frott\u00e9 avec. Il peut \u00eatre scell\u00e9 tout autour avec du verre liquide. Aujourd&#8217;hui, le dos des t\u00e9l\u00e9phones portables est souvent en verre.<\/p>\n\n<p>Apr\u00e8s au moins La surface du smartphone est polie pendant 30 minutes &#8211; le scellement est fait. Dans la vid\u00e9o, vous pouvez voir le conseil selon lequel il est avantageux de laisser le verre liquide durcir pendant la nuit &#8211; suivez cette recommandation, car plus la couche protectrice est r\u00e9sistante par la suite. Il est recommand\u00e9 de r\u00e9appliquer le scellant \u00e0 intervalles r\u00e9guliers afin de maintenir la protection.<\/p>\n\n","protected":false},"excerpt":{"rendered":"<p>Protection maximale pour votre smartphone gr\u00e2ce \u00e0 un scellement innovant en verre liquide.<\/p>\n","protected":false},"author":932,"featured_media":41492,"parent":34627,"menu_order":0,"comment_status":"closed","ping_status":"closed","template":"","meta":{"_acf_changed":false,"neve_meta_sidebar":"full-width","neve_meta_container":"","neve_meta_enable_content_width":"on","neve_meta_content_width":100,"neve_meta_title_alignment":"","neve_meta_author_avatar":"","neve_post_elements_order":"","neve_meta_disable_header":"","neve_meta_disable_footer":"","neve_meta_disable_title":"","neve_meta_reading_time":"","footnotes":""},"categories":[3578,3506],"seiten_kategorie":[3844],"class_list":["post-41028","page","type-page","status-publish","has-post-thumbnail","hentry","category-lifestyle-fr","category-magazine-darticles-de-conseils"],"acf":[],"yoast_head":"<!-- This site is optimized with the Yoast SEO Premium plugin v22.8 (Yoast SEO v27.5) - https:\/\/yoast.com\/product\/yoast-seo-premium-wordpress\/ -->\n<title>Prot\u00e9gez votre smartphone et votre tablette avec le scellement de verre liquide !<\/title>\n<meta name=\"description\" content=\"Prot\u00e9gez votre smartphone et votre tablette avec notre scellant ! Scellant pour verre liquide pour une protection optimale de l&#039;\u00e9cran du smartphone !\" \/>\n<meta name=\"robots\" content=\"index, follow, max-snippet:-1, max-image-preview:large, max-video-preview:-1\" \/>\n<link rel=\"canonical\" href=\"https:\/\/www.versiegelung24.com\/fr\/conseils-sur-les-produits-de-versiegelung24\/savoir-faire\/verre-fluide-scelle-de-smartphones\/\" \/>\n<meta property=\"og:locale\" content=\"fr_FR\" \/>\n<meta property=\"og:type\" content=\"article\" \/>\n<meta property=\"og:title\" content=\"Vernis liquide pour smartphones et tablettes - prot\u00e9ger les \u00e9crans et renforcer leur durabilit\u00e9\" \/>\n<meta property=\"og:description\" content=\"Prot\u00e9gez votre smartphone et votre tablette avec notre scellant ! Scellant pour verre liquide pour une protection optimale de l&#039;\u00e9cran du smartphone !\" \/>\n<meta property=\"og:url\" content=\"https:\/\/www.versiegelung24.com\/fr\/conseils-sur-les-produits-de-versiegelung24\/savoir-faire\/verre-fluide-scelle-de-smartphones\/\" \/>\n<meta property=\"og:site_name\" content=\"versiegelung24.com\" \/>\n<meta property=\"article:modified_time\" content=\"2024-09-01T20:43:17+00:00\" \/>\n<meta property=\"og:image\" content=\"https:\/\/www.versiegelung24.com\/wp-content\/uploads\/2021\/12\/smart_liq-1-scaled.jpg\" \/>\n\t<meta property=\"og:image:width\" content=\"2560\" \/>\n\t<meta property=\"og:image:height\" content=\"2560\" \/>\n\t<meta property=\"og:image:type\" content=\"image\/jpeg\" \/>\n<meta name=\"twitter:card\" content=\"summary_large_image\" \/>\n<meta name=\"twitter:label1\" content=\"Dur\u00e9e de lecture estim\u00e9e\" \/>\n\t<meta name=\"twitter:data1\" content=\"2 minutes\" \/>\n<script type=\"application\/ld+json\" class=\"yoast-schema-graph\">{\"@context\":\"https:\\\/\\\/schema.org\",\"@graph\":[{\"@type\":\"WebPage\",\"@id\":\"https:\\\/\\\/www.versiegelung24.com\\\/fr\\\/conseils-sur-les-produits-de-versiegelung24\\\/savoir-faire\\\/verre-fluide-scelle-de-smartphones\\\/\",\"url\":\"https:\\\/\\\/www.versiegelung24.com\\\/fr\\\/conseils-sur-les-produits-de-versiegelung24\\\/savoir-faire\\\/verre-fluide-scelle-de-smartphones\\\/\",\"name\":\"Prot\u00e9gez votre smartphone et votre tablette avec le scellement de verre liquide !\",\"isPartOf\":{\"@id\":\"https:\\\/\\\/www.versiegelung24.com\\\/fr\\\/#website\"},\"primaryImageOfPage\":{\"@id\":\"https:\\\/\\\/www.versiegelung24.com\\\/fr\\\/conseils-sur-les-produits-de-versiegelung24\\\/savoir-faire\\\/verre-fluide-scelle-de-smartphones\\\/#primaryimage\"},\"image\":{\"@id\":\"https:\\\/\\\/www.versiegelung24.com\\\/fr\\\/conseils-sur-les-produits-de-versiegelung24\\\/savoir-faire\\\/verre-fluide-scelle-de-smartphones\\\/#primaryimage\"},\"thumbnailUrl\":\"https:\\\/\\\/www.versiegelung24.com\\\/wp-content\\\/uploads\\\/2021\\\/12\\\/smart_liq-1-scaled.jpg\",\"datePublished\":\"2021-12-14T13:15:26+00:00\",\"dateModified\":\"2024-09-01T20:43:17+00:00\",\"description\":\"Prot\u00e9gez votre smartphone et votre tablette avec notre scellant ! Scellant pour verre liquide pour une protection optimale de l'\u00e9cran du smartphone !\",\"breadcrumb\":{\"@id\":\"https:\\\/\\\/www.versiegelung24.com\\\/fr\\\/conseils-sur-les-produits-de-versiegelung24\\\/savoir-faire\\\/verre-fluide-scelle-de-smartphones\\\/#breadcrumb\"},\"inLanguage\":\"fr-FR\",\"potentialAction\":[{\"@type\":\"ReadAction\",\"target\":[\"https:\\\/\\\/www.versiegelung24.com\\\/fr\\\/conseils-sur-les-produits-de-versiegelung24\\\/savoir-faire\\\/verre-fluide-scelle-de-smartphones\\\/\"]}]},{\"@type\":\"ImageObject\",\"inLanguage\":\"fr-FR\",\"@id\":\"https:\\\/\\\/www.versiegelung24.com\\\/fr\\\/conseils-sur-les-produits-de-versiegelung24\\\/savoir-faire\\\/verre-fluide-scelle-de-smartphones\\\/#primaryimage\",\"url\":\"https:\\\/\\\/www.versiegelung24.com\\\/wp-content\\\/uploads\\\/2021\\\/12\\\/smart_liq-1-scaled.jpg\",\"contentUrl\":\"https:\\\/\\\/www.versiegelung24.com\\\/wp-content\\\/uploads\\\/2021\\\/12\\\/smart_liq-1-scaled.jpg\",\"width\":2560,\"height\":2560},{\"@type\":\"BreadcrumbList\",\"@id\":\"https:\\\/\\\/www.versiegelung24.com\\\/fr\\\/conseils-sur-les-produits-de-versiegelung24\\\/savoir-faire\\\/verre-fluide-scelle-de-smartphones\\\/#breadcrumb\",\"itemListElement\":[{\"@type\":\"ListItem\",\"position\":1,\"name\":\"Page d'accueil\",\"item\":\"https:\\\/\\\/www.versiegelung24.com\\\/fr\\\/front\\\/\"},{\"@type\":\"ListItem\",\"position\":2,\"name\":\"Guide pratique\",\"item\":\"https:\\\/\\\/www.versiegelung24.com\\\/fr\\\/ratgeber\\\/\"},{\"@type\":\"ListItem\",\"position\":3,\"name\":\"magazine\",\"item\":\"https:\\\/\\\/www.versiegelung24.com\\\/fr\\\/ratgeber\\\/magazin\\\/\"},{\"@type\":\"ListItem\",\"position\":4,\"name\":\"Vernis liquide pour smartphones et tablettes &#8211; prot\u00e9ger les \u00e9crans et renforcer leur durabilit\u00e9\"}]},{\"@type\":\"WebSite\",\"@id\":\"https:\\\/\\\/www.versiegelung24.com\\\/fr\\\/#website\",\"url\":\"https:\\\/\\\/www.versiegelung24.com\\\/fr\\\/\",\"name\":\"versiegelung24.com\",\"description\":\"Fl\u00fcssigglas-Versiegelung - Made in Germany\",\"publisher\":{\"@id\":\"https:\\\/\\\/www.versiegelung24.com\\\/fr\\\/#organization\"},\"potentialAction\":[{\"@type\":\"SearchAction\",\"target\":{\"@type\":\"EntryPoint\",\"urlTemplate\":\"https:\\\/\\\/www.versiegelung24.com\\\/fr\\\/?s={search_term_string}\"},\"query-input\":{\"@type\":\"PropertyValueSpecification\",\"valueRequired\":true,\"valueName\":\"search_term_string\"}}],\"inLanguage\":\"fr-FR\"},{\"@type\":\"Organization\",\"@id\":\"https:\\\/\\\/www.versiegelung24.com\\\/fr\\\/#organization\",\"name\":\"versiegelung24\",\"url\":\"https:\\\/\\\/www.versiegelung24.com\\\/fr\\\/\",\"logo\":{\"@type\":\"ImageObject\",\"inLanguage\":\"fr-FR\",\"@id\":\"https:\\\/\\\/www.versiegelung24.com\\\/fr\\\/#\\\/schema\\\/logo\\\/image\\\/\",\"url\":\"https:\\\/\\\/www.versiegelung24.com\\\/wp-content\\\/uploads\\\/2020\\\/04\\\/versiegelung24.png\",\"contentUrl\":\"https:\\\/\\\/www.versiegelung24.com\\\/wp-content\\\/uploads\\\/2020\\\/04\\\/versiegelung24.png\",\"width\":470,\"height\":102,\"caption\":\"versiegelung24\"},\"image\":{\"@id\":\"https:\\\/\\\/www.versiegelung24.com\\\/fr\\\/#\\\/schema\\\/logo\\\/image\\\/\"}}]}<\/script>\n<!-- \/ Yoast SEO Premium plugin. -->","yoast_head_json":{"title":"Prot\u00e9gez votre smartphone et votre tablette avec le scellement de verre liquide !","description":"Prot\u00e9gez votre smartphone et votre tablette avec notre scellant ! Scellant pour verre liquide pour une protection optimale de l'\u00e9cran du smartphone !","robots":{"index":"index","follow":"follow","max-snippet":"max-snippet:-1","max-image-preview":"max-image-preview:large","max-video-preview":"max-video-preview:-1"},"canonical":"https:\/\/www.versiegelung24.com\/fr\/conseils-sur-les-produits-de-versiegelung24\/savoir-faire\/verre-fluide-scelle-de-smartphones\/","og_locale":"fr_FR","og_type":"article","og_title":"Vernis liquide pour smartphones et tablettes - prot\u00e9ger les \u00e9crans et renforcer leur durabilit\u00e9","og_description":"Prot\u00e9gez votre smartphone et votre tablette avec notre scellant ! Scellant pour verre liquide pour une protection optimale de l'\u00e9cran du smartphone !","og_url":"https:\/\/www.versiegelung24.com\/fr\/conseils-sur-les-produits-de-versiegelung24\/savoir-faire\/verre-fluide-scelle-de-smartphones\/","og_site_name":"versiegelung24.com","article_modified_time":"2024-09-01T20:43:17+00:00","og_image":[{"width":2560,"height":2560,"url":"https:\/\/www.versiegelung24.com\/wp-content\/uploads\/2021\/12\/smart_liq-1-scaled.jpg","type":"image\/jpeg"}],"twitter_card":"summary_large_image","twitter_misc":{"Dur\u00e9e de lecture estim\u00e9e":"2 minutes"},"schema":{"@context":"https:\/\/schema.org","@graph":[{"@type":"WebPage","@id":"https:\/\/www.versiegelung24.com\/fr\/conseils-sur-les-produits-de-versiegelung24\/savoir-faire\/verre-fluide-scelle-de-smartphones\/","url":"https:\/\/www.versiegelung24.com\/fr\/conseils-sur-les-produits-de-versiegelung24\/savoir-faire\/verre-fluide-scelle-de-smartphones\/","name":"Prot\u00e9gez votre smartphone et votre tablette avec le scellement de verre liquide !","isPartOf":{"@id":"https:\/\/www.versiegelung24.com\/fr\/#website"},"primaryImageOfPage":{"@id":"https:\/\/www.versiegelung24.com\/fr\/conseils-sur-les-produits-de-versiegelung24\/savoir-faire\/verre-fluide-scelle-de-smartphones\/#primaryimage"},"image":{"@id":"https:\/\/www.versiegelung24.com\/fr\/conseils-sur-les-produits-de-versiegelung24\/savoir-faire\/verre-fluide-scelle-de-smartphones\/#primaryimage"},"thumbnailUrl":"https:\/\/www.versiegelung24.com\/wp-content\/uploads\/2021\/12\/smart_liq-1-scaled.jpg","datePublished":"2021-12-14T13:15:26+00:00","dateModified":"2024-09-01T20:43:17+00:00","description":"Prot\u00e9gez votre smartphone et votre tablette avec notre scellant ! Scellant pour verre liquide pour une protection optimale de l'\u00e9cran du smartphone !","breadcrumb":{"@id":"https:\/\/www.versiegelung24.com\/fr\/conseils-sur-les-produits-de-versiegelung24\/savoir-faire\/verre-fluide-scelle-de-smartphones\/#breadcrumb"},"inLanguage":"fr-FR","potentialAction":[{"@type":"ReadAction","target":["https:\/\/www.versiegelung24.com\/fr\/conseils-sur-les-produits-de-versiegelung24\/savoir-faire\/verre-fluide-scelle-de-smartphones\/"]}]},{"@type":"ImageObject","inLanguage":"fr-FR","@id":"https:\/\/www.versiegelung24.com\/fr\/conseils-sur-les-produits-de-versiegelung24\/savoir-faire\/verre-fluide-scelle-de-smartphones\/#primaryimage","url":"https:\/\/www.versiegelung24.com\/wp-content\/uploads\/2021\/12\/smart_liq-1-scaled.jpg","contentUrl":"https:\/\/www.versiegelung24.com\/wp-content\/uploads\/2021\/12\/smart_liq-1-scaled.jpg","width":2560,"height":2560},{"@type":"BreadcrumbList","@id":"https:\/\/www.versiegelung24.com\/fr\/conseils-sur-les-produits-de-versiegelung24\/savoir-faire\/verre-fluide-scelle-de-smartphones\/#breadcrumb","itemListElement":[{"@type":"ListItem","position":1,"name":"Page d'accueil","item":"https:\/\/www.versiegelung24.com\/fr\/front\/"},{"@type":"ListItem","position":2,"name":"Guide pratique","item":"https:\/\/www.versiegelung24.com\/fr\/ratgeber\/"},{"@type":"ListItem","position":3,"name":"magazine","item":"https:\/\/www.versiegelung24.com\/fr\/ratgeber\/magazin\/"},{"@type":"ListItem","position":4,"name":"Vernis liquide pour smartphones et tablettes &#8211; prot\u00e9ger les \u00e9crans et renforcer leur durabilit\u00e9"}]},{"@type":"WebSite","@id":"https:\/\/www.versiegelung24.com\/fr\/#website","url":"https:\/\/www.versiegelung24.com\/fr\/","name":"versiegelung24.com","description":"Fl\u00fcssigglas-Versiegelung - Made in Germany","publisher":{"@id":"https:\/\/www.versiegelung24.com\/fr\/#organization"},"potentialAction":[{"@type":"SearchAction","target":{"@type":"EntryPoint","urlTemplate":"https:\/\/www.versiegelung24.com\/fr\/?s={search_term_string}"},"query-input":{"@type":"PropertyValueSpecification","valueRequired":true,"valueName":"search_term_string"}}],"inLanguage":"fr-FR"},{"@type":"Organization","@id":"https:\/\/www.versiegelung24.com\/fr\/#organization","name":"versiegelung24","url":"https:\/\/www.versiegelung24.com\/fr\/","logo":{"@type":"ImageObject","inLanguage":"fr-FR","@id":"https:\/\/www.versiegelung24.com\/fr\/#\/schema\/logo\/image\/","url":"https:\/\/www.versiegelung24.com\/wp-content\/uploads\/2020\/04\/versiegelung24.png","contentUrl":"https:\/\/www.versiegelung24.com\/wp-content\/uploads\/2020\/04\/versiegelung24.png","width":470,"height":102,"caption":"versiegelung24"},"image":{"@id":"https:\/\/www.versiegelung24.com\/fr\/#\/schema\/logo\/image\/"}}]}},"_links":{"self":[{"href":"https:\/\/www.versiegelung24.com\/fr\/wp-json\/wp\/v2\/pages\/41028","targetHints":{"allow":["GET"]}}],"collection":[{"href":"https:\/\/www.versiegelung24.com\/fr\/wp-json\/wp\/v2\/pages"}],"about":[{"href":"https:\/\/www.versiegelung24.com\/fr\/wp-json\/wp\/v2\/types\/page"}],"author":[{"embeddable":true,"href":"https:\/\/www.versiegelung24.com\/fr\/wp-json\/wp\/v2\/users\/932"}],"replies":[{"embeddable":true,"href":"https:\/\/www.versiegelung24.com\/fr\/wp-json\/wp\/v2\/comments?post=41028"}],"version-history":[{"count":15,"href":"https:\/\/www.versiegelung24.com\/fr\/wp-json\/wp\/v2\/pages\/41028\/revisions"}],"predecessor-version":[{"id":173418,"href":"https:\/\/www.versiegelung24.com\/fr\/wp-json\/wp\/v2\/pages\/41028\/revisions\/173418"}],"up":[{"embeddable":true,"href":"https:\/\/www.versiegelung24.com\/fr\/wp-json\/wp\/v2\/pages\/34627"}],"wp:featuredmedia":[{"embeddable":true,"href":"https:\/\/www.versiegelung24.com\/fr\/wp-json\/wp\/v2\/media\/41492"}],"wp:attachment":[{"href":"https:\/\/www.versiegelung24.com\/fr\/wp-json\/wp\/v2\/media?parent=41028"}],"wp:term":[{"taxonomy":"category","embeddable":true,"href":"https:\/\/www.versiegelung24.com\/fr\/wp-json\/wp\/v2\/categories?post=41028"},{"taxonomy":"seiten_kategorie","embeddable":true,"href":"https:\/\/www.versiegelung24.com\/fr\/wp-json\/wp\/v2\/seiten_kategorie?post=41028"}],"curies":[{"name":"wp","href":"https:\/\/api.w.org\/{rel}","templated":true}]}}