{"id":41048,"date":"2021-12-14T14:15:32","date_gmt":"2021-12-14T13:15:32","guid":{"rendered":"https:\/\/www.versiegelung24.com\/conseils-sur-les-produits-de-versiegelung24\/savoir-faire\/protection-contre-les-graffitis"},"modified":"2024-09-01T18:17:16","modified_gmt":"2024-09-01T16:17:16","slug":"protection-graffiti-avec-verre-liquide","status":"publish","type":"page","link":"https:\/\/www.versiegelung24.com\/fr\/conseils-sur-les-produits-de-versiegelung24\/savoir-faire\/protection-contre-les-graffitis\/","title":{"rendered":"Protection contre les graffitis sur les fa\u00e7ades"},"content":{"rendered":"\n<h1 class=\"wp-block-heading\" id=\"h-graffiti-schutz-mit-flussigglas\">Protection contre les graffitis avec verre liquide<\/h1>\n\n<p>Cette vid\u00e9o devrait \u00eatre particuli\u00e8rement int\u00e9ressante pour les villes et municipalit\u00e9s ou pour les propri\u00e9taires de biens endommag\u00e9s qui ont d\u00e9j\u00e0 eu l&#8217;exp\u00e9rience de la contamination par les pulv\u00e9risateurs de graffitis. Les couleurs des &#8220;artistes&#8221; sont persistantes et p\u00e9n\u00e8trent le b\u00e9ton ou la pierre lorsqu&#8217;elles sont pulv\u00e9ris\u00e9es. En cons\u00e9quence, il est tr\u00e8s co\u00fbteux et chronophage de faire enlever les graffitis, ce qui doit g\u00e9n\u00e9ralement \u00eatre fait de mani\u00e8re professionnelle.<\/p>\n\n<figure class=\"wp-block-embed aligncenter is-type-video is-provider-youtube wp-block-embed-youtube wp-embed-aspect-16-9 wp-has-aspect-ratio\"><div class=\"wp-block-embed__wrapper\"> \n<div class=\"nv-iframe-embed\"><iframe title=\"Graffiti Protection Pro 626 - How does it work?\" width=\"1200\" height=\"675\" src=\"https:\/\/www.youtube.com\/embed\/dP9jGmUvoek?feature=oembed\" frameborder=\"0\" allow=\"accelerometer; autoplay; clipboard-write; encrypted-media; gyroscope; picture-in-picture\" allowfullscreen><\/iframe><\/div>\n <\/div><\/figure>\n\n<div class=\"wp-block-columns is-layout-flex wp-container-core-columns-is-layout-9d6595d7 wp-block-columns-is-layout-flex\">\n<div class=\"wp-block-column is-layout-flow wp-block-column-is-layout-flow\" style=\"flex-basis:66.66%\">\n<p>La vid\u00e9o montre la comparaison avec deux briques en b\u00e9ton :<\/p>\n\n\n\n<p><a href=\"https:\/\/www.versiegelung24.com\/fr\/revetement-de-protection-anti-graffiti-scellage-de-facade-haute-efficace.html\">Une pierre est compl\u00e8tement scell\u00e9e avec du verre liquide<\/a> , l&#8217;autre ne l&#8217;est pas. Maintenant, en contrepartie du spray de couleur, une croix est peinte sur la pierre respective avec un marqueur. Ici aussi, vous pouvez voir imm\u00e9diatement &#8211; dans le cas de la pierre non trait\u00e9e, la couleur noire est imm\u00e9diatement dessin\u00e9e, la croix est clairement visible. Lorsque la pierre est scell\u00e9e, la couleur ne peut pas p\u00e9n\u00e9trer dans le verre <a href=\"https:\/\/www.versiegelung24.com\/fr\/revetement-de-protection-anti-graffiti-scellage-de-facade-haute-efficace.html\" target=\"_blank\" rel=\"noreferrer noopener\">liquide<\/a> , ce qui signifie qu&#8217;il n&#8217;y a pas d&#8217;adh\u00e9rence. La croix n&#8217;est donc que faiblement visible et ne peut \u00eatre enlev\u00e9e qu&#8217;avec de l&#8217;eau sans laisser de r\u00e9sidus. Vous essayez en vain de le faire avec la brique non trait\u00e9e de la vid\u00e9o. Dans de nombreux cas, le nettoyage peut \u00eatre effectu\u00e9 uniquement avec de l&#8217;eau, mais l&#8217;efficacit\u00e9 peut varier en fonction du type de graffiti.<\/p>\n\n\n\n<p>Le rev\u00eatement de verre liquide permet de prot\u00e9ger la surface contre les graffitis.\nL&#8217;effet de protection peut durer jusqu&#8217;\u00e0 20 ans si l&#8217;application est correcte et si les conditions sont favorables. <\/p>\n\n\n\n<p>Regardez la vid\u00e9o pour voir comment le b\u00e9ton peut \u00eatre facilement scell\u00e9 : Une application uniforme \u00e0 l&#8217;aide d&#8217;un pinceau suffit.Avant d&#8217;appliquer le rev\u00eatement en verre liquide, la surface doit \u00eatre soigneusement nettoy\u00e9e et s\u00e9ch\u00e9e pour s&#8217;assurer que le scellement adh\u00e8re parfaitement et soit r\u00e9parti uniform\u00e9ment.<\/p>\n<\/div>\n\n\n\n<div class=\"wp-block-column is-layout-flow wp-block-column-is-layout-flow\" style=\"flex-basis:33.33%\"><div class=\"wp-block-image\">\n<figure class=\"alignright size-full is-resized\"><img fetchpriority=\"high\" decoding=\"async\" width=\"1000\" height=\"1000\" src=\"https:\/\/www.versiegelung24.com\/wp-content\/uploads\/2021\/12\/graf-1.jpg\" alt=\"\" class=\"wp-image-40868\" style=\"width:313px;height:313px\" srcset=\"https:\/\/www.versiegelung24.com\/wp-content\/uploads\/2021\/12\/graf-1.jpg 1000w, https:\/\/www.versiegelung24.com\/wp-content\/uploads\/2021\/12\/graf-1-400x400.jpg 400w, https:\/\/www.versiegelung24.com\/wp-content\/uploads\/2021\/12\/graf-1-100x100.jpg 100w, https:\/\/www.versiegelung24.com\/wp-content\/uploads\/2021\/12\/graf-1-600x600.jpg 600w, https:\/\/www.versiegelung24.com\/wp-content\/uploads\/2021\/12\/graf-1-300x300.jpg 300w, https:\/\/www.versiegelung24.com\/wp-content\/uploads\/2021\/12\/graf-1-80x80.jpg 80w, https:\/\/www.versiegelung24.com\/wp-content\/uploads\/2021\/12\/graf-1-768x768.jpg 768w\" sizes=\"(max-width: 1000px) 100vw, 1000px\" \/><\/figure>\n<\/div><\/div>\n<\/div>\n<div class=\"woocommerce columns-4 \"><ul class=\"products columns-4\">\n<li class=\"product type-product post-23932 status-publish first instock product_cat-scellement-pierre-beton has-post-thumbnail taxable shipping-taxable purchasable product-type-variable has-default-attributes\">\n\t<div class=\"nv-card-content-wrapper\"><a href=\"https:\/\/www.versiegelung24.com\/fr\/revetement-de-protection-anti-graffiti-scellage-de-facade-haute-efficace.html\" class=\"woocommerce-LoopProduct-link woocommerce-loop-product__link\"><div class=\"sp-product-image \"><div class=\"img-wrap\"><img decoding=\"async\" width=\"400\" height=\"400\" src=\"https:\/\/www.versiegelung24.com\/wp-content\/uploads\/2020\/04\/7626-anti-graffiti-400x400.webp\" class=\"attachment-woocommerce_thumbnail size-woocommerce_thumbnail\" alt=\"Peinture anti-graffiti - Rev\u00eatement anti-graffiti\" srcset=\"https:\/\/www.versiegelung24.com\/wp-content\/uploads\/2020\/04\/7626-anti-graffiti-400x400.webp 400w, https:\/\/www.versiegelung24.com\/wp-content\/uploads\/2020\/04\/7626-anti-graffiti-300x300.webp 300w, https:\/\/www.versiegelung24.com\/wp-content\/uploads\/2020\/04\/7626-anti-graffiti-1300x1300.webp 1300w, https:\/\/www.versiegelung24.com\/wp-content\/uploads\/2020\/04\/7626-anti-graffiti-80x80.webp 80w, https:\/\/www.versiegelung24.com\/wp-content\/uploads\/2020\/04\/7626-anti-graffiti-768x768.webp 768w, https:\/\/www.versiegelung24.com\/wp-content\/uploads\/2020\/04\/7626-anti-graffiti-1536x1536.webp 1536w, https:\/\/www.versiegelung24.com\/wp-content\/uploads\/2020\/04\/7626-anti-graffiti-2048x2048.webp 2048w, https:\/\/www.versiegelung24.com\/wp-content\/uploads\/2020\/04\/7626-anti-graffiti-70x70.webp 70w, https:\/\/www.versiegelung24.com\/wp-content\/uploads\/2020\/04\/7626-anti-graffiti-600x600.webp 600w, https:\/\/www.versiegelung24.com\/wp-content\/uploads\/2020\/04\/7626-anti-graffiti-100x100.webp 100w\" sizes=\"(max-width: 400px) 100vw, 400px\" \/><\/div><\/div><h2 class=\"woocommerce-loop-product__title\">Peinture anti-graffiti &#8211; Rev\u00eatement anti-graffiti<\/h2>\n\t<span class=\"price\"><span class=\"woocommerce-Price-amount amount\"><bdi>359,00<span class=\"woocommerce-Price-currencySymbol\">&euro;<\/span><\/bdi><\/span><\/span>\n\n\n\t<p class=\"price price-unit smaller wc-gzd-additional-info wc-gzd-additional-info-loop\">(<span class=\"woocommerce-Price-amount amount\">71,80<span class=\"woocommerce-Price-currencySymbol\">&euro;<\/span><\/span> \/ <span class=\"unit\">l<\/span>)<\/p>\n\n<\/a>\t\t<p class=\"artikelnummer wc-gzd-additional-info\">\n\t\t\tUGS\u00a0: 9201-7626-5000\t\t<\/p>\n\t\t\n\t<p class=\"wc-gzd-additional-info wc-gzd-additional-info-loop product-units-wrapper product-units\">Contenu: 5 <span class=\"unit\">l<\/span><\/p>\n\t\t<p class=\"lagerbestand wc-gzd-additional-info\">\n\t\t\t<strong>\n\t\t\t\tInventaire\t\t\t\t:\n\t\t\t<\/strong>\n\t\t\tEn stock\t\t<\/p>\n\t\t\n\t<p class=\"wc-gzd-additional-info delivery-time-info wc-gzd-additional-info-loop\"><span class=\"delivery-time-inner delivery-time-7-jours-ouvrables\">D\u00e9lai de livraison :  <span class=\"delivery-time-data\">7 jours ouvrables<\/span><\/span><\/p>\n\n\t<p class=\"wc-gzd-additional-info wc-gzd-additional-info-loop tax-info\">incl. VAT<\/p>\n\n\t<p class=\"wc-gzd-additional-info wc-gzd-additional-info-loop shipping-costs-info\">plus <a href=\"https:\/\/www.versiegelung24.com\/fr\/conseils-sur-les-produits-de-versiegelung24\/expedition\/\" target=\"_blank\">Exp\u00e9dition<\/a><\/p>\n<a href=\"https:\/\/www.versiegelung24.com\/fr\/revetement-de-protection-anti-graffiti-scellage-de-facade-haute-efficace.html\" aria-describedby=\"woocommerce_loop_add_to_cart_link_describedby_23932\" data-quantity=\"1\" class=\"button product_type_variable add_to_cart_button\" data-product_id=\"23932\" data-product_sku=\"9201-7626-5000\" aria-label=\"S\u00e9lectionner les options pour &ldquo;Peinture anti-graffiti - Rev\u00eatement anti-graffiti&rdquo;\" rel=\"nofollow\">Choix des options<\/a>\t<span id=\"woocommerce_loop_add_to_cart_link_describedby_23932\" class=\"screen-reader-text\">\n\t\tCe produit a plusieurs variations. Les options peuvent \u00eatre choisies sur la page du produit\t<\/span>\n<\/div><\/li>\n<\/ul>\n<\/div>\n\n","protected":false},"excerpt":{"rendered":"<p>Dites adieu aux graffitis &#8211; protection efficace de votre fa\u00e7ade avec le verre liquide.<\/p>\n","protected":false},"author":932,"featured_media":40879,"parent":34627,"menu_order":0,"comment_status":"closed","ping_status":"closed","template":"","meta":{"_acf_changed":false,"neve_meta_sidebar":"full-width","neve_meta_container":"","neve_meta_enable_content_width":"on","neve_meta_content_width":100,"neve_meta_title_alignment":"","neve_meta_author_avatar":"","neve_post_elements_order":"","neve_meta_disable_header":"","neve_meta_disable_footer":"","neve_meta_disable_title":"","neve_meta_reading_time":"","footnotes":""},"categories":[3506,3561],"seiten_kategorie":[3844],"class_list":["post-41048","page","type-page","status-publish","has-post-thumbnail","hentry","category-magazine-darticles-de-conseils","category-maison-jardin"],"acf":[],"yoast_head":"<!-- This site is optimized with the Yoast SEO Premium plugin v22.8 (Yoast SEO v27.5) - https:\/\/yoast.com\/product\/yoast-seo-premium-wordpress\/ -->\n<title>Liquid gals versiegelung24.com - de Protection contre les graffitis sur les fa\u00e7ades - nom du site<\/title>\n<meta name=\"description\" content=\"Scellant liquide aux gals comme protection contre les graffitis. D\u00e9couvrez avec nous comment vous pouvez prot\u00e9ger vos biens.\" \/>\n<meta name=\"robots\" content=\"index, follow, max-snippet:-1, max-image-preview:large, max-video-preview:-1\" \/>\n<link rel=\"canonical\" href=\"https:\/\/www.versiegelung24.com\/fr\/conseils-sur-les-produits-de-versiegelung24\/savoir-faire\/protection-contre-les-graffitis\/\" \/>\n<meta property=\"og:locale\" content=\"fr_FR\" \/>\n<meta property=\"og:type\" content=\"article\" \/>\n<meta property=\"og:title\" content=\"Protection contre les graffitis sur les fa\u00e7ades\" \/>\n<meta property=\"og:description\" content=\"Scellant liquide aux gals comme protection contre les graffitis. D\u00e9couvrez avec nous comment vous pouvez prot\u00e9ger vos biens.\" \/>\n<meta property=\"og:url\" content=\"https:\/\/www.versiegelung24.com\/fr\/conseils-sur-les-produits-de-versiegelung24\/savoir-faire\/protection-contre-les-graffitis\/\" \/>\n<meta property=\"og:site_name\" content=\"versiegelung24.com\" \/>\n<meta property=\"article:modified_time\" content=\"2024-09-01T16:17:16+00:00\" \/>\n<meta property=\"og:image\" content=\"https:\/\/www.versiegelung24.com\/wp-content\/uploads\/2021\/12\/graf-1.jpg\" \/>\n\t<meta property=\"og:image:width\" content=\"1000\" \/>\n\t<meta property=\"og:image:height\" content=\"1000\" \/>\n\t<meta property=\"og:image:type\" content=\"image\/jpeg\" \/>\n<meta name=\"twitter:card\" content=\"summary_large_image\" \/>\n<meta name=\"twitter:label1\" content=\"Dur\u00e9e de lecture estim\u00e9e\" \/>\n\t<meta name=\"twitter:data1\" content=\"2 minutes\" \/>\n<script type=\"application\/ld+json\" class=\"yoast-schema-graph\">{\"@context\":\"https:\\\/\\\/schema.org\",\"@graph\":[{\"@type\":\"WebPage\",\"@id\":\"https:\\\/\\\/www.versiegelung24.com\\\/fr\\\/conseils-sur-les-produits-de-versiegelung24\\\/savoir-faire\\\/protection-contre-les-graffitis\\\/\",\"url\":\"https:\\\/\\\/www.versiegelung24.com\\\/fr\\\/conseils-sur-les-produits-de-versiegelung24\\\/savoir-faire\\\/protection-contre-les-graffitis\\\/\",\"name\":\"Liquid gals versiegelung24.com - de Protection contre les graffitis sur les fa\u00e7ades - nom du site\",\"isPartOf\":{\"@id\":\"https:\\\/\\\/www.versiegelung24.com\\\/fr\\\/#website\"},\"primaryImageOfPage\":{\"@id\":\"https:\\\/\\\/www.versiegelung24.com\\\/fr\\\/conseils-sur-les-produits-de-versiegelung24\\\/savoir-faire\\\/protection-contre-les-graffitis\\\/#primaryimage\"},\"image\":{\"@id\":\"https:\\\/\\\/www.versiegelung24.com\\\/fr\\\/conseils-sur-les-produits-de-versiegelung24\\\/savoir-faire\\\/protection-contre-les-graffitis\\\/#primaryimage\"},\"thumbnailUrl\":\"https:\\\/\\\/www.versiegelung24.com\\\/wp-content\\\/uploads\\\/2021\\\/12\\\/graf-1.jpg\",\"datePublished\":\"2021-12-14T13:15:32+00:00\",\"dateModified\":\"2024-09-01T16:17:16+00:00\",\"description\":\"Scellant liquide aux gals comme protection contre les graffitis. D\u00e9couvrez avec nous comment vous pouvez prot\u00e9ger vos biens.\",\"breadcrumb\":{\"@id\":\"https:\\\/\\\/www.versiegelung24.com\\\/fr\\\/conseils-sur-les-produits-de-versiegelung24\\\/savoir-faire\\\/protection-contre-les-graffitis\\\/#breadcrumb\"},\"inLanguage\":\"fr-FR\",\"potentialAction\":[{\"@type\":\"ReadAction\",\"target\":[\"https:\\\/\\\/www.versiegelung24.com\\\/fr\\\/conseils-sur-les-produits-de-versiegelung24\\\/savoir-faire\\\/protection-contre-les-graffitis\\\/\"]}]},{\"@type\":\"ImageObject\",\"inLanguage\":\"fr-FR\",\"@id\":\"https:\\\/\\\/www.versiegelung24.com\\\/fr\\\/conseils-sur-les-produits-de-versiegelung24\\\/savoir-faire\\\/protection-contre-les-graffitis\\\/#primaryimage\",\"url\":\"https:\\\/\\\/www.versiegelung24.com\\\/wp-content\\\/uploads\\\/2021\\\/12\\\/graf-1.jpg\",\"contentUrl\":\"https:\\\/\\\/www.versiegelung24.com\\\/wp-content\\\/uploads\\\/2021\\\/12\\\/graf-1.jpg\",\"width\":1000,\"height\":1000},{\"@type\":\"BreadcrumbList\",\"@id\":\"https:\\\/\\\/www.versiegelung24.com\\\/fr\\\/conseils-sur-les-produits-de-versiegelung24\\\/savoir-faire\\\/protection-contre-les-graffitis\\\/#breadcrumb\",\"itemListElement\":[{\"@type\":\"ListItem\",\"position\":1,\"name\":\"Page d'accueil\",\"item\":\"https:\\\/\\\/www.versiegelung24.com\\\/fr\\\/front\\\/\"},{\"@type\":\"ListItem\",\"position\":2,\"name\":\"Guide pratique\",\"item\":\"https:\\\/\\\/www.versiegelung24.com\\\/fr\\\/ratgeber\\\/\"},{\"@type\":\"ListItem\",\"position\":3,\"name\":\"magazine\",\"item\":\"https:\\\/\\\/www.versiegelung24.com\\\/fr\\\/ratgeber\\\/magazin\\\/\"},{\"@type\":\"ListItem\",\"position\":4,\"name\":\"Protection contre les graffitis sur les fa\u00e7ades\"}]},{\"@type\":\"WebSite\",\"@id\":\"https:\\\/\\\/www.versiegelung24.com\\\/fr\\\/#website\",\"url\":\"https:\\\/\\\/www.versiegelung24.com\\\/fr\\\/\",\"name\":\"versiegelung24.com\",\"description\":\"Fl\u00fcssigglas-Versiegelung - Made in Germany\",\"publisher\":{\"@id\":\"https:\\\/\\\/www.versiegelung24.com\\\/fr\\\/#organization\"},\"potentialAction\":[{\"@type\":\"SearchAction\",\"target\":{\"@type\":\"EntryPoint\",\"urlTemplate\":\"https:\\\/\\\/www.versiegelung24.com\\\/fr\\\/?s={search_term_string}\"},\"query-input\":{\"@type\":\"PropertyValueSpecification\",\"valueRequired\":true,\"valueName\":\"search_term_string\"}}],\"inLanguage\":\"fr-FR\"},{\"@type\":\"Organization\",\"@id\":\"https:\\\/\\\/www.versiegelung24.com\\\/fr\\\/#organization\",\"name\":\"versiegelung24\",\"url\":\"https:\\\/\\\/www.versiegelung24.com\\\/fr\\\/\",\"logo\":{\"@type\":\"ImageObject\",\"inLanguage\":\"fr-FR\",\"@id\":\"https:\\\/\\\/www.versiegelung24.com\\\/fr\\\/#\\\/schema\\\/logo\\\/image\\\/\",\"url\":\"https:\\\/\\\/www.versiegelung24.com\\\/wp-content\\\/uploads\\\/2020\\\/04\\\/versiegelung24.png\",\"contentUrl\":\"https:\\\/\\\/www.versiegelung24.com\\\/wp-content\\\/uploads\\\/2020\\\/04\\\/versiegelung24.png\",\"width\":470,\"height\":102,\"caption\":\"versiegelung24\"},\"image\":{\"@id\":\"https:\\\/\\\/www.versiegelung24.com\\\/fr\\\/#\\\/schema\\\/logo\\\/image\\\/\"}}]}<\/script>\n<!-- \/ Yoast SEO Premium plugin. -->","yoast_head_json":{"title":"Liquid gals versiegelung24.com - de Protection contre les graffitis sur les fa\u00e7ades - nom du site","description":"Scellant liquide aux gals comme protection contre les graffitis. D\u00e9couvrez avec nous comment vous pouvez prot\u00e9ger vos biens.","robots":{"index":"index","follow":"follow","max-snippet":"max-snippet:-1","max-image-preview":"max-image-preview:large","max-video-preview":"max-video-preview:-1"},"canonical":"https:\/\/www.versiegelung24.com\/fr\/conseils-sur-les-produits-de-versiegelung24\/savoir-faire\/protection-contre-les-graffitis\/","og_locale":"fr_FR","og_type":"article","og_title":"Protection contre les graffitis sur les fa\u00e7ades","og_description":"Scellant liquide aux gals comme protection contre les graffitis. D\u00e9couvrez avec nous comment vous pouvez prot\u00e9ger vos biens.","og_url":"https:\/\/www.versiegelung24.com\/fr\/conseils-sur-les-produits-de-versiegelung24\/savoir-faire\/protection-contre-les-graffitis\/","og_site_name":"versiegelung24.com","article_modified_time":"2024-09-01T16:17:16+00:00","og_image":[{"width":1000,"height":1000,"url":"https:\/\/www.versiegelung24.com\/wp-content\/uploads\/2021\/12\/graf-1.jpg","type":"image\/jpeg"}],"twitter_card":"summary_large_image","twitter_misc":{"Dur\u00e9e de lecture estim\u00e9e":"2 minutes"},"schema":{"@context":"https:\/\/schema.org","@graph":[{"@type":"WebPage","@id":"https:\/\/www.versiegelung24.com\/fr\/conseils-sur-les-produits-de-versiegelung24\/savoir-faire\/protection-contre-les-graffitis\/","url":"https:\/\/www.versiegelung24.com\/fr\/conseils-sur-les-produits-de-versiegelung24\/savoir-faire\/protection-contre-les-graffitis\/","name":"Liquid gals versiegelung24.com - de Protection contre les graffitis sur les fa\u00e7ades - nom du site","isPartOf":{"@id":"https:\/\/www.versiegelung24.com\/fr\/#website"},"primaryImageOfPage":{"@id":"https:\/\/www.versiegelung24.com\/fr\/conseils-sur-les-produits-de-versiegelung24\/savoir-faire\/protection-contre-les-graffitis\/#primaryimage"},"image":{"@id":"https:\/\/www.versiegelung24.com\/fr\/conseils-sur-les-produits-de-versiegelung24\/savoir-faire\/protection-contre-les-graffitis\/#primaryimage"},"thumbnailUrl":"https:\/\/www.versiegelung24.com\/wp-content\/uploads\/2021\/12\/graf-1.jpg","datePublished":"2021-12-14T13:15:32+00:00","dateModified":"2024-09-01T16:17:16+00:00","description":"Scellant liquide aux gals comme protection contre les graffitis. D\u00e9couvrez avec nous comment vous pouvez prot\u00e9ger vos biens.","breadcrumb":{"@id":"https:\/\/www.versiegelung24.com\/fr\/conseils-sur-les-produits-de-versiegelung24\/savoir-faire\/protection-contre-les-graffitis\/#breadcrumb"},"inLanguage":"fr-FR","potentialAction":[{"@type":"ReadAction","target":["https:\/\/www.versiegelung24.com\/fr\/conseils-sur-les-produits-de-versiegelung24\/savoir-faire\/protection-contre-les-graffitis\/"]}]},{"@type":"ImageObject","inLanguage":"fr-FR","@id":"https:\/\/www.versiegelung24.com\/fr\/conseils-sur-les-produits-de-versiegelung24\/savoir-faire\/protection-contre-les-graffitis\/#primaryimage","url":"https:\/\/www.versiegelung24.com\/wp-content\/uploads\/2021\/12\/graf-1.jpg","contentUrl":"https:\/\/www.versiegelung24.com\/wp-content\/uploads\/2021\/12\/graf-1.jpg","width":1000,"height":1000},{"@type":"BreadcrumbList","@id":"https:\/\/www.versiegelung24.com\/fr\/conseils-sur-les-produits-de-versiegelung24\/savoir-faire\/protection-contre-les-graffitis\/#breadcrumb","itemListElement":[{"@type":"ListItem","position":1,"name":"Page d'accueil","item":"https:\/\/www.versiegelung24.com\/fr\/front\/"},{"@type":"ListItem","position":2,"name":"Guide pratique","item":"https:\/\/www.versiegelung24.com\/fr\/ratgeber\/"},{"@type":"ListItem","position":3,"name":"magazine","item":"https:\/\/www.versiegelung24.com\/fr\/ratgeber\/magazin\/"},{"@type":"ListItem","position":4,"name":"Protection contre les graffitis sur les fa\u00e7ades"}]},{"@type":"WebSite","@id":"https:\/\/www.versiegelung24.com\/fr\/#website","url":"https:\/\/www.versiegelung24.com\/fr\/","name":"versiegelung24.com","description":"Fl\u00fcssigglas-Versiegelung - Made in Germany","publisher":{"@id":"https:\/\/www.versiegelung24.com\/fr\/#organization"},"potentialAction":[{"@type":"SearchAction","target":{"@type":"EntryPoint","urlTemplate":"https:\/\/www.versiegelung24.com\/fr\/?s={search_term_string}"},"query-input":{"@type":"PropertyValueSpecification","valueRequired":true,"valueName":"search_term_string"}}],"inLanguage":"fr-FR"},{"@type":"Organization","@id":"https:\/\/www.versiegelung24.com\/fr\/#organization","name":"versiegelung24","url":"https:\/\/www.versiegelung24.com\/fr\/","logo":{"@type":"ImageObject","inLanguage":"fr-FR","@id":"https:\/\/www.versiegelung24.com\/fr\/#\/schema\/logo\/image\/","url":"https:\/\/www.versiegelung24.com\/wp-content\/uploads\/2020\/04\/versiegelung24.png","contentUrl":"https:\/\/www.versiegelung24.com\/wp-content\/uploads\/2020\/04\/versiegelung24.png","width":470,"height":102,"caption":"versiegelung24"},"image":{"@id":"https:\/\/www.versiegelung24.com\/fr\/#\/schema\/logo\/image\/"}}]}},"_links":{"self":[{"href":"https:\/\/www.versiegelung24.com\/fr\/wp-json\/wp\/v2\/pages\/41048","targetHints":{"allow":["GET"]}}],"collection":[{"href":"https:\/\/www.versiegelung24.com\/fr\/wp-json\/wp\/v2\/pages"}],"about":[{"href":"https:\/\/www.versiegelung24.com\/fr\/wp-json\/wp\/v2\/types\/page"}],"author":[{"embeddable":true,"href":"https:\/\/www.versiegelung24.com\/fr\/wp-json\/wp\/v2\/users\/932"}],"replies":[{"embeddable":true,"href":"https:\/\/www.versiegelung24.com\/fr\/wp-json\/wp\/v2\/comments?post=41048"}],"version-history":[{"count":17,"href":"https:\/\/www.versiegelung24.com\/fr\/wp-json\/wp\/v2\/pages\/41048\/revisions"}],"predecessor-version":[{"id":172661,"href":"https:\/\/www.versiegelung24.com\/fr\/wp-json\/wp\/v2\/pages\/41048\/revisions\/172661"}],"up":[{"embeddable":true,"href":"https:\/\/www.versiegelung24.com\/fr\/wp-json\/wp\/v2\/pages\/34627"}],"wp:featuredmedia":[{"embeddable":true,"href":"https:\/\/www.versiegelung24.com\/fr\/wp-json\/wp\/v2\/media\/40879"}],"wp:attachment":[{"href":"https:\/\/www.versiegelung24.com\/fr\/wp-json\/wp\/v2\/media?parent=41048"}],"wp:term":[{"taxonomy":"category","embeddable":true,"href":"https:\/\/www.versiegelung24.com\/fr\/wp-json\/wp\/v2\/categories?post=41048"},{"taxonomy":"seiten_kategorie","embeddable":true,"href":"https:\/\/www.versiegelung24.com\/fr\/wp-json\/wp\/v2\/seiten_kategorie?post=41048"}],"curies":[{"name":"wp","href":"https:\/\/api.w.org\/{rel}","templated":true}]}}