{"id":145262,"date":"2024-01-07T15:15:48","date_gmt":"2024-01-13T10:21:20","guid":{"rendered":"https:\/\/www.versiegelung24.com\/product\/v24-gomme-a-salir-100x70x30mm\/"},"modified":"2025-01-05T15:43:25","modified_gmt":"2025-01-05T14:43:25","slug":"v24-schmutzradierer-100x70x30mm","status":"publish","type":"product","link":"https:\/\/www.versiegelung24.com\/fr\/v24-schmutzradierer-100x70x30mm.html","title":{"rendered":"V24 Gomme \u00e0 salir 100x70x30mm"},"content":{"rendered":"\n<h1 class=\"wp-block-heading\" id=\"h-v24-schmutzradierer-gegen-hartnackige-flecken-online-kaufen\">V24 Gomme \u00e0 salir contre les taches tenaces acheter en ligne<\/h1>\n\n<h2 class=\"wp-block-heading\" id=\"h-muhelos-hartnackige-flecken-beseitigen-mit-dem-versiegelung24-com-schmutzradierer\">Eliminer sans effort les taches tenaces avec la gomme \u00e0 salir Versiegelung24.com<\/h2>\n\n<p>Seules les surfaces propres peuvent \u00eatre vitrifi\u00e9es avec nos <a href=\"https:\/\/www.versiegelung24.com\/fluessigglas-versiegelung\/\">vitrificateurs<\/a>, c&#8217;est pourquoi il est essentiel d&#8217;\u00e9liminer les taches l\u00e9g\u00e8res et tenaces. Notre gomme \u00e0 salir est une \u00e9ponge en m\u00e9lamine high-tech qui convient parfaitement au nettoyage des surfaces. Pour les taches particuli\u00e8rement tenaces, nous recommandons l&#8217;utilisation suppl\u00e9mentaire de notre nettoyant bio <a href=\"https:\/\/www.versiegelung24.com\/fr\/biosativa-pre-nettoyant-biologique.html\">BIOSATIVA\u00ae<\/a>, 100% biod\u00e9gradable, mais aucun nettoyant chimique n&#8217;est n\u00e9cessaire.<\/p>\n\n<div class=\"wp-block-columns is-layout-flex wp-container-core-columns-is-layout-9d6595d7 wp-block-columns-is-layout-flex\">\n<div class=\"wp-block-column is-layout-flow wp-block-column-is-layout-flow\">\n<h2 class=\"wp-block-heading\" id=\"properties\">Caract\u00e9ristiques du produit<\/h2>\n\n\n\n<ul class=\"wp-block-list\">\n<li>\u00c9ponge m\u00e9lamine high-tech<\/li>\n\n\n\n<li>dimensions : 100x70x30mm<\/li>\n\n\n\n<li>sans ingr\u00e9dients chimiques<\/li>\n\n\n\n<li>non toxique<\/li>\n<\/ul>\n\n\n\n<h2 class=\"wp-block-heading\" id=\"application\">Voici comment \u00e9liminer la salet\u00e9 de mani\u00e8re fiable avec notre \u00e9ponge de gommage<\/h2>\n\n\n\n<ol class=\"wp-block-list\">\n<li>Humidifier l&#8217;\u00e9ponge et la presser<\/li>\n\n\n\n<li>Frotter sur les salissures en exer\u00e7ant une l\u00e9g\u00e8re pression.<\/li>\n\n\n\n<li>Rincer ensuite l&#8217;\u00e9ponge et la r\u00e9utiliser<\/li>\n<\/ol>\n<\/div>\n\n\n\n<div class=\"wp-block-column is-layout-flow wp-block-column-is-layout-flow\">\n<figure class=\"wp-block-image size-full\"><img fetchpriority=\"high\" decoding=\"async\" width=\"1105\" height=\"1105\" src=\"https:\/\/www.versiegelung24.com\/wp-content\/uploads\/2024\/01\/v24-9020-content-1.webp\" alt=\"\" class=\"wp-image-138069\" srcset=\"https:\/\/www.versiegelung24.com\/wp-content\/uploads\/2024\/01\/v24-9020-content-1.webp 1105w, https:\/\/www.versiegelung24.com\/wp-content\/uploads\/2024\/01\/v24-9020-content-1-300x300.webp 300w, https:\/\/www.versiegelung24.com\/wp-content\/uploads\/2024\/01\/v24-9020-content-1-80x80.webp 80w, https:\/\/www.versiegelung24.com\/wp-content\/uploads\/2024\/01\/v24-9020-content-1-768x768.webp 768w, https:\/\/www.versiegelung24.com\/wp-content\/uploads\/2024\/01\/v24-9020-content-1-70x70.webp 70w, https:\/\/www.versiegelung24.com\/wp-content\/uploads\/2024\/01\/v24-9020-content-1-400x400.webp 400w, https:\/\/www.versiegelung24.com\/wp-content\/uploads\/2024\/01\/v24-9020-content-1-600x600.webp 600w, https:\/\/www.versiegelung24.com\/wp-content\/uploads\/2024\/01\/v24-9020-content-1-100x100.webp 100w\" sizes=\"(max-width: 1105px) 100vw, 1105px\" \/><\/figure>\n<\/div>\n<\/div>\n\n<h2 class=\"wp-block-heading\" id=\"h-vielfaltige-einsatzmoglichkeiten-des-schmutzradierers\"><strong>Nombreuses possibilit\u00e9s d&#8217;utilisation de la gomme \u00e0 salir<\/strong><\/h2>\n\n<p>La gomme \u00e0 salir de Versiegelung24.com est un v\u00e9ritable multitalent lorsqu&#8217;il s&#8217;agit d&#8217;\u00e9liminer les taches et les salissures tenaces. Ses nombreuses possibilit\u00e9s d&#8217;utilisation en font un auxiliaire indispensable dans le m\u00e9nage. Voici quelques exemples de ce pour quoi vous pouvez utiliser notre gomme \u00e0 salir :<\/p>\n\n<ol class=\"wp-block-list\">\n<li><strong>Enlever les taches sur les murs :<\/strong> Id\u00e9al pour \u00e9liminer les traces et les taches sur les murs, comme les empreintes digitales ou les traces de salet\u00e9.<\/li>\n\n\n\n<li><strong>Nettoyage des ustensiles de cuisine :<\/strong> \u00e9limine efficacement les r\u00e9sidus de graisse et d&#8217;aliments sur les surfaces de cuisine, les cuisini\u00e8res et les fours.<\/li>\n\n\n\n<li><strong>Nettoyage de la salle de bain :<\/strong> Elimine les taches de calcaire et d&#8217;eau sur la robinetterie, le carrelage et les cabines de douche.<\/li>\n\n\n\n<li><strong>Nettoyage de chaussures :<\/strong> \u00e9limine les taches tenaces et les \u00e9corchures sur les chaussures de sport et autres mat\u00e9riaux de chaussures.<\/li>\n\n\n\n<li><strong>Entretien des meubles :<\/strong> id\u00e9al pour le nettoyage des surfaces de meubles en plastique ou en bois, \u00e9limine les traces de doigts et les taches.<\/li>\n\n\n\n<li><strong>Taches sur les textiles :<\/strong> \u00e9limine en toute s\u00e9curit\u00e9 les taches sur les canap\u00e9s, les chaises ou autres surfaces en tissu.<\/li>\n\n\n\n<li><strong>Nettoyage de l&#8217;int\u00e9rieur des voitures :<\/strong> Parfait pour le nettoyage des tableaux de bord, des panneaux de porte et d&#8217;autres pi\u00e8ces en plastique dans la voiture.<\/li>\n\n\n\n<li><strong>Ordinateurs et \u00e9lectronique :<\/strong> sans danger pour le nettoyage des claviers et autres appareils \u00e9lectroniques sensibles<\/li>\n\n\n\n<li><strong>Nettoyage des jouets :<\/strong> \u00c9limine la salet\u00e9 et les taches des jouets en plastique, sans produits chimiques nocifs.<\/li>\n\n\n\n<li><strong>Portes et poign\u00e9es :<\/strong> efficace pour \u00e9liminer les empreintes digitales et la salet\u00e9 sur les poign\u00e9es et les cadres de porte.<\/li>\n<\/ol>\n\n<h2 class=\"wp-block-heading\" id=\"h-was-sie-vor-dem-kauf-des-radierschwamms-beachten-sollten\">Ce que vous devez savoir avant d&#8217;acheter une \u00e9ponge de gommage<\/h2>\n\n<h3 class=\"wp-block-heading\" id=\"h-geeignete-oberflachen-fur-den-wunderschwamm\">Surfaces appropri\u00e9es pour l&#8217;\u00e9ponge miracle<\/h3>\n\n<p>L&#8217;\u00e9ponge miracle est un outil de nettoyage polyvalent qui peut \u00eatre utilis\u00e9 sur diff\u00e9rentes surfaces. Les surfaces appropri\u00e9es pour l&#8217;\u00e9ponge miracle sont par exemple <strong>le plastique, l&#8217;acier inoxydable, le verre, la c\u00e9ramique, le papier peint, le carrelage et bien d&#8217;autres encore<\/strong>. Sur ces mat\u00e9riaux, l&#8217;\u00e9ponge peut \u00eatre utilis\u00e9e efficacement pour \u00e9liminer la salet\u00e9, la graisse et les r\u00e9sidus. En outre, l&#8217;\u00e9ponge miracle convient \u00e9galement aux surfaces sensibles comme le bois, car elle ne raye pas et ne laisse pas de traces inesth\u00e9tiques. Il peut \u00eatre utilis\u00e9 pour nettoyer les surfaces en douceur, sans les endommager.  <\/p>\n\n<p><\/p><h3>Ce \u00e0 quoi il faut faire attention<\/h3>Pour atteindre des endroits particuli\u00e8rement difficiles, l&#8217;\u00e9ponge peut \u00eatre d\u00e9coup\u00e9e.  Faites <strong>attention aux<\/strong> <strong>surfaces<\/strong><strong>particuli\u00e8rement fragiles<\/strong>, <strong>brillantes<\/strong>, <strong>peintes<\/strong> ou <strong>polies<\/strong>! Il est conseill\u00e9 d&#8217;effectuer un test pr\u00e9alable sur une zone peu visible.Il convient de noter que le produit s&#8217;use notamment sur les surfaces rugueuses. Apr\u00e8s l&#8217;application, les surfaces doivent \u00eatre nettoy\u00e9es \u00e0 l&#8217;eau claire afin d&#8217;\u00e9liminer les \u00e9ventuels r\u00e9sidus.\n","protected":false},"excerpt":{"rendered":"<p class=\"MsoNormal\"><strong>\u00c9ponge m\u00e9lamine pour le pr\u00e9-nettoyage des surfaces<\/strong><\/p>\n<p>\u2713 R\u00e9utilisable<\/p>\n<p>\u2713 Respectueux de l&#8217;environnement<\/p>\n<p>\u2713 Maniable<\/p>\n<p>\u2713 Utilisation universelle<\/p>\n<p>\u2713 100x70x30mm<\/p>\n<p>&nbsp;<\/p>\n","protected":false},"featured_media":138040,"template":"","meta":{"_acf_changed":false,"neve_meta_sidebar":"","neve_meta_container":"","neve_meta_enable_content_width":"","neve_meta_content_width":0,"neve_meta_title_alignment":"","neve_meta_author_avatar":"","neve_post_elements_order":"","neve_meta_disable_header":"","neve_meta_disable_footer":"","neve_meta_disable_title":"","neve_meta_reading_time":"","_surfaces":[],"_ver_product_tabs":[],"footnotes":""},"product_brand":[],"product_cat":[2160,2190,2291,2296,2474,3073],"product_tag":[],"class_list":{"0":"post-145262","1":"product","2":"type-product","3":"status-publish","4":"has-post-thumbnail","6":"product_cat-scellage-pour-verre-et-ceramique","7":"product_cat-etancheite-de-voiture","8":"product_cat-etancheite-metal-plastique","9":"product_cat-les-fournitures-de-nettoyage","10":"product_cat-joint-universel","11":"product_cat-equipement","13":"first","14":"instock","15":"taxable","16":"shipping-taxable","17":"purchasable","18":"product-type-simple"},"acf":[],"yoast_head":"<!-- This site is optimized with the Yoast SEO Premium plugin v22.8 (Yoast SEO v27.5) - https:\/\/yoast.com\/product\/yoast-seo-premium-wordpress\/ -->\n<title>Gomme \u00e0 salir acheter en ligne \u00e0 bas prix - Versiegelung24.com<\/title>\n<meta name=\"description\" content=\"Achetez la gomme \u00e0 salir \u00e0 un prix avantageux en ligne sur Versiegelung24.com et \u00e9liminez sans peine les salissures tenaces de diff\u00e9rentes surfaces.\" \/>\n<meta name=\"robots\" content=\"index, follow, max-snippet:-1, max-image-preview:large, max-video-preview:-1\" \/>\n<link rel=\"canonical\" href=\"https:\/\/www.versiegelung24.com\/fr\/v24-schmutzradierer-100x70x30mm.html\" \/>\n<meta property=\"og:locale\" content=\"fr_FR\" \/>\n<meta property=\"og:type\" content=\"article\" \/>\n<meta property=\"og:title\" content=\"V24 Gomme \u00e0 salir 100x70x30mm\" \/>\n<meta property=\"og:description\" content=\"Achetez la gomme \u00e0 salir \u00e0 un prix avantageux en ligne sur Versiegelung24.com et \u00e9liminez sans peine les salissures tenaces de diff\u00e9rentes surfaces.\" \/>\n<meta property=\"og:url\" content=\"https:\/\/www.versiegelung24.com\/fr\/v24-schmutzradierer-100x70x30mm.html\" \/>\n<meta property=\"og:site_name\" content=\"versiegelung24.com\" \/>\n<meta property=\"article:modified_time\" content=\"2025-01-05T14:43:25+00:00\" \/>\n<meta property=\"og:image\" content=\"https:\/\/www.versiegelung24.com\/wp-content\/uploads\/2024\/01\/V24-9020-3.webp\" \/>\n\t<meta property=\"og:image:width\" content=\"600\" \/>\n\t<meta property=\"og:image:height\" content=\"600\" \/>\n\t<meta property=\"og:image:type\" content=\"image\/webp\" \/>\n<meta name=\"twitter:card\" content=\"summary_large_image\" \/>\n<meta name=\"twitter:label1\" content=\"Prix\" \/>\n\t<meta name=\"twitter:data1\" content=\"0,99&euro;\" \/>\n\t<meta name=\"twitter:label2\" content=\"Disponibilit\u00e9\" \/>\n\t<meta name=\"twitter:data2\" content=\"En stock\" \/>\n<script type=\"application\/ld+json\" class=\"yoast-schema-graph\">{\"@context\":\"https:\\\/\\\/schema.org\",\"@graph\":[{\"@type\":\"WebPage\",\"@id\":\"https:\\\/\\\/www.versiegelung24.com\\\/fr\\\/v24-schmutzradierer-100x70x30mm.html\",\"url\":\"https:\\\/\\\/www.versiegelung24.com\\\/fr\\\/v24-schmutzradierer-100x70x30mm.html\",\"name\":\"Gomme \u00e0 salir acheter en ligne \u00e0 bas prix - Versiegelung24.com\",\"isPartOf\":{\"@id\":\"https:\\\/\\\/www.versiegelung24.com\\\/fr\\\/#website\"},\"primaryImageOfPage\":{\"@id\":\"https:\\\/\\\/www.versiegelung24.com\\\/fr\\\/v24-schmutzradierer-100x70x30mm.html#primaryimage\"},\"image\":{\"@id\":\"https:\\\/\\\/www.versiegelung24.com\\\/fr\\\/v24-schmutzradierer-100x70x30mm.html#primaryimage\"},\"thumbnailUrl\":\"https:\\\/\\\/www.versiegelung24.com\\\/wp-content\\\/uploads\\\/2024\\\/01\\\/V24-9020-3.webp\",\"datePublished\":\"2024-01-13T10:21:20+00:00\",\"dateModified\":\"2025-01-05T14:43:25+00:00\",\"description\":\"Achetez la gomme \u00e0 salir \u00e0 un prix avantageux en ligne sur Versiegelung24.com et \u00e9liminez sans peine les salissures tenaces de diff\u00e9rentes surfaces.\",\"breadcrumb\":{\"@id\":\"https:\\\/\\\/www.versiegelung24.com\\\/fr\\\/v24-schmutzradierer-100x70x30mm.html#breadcrumb\"},\"inLanguage\":\"fr-FR\",\"potentialAction\":[{\"@type\":\"ReadAction\",\"target\":[\"https:\\\/\\\/www.versiegelung24.com\\\/fr\\\/v24-schmutzradierer-100x70x30mm.html\"]}]},{\"@type\":\"ImageObject\",\"inLanguage\":\"fr-FR\",\"@id\":\"https:\\\/\\\/www.versiegelung24.com\\\/fr\\\/v24-schmutzradierer-100x70x30mm.html#primaryimage\",\"url\":\"https:\\\/\\\/www.versiegelung24.com\\\/wp-content\\\/uploads\\\/2024\\\/01\\\/V24-9020-3.webp\",\"contentUrl\":\"https:\\\/\\\/www.versiegelung24.com\\\/wp-content\\\/uploads\\\/2024\\\/01\\\/V24-9020-3.webp\",\"width\":600,\"height\":600},{\"@type\":\"BreadcrumbList\",\"@id\":\"https:\\\/\\\/www.versiegelung24.com\\\/fr\\\/v24-schmutzradierer-100x70x30mm.html#breadcrumb\",\"itemListElement\":[{\"@type\":\"ListItem\",\"position\":1,\"name\":\"Page d'accueil\",\"item\":\"https:\\\/\\\/www.versiegelung24.com\\\/fr\\\/front\\\/\"},{\"@type\":\"ListItem\",\"position\":2,\"name\":\"Boutique\",\"item\":\"https:\\\/\\\/www.versiegelung24.com\\\/fr\\\/boutique-2\\\/\"},{\"@type\":\"ListItem\",\"position\":3,\"name\":\"V24 Gomme \u00e0 salir 100x70x30mm\"}]},{\"@type\":\"WebSite\",\"@id\":\"https:\\\/\\\/www.versiegelung24.com\\\/fr\\\/#website\",\"url\":\"https:\\\/\\\/www.versiegelung24.com\\\/fr\\\/\",\"name\":\"versiegelung24.com\",\"description\":\"Fl\u00fcssigglas-Versiegelung - Made in Germany\",\"publisher\":{\"@id\":\"https:\\\/\\\/www.versiegelung24.com\\\/fr\\\/#organization\"},\"potentialAction\":[{\"@type\":\"SearchAction\",\"target\":{\"@type\":\"EntryPoint\",\"urlTemplate\":\"https:\\\/\\\/www.versiegelung24.com\\\/fr\\\/?s={search_term_string}\"},\"query-input\":{\"@type\":\"PropertyValueSpecification\",\"valueRequired\":true,\"valueName\":\"search_term_string\"}}],\"inLanguage\":\"fr-FR\"},{\"@type\":\"Organization\",\"@id\":\"https:\\\/\\\/www.versiegelung24.com\\\/fr\\\/#organization\",\"name\":\"versiegelung24\",\"url\":\"https:\\\/\\\/www.versiegelung24.com\\\/fr\\\/\",\"logo\":{\"@type\":\"ImageObject\",\"inLanguage\":\"fr-FR\",\"@id\":\"https:\\\/\\\/www.versiegelung24.com\\\/fr\\\/#\\\/schema\\\/logo\\\/image\\\/\",\"url\":\"https:\\\/\\\/www.versiegelung24.com\\\/wp-content\\\/uploads\\\/2020\\\/04\\\/versiegelung24.png\",\"contentUrl\":\"https:\\\/\\\/www.versiegelung24.com\\\/wp-content\\\/uploads\\\/2020\\\/04\\\/versiegelung24.png\",\"width\":470,\"height\":102,\"caption\":\"versiegelung24\"},\"image\":{\"@id\":\"https:\\\/\\\/www.versiegelung24.com\\\/fr\\\/#\\\/schema\\\/logo\\\/image\\\/\"}}]}<\/script>\n<meta property=\"product:price:amount\" content=\"0.99\" \/>\n<meta property=\"product:price:currency\" content=\"EUR\" \/>\n<meta property=\"og:availability\" content=\"instock\" \/>\n<meta property=\"product:availability\" content=\"instock\" \/>\n<meta property=\"product:retailer_item_id\" content=\"V24-9020-1\" \/>\n<meta property=\"product:condition\" content=\"new\" \/>\n<!-- \/ Yoast SEO Premium plugin. -->","yoast_head_json":{"title":"Gomme \u00e0 salir acheter en ligne \u00e0 bas prix - Versiegelung24.com","description":"Achetez la gomme \u00e0 salir \u00e0 un prix avantageux en ligne sur Versiegelung24.com et \u00e9liminez sans peine les salissures tenaces de diff\u00e9rentes surfaces.","robots":{"index":"index","follow":"follow","max-snippet":"max-snippet:-1","max-image-preview":"max-image-preview:large","max-video-preview":"max-video-preview:-1"},"canonical":"https:\/\/www.versiegelung24.com\/fr\/v24-schmutzradierer-100x70x30mm.html","og_locale":"fr_FR","og_type":"article","og_title":"V24 Gomme \u00e0 salir 100x70x30mm","og_description":"Achetez la gomme \u00e0 salir \u00e0 un prix avantageux en ligne sur Versiegelung24.com et \u00e9liminez sans peine les salissures tenaces de diff\u00e9rentes surfaces.","og_url":"https:\/\/www.versiegelung24.com\/fr\/v24-schmutzradierer-100x70x30mm.html","og_site_name":"versiegelung24.com","article_modified_time":"2025-01-05T14:43:25+00:00","og_image":[{"width":600,"height":600,"url":"https:\/\/www.versiegelung24.com\/wp-content\/uploads\/2024\/01\/V24-9020-3.webp","type":"image\/webp"}],"twitter_card":"summary_large_image","twitter_misc":{"Prix":"0,99&euro;","Disponibilit\u00e9":"En stock"},"schema":{"@context":"https:\/\/schema.org","@graph":[{"@type":"WebPage","@id":"https:\/\/www.versiegelung24.com\/fr\/v24-schmutzradierer-100x70x30mm.html","url":"https:\/\/www.versiegelung24.com\/fr\/v24-schmutzradierer-100x70x30mm.html","name":"Gomme \u00e0 salir acheter en ligne \u00e0 bas prix - Versiegelung24.com","isPartOf":{"@id":"https:\/\/www.versiegelung24.com\/fr\/#website"},"primaryImageOfPage":{"@id":"https:\/\/www.versiegelung24.com\/fr\/v24-schmutzradierer-100x70x30mm.html#primaryimage"},"image":{"@id":"https:\/\/www.versiegelung24.com\/fr\/v24-schmutzradierer-100x70x30mm.html#primaryimage"},"thumbnailUrl":"https:\/\/www.versiegelung24.com\/wp-content\/uploads\/2024\/01\/V24-9020-3.webp","datePublished":"2024-01-13T10:21:20+00:00","dateModified":"2025-01-05T14:43:25+00:00","description":"Achetez la gomme \u00e0 salir \u00e0 un prix avantageux en ligne sur Versiegelung24.com et \u00e9liminez sans peine les salissures tenaces de diff\u00e9rentes surfaces.","breadcrumb":{"@id":"https:\/\/www.versiegelung24.com\/fr\/v24-schmutzradierer-100x70x30mm.html#breadcrumb"},"inLanguage":"fr-FR","potentialAction":[{"@type":"ReadAction","target":["https:\/\/www.versiegelung24.com\/fr\/v24-schmutzradierer-100x70x30mm.html"]}]},{"@type":"ImageObject","inLanguage":"fr-FR","@id":"https:\/\/www.versiegelung24.com\/fr\/v24-schmutzradierer-100x70x30mm.html#primaryimage","url":"https:\/\/www.versiegelung24.com\/wp-content\/uploads\/2024\/01\/V24-9020-3.webp","contentUrl":"https:\/\/www.versiegelung24.com\/wp-content\/uploads\/2024\/01\/V24-9020-3.webp","width":600,"height":600},{"@type":"BreadcrumbList","@id":"https:\/\/www.versiegelung24.com\/fr\/v24-schmutzradierer-100x70x30mm.html#breadcrumb","itemListElement":[{"@type":"ListItem","position":1,"name":"Page d'accueil","item":"https:\/\/www.versiegelung24.com\/fr\/front\/"},{"@type":"ListItem","position":2,"name":"Boutique","item":"https:\/\/www.versiegelung24.com\/fr\/boutique-2\/"},{"@type":"ListItem","position":3,"name":"V24 Gomme \u00e0 salir 100x70x30mm"}]},{"@type":"WebSite","@id":"https:\/\/www.versiegelung24.com\/fr\/#website","url":"https:\/\/www.versiegelung24.com\/fr\/","name":"versiegelung24.com","description":"Fl\u00fcssigglas-Versiegelung - Made in Germany","publisher":{"@id":"https:\/\/www.versiegelung24.com\/fr\/#organization"},"potentialAction":[{"@type":"SearchAction","target":{"@type":"EntryPoint","urlTemplate":"https:\/\/www.versiegelung24.com\/fr\/?s={search_term_string}"},"query-input":{"@type":"PropertyValueSpecification","valueRequired":true,"valueName":"search_term_string"}}],"inLanguage":"fr-FR"},{"@type":"Organization","@id":"https:\/\/www.versiegelung24.com\/fr\/#organization","name":"versiegelung24","url":"https:\/\/www.versiegelung24.com\/fr\/","logo":{"@type":"ImageObject","inLanguage":"fr-FR","@id":"https:\/\/www.versiegelung24.com\/fr\/#\/schema\/logo\/image\/","url":"https:\/\/www.versiegelung24.com\/wp-content\/uploads\/2020\/04\/versiegelung24.png","contentUrl":"https:\/\/www.versiegelung24.com\/wp-content\/uploads\/2020\/04\/versiegelung24.png","width":470,"height":102,"caption":"versiegelung24"},"image":{"@id":"https:\/\/www.versiegelung24.com\/fr\/#\/schema\/logo\/image\/"}}]},"product_price_amount":"0.99","product_price_currency":"EUR","og_availability":"instock","product_availability":"instock","product_retailer_item_id":"V24-9020-1","product_condition":"new"},"_links":{"self":[{"href":"https:\/\/www.versiegelung24.com\/fr\/wp-json\/wp\/v2\/product\/145262","targetHints":{"allow":["GET"]}}],"collection":[{"href":"https:\/\/www.versiegelung24.com\/fr\/wp-json\/wp\/v2\/product"}],"about":[{"href":"https:\/\/www.versiegelung24.com\/fr\/wp-json\/wp\/v2\/types\/product"}],"version-history":[{"count":2,"href":"https:\/\/www.versiegelung24.com\/fr\/wp-json\/wp\/v2\/product\/145262\/revisions"}],"predecessor-version":[{"id":178302,"href":"https:\/\/www.versiegelung24.com\/fr\/wp-json\/wp\/v2\/product\/145262\/revisions\/178302"}],"wp:featuredmedia":[{"embeddable":true,"href":"https:\/\/www.versiegelung24.com\/fr\/wp-json\/wp\/v2\/media\/138040"}],"wp:attachment":[{"href":"https:\/\/www.versiegelung24.com\/fr\/wp-json\/wp\/v2\/media?parent=145262"}],"wp:term":[{"taxonomy":"product_brand","embeddable":true,"href":"https:\/\/www.versiegelung24.com\/fr\/wp-json\/wp\/v2\/product_brand?post=145262"},{"taxonomy":"product_cat","embeddable":true,"href":"https:\/\/www.versiegelung24.com\/fr\/wp-json\/wp\/v2\/product_cat?post=145262"},{"taxonomy":"product_tag","embeddable":true,"href":"https:\/\/www.versiegelung24.com\/fr\/wp-json\/wp\/v2\/product_tag?post=145262"}],"curies":[{"name":"wp","href":"https:\/\/api.w.org\/{rel}","templated":true}]}}